{"id":90434,"date":"2024-12-17T17:32:42","date_gmt":"2024-12-17T17:32:42","guid":{"rendered":"https:\/\/activeluxe-cosmetics.com\/hr\/?post_type=product&#038;p=90434"},"modified":"2026-01-05T14:17:02","modified_gmt":"2026-01-05T14:17:02","slug":"balzam-za-jacanje-i-rast-kose-2","status":"publish","type":"product","link":"https:\/\/activeluxe-cosmetics.com\/hr\/proizvod\/balzam-za-jacanje-i-rast-kose-2\/","title":{"rendered":"Balzam za ja\u010danje i rast kose"},"content":{"rendered":"<h2><span data-sheets-root=\"1\" data-sheets-value=\"{&quot;1&quot;:2,&quot;2&quot;:&quot;Balzam koji \u010dini kosu gu\u0161\u0107om&quot;}\" data-sheets-userformat=\"{&quot;2&quot;:17153,&quot;3&quot;:{&quot;1&quot;:0},&quot;11&quot;:4,&quot;12&quot;:0,&quot;17&quot;:1}\"><img loading=\"lazy\" decoding=\"async\" class=\"size-medium wp-image-90437 alignright\" src=\"https:\/\/activeluxe-cosmetics.com\/hr\/wp-content\/uploads\/2024\/12\/38_Conditioner-853x1024-1-460x552.jpg\" alt=\"\" width=\"460\" height=\"552\" srcset=\"https:\/\/activeluxe-cosmetics.com\/hr\/wp-content\/uploads\/2024\/12\/38_Conditioner-853x1024-1-460x552.jpg 460w, https:\/\/activeluxe-cosmetics.com\/hr\/wp-content\/uploads\/2024\/12\/38_Conditioner-853x1024-1-768x922.jpg 768w, https:\/\/activeluxe-cosmetics.com\/hr\/wp-content\/uploads\/2024\/12\/38_Conditioner-853x1024-1-600x720.jpg 600w, https:\/\/activeluxe-cosmetics.com\/hr\/wp-content\/uploads\/2024\/12\/38_Conditioner-853x1024-1.jpg 853w\" sizes=\"auto, (max-width: 460px) 100vw, 460px\" \/><\/span><\/h2>\n<h2><b>Balzam koji kosi daje volumen<\/b><\/h2>\n<p><span style=\"font-weight: 400;\">Ovaj u\u010dinkovit balzam ima dvije va\u017ene funkcije:<\/span><\/p>\n<ul>\n<li style=\"font-weight: 400;\" aria-level=\"1\"><b>Njega kose, dubinska obnova i za\u0161tita<\/b><b><br \/>\n<\/b><span style=\"font-weight: 400;\">Active Luxe balzam protiv ispadanja kose pru\u017ea suhoj kosi potpunu <\/span><b>hidrataciju<\/b><span style=\"font-weight: 400;\"> i zagla\u0111uje je. Nakon upotrebe, kosa je primjetno <\/span><b>mek\u0161a, elasti\u010dnija<\/b><span style=\"font-weight: 400;\"> i <\/span><b>otpornija<\/b><span style=\"font-weight: 400;\"> na svakodnevno \u010de\u0161ljanje i peglanje. Kosa se lak\u0161e ra\u0161\u010de\u0161ljava, manje se lomi i ima prekrasan sjaj.<\/span><\/li>\n<li><span data-sheets-root=\"1\" data-sheets-value=\"{&quot;1&quot;:2,&quot;2&quot;:&quot;Balzam koji \u010dini kosu gu\u0161\u0107om&quot;}\" data-sheets-userformat=\"{&quot;2&quot;:17153,&quot;3&quot;:{&quot;1&quot;:0},&quot;11&quot;:4,&quot;12&quot;:0,&quot;17&quot;:1}\"><b>Zajedno s Active Luxe \u0161amponom sprje\u010dava ispadanje i poti\u010de rast kose<\/b><b><br \/>\n<\/b><span style=\"font-weight: 400;\">Active Luxe \u0161ampon i balzam \u010dine <\/span><b>savr\u0161eni duo<\/b><span style=\"font-weight: 400;\"> protiv ispadanja i za rast kose. \u0160ampon sadr\u017ei inovativnu formulu koja ja\u010da folikule dlake, sprje\u010dava njihovo prerano starenje, u\u010dvr\u0161\u0107uje korijen i smanjuje ispadanje kose. <\/span><b>Balzam<\/b><span style=\"font-weight: 400;\"> dodatno <\/span><b>aktivira<\/b><span style=\"font-weight: 400;\"> i <\/span><b>potpoma\u017ee mikrocirkulaciju<\/b><span style=\"font-weight: 400;\"> vlasi\u0161ta, osiguravaju\u0107i da kosa iz krvi dobije sve potrebne hranjive tvari za br\u017ei rast te zdrave i sna\u017ene korijene.<\/span><\/span><\/li>\n<\/ul>\n<h2><\/h2>\n<p>&nbsp;<\/p>\n<p>&nbsp;<\/p>\n<p>&nbsp;<\/p>\n<p>&nbsp;<\/p>\n<p>&nbsp;<\/p>\n<h2><img loading=\"lazy\" decoding=\"async\" class=\"size-medium wp-image-90435 alignleft\" src=\"https:\/\/activeluxe-cosmetics.com\/hr\/wp-content\/uploads\/2024\/12\/Izdelek-brez-naslova-4-460x575.png\" alt=\"\" width=\"460\" height=\"575\" srcset=\"https:\/\/activeluxe-cosmetics.com\/hr\/wp-content\/uploads\/2024\/12\/Izdelek-brez-naslova-4-460x575.png 460w, https:\/\/activeluxe-cosmetics.com\/hr\/wp-content\/uploads\/2024\/12\/Izdelek-brez-naslova-4-819x1024.png 819w, https:\/\/activeluxe-cosmetics.com\/hr\/wp-content\/uploads\/2024\/12\/Izdelek-brez-naslova-4-768x960.png 768w, https:\/\/activeluxe-cosmetics.com\/hr\/wp-content\/uploads\/2024\/12\/Izdelek-brez-naslova-4-600x750.png 600w, https:\/\/activeluxe-cosmetics.com\/hr\/wp-content\/uploads\/2024\/12\/Izdelek-brez-naslova-4.png 1080w\" sizes=\"auto, (max-width: 460px) 100vw, 460px\" \/><\/h2>\n<h2><\/h2>\n<h2><strong>Za\u0161to je Active Luxe balzam<\/strong> za rast kose tako u\u010dinkovit?<\/h2>\n<p>Zbog u\u010destalog pranja, \u010de\u0161ljanja, bojanja, peglanja i su\u0161enja, kosa mo\u017ee po\u010deti ispadati, gubiti elasti\u010dnost, volumen i snagu. Stanje dodatno pogor\u0161avaju pregrubo trljanje kose ru\u010dnikom, stres, lo\u0161a prehrana i nedovoljna hidratacija organizma. Zato je potrebno <strong>redovito dubinski hraniti<\/strong> i <strong>za\u0161tititi kosu<\/strong>. Nahranjena i zdrava kosa br\u017ee \u0107e rasti.<\/p>\n<p>Redovitom uporabom Active Luxe \u0161ampona i balzama protiv ispadanja i za rast kose, kosa \u0107e vidljivo manje ispadati i br\u017ee rasti. Postat \u0107e <strong>ja\u010da<\/strong>, <strong>dubinski nahranjena<\/strong>, <strong>glatka<\/strong> i <strong>sjajna<\/strong>.<\/p>\n<p>Uz redovitu upotrebu, <strong>barem 2 puta tjedno<\/strong>, primijetit \u0107ete:<\/p>\n<ul>\n<li>smanjeno ispadanje kose,<\/li>\n<li>gu\u0161\u0107u i puniju kosu,<\/li>\n<li>ja\u010de korijene i nahranjenu kosu.<\/li>\n<\/ul>\n<p>&nbsp;<\/p>\n<h2><\/h2>\n<p>&nbsp;<\/p>\n<h2><\/h2>\n<p>&nbsp;<\/p>\n<h2><span data-sheets-root=\"1\" data-sheets-value=\"{&quot;1&quot;:2,&quot;2&quot;:&quot;Sprije\u010di ispadanje kose na vrijeme!&quot;}\" data-sheets-userformat=\"{&quot;2&quot;:17153,&quot;3&quot;:{&quot;1&quot;:0},&quot;11&quot;:4,&quot;12&quot;:0,&quot;17&quot;:1}\"><img loading=\"lazy\" decoding=\"async\" class=\"size-medium wp-image-90432 alignright\" src=\"https:\/\/activeluxe-cosmetics.com\/hr\/wp-content\/uploads\/2024\/12\/Izdelek-brez-naslova-2-1-1-460x575.png\" alt=\"\" width=\"460\" height=\"575\" srcset=\"https:\/\/activeluxe-cosmetics.com\/hr\/wp-content\/uploads\/2024\/12\/Izdelek-brez-naslova-2-1-1-460x575.png 460w, https:\/\/activeluxe-cosmetics.com\/hr\/wp-content\/uploads\/2024\/12\/Izdelek-brez-naslova-2-1-1-819x1024.png 819w, https:\/\/activeluxe-cosmetics.com\/hr\/wp-content\/uploads\/2024\/12\/Izdelek-brez-naslova-2-1-1-768x960.png 768w, https:\/\/activeluxe-cosmetics.com\/hr\/wp-content\/uploads\/2024\/12\/Izdelek-brez-naslova-2-1-1-600x750.png 600w, https:\/\/activeluxe-cosmetics.com\/hr\/wp-content\/uploads\/2024\/12\/Izdelek-brez-naslova-2-1-1.png 1080w\" sizes=\"auto, (max-width: 460px) 100vw, 460px\" \/><\/span><\/h2>\n<h2><\/h2>\n<h2>Pravovremeno zaustavite ispadanje kose!<\/h2>\n<p>Ako se borite s <strong>\u0107elavo\u0161\u0107u<\/strong> ili <strong>prekomjernim ispadanjem kose<\/strong>, Active Luxe balzam <strong>u kombinaciji s Active Luxe \u0161amponom protiv ispadanja i za rast kose<\/strong> idealno je rje\u0161enje koje poma\u017ee \u017eenama i mu\u0161karcima posti\u0107i gu\u0161\u0107u, zdraviju i ja\u010du kosu.<\/p>\n<ul>\n<li>Gu\u0161\u0107a kosa na dodir<\/li>\n<li>Prirodni proteini za ja\u010du kosu<\/li>\n<li>Zgu\u0161njava kosu i daje joj volumen<\/li>\n<li>Spre\u010dava elektricitet kose<\/li>\n<li>Pogodan za sve tipove kose<\/li>\n<\/ul>\n<p>Za optimalne rezultate koristite Active Luxe balzam <strong>zajedno s Active Luxe \u0161amponom za suho\/normalno ili masno vlasi\u0161te<\/strong>.<\/p>\n<p>Odli\u010dan <strong>za \u017eene i mu\u0161karce<\/strong>. Klini\u010dki je testiran i prikladan za svakodnevnu upotrebu.<\/p>\n<p>&nbsp;<\/p>\n","protected":false},"excerpt":{"rendered":"<p>S aktivnom formulom podr\u017eava djelovanje Active Luxe \u0161ampona za rast kose. Obnavlja kosu te odr\u017eava njezinu elasti\u010dnost.<\/p>\n","protected":false},"featured_media":88088,"comment_status":"open","ping_status":"closed","template":"","meta":[],"product_brand":[],"product_cat":[108,42],"product_tag":[112],"class_list":{"0":"post-90434","1":"product","2":"type-product","3":"status-publish","4":"has-post-thumbnail","6":"product_cat-kosa-muskarci","7":"product_cat-muskarci","8":"product_tag-muskarci","10":"first","11":"instock","12":"taxable","13":"shipping-taxable","14":"purchasable","15":"product-type-simple"},"bundled_by":[],"bundle_stock_status":"instock","bundle_stock_quantity":null,"bundle_virtual":false,"bundle_layout":"","bundle_add_to_cart_form_location":"","bundle_editable_in_cart":false,"bundle_sold_individually_context":"","bundle_item_grouping":"","bundle_min_size":"","bundle_max_size":"","bundled_items":[],"acf":[],"yoast_head":"<!-- This site is optimized with the Yoast SEO plugin v26.5 - https:\/\/yoast.com\/wordpress\/plugins\/seo\/ -->\n<title>Balzam za ja\u010danje i rast kose Active Luxe<\/title>\n<meta name=\"description\" content=\"Dubinski hrani suhu i o\u0161te\u0107enu kosu i sprje\u010dava da kosa postane naelektrizirana. Redovitim kori\u0161tenjem kosa postaje mek\u0161a i svilenkasto glatka.\" \/>\n<meta name=\"robots\" content=\"index, follow, max-snippet:-1, max-image-preview:large, max-video-preview:-1\" \/>\n<link rel=\"canonical\" href=\"https:\/\/activeluxe-cosmetics.com\/hr\/proizvod\/balzam-za-jacanje-i-rast-kose-2\/\" \/>\n<meta property=\"og:locale\" content=\"hr_HR\" \/>\n<meta property=\"og:type\" content=\"article\" \/>\n<meta property=\"og:title\" content=\"Balzam za ja\u010danje i rast kose Active Luxe\" \/>\n<meta property=\"og:description\" content=\"Dubinski hrani suhu i o\u0161te\u0107enu kosu i sprje\u010dava da kosa postane naelektrizirana. Redovitim kori\u0161tenjem kosa postaje mek\u0161a i svilenkasto glatka.\" \/>\n<meta property=\"og:url\" content=\"https:\/\/activeluxe-cosmetics.com\/hr\/proizvod\/balzam-za-jacanje-i-rast-kose-2\/\" \/>\n<meta property=\"og:site_name\" content=\"Active Luxe Cosmetics\" \/>\n<meta property=\"article:modified_time\" content=\"2026-01-05T14:17:02+00:00\" \/>\n<meta property=\"og:image\" content=\"https:\/\/activeluxe-cosmetics.com\/hr\/wp-content\/uploads\/2024\/10\/38_Conditioner-1.jpg\" \/>\n\t<meta property=\"og:image:width\" content=\"1104\" \/>\n\t<meta property=\"og:image:height\" content=\"1326\" \/>\n\t<meta property=\"og:image:type\" content=\"image\/jpeg\" \/>\n<meta name=\"twitter:card\" content=\"summary_large_image\" \/>\n<meta name=\"twitter:label1\" content=\"Procijenjeno vrijeme \u010ditanja\" \/>\n\t<meta name=\"twitter:data1\" content=\"3 minute\" \/>\n<script type=\"application\/ld+json\" class=\"yoast-schema-graph\">{\"@context\":\"https:\/\/schema.org\",\"@graph\":[{\"@type\":\"WebPage\",\"@id\":\"https:\/\/activeluxe-cosmetics.com\/hr\/proizvod\/balzam-za-jacanje-i-rast-kose-2\/\",\"url\":\"https:\/\/activeluxe-cosmetics.com\/hr\/proizvod\/balzam-za-jacanje-i-rast-kose-2\/\",\"name\":\"Balzam za ja\u010danje i rast kose Active Luxe\",\"isPartOf\":{\"@id\":\"https:\/\/activeluxe-cosmetics.com\/hr\/#website\"},\"primaryImageOfPage\":{\"@id\":\"https:\/\/activeluxe-cosmetics.com\/hr\/proizvod\/balzam-za-jacanje-i-rast-kose-2\/#primaryimage\"},\"image\":{\"@id\":\"https:\/\/activeluxe-cosmetics.com\/hr\/proizvod\/balzam-za-jacanje-i-rast-kose-2\/#primaryimage\"},\"thumbnailUrl\":\"https:\/\/activeluxe-cosmetics.com\/hr\/wp-content\/uploads\/2024\/10\/38_Conditioner-1.jpg\",\"datePublished\":\"2024-12-17T17:32:42+00:00\",\"dateModified\":\"2026-01-05T14:17:02+00:00\",\"description\":\"Dubinski hrani suhu i o\u0161te\u0107enu kosu i sprje\u010dava da kosa postane naelektrizirana. Redovitim kori\u0161tenjem kosa postaje mek\u0161a i svilenkasto glatka.\",\"breadcrumb\":{\"@id\":\"https:\/\/activeluxe-cosmetics.com\/hr\/proizvod\/balzam-za-jacanje-i-rast-kose-2\/#breadcrumb\"},\"inLanguage\":\"hr\",\"potentialAction\":[{\"@type\":\"ReadAction\",\"target\":[\"https:\/\/activeluxe-cosmetics.com\/hr\/proizvod\/balzam-za-jacanje-i-rast-kose-2\/\"]}]},{\"@type\":\"ImageObject\",\"inLanguage\":\"hr\",\"@id\":\"https:\/\/activeluxe-cosmetics.com\/hr\/proizvod\/balzam-za-jacanje-i-rast-kose-2\/#primaryimage\",\"url\":\"https:\/\/activeluxe-cosmetics.com\/hr\/wp-content\/uploads\/2024\/10\/38_Conditioner-1.jpg\",\"contentUrl\":\"https:\/\/activeluxe-cosmetics.com\/hr\/wp-content\/uploads\/2024\/10\/38_Conditioner-1.jpg\",\"width\":1104,\"height\":1326},{\"@type\":\"BreadcrumbList\",\"@id\":\"https:\/\/activeluxe-cosmetics.com\/hr\/proizvod\/balzam-za-jacanje-i-rast-kose-2\/#breadcrumb\",\"itemListElement\":[{\"@type\":\"ListItem\",\"position\":1,\"name\":\"Naslovnica\",\"item\":\"https:\/\/activeluxe-cosmetics.com\/hr\/\"},{\"@type\":\"ListItem\",\"position\":2,\"name\":\"Trgovina\",\"item\":\"https:\/\/activeluxe-cosmetics.com\/hr\/trgovina\/\"},{\"@type\":\"ListItem\",\"position\":3,\"name\":\"Balzam za ja\u010danje i rast kose\"}]},{\"@type\":\"WebSite\",\"@id\":\"https:\/\/activeluxe-cosmetics.com\/hr\/#website\",\"url\":\"https:\/\/activeluxe-cosmetics.com\/hr\/\",\"name\":\"Active Luxe Cosmetics\",\"description\":\"\",\"potentialAction\":[{\"@type\":\"SearchAction\",\"target\":{\"@type\":\"EntryPoint\",\"urlTemplate\":\"https:\/\/activeluxe-cosmetics.com\/hr\/?s={search_term_string}\"},\"query-input\":{\"@type\":\"PropertyValueSpecification\",\"valueRequired\":true,\"valueName\":\"search_term_string\"}}],\"inLanguage\":\"hr\"}]}<\/script>\n<!-- \/ Yoast SEO plugin. -->","yoast_head_json":{"title":"Balzam za ja\u010danje i rast kose Active Luxe","description":"Dubinski hrani suhu i o\u0161te\u0107enu kosu i sprje\u010dava da kosa postane naelektrizirana. Redovitim kori\u0161tenjem kosa postaje mek\u0161a i svilenkasto glatka.","robots":{"index":"index","follow":"follow","max-snippet":"max-snippet:-1","max-image-preview":"max-image-preview:large","max-video-preview":"max-video-preview:-1"},"canonical":"https:\/\/activeluxe-cosmetics.com\/hr\/proizvod\/balzam-za-jacanje-i-rast-kose-2\/","og_locale":"hr_HR","og_type":"article","og_title":"Balzam za ja\u010danje i rast kose Active Luxe","og_description":"Dubinski hrani suhu i o\u0161te\u0107enu kosu i sprje\u010dava da kosa postane naelektrizirana. Redovitim kori\u0161tenjem kosa postaje mek\u0161a i svilenkasto glatka.","og_url":"https:\/\/activeluxe-cosmetics.com\/hr\/proizvod\/balzam-za-jacanje-i-rast-kose-2\/","og_site_name":"Active Luxe Cosmetics","article_modified_time":"2026-01-05T14:17:02+00:00","og_image":[{"width":1104,"height":1326,"url":"https:\/\/activeluxe-cosmetics.com\/hr\/wp-content\/uploads\/2024\/10\/38_Conditioner-1.jpg","type":"image\/jpeg"}],"twitter_card":"summary_large_image","twitter_misc":{"Procijenjeno vrijeme \u010ditanja":"3 minute"},"schema":{"@context":"https:\/\/schema.org","@graph":[{"@type":"WebPage","@id":"https:\/\/activeluxe-cosmetics.com\/hr\/proizvod\/balzam-za-jacanje-i-rast-kose-2\/","url":"https:\/\/activeluxe-cosmetics.com\/hr\/proizvod\/balzam-za-jacanje-i-rast-kose-2\/","name":"Balzam za ja\u010danje i rast kose Active Luxe","isPartOf":{"@id":"https:\/\/activeluxe-cosmetics.com\/hr\/#website"},"primaryImageOfPage":{"@id":"https:\/\/activeluxe-cosmetics.com\/hr\/proizvod\/balzam-za-jacanje-i-rast-kose-2\/#primaryimage"},"image":{"@id":"https:\/\/activeluxe-cosmetics.com\/hr\/proizvod\/balzam-za-jacanje-i-rast-kose-2\/#primaryimage"},"thumbnailUrl":"https:\/\/activeluxe-cosmetics.com\/hr\/wp-content\/uploads\/2024\/10\/38_Conditioner-1.jpg","datePublished":"2024-12-17T17:32:42+00:00","dateModified":"2026-01-05T14:17:02+00:00","description":"Dubinski hrani suhu i o\u0161te\u0107enu kosu i sprje\u010dava da kosa postane naelektrizirana. Redovitim kori\u0161tenjem kosa postaje mek\u0161a i svilenkasto glatka.","breadcrumb":{"@id":"https:\/\/activeluxe-cosmetics.com\/hr\/proizvod\/balzam-za-jacanje-i-rast-kose-2\/#breadcrumb"},"inLanguage":"hr","potentialAction":[{"@type":"ReadAction","target":["https:\/\/activeluxe-cosmetics.com\/hr\/proizvod\/balzam-za-jacanje-i-rast-kose-2\/"]}]},{"@type":"ImageObject","inLanguage":"hr","@id":"https:\/\/activeluxe-cosmetics.com\/hr\/proizvod\/balzam-za-jacanje-i-rast-kose-2\/#primaryimage","url":"https:\/\/activeluxe-cosmetics.com\/hr\/wp-content\/uploads\/2024\/10\/38_Conditioner-1.jpg","contentUrl":"https:\/\/activeluxe-cosmetics.com\/hr\/wp-content\/uploads\/2024\/10\/38_Conditioner-1.jpg","width":1104,"height":1326},{"@type":"BreadcrumbList","@id":"https:\/\/activeluxe-cosmetics.com\/hr\/proizvod\/balzam-za-jacanje-i-rast-kose-2\/#breadcrumb","itemListElement":[{"@type":"ListItem","position":1,"name":"Naslovnica","item":"https:\/\/activeluxe-cosmetics.com\/hr\/"},{"@type":"ListItem","position":2,"name":"Trgovina","item":"https:\/\/activeluxe-cosmetics.com\/hr\/trgovina\/"},{"@type":"ListItem","position":3,"name":"Balzam za ja\u010danje i rast kose"}]},{"@type":"WebSite","@id":"https:\/\/activeluxe-cosmetics.com\/hr\/#website","url":"https:\/\/activeluxe-cosmetics.com\/hr\/","name":"Active Luxe Cosmetics","description":"","potentialAction":[{"@type":"SearchAction","target":{"@type":"EntryPoint","urlTemplate":"https:\/\/activeluxe-cosmetics.com\/hr\/?s={search_term_string}"},"query-input":{"@type":"PropertyValueSpecification","valueRequired":true,"valueName":"search_term_string"}}],"inLanguage":"hr"}]}},"_links":{"self":[{"href":"https:\/\/activeluxe-cosmetics.com\/hr\/wp-json\/wp\/v2\/product\/90434","targetHints":{"allow":["GET"]}}],"collection":[{"href":"https:\/\/activeluxe-cosmetics.com\/hr\/wp-json\/wp\/v2\/product"}],"about":[{"href":"https:\/\/activeluxe-cosmetics.com\/hr\/wp-json\/wp\/v2\/types\/product"}],"replies":[{"embeddable":true,"href":"https:\/\/activeluxe-cosmetics.com\/hr\/wp-json\/wp\/v2\/comments?post=90434"}],"wp:featuredmedia":[{"embeddable":true,"href":"https:\/\/activeluxe-cosmetics.com\/hr\/wp-json\/wp\/v2\/media\/88088"}],"wp:attachment":[{"href":"https:\/\/activeluxe-cosmetics.com\/hr\/wp-json\/wp\/v2\/media?parent=90434"}],"wp:term":[{"taxonomy":"product_brand","embeddable":true,"href":"https:\/\/activeluxe-cosmetics.com\/hr\/wp-json\/wp\/v2\/product_brand?post=90434"},{"taxonomy":"product_cat","embeddable":true,"href":"https:\/\/activeluxe-cosmetics.com\/hr\/wp-json\/wp\/v2\/product_cat?post=90434"},{"taxonomy":"product_tag","embeddable":true,"href":"https:\/\/activeluxe-cosmetics.com\/hr\/wp-json\/wp\/v2\/product_tag?post=90434"}],"curies":[{"name":"wp","href":"https:\/\/api.w.org\/{rel}","templated":true}]}}