{"id":90115,"date":"2024-12-03T12:27:41","date_gmt":"2024-12-03T12:27:41","guid":{"rendered":"https:\/\/activeluxe-cosmetics.com\/hr\/?post_type=product&#038;p=90115"},"modified":"2026-02-17T08:37:22","modified_gmt":"2026-02-17T08:37:22","slug":"20-popusta-sampon-i-balzam-za-aktivni-rast-kose","status":"publish","type":"product","link":"https:\/\/activeluxe-cosmetics.com\/hr\/proizvod\/20-popusta-sampon-i-balzam-za-aktivni-rast-kose\/","title":{"rendered":"20% POPUSTA: \u0160ampon i regenerator za aktivni rast kose"},"content":{"rendered":"<p><img loading=\"lazy\" decoding=\"async\" class=\"wp-image-90119 size-full alignright\" src=\"https:\/\/activeluxe-cosmetics.com\/hr\/wp-content\/uploads\/2024\/12\/balzam_za_lase-460x575-1.png\" alt=\"\" width=\"460\" height=\"575\" \/><\/p>\n<h2><strong>Smanjeno opadanje kose<\/strong> u 6 tjedana<\/h2>\n<p><strong>Prva pomo\u0107<\/strong> za suhu, rijetku i be\u017eivotnu kosu bez sjaja, koja ispada i ne raste. <strong>Koncentrirani Active Luxe \u0161ampon<\/strong> <strong>za aktivni rast kose i protiv opadanja kose<\/strong> sadr\u017ei revolucionarnu formulu koja sprje\u010dava ispadanje, ja\u010da aktivne folikule kose, poti\u010de cirkulaciju vlasi\u0161ta i rast kose. Pru\u017ea izvrsne rezultate<strong> i \u017eenama i mu\u0161karcima<\/strong> koji se suo\u010davaju s ispadanjem kose, prorje\u0111ivanjem ili \u0107elavo\u0161\u0107u.<\/p>\n<ul>\n<li>djeluje<strong> protiv disfunkcije folikula<\/strong> \u2013 revitalizira folikule kose od prvog dana upotrebe,<\/li>\n<li><strong>poti\u010de cirkulaciju vlasi\u0161ta<\/strong>, donose\u0107i vi\u0161e hranjivih tvari korijenima i folikulima, \u0161to im je potrebno za rast,<\/li>\n<li><strong>usporava starenje<\/strong> i odumiranje folikula kose,<\/li>\n<li>vidljivo<strong> ja\u010da korijen kose<\/strong> i strukturu vlasi,<\/li>\n<li>dostupno za<strong> suho\/normalno<\/strong> i<strong> masno vlasi\u0161te<\/strong>,<\/li>\n<li>djeluje od prve upotrebe, a najbolji rezultati su vidljivi <strong>ve\u0107 nakon 6 tjedana<\/strong>.<\/li>\n<\/ul>\n<h2 style=\"text-align: center; clear: both;\"><\/h2>\n<p>&nbsp;<\/p>\n<p>&nbsp;<\/p>\n<h2><img loading=\"lazy\" decoding=\"async\" class=\"wp-image-90124 size-full alignleft\" src=\"https:\/\/activeluxe-cosmetics.com\/hr\/wp-content\/uploads\/2024\/12\/alc_hairgrowthshampoo-460x575-1.png\" alt=\"\" width=\"460\" height=\"575\" \/><\/h2>\n<h2><strong>Za\u0161to je Active Luxe \u0161ampon protiv opadanja<\/strong> kose tako u\u010dinkovit?<\/h2>\n<p>Ako ti je kosa rijetka, suha, o\u0161te\u0107ena i bez sjaja, <strong>Active Luxe \u0161ampon<\/strong> je pravi izbor za tebe! \u010cesto bojanje kose i kori\u0161tenje elektri\u010dnih ure\u0111aja o\u0161te\u0107uju i stanjuju kosu, \u0161to uzrokuje ispucale vrhove, lomljenje i prekomjerno ispadanje kose.<\/p>\n<p>Active Luxe \u0161ampon pru\u017ea <strong>intenzivnu njegu i dubinsku obnovu tvoje kose<\/strong>!<\/p>\n<p>Redovita upotreba \u0161ampona:<\/p>\n<ul>\n<li>odr\u017eava vitalnost vlasi\u0161ta, <strong>vra\u0107aju\u0107i tvojoj kosi prirodnu gusto\u0107u<\/strong>,<\/li>\n<li>kosa je ve\u0107 nakon prve upotrebe<strong> ja\u010da, punija i zdravija<\/strong>,<\/li>\n<li>jedinstvena klini\u010dki testirana formula <strong>aktivira i ja\u010da folikule kose<\/strong> \u2013 korijen kose se <strong>oja\u010dava<\/strong>, \u0161to smanjuje ispadanje,<\/li>\n<li>u rekordnom vremenu <strong>sprje\u010dava ispadanje kose<\/strong> i <strong>poti\u010de rast nove, mlade kose<\/strong>,<\/li>\n<li>uz redovitu upotrebu (barem 2 puta tjedno) vidljivi rezultati dolaze ve\u0107 za<strong> 6 tjedana<\/strong>.<\/li>\n<\/ul>\n<h3 style=\"clear: both; max-width: 820px;\"><\/h3>\n<h2><\/h2>\n<h2>Regenerator <strong>koji kosi daje volumen<\/strong><br \/>\n<img loading=\"lazy\" decoding=\"async\" class=\"wp-image-90125 size-full alignright\" src=\"https:\/\/activeluxe-cosmetics.com\/hr\/wp-content\/uploads\/2024\/12\/activeluxe_balzam-460x575-1.png\" alt=\"\" width=\"460\" height=\"575\" \/><\/h2>\n<p>Zbog u\u010destalog pranja, \u010de\u0161ljanja, bojanja, peglanja i su\u0161enja kosa ispada, gubi elasti\u010dnost, volumen i snagu.<\/p>\n<p>Situaciju dodatno pogor\u0161ava pregrubo trljanje kose ru\u010dnikom, stres, lo\u0161a prehrana i nedovoljna hidratacija tijela. Zato je potrebno kosu redovito<strong> dubinski nahraniti i za\u0161tititi<\/strong>. Nahranjena i zdrava <strong>kosa br\u017ee raste i izgleda bolje.<\/strong><\/p>\n<p><strong>Uz redovitu upotrebu<\/strong> <strong>Active Luxe \u0161ampona i regeneratora protiv opadanja kose i za rast kose<\/strong>, kosa \u0107e <strong>vidljivo manje ispadati<\/strong> i <strong>br\u017ee rasti<\/strong>. Bit \u0107e <strong>ja\u010da, dubinski nahranjena, glatka i sjajna.<\/strong><\/p>\n<p>Redovitim kori\u0161tenjem, barem 2 puta tjedno, primijetit \u0107e\u0161:<\/p>\n<ul>\n<li><strong>smanjeno opadanje kose,<\/strong><\/li>\n<li><strong>gu\u0161\u0107u i puniju kosu,<\/strong><\/li>\n<li><strong>ja\u010de korijene i nahranjenu kosu.<\/strong><\/li>\n<\/ul>\n<p>&nbsp;<\/p>\n<p>&nbsp;<\/p>\n<p>&nbsp;<\/p>\n<p>&nbsp;<\/p>\n","protected":false},"excerpt":{"rendered":"<p>\u0160ampon i regenerator za br\u017ei rast kose. Za \u017eene i mu\u0161karce. Vidljivi rezultati ve\u0107 za 6 tjedana.<\/p>\n","protected":false},"featured_media":90119,"comment_status":"open","ping_status":"closed","template":"","meta":[],"product_brand":[],"product_cat":[53,54],"product_tag":[],"class_list":{"0":"post-90115","1":"product","2":"type-product","3":"status-publish","4":"has-post-thumbnail","6":"product_cat-kosa","7":"product_cat-samponi","9":"first","10":"instock","11":"sale","12":"taxable","13":"shipping-taxable","14":"purchasable","15":"product-type-variable"},"bundled_by":[],"bundle_stock_status":"instock","bundle_stock_quantity":null,"bundle_virtual":false,"bundle_layout":"","bundle_add_to_cart_form_location":"","bundle_editable_in_cart":false,"bundle_sold_individually_context":"","bundle_item_grouping":"","bundle_min_size":"","bundle_max_size":"","bundled_items":[],"acf":[],"yoast_head":"<!-- This site is optimized with the Yoast SEO plugin v26.5 - https:\/\/yoast.com\/wordpress\/plugins\/seo\/ -->\n<title>\u0160ampon i regenerator za rast kose Active Luxe Cosmetics<\/title>\n<meta name=\"description\" content=\"Naju\u010dinkovitiji \u0161ampon za aktivni rast kose i protiv ispadanja kose Active Luxe. Vidljivo gu\u0161\u0107a kosa ve\u0107 u 6 tjedana. Ja\u010da aktivne folikule kose.\" \/>\n<meta name=\"robots\" content=\"index, follow, max-snippet:-1, max-image-preview:large, max-video-preview:-1\" \/>\n<link rel=\"canonical\" href=\"https:\/\/activeluxe-cosmetics.com\/hr\/proizvod\/20-popusta-sampon-i-balzam-za-aktivni-rast-kose\/\" \/>\n<meta property=\"og:locale\" content=\"hr_HR\" \/>\n<meta property=\"og:type\" content=\"article\" \/>\n<meta property=\"og:title\" content=\"\u0160ampon i regenerator za rast kose Active Luxe Cosmetics\" \/>\n<meta property=\"og:description\" content=\"Naju\u010dinkovitiji \u0161ampon za aktivni rast kose i protiv ispadanja kose Active Luxe. Vidljivo gu\u0161\u0107a kosa ve\u0107 u 6 tjedana. Ja\u010da aktivne folikule kose.\" \/>\n<meta property=\"og:url\" content=\"https:\/\/activeluxe-cosmetics.com\/hr\/proizvod\/20-popusta-sampon-i-balzam-za-aktivni-rast-kose\/\" \/>\n<meta property=\"og:site_name\" content=\"Active Luxe Cosmetics\" \/>\n<meta property=\"article:modified_time\" content=\"2026-02-17T08:37:22+00:00\" \/>\n<meta property=\"og:image\" content=\"https:\/\/activeluxe-cosmetics.com\/hr\/wp-content\/uploads\/2024\/12\/balzam_za_lase-460x575-1.png\" \/>\n\t<meta property=\"og:image:width\" content=\"460\" \/>\n\t<meta property=\"og:image:height\" content=\"575\" \/>\n\t<meta property=\"og:image:type\" content=\"image\/png\" \/>\n<meta name=\"twitter:card\" content=\"summary_large_image\" \/>\n<meta name=\"twitter:label1\" content=\"Procijenjeno vrijeme \u010ditanja\" \/>\n\t<meta name=\"twitter:data1\" content=\"3 minute\" \/>\n<script type=\"application\/ld+json\" class=\"yoast-schema-graph\">{\"@context\":\"https:\/\/schema.org\",\"@graph\":[{\"@type\":\"WebPage\",\"@id\":\"https:\/\/activeluxe-cosmetics.com\/hr\/proizvod\/20-popusta-sampon-i-balzam-za-aktivni-rast-kose\/\",\"url\":\"https:\/\/activeluxe-cosmetics.com\/hr\/proizvod\/20-popusta-sampon-i-balzam-za-aktivni-rast-kose\/\",\"name\":\"\u0160ampon i regenerator za rast kose Active Luxe Cosmetics\",\"isPartOf\":{\"@id\":\"https:\/\/activeluxe-cosmetics.com\/hr\/#website\"},\"primaryImageOfPage\":{\"@id\":\"https:\/\/activeluxe-cosmetics.com\/hr\/proizvod\/20-popusta-sampon-i-balzam-za-aktivni-rast-kose\/#primaryimage\"},\"image\":{\"@id\":\"https:\/\/activeluxe-cosmetics.com\/hr\/proizvod\/20-popusta-sampon-i-balzam-za-aktivni-rast-kose\/#primaryimage\"},\"thumbnailUrl\":\"https:\/\/activeluxe-cosmetics.com\/hr\/wp-content\/uploads\/2024\/12\/balzam_za_lase-460x575-1.png\",\"datePublished\":\"2024-12-03T12:27:41+00:00\",\"dateModified\":\"2026-02-17T08:37:22+00:00\",\"description\":\"Naju\u010dinkovitiji \u0161ampon za aktivni rast kose i protiv ispadanja kose Active Luxe. Vidljivo gu\u0161\u0107a kosa ve\u0107 u 6 tjedana. Ja\u010da aktivne folikule kose.\",\"breadcrumb\":{\"@id\":\"https:\/\/activeluxe-cosmetics.com\/hr\/proizvod\/20-popusta-sampon-i-balzam-za-aktivni-rast-kose\/#breadcrumb\"},\"inLanguage\":\"hr\",\"potentialAction\":[{\"@type\":\"ReadAction\",\"target\":[\"https:\/\/activeluxe-cosmetics.com\/hr\/proizvod\/20-popusta-sampon-i-balzam-za-aktivni-rast-kose\/\"]}]},{\"@type\":\"ImageObject\",\"inLanguage\":\"hr\",\"@id\":\"https:\/\/activeluxe-cosmetics.com\/hr\/proizvod\/20-popusta-sampon-i-balzam-za-aktivni-rast-kose\/#primaryimage\",\"url\":\"https:\/\/activeluxe-cosmetics.com\/hr\/wp-content\/uploads\/2024\/12\/balzam_za_lase-460x575-1.png\",\"contentUrl\":\"https:\/\/activeluxe-cosmetics.com\/hr\/wp-content\/uploads\/2024\/12\/balzam_za_lase-460x575-1.png\",\"width\":460,\"height\":575},{\"@type\":\"BreadcrumbList\",\"@id\":\"https:\/\/activeluxe-cosmetics.com\/hr\/proizvod\/20-popusta-sampon-i-balzam-za-aktivni-rast-kose\/#breadcrumb\",\"itemListElement\":[{\"@type\":\"ListItem\",\"position\":1,\"name\":\"Naslovnica\",\"item\":\"https:\/\/activeluxe-cosmetics.com\/hr\/\"},{\"@type\":\"ListItem\",\"position\":2,\"name\":\"Trgovina\",\"item\":\"https:\/\/activeluxe-cosmetics.com\/hr\/trgovina\/\"},{\"@type\":\"ListItem\",\"position\":3,\"name\":\"20% POPUSTA: \u0160ampon i regenerator za aktivni rast kose\"}]},{\"@type\":\"WebSite\",\"@id\":\"https:\/\/activeluxe-cosmetics.com\/hr\/#website\",\"url\":\"https:\/\/activeluxe-cosmetics.com\/hr\/\",\"name\":\"Active Luxe Cosmetics\",\"description\":\"\",\"potentialAction\":[{\"@type\":\"SearchAction\",\"target\":{\"@type\":\"EntryPoint\",\"urlTemplate\":\"https:\/\/activeluxe-cosmetics.com\/hr\/?s={search_term_string}\"},\"query-input\":{\"@type\":\"PropertyValueSpecification\",\"valueRequired\":true,\"valueName\":\"search_term_string\"}}],\"inLanguage\":\"hr\"}]}<\/script>\n<!-- \/ Yoast SEO plugin. -->","yoast_head_json":{"title":"\u0160ampon i regenerator za rast kose Active Luxe Cosmetics","description":"Naju\u010dinkovitiji \u0161ampon za aktivni rast kose i protiv ispadanja kose Active Luxe. Vidljivo gu\u0161\u0107a kosa ve\u0107 u 6 tjedana. Ja\u010da aktivne folikule kose.","robots":{"index":"index","follow":"follow","max-snippet":"max-snippet:-1","max-image-preview":"max-image-preview:large","max-video-preview":"max-video-preview:-1"},"canonical":"https:\/\/activeluxe-cosmetics.com\/hr\/proizvod\/20-popusta-sampon-i-balzam-za-aktivni-rast-kose\/","og_locale":"hr_HR","og_type":"article","og_title":"\u0160ampon i regenerator za rast kose Active Luxe Cosmetics","og_description":"Naju\u010dinkovitiji \u0161ampon za aktivni rast kose i protiv ispadanja kose Active Luxe. Vidljivo gu\u0161\u0107a kosa ve\u0107 u 6 tjedana. Ja\u010da aktivne folikule kose.","og_url":"https:\/\/activeluxe-cosmetics.com\/hr\/proizvod\/20-popusta-sampon-i-balzam-za-aktivni-rast-kose\/","og_site_name":"Active Luxe Cosmetics","article_modified_time":"2026-02-17T08:37:22+00:00","og_image":[{"width":460,"height":575,"url":"https:\/\/activeluxe-cosmetics.com\/hr\/wp-content\/uploads\/2024\/12\/balzam_za_lase-460x575-1.png","type":"image\/png"}],"twitter_card":"summary_large_image","twitter_misc":{"Procijenjeno vrijeme \u010ditanja":"3 minute"},"schema":{"@context":"https:\/\/schema.org","@graph":[{"@type":"WebPage","@id":"https:\/\/activeluxe-cosmetics.com\/hr\/proizvod\/20-popusta-sampon-i-balzam-za-aktivni-rast-kose\/","url":"https:\/\/activeluxe-cosmetics.com\/hr\/proizvod\/20-popusta-sampon-i-balzam-za-aktivni-rast-kose\/","name":"\u0160ampon i regenerator za rast kose Active Luxe Cosmetics","isPartOf":{"@id":"https:\/\/activeluxe-cosmetics.com\/hr\/#website"},"primaryImageOfPage":{"@id":"https:\/\/activeluxe-cosmetics.com\/hr\/proizvod\/20-popusta-sampon-i-balzam-za-aktivni-rast-kose\/#primaryimage"},"image":{"@id":"https:\/\/activeluxe-cosmetics.com\/hr\/proizvod\/20-popusta-sampon-i-balzam-za-aktivni-rast-kose\/#primaryimage"},"thumbnailUrl":"https:\/\/activeluxe-cosmetics.com\/hr\/wp-content\/uploads\/2024\/12\/balzam_za_lase-460x575-1.png","datePublished":"2024-12-03T12:27:41+00:00","dateModified":"2026-02-17T08:37:22+00:00","description":"Naju\u010dinkovitiji \u0161ampon za aktivni rast kose i protiv ispadanja kose Active Luxe. Vidljivo gu\u0161\u0107a kosa ve\u0107 u 6 tjedana. Ja\u010da aktivne folikule kose.","breadcrumb":{"@id":"https:\/\/activeluxe-cosmetics.com\/hr\/proizvod\/20-popusta-sampon-i-balzam-za-aktivni-rast-kose\/#breadcrumb"},"inLanguage":"hr","potentialAction":[{"@type":"ReadAction","target":["https:\/\/activeluxe-cosmetics.com\/hr\/proizvod\/20-popusta-sampon-i-balzam-za-aktivni-rast-kose\/"]}]},{"@type":"ImageObject","inLanguage":"hr","@id":"https:\/\/activeluxe-cosmetics.com\/hr\/proizvod\/20-popusta-sampon-i-balzam-za-aktivni-rast-kose\/#primaryimage","url":"https:\/\/activeluxe-cosmetics.com\/hr\/wp-content\/uploads\/2024\/12\/balzam_za_lase-460x575-1.png","contentUrl":"https:\/\/activeluxe-cosmetics.com\/hr\/wp-content\/uploads\/2024\/12\/balzam_za_lase-460x575-1.png","width":460,"height":575},{"@type":"BreadcrumbList","@id":"https:\/\/activeluxe-cosmetics.com\/hr\/proizvod\/20-popusta-sampon-i-balzam-za-aktivni-rast-kose\/#breadcrumb","itemListElement":[{"@type":"ListItem","position":1,"name":"Naslovnica","item":"https:\/\/activeluxe-cosmetics.com\/hr\/"},{"@type":"ListItem","position":2,"name":"Trgovina","item":"https:\/\/activeluxe-cosmetics.com\/hr\/trgovina\/"},{"@type":"ListItem","position":3,"name":"20% POPUSTA: \u0160ampon i regenerator za aktivni rast kose"}]},{"@type":"WebSite","@id":"https:\/\/activeluxe-cosmetics.com\/hr\/#website","url":"https:\/\/activeluxe-cosmetics.com\/hr\/","name":"Active Luxe Cosmetics","description":"","potentialAction":[{"@type":"SearchAction","target":{"@type":"EntryPoint","urlTemplate":"https:\/\/activeluxe-cosmetics.com\/hr\/?s={search_term_string}"},"query-input":{"@type":"PropertyValueSpecification","valueRequired":true,"valueName":"search_term_string"}}],"inLanguage":"hr"}]}},"_links":{"self":[{"href":"https:\/\/activeluxe-cosmetics.com\/hr\/wp-json\/wp\/v2\/product\/90115","targetHints":{"allow":["GET"]}}],"collection":[{"href":"https:\/\/activeluxe-cosmetics.com\/hr\/wp-json\/wp\/v2\/product"}],"about":[{"href":"https:\/\/activeluxe-cosmetics.com\/hr\/wp-json\/wp\/v2\/types\/product"}],"replies":[{"embeddable":true,"href":"https:\/\/activeluxe-cosmetics.com\/hr\/wp-json\/wp\/v2\/comments?post=90115"}],"wp:featuredmedia":[{"embeddable":true,"href":"https:\/\/activeluxe-cosmetics.com\/hr\/wp-json\/wp\/v2\/media\/90119"}],"wp:attachment":[{"href":"https:\/\/activeluxe-cosmetics.com\/hr\/wp-json\/wp\/v2\/media?parent=90115"}],"wp:term":[{"taxonomy":"product_brand","embeddable":true,"href":"https:\/\/activeluxe-cosmetics.com\/hr\/wp-json\/wp\/v2\/product_brand?post=90115"},{"taxonomy":"product_cat","embeddable":true,"href":"https:\/\/activeluxe-cosmetics.com\/hr\/wp-json\/wp\/v2\/product_cat?post=90115"},{"taxonomy":"product_tag","embeddable":true,"href":"https:\/\/activeluxe-cosmetics.com\/hr\/wp-json\/wp\/v2\/product_tag?post=90115"}],"curies":[{"name":"wp","href":"https:\/\/api.w.org\/{rel}","templated":true}]}}