{"id":88033,"date":"2024-10-22T11:21:37","date_gmt":"2024-10-22T11:21:37","guid":{"rendered":"https:\/\/activeluxe-cosmetics.com\/hr\/?post_type=product&#038;p=88033"},"modified":"2026-03-17T09:27:05","modified_gmt":"2026-03-17T09:27:05","slug":"serum-za-aktivni-rast-kose","status":"publish","type":"product","link":"https:\/\/activeluxe-cosmetics.com\/hr\/proizvod\/serum-za-aktivni-rast-kose\/","title":{"rendered":"Serum za aktivni rast kose"},"content":{"rendered":"<h2><strong><img loading=\"lazy\" decoding=\"async\" class=\" wp-image-88052 alignright\" src=\"https:\/\/activeluxe-cosmetics.com\/hr\/wp-content\/uploads\/2024\/10\/alc_growth_serum-460x575.png\" alt=\"\" width=\"407\" height=\"509\" srcset=\"https:\/\/activeluxe-cosmetics.com\/hr\/wp-content\/uploads\/2024\/10\/alc_growth_serum-460x575.png 460w, https:\/\/activeluxe-cosmetics.com\/hr\/wp-content\/uploads\/2024\/10\/alc_growth_serum-819x1024.png 819w, https:\/\/activeluxe-cosmetics.com\/hr\/wp-content\/uploads\/2024\/10\/alc_growth_serum-768x960.png 768w, https:\/\/activeluxe-cosmetics.com\/hr\/wp-content\/uploads\/2024\/10\/alc_growth_serum-600x750.png 600w, https:\/\/activeluxe-cosmetics.com\/hr\/wp-content\/uploads\/2024\/10\/alc_growth_serum.png 1080w\" sizes=\"auto, (max-width: 407px) 100vw, 407px\" \/>Sprije\u010dite ispadanje kose<\/strong> na vrijeme!<\/h2>\n<p>Ako se borite s <strong>prekomjernim ispadanjem kose ili \u0107elavo\u0161\u0107u<\/strong>, Active Luxe serum za rast kose <strong>idealno je rje\u0161enje<\/strong> koje poma\u017ee \u017eenama i mu\u0161karcima do\u0107i do gu\u0161\u0107e, zdravije i ljep\u0161e kose. Uz kontinuiranu i neprekidnu upotrebu, va\u0161a \u0107e kosa <strong>vidno manje opadati,<\/strong> a korijen \u0107e postati <strong>ja\u010di<\/strong>. Po\u010det \u0107e rasti<strong> nova,<\/strong> <strong>mlada kosa<\/strong>.<\/p>\n<ul>\n<li>Sprje\u010dava ispadanje kose i ja\u010da kosu<\/li>\n<li>Pospje\u0161uje rast nove kose.<\/li>\n<li>Vidljiv rast mlade kose ve\u0107 nakon \u010detiri mjeseca.<\/li>\n<li>U kombinaciji sa \u0161amponom stimulira aktivne folikule dlake<\/li>\n<li>Zgu\u0161njava, pove\u0107ava volumen i ja\u010da kosu<\/li>\n<li>Ima pH vrijednost prilago\u0111enu vlasi\u0161tu<\/li>\n<li>Nije ljepljiv i pogodan je za svakodnevnu upotrebu<\/li>\n<li>Ne uzrokuje nuspojave, alergije ili iritacije.<\/li>\n<\/ul>\n<h2 style=\"text-align: center; clear: both;\"><\/h2>\n<p><img loading=\"lazy\" decoding=\"async\" class=\" wp-image-89698 alignleft\" src=\"https:\/\/cdn.activeluxe-cosmetics.com\/sl\/wp-content\/uploads\/2024\/10\/21092942\/hair_serum-460x575.png\" alt=\"\" width=\"407\" height=\"508\" \/><\/p>\n<h2>Gusta kosa <strong>bez obzira na godine i stanje!<\/strong><\/h2>\n<p><strong>Ispadanje kose<\/strong> poga\u0111a i <strong>\u017eene i mu\u0161karce<\/strong>. S tim se problemom barem jednom u \u017eivotu susretne \u010dak <strong>70 % mu\u0161karaca i 40 % \u017eena<\/strong>.<\/p>\n<p>Problemi se mogu pojaviti <strong>ve\u0107 prije 30. godine<\/strong>, a brzina ispadanja kose razlikuje se od osobe do osobe.<\/p>\n<p>Ispadanje kose i po\u010detni stadiji \u0107elavosti obi\u010dno <strong>po\u010dinju na \u010delu<\/strong> i <strong>vrhu vlasi\u0161ta<\/strong>. Serum intenzivno poma\u017ee svima koji su ve\u0107 izgubili kosu na odre\u0111enim dijelovima vlasi\u0161ta i suo\u010davaju se s \u0107elavo\u0161\u0107u.<\/p>\n<p>Active Luxe serum za rast kose ve\u0107 je pomogao vi\u0161e<strong> od 10.000 \u017eena<\/strong> <strong>i mu\u0161karaca<\/strong> do gu\u0161\u0107e i zdravije kose.<\/p>\n<p>Nije ljepljiv i prikladan je za svakodnevnu upotrebu. Siguran je za upotrebu, ne uzrokuje nuspojave, alergijske reakcije i ne iritira vlasi\u0161te.<\/p>\n<h5><\/h5>\n<h2 style=\"text-align: center; clear: both;\"><\/h2>\n<p><img loading=\"lazy\" decoding=\"async\" class=\"wp-image-80721 alignright\" src=\"https:\/\/cdn.activeluxe-cosmetics.com\/sl\/wp-content\/uploads\/2024\/01\/28145928\/Group-392-16-460x584.jpg\" alt=\"\" width=\"405\" height=\"514\" \/><\/p>\n<h2><strong>Za\u0161to je Active Luxe serum za rast kose<\/strong> jedini serum koji obe\u0107ava rezultate?<\/h2>\n<p>Sna\u017eno i sigurno djelovanje izravno <strong>na folikularnu disfunkciju<\/strong> osigurava<strong> br\u017ei rast kose<\/strong> i <strong>poti\u010de rast nove kose<\/strong>. Izuzetna patentirana formula s antiandrogenim svojstvima u\u010dinkovito djeluje protiv ispadanja kose, dok antioksidativna i hidratantna svojstva <strong>stimuliraju rast kose<\/strong>.<\/p>\n<p><strong>Jedinstvena kombinacija molekula<\/strong>, <strong>stimulatora rasta kose<\/strong> i <strong>aminokiselina<\/strong> \u010dini naju\u010dinkovitiji serum koji dokazano poti\u010de rast kose.<\/p>\n<p>Active Luxe serum za rast kose <strong>sadr\u017ei dokazano u\u010dinkovitu koncentriranu formulu<\/strong>, koja u kombinaciji s Active Luxe \u0161amponom protiv ispadanja kose uspje\u0161no poti\u010de ponovni rast kose.<\/p>\n<p>Za maksimalni u\u010dinak preporu\u010dujemo i istovremenu upotrebu <strong>Active Luxe tonika<\/strong> <strong>s trostrukim djelovanjem<\/strong> za jake znakove ispadanja kose, kao i derma rollera za masa\u017eu vlasi\u0161ta.<\/p>\n<p>&nbsp;<\/p>\n<p>&nbsp;<\/p>\n<p>&nbsp;<\/p>\n<p>&nbsp;<\/p>\n<p>&nbsp;<\/p>\n<p>&nbsp;<\/p>\n<p>&nbsp;<\/p>\n<p><span style=\"font-weight: 400;\"><img loading=\"lazy\" decoding=\"async\" class=\" wp-image-80728 alignleft\" src=\"https:\/\/cdn.activeluxe-cosmetics.com\/sl\/wp-content\/uploads\/2024\/01\/28145925\/Group-344-2-460x584.jpg\" alt=\"\" width=\"405\" height=\"514\" \/><\/span><\/p>\n<h2><strong>Kako djeluje serum<\/strong> za rast kose?<\/h2>\n<p>Sve faze rasta kose pod utjecajem su razli\u010ditih hormona, a <strong>hormon DHT<\/strong> dodatno utje\u010de na ciklus time \u0161to uzrokuje tanju i slabiju kosu, \u0161to s vremenom <strong>dovodi do \u0107elavosti<\/strong> ili <strong>gubitka kose<\/strong> i <strong>pojave kru\u017enog ispadanja kose<\/strong>.<\/p>\n<p>Kosa prolazi kroz tri faze rasta \u2013 ciklus rasta kose:<\/p>\n<ul>\n<li>Anagena faza je faza rasta kose koja traje od 2 do 6 godina. U ovoj fazi kosa je jaka i ne ispada spontano.<\/li>\n<li>Katagena faza je faza mirovanja, u kojoj kosa prestaje rasti. Traje od 1 do 3 tjedna.<\/li>\n<li>Telogena faza je faza ispadanja, u kojoj folikul dlake odumire, kosa vi\u0161e nema oslonac i lako ispada. Ova faza traje 2 do 4 mjeseca.<\/li>\n<\/ul>\n<p>Klju\u010dni sastojci u serumu uklju\u010duju inhibitore dihidrotestosterona (inhibitore DHT \u2013 uzro\u010dnika \u0107elavosti), koji su od su\u0161tinskog zna\u010daja za rast kose kod \u017eena i mu\u0161karaca. Serum po\u010dinje djelovati na stanice kose i revitalizirati folikule dlake ve\u0107 od prvog dana primjene. Vrijeme potrebno za vidljive rezultate ovisi o ozbiljnosti i trajanju \u0107elavosti ili kru\u017enog ispadanja kose. Sinergijski aktivni sastojci u serumu dokazano podr\u017eavaju rast nove kose, ja\u010daju ve\u0107 izraslu kosu i produ\u017euju fazu rasta kose.<\/p>\n","protected":false},"excerpt":{"rendered":"<p><span data-sheets-root=\"1\" data-sheets-value=\"{&quot;1&quot;:2,&quot;2&quot;:&quot;Poti\u010de ponovni rast mlade kose, bez masnog i ljepljivog efekta&quot;}\" data-sheets-userformat=\"{&quot;2&quot;:897,&quot;3&quot;:{&quot;1&quot;:0},&quot;10&quot;:0,&quot;11&quot;:4,&quot;12&quot;:0}\" data-sheets-textstyleruns=\"{&quot;1&quot;:0}\uee10{&quot;1&quot;:30,&quot;2&quot;:{&quot;2&quot;:{&quot;1&quot;:2,&quot;2&quot;:16739585}}}\">Poti\u010de ponovni rast mlade kose, bez masnog i ljepljivog efekta<\/span><\/p>\n","protected":false},"featured_media":88093,"comment_status":"open","ping_status":"closed","template":"","meta":[],"product_brand":[],"product_cat":[98,53],"product_tag":[113],"class_list":{"0":"post-88033","1":"product","2":"type-product","3":"status-publish","4":"has-post-thumbnail","6":"product_cat-ulja-serumi-tonici","7":"product_cat-kosa","8":"product_tag-zene","10":"first","11":"instock","12":"sale","13":"taxable","14":"shipping-taxable","15":"purchasable","16":"product-type-variable"},"bundled_by":[],"bundle_stock_status":"instock","bundle_stock_quantity":null,"bundle_virtual":false,"bundle_layout":"","bundle_add_to_cart_form_location":"","bundle_editable_in_cart":false,"bundle_sold_individually_context":"","bundle_item_grouping":"","bundle_min_size":"","bundle_max_size":"","bundled_items":[],"acf":[],"yoast_head":"<!-- This site is optimized with the Yoast SEO plugin v26.5 - https:\/\/yoast.com\/wordpress\/plugins\/seo\/ -->\n<title>Serum za rast kose - Active Luxe Cosmetics<\/title>\n<meta name=\"description\" content=\"Activeluxe serum protiv ispadanja kose \u26d4 40 dana za ponovni rast kose. Ne masti i nije ljepljiv. Vidljiv rast mlade kose. U\u010dinkovita Procapil formula.\ud83e\uddea\" \/>\n<meta name=\"robots\" content=\"index, follow, max-snippet:-1, max-image-preview:large, max-video-preview:-1\" \/>\n<link rel=\"canonical\" href=\"https:\/\/activeluxe-cosmetics.com\/hr\/proizvod\/serum-za-aktivni-rast-kose\/\" \/>\n<meta property=\"og:locale\" content=\"hr_HR\" \/>\n<meta property=\"og:type\" content=\"article\" \/>\n<meta property=\"og:title\" content=\"Serum za rast kose - Active Luxe Cosmetics\" \/>\n<meta property=\"og:description\" content=\"Activeluxe serum protiv ispadanja kose \u26d4 40 dana za ponovni rast kose. Ne masti i nije ljepljiv. Vidljiv rast mlade kose. U\u010dinkovita Procapil formula.\ud83e\uddea\" \/>\n<meta property=\"og:url\" content=\"https:\/\/activeluxe-cosmetics.com\/hr\/proizvod\/serum-za-aktivni-rast-kose\/\" \/>\n<meta property=\"og:site_name\" content=\"Active Luxe Cosmetics\" \/>\n<meta property=\"article:modified_time\" content=\"2026-03-17T09:27:05+00:00\" \/>\n<meta property=\"og:image\" content=\"https:\/\/activeluxe-cosmetics.com\/hr\/wp-content\/uploads\/2024\/10\/39_Serum.jpg\" \/>\n\t<meta property=\"og:image:width\" content=\"1104\" \/>\n\t<meta property=\"og:image:height\" content=\"1326\" \/>\n\t<meta property=\"og:image:type\" content=\"image\/jpeg\" \/>\n<meta name=\"twitter:card\" content=\"summary_large_image\" \/>\n<meta name=\"twitter:label1\" content=\"Procijenjeno vrijeme \u010ditanja\" \/>\n\t<meta name=\"twitter:data1\" content=\"4 minute\" \/>\n<script type=\"application\/ld+json\" class=\"yoast-schema-graph\">{\"@context\":\"https:\/\/schema.org\",\"@graph\":[{\"@type\":\"WebPage\",\"@id\":\"https:\/\/activeluxe-cosmetics.com\/hr\/proizvod\/serum-za-aktivni-rast-kose\/\",\"url\":\"https:\/\/activeluxe-cosmetics.com\/hr\/proizvod\/serum-za-aktivni-rast-kose\/\",\"name\":\"Serum za rast kose - Active Luxe Cosmetics\",\"isPartOf\":{\"@id\":\"https:\/\/activeluxe-cosmetics.com\/hr\/#website\"},\"primaryImageOfPage\":{\"@id\":\"https:\/\/activeluxe-cosmetics.com\/hr\/proizvod\/serum-za-aktivni-rast-kose\/#primaryimage\"},\"image\":{\"@id\":\"https:\/\/activeluxe-cosmetics.com\/hr\/proizvod\/serum-za-aktivni-rast-kose\/#primaryimage\"},\"thumbnailUrl\":\"https:\/\/activeluxe-cosmetics.com\/hr\/wp-content\/uploads\/2024\/10\/39_Serum.jpg\",\"datePublished\":\"2024-10-22T11:21:37+00:00\",\"dateModified\":\"2026-03-17T09:27:05+00:00\",\"description\":\"Activeluxe serum protiv ispadanja kose \u26d4 40 dana za ponovni rast kose. Ne masti i nije ljepljiv. Vidljiv rast mlade kose. U\u010dinkovita Procapil formula.\ud83e\uddea\",\"breadcrumb\":{\"@id\":\"https:\/\/activeluxe-cosmetics.com\/hr\/proizvod\/serum-za-aktivni-rast-kose\/#breadcrumb\"},\"inLanguage\":\"hr\",\"potentialAction\":[{\"@type\":\"ReadAction\",\"target\":[\"https:\/\/activeluxe-cosmetics.com\/hr\/proizvod\/serum-za-aktivni-rast-kose\/\"]}]},{\"@type\":\"ImageObject\",\"inLanguage\":\"hr\",\"@id\":\"https:\/\/activeluxe-cosmetics.com\/hr\/proizvod\/serum-za-aktivni-rast-kose\/#primaryimage\",\"url\":\"https:\/\/activeluxe-cosmetics.com\/hr\/wp-content\/uploads\/2024\/10\/39_Serum.jpg\",\"contentUrl\":\"https:\/\/activeluxe-cosmetics.com\/hr\/wp-content\/uploads\/2024\/10\/39_Serum.jpg\",\"width\":1104,\"height\":1326},{\"@type\":\"BreadcrumbList\",\"@id\":\"https:\/\/activeluxe-cosmetics.com\/hr\/proizvod\/serum-za-aktivni-rast-kose\/#breadcrumb\",\"itemListElement\":[{\"@type\":\"ListItem\",\"position\":1,\"name\":\"Naslovnica\",\"item\":\"https:\/\/activeluxe-cosmetics.com\/hr\/\"},{\"@type\":\"ListItem\",\"position\":2,\"name\":\"Trgovina\",\"item\":\"https:\/\/activeluxe-cosmetics.com\/hr\/trgovina\/\"},{\"@type\":\"ListItem\",\"position\":3,\"name\":\"Serum za aktivni rast kose\"}]},{\"@type\":\"WebSite\",\"@id\":\"https:\/\/activeluxe-cosmetics.com\/hr\/#website\",\"url\":\"https:\/\/activeluxe-cosmetics.com\/hr\/\",\"name\":\"Active Luxe Cosmetics\",\"description\":\"\",\"potentialAction\":[{\"@type\":\"SearchAction\",\"target\":{\"@type\":\"EntryPoint\",\"urlTemplate\":\"https:\/\/activeluxe-cosmetics.com\/hr\/?s={search_term_string}\"},\"query-input\":{\"@type\":\"PropertyValueSpecification\",\"valueRequired\":true,\"valueName\":\"search_term_string\"}}],\"inLanguage\":\"hr\"}]}<\/script>\n<!-- \/ Yoast SEO plugin. -->","yoast_head_json":{"title":"Serum za rast kose - Active Luxe Cosmetics","description":"Activeluxe serum protiv ispadanja kose \u26d4 40 dana za ponovni rast kose. Ne masti i nije ljepljiv. Vidljiv rast mlade kose. U\u010dinkovita Procapil formula.\ud83e\uddea","robots":{"index":"index","follow":"follow","max-snippet":"max-snippet:-1","max-image-preview":"max-image-preview:large","max-video-preview":"max-video-preview:-1"},"canonical":"https:\/\/activeluxe-cosmetics.com\/hr\/proizvod\/serum-za-aktivni-rast-kose\/","og_locale":"hr_HR","og_type":"article","og_title":"Serum za rast kose - Active Luxe Cosmetics","og_description":"Activeluxe serum protiv ispadanja kose \u26d4 40 dana za ponovni rast kose. Ne masti i nije ljepljiv. Vidljiv rast mlade kose. U\u010dinkovita Procapil formula.\ud83e\uddea","og_url":"https:\/\/activeluxe-cosmetics.com\/hr\/proizvod\/serum-za-aktivni-rast-kose\/","og_site_name":"Active Luxe Cosmetics","article_modified_time":"2026-03-17T09:27:05+00:00","og_image":[{"width":1104,"height":1326,"url":"https:\/\/activeluxe-cosmetics.com\/hr\/wp-content\/uploads\/2024\/10\/39_Serum.jpg","type":"image\/jpeg"}],"twitter_card":"summary_large_image","twitter_misc":{"Procijenjeno vrijeme \u010ditanja":"4 minute"},"schema":{"@context":"https:\/\/schema.org","@graph":[{"@type":"WebPage","@id":"https:\/\/activeluxe-cosmetics.com\/hr\/proizvod\/serum-za-aktivni-rast-kose\/","url":"https:\/\/activeluxe-cosmetics.com\/hr\/proizvod\/serum-za-aktivni-rast-kose\/","name":"Serum za rast kose - Active Luxe Cosmetics","isPartOf":{"@id":"https:\/\/activeluxe-cosmetics.com\/hr\/#website"},"primaryImageOfPage":{"@id":"https:\/\/activeluxe-cosmetics.com\/hr\/proizvod\/serum-za-aktivni-rast-kose\/#primaryimage"},"image":{"@id":"https:\/\/activeluxe-cosmetics.com\/hr\/proizvod\/serum-za-aktivni-rast-kose\/#primaryimage"},"thumbnailUrl":"https:\/\/activeluxe-cosmetics.com\/hr\/wp-content\/uploads\/2024\/10\/39_Serum.jpg","datePublished":"2024-10-22T11:21:37+00:00","dateModified":"2026-03-17T09:27:05+00:00","description":"Activeluxe serum protiv ispadanja kose \u26d4 40 dana za ponovni rast kose. Ne masti i nije ljepljiv. Vidljiv rast mlade kose. U\u010dinkovita Procapil formula.\ud83e\uddea","breadcrumb":{"@id":"https:\/\/activeluxe-cosmetics.com\/hr\/proizvod\/serum-za-aktivni-rast-kose\/#breadcrumb"},"inLanguage":"hr","potentialAction":[{"@type":"ReadAction","target":["https:\/\/activeluxe-cosmetics.com\/hr\/proizvod\/serum-za-aktivni-rast-kose\/"]}]},{"@type":"ImageObject","inLanguage":"hr","@id":"https:\/\/activeluxe-cosmetics.com\/hr\/proizvod\/serum-za-aktivni-rast-kose\/#primaryimage","url":"https:\/\/activeluxe-cosmetics.com\/hr\/wp-content\/uploads\/2024\/10\/39_Serum.jpg","contentUrl":"https:\/\/activeluxe-cosmetics.com\/hr\/wp-content\/uploads\/2024\/10\/39_Serum.jpg","width":1104,"height":1326},{"@type":"BreadcrumbList","@id":"https:\/\/activeluxe-cosmetics.com\/hr\/proizvod\/serum-za-aktivni-rast-kose\/#breadcrumb","itemListElement":[{"@type":"ListItem","position":1,"name":"Naslovnica","item":"https:\/\/activeluxe-cosmetics.com\/hr\/"},{"@type":"ListItem","position":2,"name":"Trgovina","item":"https:\/\/activeluxe-cosmetics.com\/hr\/trgovina\/"},{"@type":"ListItem","position":3,"name":"Serum za aktivni rast kose"}]},{"@type":"WebSite","@id":"https:\/\/activeluxe-cosmetics.com\/hr\/#website","url":"https:\/\/activeluxe-cosmetics.com\/hr\/","name":"Active Luxe Cosmetics","description":"","potentialAction":[{"@type":"SearchAction","target":{"@type":"EntryPoint","urlTemplate":"https:\/\/activeluxe-cosmetics.com\/hr\/?s={search_term_string}"},"query-input":{"@type":"PropertyValueSpecification","valueRequired":true,"valueName":"search_term_string"}}],"inLanguage":"hr"}]}},"_links":{"self":[{"href":"https:\/\/activeluxe-cosmetics.com\/hr\/wp-json\/wp\/v2\/product\/88033","targetHints":{"allow":["GET"]}}],"collection":[{"href":"https:\/\/activeluxe-cosmetics.com\/hr\/wp-json\/wp\/v2\/product"}],"about":[{"href":"https:\/\/activeluxe-cosmetics.com\/hr\/wp-json\/wp\/v2\/types\/product"}],"replies":[{"embeddable":true,"href":"https:\/\/activeluxe-cosmetics.com\/hr\/wp-json\/wp\/v2\/comments?post=88033"}],"wp:featuredmedia":[{"embeddable":true,"href":"https:\/\/activeluxe-cosmetics.com\/hr\/wp-json\/wp\/v2\/media\/88093"}],"wp:attachment":[{"href":"https:\/\/activeluxe-cosmetics.com\/hr\/wp-json\/wp\/v2\/media?parent=88033"}],"wp:term":[{"taxonomy":"product_brand","embeddable":true,"href":"https:\/\/activeluxe-cosmetics.com\/hr\/wp-json\/wp\/v2\/product_brand?post=88033"},{"taxonomy":"product_cat","embeddable":true,"href":"https:\/\/activeluxe-cosmetics.com\/hr\/wp-json\/wp\/v2\/product_cat?post=88033"},{"taxonomy":"product_tag","embeddable":true,"href":"https:\/\/activeluxe-cosmetics.com\/hr\/wp-json\/wp\/v2\/product_tag?post=88033"}],"curies":[{"name":"wp","href":"https:\/\/api.w.org\/{rel}","templated":true}]}}