{"id":88028,"date":"2024-10-22T11:01:32","date_gmt":"2024-10-22T11:01:32","guid":{"rendered":"https:\/\/activeluxe-cosmetics.com\/hr\/?post_type=product&#038;p=88028"},"modified":"2026-03-25T09:53:47","modified_gmt":"2026-03-25T09:53:47","slug":"tonik-za-aktivni-rast-kose-s-trojnim-djelovanjem","status":"publish","type":"product","link":"https:\/\/activeluxe-cosmetics.com\/hr\/proizvod\/tonik-za-aktivni-rast-kose-s-trojnim-djelovanjem\/","title":{"rendered":"Tonik za aktivni rast kose s trojnim djelovanjem"},"content":{"rendered":"<p><img loading=\"lazy\" decoding=\"async\" class=\" wp-image-88043 alignright\" src=\"https:\/\/activeluxe-cosmetics.com\/hr\/wp-content\/uploads\/2024\/10\/tonic-819x1024-1-460x575.png\" alt=\"\" width=\"384\" height=\"480\" srcset=\"https:\/\/activeluxe-cosmetics.com\/hr\/wp-content\/uploads\/2024\/10\/tonic-819x1024-1-460x575.png 460w, https:\/\/activeluxe-cosmetics.com\/hr\/wp-content\/uploads\/2024\/10\/tonic-819x1024-1-768x960.png 768w, https:\/\/activeluxe-cosmetics.com\/hr\/wp-content\/uploads\/2024\/10\/tonic-819x1024-1-600x750.png 600w, https:\/\/activeluxe-cosmetics.com\/hr\/wp-content\/uploads\/2024\/10\/tonic-819x1024-1.png 819w\" sizes=\"auto, (max-width: 384px) 100vw, 384px\" \/><\/p>\n<h2><span data-sheets-root=\"1\" data-sheets-value=\"{&quot;1&quot;:2,&quot;2&quot;:&quot;Ovo je prava stvar za izgubljene zaliske!&quot;}\" data-sheets-userformat=\"{&quot;2&quot;:19201,&quot;3&quot;:{&quot;1&quot;:0},&quot;11&quot;:4,&quot;12&quot;:0,&quot;14&quot;:{&quot;1&quot;:2,&quot;2&quot;:16739585},&quot;17&quot;:1}\">Ovo je prava stvar za <strong>izgubljene<\/strong> <strong>zaliske<\/strong><\/span><\/h2>\n<p><span data-sheets-root=\"1\" data-sheets-value=\"{&quot;1&quot;:2,&quot;2&quot;:&quot;Active Luxe Hair Tonik klini\u010dki dokazano smanjuje gubitak kose za 46%, a pove\u0107ava gusto\u0107u kose za 121% pomo\u0107u aktivnih patentiranih sastojaka.nn&quot;}\" data-sheets-userformat=\"{&quot;2&quot;:769,&quot;3&quot;:{&quot;1&quot;:0},&quot;11&quot;:4,&quot;12&quot;:0}\" data-sheets-textstyleruns=\"{&quot;1&quot;:0,&quot;2&quot;:{&quot;2&quot;:{&quot;1&quot;:2,&quot;2&quot;:16739585}}}\uee10{&quot;1&quot;:22}\">Active Luxe Hair Tonik klini\u010dki dokazano smanjuje gubitak kose za 46%, a pove\u0107ava gusto\u0107u kose za 121% pomo\u0107u aktivnih patentiranih sastojaka.<br \/>\n<\/span><\/p>\n<ul>\n<li><span data-sheets-root=\"1\" data-sheets-value=\"{&quot;1&quot;:2,&quot;2&quot;:&quot;Zaustavlja gubitak kose i poti\u010de novi ubrzani rast&quot;}\" data-sheets-userformat=\"{&quot;2&quot;:2817,&quot;3&quot;:{&quot;1&quot;:0},&quot;11&quot;:4,&quot;12&quot;:0,&quot;14&quot;:{&quot;1&quot;:2,&quot;2&quot;:16739585}}\">Zaustavlja <strong>gubitak<\/strong> <strong>kose<\/strong> i poti\u010de novi ubrzani rast<\/span><\/li>\n<li><span data-sheets-root=\"1\" data-sheets-value=\"{&quot;1&quot;:2,&quot;2&quot;:&quot;Ubrzava mikrocirkulaciju vlasi\u0161ta&quot;}\" data-sheets-userformat=\"{&quot;2&quot;:2817,&quot;3&quot;:{&quot;1&quot;:0},&quot;11&quot;:4,&quot;12&quot;:0,&quot;14&quot;:{&quot;1&quot;:2,&quot;2&quot;:16739585}}\">Ubrzava <strong>mikrocirkulaciju<\/strong> vlasi\u0161ta<\/span><\/li>\n<li><span data-sheets-root=\"1\" data-sheets-value=\"{&quot;1&quot;:2,&quot;2&quot;:&quot;Zgu\u0161njava, pove\u0107ava volumen i ja\u010da kosu&quot;}\" data-sheets-userformat=\"{&quot;2&quot;:2817,&quot;3&quot;:{&quot;1&quot;:0},&quot;11&quot;:4,&quot;12&quot;:0,&quot;14&quot;:{&quot;1&quot;:2,&quot;2&quot;:16739585}}\">Zgu\u0161njava, <strong>pove\u0107ava<\/strong> <strong>volumen<\/strong> i ja\u010da kosu<\/span><\/li>\n<li>Zajedno sa \u0161amponom <strong>poti\u010de aktivne folikule<\/strong> <strong>kose<\/strong><\/li>\n<\/ul>\n<p>Na sve faze rasta dlake utje\u010du razli\u010diti hormoni, a hormon DHT dodatno djeluje na ciklus \u0161to uzrokuje tanju i slabiju kosu koja se s vremenom o\u010dituje kao \u0107elavost ili gubitak kose. Aktivni sastojci Active Luxe Hair Tonika <strong>zaustavljaju gubitak kose<\/strong>, <strong>podr\u017eavaju rast nove kose<\/strong>, <strong>ja\u010daju ve\u0107 odraslu kosu<\/strong> i <strong>produljuju ciklus rasta.<\/strong><\/p>\n<h2 style=\"text-align: center; clear: both;\"><\/h2>\n<p><img loading=\"lazy\" decoding=\"async\" class=\" wp-image-88044 alignleft\" src=\"https:\/\/activeluxe-cosmetics.com\/hr\/wp-content\/uploads\/2024\/10\/alc_hair_tonic-819x1024-1-460x575.png\" alt=\"\" width=\"400\" height=\"500\" srcset=\"https:\/\/activeluxe-cosmetics.com\/hr\/wp-content\/uploads\/2024\/10\/alc_hair_tonic-819x1024-1-460x575.png 460w, https:\/\/activeluxe-cosmetics.com\/hr\/wp-content\/uploads\/2024\/10\/alc_hair_tonic-819x1024-1-768x960.png 768w, https:\/\/activeluxe-cosmetics.com\/hr\/wp-content\/uploads\/2024\/10\/alc_hair_tonic-819x1024-1-600x750.png 600w, https:\/\/activeluxe-cosmetics.com\/hr\/wp-content\/uploads\/2024\/10\/alc_hair_tonic-819x1024-1.png 819w\" sizes=\"auto, (max-width: 400px) 100vw, 400px\" \/><\/p>\n<h2>Za\u0161to je Active Luxe Hair <strong>Tonik protiv ispadanja kose<\/strong> t<strong>ako u\u010dinkovit?<\/strong><\/h2>\n<p>Formula se temelji na pa\u017eljivo odabranim sastojcima koji su nepobjedivi u borbi protiv gubitka kose:<\/p>\n<p>&#8211; Biotinoyl \u2013 GHK<br \/>\nProdire duboko u vlasi\u0161te, poti\u010de stani\u010dni metabolizam i obnavlja oslabljene folikule kose.<\/p>\n<p>&#8211; Apigenin<br \/>\nDjeluje antioksidativno i ubrzava mikrocirkulaciju i cirkulaciju vlasi\u0161ta.<\/p>\n<p>&#8211; Oleanolna kiselina<br \/>\nDjeluje kao sna\u017eni inhibitor enzima odgovornog za pretvaranje hormona testosterona u hormon dihidrotestosteron (DHT), \u0161to je glavni uzrok gubitka kose i \u0107elavosti.<\/p>\n<ul>\n<li>Jednostavno i ciljano nano\u0161enje<\/li>\n<li>Prigodan za svakodnevnu upotrebu<\/li>\n<li>Trostruko djelovanje<\/li>\n<li>Vidljivi rezultati u 4 mjeseca<\/li>\n<\/ul>\n<h2 style=\"text-align: center; clear: both;\"><\/h2>\n<h2><strong><img loading=\"lazy\" decoding=\"async\" class=\" wp-image-88045 alignright\" src=\"https:\/\/activeluxe-cosmetics.com\/hr\/wp-content\/uploads\/2024\/10\/hair_linija-819x1024-1-460x575.png\" alt=\"\" width=\"384\" height=\"480\" srcset=\"https:\/\/activeluxe-cosmetics.com\/hr\/wp-content\/uploads\/2024\/10\/hair_linija-819x1024-1-460x575.png 460w, https:\/\/activeluxe-cosmetics.com\/hr\/wp-content\/uploads\/2024\/10\/hair_linija-819x1024-1-768x960.png 768w, https:\/\/activeluxe-cosmetics.com\/hr\/wp-content\/uploads\/2024\/10\/hair_linija-819x1024-1-600x750.png 600w, https:\/\/activeluxe-cosmetics.com\/hr\/wp-content\/uploads\/2024\/10\/hair_linija-819x1024-1.png 819w\" sizes=\"auto, (max-width: 384px) 100vw, 384px\" \/>Sprije\u010di ispadanje kose<\/strong> na vrijeme<\/h2>\n<p>Ako se bori\u0161 s \u0107elavosti ili prekomjernim ispadanjem kose, <strong>Active Luxe Hair Tonik za rast kose<\/strong> idealno je rje\u0161enje koje poma\u017ee i mu\u0161karcima i \u017eenama da postignu gu\u0161\u0107u, zdraviju i ljep\u0161u kosu.<\/p>\n<p>Za optimalan rezultat Active Luxe Hair Tonika, koristi ga u kombinaciji s <strong>Active Luxe Hair \u0161amponom<\/strong> za suho\/normalno ili masno vlasi\u0161te.<\/p>\n<p>Tonik ne masti kosu. Po\u010dni ga upotrebljavati \u010dim primijeti\u0161 prorje\u0111ivanje ili stanjivanje kose iznad \u010dela i na vrhu vlasi\u0161ta.<\/p>\n<p>Pri stalnoj, neprekinutoj upotrebi (najmanje 2x tjedno) primijetiti \u0107e\u0161:<\/p>\n<ul>\n<li>smanjeno ispadanje kose,<\/li>\n<li>gu\u0161\u0107u, bujniju kosu,<\/li>\n<li>mo\u0107niji korijen i nahranjenu kosu.<\/li>\n<\/ul>\n<div style=\"display: flex; align-items: center; gap: 20px; flex-wrap: wrap;\">\n<p>&nbsp;<\/p>\n<\/div>\n","protected":false},"excerpt":{"rendered":"<p><span data-sheets-root=\"1\" data-sheets-value=\"{&quot;1&quot;:2,&quot;2&quot;:&quot;Za prve vidljive znakove ispadanja kose, smanjuje gubitak kose i pove\u0107ava njenu gusto\u0107u&quot;}\" data-sheets-userformat=\"{&quot;2&quot;:769,&quot;3&quot;:{&quot;1&quot;:0},&quot;11&quot;:4,&quot;12&quot;:0}\" data-sheets-textstyleruns=\"{&quot;1&quot;:0}\uee10{&quot;1&quot;:41,&quot;2&quot;:{&quot;2&quot;:{&quot;1&quot;:2,&quot;2&quot;:16739585}}}\">Sadr\u017ei aktivne patentirane sastojke koji klini\u010dki dokazano smanjuju gubitak kose za 46% i pove\u0107avaju gusto\u0107u kose za 121%.<\/span><\/p>\n","protected":false},"featured_media":88092,"comment_status":"open","ping_status":"closed","template":"","meta":[],"product_brand":[],"product_cat":[98,53],"product_tag":[113],"class_list":{"0":"post-88028","1":"product","2":"type-product","3":"status-publish","4":"has-post-thumbnail","6":"product_cat-ulja-serumi-tonici","7":"product_cat-kosa","8":"product_tag-zene","10":"first","11":"instock","12":"taxable","13":"shipping-taxable","14":"purchasable","15":"product-type-simple"},"bundled_by":[],"bundle_stock_status":"instock","bundle_stock_quantity":null,"bundle_virtual":false,"bundle_layout":"","bundle_add_to_cart_form_location":"","bundle_editable_in_cart":false,"bundle_sold_individually_context":"","bundle_item_grouping":"","bundle_min_size":"","bundle_max_size":"","bundled_items":[],"acf":[],"yoast_head":"<!-- This site is optimized with the Yoast SEO plugin v26.5 - https:\/\/yoast.com\/wordpress\/plugins\/seo\/ -->\n<title>Tonik za aktivni rast kose - Active Luxe Cosmetics<\/title>\n<meta name=\"description\" content=\"Za rast kose Active Luxe tonik. Smanjeni gubitak kose za 46%. Ve\u0107a gusto\u0107a kose za 121% \ud83d\udc69\u200d\ud83e\uddb1 Klini\u010dki testiran i dokazano djelotvoran za opadanje kose.\" \/>\n<meta name=\"robots\" content=\"index, follow, max-snippet:-1, max-image-preview:large, max-video-preview:-1\" \/>\n<link rel=\"canonical\" href=\"https:\/\/activeluxe-cosmetics.com\/hr\/proizvod\/tonik-za-aktivni-rast-kose-s-trojnim-djelovanjem\/\" \/>\n<meta property=\"og:locale\" content=\"hr_HR\" \/>\n<meta property=\"og:type\" content=\"article\" \/>\n<meta property=\"og:title\" content=\"Tonik za aktivni rast kose - Active Luxe Cosmetics\" \/>\n<meta property=\"og:description\" content=\"Za rast kose Active Luxe tonik. Smanjeni gubitak kose za 46%. Ve\u0107a gusto\u0107a kose za 121% \ud83d\udc69\u200d\ud83e\uddb1 Klini\u010dki testiran i dokazano djelotvoran za opadanje kose.\" \/>\n<meta property=\"og:url\" content=\"https:\/\/activeluxe-cosmetics.com\/hr\/proizvod\/tonik-za-aktivni-rast-kose-s-trojnim-djelovanjem\/\" \/>\n<meta property=\"og:site_name\" content=\"Active Luxe Cosmetics\" \/>\n<meta property=\"article:modified_time\" content=\"2026-03-25T09:53:47+00:00\" \/>\n<meta property=\"og:image\" content=\"https:\/\/activeluxe-cosmetics.com\/hr\/wp-content\/uploads\/2024\/10\/40_Tonic-1.jpg\" \/>\n\t<meta property=\"og:image:width\" content=\"1104\" \/>\n\t<meta property=\"og:image:height\" content=\"1326\" \/>\n\t<meta property=\"og:image:type\" content=\"image\/jpeg\" \/>\n<meta name=\"twitter:card\" content=\"summary_large_image\" \/>\n<meta name=\"twitter:label1\" content=\"Procijenjeno vrijeme \u010ditanja\" \/>\n\t<meta name=\"twitter:data1\" content=\"3 minute\" \/>\n<script type=\"application\/ld+json\" class=\"yoast-schema-graph\">{\"@context\":\"https:\/\/schema.org\",\"@graph\":[{\"@type\":\"WebPage\",\"@id\":\"https:\/\/activeluxe-cosmetics.com\/hr\/proizvod\/tonik-za-aktivni-rast-kose-s-trojnim-djelovanjem\/\",\"url\":\"https:\/\/activeluxe-cosmetics.com\/hr\/proizvod\/tonik-za-aktivni-rast-kose-s-trojnim-djelovanjem\/\",\"name\":\"Tonik za aktivni rast kose - Active Luxe Cosmetics\",\"isPartOf\":{\"@id\":\"https:\/\/activeluxe-cosmetics.com\/hr\/#website\"},\"primaryImageOfPage\":{\"@id\":\"https:\/\/activeluxe-cosmetics.com\/hr\/proizvod\/tonik-za-aktivni-rast-kose-s-trojnim-djelovanjem\/#primaryimage\"},\"image\":{\"@id\":\"https:\/\/activeluxe-cosmetics.com\/hr\/proizvod\/tonik-za-aktivni-rast-kose-s-trojnim-djelovanjem\/#primaryimage\"},\"thumbnailUrl\":\"https:\/\/activeluxe-cosmetics.com\/hr\/wp-content\/uploads\/2024\/10\/40_Tonic-1.jpg\",\"datePublished\":\"2024-10-22T11:01:32+00:00\",\"dateModified\":\"2026-03-25T09:53:47+00:00\",\"description\":\"Za rast kose Active Luxe tonik. Smanjeni gubitak kose za 46%. Ve\u0107a gusto\u0107a kose za 121% \ud83d\udc69\u200d\ud83e\uddb1 Klini\u010dki testiran i dokazano djelotvoran za opadanje kose.\",\"breadcrumb\":{\"@id\":\"https:\/\/activeluxe-cosmetics.com\/hr\/proizvod\/tonik-za-aktivni-rast-kose-s-trojnim-djelovanjem\/#breadcrumb\"},\"inLanguage\":\"hr\",\"potentialAction\":[{\"@type\":\"ReadAction\",\"target\":[\"https:\/\/activeluxe-cosmetics.com\/hr\/proizvod\/tonik-za-aktivni-rast-kose-s-trojnim-djelovanjem\/\"]}]},{\"@type\":\"ImageObject\",\"inLanguage\":\"hr\",\"@id\":\"https:\/\/activeluxe-cosmetics.com\/hr\/proizvod\/tonik-za-aktivni-rast-kose-s-trojnim-djelovanjem\/#primaryimage\",\"url\":\"https:\/\/activeluxe-cosmetics.com\/hr\/wp-content\/uploads\/2024\/10\/40_Tonic-1.jpg\",\"contentUrl\":\"https:\/\/activeluxe-cosmetics.com\/hr\/wp-content\/uploads\/2024\/10\/40_Tonic-1.jpg\",\"width\":1104,\"height\":1326},{\"@type\":\"BreadcrumbList\",\"@id\":\"https:\/\/activeluxe-cosmetics.com\/hr\/proizvod\/tonik-za-aktivni-rast-kose-s-trojnim-djelovanjem\/#breadcrumb\",\"itemListElement\":[{\"@type\":\"ListItem\",\"position\":1,\"name\":\"Naslovnica\",\"item\":\"https:\/\/activeluxe-cosmetics.com\/hr\/\"},{\"@type\":\"ListItem\",\"position\":2,\"name\":\"Trgovina\",\"item\":\"https:\/\/activeluxe-cosmetics.com\/hr\/trgovina\/\"},{\"@type\":\"ListItem\",\"position\":3,\"name\":\"Tonik za aktivni rast kose s trojnim djelovanjem\"}]},{\"@type\":\"WebSite\",\"@id\":\"https:\/\/activeluxe-cosmetics.com\/hr\/#website\",\"url\":\"https:\/\/activeluxe-cosmetics.com\/hr\/\",\"name\":\"Active Luxe Cosmetics\",\"description\":\"\",\"potentialAction\":[{\"@type\":\"SearchAction\",\"target\":{\"@type\":\"EntryPoint\",\"urlTemplate\":\"https:\/\/activeluxe-cosmetics.com\/hr\/?s={search_term_string}\"},\"query-input\":{\"@type\":\"PropertyValueSpecification\",\"valueRequired\":true,\"valueName\":\"search_term_string\"}}],\"inLanguage\":\"hr\"}]}<\/script>\n<!-- \/ Yoast SEO plugin. -->","yoast_head_json":{"title":"Tonik za aktivni rast kose - Active Luxe Cosmetics","description":"Za rast kose Active Luxe tonik. Smanjeni gubitak kose za 46%. Ve\u0107a gusto\u0107a kose za 121% \ud83d\udc69\u200d\ud83e\uddb1 Klini\u010dki testiran i dokazano djelotvoran za opadanje kose.","robots":{"index":"index","follow":"follow","max-snippet":"max-snippet:-1","max-image-preview":"max-image-preview:large","max-video-preview":"max-video-preview:-1"},"canonical":"https:\/\/activeluxe-cosmetics.com\/hr\/proizvod\/tonik-za-aktivni-rast-kose-s-trojnim-djelovanjem\/","og_locale":"hr_HR","og_type":"article","og_title":"Tonik za aktivni rast kose - Active Luxe Cosmetics","og_description":"Za rast kose Active Luxe tonik. Smanjeni gubitak kose za 46%. Ve\u0107a gusto\u0107a kose za 121% \ud83d\udc69\u200d\ud83e\uddb1 Klini\u010dki testiran i dokazano djelotvoran za opadanje kose.","og_url":"https:\/\/activeluxe-cosmetics.com\/hr\/proizvod\/tonik-za-aktivni-rast-kose-s-trojnim-djelovanjem\/","og_site_name":"Active Luxe Cosmetics","article_modified_time":"2026-03-25T09:53:47+00:00","og_image":[{"width":1104,"height":1326,"url":"https:\/\/activeluxe-cosmetics.com\/hr\/wp-content\/uploads\/2024\/10\/40_Tonic-1.jpg","type":"image\/jpeg"}],"twitter_card":"summary_large_image","twitter_misc":{"Procijenjeno vrijeme \u010ditanja":"3 minute"},"schema":{"@context":"https:\/\/schema.org","@graph":[{"@type":"WebPage","@id":"https:\/\/activeluxe-cosmetics.com\/hr\/proizvod\/tonik-za-aktivni-rast-kose-s-trojnim-djelovanjem\/","url":"https:\/\/activeluxe-cosmetics.com\/hr\/proizvod\/tonik-za-aktivni-rast-kose-s-trojnim-djelovanjem\/","name":"Tonik za aktivni rast kose - Active Luxe Cosmetics","isPartOf":{"@id":"https:\/\/activeluxe-cosmetics.com\/hr\/#website"},"primaryImageOfPage":{"@id":"https:\/\/activeluxe-cosmetics.com\/hr\/proizvod\/tonik-za-aktivni-rast-kose-s-trojnim-djelovanjem\/#primaryimage"},"image":{"@id":"https:\/\/activeluxe-cosmetics.com\/hr\/proizvod\/tonik-za-aktivni-rast-kose-s-trojnim-djelovanjem\/#primaryimage"},"thumbnailUrl":"https:\/\/activeluxe-cosmetics.com\/hr\/wp-content\/uploads\/2024\/10\/40_Tonic-1.jpg","datePublished":"2024-10-22T11:01:32+00:00","dateModified":"2026-03-25T09:53:47+00:00","description":"Za rast kose Active Luxe tonik. Smanjeni gubitak kose za 46%. Ve\u0107a gusto\u0107a kose za 121% \ud83d\udc69\u200d\ud83e\uddb1 Klini\u010dki testiran i dokazano djelotvoran za opadanje kose.","breadcrumb":{"@id":"https:\/\/activeluxe-cosmetics.com\/hr\/proizvod\/tonik-za-aktivni-rast-kose-s-trojnim-djelovanjem\/#breadcrumb"},"inLanguage":"hr","potentialAction":[{"@type":"ReadAction","target":["https:\/\/activeluxe-cosmetics.com\/hr\/proizvod\/tonik-za-aktivni-rast-kose-s-trojnim-djelovanjem\/"]}]},{"@type":"ImageObject","inLanguage":"hr","@id":"https:\/\/activeluxe-cosmetics.com\/hr\/proizvod\/tonik-za-aktivni-rast-kose-s-trojnim-djelovanjem\/#primaryimage","url":"https:\/\/activeluxe-cosmetics.com\/hr\/wp-content\/uploads\/2024\/10\/40_Tonic-1.jpg","contentUrl":"https:\/\/activeluxe-cosmetics.com\/hr\/wp-content\/uploads\/2024\/10\/40_Tonic-1.jpg","width":1104,"height":1326},{"@type":"BreadcrumbList","@id":"https:\/\/activeluxe-cosmetics.com\/hr\/proizvod\/tonik-za-aktivni-rast-kose-s-trojnim-djelovanjem\/#breadcrumb","itemListElement":[{"@type":"ListItem","position":1,"name":"Naslovnica","item":"https:\/\/activeluxe-cosmetics.com\/hr\/"},{"@type":"ListItem","position":2,"name":"Trgovina","item":"https:\/\/activeluxe-cosmetics.com\/hr\/trgovina\/"},{"@type":"ListItem","position":3,"name":"Tonik za aktivni rast kose s trojnim djelovanjem"}]},{"@type":"WebSite","@id":"https:\/\/activeluxe-cosmetics.com\/hr\/#website","url":"https:\/\/activeluxe-cosmetics.com\/hr\/","name":"Active Luxe Cosmetics","description":"","potentialAction":[{"@type":"SearchAction","target":{"@type":"EntryPoint","urlTemplate":"https:\/\/activeluxe-cosmetics.com\/hr\/?s={search_term_string}"},"query-input":{"@type":"PropertyValueSpecification","valueRequired":true,"valueName":"search_term_string"}}],"inLanguage":"hr"}]}},"_links":{"self":[{"href":"https:\/\/activeluxe-cosmetics.com\/hr\/wp-json\/wp\/v2\/product\/88028","targetHints":{"allow":["GET"]}}],"collection":[{"href":"https:\/\/activeluxe-cosmetics.com\/hr\/wp-json\/wp\/v2\/product"}],"about":[{"href":"https:\/\/activeluxe-cosmetics.com\/hr\/wp-json\/wp\/v2\/types\/product"}],"replies":[{"embeddable":true,"href":"https:\/\/activeluxe-cosmetics.com\/hr\/wp-json\/wp\/v2\/comments?post=88028"}],"wp:featuredmedia":[{"embeddable":true,"href":"https:\/\/activeluxe-cosmetics.com\/hr\/wp-json\/wp\/v2\/media\/88092"}],"wp:attachment":[{"href":"https:\/\/activeluxe-cosmetics.com\/hr\/wp-json\/wp\/v2\/media?parent=88028"}],"wp:term":[{"taxonomy":"product_brand","embeddable":true,"href":"https:\/\/activeluxe-cosmetics.com\/hr\/wp-json\/wp\/v2\/product_brand?post=88028"},{"taxonomy":"product_cat","embeddable":true,"href":"https:\/\/activeluxe-cosmetics.com\/hr\/wp-json\/wp\/v2\/product_cat?post=88028"},{"taxonomy":"product_tag","embeddable":true,"href":"https:\/\/activeluxe-cosmetics.com\/hr\/wp-json\/wp\/v2\/product_tag?post=88028"}],"curies":[{"name":"wp","href":"https:\/\/api.w.org\/{rel}","templated":true}]}}