{"id":86573,"date":"2024-08-28T10:52:26","date_gmt":"2024-08-28T10:52:26","guid":{"rendered":"https:\/\/activeluxe-cosmetics.com\/hr\/?post_type=product&#038;p=86573"},"modified":"2026-01-05T13:51:27","modified_gmt":"2026-01-05T13:51:27","slug":"define-lash-maskara","status":"publish","type":"product","link":"https:\/\/activeluxe-cosmetics.com\/hr\/proizvod\/define-lash-maskara\/","title":{"rendered":"Define Lash Maskara"},"content":{"rendered":"<h2><b><img loading=\"lazy\" decoding=\"async\" class=\"size-full wp-image-86574 alignright\" src=\"https:\/\/activeluxe-cosmetics.com\/hr\/wp-content\/uploads\/2024\/08\/Izdelek-brez-naslova-28-1-460x575-1.png\" alt=\"\" width=\"460\" height=\"575\" \/><\/b><\/h2>\n<h2><b>Potpuno definirane<\/b><b> trepavice<\/b> za nezaustavljivo privla\u010dan pogled<b><\/b><\/h2>\n<p>Define Lash Maskara tvoja je nova tajna <strong>za savr\u0161eno definirane i zavodljive trepavice<\/strong>. S inovativnom \u010detkicom u obliku sto\u0161ca i naprednom formulom, maskara \u0107e osigurati da tvoje trepavice budu <strong>du\u017ee, bolje definirane i nevjerojatno voluminozne.<\/strong><\/p>\n<p>Kada jednom isproba\u0161 Define Lash Maskaru, ne\u0107e\u0161 \u017eeljeti koristiti nijednu drugu!<\/p>\n<ul>\n<li><strong>Izuzetan volumen i du\u017eina<\/strong>: definiraj svaku trepavicu uz dramati\u010dan volumen.<\/li>\n<li><strong>Dugotrajna postojanost<\/strong>: Osigurava cjelodnevnu postojanost bez kompromisa, bez obzira kako tvoj dan izgledao.<\/li>\n<li><strong>Njeguju\u0107a mo\u0107<\/strong>: Njena formula, oboga\u0107ena prirodnim uljima i vitaminima, ja\u010da trepavice, njeguje ih i \u0161titi od lomljenja. Tvoje trepavice ne\u0107e samo izgledati ljep\u0161e, ve\u0107 i zdravije.<\/li>\n<li><strong>Savr\u0161ena preciznost<\/strong>: posebno dizajnirana \u010detkica omogu\u0107uje precizno nano\u0161enje, koje dose\u017ee \u010dak i najkra\u0107e trepavice.<\/li>\n<\/ul>\n<h2 style=\"text-align: center; clear: both;\"><\/h2>\n<h2><span data-sheets-root=\"1\" data-sheets-value=\"{&quot;1&quot;:2,&quot;2&quot;:&quot;Fina struktura na tvojim trepavicama koja ih produ\u017euje i otvara&quot;}\" data-sheets-userformat=\"{&quot;2&quot;:20864,&quot;10&quot;:2,&quot;11&quot;:4,&quot;15&quot;:&quot;Arial&quot;,&quot;17&quot;:1}\"><img loading=\"lazy\" decoding=\"async\" class=\"size-medium wp-image-87523 alignleft\" src=\"https:\/\/cdn.activeluxe-cosmetics.com\/sl\/wp-content\/uploads\/2024\/08\/20084215\/Izdelek-brez-naslova-27-1-460x575.png\" alt=\"\" width=\"460\" height=\"575\" \/><\/span><\/h2>\n<h2>Kako Define Lash maskara <strong>skra\u0107uje vrijeme tvog \u0161minkanja<\/strong>?<\/h2>\n<p><strong>Duge, voluminozne i savr\u0161eno definirane<\/strong> trepavice mo\u017ee\u0161 posti\u0107i u svega <strong>dva poteza rukom<\/strong>.<\/p>\n<p>Tajna je u sto\u017eastoj \u010detkici koja svojim tanjim krajem <strong>omogu\u0107uje da izvu\u010dete \u010dak i najmanje trepavice u kutevima o\u010diju, bez razmazivanja<\/strong>, a debljim krajem u isto vrijeme <strong>fino definira duge trepavice po sredini oka<\/strong>.<\/p>\n<p>Svojim oblikom tako\u0111er <strong>podi\u017ee i uvija trepavice<\/strong> \u0161to otvara pogled i stvara efekt ve\u0107ih, \u0161irom otvorenih o\u010diju. Zbog ultra meke strukture, mo\u017ee\u0161 lako nanijeti vi\u0161e slojeva maskare, <strong>bez straha od sljepljivanja.<\/strong><\/p>\n<p>Define Lash maskara je <strong>hipoalergena i pogodna za osjetljive o\u010di.<\/strong> Ova maskara je pa\u017eljivo razvijena s mislima na \u017eene s osjetljivim o\u010dima. Ne sadr\u017ei iritantne sastojke, \u0161to je \u010dini potpuno sigurnom za svakodnevnu upotrebu, \u010dak i uz no\u0161enje kontaktnih le\u0107a.<\/p>\n<h2 style=\"text-align: center; clear: both;\"><\/h2>\n<h2><img loading=\"lazy\" decoding=\"async\" class=\"size-medium wp-image-87524 alignright\" src=\"https:\/\/cdn.activeluxe-cosmetics.com\/sl\/wp-content\/uploads\/2024\/08\/20084247\/Izdelek-brez-naslova-26-1-460x575.png\" alt=\"\" width=\"460\" height=\"575\" \/><\/h2>\n<h2>Odu\u0161evi svojim pogledom <b>s potpuno definiranim trepavicama<\/b><\/h2>\n<div style=\"display: flex; align-items: center; gap: 20px; flex-wrap: wrap;\">\n<p>Define Lash posebno je osmi\u0161ljena za \u017eene koje \u017eele <strong>precizno definirane, produ\u017eene i pune trepavice.<\/strong> S najnovijom tehnologijom \u010detkice i inovativnom formulom, ve\u0107 s jednim nanosom<strong> savr\u0161eno \u0107e\u0161 definirati<\/strong> svaku trepavicu <strong>pojedina\u010dno, bez grudica i otisaka na kapcima.<\/strong><\/p>\n<ul>\n<li><strong>Precizna \u010detkica<\/strong>: Zahvaljuju\u0107i posebno dizajniranoj \u010detkici, lako \u0107e\u0161 nanijeti maskaru, \u010dak i na najnedostupnijim mjestima.<\/li>\n<li><strong>Dugotrajna postojanost<\/strong>: Define Lash maskara osigurava cjelodnevnu postojanost, tako da <strong>ne mora\u0161 brinuti o razmazivanju ili blije\u0111enju<\/strong>.<\/li>\n<li><strong>Njeguju\u0107a formula<\/strong>: Oboga\u0107ena hranjivim sastojcima, koji njeguju tvoje trepavice.<\/li>\n<\/ul>\n<\/div>\n","protected":false},"excerpt":{"rendered":"<p>Izuzetan volumen i savr\u0161ena definicija trepavica. Inovativna \u010detkica u obliku sto\u0161ca.<\/p>\n","protected":false},"featured_media":86704,"comment_status":"open","ping_status":"closed","template":"","meta":[],"product_brand":[],"product_cat":[48,77],"product_tag":[],"class_list":{"0":"post-86573","1":"product","2":"type-product","3":"status-publish","4":"has-post-thumbnail","6":"product_cat-trepavice","7":"product_cat-makeup","9":"first","10":"instock","11":"taxable","12":"shipping-taxable","13":"purchasable","14":"product-type-simple"},"bundled_by":[],"bundle_stock_status":"instock","bundle_stock_quantity":null,"bundle_virtual":false,"bundle_layout":"","bundle_add_to_cart_form_location":"","bundle_editable_in_cart":false,"bundle_sold_individually_context":"","bundle_item_grouping":"","bundle_min_size":"","bundle_max_size":"","bundled_items":[],"acf":[],"yoast_head":"<!-- This site is optimized with the Yoast SEO plugin v26.5 - https:\/\/yoast.com\/wordpress\/plugins\/seo\/ -->\n<title>Maskara za volumen Define Lash - Active Luxe Cosmetics<\/title>\n<meta name=\"description\" content=\"Najbolja maskara za postizanje dugih, gustih trepavica u samo par poteza. Ne razmazuje se, ne rasipa i postojana je tijekom cijelog dana.\" \/>\n<meta name=\"robots\" content=\"index, follow, max-snippet:-1, max-image-preview:large, max-video-preview:-1\" \/>\n<link rel=\"canonical\" href=\"https:\/\/activeluxe-cosmetics.com\/hr\/proizvod\/define-lash-maskara\/\" \/>\n<meta property=\"og:locale\" content=\"hr_HR\" \/>\n<meta property=\"og:type\" content=\"article\" \/>\n<meta property=\"og:title\" content=\"Maskara za volumen Define Lash - Active Luxe Cosmetics\" \/>\n<meta property=\"og:description\" content=\"Najbolja maskara za postizanje dugih, gustih trepavica u samo par poteza. Ne razmazuje se, ne rasipa i postojana je tijekom cijelog dana.\" \/>\n<meta property=\"og:url\" content=\"https:\/\/activeluxe-cosmetics.com\/hr\/proizvod\/define-lash-maskara\/\" \/>\n<meta property=\"og:site_name\" content=\"Active Luxe Cosmetics\" \/>\n<meta property=\"article:modified_time\" content=\"2026-01-05T13:51:27+00:00\" \/>\n<meta property=\"og:image\" content=\"https:\/\/activeluxe-cosmetics.com\/hr\/wp-content\/uploads\/2024\/08\/26_Define-Lash-maskara_bez_punjenja.jpg\" \/>\n\t<meta property=\"og:image:width\" content=\"1104\" \/>\n\t<meta property=\"og:image:height\" content=\"1326\" \/>\n\t<meta property=\"og:image:type\" content=\"image\/jpeg\" \/>\n<meta name=\"twitter:card\" content=\"summary_large_image\" \/>\n<meta name=\"twitter:label1\" content=\"Procijenjeno vrijeme \u010ditanja\" \/>\n\t<meta name=\"twitter:data1\" content=\"3 minute\" \/>\n<script type=\"application\/ld+json\" class=\"yoast-schema-graph\">{\"@context\":\"https:\/\/schema.org\",\"@graph\":[{\"@type\":\"WebPage\",\"@id\":\"https:\/\/activeluxe-cosmetics.com\/hr\/proizvod\/define-lash-maskara\/\",\"url\":\"https:\/\/activeluxe-cosmetics.com\/hr\/proizvod\/define-lash-maskara\/\",\"name\":\"Maskara za volumen Define Lash - Active Luxe Cosmetics\",\"isPartOf\":{\"@id\":\"https:\/\/activeluxe-cosmetics.com\/hr\/#website\"},\"primaryImageOfPage\":{\"@id\":\"https:\/\/activeluxe-cosmetics.com\/hr\/proizvod\/define-lash-maskara\/#primaryimage\"},\"image\":{\"@id\":\"https:\/\/activeluxe-cosmetics.com\/hr\/proizvod\/define-lash-maskara\/#primaryimage\"},\"thumbnailUrl\":\"https:\/\/activeluxe-cosmetics.com\/hr\/wp-content\/uploads\/2024\/08\/26_Define-Lash-maskara_bez_punjenja.jpg\",\"datePublished\":\"2024-08-28T10:52:26+00:00\",\"dateModified\":\"2026-01-05T13:51:27+00:00\",\"description\":\"Najbolja maskara za postizanje dugih, gustih trepavica u samo par poteza. Ne razmazuje se, ne rasipa i postojana je tijekom cijelog dana.\",\"breadcrumb\":{\"@id\":\"https:\/\/activeluxe-cosmetics.com\/hr\/proizvod\/define-lash-maskara\/#breadcrumb\"},\"inLanguage\":\"hr\",\"potentialAction\":[{\"@type\":\"ReadAction\",\"target\":[\"https:\/\/activeluxe-cosmetics.com\/hr\/proizvod\/define-lash-maskara\/\"]}]},{\"@type\":\"ImageObject\",\"inLanguage\":\"hr\",\"@id\":\"https:\/\/activeluxe-cosmetics.com\/hr\/proizvod\/define-lash-maskara\/#primaryimage\",\"url\":\"https:\/\/activeluxe-cosmetics.com\/hr\/wp-content\/uploads\/2024\/08\/26_Define-Lash-maskara_bez_punjenja.jpg\",\"contentUrl\":\"https:\/\/activeluxe-cosmetics.com\/hr\/wp-content\/uploads\/2024\/08\/26_Define-Lash-maskara_bez_punjenja.jpg\",\"width\":1104,\"height\":1326},{\"@type\":\"BreadcrumbList\",\"@id\":\"https:\/\/activeluxe-cosmetics.com\/hr\/proizvod\/define-lash-maskara\/#breadcrumb\",\"itemListElement\":[{\"@type\":\"ListItem\",\"position\":1,\"name\":\"Naslovnica\",\"item\":\"https:\/\/activeluxe-cosmetics.com\/hr\/\"},{\"@type\":\"ListItem\",\"position\":2,\"name\":\"Trgovina\",\"item\":\"https:\/\/activeluxe-cosmetics.com\/hr\/trgovina\/\"},{\"@type\":\"ListItem\",\"position\":3,\"name\":\"Define Lash Maskara\"}]},{\"@type\":\"WebSite\",\"@id\":\"https:\/\/activeluxe-cosmetics.com\/hr\/#website\",\"url\":\"https:\/\/activeluxe-cosmetics.com\/hr\/\",\"name\":\"Active Luxe Cosmetics\",\"description\":\"\",\"potentialAction\":[{\"@type\":\"SearchAction\",\"target\":{\"@type\":\"EntryPoint\",\"urlTemplate\":\"https:\/\/activeluxe-cosmetics.com\/hr\/?s={search_term_string}\"},\"query-input\":{\"@type\":\"PropertyValueSpecification\",\"valueRequired\":true,\"valueName\":\"search_term_string\"}}],\"inLanguage\":\"hr\"}]}<\/script>\n<!-- \/ Yoast SEO plugin. -->","yoast_head_json":{"title":"Maskara za volumen Define Lash - Active Luxe Cosmetics","description":"Najbolja maskara za postizanje dugih, gustih trepavica u samo par poteza. Ne razmazuje se, ne rasipa i postojana je tijekom cijelog dana.","robots":{"index":"index","follow":"follow","max-snippet":"max-snippet:-1","max-image-preview":"max-image-preview:large","max-video-preview":"max-video-preview:-1"},"canonical":"https:\/\/activeluxe-cosmetics.com\/hr\/proizvod\/define-lash-maskara\/","og_locale":"hr_HR","og_type":"article","og_title":"Maskara za volumen Define Lash - Active Luxe Cosmetics","og_description":"Najbolja maskara za postizanje dugih, gustih trepavica u samo par poteza. Ne razmazuje se, ne rasipa i postojana je tijekom cijelog dana.","og_url":"https:\/\/activeluxe-cosmetics.com\/hr\/proizvod\/define-lash-maskara\/","og_site_name":"Active Luxe Cosmetics","article_modified_time":"2026-01-05T13:51:27+00:00","og_image":[{"width":1104,"height":1326,"url":"https:\/\/activeluxe-cosmetics.com\/hr\/wp-content\/uploads\/2024\/08\/26_Define-Lash-maskara_bez_punjenja.jpg","type":"image\/jpeg"}],"twitter_card":"summary_large_image","twitter_misc":{"Procijenjeno vrijeme \u010ditanja":"3 minute"},"schema":{"@context":"https:\/\/schema.org","@graph":[{"@type":"WebPage","@id":"https:\/\/activeluxe-cosmetics.com\/hr\/proizvod\/define-lash-maskara\/","url":"https:\/\/activeluxe-cosmetics.com\/hr\/proizvod\/define-lash-maskara\/","name":"Maskara za volumen Define Lash - Active Luxe Cosmetics","isPartOf":{"@id":"https:\/\/activeluxe-cosmetics.com\/hr\/#website"},"primaryImageOfPage":{"@id":"https:\/\/activeluxe-cosmetics.com\/hr\/proizvod\/define-lash-maskara\/#primaryimage"},"image":{"@id":"https:\/\/activeluxe-cosmetics.com\/hr\/proizvod\/define-lash-maskara\/#primaryimage"},"thumbnailUrl":"https:\/\/activeluxe-cosmetics.com\/hr\/wp-content\/uploads\/2024\/08\/26_Define-Lash-maskara_bez_punjenja.jpg","datePublished":"2024-08-28T10:52:26+00:00","dateModified":"2026-01-05T13:51:27+00:00","description":"Najbolja maskara za postizanje dugih, gustih trepavica u samo par poteza. Ne razmazuje se, ne rasipa i postojana je tijekom cijelog dana.","breadcrumb":{"@id":"https:\/\/activeluxe-cosmetics.com\/hr\/proizvod\/define-lash-maskara\/#breadcrumb"},"inLanguage":"hr","potentialAction":[{"@type":"ReadAction","target":["https:\/\/activeluxe-cosmetics.com\/hr\/proizvod\/define-lash-maskara\/"]}]},{"@type":"ImageObject","inLanguage":"hr","@id":"https:\/\/activeluxe-cosmetics.com\/hr\/proizvod\/define-lash-maskara\/#primaryimage","url":"https:\/\/activeluxe-cosmetics.com\/hr\/wp-content\/uploads\/2024\/08\/26_Define-Lash-maskara_bez_punjenja.jpg","contentUrl":"https:\/\/activeluxe-cosmetics.com\/hr\/wp-content\/uploads\/2024\/08\/26_Define-Lash-maskara_bez_punjenja.jpg","width":1104,"height":1326},{"@type":"BreadcrumbList","@id":"https:\/\/activeluxe-cosmetics.com\/hr\/proizvod\/define-lash-maskara\/#breadcrumb","itemListElement":[{"@type":"ListItem","position":1,"name":"Naslovnica","item":"https:\/\/activeluxe-cosmetics.com\/hr\/"},{"@type":"ListItem","position":2,"name":"Trgovina","item":"https:\/\/activeluxe-cosmetics.com\/hr\/trgovina\/"},{"@type":"ListItem","position":3,"name":"Define Lash Maskara"}]},{"@type":"WebSite","@id":"https:\/\/activeluxe-cosmetics.com\/hr\/#website","url":"https:\/\/activeluxe-cosmetics.com\/hr\/","name":"Active Luxe Cosmetics","description":"","potentialAction":[{"@type":"SearchAction","target":{"@type":"EntryPoint","urlTemplate":"https:\/\/activeluxe-cosmetics.com\/hr\/?s={search_term_string}"},"query-input":{"@type":"PropertyValueSpecification","valueRequired":true,"valueName":"search_term_string"}}],"inLanguage":"hr"}]}},"_links":{"self":[{"href":"https:\/\/activeluxe-cosmetics.com\/hr\/wp-json\/wp\/v2\/product\/86573","targetHints":{"allow":["GET"]}}],"collection":[{"href":"https:\/\/activeluxe-cosmetics.com\/hr\/wp-json\/wp\/v2\/product"}],"about":[{"href":"https:\/\/activeluxe-cosmetics.com\/hr\/wp-json\/wp\/v2\/types\/product"}],"replies":[{"embeddable":true,"href":"https:\/\/activeluxe-cosmetics.com\/hr\/wp-json\/wp\/v2\/comments?post=86573"}],"wp:featuredmedia":[{"embeddable":true,"href":"https:\/\/activeluxe-cosmetics.com\/hr\/wp-json\/wp\/v2\/media\/86704"}],"wp:attachment":[{"href":"https:\/\/activeluxe-cosmetics.com\/hr\/wp-json\/wp\/v2\/media?parent=86573"}],"wp:term":[{"taxonomy":"product_brand","embeddable":true,"href":"https:\/\/activeluxe-cosmetics.com\/hr\/wp-json\/wp\/v2\/product_brand?post=86573"},{"taxonomy":"product_cat","embeddable":true,"href":"https:\/\/activeluxe-cosmetics.com\/hr\/wp-json\/wp\/v2\/product_cat?post=86573"},{"taxonomy":"product_tag","embeddable":true,"href":"https:\/\/activeluxe-cosmetics.com\/hr\/wp-json\/wp\/v2\/product_tag?post=86573"}],"curies":[{"name":"wp","href":"https:\/\/api.w.org\/{rel}","templated":true}]}}