{"id":85734,"date":"2024-07-22T08:13:55","date_gmt":"2024-07-22T08:13:55","guid":{"rendered":"https:\/\/activeluxe-cosmetics.com\/hr\/?post_type=product&#038;p=85734"},"modified":"2026-04-17T21:22:40","modified_gmt":"2026-04-17T21:22:40","slug":"hidratantni-anti-age-serum-za-lice","status":"publish","type":"product","link":"https:\/\/activeluxe-cosmetics.com\/hr\/proizvod\/hidratantni-anti-age-serum-za-lice\/","title":{"rendered":"Hidratantni anti age serum za lice"},"content":{"rendered":"<p>&nbsp;<\/p>\r\n\r\n<div class=\"wp-block-columns izdelek-ikone is-layout-flex wp-container-core-columns-is-layout-9d6595d7 wp-block-columns-is-layout-flex\">\r\n<div class=\"wp-block-column is-layout-flow wp-block-column-is-layout-flow\"><\/div>\r\n<\/div>\r\n<div class=\"wp-block-columns\">\r\n<div class=\"wp-block-column\"><img loading=\"lazy\" decoding=\"async\" class=\" wp-image-91351 alignright\" src=\"https:\/\/activeluxe-cosmetics.com\/hr\/wp-content\/uploads\/2024\/07\/serum-za-obraz-460x575.png\" alt=\"\" width=\"435\" height=\"544\" srcset=\"https:\/\/activeluxe-cosmetics.com\/hr\/wp-content\/uploads\/2024\/07\/serum-za-obraz-460x575.png 460w, https:\/\/activeluxe-cosmetics.com\/hr\/wp-content\/uploads\/2024\/07\/serum-za-obraz-819x1024.png 819w, https:\/\/activeluxe-cosmetics.com\/hr\/wp-content\/uploads\/2024\/07\/serum-za-obraz-768x960.png 768w, https:\/\/activeluxe-cosmetics.com\/hr\/wp-content\/uploads\/2024\/07\/serum-za-obraz-600x750.png 600w, https:\/\/activeluxe-cosmetics.com\/hr\/wp-content\/uploads\/2024\/07\/serum-za-obraz.png 1080w\" sizes=\"auto, (max-width: 435px) 100vw, 435px\" \/>\r\n<h2><strong>Intenzivno hidratizirana <\/strong>i pomla\u0111ena ko\u017ea<\/h2>\r\n<p>Otkrij tajnu <strong>nevjerojatno hidratizirane <\/strong>i<strong> mladena\u010dke ko\u017ee<\/strong> s na\u0161im vrhunskim hidratantnim serumom za lice. Ova jedinstvena formula zasnovana je na principu koji djeluje na iznimnu<strong> hidrataciju, pomla\u0111ivanje i anti -age u\u010dinak.\u00a0<\/strong><\/p>\r\n<p>Blagotvorni serum za njegu lica, vrata i dekoltea uz iznimnu kombinaciju izabranih sastojaka:<\/p>\r\n<ul>\r\n<li aria-level=\"1\"><strong>usporava uranjeno starenje ko\u017ee<\/strong> te<\/li>\r\n<li aria-level=\"1\"><strong>\u0161titi<\/strong>,\u00a0<strong>obnavlja<\/strong> i <b>umiruje <\/b>osjetljivu te nadra\u017eenu ko\u017eu.<\/li>\r\n<\/ul>\r\n<p>Sinergija dragocjenog <b>maslinovog i<\/b>\u00a0<b>jojobinog <\/b>ulja dubinski vla\u017ei ko\u017eu te ju odr\u017eava mladom i svje\u017eom. Jojobino ulje sadr\u017ei <strong>prirodan oblik vitamina E<\/strong>, koji na ko\u017eu djeluje kao <strong>mo\u0107an antioksidant<\/strong> i \u0161titi stanice od \u0161tetnih vanjskih utjecaja.<\/p>\r\n<p><strong>Aktivni hidrolizirani extrakt iz crvenih algi<\/strong>\u00a0(Hydrolyzed Rhodophyceae Extract) nudi\u00a0<strong>nevjerojatno umirenje <\/strong>nadra\u017eene i osjetljive ko\u017ee, <strong>smanjuje crvenilo <\/strong>i<strong> bore <\/strong>te brine za <strong>zdraviju barijeru ko\u017ee<\/strong>.<\/p>\r\n<p>&nbsp;<\/p>\r\n<h2 style=\"text-align: center; clear: both;\">\u00a0<\/h2>\r\n<img loading=\"lazy\" decoding=\"async\" class=\"wp-image-85739  alignleft\" src=\"https:\/\/activeluxe-cosmetics.com\/hr\/wp-content\/uploads\/2024\/07\/Izdelek-brez-naslova-30-1-600x750-1-460x575.png\" alt=\"\" width=\"435\" height=\"544\" srcset=\"https:\/\/activeluxe-cosmetics.com\/hr\/wp-content\/uploads\/2024\/07\/Izdelek-brez-naslova-30-1-600x750-1-460x575.png 460w, https:\/\/activeluxe-cosmetics.com\/hr\/wp-content\/uploads\/2024\/07\/Izdelek-brez-naslova-30-1-600x750-1.png 600w\" sizes=\"auto, (max-width: 435px) 100vw, 435px\" \/>\r\n<h2>Klju\u010dne\u00a0<strong>prednosti seruma<\/strong><\/h2>\r\n<ul>\r\n<li><strong>Intenzivna hidratacija<\/strong>: serum dubinski vla\u017ei ko\u017eu, ostavlja dugotrajnu hidraciju i vla\u017enost. Rezultat je mekana, glatka i prozra\u010dna ko\u017ea kroz cijeli dan.<\/li>\r\n<li><strong>Pomla\u0111ivanje<\/strong>: Oboga\u0107ena mo\u0107nim antioksidantima i prirodnim sastojcima, na\u0161a formula smanjuje vidljivost dubokih linija i bora te poti\u010de prirodno obnavljanje ko\u017enih stanica. Ko\u017ea postaje \u010dvr\u0161\u0107a, elasti\u010dnija i mla\u0111a.<\/li>\r\n<li><strong>Anti-Age U\u010dinak<\/strong>: serum sadr\u017ei aktivne sastojke, koji djeluju protiv starenja i poma\u017eu umanjiti znakove starenja. Redovita uporaba poma\u017ee mla\u0111em izgledu ko\u017ee.<\/li>\r\n<li><strong>Lagana Struktura<\/strong>: Serum ima iznimno laganu teksturu, koja se brzo upija u ko\u017eu, a ne ostavlja mastan trag. Idealan je za sve tipove ko\u017ee i super se uklapa u tvoju svakodnevnu rutinu.<\/li>\r\n<li><b>Lako ga koristi\u0161 s ostalim proizvodima:<\/b> Do\u0107i \u0107e kao izvrstan dodatak tvojoj kremi za lice.<\/li>\r\n<\/ul>\r\n<p>&nbsp;<\/p>\r\n<h3 style=\"clear: both; max-width: 820px;\">\u00a0<\/h3>\r\n<div style=\"display: flex; align-items: center; gap: 20px; flex-wrap: wrap;\">\r\n<p style=\"max-width: 360px;\">\u00a0<\/p>\r\n<\/div>\r\n<\/div>\r\n<\/div>\r\n\r\n\r\n","protected":false},"excerpt":{"rendered":"<p>Anti-age, hidratantni, umiruju\u0107i serum za obnovljenu ko\u017enu barijeru. Za lice, vrat i dekolte.<\/p>\n","protected":false},"featured_media":91350,"comment_status":"open","ping_status":"closed","template":"","meta":[],"product_brand":[],"product_cat":[101,81],"product_tag":[],"class_list":{"0":"post-85734","1":"product","2":"type-product","3":"status-publish","4":"has-post-thumbnail","6":"product_cat-serumi-za-lice","7":"product_cat-lice-i-tijelo","9":"first","10":"instock","11":"taxable","12":"shipping-taxable","13":"purchasable","14":"product-type-simple"},"bundled_by":[],"bundle_stock_status":"instock","bundle_stock_quantity":67,"bundle_virtual":false,"bundle_layout":"","bundle_add_to_cart_form_location":"","bundle_editable_in_cart":false,"bundle_sold_individually_context":"","bundle_item_grouping":"","bundle_min_size":"","bundle_max_size":"","bundled_items":[],"acf":[],"yoast_head":"<!-- This site is optimized with the Yoast SEO plugin v26.5 - https:\/\/yoast.com\/wordpress\/plugins\/seo\/ -->\n<title>Hidratantni anti age serum za lice - Active Luxe Cosmetics<\/title>\n<meta name=\"description\" content=\"Anti-age, hidratantni, umiruju\u0107i serum za obnovljenu ko\u017enu barijeru. Za lice, vrat i dekolte. \u0160titi, obnavlja i umiruje osjetljivu te nadra\u017eenu ko\u017eu.\" \/>\n<meta name=\"robots\" content=\"index, follow, max-snippet:-1, max-image-preview:large, max-video-preview:-1\" \/>\n<link rel=\"canonical\" href=\"https:\/\/activeluxe-cosmetics.com\/hr\/proizvod\/hidratantni-anti-age-serum-za-lice\/\" \/>\n<meta property=\"og:locale\" content=\"hr_HR\" \/>\n<meta property=\"og:type\" content=\"article\" \/>\n<meta property=\"og:title\" content=\"Hidratantni anti age serum za lice - Active Luxe Cosmetics\" \/>\n<meta property=\"og:description\" content=\"Anti-age, hidratantni, umiruju\u0107i serum za obnovljenu ko\u017enu barijeru. Za lice, vrat i dekolte. \u0160titi, obnavlja i umiruje osjetljivu te nadra\u017eenu ko\u017eu.\" \/>\n<meta property=\"og:url\" content=\"https:\/\/activeluxe-cosmetics.com\/hr\/proizvod\/hidratantni-anti-age-serum-za-lice\/\" \/>\n<meta property=\"og:site_name\" content=\"Active Luxe Cosmetics\" \/>\n<meta property=\"article:modified_time\" content=\"2026-04-17T21:22:40+00:00\" \/>\n<meta property=\"og:image\" content=\"https:\/\/activeluxe-cosmetics.com\/hr\/wp-content\/uploads\/2024\/07\/55-Face-Serum-1.jpg\" \/>\n\t<meta property=\"og:image:width\" content=\"1104\" \/>\n\t<meta property=\"og:image:height\" content=\"1326\" \/>\n\t<meta property=\"og:image:type\" content=\"image\/jpeg\" \/>\n<meta name=\"twitter:card\" content=\"summary_large_image\" \/>\n<meta name=\"twitter:label1\" content=\"Procijenjeno vrijeme \u010ditanja\" \/>\n\t<meta name=\"twitter:data1\" content=\"2 minute\" \/>\n<script type=\"application\/ld+json\" class=\"yoast-schema-graph\">{\"@context\":\"https:\/\/schema.org\",\"@graph\":[{\"@type\":\"WebPage\",\"@id\":\"https:\/\/activeluxe-cosmetics.com\/hr\/proizvod\/hidratantni-anti-age-serum-za-lice\/\",\"url\":\"https:\/\/activeluxe-cosmetics.com\/hr\/proizvod\/hidratantni-anti-age-serum-za-lice\/\",\"name\":\"Hidratantni anti age serum za lice - Active Luxe Cosmetics\",\"isPartOf\":{\"@id\":\"https:\/\/activeluxe-cosmetics.com\/hr\/#website\"},\"primaryImageOfPage\":{\"@id\":\"https:\/\/activeluxe-cosmetics.com\/hr\/proizvod\/hidratantni-anti-age-serum-za-lice\/#primaryimage\"},\"image\":{\"@id\":\"https:\/\/activeluxe-cosmetics.com\/hr\/proizvod\/hidratantni-anti-age-serum-za-lice\/#primaryimage\"},\"thumbnailUrl\":\"https:\/\/activeluxe-cosmetics.com\/hr\/wp-content\/uploads\/2024\/07\/55-Face-Serum-1.jpg\",\"datePublished\":\"2024-07-22T08:13:55+00:00\",\"dateModified\":\"2026-04-17T21:22:40+00:00\",\"description\":\"Anti-age, hidratantni, umiruju\u0107i serum za obnovljenu ko\u017enu barijeru. Za lice, vrat i dekolte. \u0160titi, obnavlja i umiruje osjetljivu te nadra\u017eenu ko\u017eu.\",\"breadcrumb\":{\"@id\":\"https:\/\/activeluxe-cosmetics.com\/hr\/proizvod\/hidratantni-anti-age-serum-za-lice\/#breadcrumb\"},\"inLanguage\":\"hr\",\"potentialAction\":[{\"@type\":\"ReadAction\",\"target\":[\"https:\/\/activeluxe-cosmetics.com\/hr\/proizvod\/hidratantni-anti-age-serum-za-lice\/\"]}]},{\"@type\":\"ImageObject\",\"inLanguage\":\"hr\",\"@id\":\"https:\/\/activeluxe-cosmetics.com\/hr\/proizvod\/hidratantni-anti-age-serum-za-lice\/#primaryimage\",\"url\":\"https:\/\/activeluxe-cosmetics.com\/hr\/wp-content\/uploads\/2024\/07\/55-Face-Serum-1.jpg\",\"contentUrl\":\"https:\/\/activeluxe-cosmetics.com\/hr\/wp-content\/uploads\/2024\/07\/55-Face-Serum-1.jpg\",\"width\":1104,\"height\":1326},{\"@type\":\"BreadcrumbList\",\"@id\":\"https:\/\/activeluxe-cosmetics.com\/hr\/proizvod\/hidratantni-anti-age-serum-za-lice\/#breadcrumb\",\"itemListElement\":[{\"@type\":\"ListItem\",\"position\":1,\"name\":\"Naslovnica\",\"item\":\"https:\/\/activeluxe-cosmetics.com\/hr\/\"},{\"@type\":\"ListItem\",\"position\":2,\"name\":\"Trgovina\",\"item\":\"https:\/\/activeluxe-cosmetics.com\/hr\/trgovina\/\"},{\"@type\":\"ListItem\",\"position\":3,\"name\":\"Hidratantni anti age serum za lice\"}]},{\"@type\":\"WebSite\",\"@id\":\"https:\/\/activeluxe-cosmetics.com\/hr\/#website\",\"url\":\"https:\/\/activeluxe-cosmetics.com\/hr\/\",\"name\":\"Active Luxe Cosmetics\",\"description\":\"\",\"potentialAction\":[{\"@type\":\"SearchAction\",\"target\":{\"@type\":\"EntryPoint\",\"urlTemplate\":\"https:\/\/activeluxe-cosmetics.com\/hr\/?s={search_term_string}\"},\"query-input\":{\"@type\":\"PropertyValueSpecification\",\"valueRequired\":true,\"valueName\":\"search_term_string\"}}],\"inLanguage\":\"hr\"}]}<\/script>\n<!-- \/ Yoast SEO plugin. -->","yoast_head_json":{"title":"Hidratantni anti age serum za lice - Active Luxe Cosmetics","description":"Anti-age, hidratantni, umiruju\u0107i serum za obnovljenu ko\u017enu barijeru. Za lice, vrat i dekolte. \u0160titi, obnavlja i umiruje osjetljivu te nadra\u017eenu ko\u017eu.","robots":{"index":"index","follow":"follow","max-snippet":"max-snippet:-1","max-image-preview":"max-image-preview:large","max-video-preview":"max-video-preview:-1"},"canonical":"https:\/\/activeluxe-cosmetics.com\/hr\/proizvod\/hidratantni-anti-age-serum-za-lice\/","og_locale":"hr_HR","og_type":"article","og_title":"Hidratantni anti age serum za lice - Active Luxe Cosmetics","og_description":"Anti-age, hidratantni, umiruju\u0107i serum za obnovljenu ko\u017enu barijeru. Za lice, vrat i dekolte. \u0160titi, obnavlja i umiruje osjetljivu te nadra\u017eenu ko\u017eu.","og_url":"https:\/\/activeluxe-cosmetics.com\/hr\/proizvod\/hidratantni-anti-age-serum-za-lice\/","og_site_name":"Active Luxe Cosmetics","article_modified_time":"2026-04-17T21:22:40+00:00","og_image":[{"width":1104,"height":1326,"url":"https:\/\/activeluxe-cosmetics.com\/hr\/wp-content\/uploads\/2024\/07\/55-Face-Serum-1.jpg","type":"image\/jpeg"}],"twitter_card":"summary_large_image","twitter_misc":{"Procijenjeno vrijeme \u010ditanja":"2 minute"},"schema":{"@context":"https:\/\/schema.org","@graph":[{"@type":"WebPage","@id":"https:\/\/activeluxe-cosmetics.com\/hr\/proizvod\/hidratantni-anti-age-serum-za-lice\/","url":"https:\/\/activeluxe-cosmetics.com\/hr\/proizvod\/hidratantni-anti-age-serum-za-lice\/","name":"Hidratantni anti age serum za lice - Active Luxe Cosmetics","isPartOf":{"@id":"https:\/\/activeluxe-cosmetics.com\/hr\/#website"},"primaryImageOfPage":{"@id":"https:\/\/activeluxe-cosmetics.com\/hr\/proizvod\/hidratantni-anti-age-serum-za-lice\/#primaryimage"},"image":{"@id":"https:\/\/activeluxe-cosmetics.com\/hr\/proizvod\/hidratantni-anti-age-serum-za-lice\/#primaryimage"},"thumbnailUrl":"https:\/\/activeluxe-cosmetics.com\/hr\/wp-content\/uploads\/2024\/07\/55-Face-Serum-1.jpg","datePublished":"2024-07-22T08:13:55+00:00","dateModified":"2026-04-17T21:22:40+00:00","description":"Anti-age, hidratantni, umiruju\u0107i serum za obnovljenu ko\u017enu barijeru. Za lice, vrat i dekolte. \u0160titi, obnavlja i umiruje osjetljivu te nadra\u017eenu ko\u017eu.","breadcrumb":{"@id":"https:\/\/activeluxe-cosmetics.com\/hr\/proizvod\/hidratantni-anti-age-serum-za-lice\/#breadcrumb"},"inLanguage":"hr","potentialAction":[{"@type":"ReadAction","target":["https:\/\/activeluxe-cosmetics.com\/hr\/proizvod\/hidratantni-anti-age-serum-za-lice\/"]}]},{"@type":"ImageObject","inLanguage":"hr","@id":"https:\/\/activeluxe-cosmetics.com\/hr\/proizvod\/hidratantni-anti-age-serum-za-lice\/#primaryimage","url":"https:\/\/activeluxe-cosmetics.com\/hr\/wp-content\/uploads\/2024\/07\/55-Face-Serum-1.jpg","contentUrl":"https:\/\/activeluxe-cosmetics.com\/hr\/wp-content\/uploads\/2024\/07\/55-Face-Serum-1.jpg","width":1104,"height":1326},{"@type":"BreadcrumbList","@id":"https:\/\/activeluxe-cosmetics.com\/hr\/proizvod\/hidratantni-anti-age-serum-za-lice\/#breadcrumb","itemListElement":[{"@type":"ListItem","position":1,"name":"Naslovnica","item":"https:\/\/activeluxe-cosmetics.com\/hr\/"},{"@type":"ListItem","position":2,"name":"Trgovina","item":"https:\/\/activeluxe-cosmetics.com\/hr\/trgovina\/"},{"@type":"ListItem","position":3,"name":"Hidratantni anti age serum za lice"}]},{"@type":"WebSite","@id":"https:\/\/activeluxe-cosmetics.com\/hr\/#website","url":"https:\/\/activeluxe-cosmetics.com\/hr\/","name":"Active Luxe Cosmetics","description":"","potentialAction":[{"@type":"SearchAction","target":{"@type":"EntryPoint","urlTemplate":"https:\/\/activeluxe-cosmetics.com\/hr\/?s={search_term_string}"},"query-input":{"@type":"PropertyValueSpecification","valueRequired":true,"valueName":"search_term_string"}}],"inLanguage":"hr"}]}},"_links":{"self":[{"href":"https:\/\/activeluxe-cosmetics.com\/hr\/wp-json\/wp\/v2\/product\/85734","targetHints":{"allow":["GET"]}}],"collection":[{"href":"https:\/\/activeluxe-cosmetics.com\/hr\/wp-json\/wp\/v2\/product"}],"about":[{"href":"https:\/\/activeluxe-cosmetics.com\/hr\/wp-json\/wp\/v2\/types\/product"}],"replies":[{"embeddable":true,"href":"https:\/\/activeluxe-cosmetics.com\/hr\/wp-json\/wp\/v2\/comments?post=85734"}],"wp:featuredmedia":[{"embeddable":true,"href":"https:\/\/activeluxe-cosmetics.com\/hr\/wp-json\/wp\/v2\/media\/91350"}],"wp:attachment":[{"href":"https:\/\/activeluxe-cosmetics.com\/hr\/wp-json\/wp\/v2\/media?parent=85734"}],"wp:term":[{"taxonomy":"product_brand","embeddable":true,"href":"https:\/\/activeluxe-cosmetics.com\/hr\/wp-json\/wp\/v2\/product_brand?post=85734"},{"taxonomy":"product_cat","embeddable":true,"href":"https:\/\/activeluxe-cosmetics.com\/hr\/wp-json\/wp\/v2\/product_cat?post=85734"},{"taxonomy":"product_tag","embeddable":true,"href":"https:\/\/activeluxe-cosmetics.com\/hr\/wp-json\/wp\/v2\/product_tag?post=85734"}],"curies":[{"name":"wp","href":"https:\/\/api.w.org\/{rel}","templated":true}]}}