{"id":84363,"date":"2024-06-13T08:10:23","date_gmt":"2024-06-13T08:10:23","guid":{"rendered":"https:\/\/activeluxe-cosmetics.com\/hr\/?post_type=product&#038;p=84363"},"modified":"2026-01-05T14:48:01","modified_gmt":"2026-01-05T14:48:01","slug":"torba-za-plazu-fantanstic-summer","status":"publish","type":"product","link":"https:\/\/activeluxe-cosmetics.com\/hr\/proizvod\/torba-za-plazu-fantanstic-summer\/","title":{"rendered":"Torba za pla\u017eu: FanTANstic Summer!"},"content":{"rendered":"<h2><img loading=\"lazy\" decoding=\"async\" class=\" wp-image-95806 alignright\" src=\"https:\/\/activeluxe-cosmetics.com\/hr\/wp-content\/uploads\/2025\/05\/activeluxe_torba_za_na_plazu-460x575.png\" alt=\"\" width=\"300\" height=\"375\" srcset=\"https:\/\/activeluxe-cosmetics.com\/hr\/wp-content\/uploads\/2025\/05\/activeluxe_torba_za_na_plazu-460x575.png 460w, https:\/\/activeluxe-cosmetics.com\/hr\/wp-content\/uploads\/2025\/05\/activeluxe_torba_za_na_plazu-819x1024.png 819w, https:\/\/activeluxe-cosmetics.com\/hr\/wp-content\/uploads\/2025\/05\/activeluxe_torba_za_na_plazu-768x960.png 768w, https:\/\/activeluxe-cosmetics.com\/hr\/wp-content\/uploads\/2025\/05\/activeluxe_torba_za_na_plazu-600x750.png 600w, https:\/\/activeluxe-cosmetics.com\/hr\/wp-content\/uploads\/2025\/05\/activeluxe_torba_za_na_plazu.png 1080w\" sizes=\"auto, (max-width: 300px) 100vw, 300px\" \/><\/h2>\n<h2><strong>Savr\u0161ena torba za pla\u017eu:<\/strong> stilska, prostrana i spremna za ljetne avanture<\/h2>\n<p>Ljeto zove, a ti <strong>treba\u0161 torbu<\/strong> koja \u0107e podnijeti sve tvoje ljetne avanture!<\/p>\n<p>Na\u0161a torba za pla\u017eu dizajnirana je s <strong>mi\u0161lju na bezbri\u017ene dane uz more<\/strong>, a istovremeno ostaje vjerna tvom stilu. Neka tvoj modni izraz bude opu\u0161ten kao i tvoj odmor!<\/p>\n<p class=\"\" data-start=\"241\" data-end=\"368\">Elegantna boja lososa i zabavan natpis <strong>FanTANstic Summer!<\/strong> \u010dine je jedinstvenom, a njen prakti\u010dan dizajn izuzetno funkcionalnim.<\/p>\n<p class=\"\" data-start=\"370\" data-end=\"496\">U nju mo\u017ee\u0161 bez problema <strong>spremiti sve<\/strong> \u2013 ru\u010dnike, knjige, proizvode za sun\u010danje, pi\u0107e, telefon i sve ostale ljetne potrep\u0161tine.<\/p>\n<p class=\"\" data-start=\"498\" data-end=\"679\">Ne samo da izgleda odli\u010dno, ve\u0107 je i izuzetno kvalitetna. <strong>\u010cvrst materijal i jaki \u0161avovi<\/strong> osiguravaju da \u0107e torba biti tvoja vjerni pratitelj jo\u0161 dugo nakon posljednjeg zalaska sunca.<\/p>\n<p>&nbsp;<\/p>\n<p>&nbsp;<\/p>\n<h2><img loading=\"lazy\" decoding=\"async\" class=\" wp-image-95807 alignleft\" src=\"https:\/\/activeluxe-cosmetics.com\/hr\/wp-content\/uploads\/2025\/05\/torba_za_na_plazu_noemi-460x575.png\" alt=\"\" width=\"310\" height=\"388\" srcset=\"https:\/\/activeluxe-cosmetics.com\/hr\/wp-content\/uploads\/2025\/05\/torba_za_na_plazu_noemi-460x575.png 460w, https:\/\/activeluxe-cosmetics.com\/hr\/wp-content\/uploads\/2025\/05\/torba_za_na_plazu_noemi-819x1024.png 819w, https:\/\/activeluxe-cosmetics.com\/hr\/wp-content\/uploads\/2025\/05\/torba_za_na_plazu_noemi-768x960.png 768w, https:\/\/activeluxe-cosmetics.com\/hr\/wp-content\/uploads\/2025\/05\/torba_za_na_plazu_noemi-600x750.png 600w, https:\/\/activeluxe-cosmetics.com\/hr\/wp-content\/uploads\/2025\/05\/torba_za_na_plazu_noemi.png 1080w\" sizes=\"auto, (max-width: 310px) 100vw, 310px\" \/><\/h2>\n<h2><strong>Gdje moda susre\u0107e<\/strong> funkcionalnost<\/h2>\n<p>\u0160to ovu torbu \u010dini stvarno posebnom?<\/p>\n<ul>\n<li>Prostrana unutra\u0161njost u koju stane sve \u0161to ti treba za pla\u017eu ili izlet<\/li>\n<li>Unutarnji d\u017eep za klju\u010deve, telefon ili nov\u010danik<\/li>\n<li>Zatvaranje s gumbom za dodatnu sigurnost<\/li>\n<li>Kvalitetan, periv materijal \u2013 otporan na pijesak, vodu i ljetnu ludost<\/li>\n<li>Prekrasna boja koja se sla\u017ee sa svakim outfitem<\/li>\n<li>Mo\u017ee se koristiti i kao torba za \u0161oping, bazen, piknik ili \u0161etnje<\/li>\n<\/ul>\n<p>Pripremi se za ljeto s torbom koja je istovremeno prakti\u010dna i nevjerojatno slatka. I vjeruj nam \u2013 pitanje <strong>&#8220;Gdje si je kupila?&#8221;<\/strong> \u010dut \u0107e\u0161 vi\u0161e puta nego \u0161to misli\u0161.<\/p>\n<p>&nbsp;<\/p>\n<p>&nbsp;<\/p>\n<p>&nbsp;<\/p>\n<p><iframe loading=\"lazy\" title=\"Premium Chocolate  Marmalade for deepest and darkest tan\" width=\"1020\" height=\"574\" src=\"https:\/\/www.youtube.com\/embed\/6YeClnkMgXw?feature=oembed&#038;enablejsapi=1&#038;origin=https:\/\/activeluxe-cosmetics.com\" frameborder=\"0\" allow=\"accelerometer; autoplay; clipboard-write; encrypted-media; gyroscope; picture-in-picture; web-share\" referrerpolicy=\"strict-origin-when-cross-origin\" allowfullscreen><\/iframe><\/p>\n","protected":false},"excerpt":{"rendered":"<p>Limited edition: prakti\u010dna torba za pla\u017eu od izdr\u017eljivog materijala. Mo\u017ee se prati u perilici.<\/p>\n","protected":false},"featured_media":95810,"comment_status":"open","ping_status":"closed","template":"","meta":[],"product_brand":[],"product_cat":[82],"product_tag":[],"class_list":{"0":"post-84363","1":"product","2":"type-product","3":"status-publish","4":"has-post-thumbnail","6":"product_cat-sunce","8":"first","9":"instock","10":"taxable","11":"shipping-taxable","12":"purchasable","13":"product-type-simple"},"bundled_by":[],"bundle_stock_status":"instock","bundle_stock_quantity":null,"bundle_virtual":false,"bundle_layout":"","bundle_add_to_cart_form_location":"","bundle_editable_in_cart":false,"bundle_sold_individually_context":"","bundle_item_grouping":"","bundle_min_size":"","bundle_max_size":"","bundled_items":[],"acf":[],"yoast_head":"<!-- This site is optimized with the Yoast SEO plugin v26.5 - https:\/\/yoast.com\/wordpress\/plugins\/seo\/ -->\n<title>Torba za pla\u017eu - Active Luxe<\/title>\n<meta name=\"description\" content=\"Limited edition elegantna i prakti\u010dna torba za pla\u017eu. Velika i prakti\u010dna s dodatnim d\u017eepom. Boja lososa. Izuzetno kvalitetan i periv materijal.\" \/>\n<meta name=\"robots\" content=\"index, follow, max-snippet:-1, max-image-preview:large, max-video-preview:-1\" \/>\n<link rel=\"canonical\" href=\"https:\/\/activeluxe-cosmetics.com\/hr\/proizvod\/torba-za-plazu-fantanstic-summer\/\" \/>\n<meta property=\"og:locale\" content=\"hr_HR\" \/>\n<meta property=\"og:type\" content=\"article\" \/>\n<meta property=\"og:title\" content=\"Torba za pla\u017eu - Active Luxe\" \/>\n<meta property=\"og:description\" content=\"Limited edition elegantna i prakti\u010dna torba za pla\u017eu. Velika i prakti\u010dna s dodatnim d\u017eepom. Boja lososa. Izuzetno kvalitetan i periv materijal.\" \/>\n<meta property=\"og:url\" content=\"https:\/\/activeluxe-cosmetics.com\/hr\/proizvod\/torba-za-plazu-fantanstic-summer\/\" \/>\n<meta property=\"og:site_name\" content=\"Active Luxe Cosmetics\" \/>\n<meta property=\"article:modified_time\" content=\"2026-01-05T14:48:01+00:00\" \/>\n<meta property=\"og:image\" content=\"https:\/\/activeluxe-cosmetics.com\/hr\/wp-content\/uploads\/2024\/06\/torba_za_na_plazu.png\" \/>\n\t<meta property=\"og:image:width\" content=\"1080\" \/>\n\t<meta property=\"og:image:height\" content=\"1350\" \/>\n\t<meta property=\"og:image:type\" content=\"image\/png\" \/>\n<meta name=\"twitter:card\" content=\"summary_large_image\" \/>\n<meta name=\"twitter:label1\" content=\"Procijenjeno vrijeme \u010ditanja\" \/>\n\t<meta name=\"twitter:data1\" content=\"2 minute\" \/>\n<script type=\"application\/ld+json\" class=\"yoast-schema-graph\">{\"@context\":\"https:\/\/schema.org\",\"@graph\":[{\"@type\":\"WebPage\",\"@id\":\"https:\/\/activeluxe-cosmetics.com\/hr\/proizvod\/torba-za-plazu-fantanstic-summer\/\",\"url\":\"https:\/\/activeluxe-cosmetics.com\/hr\/proizvod\/torba-za-plazu-fantanstic-summer\/\",\"name\":\"Torba za pla\u017eu - Active Luxe\",\"isPartOf\":{\"@id\":\"https:\/\/activeluxe-cosmetics.com\/hr\/#website\"},\"primaryImageOfPage\":{\"@id\":\"https:\/\/activeluxe-cosmetics.com\/hr\/proizvod\/torba-za-plazu-fantanstic-summer\/#primaryimage\"},\"image\":{\"@id\":\"https:\/\/activeluxe-cosmetics.com\/hr\/proizvod\/torba-za-plazu-fantanstic-summer\/#primaryimage\"},\"thumbnailUrl\":\"https:\/\/activeluxe-cosmetics.com\/hr\/wp-content\/uploads\/2024\/06\/torba_za_na_plazu.png\",\"datePublished\":\"2024-06-13T08:10:23+00:00\",\"dateModified\":\"2026-01-05T14:48:01+00:00\",\"description\":\"Limited edition elegantna i prakti\u010dna torba za pla\u017eu. Velika i prakti\u010dna s dodatnim d\u017eepom. Boja lososa. Izuzetno kvalitetan i periv materijal.\",\"breadcrumb\":{\"@id\":\"https:\/\/activeluxe-cosmetics.com\/hr\/proizvod\/torba-za-plazu-fantanstic-summer\/#breadcrumb\"},\"inLanguage\":\"hr\",\"potentialAction\":[{\"@type\":\"ReadAction\",\"target\":[\"https:\/\/activeluxe-cosmetics.com\/hr\/proizvod\/torba-za-plazu-fantanstic-summer\/\"]}]},{\"@type\":\"ImageObject\",\"inLanguage\":\"hr\",\"@id\":\"https:\/\/activeluxe-cosmetics.com\/hr\/proizvod\/torba-za-plazu-fantanstic-summer\/#primaryimage\",\"url\":\"https:\/\/activeluxe-cosmetics.com\/hr\/wp-content\/uploads\/2024\/06\/torba_za_na_plazu.png\",\"contentUrl\":\"https:\/\/activeluxe-cosmetics.com\/hr\/wp-content\/uploads\/2024\/06\/torba_za_na_plazu.png\",\"width\":1080,\"height\":1350,\"caption\":\"Torba za pla\u017eu Active Luxe Cosmetics\"},{\"@type\":\"BreadcrumbList\",\"@id\":\"https:\/\/activeluxe-cosmetics.com\/hr\/proizvod\/torba-za-plazu-fantanstic-summer\/#breadcrumb\",\"itemListElement\":[{\"@type\":\"ListItem\",\"position\":1,\"name\":\"Naslovnica\",\"item\":\"https:\/\/activeluxe-cosmetics.com\/hr\/\"},{\"@type\":\"ListItem\",\"position\":2,\"name\":\"Trgovina\",\"item\":\"https:\/\/activeluxe-cosmetics.com\/hr\/trgovina\/\"},{\"@type\":\"ListItem\",\"position\":3,\"name\":\"Torba za pla\u017eu: FanTANstic Summer!\"}]},{\"@type\":\"WebSite\",\"@id\":\"https:\/\/activeluxe-cosmetics.com\/hr\/#website\",\"url\":\"https:\/\/activeluxe-cosmetics.com\/hr\/\",\"name\":\"Active Luxe Cosmetics\",\"description\":\"\",\"potentialAction\":[{\"@type\":\"SearchAction\",\"target\":{\"@type\":\"EntryPoint\",\"urlTemplate\":\"https:\/\/activeluxe-cosmetics.com\/hr\/?s={search_term_string}\"},\"query-input\":{\"@type\":\"PropertyValueSpecification\",\"valueRequired\":true,\"valueName\":\"search_term_string\"}}],\"inLanguage\":\"hr\"}]}<\/script>\n<!-- \/ Yoast SEO plugin. -->","yoast_head_json":{"title":"Torba za pla\u017eu - Active Luxe","description":"Limited edition elegantna i prakti\u010dna torba za pla\u017eu. Velika i prakti\u010dna s dodatnim d\u017eepom. Boja lososa. Izuzetno kvalitetan i periv materijal.","robots":{"index":"index","follow":"follow","max-snippet":"max-snippet:-1","max-image-preview":"max-image-preview:large","max-video-preview":"max-video-preview:-1"},"canonical":"https:\/\/activeluxe-cosmetics.com\/hr\/proizvod\/torba-za-plazu-fantanstic-summer\/","og_locale":"hr_HR","og_type":"article","og_title":"Torba za pla\u017eu - Active Luxe","og_description":"Limited edition elegantna i prakti\u010dna torba za pla\u017eu. Velika i prakti\u010dna s dodatnim d\u017eepom. Boja lososa. Izuzetno kvalitetan i periv materijal.","og_url":"https:\/\/activeluxe-cosmetics.com\/hr\/proizvod\/torba-za-plazu-fantanstic-summer\/","og_site_name":"Active Luxe Cosmetics","article_modified_time":"2026-01-05T14:48:01+00:00","og_image":[{"width":1080,"height":1350,"url":"https:\/\/activeluxe-cosmetics.com\/hr\/wp-content\/uploads\/2024\/06\/torba_za_na_plazu.png","type":"image\/png"}],"twitter_card":"summary_large_image","twitter_misc":{"Procijenjeno vrijeme \u010ditanja":"2 minute"},"schema":{"@context":"https:\/\/schema.org","@graph":[{"@type":"WebPage","@id":"https:\/\/activeluxe-cosmetics.com\/hr\/proizvod\/torba-za-plazu-fantanstic-summer\/","url":"https:\/\/activeluxe-cosmetics.com\/hr\/proizvod\/torba-za-plazu-fantanstic-summer\/","name":"Torba za pla\u017eu - Active Luxe","isPartOf":{"@id":"https:\/\/activeluxe-cosmetics.com\/hr\/#website"},"primaryImageOfPage":{"@id":"https:\/\/activeluxe-cosmetics.com\/hr\/proizvod\/torba-za-plazu-fantanstic-summer\/#primaryimage"},"image":{"@id":"https:\/\/activeluxe-cosmetics.com\/hr\/proizvod\/torba-za-plazu-fantanstic-summer\/#primaryimage"},"thumbnailUrl":"https:\/\/activeluxe-cosmetics.com\/hr\/wp-content\/uploads\/2024\/06\/torba_za_na_plazu.png","datePublished":"2024-06-13T08:10:23+00:00","dateModified":"2026-01-05T14:48:01+00:00","description":"Limited edition elegantna i prakti\u010dna torba za pla\u017eu. Velika i prakti\u010dna s dodatnim d\u017eepom. Boja lososa. Izuzetno kvalitetan i periv materijal.","breadcrumb":{"@id":"https:\/\/activeluxe-cosmetics.com\/hr\/proizvod\/torba-za-plazu-fantanstic-summer\/#breadcrumb"},"inLanguage":"hr","potentialAction":[{"@type":"ReadAction","target":["https:\/\/activeluxe-cosmetics.com\/hr\/proizvod\/torba-za-plazu-fantanstic-summer\/"]}]},{"@type":"ImageObject","inLanguage":"hr","@id":"https:\/\/activeluxe-cosmetics.com\/hr\/proizvod\/torba-za-plazu-fantanstic-summer\/#primaryimage","url":"https:\/\/activeluxe-cosmetics.com\/hr\/wp-content\/uploads\/2024\/06\/torba_za_na_plazu.png","contentUrl":"https:\/\/activeluxe-cosmetics.com\/hr\/wp-content\/uploads\/2024\/06\/torba_za_na_plazu.png","width":1080,"height":1350,"caption":"Torba za pla\u017eu Active Luxe Cosmetics"},{"@type":"BreadcrumbList","@id":"https:\/\/activeluxe-cosmetics.com\/hr\/proizvod\/torba-za-plazu-fantanstic-summer\/#breadcrumb","itemListElement":[{"@type":"ListItem","position":1,"name":"Naslovnica","item":"https:\/\/activeluxe-cosmetics.com\/hr\/"},{"@type":"ListItem","position":2,"name":"Trgovina","item":"https:\/\/activeluxe-cosmetics.com\/hr\/trgovina\/"},{"@type":"ListItem","position":3,"name":"Torba za pla\u017eu: FanTANstic Summer!"}]},{"@type":"WebSite","@id":"https:\/\/activeluxe-cosmetics.com\/hr\/#website","url":"https:\/\/activeluxe-cosmetics.com\/hr\/","name":"Active Luxe Cosmetics","description":"","potentialAction":[{"@type":"SearchAction","target":{"@type":"EntryPoint","urlTemplate":"https:\/\/activeluxe-cosmetics.com\/hr\/?s={search_term_string}"},"query-input":{"@type":"PropertyValueSpecification","valueRequired":true,"valueName":"search_term_string"}}],"inLanguage":"hr"}]}},"_links":{"self":[{"href":"https:\/\/activeluxe-cosmetics.com\/hr\/wp-json\/wp\/v2\/product\/84363","targetHints":{"allow":["GET"]}}],"collection":[{"href":"https:\/\/activeluxe-cosmetics.com\/hr\/wp-json\/wp\/v2\/product"}],"about":[{"href":"https:\/\/activeluxe-cosmetics.com\/hr\/wp-json\/wp\/v2\/types\/product"}],"replies":[{"embeddable":true,"href":"https:\/\/activeluxe-cosmetics.com\/hr\/wp-json\/wp\/v2\/comments?post=84363"}],"wp:featuredmedia":[{"embeddable":true,"href":"https:\/\/activeluxe-cosmetics.com\/hr\/wp-json\/wp\/v2\/media\/95810"}],"wp:attachment":[{"href":"https:\/\/activeluxe-cosmetics.com\/hr\/wp-json\/wp\/v2\/media?parent=84363"}],"wp:term":[{"taxonomy":"product_brand","embeddable":true,"href":"https:\/\/activeluxe-cosmetics.com\/hr\/wp-json\/wp\/v2\/product_brand?post=84363"},{"taxonomy":"product_cat","embeddable":true,"href":"https:\/\/activeluxe-cosmetics.com\/hr\/wp-json\/wp\/v2\/product_cat?post=84363"},{"taxonomy":"product_tag","embeddable":true,"href":"https:\/\/activeluxe-cosmetics.com\/hr\/wp-json\/wp\/v2\/product_tag?post=84363"}],"curies":[{"name":"wp","href":"https:\/\/api.w.org\/{rel}","templated":true}]}}