{"id":84359,"date":"2024-06-13T07:53:43","date_gmt":"2024-06-13T07:53:43","guid":{"rendered":"https:\/\/activeluxe-cosmetics.com\/hr\/?post_type=product&#038;p=84359"},"modified":"2026-01-05T14:50:07","modified_gmt":"2026-01-05T14:50:07","slug":"torba-za-plazu-its-tan-oclock","status":"publish","type":"product","link":"https:\/\/activeluxe-cosmetics.com\/hr\/proizvod\/torba-za-plazu-its-tan-oclock\/","title":{"rendered":"Torba za pla\u017eu: It\u00b4s tan o\u00b4clock!"},"content":{"rendered":"<h2><strong><img loading=\"lazy\" decoding=\"async\" class=\" wp-image-95814 alignright\" src=\"https:\/\/activeluxe-cosmetics.com\/hr\/wp-content\/uploads\/2024\/06\/torba_za-_plazu-460x690.jpg\" alt=\"\" width=\"310\" height=\"465\" srcset=\"https:\/\/activeluxe-cosmetics.com\/hr\/wp-content\/uploads\/2024\/06\/torba_za-_plazu-460x690.jpg 460w, https:\/\/activeluxe-cosmetics.com\/hr\/wp-content\/uploads\/2024\/06\/torba_za-_plazu-683x1024.jpg 683w, https:\/\/activeluxe-cosmetics.com\/hr\/wp-content\/uploads\/2024\/06\/torba_za-_plazu-600x900.jpg 600w, https:\/\/activeluxe-cosmetics.com\/hr\/wp-content\/uploads\/2024\/06\/torba_za-_plazu.jpg 768w\" sizes=\"auto, (max-width: 310px) 100vw, 310px\" \/>Torba za pla\u017eu<\/strong> koja \u0107e zaokru\u017eiti va\u0161 <strong>ljetni stajling<\/strong>!<\/h2>\n<p class=\"\" data-start=\"0\" data-end=\"181\">Ljeto je vrijeme kada \u017eeli\u0161 u\u017eivati bez briga \u2013 i za to ti treba<strong> prava torba<\/strong>! Torba za pla\u017eu koja \u0107e spojiti stil, prakti\u010dnost i prostranost, obavezna je oprema za svaki ljetni bijeg.<\/p>\n<p class=\"\" data-start=\"183\" data-end=\"416\">Na\u0161a torba za pla\u017eu nije samo funkcionalna, ve\u0107 je i <strong>pravi modni dodatak<\/strong>.<\/p>\n<p class=\"\" data-start=\"183\" data-end=\"416\">Dostupna je u dvije predivne boje, a sigurno \u0107e\u0161 prona\u0107i svoju omiljenu. S modernim dizajnom i simpati\u010dnim natpisom<strong><em> It\u2019s tan o\u2019clock<\/em><\/strong>, odmah \u0107e privu\u0107i poglede.<\/p>\n<p class=\"\" data-start=\"418\" data-end=\"539\">U nju mo\u017ee\u0161 bez problema <strong>spremiti sve<\/strong> \u2013 ru\u010dnike, knjige, proizvode za sun\u010danje, pi\u0107e, telefon i sve ostale ljetne obveze.<\/p>\n<p class=\"\" data-start=\"541\" data-end=\"721\">Ne samo da izgleda odli\u010dno, ve\u0107 je i izuzetno kvalitetna.<\/p>\n<p class=\"\" data-start=\"541\" data-end=\"721\">\u010cvrst materijal i jaki \u0161avovi osiguravaju da \u0107e torba biti<strong> tvoj vjerni pratitelj<\/strong> jo\u0161 dugo nakon posljednjeg zalaska sunca.<\/p>\n<p>&nbsp;<\/p>\n<h2><\/h2>\n<h2><\/h2>\n<h2><img loading=\"lazy\" decoding=\"async\" class=\" wp-image-95815 alignleft\" src=\"https:\/\/activeluxe-cosmetics.com\/hr\/wp-content\/uploads\/2024\/06\/torba_za_na_plazu_alc-460x575.png\" alt=\"\" width=\"320\" height=\"400\" srcset=\"https:\/\/activeluxe-cosmetics.com\/hr\/wp-content\/uploads\/2024\/06\/torba_za_na_plazu_alc-460x575.png 460w, https:\/\/activeluxe-cosmetics.com\/hr\/wp-content\/uploads\/2024\/06\/torba_za_na_plazu_alc-819x1024.png 819w, https:\/\/activeluxe-cosmetics.com\/hr\/wp-content\/uploads\/2024\/06\/torba_za_na_plazu_alc-768x960.png 768w, https:\/\/activeluxe-cosmetics.com\/hr\/wp-content\/uploads\/2024\/06\/torba_za_na_plazu_alc-600x750.png 600w, https:\/\/activeluxe-cosmetics.com\/hr\/wp-content\/uploads\/2024\/06\/torba_za_na_plazu_alc.png 1080w\" sizes=\"auto, (max-width: 320px) 100vw, 320px\" \/><\/h2>\n<h2 class=\"p1\" style=\"clear: right;\">Za\u0161to je <b>na\u0161a torba za pla\u017eu pravi izbor?<\/b><\/h2>\n<ul>\n<li data-start=\"0\" data-end=\"527\">Prostrana i prakti\u010dna \u2013 bez problema u nju stane sve \u0161to ti treba za savr\u0161en dan na pla\u017ei: ru\u010dnici, knjige, kreme za sun\u010danje, osvje\u017eavaju\u0107i napici i osobni predmeti.<\/li>\n<li data-start=\"0\" data-end=\"527\">Dodatni unutarnji d\u017eep \u2013 za lako dostupne sitnice, poput sun\u010danih nao\u010dala, telefona ili klju\u010deva.<\/li>\n<li data-start=\"0\" data-end=\"527\">Zatvaranje s gumbom \u2013 jednostavno i sigurno.<\/li>\n<li data-start=\"0\" data-end=\"527\">\u010cvrst, periv materijal \u2013 otporan na pijesak, vlagu i morsku ludost.<\/li>\n<li data-start=\"0\" data-end=\"527\">Moderna pje\u0161\u010dana boja s razigranom ljetnom porukom.<\/li>\n<li data-start=\"0\" data-end=\"527\">Vi\u0161enamjenska upotreba \u2013 kao torba za pla\u017eu, torba za kupovinu ili pratitelj na izletu.<\/li>\n<\/ul>\n<p class=\"\" data-start=\"529\" data-end=\"681\">Ovo je torba za koju \u0107e te svi pitati: \u201cWow, gdje si je nabavila?\u201d Savr\u0161ena kombinacija suptilnog dizajna i prakti\u010dne dovr\u0161enosti \u010dini je nezamjenjivom.<\/p>\n<p><iframe loading=\"lazy\" title=\"Premium Chocolate  Marmalade for deepest and darkest tan\" width=\"1020\" height=\"574\" src=\"https:\/\/www.youtube.com\/embed\/6YeClnkMgXw?feature=oembed&#038;enablejsapi=1&#038;origin=https:\/\/activeluxe-cosmetics.com\" frameborder=\"0\" allow=\"accelerometer; autoplay; clipboard-write; encrypted-media; gyroscope; picture-in-picture; web-share\" referrerpolicy=\"strict-origin-when-cross-origin\" allowfullscreen><\/iframe><\/p>\n","protected":false},"excerpt":{"rendered":"<p>Limited edition: prakti\u010dna torba za pla\u017eu od izdr\u017eljivog materijala. Mo\u017ee se prati u perilici.<\/p>\n","protected":false},"featured_media":95813,"comment_status":"open","ping_status":"closed","template":"","meta":[],"product_brand":[],"product_cat":[82],"product_tag":[],"class_list":{"0":"post-84359","1":"product","2":"type-product","3":"status-publish","4":"has-post-thumbnail","6":"product_cat-sunce","8":"first","9":"instock","10":"taxable","11":"shipping-taxable","12":"purchasable","13":"product-type-simple"},"bundled_by":[],"bundle_stock_status":"instock","bundle_stock_quantity":null,"bundle_virtual":false,"bundle_layout":"","bundle_add_to_cart_form_location":"","bundle_editable_in_cart":false,"bundle_sold_individually_context":"","bundle_item_grouping":"","bundle_min_size":"","bundle_max_size":"","bundled_items":[],"acf":[],"yoast_head":"<!-- This site is optimized with the Yoast SEO plugin v26.5 - https:\/\/yoast.com\/wordpress\/plugins\/seo\/ -->\n<title>Torba za pla\u017eu - Active Luxe Cosmetics<\/title>\n<meta name=\"description\" content=\"Prostrana i prakti\u010dna torba za pla\u017eu u modernoj pje\u0161\u010danoj boji. S unutarnjim d\u017eepom, \u010dvrstim i perivim materijalom, idealna za na pla\u017eu ili kupovinu.\" \/>\n<meta name=\"robots\" content=\"index, follow, max-snippet:-1, max-image-preview:large, max-video-preview:-1\" \/>\n<link rel=\"canonical\" href=\"https:\/\/activeluxe-cosmetics.com\/hr\/proizvod\/torba-za-plazu-its-tan-oclock\/\" \/>\n<meta property=\"og:locale\" content=\"hr_HR\" \/>\n<meta property=\"og:type\" content=\"article\" \/>\n<meta property=\"og:title\" content=\"Torba za pla\u017eu - Active Luxe Cosmetics\" \/>\n<meta property=\"og:description\" content=\"Prostrana i prakti\u010dna torba za pla\u017eu u modernoj pje\u0161\u010danoj boji. S unutarnjim d\u017eepom, \u010dvrstim i perivim materijalom, idealna za na pla\u017eu ili kupovinu.\" \/>\n<meta property=\"og:url\" content=\"https:\/\/activeluxe-cosmetics.com\/hr\/proizvod\/torba-za-plazu-its-tan-oclock\/\" \/>\n<meta property=\"og:site_name\" content=\"Active Luxe Cosmetics\" \/>\n<meta property=\"article:modified_time\" content=\"2026-01-05T14:50:07+00:00\" \/>\n<meta property=\"og:image\" content=\"https:\/\/activeluxe-cosmetics.com\/hr\/wp-content\/uploads\/2024\/06\/beach_bag.jpg\" \/>\n\t<meta property=\"og:image:width\" content=\"768\" \/>\n\t<meta property=\"og:image:height\" content=\"1152\" \/>\n\t<meta property=\"og:image:type\" content=\"image\/jpeg\" \/>\n<meta name=\"twitter:card\" content=\"summary_large_image\" \/>\n<meta name=\"twitter:label1\" content=\"Procijenjeno vrijeme \u010ditanja\" \/>\n\t<meta name=\"twitter:data1\" content=\"2 minute\" \/>\n<script type=\"application\/ld+json\" class=\"yoast-schema-graph\">{\"@context\":\"https:\/\/schema.org\",\"@graph\":[{\"@type\":\"WebPage\",\"@id\":\"https:\/\/activeluxe-cosmetics.com\/hr\/proizvod\/torba-za-plazu-its-tan-oclock\/\",\"url\":\"https:\/\/activeluxe-cosmetics.com\/hr\/proizvod\/torba-za-plazu-its-tan-oclock\/\",\"name\":\"Torba za pla\u017eu - Active Luxe Cosmetics\",\"isPartOf\":{\"@id\":\"https:\/\/activeluxe-cosmetics.com\/hr\/#website\"},\"primaryImageOfPage\":{\"@id\":\"https:\/\/activeluxe-cosmetics.com\/hr\/proizvod\/torba-za-plazu-its-tan-oclock\/#primaryimage\"},\"image\":{\"@id\":\"https:\/\/activeluxe-cosmetics.com\/hr\/proizvod\/torba-za-plazu-its-tan-oclock\/#primaryimage\"},\"thumbnailUrl\":\"https:\/\/activeluxe-cosmetics.com\/hr\/wp-content\/uploads\/2024\/06\/beach_bag.jpg\",\"datePublished\":\"2024-06-13T07:53:43+00:00\",\"dateModified\":\"2026-01-05T14:50:07+00:00\",\"description\":\"Prostrana i prakti\u010dna torba za pla\u017eu u modernoj pje\u0161\u010danoj boji. S unutarnjim d\u017eepom, \u010dvrstim i perivim materijalom, idealna za na pla\u017eu ili kupovinu.\",\"breadcrumb\":{\"@id\":\"https:\/\/activeluxe-cosmetics.com\/hr\/proizvod\/torba-za-plazu-its-tan-oclock\/#breadcrumb\"},\"inLanguage\":\"hr\",\"potentialAction\":[{\"@type\":\"ReadAction\",\"target\":[\"https:\/\/activeluxe-cosmetics.com\/hr\/proizvod\/torba-za-plazu-its-tan-oclock\/\"]}]},{\"@type\":\"ImageObject\",\"inLanguage\":\"hr\",\"@id\":\"https:\/\/activeluxe-cosmetics.com\/hr\/proizvod\/torba-za-plazu-its-tan-oclock\/#primaryimage\",\"url\":\"https:\/\/activeluxe-cosmetics.com\/hr\/wp-content\/uploads\/2024\/06\/beach_bag.jpg\",\"contentUrl\":\"https:\/\/activeluxe-cosmetics.com\/hr\/wp-content\/uploads\/2024\/06\/beach_bag.jpg\",\"width\":768,\"height\":1152,\"caption\":\"Torba za pla\u017eu Active Luxe Cosmetics\"},{\"@type\":\"BreadcrumbList\",\"@id\":\"https:\/\/activeluxe-cosmetics.com\/hr\/proizvod\/torba-za-plazu-its-tan-oclock\/#breadcrumb\",\"itemListElement\":[{\"@type\":\"ListItem\",\"position\":1,\"name\":\"Naslovnica\",\"item\":\"https:\/\/activeluxe-cosmetics.com\/hr\/\"},{\"@type\":\"ListItem\",\"position\":2,\"name\":\"Trgovina\",\"item\":\"https:\/\/activeluxe-cosmetics.com\/hr\/trgovina\/\"},{\"@type\":\"ListItem\",\"position\":3,\"name\":\"Torba za pla\u017eu: It\u00b4s tan o\u00b4clock!\"}]},{\"@type\":\"WebSite\",\"@id\":\"https:\/\/activeluxe-cosmetics.com\/hr\/#website\",\"url\":\"https:\/\/activeluxe-cosmetics.com\/hr\/\",\"name\":\"Active Luxe Cosmetics\",\"description\":\"\",\"potentialAction\":[{\"@type\":\"SearchAction\",\"target\":{\"@type\":\"EntryPoint\",\"urlTemplate\":\"https:\/\/activeluxe-cosmetics.com\/hr\/?s={search_term_string}\"},\"query-input\":{\"@type\":\"PropertyValueSpecification\",\"valueRequired\":true,\"valueName\":\"search_term_string\"}}],\"inLanguage\":\"hr\"}]}<\/script>\n<!-- \/ Yoast SEO plugin. -->","yoast_head_json":{"title":"Torba za pla\u017eu - Active Luxe Cosmetics","description":"Prostrana i prakti\u010dna torba za pla\u017eu u modernoj pje\u0161\u010danoj boji. S unutarnjim d\u017eepom, \u010dvrstim i perivim materijalom, idealna za na pla\u017eu ili kupovinu.","robots":{"index":"index","follow":"follow","max-snippet":"max-snippet:-1","max-image-preview":"max-image-preview:large","max-video-preview":"max-video-preview:-1"},"canonical":"https:\/\/activeluxe-cosmetics.com\/hr\/proizvod\/torba-za-plazu-its-tan-oclock\/","og_locale":"hr_HR","og_type":"article","og_title":"Torba za pla\u017eu - Active Luxe Cosmetics","og_description":"Prostrana i prakti\u010dna torba za pla\u017eu u modernoj pje\u0161\u010danoj boji. S unutarnjim d\u017eepom, \u010dvrstim i perivim materijalom, idealna za na pla\u017eu ili kupovinu.","og_url":"https:\/\/activeluxe-cosmetics.com\/hr\/proizvod\/torba-za-plazu-its-tan-oclock\/","og_site_name":"Active Luxe Cosmetics","article_modified_time":"2026-01-05T14:50:07+00:00","og_image":[{"width":768,"height":1152,"url":"https:\/\/activeluxe-cosmetics.com\/hr\/wp-content\/uploads\/2024\/06\/beach_bag.jpg","type":"image\/jpeg"}],"twitter_card":"summary_large_image","twitter_misc":{"Procijenjeno vrijeme \u010ditanja":"2 minute"},"schema":{"@context":"https:\/\/schema.org","@graph":[{"@type":"WebPage","@id":"https:\/\/activeluxe-cosmetics.com\/hr\/proizvod\/torba-za-plazu-its-tan-oclock\/","url":"https:\/\/activeluxe-cosmetics.com\/hr\/proizvod\/torba-za-plazu-its-tan-oclock\/","name":"Torba za pla\u017eu - Active Luxe Cosmetics","isPartOf":{"@id":"https:\/\/activeluxe-cosmetics.com\/hr\/#website"},"primaryImageOfPage":{"@id":"https:\/\/activeluxe-cosmetics.com\/hr\/proizvod\/torba-za-plazu-its-tan-oclock\/#primaryimage"},"image":{"@id":"https:\/\/activeluxe-cosmetics.com\/hr\/proizvod\/torba-za-plazu-its-tan-oclock\/#primaryimage"},"thumbnailUrl":"https:\/\/activeluxe-cosmetics.com\/hr\/wp-content\/uploads\/2024\/06\/beach_bag.jpg","datePublished":"2024-06-13T07:53:43+00:00","dateModified":"2026-01-05T14:50:07+00:00","description":"Prostrana i prakti\u010dna torba za pla\u017eu u modernoj pje\u0161\u010danoj boji. S unutarnjim d\u017eepom, \u010dvrstim i perivim materijalom, idealna za na pla\u017eu ili kupovinu.","breadcrumb":{"@id":"https:\/\/activeluxe-cosmetics.com\/hr\/proizvod\/torba-za-plazu-its-tan-oclock\/#breadcrumb"},"inLanguage":"hr","potentialAction":[{"@type":"ReadAction","target":["https:\/\/activeluxe-cosmetics.com\/hr\/proizvod\/torba-za-plazu-its-tan-oclock\/"]}]},{"@type":"ImageObject","inLanguage":"hr","@id":"https:\/\/activeluxe-cosmetics.com\/hr\/proizvod\/torba-za-plazu-its-tan-oclock\/#primaryimage","url":"https:\/\/activeluxe-cosmetics.com\/hr\/wp-content\/uploads\/2024\/06\/beach_bag.jpg","contentUrl":"https:\/\/activeluxe-cosmetics.com\/hr\/wp-content\/uploads\/2024\/06\/beach_bag.jpg","width":768,"height":1152,"caption":"Torba za pla\u017eu Active Luxe Cosmetics"},{"@type":"BreadcrumbList","@id":"https:\/\/activeluxe-cosmetics.com\/hr\/proizvod\/torba-za-plazu-its-tan-oclock\/#breadcrumb","itemListElement":[{"@type":"ListItem","position":1,"name":"Naslovnica","item":"https:\/\/activeluxe-cosmetics.com\/hr\/"},{"@type":"ListItem","position":2,"name":"Trgovina","item":"https:\/\/activeluxe-cosmetics.com\/hr\/trgovina\/"},{"@type":"ListItem","position":3,"name":"Torba za pla\u017eu: It\u00b4s tan o\u00b4clock!"}]},{"@type":"WebSite","@id":"https:\/\/activeluxe-cosmetics.com\/hr\/#website","url":"https:\/\/activeluxe-cosmetics.com\/hr\/","name":"Active Luxe Cosmetics","description":"","potentialAction":[{"@type":"SearchAction","target":{"@type":"EntryPoint","urlTemplate":"https:\/\/activeluxe-cosmetics.com\/hr\/?s={search_term_string}"},"query-input":{"@type":"PropertyValueSpecification","valueRequired":true,"valueName":"search_term_string"}}],"inLanguage":"hr"}]}},"_links":{"self":[{"href":"https:\/\/activeluxe-cosmetics.com\/hr\/wp-json\/wp\/v2\/product\/84359","targetHints":{"allow":["GET"]}}],"collection":[{"href":"https:\/\/activeluxe-cosmetics.com\/hr\/wp-json\/wp\/v2\/product"}],"about":[{"href":"https:\/\/activeluxe-cosmetics.com\/hr\/wp-json\/wp\/v2\/types\/product"}],"replies":[{"embeddable":true,"href":"https:\/\/activeluxe-cosmetics.com\/hr\/wp-json\/wp\/v2\/comments?post=84359"}],"wp:featuredmedia":[{"embeddable":true,"href":"https:\/\/activeluxe-cosmetics.com\/hr\/wp-json\/wp\/v2\/media\/95813"}],"wp:attachment":[{"href":"https:\/\/activeluxe-cosmetics.com\/hr\/wp-json\/wp\/v2\/media?parent=84359"}],"wp:term":[{"taxonomy":"product_brand","embeddable":true,"href":"https:\/\/activeluxe-cosmetics.com\/hr\/wp-json\/wp\/v2\/product_brand?post=84359"},{"taxonomy":"product_cat","embeddable":true,"href":"https:\/\/activeluxe-cosmetics.com\/hr\/wp-json\/wp\/v2\/product_cat?post=84359"},{"taxonomy":"product_tag","embeddable":true,"href":"https:\/\/activeluxe-cosmetics.com\/hr\/wp-json\/wp\/v2\/product_tag?post=84359"}],"curies":[{"name":"wp","href":"https:\/\/api.w.org\/{rel}","templated":true}]}}