{"id":81976,"date":"2024-03-04T13:44:16","date_gmt":"2024-03-04T13:44:16","guid":{"rendered":"https:\/\/activeluxe-cosmetics.com\/hr\/?post_type=product&#038;p=81976"},"modified":"2026-02-17T08:38:43","modified_gmt":"2026-02-17T08:38:43","slug":"derma-roller-za-brzi-rast-brade","status":"publish","type":"product","link":"https:\/\/activeluxe-cosmetics.com\/hr\/proizvod\/derma-roller-za-brzi-rast-brade\/","title":{"rendered":"Derma roller za br\u017ei rast brade"},"content":{"rendered":"<h2><img loading=\"lazy\" decoding=\"async\" class=\" wp-image-81996 alignright\" src=\"https:\/\/activeluxe-cosmetics.com\/hr\/wp-content\/uploads\/2024\/03\/Group-392-15-460x589-1.jpg\" alt=\"\" width=\"389\" height=\"498\" \/><\/h2>\n<h2><strong>Bolja cirkulacija krvi <\/strong>= br\u017ei rast brade<\/h2>\n<p>Da bi bilo koja dlaka na tijelu rasla, potreban joj je <strong>poticaj<\/strong>. On naj\u010de\u0161\u0107e dolazi <strong>iz krvi<\/strong>, odnosno aktivnih sastojaka iz hrane koje ona prenosi kroz tijelo. Gravitacija odra\u0111uje svoje, stoga gornji dio tijela za ovakve stvari naj\u010de\u0161\u0107e treba<strong> dodatna aktivnost<\/strong>. Upravo to radi <strong>Active Luxe derma roller<\/strong>.<\/p>\n<p>On je kozmeti\u010dki pripravak koji lagodno stane u va\u0161u ruku i kojim radite microneedling svoje ko\u017ee na bradi &#8211; dok povla\u010dite roller po predjelu brade:<\/p>\n<ul>\n<li>Skidate povr\u0161inski sloj mrtvih stanica ko\u017ee<\/li>\n<li>Poti\u010dete regeneraciju ko\u017ee<\/li>\n<li>Pobolj\u0161avate cirkulaciju krvi u licu<\/li>\n<li>Omogu\u0107ujete da se serum za rast brade br\u017ee upija<\/li>\n<li>Svim ovime poti\u010dete i svoju bradu da raste br\u017ee.<\/li>\n<\/ul>\n<p>&nbsp;<\/p>\n<p>&nbsp;<\/p>\n<p>&nbsp;<\/p>\n<h2><img loading=\"lazy\" decoding=\"async\" class=\" wp-image-81998 alignleft\" src=\"https:\/\/activeluxe-cosmetics.com\/hr\/wp-content\/uploads\/2024\/03\/Izdelek-brez-naslova-66-1-460x575.png\" alt=\"\" width=\"377\" height=\"471\" srcset=\"https:\/\/activeluxe-cosmetics.com\/hr\/wp-content\/uploads\/2024\/03\/Izdelek-brez-naslova-66-1-460x575.png 460w, https:\/\/activeluxe-cosmetics.com\/hr\/wp-content\/uploads\/2024\/03\/Izdelek-brez-naslova-66-1-819x1024.png 819w, https:\/\/activeluxe-cosmetics.com\/hr\/wp-content\/uploads\/2024\/03\/Izdelek-brez-naslova-66-1-768x960.png 768w, https:\/\/activeluxe-cosmetics.com\/hr\/wp-content\/uploads\/2024\/03\/Izdelek-brez-naslova-66-1-600x750.png 600w, https:\/\/activeluxe-cosmetics.com\/hr\/wp-content\/uploads\/2024\/03\/Izdelek-brez-naslova-66-1.png 1080w\" sizes=\"auto, (max-width: 377px) 100vw, 377px\" \/><\/h2>\n<h2><\/h2>\n<h2><strong>Glavni featuri <\/strong>ovog ure\u0111aja<\/h2>\n<ul>\n<li><strong>Micro-Needling tehnologija<\/strong>: Na\u0161 derma roller nije obi\u010dan ure\u0111aj. Posebno je dizajniran da stimulira cirkulaciju krvi i aktivira uspavane folikule dlake na licu.<\/li>\n<li><strong>Visokokvalitetne igle od nehr\u0111aju\u0107eg \u010delika:<\/strong>\u00a0Zbog njih imate garanciju da \u0107e ovaj roller trajati i biti u\u010dinkovit. Fine iglice penetriraju duboko u povr\u0161inski sloj ko\u017ee, poti\u010du\u0107i prirodni proces obnove ko\u017ee bez boli i o\u0161te\u0107enja.<\/li>\n<li><strong>Ergonomski dizajn<\/strong>: Dizajniran uz ergonomsku ru\u010dkicu za ugodnu kontrolu poteza po licu. Kompaktne je veli\u010dine pa je prikladan za putovanja, bilo kratka, bilo duga. U va\u0161oj kozmeti\u010dkoj torbici ne\u0107e uzeti vi\u0161e mjesta nego primjerice, dezodorans.<\/li>\n<li><strong>Svestrana primjena<\/strong>: Bilo da \u017eelite popuniti nepravilna podru\u010dja, potaknuti rast brade od po\u010detka ili pobolj\u0161ati upijanje seruma ili ulja za bradu, na\u0161 derma roller je savr\u0161en izbor.<\/li>\n<li><strong>Dokazani rezultati<\/strong>: Brojna znanstvena istra\u017eivanja dokazala su pozitivne efekte derma rollinga. Ali, ne samo oni, ve\u0107 i brojni zadovoljni mu\u0161karci s mu\u017eevnom i gustom bradom.<\/li>\n<\/ul>\n<p>&nbsp;<\/p>\n<p>&nbsp;<\/p>\n<p>&nbsp;<\/p>\n<h2><img loading=\"lazy\" decoding=\"async\" class=\"size-full wp-image-81470 alignright\" src=\"https:\/\/activeluxe-cosmetics.com\/hr\/wp-content\/uploads\/2024\/01\/Mask-group-4-1.png\" alt=\"\" width=\"360\" height=\"443\" \/><strong>Ulo\u017ei u svoju bradu &#8211; <\/strong>ulo\u017ei u derma roller<\/h2>\n<p>Pravi mu\u0161karac ne\u0107e dozvoliti da ga tanka i neravnomjerna brada sprije\u010di u naumu da izgleda mu\u017eevno i odva\u017eno.<br \/>\nPrvi korak je <strong>premium derma Roller<\/strong>, a krajnji rezultat je <strong>puna<\/strong>, <strong>gusta<\/strong>,<strong> mekana brada<\/strong> koja je toliko ugodna ispod prstiju.<\/p>\n<p>Najbolje od svega je \u0161to ga mo\u017eete koristiti i na podru\u010dju vlasi\u0161ta za poticanje rasta kose.<br \/>\nOvaj <strong>multifunkcionalan<\/strong> i <strong>prakti\u010dan<\/strong> ure\u0111aj nemojte dijeliti s nikim, a po\u017eeljno je prije kori\u0161tenja po\u0161pricati ga antibakterijskim sprejom.<\/p>\n","protected":false},"excerpt":{"rendered":"<p>Titanskim mikroiglicama poti\u010de cirkulaciju i budi folikule dlake.<\/p>\n","protected":false},"featured_media":81399,"comment_status":"open","ping_status":"closed","template":"","meta":[],"product_brand":[],"product_cat":[107,109,42],"product_tag":[],"class_list":{"0":"post-81976","1":"product","2":"type-product","3":"status-publish","4":"has-post-thumbnail","6":"product_cat-brada","7":"product_cat-dodaci-muskarci","8":"product_cat-muskarci","10":"first","11":"instock","12":"sale","13":"taxable","14":"shipping-taxable","15":"purchasable","16":"product-type-simple"},"bundled_by":[],"bundle_stock_status":"instock","bundle_stock_quantity":null,"bundle_virtual":false,"bundle_layout":"","bundle_add_to_cart_form_location":"","bundle_editable_in_cart":false,"bundle_sold_individually_context":"","bundle_item_grouping":"","bundle_min_size":"","bundle_max_size":"","bundled_items":[],"acf":[],"yoast_head":"<!-- This site is optimized with the Yoast SEO plugin v26.5 - https:\/\/yoast.com\/wordpress\/plugins\/seo\/ -->\n<title>Derma roller za masa\u017eu brade<\/title>\n<meta name=\"description\" content=\"Derma roller za rast brade Active Luxe Cosmetics. \u3030\ufe0fubrzava mikrocirkulaciju\u3030\ufe0fstimulira uspavane folikule kose. Poti\u010de rast brade.\" \/>\n<meta name=\"robots\" content=\"index, follow, max-snippet:-1, max-image-preview:large, max-video-preview:-1\" \/>\n<link rel=\"canonical\" href=\"https:\/\/activeluxe-cosmetics.com\/hr\/proizvod\/derma-roller-za-brzi-rast-brade\/\" \/>\n<meta property=\"og:locale\" content=\"hr_HR\" \/>\n<meta property=\"og:type\" content=\"article\" \/>\n<meta property=\"og:title\" content=\"Derma roller za masa\u017eu brade\" \/>\n<meta property=\"og:description\" content=\"Derma roller za rast brade Active Luxe Cosmetics. \u3030\ufe0fubrzava mikrocirkulaciju\u3030\ufe0fstimulira uspavane folikule kose. Poti\u010de rast brade.\" \/>\n<meta property=\"og:url\" content=\"https:\/\/activeluxe-cosmetics.com\/hr\/proizvod\/derma-roller-za-brzi-rast-brade\/\" \/>\n<meta property=\"og:site_name\" content=\"Active Luxe Cosmetics\" \/>\n<meta property=\"article:modified_time\" content=\"2026-02-17T08:38:43+00:00\" \/>\n<meta property=\"og:image\" content=\"https:\/\/activeluxe-cosmetics.com\/hr\/wp-content\/uploads\/2024\/01\/Derma_roller.jpg\" \/>\n\t<meta property=\"og:image:width\" content=\"783\" \/>\n\t<meta property=\"og:image:height\" content=\"995\" \/>\n\t<meta property=\"og:image:type\" content=\"image\/jpeg\" \/>\n<meta name=\"twitter:card\" content=\"summary_large_image\" \/>\n<meta name=\"twitter:label1\" content=\"Procijenjeno vrijeme \u010ditanja\" \/>\n\t<meta name=\"twitter:data1\" content=\"3 minute\" \/>\n<script type=\"application\/ld+json\" class=\"yoast-schema-graph\">{\"@context\":\"https:\/\/schema.org\",\"@graph\":[{\"@type\":\"WebPage\",\"@id\":\"https:\/\/activeluxe-cosmetics.com\/hr\/proizvod\/derma-roller-za-brzi-rast-brade\/\",\"url\":\"https:\/\/activeluxe-cosmetics.com\/hr\/proizvod\/derma-roller-za-brzi-rast-brade\/\",\"name\":\"Derma roller za masa\u017eu brade\",\"isPartOf\":{\"@id\":\"https:\/\/activeluxe-cosmetics.com\/hr\/#website\"},\"primaryImageOfPage\":{\"@id\":\"https:\/\/activeluxe-cosmetics.com\/hr\/proizvod\/derma-roller-za-brzi-rast-brade\/#primaryimage\"},\"image\":{\"@id\":\"https:\/\/activeluxe-cosmetics.com\/hr\/proizvod\/derma-roller-za-brzi-rast-brade\/#primaryimage\"},\"thumbnailUrl\":\"https:\/\/activeluxe-cosmetics.com\/hr\/wp-content\/uploads\/2024\/01\/Derma_roller.jpg\",\"datePublished\":\"2024-03-04T13:44:16+00:00\",\"dateModified\":\"2026-02-17T08:38:43+00:00\",\"description\":\"Derma roller za rast brade Active Luxe Cosmetics. \u3030\ufe0fubrzava mikrocirkulaciju\u3030\ufe0fstimulira uspavane folikule kose. Poti\u010de rast brade.\",\"breadcrumb\":{\"@id\":\"https:\/\/activeluxe-cosmetics.com\/hr\/proizvod\/derma-roller-za-brzi-rast-brade\/#breadcrumb\"},\"inLanguage\":\"hr\",\"potentialAction\":[{\"@type\":\"ReadAction\",\"target\":[\"https:\/\/activeluxe-cosmetics.com\/hr\/proizvod\/derma-roller-za-brzi-rast-brade\/\"]}]},{\"@type\":\"ImageObject\",\"inLanguage\":\"hr\",\"@id\":\"https:\/\/activeluxe-cosmetics.com\/hr\/proizvod\/derma-roller-za-brzi-rast-brade\/#primaryimage\",\"url\":\"https:\/\/activeluxe-cosmetics.com\/hr\/wp-content\/uploads\/2024\/01\/Derma_roller.jpg\",\"contentUrl\":\"https:\/\/activeluxe-cosmetics.com\/hr\/wp-content\/uploads\/2024\/01\/Derma_roller.jpg\",\"width\":783,\"height\":995},{\"@type\":\"BreadcrumbList\",\"@id\":\"https:\/\/activeluxe-cosmetics.com\/hr\/proizvod\/derma-roller-za-brzi-rast-brade\/#breadcrumb\",\"itemListElement\":[{\"@type\":\"ListItem\",\"position\":1,\"name\":\"Naslovnica\",\"item\":\"https:\/\/activeluxe-cosmetics.com\/hr\/\"},{\"@type\":\"ListItem\",\"position\":2,\"name\":\"Trgovina\",\"item\":\"https:\/\/activeluxe-cosmetics.com\/hr\/trgovina\/\"},{\"@type\":\"ListItem\",\"position\":3,\"name\":\"Derma roller za br\u017ei rast brade\"}]},{\"@type\":\"WebSite\",\"@id\":\"https:\/\/activeluxe-cosmetics.com\/hr\/#website\",\"url\":\"https:\/\/activeluxe-cosmetics.com\/hr\/\",\"name\":\"Active Luxe Cosmetics\",\"description\":\"\",\"potentialAction\":[{\"@type\":\"SearchAction\",\"target\":{\"@type\":\"EntryPoint\",\"urlTemplate\":\"https:\/\/activeluxe-cosmetics.com\/hr\/?s={search_term_string}\"},\"query-input\":{\"@type\":\"PropertyValueSpecification\",\"valueRequired\":true,\"valueName\":\"search_term_string\"}}],\"inLanguage\":\"hr\"}]}<\/script>\n<!-- \/ Yoast SEO plugin. -->","yoast_head_json":{"title":"Derma roller za masa\u017eu brade","description":"Derma roller za rast brade Active Luxe Cosmetics. \u3030\ufe0fubrzava mikrocirkulaciju\u3030\ufe0fstimulira uspavane folikule kose. Poti\u010de rast brade.","robots":{"index":"index","follow":"follow","max-snippet":"max-snippet:-1","max-image-preview":"max-image-preview:large","max-video-preview":"max-video-preview:-1"},"canonical":"https:\/\/activeluxe-cosmetics.com\/hr\/proizvod\/derma-roller-za-brzi-rast-brade\/","og_locale":"hr_HR","og_type":"article","og_title":"Derma roller za masa\u017eu brade","og_description":"Derma roller za rast brade Active Luxe Cosmetics. \u3030\ufe0fubrzava mikrocirkulaciju\u3030\ufe0fstimulira uspavane folikule kose. Poti\u010de rast brade.","og_url":"https:\/\/activeluxe-cosmetics.com\/hr\/proizvod\/derma-roller-za-brzi-rast-brade\/","og_site_name":"Active Luxe Cosmetics","article_modified_time":"2026-02-17T08:38:43+00:00","og_image":[{"width":783,"height":995,"url":"https:\/\/activeluxe-cosmetics.com\/hr\/wp-content\/uploads\/2024\/01\/Derma_roller.jpg","type":"image\/jpeg"}],"twitter_card":"summary_large_image","twitter_misc":{"Procijenjeno vrijeme \u010ditanja":"3 minute"},"schema":{"@context":"https:\/\/schema.org","@graph":[{"@type":"WebPage","@id":"https:\/\/activeluxe-cosmetics.com\/hr\/proizvod\/derma-roller-za-brzi-rast-brade\/","url":"https:\/\/activeluxe-cosmetics.com\/hr\/proizvod\/derma-roller-za-brzi-rast-brade\/","name":"Derma roller za masa\u017eu brade","isPartOf":{"@id":"https:\/\/activeluxe-cosmetics.com\/hr\/#website"},"primaryImageOfPage":{"@id":"https:\/\/activeluxe-cosmetics.com\/hr\/proizvod\/derma-roller-za-brzi-rast-brade\/#primaryimage"},"image":{"@id":"https:\/\/activeluxe-cosmetics.com\/hr\/proizvod\/derma-roller-za-brzi-rast-brade\/#primaryimage"},"thumbnailUrl":"https:\/\/activeluxe-cosmetics.com\/hr\/wp-content\/uploads\/2024\/01\/Derma_roller.jpg","datePublished":"2024-03-04T13:44:16+00:00","dateModified":"2026-02-17T08:38:43+00:00","description":"Derma roller za rast brade Active Luxe Cosmetics. \u3030\ufe0fubrzava mikrocirkulaciju\u3030\ufe0fstimulira uspavane folikule kose. Poti\u010de rast brade.","breadcrumb":{"@id":"https:\/\/activeluxe-cosmetics.com\/hr\/proizvod\/derma-roller-za-brzi-rast-brade\/#breadcrumb"},"inLanguage":"hr","potentialAction":[{"@type":"ReadAction","target":["https:\/\/activeluxe-cosmetics.com\/hr\/proizvod\/derma-roller-za-brzi-rast-brade\/"]}]},{"@type":"ImageObject","inLanguage":"hr","@id":"https:\/\/activeluxe-cosmetics.com\/hr\/proizvod\/derma-roller-za-brzi-rast-brade\/#primaryimage","url":"https:\/\/activeluxe-cosmetics.com\/hr\/wp-content\/uploads\/2024\/01\/Derma_roller.jpg","contentUrl":"https:\/\/activeluxe-cosmetics.com\/hr\/wp-content\/uploads\/2024\/01\/Derma_roller.jpg","width":783,"height":995},{"@type":"BreadcrumbList","@id":"https:\/\/activeluxe-cosmetics.com\/hr\/proizvod\/derma-roller-za-brzi-rast-brade\/#breadcrumb","itemListElement":[{"@type":"ListItem","position":1,"name":"Naslovnica","item":"https:\/\/activeluxe-cosmetics.com\/hr\/"},{"@type":"ListItem","position":2,"name":"Trgovina","item":"https:\/\/activeluxe-cosmetics.com\/hr\/trgovina\/"},{"@type":"ListItem","position":3,"name":"Derma roller za br\u017ei rast brade"}]},{"@type":"WebSite","@id":"https:\/\/activeluxe-cosmetics.com\/hr\/#website","url":"https:\/\/activeluxe-cosmetics.com\/hr\/","name":"Active Luxe Cosmetics","description":"","potentialAction":[{"@type":"SearchAction","target":{"@type":"EntryPoint","urlTemplate":"https:\/\/activeluxe-cosmetics.com\/hr\/?s={search_term_string}"},"query-input":{"@type":"PropertyValueSpecification","valueRequired":true,"valueName":"search_term_string"}}],"inLanguage":"hr"}]}},"_links":{"self":[{"href":"https:\/\/activeluxe-cosmetics.com\/hr\/wp-json\/wp\/v2\/product\/81976","targetHints":{"allow":["GET"]}}],"collection":[{"href":"https:\/\/activeluxe-cosmetics.com\/hr\/wp-json\/wp\/v2\/product"}],"about":[{"href":"https:\/\/activeluxe-cosmetics.com\/hr\/wp-json\/wp\/v2\/types\/product"}],"replies":[{"embeddable":true,"href":"https:\/\/activeluxe-cosmetics.com\/hr\/wp-json\/wp\/v2\/comments?post=81976"}],"wp:featuredmedia":[{"embeddable":true,"href":"https:\/\/activeluxe-cosmetics.com\/hr\/wp-json\/wp\/v2\/media\/81399"}],"wp:attachment":[{"href":"https:\/\/activeluxe-cosmetics.com\/hr\/wp-json\/wp\/v2\/media?parent=81976"}],"wp:term":[{"taxonomy":"product_brand","embeddable":true,"href":"https:\/\/activeluxe-cosmetics.com\/hr\/wp-json\/wp\/v2\/product_brand?post=81976"},{"taxonomy":"product_cat","embeddable":true,"href":"https:\/\/activeluxe-cosmetics.com\/hr\/wp-json\/wp\/v2\/product_cat?post=81976"},{"taxonomy":"product_tag","embeddable":true,"href":"https:\/\/activeluxe-cosmetics.com\/hr\/wp-json\/wp\/v2\/product_tag?post=81976"}],"curies":[{"name":"wp","href":"https:\/\/api.w.org\/{rel}","templated":true}]}}