{"id":81970,"date":"2024-03-04T11:57:14","date_gmt":"2024-03-04T11:57:14","guid":{"rendered":"https:\/\/activeluxe-cosmetics.com\/hr\/?post_type=product&#038;p=81970"},"modified":"2026-02-17T08:41:18","modified_gmt":"2026-02-17T08:41:18","slug":"derma-roller-za-stvaranje-prirodnog-kolagena","status":"publish","type":"product","link":"https:\/\/activeluxe-cosmetics.com\/hr\/proizvod\/derma-roller-za-stvaranje-prirodnog-kolagena\/","title":{"rendered":"Derma roller za stvaranje prirodnog kolagena"},"content":{"rendered":"<p><img loading=\"lazy\" decoding=\"async\" class=\"wp-image-83845 size-medium alignright\" src=\"https:\/\/activeluxe-cosmetics.com\/hr\/wp-content\/uploads\/2024\/03\/CRO_Derma-Roller_Prednosti-iglica-460x553.jpg\" alt=\"\" width=\"460\" height=\"553\" srcset=\"https:\/\/activeluxe-cosmetics.com\/hr\/wp-content\/uploads\/2024\/03\/CRO_Derma-Roller_Prednosti-iglica-460x553.jpg 460w, https:\/\/activeluxe-cosmetics.com\/hr\/wp-content\/uploads\/2024\/03\/CRO_Derma-Roller_Prednosti-iglica-853x1024.jpg 853w, https:\/\/activeluxe-cosmetics.com\/hr\/wp-content\/uploads\/2024\/03\/CRO_Derma-Roller_Prednosti-iglica-768x922.jpg 768w, https:\/\/activeluxe-cosmetics.com\/hr\/wp-content\/uploads\/2024\/03\/CRO_Derma-Roller_Prednosti-iglica-1279x1536.jpg 1279w, https:\/\/activeluxe-cosmetics.com\/hr\/wp-content\/uploads\/2024\/03\/CRO_Derma-Roller_Prednosti-iglica-1705x2048.jpg 1705w, https:\/\/activeluxe-cosmetics.com\/hr\/wp-content\/uploads\/2024\/03\/CRO_Derma-Roller_Prednosti-iglica-600x721.jpg 600w\" sizes=\"auto, (max-width: 460px) 100vw, 460px\" \/><\/p>\n<h2>Nevjerojatne su prednosti <strong>derma<\/strong> <strong>rollinga<\/strong>! Napravi ga kod ku\u0107e!<\/h2>\n<ul>\n<li id=\"tw-target-text\" class=\"tw-data-text tw-text-large tw-ta\" dir=\"ltr\" data-placeholder=\"Translation\" aria-label=\"Translated text\" data-ved=\"2ahUKEwjG7KeesqaGAxX0BtsEHQBBBVoQ3ewLegQIBRAU\"><span class=\"Y2IQFc\" lang=\"hr\">Nakon derma rollinga tvoja anti age krema i\/ili serum \u0107e se <strong>bolje<\/strong> <strong>upiti<\/strong> i <strong>ja\u010de<\/strong> <strong>djelovati<\/strong><\/span><\/li>\n<li dir=\"ltr\" data-placeholder=\"Translation\" aria-label=\"Translated text\" data-ved=\"2ahUKEwjG7KeesqaGAxX0BtsEHQBBBVoQ3ewLegQIBRAU\">Poti\u010de <strong>prirodno<\/strong> <strong>stvaranje<\/strong> <strong>kolagena<\/strong> \u0161to umanjuje bore (masa\u017ea rollerom uzrokuje blaga, golom oku nevidljiva <em>o\u0161te\u0107enja<\/em> ko\u017ee \u0161to joj daje signal za br\u017eu regeneraciju)<\/li>\n<li class=\"tw-data-text tw-text-large tw-ta\" dir=\"ltr\" data-placeholder=\"Translation\" aria-label=\"Translated text\" data-ved=\"2ahUKEwjG7KeesqaGAxX0BtsEHQBBBVoQ3ewLegQIBRAU\"><span class=\"Y2IQFc\" lang=\"hr\">Derma rolling ubla\u017eava probleme <strong>pigmentacije<\/strong> ko\u017ee lica<\/span><\/li>\n<li class=\"tw-data-text tw-text-large tw-ta\" dir=\"ltr\" data-placeholder=\"Translation\" aria-label=\"Translated text\" data-ved=\"2ahUKEwjG7KeesqaGAxX0BtsEHQBBBVoQ3ewLegQIBRAU\"><span class=\"Y2IQFc\" lang=\"hr\"><strong>Pobolj\u0161ava<\/strong> i <strong>zagla\u0111uje <\/strong>epidermu ko\u017ee <\/span><\/li>\n<li class=\"tw-data-text tw-text-large tw-ta\" dir=\"ltr\" data-placeholder=\"Translation\" aria-label=\"Translated text\" data-ved=\"2ahUKEwjG7KeesqaGAxX0BtsEHQBBBVoQ3ewLegQIBRAU\"><span class=\"Y2IQFc\" lang=\"hr\">Smanjuje <strong>o\u017eiljke<\/strong> od akni<\/span><\/li>\n<li class=\"tw-data-text tw-text-large tw-ta\" dir=\"ltr\" data-placeholder=\"Translation\" aria-label=\"Translated text\" data-ved=\"2ahUKEwjG7KeesqaGAxX0BtsEHQBBBVoQ3ewLegQIBRAU\"><span class=\"Y2IQFc\" lang=\"hr\">Iglice dermarollera prodiru u dublje slojeve ko\u017ee i <strong>ubrzavaju mikrocirkulaciju<\/strong><\/span><\/li>\n<\/ul>\n<p id=\"tw-target-text\" class=\"tw-data-text tw-text-large tw-ta\" dir=\"ltr\" data-placeholder=\"Translation\" aria-label=\"Translated text\" data-ved=\"2ahUKEwjG7KeesqaGAxX0BtsEHQBBBVoQ3ewLegQIBRAU\"><span class=\"Y2IQFc\" lang=\"hr\">Active Luxe derma roller je visokokvalitetni kozmeti\u010dki ure\u0111aj koji ima <strong>540<\/strong> <strong>ultra tankih iglica<\/strong>, du\u017eine 0,50 mm, izra\u0111enih od nehr\u0111aju\u0107eg \u010delika i izvrstan je za <strong>dubinsku<\/strong> <strong>masa\u017eu<\/strong> <strong>lica<\/strong>, gdje poti\u010de proces zacjeljivanja ili regeneraciju ko\u017ee i time omogu\u0107uje prirodno stvaranje kolagena. <\/span><\/p>\n<p class=\"tw-data-text tw-text-large tw-ta\" dir=\"ltr\" data-placeholder=\"Translation\" aria-label=\"Translated text\" data-ved=\"2ahUKEwjG7KeesqaGAxX0BtsEHQBBBVoQ3ewLegQIBRAU\"><span class=\"Y2IQFc\" lang=\"hr\">Tako\u0111er omogu\u0107uje va\u0161im omiljenim serumima za njegu da <strong>prodru<\/strong> <strong>dublje<\/strong> u ko\u017eu i tako djeluju jo\u0161 bolje.<\/span><\/p>\n<h2 style=\"text-align: center; clear: both;\"><\/h2>\n<p>&nbsp;<\/p>\n<p>&nbsp;<\/p>\n<p>&nbsp;<\/p>\n<p><img loading=\"lazy\" decoding=\"async\" class=\"wp-image-83846 size-medium alignleft\" src=\"https:\/\/activeluxe-cosmetics.com\/hr\/wp-content\/uploads\/2024\/03\/CRO_Derma-Roller_Strucnjak-za-tvoju-kozu-460x553.jpg\" alt=\"\" width=\"460\" height=\"553\" srcset=\"https:\/\/activeluxe-cosmetics.com\/hr\/wp-content\/uploads\/2024\/03\/CRO_Derma-Roller_Strucnjak-za-tvoju-kozu-460x553.jpg 460w, https:\/\/activeluxe-cosmetics.com\/hr\/wp-content\/uploads\/2024\/03\/CRO_Derma-Roller_Strucnjak-za-tvoju-kozu-853x1024.jpg 853w, https:\/\/activeluxe-cosmetics.com\/hr\/wp-content\/uploads\/2024\/03\/CRO_Derma-Roller_Strucnjak-za-tvoju-kozu-768x922.jpg 768w, https:\/\/activeluxe-cosmetics.com\/hr\/wp-content\/uploads\/2024\/03\/CRO_Derma-Roller_Strucnjak-za-tvoju-kozu-1279x1536.jpg 1279w, https:\/\/activeluxe-cosmetics.com\/hr\/wp-content\/uploads\/2024\/03\/CRO_Derma-Roller_Strucnjak-za-tvoju-kozu-1705x2048.jpg 1705w, https:\/\/activeluxe-cosmetics.com\/hr\/wp-content\/uploads\/2024\/03\/CRO_Derma-Roller_Strucnjak-za-tvoju-kozu-600x721.jpg 600w\" sizes=\"auto, (max-width: 460px) 100vw, 460px\" \/><\/p>\n<h2>Za\u0161to ti preporu\u010dujemo kori\u0161tenje Active Luxe <strong>Derma rollera<\/strong>?<\/h2>\n<p><b>Masa\u017ea lica derma rollerom<\/b> (koje se jo\u0161 zove microneedling ili dermarolling) s iglicama uzrokuje blaga i sigurna, mala o\u0161te\u0107enja ko\u017ee. Ko\u017ea tako automatski poti\u010de proces zacjeljivanja \u0161to vodi do <b>regeneracije<\/b> ko\u017ee i proizvodnje kolagena i elastina, koji sprje\u010davaju starenje ko\u017ee.<\/p>\n<p>Kako se stvaraju male ranice, kozmeti\u010dki proizvodi za njegu i hidrataciju <b>dublje prodiru u ko\u017eu<\/b>, bolje se apsorbiraju i aktivnije djeluju. Derma rolling je svojevrstan peeling i zna biti pomalo neugodan, ali ne smije boljeti. Pritisak na ko\u017eu mora biti nje\u017ean.<\/p>\n<p>&nbsp;<\/p>\n<p>&nbsp;<\/p>\n<h2><\/h2>\n<h2><\/h2>\n<h2><\/h2>\n<h2><\/h2>\n<h2><\/h2>\n<h2><\/h2>\n<p>&nbsp;<\/p>\n<h2><b><img loading=\"lazy\" decoding=\"async\" class=\"size-medium wp-image-83847 alignright\" src=\"https:\/\/activeluxe-cosmetics.com\/hr\/wp-content\/uploads\/2024\/03\/CRO_Derma-Roller_Upotreba-Active-Luxe-Derma-Rollera-460x553.jpg\" alt=\"\" width=\"460\" height=\"553\" srcset=\"https:\/\/activeluxe-cosmetics.com\/hr\/wp-content\/uploads\/2024\/03\/CRO_Derma-Roller_Upotreba-Active-Luxe-Derma-Rollera-460x553.jpg 460w, https:\/\/activeluxe-cosmetics.com\/hr\/wp-content\/uploads\/2024\/03\/CRO_Derma-Roller_Upotreba-Active-Luxe-Derma-Rollera-853x1024.jpg 853w, https:\/\/activeluxe-cosmetics.com\/hr\/wp-content\/uploads\/2024\/03\/CRO_Derma-Roller_Upotreba-Active-Luxe-Derma-Rollera-768x922.jpg 768w, https:\/\/activeluxe-cosmetics.com\/hr\/wp-content\/uploads\/2024\/03\/CRO_Derma-Roller_Upotreba-Active-Luxe-Derma-Rollera-1279x1536.jpg 1279w, https:\/\/activeluxe-cosmetics.com\/hr\/wp-content\/uploads\/2024\/03\/CRO_Derma-Roller_Upotreba-Active-Luxe-Derma-Rollera-1705x2048.jpg 1705w, https:\/\/activeluxe-cosmetics.com\/hr\/wp-content\/uploads\/2024\/03\/CRO_Derma-Roller_Upotreba-Active-Luxe-Derma-Rollera-600x721.jpg 600w\" sizes=\"auto, (max-width: 460px) 100vw, 460px\" \/>Nekoliko na\u0161ih preporuka<\/b> za dermarolling lica<\/h2>\n<p>Dermarolling je <b>minimalno invazivan postupak<\/b>. Dok god koristi\u0161 pravu tehniku, slijedi\u0161 upute i koristi\u0161 serum za za lice koji ti odgovara, ne\u0107e\u0161 imati ne\u017eeljenih u\u010dinaka. Osobe s ko\u017enim bolestima, koje se lako prenose na druge dijelove lica ili osobe s psorijazom, ljuskavicom, rozacejom\u00a0 &#8211; prije kori\u0161tenja obavezno neka se posavjetuju s lije\u010dnikom.<\/p>\n<p>Ako koristi\u0161 proizvode s retinolom ili ima\u0161 opekline od sunca, mora\u0161 biti oprezna:<\/p>\n<ul>\n<li aria-level=\"1\">izaberi serum koji odgovara tvojoj ko\u017ei<\/li>\n<li aria-level=\"1\">pri dermarollingu izbjegavaj potencijalno nadra\u017euju\u0107i retinol i vitaminu C,<\/li>\n<li aria-level=\"1\">najbolji izbor biti \u0107e serumi s hijaluraonom.<\/li>\n<\/ul>\n<h2 style=\"text-align: center; clear: both;\"><\/h2>\n<p>&nbsp;<\/p>\n<h2><\/h2>\n<h2><strong>\u010cesta pitanja<\/strong> na\u0161ih kupaca <img loading=\"lazy\" decoding=\"async\" class=\"size-medium wp-image-83848 alignleft\" src=\"https:\/\/activeluxe-cosmetics.com\/hr\/wp-content\/uploads\/2024\/03\/CRO_Derma-Roller_Upute-za-koristenje-460x553.jpg\" alt=\"\" width=\"460\" height=\"553\" srcset=\"https:\/\/activeluxe-cosmetics.com\/hr\/wp-content\/uploads\/2024\/03\/CRO_Derma-Roller_Upute-za-koristenje-460x553.jpg 460w, https:\/\/activeluxe-cosmetics.com\/hr\/wp-content\/uploads\/2024\/03\/CRO_Derma-Roller_Upute-za-koristenje-853x1024.jpg 853w, https:\/\/activeluxe-cosmetics.com\/hr\/wp-content\/uploads\/2024\/03\/CRO_Derma-Roller_Upute-za-koristenje-768x922.jpg 768w, https:\/\/activeluxe-cosmetics.com\/hr\/wp-content\/uploads\/2024\/03\/CRO_Derma-Roller_Upute-za-koristenje-1279x1536.jpg 1279w, https:\/\/activeluxe-cosmetics.com\/hr\/wp-content\/uploads\/2024\/03\/CRO_Derma-Roller_Upute-za-koristenje-1705x2048.jpg 1705w, https:\/\/activeluxe-cosmetics.com\/hr\/wp-content\/uploads\/2024\/03\/CRO_Derma-Roller_Upute-za-koristenje-600x721.jpg 600w\" sizes=\"auto, (max-width: 460px) 100vw, 460px\" \/><\/h2>\n<ul>\n<li><strong>Kako izabrati pravi derma roller? <\/strong>Derma rollerji s iglicama <strong>0.5 mmm du\u017eine<\/strong> su najbolji izbor, jer su iglice dovoljno duge da potaknu aktivan proces cijeljenja ko\u017ee. Na tr\u017ei\u0161tu ima mnogo rollera, ali nisu svi jednako u\u010dinkoviti. Ovaj roller, osim za lice, mo\u017ee se koristiti i za vlasi\u0161te i bradu.<\/li>\n<li>\u00a0<strong>Koliko \u010desto moram koristiti derma roller? <\/strong>Zapo\u010dni s kori\u0161tenjem <strong>jednom na tjedan<\/strong>, da vidi\u0161 kako ko\u017ea reagira na igle. Ako je sve u redu, koristi<strong>\u00a0dva<\/strong> ili <strong>tri puta tjedno<\/strong>. Pazi da ne rola\u0161 du\u017ee od 3 minute.<\/li>\n<li><strong>Kada \u0107u vidjeti rezultate? <\/strong>\u0160to si ustrajnija, br\u017ee \u0107e do\u0107i i rezultat.. Ako \u017eelite sakriti znakove starenja, za vidljive promjene bit \u0107e potrebno malo du\u017ee. Rezultati \u0107e ovisiti o starosti i elasti\u010dnosti tvoje ko\u017ee.<\/li>\n<\/ul>\n<div id=\"gtx-trans\" style=\"position: absolute; left: 221px; top: 222px;\">\n<div class=\"gtx-trans-icon\"><\/div>\n<\/div>\n","protected":false},"excerpt":{"rendered":"<div class=\"product-short-description\">\n<p>Poti\u010de prirodno stvaranje kolagena \u0161to umanjuje bore, u<span class=\"Y2IQFc\" lang=\"hr\">bla\u017eava probleme\u00a0pigmentacije ko\u017ee in p<\/span><span class=\"Y2IQFc\" lang=\"hr\">obolj\u0161ava\u00a0i\u00a0zagla\u0111uje\u00a0epidermu ko\u017ee.<\/span><\/p>\n<\/div>\n<div class=\"price-wrapper\"><\/div>\n","protected":false},"featured_media":83906,"comment_status":"open","ping_status":"closed","template":"","meta":[],"product_brand":[],"product_cat":[105,81],"product_tag":[],"class_list":{"0":"post-81970","1":"product","2":"type-product","3":"status-publish","4":"has-post-thumbnail","6":"product_cat-dodaci-prirodna-kozmetika","7":"product_cat-lice-i-tijelo","9":"first","10":"instock","11":"sale","12":"taxable","13":"shipping-taxable","14":"purchasable","15":"product-type-simple"},"bundled_by":[],"bundle_stock_status":"instock","bundle_stock_quantity":null,"bundle_virtual":false,"bundle_layout":"","bundle_add_to_cart_form_location":"","bundle_editable_in_cart":false,"bundle_sold_individually_context":"","bundle_item_grouping":"","bundle_min_size":"","bundle_max_size":"","bundled_items":[],"acf":[],"yoast_head":"<!-- This site is optimized with the Yoast SEO plugin v26.5 - https:\/\/yoast.com\/wordpress\/plugins\/seo\/ -->\n<title>Derma roller za stvaranje prirodnog kolagena - Active Luxe<\/title>\n<meta name=\"description\" content=\"Poti\u010de prirodno stvaranje kolagena \u0161to umanjuje bore. Ubla\u017eava probleme pigmentacije ko\u017ee lica. Pobolj\u0161ava i zagla\u0111uje epidermu ko\u017ee.\" \/>\n<meta name=\"robots\" content=\"index, follow, max-snippet:-1, max-image-preview:large, max-video-preview:-1\" \/>\n<link rel=\"canonical\" href=\"https:\/\/activeluxe-cosmetics.com\/hr\/proizvod\/derma-roller-za-stvaranje-prirodnog-kolagena\/\" \/>\n<meta property=\"og:locale\" content=\"hr_HR\" \/>\n<meta property=\"og:type\" content=\"article\" \/>\n<meta property=\"og:title\" content=\"Derma roller za stvaranje prirodnog kolagena - Active Luxe\" \/>\n<meta property=\"og:description\" content=\"Poti\u010de prirodno stvaranje kolagena \u0161to umanjuje bore. Ubla\u017eava probleme pigmentacije ko\u017ee lica. Pobolj\u0161ava i zagla\u0111uje epidermu ko\u017ee.\" \/>\n<meta property=\"og:url\" content=\"https:\/\/activeluxe-cosmetics.com\/hr\/proizvod\/derma-roller-za-stvaranje-prirodnog-kolagena\/\" \/>\n<meta property=\"og:site_name\" content=\"Active Luxe Cosmetics\" \/>\n<meta property=\"article:modified_time\" content=\"2026-02-17T08:41:18+00:00\" \/>\n<meta property=\"og:image\" content=\"https:\/\/activeluxe-cosmetics.com\/hr\/wp-content\/uploads\/2024\/03\/Derma_roller_dm_v2.jpg\" \/>\n\t<meta property=\"og:image:width\" content=\"783\" \/>\n\t<meta property=\"og:image:height\" content=\"995\" \/>\n\t<meta property=\"og:image:type\" content=\"image\/jpeg\" \/>\n<meta name=\"twitter:card\" content=\"summary_large_image\" \/>\n<meta name=\"twitter:label1\" content=\"Procijenjeno vrijeme \u010ditanja\" \/>\n\t<meta name=\"twitter:data1\" content=\"4 minute\" \/>\n<script type=\"application\/ld+json\" class=\"yoast-schema-graph\">{\"@context\":\"https:\/\/schema.org\",\"@graph\":[{\"@type\":\"WebPage\",\"@id\":\"https:\/\/activeluxe-cosmetics.com\/hr\/proizvod\/derma-roller-za-stvaranje-prirodnog-kolagena\/\",\"url\":\"https:\/\/activeluxe-cosmetics.com\/hr\/proizvod\/derma-roller-za-stvaranje-prirodnog-kolagena\/\",\"name\":\"Derma roller za stvaranje prirodnog kolagena - Active Luxe\",\"isPartOf\":{\"@id\":\"https:\/\/activeluxe-cosmetics.com\/hr\/#website\"},\"primaryImageOfPage\":{\"@id\":\"https:\/\/activeluxe-cosmetics.com\/hr\/proizvod\/derma-roller-za-stvaranje-prirodnog-kolagena\/#primaryimage\"},\"image\":{\"@id\":\"https:\/\/activeluxe-cosmetics.com\/hr\/proizvod\/derma-roller-za-stvaranje-prirodnog-kolagena\/#primaryimage\"},\"thumbnailUrl\":\"https:\/\/activeluxe-cosmetics.com\/hr\/wp-content\/uploads\/2024\/03\/Derma_roller_dm_v2.jpg\",\"datePublished\":\"2024-03-04T11:57:14+00:00\",\"dateModified\":\"2026-02-17T08:41:18+00:00\",\"description\":\"Poti\u010de prirodno stvaranje kolagena \u0161to umanjuje bore. Ubla\u017eava probleme pigmentacije ko\u017ee lica. Pobolj\u0161ava i zagla\u0111uje epidermu ko\u017ee.\",\"breadcrumb\":{\"@id\":\"https:\/\/activeluxe-cosmetics.com\/hr\/proizvod\/derma-roller-za-stvaranje-prirodnog-kolagena\/#breadcrumb\"},\"inLanguage\":\"hr\",\"potentialAction\":[{\"@type\":\"ReadAction\",\"target\":[\"https:\/\/activeluxe-cosmetics.com\/hr\/proizvod\/derma-roller-za-stvaranje-prirodnog-kolagena\/\"]}]},{\"@type\":\"ImageObject\",\"inLanguage\":\"hr\",\"@id\":\"https:\/\/activeluxe-cosmetics.com\/hr\/proizvod\/derma-roller-za-stvaranje-prirodnog-kolagena\/#primaryimage\",\"url\":\"https:\/\/activeluxe-cosmetics.com\/hr\/wp-content\/uploads\/2024\/03\/Derma_roller_dm_v2.jpg\",\"contentUrl\":\"https:\/\/activeluxe-cosmetics.com\/hr\/wp-content\/uploads\/2024\/03\/Derma_roller_dm_v2.jpg\",\"width\":783,\"height\":995},{\"@type\":\"BreadcrumbList\",\"@id\":\"https:\/\/activeluxe-cosmetics.com\/hr\/proizvod\/derma-roller-za-stvaranje-prirodnog-kolagena\/#breadcrumb\",\"itemListElement\":[{\"@type\":\"ListItem\",\"position\":1,\"name\":\"Naslovnica\",\"item\":\"https:\/\/activeluxe-cosmetics.com\/hr\/\"},{\"@type\":\"ListItem\",\"position\":2,\"name\":\"Trgovina\",\"item\":\"https:\/\/activeluxe-cosmetics.com\/hr\/trgovina\/\"},{\"@type\":\"ListItem\",\"position\":3,\"name\":\"Derma roller za stvaranje prirodnog kolagena\"}]},{\"@type\":\"WebSite\",\"@id\":\"https:\/\/activeluxe-cosmetics.com\/hr\/#website\",\"url\":\"https:\/\/activeluxe-cosmetics.com\/hr\/\",\"name\":\"Active Luxe Cosmetics\",\"description\":\"\",\"potentialAction\":[{\"@type\":\"SearchAction\",\"target\":{\"@type\":\"EntryPoint\",\"urlTemplate\":\"https:\/\/activeluxe-cosmetics.com\/hr\/?s={search_term_string}\"},\"query-input\":{\"@type\":\"PropertyValueSpecification\",\"valueRequired\":true,\"valueName\":\"search_term_string\"}}],\"inLanguage\":\"hr\"}]}<\/script>\n<!-- \/ Yoast SEO plugin. -->","yoast_head_json":{"title":"Derma roller za stvaranje prirodnog kolagena - Active Luxe","description":"Poti\u010de prirodno stvaranje kolagena \u0161to umanjuje bore. Ubla\u017eava probleme pigmentacije ko\u017ee lica. Pobolj\u0161ava i zagla\u0111uje epidermu ko\u017ee.","robots":{"index":"index","follow":"follow","max-snippet":"max-snippet:-1","max-image-preview":"max-image-preview:large","max-video-preview":"max-video-preview:-1"},"canonical":"https:\/\/activeluxe-cosmetics.com\/hr\/proizvod\/derma-roller-za-stvaranje-prirodnog-kolagena\/","og_locale":"hr_HR","og_type":"article","og_title":"Derma roller za stvaranje prirodnog kolagena - Active Luxe","og_description":"Poti\u010de prirodno stvaranje kolagena \u0161to umanjuje bore. Ubla\u017eava probleme pigmentacije ko\u017ee lica. Pobolj\u0161ava i zagla\u0111uje epidermu ko\u017ee.","og_url":"https:\/\/activeluxe-cosmetics.com\/hr\/proizvod\/derma-roller-za-stvaranje-prirodnog-kolagena\/","og_site_name":"Active Luxe Cosmetics","article_modified_time":"2026-02-17T08:41:18+00:00","og_image":[{"width":783,"height":995,"url":"https:\/\/activeluxe-cosmetics.com\/hr\/wp-content\/uploads\/2024\/03\/Derma_roller_dm_v2.jpg","type":"image\/jpeg"}],"twitter_card":"summary_large_image","twitter_misc":{"Procijenjeno vrijeme \u010ditanja":"4 minute"},"schema":{"@context":"https:\/\/schema.org","@graph":[{"@type":"WebPage","@id":"https:\/\/activeluxe-cosmetics.com\/hr\/proizvod\/derma-roller-za-stvaranje-prirodnog-kolagena\/","url":"https:\/\/activeluxe-cosmetics.com\/hr\/proizvod\/derma-roller-za-stvaranje-prirodnog-kolagena\/","name":"Derma roller za stvaranje prirodnog kolagena - Active Luxe","isPartOf":{"@id":"https:\/\/activeluxe-cosmetics.com\/hr\/#website"},"primaryImageOfPage":{"@id":"https:\/\/activeluxe-cosmetics.com\/hr\/proizvod\/derma-roller-za-stvaranje-prirodnog-kolagena\/#primaryimage"},"image":{"@id":"https:\/\/activeluxe-cosmetics.com\/hr\/proizvod\/derma-roller-za-stvaranje-prirodnog-kolagena\/#primaryimage"},"thumbnailUrl":"https:\/\/activeluxe-cosmetics.com\/hr\/wp-content\/uploads\/2024\/03\/Derma_roller_dm_v2.jpg","datePublished":"2024-03-04T11:57:14+00:00","dateModified":"2026-02-17T08:41:18+00:00","description":"Poti\u010de prirodno stvaranje kolagena \u0161to umanjuje bore. Ubla\u017eava probleme pigmentacije ko\u017ee lica. Pobolj\u0161ava i zagla\u0111uje epidermu ko\u017ee.","breadcrumb":{"@id":"https:\/\/activeluxe-cosmetics.com\/hr\/proizvod\/derma-roller-za-stvaranje-prirodnog-kolagena\/#breadcrumb"},"inLanguage":"hr","potentialAction":[{"@type":"ReadAction","target":["https:\/\/activeluxe-cosmetics.com\/hr\/proizvod\/derma-roller-za-stvaranje-prirodnog-kolagena\/"]}]},{"@type":"ImageObject","inLanguage":"hr","@id":"https:\/\/activeluxe-cosmetics.com\/hr\/proizvod\/derma-roller-za-stvaranje-prirodnog-kolagena\/#primaryimage","url":"https:\/\/activeluxe-cosmetics.com\/hr\/wp-content\/uploads\/2024\/03\/Derma_roller_dm_v2.jpg","contentUrl":"https:\/\/activeluxe-cosmetics.com\/hr\/wp-content\/uploads\/2024\/03\/Derma_roller_dm_v2.jpg","width":783,"height":995},{"@type":"BreadcrumbList","@id":"https:\/\/activeluxe-cosmetics.com\/hr\/proizvod\/derma-roller-za-stvaranje-prirodnog-kolagena\/#breadcrumb","itemListElement":[{"@type":"ListItem","position":1,"name":"Naslovnica","item":"https:\/\/activeluxe-cosmetics.com\/hr\/"},{"@type":"ListItem","position":2,"name":"Trgovina","item":"https:\/\/activeluxe-cosmetics.com\/hr\/trgovina\/"},{"@type":"ListItem","position":3,"name":"Derma roller za stvaranje prirodnog kolagena"}]},{"@type":"WebSite","@id":"https:\/\/activeluxe-cosmetics.com\/hr\/#website","url":"https:\/\/activeluxe-cosmetics.com\/hr\/","name":"Active Luxe Cosmetics","description":"","potentialAction":[{"@type":"SearchAction","target":{"@type":"EntryPoint","urlTemplate":"https:\/\/activeluxe-cosmetics.com\/hr\/?s={search_term_string}"},"query-input":{"@type":"PropertyValueSpecification","valueRequired":true,"valueName":"search_term_string"}}],"inLanguage":"hr"}]}},"_links":{"self":[{"href":"https:\/\/activeluxe-cosmetics.com\/hr\/wp-json\/wp\/v2\/product\/81970","targetHints":{"allow":["GET"]}}],"collection":[{"href":"https:\/\/activeluxe-cosmetics.com\/hr\/wp-json\/wp\/v2\/product"}],"about":[{"href":"https:\/\/activeluxe-cosmetics.com\/hr\/wp-json\/wp\/v2\/types\/product"}],"replies":[{"embeddable":true,"href":"https:\/\/activeluxe-cosmetics.com\/hr\/wp-json\/wp\/v2\/comments?post=81970"}],"wp:featuredmedia":[{"embeddable":true,"href":"https:\/\/activeluxe-cosmetics.com\/hr\/wp-json\/wp\/v2\/media\/83906"}],"wp:attachment":[{"href":"https:\/\/activeluxe-cosmetics.com\/hr\/wp-json\/wp\/v2\/media?parent=81970"}],"wp:term":[{"taxonomy":"product_brand","embeddable":true,"href":"https:\/\/activeluxe-cosmetics.com\/hr\/wp-json\/wp\/v2\/product_brand?post=81970"},{"taxonomy":"product_cat","embeddable":true,"href":"https:\/\/activeluxe-cosmetics.com\/hr\/wp-json\/wp\/v2\/product_cat?post=81970"},{"taxonomy":"product_tag","embeddable":true,"href":"https:\/\/activeluxe-cosmetics.com\/hr\/wp-json\/wp\/v2\/product_tag?post=81970"}],"curies":[{"name":"wp","href":"https:\/\/api.w.org\/{rel}","templated":true}]}}