{"id":81226,"date":"2024-02-01T13:58:36","date_gmt":"2024-02-01T13:58:36","guid":{"rendered":"https:\/\/activeluxe-cosmetics.com\/hr\/?post_type=product&#038;p=81226"},"modified":"2026-01-05T14:38:04","modified_gmt":"2026-01-05T14:38:04","slug":"antibakterijski-sprej-za-ciscenje","status":"publish","type":"product","link":"https:\/\/activeluxe-cosmetics.com\/hr\/proizvod\/antibakterijski-sprej-za-ciscenje\/","title":{"rendered":"Antibakterijski sprej za \u010di\u0161\u0107enje"},"content":{"rendered":"<p><img loading=\"lazy\" decoding=\"async\" class=\" wp-image-89165 alignright\" src=\"https:\/\/activeluxe-cosmetics.com\/hr\/wp-content\/uploads\/2024\/02\/Izdelek-brez-naslova-1-2-460x575.png\" alt=\"\" width=\"400\" height=\"500\" srcset=\"https:\/\/activeluxe-cosmetics.com\/hr\/wp-content\/uploads\/2024\/02\/Izdelek-brez-naslova-1-2-460x575.png 460w, https:\/\/activeluxe-cosmetics.com\/hr\/wp-content\/uploads\/2024\/02\/Izdelek-brez-naslova-1-2-819x1024.png 819w, https:\/\/activeluxe-cosmetics.com\/hr\/wp-content\/uploads\/2024\/02\/Izdelek-brez-naslova-1-2-768x960.png 768w, https:\/\/activeluxe-cosmetics.com\/hr\/wp-content\/uploads\/2024\/02\/Izdelek-brez-naslova-1-2-600x750.png 600w, https:\/\/activeluxe-cosmetics.com\/hr\/wp-content\/uploads\/2024\/02\/Izdelek-brez-naslova-1-2.png 1080w\" sizes=\"auto, (max-width: 400px) 100vw, 400px\" \/><\/p>\n<h2><span data-sheets-root=\"1\" data-sheets-value=\"{&quot;1&quot;:2,&quot;2&quot;:&quot;Aktivira ko\u017eu i vlasi\u0161te pomo\u0107u 540 ultratankih iglica&quot;}\" data-sheets-userformat=\"{&quot;2&quot;:19329,&quot;3&quot;:{&quot;1&quot;:0},&quot;10&quot;:0,&quot;11&quot;:4,&quot;12&quot;:0,&quot;14&quot;:{&quot;1&quot;:2,&quot;2&quot;:16739585},&quot;17&quot;:1}\"><strong>Antibakterijski sprej<\/strong> uz kojeg ste sigurni<\/span><\/h2>\n<p>Antibakterijski sprej Active Luxe Cleanser je proizveden za u\u010dinkovito \u010di\u0161\u0107enje <strong>Active Luxe dermarollera <\/strong>i\u00a0<strong>drugih kozmeti\u010dkih dodataka\u00a0<\/strong>(pinceta, uvija\u010d za trepavice, itd.).<\/p>\n<p>Antibakterijski sprej je <strong>super jednostavan za upotrebu<\/strong>.<\/p>\n<p>Predmet, kojeg \u017eelite dezinficirati, <strong>po\u0161pricajte jedan put<\/strong> i <strong>spremno je za kori\u0161tenje<\/strong>.<\/p>\n<p>Zbog <strong>prakti\u010dne ambala\u017ee<\/strong> mo\u017eete ga ponijeti sa sobom svugdje.<\/p>\n<div style=\"display: flex; align-items: center; gap: 20px; flex-wrap: wrap;\">\n<p style=\"max-width: 360px;\">\n<\/div>\n<div id=\"gtx-trans\" style=\"position: absolute; left: 221px; top: 222px;\">\n<div class=\"gtx-trans-icon\"><\/div>\n<\/div>\n","protected":false},"excerpt":{"rendered":"<div class=\"c-product__short-description\">\n<p>Za u\u010dinkovito \u010di\u0161\u0107enje derma-rollera, pinceta i ostalih dodataka za njegu.<\/p>\n<\/div>\n","protected":false},"featured_media":89162,"comment_status":"open","ping_status":"closed","template":"","meta":[],"product_brand":[],"product_cat":[107,99,108,53,42],"product_tag":[],"class_list":{"0":"post-81226","1":"product","2":"type-product","3":"status-publish","4":"has-post-thumbnail","6":"product_cat-brada","7":"product_cat-dodaci-kosa","8":"product_cat-kosa-muskarci","9":"product_cat-kosa","10":"product_cat-muskarci","12":"first","13":"instock","14":"taxable","15":"shipping-taxable","16":"purchasable","17":"product-type-simple"},"bundled_by":[],"bundle_stock_status":"instock","bundle_stock_quantity":null,"bundle_virtual":false,"bundle_layout":"","bundle_add_to_cart_form_location":"","bundle_editable_in_cart":false,"bundle_sold_individually_context":"","bundle_item_grouping":"","bundle_min_size":"","bundle_max_size":"","bundled_items":[],"acf":[],"yoast_head":"<!-- This site is optimized with the Yoast SEO plugin v26.5 - https:\/\/yoast.com\/wordpress\/plugins\/seo\/ -->\n<title>Antibakterijski sprej za \u010di\u0161\u0107enje - Active Luxe<\/title>\n<meta name=\"description\" content=\"Antibakterijski sprej koji \u0107e dezinficirati dermaroller, pincetu, uvija\u010d ili drugo pomagalo u jednom trenutku. Naru\u010dite odmah.\" \/>\n<meta name=\"robots\" content=\"index, follow, max-snippet:-1, max-image-preview:large, max-video-preview:-1\" \/>\n<link rel=\"canonical\" href=\"https:\/\/activeluxe-cosmetics.com\/hr\/proizvod\/antibakterijski-sprej-za-ciscenje\/\" \/>\n<meta property=\"og:locale\" content=\"hr_HR\" \/>\n<meta property=\"og:type\" content=\"article\" \/>\n<meta property=\"og:title\" content=\"Antibakterijski sprej za \u010di\u0161\u0107enje - Active Luxe\" \/>\n<meta property=\"og:description\" content=\"Antibakterijski sprej koji \u0107e dezinficirati dermaroller, pincetu, uvija\u010d ili drugo pomagalo u jednom trenutku. Naru\u010dite odmah.\" \/>\n<meta property=\"og:url\" content=\"https:\/\/activeluxe-cosmetics.com\/hr\/proizvod\/antibakterijski-sprej-za-ciscenje\/\" \/>\n<meta property=\"og:site_name\" content=\"Active Luxe Cosmetics\" \/>\n<meta property=\"article:modified_time\" content=\"2026-01-05T14:38:04+00:00\" \/>\n<meta property=\"og:image\" content=\"https:\/\/activeluxe-cosmetics.com\/hr\/wp-content\/uploads\/2024\/02\/45_Cleanser_Spray.jpg\" \/>\n\t<meta property=\"og:image:width\" content=\"1104\" \/>\n\t<meta property=\"og:image:height\" content=\"1326\" \/>\n\t<meta property=\"og:image:type\" content=\"image\/jpeg\" \/>\n<meta name=\"twitter:card\" content=\"summary_large_image\" \/>\n<meta name=\"twitter:label1\" content=\"Procijenjeno vrijeme \u010ditanja\" \/>\n\t<meta name=\"twitter:data1\" content=\"1 minuta\" \/>\n<script type=\"application\/ld+json\" class=\"yoast-schema-graph\">{\"@context\":\"https:\/\/schema.org\",\"@graph\":[{\"@type\":\"WebPage\",\"@id\":\"https:\/\/activeluxe-cosmetics.com\/hr\/proizvod\/antibakterijski-sprej-za-ciscenje\/\",\"url\":\"https:\/\/activeluxe-cosmetics.com\/hr\/proizvod\/antibakterijski-sprej-za-ciscenje\/\",\"name\":\"Antibakterijski sprej za \u010di\u0161\u0107enje - Active Luxe\",\"isPartOf\":{\"@id\":\"https:\/\/activeluxe-cosmetics.com\/hr\/#website\"},\"primaryImageOfPage\":{\"@id\":\"https:\/\/activeluxe-cosmetics.com\/hr\/proizvod\/antibakterijski-sprej-za-ciscenje\/#primaryimage\"},\"image\":{\"@id\":\"https:\/\/activeluxe-cosmetics.com\/hr\/proizvod\/antibakterijski-sprej-za-ciscenje\/#primaryimage\"},\"thumbnailUrl\":\"https:\/\/activeluxe-cosmetics.com\/hr\/wp-content\/uploads\/2024\/02\/45_Cleanser_Spray.jpg\",\"datePublished\":\"2024-02-01T13:58:36+00:00\",\"dateModified\":\"2026-01-05T14:38:04+00:00\",\"description\":\"Antibakterijski sprej koji \u0107e dezinficirati dermaroller, pincetu, uvija\u010d ili drugo pomagalo u jednom trenutku. Naru\u010dite odmah.\",\"breadcrumb\":{\"@id\":\"https:\/\/activeluxe-cosmetics.com\/hr\/proizvod\/antibakterijski-sprej-za-ciscenje\/#breadcrumb\"},\"inLanguage\":\"hr\",\"potentialAction\":[{\"@type\":\"ReadAction\",\"target\":[\"https:\/\/activeluxe-cosmetics.com\/hr\/proizvod\/antibakterijski-sprej-za-ciscenje\/\"]}]},{\"@type\":\"ImageObject\",\"inLanguage\":\"hr\",\"@id\":\"https:\/\/activeluxe-cosmetics.com\/hr\/proizvod\/antibakterijski-sprej-za-ciscenje\/#primaryimage\",\"url\":\"https:\/\/activeluxe-cosmetics.com\/hr\/wp-content\/uploads\/2024\/02\/45_Cleanser_Spray.jpg\",\"contentUrl\":\"https:\/\/activeluxe-cosmetics.com\/hr\/wp-content\/uploads\/2024\/02\/45_Cleanser_Spray.jpg\",\"width\":1104,\"height\":1326},{\"@type\":\"BreadcrumbList\",\"@id\":\"https:\/\/activeluxe-cosmetics.com\/hr\/proizvod\/antibakterijski-sprej-za-ciscenje\/#breadcrumb\",\"itemListElement\":[{\"@type\":\"ListItem\",\"position\":1,\"name\":\"Naslovnica\",\"item\":\"https:\/\/activeluxe-cosmetics.com\/hr\/\"},{\"@type\":\"ListItem\",\"position\":2,\"name\":\"Trgovina\",\"item\":\"https:\/\/activeluxe-cosmetics.com\/hr\/trgovina\/\"},{\"@type\":\"ListItem\",\"position\":3,\"name\":\"Antibakterijski sprej za \u010di\u0161\u0107enje\"}]},{\"@type\":\"WebSite\",\"@id\":\"https:\/\/activeluxe-cosmetics.com\/hr\/#website\",\"url\":\"https:\/\/activeluxe-cosmetics.com\/hr\/\",\"name\":\"Active Luxe Cosmetics\",\"description\":\"\",\"potentialAction\":[{\"@type\":\"SearchAction\",\"target\":{\"@type\":\"EntryPoint\",\"urlTemplate\":\"https:\/\/activeluxe-cosmetics.com\/hr\/?s={search_term_string}\"},\"query-input\":{\"@type\":\"PropertyValueSpecification\",\"valueRequired\":true,\"valueName\":\"search_term_string\"}}],\"inLanguage\":\"hr\"}]}<\/script>\n<!-- \/ Yoast SEO plugin. -->","yoast_head_json":{"title":"Antibakterijski sprej za \u010di\u0161\u0107enje - Active Luxe","description":"Antibakterijski sprej koji \u0107e dezinficirati dermaroller, pincetu, uvija\u010d ili drugo pomagalo u jednom trenutku. Naru\u010dite odmah.","robots":{"index":"index","follow":"follow","max-snippet":"max-snippet:-1","max-image-preview":"max-image-preview:large","max-video-preview":"max-video-preview:-1"},"canonical":"https:\/\/activeluxe-cosmetics.com\/hr\/proizvod\/antibakterijski-sprej-za-ciscenje\/","og_locale":"hr_HR","og_type":"article","og_title":"Antibakterijski sprej za \u010di\u0161\u0107enje - Active Luxe","og_description":"Antibakterijski sprej koji \u0107e dezinficirati dermaroller, pincetu, uvija\u010d ili drugo pomagalo u jednom trenutku. Naru\u010dite odmah.","og_url":"https:\/\/activeluxe-cosmetics.com\/hr\/proizvod\/antibakterijski-sprej-za-ciscenje\/","og_site_name":"Active Luxe Cosmetics","article_modified_time":"2026-01-05T14:38:04+00:00","og_image":[{"width":1104,"height":1326,"url":"https:\/\/activeluxe-cosmetics.com\/hr\/wp-content\/uploads\/2024\/02\/45_Cleanser_Spray.jpg","type":"image\/jpeg"}],"twitter_card":"summary_large_image","twitter_misc":{"Procijenjeno vrijeme \u010ditanja":"1 minuta"},"schema":{"@context":"https:\/\/schema.org","@graph":[{"@type":"WebPage","@id":"https:\/\/activeluxe-cosmetics.com\/hr\/proizvod\/antibakterijski-sprej-za-ciscenje\/","url":"https:\/\/activeluxe-cosmetics.com\/hr\/proizvod\/antibakterijski-sprej-za-ciscenje\/","name":"Antibakterijski sprej za \u010di\u0161\u0107enje - Active Luxe","isPartOf":{"@id":"https:\/\/activeluxe-cosmetics.com\/hr\/#website"},"primaryImageOfPage":{"@id":"https:\/\/activeluxe-cosmetics.com\/hr\/proizvod\/antibakterijski-sprej-za-ciscenje\/#primaryimage"},"image":{"@id":"https:\/\/activeluxe-cosmetics.com\/hr\/proizvod\/antibakterijski-sprej-za-ciscenje\/#primaryimage"},"thumbnailUrl":"https:\/\/activeluxe-cosmetics.com\/hr\/wp-content\/uploads\/2024\/02\/45_Cleanser_Spray.jpg","datePublished":"2024-02-01T13:58:36+00:00","dateModified":"2026-01-05T14:38:04+00:00","description":"Antibakterijski sprej koji \u0107e dezinficirati dermaroller, pincetu, uvija\u010d ili drugo pomagalo u jednom trenutku. Naru\u010dite odmah.","breadcrumb":{"@id":"https:\/\/activeluxe-cosmetics.com\/hr\/proizvod\/antibakterijski-sprej-za-ciscenje\/#breadcrumb"},"inLanguage":"hr","potentialAction":[{"@type":"ReadAction","target":["https:\/\/activeluxe-cosmetics.com\/hr\/proizvod\/antibakterijski-sprej-za-ciscenje\/"]}]},{"@type":"ImageObject","inLanguage":"hr","@id":"https:\/\/activeluxe-cosmetics.com\/hr\/proizvod\/antibakterijski-sprej-za-ciscenje\/#primaryimage","url":"https:\/\/activeluxe-cosmetics.com\/hr\/wp-content\/uploads\/2024\/02\/45_Cleanser_Spray.jpg","contentUrl":"https:\/\/activeluxe-cosmetics.com\/hr\/wp-content\/uploads\/2024\/02\/45_Cleanser_Spray.jpg","width":1104,"height":1326},{"@type":"BreadcrumbList","@id":"https:\/\/activeluxe-cosmetics.com\/hr\/proizvod\/antibakterijski-sprej-za-ciscenje\/#breadcrumb","itemListElement":[{"@type":"ListItem","position":1,"name":"Naslovnica","item":"https:\/\/activeluxe-cosmetics.com\/hr\/"},{"@type":"ListItem","position":2,"name":"Trgovina","item":"https:\/\/activeluxe-cosmetics.com\/hr\/trgovina\/"},{"@type":"ListItem","position":3,"name":"Antibakterijski sprej za \u010di\u0161\u0107enje"}]},{"@type":"WebSite","@id":"https:\/\/activeluxe-cosmetics.com\/hr\/#website","url":"https:\/\/activeluxe-cosmetics.com\/hr\/","name":"Active Luxe Cosmetics","description":"","potentialAction":[{"@type":"SearchAction","target":{"@type":"EntryPoint","urlTemplate":"https:\/\/activeluxe-cosmetics.com\/hr\/?s={search_term_string}"},"query-input":{"@type":"PropertyValueSpecification","valueRequired":true,"valueName":"search_term_string"}}],"inLanguage":"hr"}]}},"_links":{"self":[{"href":"https:\/\/activeluxe-cosmetics.com\/hr\/wp-json\/wp\/v2\/product\/81226","targetHints":{"allow":["GET"]}}],"collection":[{"href":"https:\/\/activeluxe-cosmetics.com\/hr\/wp-json\/wp\/v2\/product"}],"about":[{"href":"https:\/\/activeluxe-cosmetics.com\/hr\/wp-json\/wp\/v2\/types\/product"}],"replies":[{"embeddable":true,"href":"https:\/\/activeluxe-cosmetics.com\/hr\/wp-json\/wp\/v2\/comments?post=81226"}],"wp:featuredmedia":[{"embeddable":true,"href":"https:\/\/activeluxe-cosmetics.com\/hr\/wp-json\/wp\/v2\/media\/89162"}],"wp:attachment":[{"href":"https:\/\/activeluxe-cosmetics.com\/hr\/wp-json\/wp\/v2\/media?parent=81226"}],"wp:term":[{"taxonomy":"product_brand","embeddable":true,"href":"https:\/\/activeluxe-cosmetics.com\/hr\/wp-json\/wp\/v2\/product_brand?post=81226"},{"taxonomy":"product_cat","embeddable":true,"href":"https:\/\/activeluxe-cosmetics.com\/hr\/wp-json\/wp\/v2\/product_cat?post=81226"},{"taxonomy":"product_tag","embeddable":true,"href":"https:\/\/activeluxe-cosmetics.com\/hr\/wp-json\/wp\/v2\/product_tag?post=81226"}],"curies":[{"name":"wp","href":"https:\/\/api.w.org\/{rel}","templated":true}]}}