{"id":81029,"date":"2024-01-30T10:58:35","date_gmt":"2024-01-30T10:58:35","guid":{"rendered":"https:\/\/activeluxe-cosmetics.com\/hr\/?post_type=product&#038;p=81029"},"modified":"2026-05-13T13:47:23","modified_gmt":"2026-05-13T13:47:23","slug":"fluid-za-njegu-umjetnih-trepavica","status":"publish","type":"product","link":"https:\/\/activeluxe-cosmetics.com\/hr\/proizvod\/fluid-za-njegu-umjetnih-trepavica\/","title":{"rendered":"1+1 GRATIS: Fluid za njegu trepavica s ekstenzijama"},"content":{"rendered":"<p><img loading=\"lazy\" decoding=\"async\" class=\"size-medium wp-image-82133 alignright\" src=\"https:\/\/activeluxe-cosmetics.com\/hr\/wp-content\/uploads\/2024\/01\/Izdelek-brez-naslova-90-2-460x575.png\" alt=\"\" width=\"460\" height=\"575\" srcset=\"https:\/\/activeluxe-cosmetics.com\/hr\/wp-content\/uploads\/2024\/01\/Izdelek-brez-naslova-90-2-460x575.png 460w, https:\/\/activeluxe-cosmetics.com\/hr\/wp-content\/uploads\/2024\/01\/Izdelek-brez-naslova-90-2-819x1024.png 819w, https:\/\/activeluxe-cosmetics.com\/hr\/wp-content\/uploads\/2024\/01\/Izdelek-brez-naslova-90-2-768x960.png 768w, https:\/\/activeluxe-cosmetics.com\/hr\/wp-content\/uploads\/2024\/01\/Izdelek-brez-naslova-90-2-600x750.png 600w, https:\/\/activeluxe-cosmetics.com\/hr\/wp-content\/uploads\/2024\/01\/Izdelek-brez-naslova-90-2.png 1080w\" sizes=\"auto, (max-width: 460px) 100vw, 460px\" \/><\/p>\n<h2><strong>\u0160to je Active Luxe fluid<\/strong> za njegu trepavica s ekstenzijama?<\/h2>\n<p><span data-sheets-root=\"1\" data-sheets-value=\"{&quot;1&quot;:2,&quot;2&quot;:&quot;Active Luxe fluid za njegu trepavica s ekstenzijama hrani svaku pojedinu trepavicu iznutra, zbog \u010dega su prirodne trepavice neusporedivo ja\u010de i pru\u017eaju bolju podlogu za nano\u0161enje i no\u0161enje umjetnih trepavica.&quot;}\" data-sheets-userformat=\"{&quot;2&quot;:4993,&quot;3&quot;:{&quot;1&quot;:0},&quot;10&quot;:0,&quot;11&quot;:4,&quot;12&quot;:0,&quot;15&quot;:&quot;Arial&quot;}\"><strong data-start=\"733\" data-end=\"788\">Active Luxe Fluid za njegu trepavica s ekstenzijama<\/strong> pru\u017ea jedinstvenu njegu za tvoje prirodne trepavice i ekstenzije. Ovaj fluid hrani svaku pojedinu trepavicu iznutra, \u010dine\u0107i prirodne trepavice ja\u010dima i dugotrajnijima, \u0161to rezultira boljom podlogom za nano\u0161enje i no\u0161enje umjetnih trepavica. Active Luxe fluid za trepavice s ekstenzijama kombinira klini\u010dki testirane peptide, vitamine i hranjive biljne ekstrakte, koji ja\u010daju folikul dlake i sprje\u010davaju prerano ispadanje trepavica.<\/span><\/p>\n<ul>\n<li><span data-sheets-root=\"1\" data-sheets-value=\"{&quot;1&quot;:2,&quot;2&quot;:&quot;Hrani i ja\u010da prirodne trepavice.&quot;}\" data-sheets-userformat=\"{&quot;2&quot;:4480,&quot;10&quot;:0,&quot;11&quot;:4,&quot;15&quot;:&quot;Arial&quot;}\"><strong>Hrani<\/strong> i <strong>ja\u010da<\/strong> prirodne trepavice.<\/span><\/li>\n<li><span data-sheets-root=\"1\" data-sheets-value=\"{&quot;1&quot;:2,&quot;2&quot;:&quot;Odr\u017eava elasti\u010dnost i zdrav izgled prirodnih trepavica.&quot;}\" data-sheets-userformat=\"{&quot;2&quot;:4480,&quot;10&quot;:0,&quot;11&quot;:4,&quot;15&quot;:&quot;Arial&quot;}\">Odr\u017eava <strong>elasti\u010dnost<\/strong> i <strong>zdrav<\/strong> <strong>izgled<\/strong> prirodnih trepavica.<\/span><\/li>\n<li><span data-sheets-root=\"1\" data-sheets-value=\"{&quot;1&quot;:2,&quot;2&quot;:&quot;Osigurava nu\u017eno potrebne hranjive tvari u folikulu dlake.&quot;}\" data-sheets-userformat=\"{&quot;2&quot;:4480,&quot;10&quot;:0,&quot;11&quot;:4,&quot;15&quot;:&quot;Arial&quot;}\">Osigurava nu\u017eno potrebne <strong>hranjive<\/strong> <strong>tvari<\/strong> u folikulu dlake.<\/span><\/li>\n<li><span data-sheets-root=\"1\" data-sheets-value=\"{&quot;1&quot;:2,&quot;2&quot;:&quot;Sprje\u010dava prerano ispadanje trepavica.&quot;}\" data-sheets-userformat=\"{&quot;2&quot;:4480,&quot;10&quot;:0,&quot;11&quot;:4,&quot;15&quot;:&quot;Arial&quot;}\"><strong>Sprje\u010dava<\/strong> prerano <strong>ispadanje<\/strong> trepavica.<\/span><\/li>\n<\/ul>\n<h2 style=\"text-align: center; clear: both;\"><\/h2>\n<p>&nbsp;<\/p>\n<p><img loading=\"lazy\" decoding=\"async\" class=\"size-medium wp-image-82139 alignleft\" src=\"https:\/\/activeluxe-cosmetics.com\/hr\/wp-content\/uploads\/2024\/01\/Izdelek-brez-naslova-89-460x575.png\" alt=\"\" width=\"460\" height=\"575\" srcset=\"https:\/\/activeluxe-cosmetics.com\/hr\/wp-content\/uploads\/2024\/01\/Izdelek-brez-naslova-89-460x575.png 460w, https:\/\/activeluxe-cosmetics.com\/hr\/wp-content\/uploads\/2024\/01\/Izdelek-brez-naslova-89-819x1024.png 819w, https:\/\/activeluxe-cosmetics.com\/hr\/wp-content\/uploads\/2024\/01\/Izdelek-brez-naslova-89-768x960.png 768w, https:\/\/activeluxe-cosmetics.com\/hr\/wp-content\/uploads\/2024\/01\/Izdelek-brez-naslova-89-600x750.png 600w, https:\/\/activeluxe-cosmetics.com\/hr\/wp-content\/uploads\/2024\/01\/Izdelek-brez-naslova-89.png 1080w\" sizes=\"auto, (max-width: 460px) 100vw, 460px\" \/><\/p>\n<h2><strong>Kako Active Luxe fluid<\/strong> za trepavice ja\u010da i \u0161titi tvoje prirodne trepavice?<\/h2>\n<p>Active Luxe fluid ne samo da ja\u010da tvoje prirodne trepavice, ve\u0107 i produ\u017eava trajanje umjetnih ekstenzija. Prirodne trepavice dulje ostaju u folikulu dlake, \u0161to \u010dini metodu produ\u017eenja trepavica u\u010dinkovitijom. Fluid tako\u0111er osigurava elasti\u010dnost i zdrav izgled prirodnih trepavica, sprje\u010davaju\u0107i njihovo prerano ispadanje.<\/p>\n<h2 style=\"text-align: center; clear: both;\"><\/h2>\n<h2><img loading=\"lazy\" decoding=\"async\" class=\"size-medium wp-image-82135 alignright\" src=\"https:\/\/activeluxe-cosmetics.com\/hr\/wp-content\/uploads\/2024\/01\/Izdelek-brez-naslova-95-1-460x575.png\" alt=\"\" width=\"460\" height=\"575\" srcset=\"https:\/\/activeluxe-cosmetics.com\/hr\/wp-content\/uploads\/2024\/01\/Izdelek-brez-naslova-95-1-460x575.png 460w, https:\/\/activeluxe-cosmetics.com\/hr\/wp-content\/uploads\/2024\/01\/Izdelek-brez-naslova-95-1-819x1024.png 819w, https:\/\/activeluxe-cosmetics.com\/hr\/wp-content\/uploads\/2024\/01\/Izdelek-brez-naslova-95-1-768x960.png 768w, https:\/\/activeluxe-cosmetics.com\/hr\/wp-content\/uploads\/2024\/01\/Izdelek-brez-naslova-95-1-600x750.png 600w, https:\/\/activeluxe-cosmetics.com\/hr\/wp-content\/uploads\/2024\/01\/Izdelek-brez-naslova-95-1.png 1080w\" sizes=\"auto, (max-width: 460px) 100vw, 460px\" \/><strong>Razlika izme\u0111u Active Luxe seruma<\/strong> i Active Luxe fluida za njegu trepavica s ekstenzijama<\/h2>\n<p>Dok <strong data-start=\"1756\" data-end=\"1782\">Active Luxe Lash serum<\/strong> stimulira rast prirodnih trepavica i omogu\u0107ava im da dosegnu \u017eeljenu duljinu, <strong data-start=\"1861\" data-end=\"1896\">Active Luxe fluid za ekstenzije<\/strong> specifi\u010dno je dizajniran za \u017eene koje ve\u0107 koriste ekstenzije. Fluid ne utje\u010de na rast trepavica, ali ja\u010da njihov folikul i \u010dini ih otpornijima na o\u0161te\u0107enja uzrokovana te\u017einom ekstenzija i ljepilom.<\/p>\n<p>&nbsp;<\/p>\n<p>&nbsp;<\/p>\n<p>&nbsp;<\/p>\n<p>&nbsp;<\/p>\n<p>&nbsp;<\/p>\n<p>&nbsp;<\/p>\n<p>&nbsp;<\/p>\n<p>&nbsp;<\/p>\n<p>&nbsp;<\/p>\n<p>&nbsp;<\/p>\n<p>&nbsp;<\/p>\n<h2><\/h2>\n<p>&nbsp;<\/p>\n<p>&nbsp;<\/p>\n","protected":false},"excerpt":{"rendered":"<p><span data-sheets-root=\"1\" data-sheets-value=\"{&quot;1&quot;:2,&quot;2&quot;:&quot;Produ\u017eava postojanost umjetnih trepavica dok hrani prirodne.&quot;}\" data-sheets-userformat=\"{&quot;2&quot;:4480,&quot;10&quot;:0,&quot;11&quot;:4,&quot;15&quot;:&quot;Arial&quot;}\">1+1 GRATIS: produ\u017eava postojanost umjetnih trepavica dok hrani prirodne.<\/span><\/p>\n","protected":false},"featured_media":102996,"comment_status":"open","ping_status":"closed","template":"","meta":[],"product_brand":[],"product_cat":[56,76],"product_tag":[],"class_list":{"0":"post-81029","1":"product","2":"type-product","3":"status-publish","4":"has-post-thumbnail","6":"product_cat-posebna-ponuda","7":"product_cat-serumi","9":"first","10":"instock","11":"sale","12":"taxable","13":"shipping-taxable","14":"purchasable","15":"product-type-simple"},"bundled_by":[],"bundle_stock_status":"instock","bundle_stock_quantity":28,"bundle_virtual":false,"bundle_layout":"","bundle_add_to_cart_form_location":"","bundle_editable_in_cart":false,"bundle_sold_individually_context":"","bundle_item_grouping":"","bundle_min_size":"","bundle_max_size":"","bundled_items":[],"acf":[],"yoast_head":"<!-- This site is optimized with the Yoast SEO plugin v26.5 - https:\/\/yoast.com\/wordpress\/plugins\/seo\/ -->\n<title>Fluid za njegu trepavica s ekstenzijama - Active Luxe Cosmetics<\/title>\n<meta name=\"description\" content=\"Active Luxe fluid za njegu trepavica s ekstenzijama hrani i ja\u010da prirodne trepavice, pobolj\u0161ava podlogu za umjetne trepavice te sprje\u010dava prerano ispadanje.\" \/>\n<meta name=\"robots\" content=\"index, follow, max-snippet:-1, max-image-preview:large, max-video-preview:-1\" \/>\n<link rel=\"canonical\" href=\"https:\/\/activeluxe-cosmetics.com\/hr\/proizvod\/fluid-za-njegu-umjetnih-trepavica\/\" \/>\n<meta property=\"og:locale\" content=\"hr_HR\" \/>\n<meta property=\"og:type\" content=\"article\" \/>\n<meta property=\"og:title\" content=\"Fluid za njegu trepavica s ekstenzijama - Active Luxe Cosmetics\" \/>\n<meta property=\"og:description\" content=\"Active Luxe fluid za njegu trepavica s ekstenzijama hrani i ja\u010da prirodne trepavice, pobolj\u0161ava podlogu za umjetne trepavice te sprje\u010dava prerano ispadanje.\" \/>\n<meta property=\"og:url\" content=\"https:\/\/activeluxe-cosmetics.com\/hr\/proizvod\/fluid-za-njegu-umjetnih-trepavica\/\" \/>\n<meta property=\"og:site_name\" content=\"Active Luxe Cosmetics\" \/>\n<meta property=\"article:modified_time\" content=\"2026-05-13T13:47:23+00:00\" \/>\n<meta property=\"og:image\" content=\"https:\/\/activeluxe-cosmetics.com\/hr\/wp-content\/uploads\/2024\/01\/Lash-Fluid_11-Gratis.jpg\" \/>\n\t<meta property=\"og:image:width\" content=\"1104\" \/>\n\t<meta property=\"og:image:height\" content=\"1326\" \/>\n\t<meta property=\"og:image:type\" content=\"image\/jpeg\" \/>\n<meta name=\"twitter:card\" content=\"summary_large_image\" \/>\n<meta name=\"twitter:label1\" content=\"Procijenjeno vrijeme \u010ditanja\" \/>\n\t<meta name=\"twitter:data1\" content=\"2 minute\" \/>\n<script type=\"application\/ld+json\" class=\"yoast-schema-graph\">{\"@context\":\"https:\/\/schema.org\",\"@graph\":[{\"@type\":\"WebPage\",\"@id\":\"https:\/\/activeluxe-cosmetics.com\/hr\/proizvod\/fluid-za-njegu-umjetnih-trepavica\/\",\"url\":\"https:\/\/activeluxe-cosmetics.com\/hr\/proizvod\/fluid-za-njegu-umjetnih-trepavica\/\",\"name\":\"Fluid za njegu trepavica s ekstenzijama - Active Luxe Cosmetics\",\"isPartOf\":{\"@id\":\"https:\/\/activeluxe-cosmetics.com\/hr\/#website\"},\"primaryImageOfPage\":{\"@id\":\"https:\/\/activeluxe-cosmetics.com\/hr\/proizvod\/fluid-za-njegu-umjetnih-trepavica\/#primaryimage\"},\"image\":{\"@id\":\"https:\/\/activeluxe-cosmetics.com\/hr\/proizvod\/fluid-za-njegu-umjetnih-trepavica\/#primaryimage\"},\"thumbnailUrl\":\"https:\/\/activeluxe-cosmetics.com\/hr\/wp-content\/uploads\/2024\/01\/Lash-Fluid_11-Gratis.jpg\",\"datePublished\":\"2024-01-30T10:58:35+00:00\",\"dateModified\":\"2026-05-13T13:47:23+00:00\",\"description\":\"Active Luxe fluid za njegu trepavica s ekstenzijama hrani i ja\u010da prirodne trepavice, pobolj\u0161ava podlogu za umjetne trepavice te sprje\u010dava prerano ispadanje.\",\"breadcrumb\":{\"@id\":\"https:\/\/activeluxe-cosmetics.com\/hr\/proizvod\/fluid-za-njegu-umjetnih-trepavica\/#breadcrumb\"},\"inLanguage\":\"hr\",\"potentialAction\":[{\"@type\":\"ReadAction\",\"target\":[\"https:\/\/activeluxe-cosmetics.com\/hr\/proizvod\/fluid-za-njegu-umjetnih-trepavica\/\"]}]},{\"@type\":\"ImageObject\",\"inLanguage\":\"hr\",\"@id\":\"https:\/\/activeluxe-cosmetics.com\/hr\/proizvod\/fluid-za-njegu-umjetnih-trepavica\/#primaryimage\",\"url\":\"https:\/\/activeluxe-cosmetics.com\/hr\/wp-content\/uploads\/2024\/01\/Lash-Fluid_11-Gratis.jpg\",\"contentUrl\":\"https:\/\/activeluxe-cosmetics.com\/hr\/wp-content\/uploads\/2024\/01\/Lash-Fluid_11-Gratis.jpg\",\"width\":1104,\"height\":1326},{\"@type\":\"BreadcrumbList\",\"@id\":\"https:\/\/activeluxe-cosmetics.com\/hr\/proizvod\/fluid-za-njegu-umjetnih-trepavica\/#breadcrumb\",\"itemListElement\":[{\"@type\":\"ListItem\",\"position\":1,\"name\":\"Naslovnica\",\"item\":\"https:\/\/activeluxe-cosmetics.com\/hr\/\"},{\"@type\":\"ListItem\",\"position\":2,\"name\":\"Trgovina\",\"item\":\"https:\/\/activeluxe-cosmetics.com\/hr\/trgovina\/\"},{\"@type\":\"ListItem\",\"position\":3,\"name\":\"1+1 GRATIS: Fluid za njegu trepavica s ekstenzijama\"}]},{\"@type\":\"WebSite\",\"@id\":\"https:\/\/activeluxe-cosmetics.com\/hr\/#website\",\"url\":\"https:\/\/activeluxe-cosmetics.com\/hr\/\",\"name\":\"Active Luxe Cosmetics\",\"description\":\"\",\"potentialAction\":[{\"@type\":\"SearchAction\",\"target\":{\"@type\":\"EntryPoint\",\"urlTemplate\":\"https:\/\/activeluxe-cosmetics.com\/hr\/?s={search_term_string}\"},\"query-input\":{\"@type\":\"PropertyValueSpecification\",\"valueRequired\":true,\"valueName\":\"search_term_string\"}}],\"inLanguage\":\"hr\"}]}<\/script>\n<!-- \/ Yoast SEO plugin. -->","yoast_head_json":{"title":"Fluid za njegu trepavica s ekstenzijama - Active Luxe Cosmetics","description":"Active Luxe fluid za njegu trepavica s ekstenzijama hrani i ja\u010da prirodne trepavice, pobolj\u0161ava podlogu za umjetne trepavice te sprje\u010dava prerano ispadanje.","robots":{"index":"index","follow":"follow","max-snippet":"max-snippet:-1","max-image-preview":"max-image-preview:large","max-video-preview":"max-video-preview:-1"},"canonical":"https:\/\/activeluxe-cosmetics.com\/hr\/proizvod\/fluid-za-njegu-umjetnih-trepavica\/","og_locale":"hr_HR","og_type":"article","og_title":"Fluid za njegu trepavica s ekstenzijama - Active Luxe Cosmetics","og_description":"Active Luxe fluid za njegu trepavica s ekstenzijama hrani i ja\u010da prirodne trepavice, pobolj\u0161ava podlogu za umjetne trepavice te sprje\u010dava prerano ispadanje.","og_url":"https:\/\/activeluxe-cosmetics.com\/hr\/proizvod\/fluid-za-njegu-umjetnih-trepavica\/","og_site_name":"Active Luxe Cosmetics","article_modified_time":"2026-05-13T13:47:23+00:00","og_image":[{"width":1104,"height":1326,"url":"https:\/\/activeluxe-cosmetics.com\/hr\/wp-content\/uploads\/2024\/01\/Lash-Fluid_11-Gratis.jpg","type":"image\/jpeg"}],"twitter_card":"summary_large_image","twitter_misc":{"Procijenjeno vrijeme \u010ditanja":"2 minute"},"schema":{"@context":"https:\/\/schema.org","@graph":[{"@type":"WebPage","@id":"https:\/\/activeluxe-cosmetics.com\/hr\/proizvod\/fluid-za-njegu-umjetnih-trepavica\/","url":"https:\/\/activeluxe-cosmetics.com\/hr\/proizvod\/fluid-za-njegu-umjetnih-trepavica\/","name":"Fluid za njegu trepavica s ekstenzijama - Active Luxe Cosmetics","isPartOf":{"@id":"https:\/\/activeluxe-cosmetics.com\/hr\/#website"},"primaryImageOfPage":{"@id":"https:\/\/activeluxe-cosmetics.com\/hr\/proizvod\/fluid-za-njegu-umjetnih-trepavica\/#primaryimage"},"image":{"@id":"https:\/\/activeluxe-cosmetics.com\/hr\/proizvod\/fluid-za-njegu-umjetnih-trepavica\/#primaryimage"},"thumbnailUrl":"https:\/\/activeluxe-cosmetics.com\/hr\/wp-content\/uploads\/2024\/01\/Lash-Fluid_11-Gratis.jpg","datePublished":"2024-01-30T10:58:35+00:00","dateModified":"2026-05-13T13:47:23+00:00","description":"Active Luxe fluid za njegu trepavica s ekstenzijama hrani i ja\u010da prirodne trepavice, pobolj\u0161ava podlogu za umjetne trepavice te sprje\u010dava prerano ispadanje.","breadcrumb":{"@id":"https:\/\/activeluxe-cosmetics.com\/hr\/proizvod\/fluid-za-njegu-umjetnih-trepavica\/#breadcrumb"},"inLanguage":"hr","potentialAction":[{"@type":"ReadAction","target":["https:\/\/activeluxe-cosmetics.com\/hr\/proizvod\/fluid-za-njegu-umjetnih-trepavica\/"]}]},{"@type":"ImageObject","inLanguage":"hr","@id":"https:\/\/activeluxe-cosmetics.com\/hr\/proizvod\/fluid-za-njegu-umjetnih-trepavica\/#primaryimage","url":"https:\/\/activeluxe-cosmetics.com\/hr\/wp-content\/uploads\/2024\/01\/Lash-Fluid_11-Gratis.jpg","contentUrl":"https:\/\/activeluxe-cosmetics.com\/hr\/wp-content\/uploads\/2024\/01\/Lash-Fluid_11-Gratis.jpg","width":1104,"height":1326},{"@type":"BreadcrumbList","@id":"https:\/\/activeluxe-cosmetics.com\/hr\/proizvod\/fluid-za-njegu-umjetnih-trepavica\/#breadcrumb","itemListElement":[{"@type":"ListItem","position":1,"name":"Naslovnica","item":"https:\/\/activeluxe-cosmetics.com\/hr\/"},{"@type":"ListItem","position":2,"name":"Trgovina","item":"https:\/\/activeluxe-cosmetics.com\/hr\/trgovina\/"},{"@type":"ListItem","position":3,"name":"1+1 GRATIS: Fluid za njegu trepavica s ekstenzijama"}]},{"@type":"WebSite","@id":"https:\/\/activeluxe-cosmetics.com\/hr\/#website","url":"https:\/\/activeluxe-cosmetics.com\/hr\/","name":"Active Luxe Cosmetics","description":"","potentialAction":[{"@type":"SearchAction","target":{"@type":"EntryPoint","urlTemplate":"https:\/\/activeluxe-cosmetics.com\/hr\/?s={search_term_string}"},"query-input":{"@type":"PropertyValueSpecification","valueRequired":true,"valueName":"search_term_string"}}],"inLanguage":"hr"}]}},"_links":{"self":[{"href":"https:\/\/activeluxe-cosmetics.com\/hr\/wp-json\/wp\/v2\/product\/81029","targetHints":{"allow":["GET"]}}],"collection":[{"href":"https:\/\/activeluxe-cosmetics.com\/hr\/wp-json\/wp\/v2\/product"}],"about":[{"href":"https:\/\/activeluxe-cosmetics.com\/hr\/wp-json\/wp\/v2\/types\/product"}],"replies":[{"embeddable":true,"href":"https:\/\/activeluxe-cosmetics.com\/hr\/wp-json\/wp\/v2\/comments?post=81029"}],"wp:featuredmedia":[{"embeddable":true,"href":"https:\/\/activeluxe-cosmetics.com\/hr\/wp-json\/wp\/v2\/media\/102996"}],"wp:attachment":[{"href":"https:\/\/activeluxe-cosmetics.com\/hr\/wp-json\/wp\/v2\/media?parent=81029"}],"wp:term":[{"taxonomy":"product_brand","embeddable":true,"href":"https:\/\/activeluxe-cosmetics.com\/hr\/wp-json\/wp\/v2\/product_brand?post=81029"},{"taxonomy":"product_cat","embeddable":true,"href":"https:\/\/activeluxe-cosmetics.com\/hr\/wp-json\/wp\/v2\/product_cat?post=81029"},{"taxonomy":"product_tag","embeddable":true,"href":"https:\/\/activeluxe-cosmetics.com\/hr\/wp-json\/wp\/v2\/product_tag?post=81029"}],"curies":[{"name":"wp","href":"https:\/\/api.w.org\/{rel}","templated":true}]}}