{"id":80898,"date":"2024-01-29T11:01:46","date_gmt":"2024-01-29T11:01:46","guid":{"rendered":"https:\/\/activeluxe-cosmetics.com\/hr\/?post_type=product&#038;p=80898"},"modified":"2026-01-05T14:57:11","modified_gmt":"2026-01-05T14:57:11","slug":"premium-after-sun-body-yogurt","status":"publish","type":"product","link":"https:\/\/activeluxe-cosmetics.com\/hr\/proizvod\/premium-after-sun-body-yogurt\/","title":{"rendered":"Jogurt za poslije sun\u010danja, 200ml"},"content":{"rendered":"<p><img loading=\"lazy\" decoding=\"async\" class=\"wp-image-81065 size-medium alignright\" src=\"https:\/\/activeluxe-cosmetics.com\/hr\/wp-content\/uploads\/2024\/01\/Premium-After-Sun-Body-Yogurt_4-460x589.png\" alt=\"\" width=\"460\" height=\"589\" srcset=\"https:\/\/activeluxe-cosmetics.com\/hr\/wp-content\/uploads\/2024\/01\/Premium-After-Sun-Body-Yogurt_4-460x589.png 460w, https:\/\/activeluxe-cosmetics.com\/hr\/wp-content\/uploads\/2024\/01\/Premium-After-Sun-Body-Yogurt_4.png 581w\" sizes=\"auto, (max-width: 460px) 100vw, 460px\" \/><\/p>\n<h2><span data-sheets-root=\"1\" data-sheets-value=\"{&quot;1&quot;:2,&quot;2&quot;:&quot;Tvoja ko\u017ea zaslu\u017euje osvje\u017eavaju\u0107u hidrataciju&quot;}\" data-sheets-userformat=\"{&quot;2&quot;:19201,&quot;3&quot;:{&quot;1&quot;:0},&quot;11&quot;:4,&quot;12&quot;:0,&quot;14&quot;:{&quot;1&quot;:2,&quot;2&quot;:16739585},&quot;17&quot;:1}\">Zaslu\u017eena <strong>osvje\u017eavaju\u0107a<\/strong> hidratacija za ko\u017eu ljeti!<\/span><\/h2>\n<p id=\"tw-target-text\" class=\"tw-data-text tw-text-large tw-ta\" dir=\"ltr\" data-placeholder=\"Translation\" aria-label=\"Translated text\" data-ved=\"2ahUKEwiE9K2VzoKFAxW51gIHHdzNByIQ3ewLegQIBRAU\"><span class=\"Y2IQFc\" lang=\"hr\">Zamisli pravi jogurt, samo jo\u0161 bolji i s opojnim mirisom vanilije, kokosa i slatke naran\u010de. <\/span><\/p>\n<p class=\"tw-data-text tw-text-large tw-ta\" dir=\"ltr\" data-placeholder=\"Translation\" aria-label=\"Translated text\" data-ved=\"2ahUKEwiE9K2VzoKFAxW51gIHHdzNByIQ3ewLegQIBRAU\"><span class=\"Y2IQFc\" lang=\"hr\">Kako bi ljeti odr\u017eala svoju ko\u017eu zdravom, mekanom i blistavom, potrebno je dosta hidratacije. Sunce, morska sol i klor isu\u0161uju ko\u017eu zato jednaku pa\u017enju treba\u0161 posvetiti njezi ko\u017ee nakon sun\u010danja. <\/span><\/p>\n<p class=\"tw-data-text tw-text-large tw-ta\" dir=\"ltr\" data-placeholder=\"Translation\" aria-label=\"Translated text\" data-ved=\"2ahUKEwiE9K2VzoKFAxW51gIHHdzNByIQ3ewLegQIBRAU\"><span class=\"Y2IQFc\" lang=\"hr\">Active Luxe Premium \u010dokoladna marmelada za brzo tamnjenje na suncu osigurat \u0107e savr\u0161enu bron\u010danu nijansu ko\u017ee, a kada do\u0111e\u0161 doma, uz redovito nano\u0161enje jogurta nakon tu\u0161iranja produ\u017eit \u0107e\u0161 tamnjenje ko\u017ee te ju odr\u017eati mekom i hidratiziranom.<\/span><\/p>\n<p dir=\"ltr\" data-placeholder=\"Translation\" aria-label=\"Translated text\" data-ved=\"2ahUKEwiE9K2VzoKFAxW51gIHHdzNByIQ3ewLegQIBRAU\">Premium <strong>After Sun Body Yogurt<\/strong> je sve \u0161to je potrebno va\u0161oj tamnoj, preplanuloj ko\u017ei:<\/p>\n<ul>\n<li><span data-sheets-root=\"1\" data-sheets-value=\"{&quot;1&quot;:2,&quot;2&quot;:&quot;umiruje ko\u017eu nakon sun\u010danja&quot;}\" data-sheets-userformat=\"{&quot;2&quot;:897,&quot;3&quot;:{&quot;1&quot;:0},&quot;10&quot;:0,&quot;11&quot;:4,&quot;12&quot;:0}\"><strong>umiruje<\/strong> ko\u017eu nakon sun\u010danja<\/span><\/li>\n<li><span data-sheets-root=\"1\" data-sheets-value=\"{&quot;1&quot;:2,&quot;2&quot;:&quot;pru\u017ea rashla\u0111uju\u0107i u\u010dinak&quot;}\" data-sheets-userformat=\"{&quot;2&quot;:2945,&quot;3&quot;:{&quot;1&quot;:0},&quot;10&quot;:0,&quot;11&quot;:4,&quot;12&quot;:0,&quot;14&quot;:{&quot;1&quot;:2,&quot;2&quot;:16739585}}\">pru\u017ea <strong>rashla\u0111uju\u0107i<\/strong> u\u010dinak<\/span><\/li>\n<li><span data-sheets-root=\"1\" data-sheets-value=\"{&quot;1&quot;:2,&quot;2&quot;:&quot;aloe vera dubinski hrani ko\u017eu&quot;}\" data-sheets-userformat=\"{&quot;2&quot;:897,&quot;3&quot;:{&quot;1&quot;:0},&quot;10&quot;:0,&quot;11&quot;:4,&quot;12&quot;:0}\" data-sheets-textstyleruns=\"{&quot;1&quot;:0}\uee10{&quot;1&quot;:10,&quot;2&quot;:{&quot;2&quot;:{&quot;1&quot;:2,&quot;2&quot;:16739585}}}\uee10{&quot;1&quot;:24}\">aloe vera dubinski <strong>hrani<\/strong> ko\u017eu<\/span><\/li>\n<li><span data-sheets-root=\"1\" data-sheets-value=\"{&quot;1&quot;:2,&quot;2&quot;:&quot;omek\u0161ava ko\u017eu&quot;}\" data-sheets-userformat=\"{&quot;2&quot;:897,&quot;3&quot;:{&quot;1&quot;:0},&quot;10&quot;:0,&quot;11&quot;:4,&quot;12&quot;:0}\"><strong>omek\u0161ava<\/strong> ko\u017eu<\/span><\/li>\n<\/ul>\n<h2 style=\"text-align: center; clear: both;\"><\/h2>\n<p>&nbsp;<\/p>\n<p><img loading=\"lazy\" decoding=\"async\" class=\"wp-image-81064 size-medium alignleft\" src=\"https:\/\/activeluxe-cosmetics.com\/hr\/wp-content\/uploads\/2024\/01\/Premium-After-Sun-Body-Yogurt_3-460x589.png\" alt=\"\" width=\"460\" height=\"589\" srcset=\"https:\/\/activeluxe-cosmetics.com\/hr\/wp-content\/uploads\/2024\/01\/Premium-After-Sun-Body-Yogurt_3-460x589.png 460w, https:\/\/activeluxe-cosmetics.com\/hr\/wp-content\/uploads\/2024\/01\/Premium-After-Sun-Body-Yogurt_3.png 581w\" sizes=\"auto, (max-width: 460px) 100vw, 460px\" \/><\/p>\n<h2>Rashla\u0111uju\u0107i jogurt na ko\u017ei, uz miris <strong>slatke<\/strong> <strong>vanilije<\/strong><\/h2>\n<p id=\"tw-target-text\" class=\"tw-data-text tw-text-large tw-ta\" dir=\"ltr\" data-placeholder=\"Translation\" aria-label=\"Translated text\" data-ved=\"2ahUKEwiE9K2VzoKFAxW51gIHHdzNByIQ3ewLegQIBRAU\"><span class=\"Y2IQFc\" lang=\"hr\">Premium After Sun Body Yogurt najbolji je izbor za <strong>njegovanu<\/strong> i <strong>tamnu<\/strong> ko\u017eu ljeti. <\/span><\/p>\n<p class=\"tw-data-text tw-text-large tw-ta\" dir=\"ltr\" data-placeholder=\"Translation\" aria-label=\"Translated text\" data-ved=\"2ahUKEwiE9K2VzoKFAxW51gIHHdzNByIQ3ewLegQIBRAU\"><span class=\"Y2IQFc\" lang=\"hr\">Iznimno <strong>lagana<\/strong>, <strong>pahuljasta<\/strong> <strong>tekstura<\/strong> <strong>rashla\u0111uju\u0107eg<\/strong> <strong>jogurta<\/strong> brzo se upija u ko\u017eu i ne ostavlja masni filter na ko\u017ei. Odmah nakon nano\u0161enja jogurta mo\u017eete se obu\u0107i, a ko\u017ea \u0107e vam jo\u0161 dugo mirisati na slatku <strong>vaniliju<\/strong>, <strong>kokos<\/strong> i <strong>naran\u010du<\/strong>.<\/span><\/p>\n<p class=\"tw-data-text tw-text-large tw-ta\" dir=\"ltr\" data-placeholder=\"Translation\" aria-label=\"Translated text\" data-ved=\"2ahUKEwiE9K2VzoKFAxW51gIHHdzNByIQ3ewLegQIBRAU\"><span class=\"Y2IQFc\" lang=\"hr\"> Miris koji \u0107e o\u010darati i u\u010diniti ljetne ve\u010deri <strong>nezaboravnim<\/strong> i <strong>romanti\u010dnim. Premium<\/strong> jogurt za tijelo nakon sun\u010danja sadr\u017ei: <\/span><\/p>\n<ul>\n<li class=\"tw-data-text tw-text-large tw-ta\" dir=\"ltr\" data-placeholder=\"Translation\" aria-label=\"Translated text\" data-ved=\"2ahUKEwiE9K2VzoKFAxW51gIHHdzNByIQ3ewLegQIBRAU\"><span class=\"Y2IQFc\" lang=\"hr\">najbolji ekstrakti aloe vere, koja dokazano hladi i umiruje ko\u017eu te <\/span><\/li>\n<li class=\"tw-data-text tw-text-large tw-ta\" dir=\"ltr\" data-placeholder=\"Translation\" aria-label=\"Translated text\" data-ved=\"2ahUKEwiE9K2VzoKFAxW51gIHHdzNByIQ3ewLegQIBRAU\"><span class=\"Y2IQFc\" lang=\"hr\"><span class=\"Y2IQFc\" lang=\"hr\">kokosovo ulje, koje vla\u017ei ko\u017eu i odr\u017eava je mekom i hidriranom.<\/span><\/span><span class=\"Y2IQFc\" lang=\"hr\">Nakon tu\u0161iranja rashladni jogurt <strong>nje\u017eno<\/strong> <strong>umasirajte<\/strong> u ko\u017eu. Jogurt se izuzetno <strong>brzo<\/strong> <strong>upija<\/strong>. Odje\u0107u mo\u017eete nanijeti odmah bez brige da \u0107e ostaviti mrlje na njoj. Za jo\u0161 ve\u0107i u\u010dinak hla\u0111enja, jogurt mo\u017eete \u010duvati u <strong>hladnjaku<\/strong>. Mo\u017eete ga nanijeti i na lice.<\/span><\/li>\n<\/ul>\n<div style=\"display: flex; align-items: center; gap: 20px; flex-wrap: wrap;\">\n<p>&nbsp;<\/p>\n<\/div>\n","protected":false},"excerpt":{"rendered":"<p><span data-sheets-root=\"1\" data-sheets-value=\"{&quot;1&quot;:2,&quot;2&quot;:&quot;Fantasti\u010dno hladi, umiruje i njeguje ko\u017eu nakon sun\u010danja, produljuju\u0107i njezinu preplanulost. &quot;}\" data-sheets-userformat=\"{&quot;2&quot;:769,&quot;3&quot;:{&quot;1&quot;:0},&quot;11&quot;:4,&quot;12&quot;:0}\" data-sheets-textstyleruns=\"{&quot;1&quot;:0}\uee10{&quot;1&quot;:58,&quot;2&quot;:{&quot;2&quot;:{&quot;1&quot;:2,&quot;2&quot;:16739585}}}\">Fantasti\u010dno hladi, umiruje i njeguje ko\u017eu nakon sun\u010danja, produljuju\u0107i njezinu preplanulost. <\/span><\/p>\n<p>&nbsp;<\/p>\n","protected":false},"featured_media":81062,"comment_status":"open","ping_status":"closed","template":"","meta":[],"product_brand":[],"product_cat":[82],"product_tag":[],"class_list":{"0":"post-80898","1":"product","2":"type-product","3":"status-publish","4":"has-post-thumbnail","6":"product_cat-sunce","8":"first","9":"instock","10":"featured","11":"taxable","12":"shipping-taxable","13":"purchasable","14":"product-type-simple"},"bundled_by":[],"bundle_stock_status":"instock","bundle_stock_quantity":null,"bundle_virtual":false,"bundle_layout":"","bundle_add_to_cart_form_location":"","bundle_editable_in_cart":false,"bundle_sold_individually_context":"","bundle_item_grouping":"","bundle_min_size":"","bundle_max_size":"","bundled_items":[],"acf":[],"yoast_head":"<!-- This site is optimized with the Yoast SEO plugin v26.5 - https:\/\/yoast.com\/wordpress\/plugins\/seo\/ -->\n<title>Jogurt za poslije sun\u010danja - Active Luxe Cosmetics<\/title>\n<meta name=\"description\" content=\"Fantasti\u010dno hladi nakon \u0161to ste proveli cijeli dan na suncu. Activeluxe jogurt uz neodoljiv miris ono je \u0161to trebate za tople ljetne ve\u010deri.\" \/>\n<meta name=\"robots\" content=\"noindex, follow\" \/>\n<meta property=\"og:locale\" content=\"hr_HR\" \/>\n<meta property=\"og:type\" content=\"article\" \/>\n<meta property=\"og:title\" content=\"Jogurt za poslije sun\u010danja - Active Luxe Cosmetics\" \/>\n<meta property=\"og:description\" content=\"Fantasti\u010dno hladi nakon \u0161to ste proveli cijeli dan na suncu. Activeluxe jogurt uz neodoljiv miris ono je \u0161to trebate za tople ljetne ve\u010deri.\" \/>\n<meta property=\"og:url\" content=\"https:\/\/activeluxe-cosmetics.com\/hr\/proizvod\/premium-after-sun-body-yogurt\/\" \/>\n<meta property=\"og:site_name\" content=\"Active Luxe Cosmetics\" \/>\n<meta property=\"article:modified_time\" content=\"2026-01-05T14:57:11+00:00\" \/>\n<meta property=\"og:image\" content=\"https:\/\/activeluxe-cosmetics.com\/hr\/wp-content\/uploads\/2024\/01\/Premium-After-Sun-Body-Yogurt_1.jpg\" \/>\n\t<meta property=\"og:image:width\" content=\"1044\" \/>\n\t<meta property=\"og:image:height\" content=\"1326\" \/>\n\t<meta property=\"og:image:type\" content=\"image\/jpeg\" \/>\n<meta name=\"twitter:card\" content=\"summary_large_image\" \/>\n<meta name=\"twitter:label1\" content=\"Procijenjeno vrijeme \u010ditanja\" \/>\n\t<meta name=\"twitter:data1\" content=\"2 minute\" \/>\n<script type=\"application\/ld+json\" class=\"yoast-schema-graph\">{\"@context\":\"https:\/\/schema.org\",\"@graph\":[{\"@type\":\"WebPage\",\"@id\":\"https:\/\/activeluxe-cosmetics.com\/hr\/proizvod\/premium-after-sun-body-yogurt\/\",\"url\":\"https:\/\/activeluxe-cosmetics.com\/hr\/proizvod\/premium-after-sun-body-yogurt\/\",\"name\":\"Jogurt za poslije sun\u010danja - Active Luxe Cosmetics\",\"isPartOf\":{\"@id\":\"https:\/\/activeluxe-cosmetics.com\/hr\/#website\"},\"primaryImageOfPage\":{\"@id\":\"https:\/\/activeluxe-cosmetics.com\/hr\/proizvod\/premium-after-sun-body-yogurt\/#primaryimage\"},\"image\":{\"@id\":\"https:\/\/activeluxe-cosmetics.com\/hr\/proizvod\/premium-after-sun-body-yogurt\/#primaryimage\"},\"thumbnailUrl\":\"https:\/\/activeluxe-cosmetics.com\/hr\/wp-content\/uploads\/2024\/01\/Premium-After-Sun-Body-Yogurt_1.jpg\",\"datePublished\":\"2024-01-29T11:01:46+00:00\",\"dateModified\":\"2026-01-05T14:57:11+00:00\",\"description\":\"Fantasti\u010dno hladi nakon \u0161to ste proveli cijeli dan na suncu. Activeluxe jogurt uz neodoljiv miris ono je \u0161to trebate za tople ljetne ve\u010deri.\",\"breadcrumb\":{\"@id\":\"https:\/\/activeluxe-cosmetics.com\/hr\/proizvod\/premium-after-sun-body-yogurt\/#breadcrumb\"},\"inLanguage\":\"hr\",\"potentialAction\":[{\"@type\":\"ReadAction\",\"target\":[\"https:\/\/activeluxe-cosmetics.com\/hr\/proizvod\/premium-after-sun-body-yogurt\/\"]}]},{\"@type\":\"ImageObject\",\"inLanguage\":\"hr\",\"@id\":\"https:\/\/activeluxe-cosmetics.com\/hr\/proizvod\/premium-after-sun-body-yogurt\/#primaryimage\",\"url\":\"https:\/\/activeluxe-cosmetics.com\/hr\/wp-content\/uploads\/2024\/01\/Premium-After-Sun-Body-Yogurt_1.jpg\",\"contentUrl\":\"https:\/\/activeluxe-cosmetics.com\/hr\/wp-content\/uploads\/2024\/01\/Premium-After-Sun-Body-Yogurt_1.jpg\",\"width\":1044,\"height\":1326},{\"@type\":\"BreadcrumbList\",\"@id\":\"https:\/\/activeluxe-cosmetics.com\/hr\/proizvod\/premium-after-sun-body-yogurt\/#breadcrumb\",\"itemListElement\":[{\"@type\":\"ListItem\",\"position\":1,\"name\":\"Naslovnica\",\"item\":\"https:\/\/activeluxe-cosmetics.com\/hr\/\"},{\"@type\":\"ListItem\",\"position\":2,\"name\":\"Trgovina\",\"item\":\"https:\/\/activeluxe-cosmetics.com\/hr\/trgovina\/\"},{\"@type\":\"ListItem\",\"position\":3,\"name\":\"Jogurt za poslije sun\u010danja, 200ml\"}]},{\"@type\":\"WebSite\",\"@id\":\"https:\/\/activeluxe-cosmetics.com\/hr\/#website\",\"url\":\"https:\/\/activeluxe-cosmetics.com\/hr\/\",\"name\":\"Active Luxe Cosmetics\",\"description\":\"\",\"potentialAction\":[{\"@type\":\"SearchAction\",\"target\":{\"@type\":\"EntryPoint\",\"urlTemplate\":\"https:\/\/activeluxe-cosmetics.com\/hr\/?s={search_term_string}\"},\"query-input\":{\"@type\":\"PropertyValueSpecification\",\"valueRequired\":true,\"valueName\":\"search_term_string\"}}],\"inLanguage\":\"hr\"}]}<\/script>\n<!-- \/ Yoast SEO plugin. -->","yoast_head_json":{"title":"Jogurt za poslije sun\u010danja - Active Luxe Cosmetics","description":"Fantasti\u010dno hladi nakon \u0161to ste proveli cijeli dan na suncu. Activeluxe jogurt uz neodoljiv miris ono je \u0161to trebate za tople ljetne ve\u010deri.","robots":{"index":"noindex","follow":"follow"},"og_locale":"hr_HR","og_type":"article","og_title":"Jogurt za poslije sun\u010danja - Active Luxe Cosmetics","og_description":"Fantasti\u010dno hladi nakon \u0161to ste proveli cijeli dan na suncu. Activeluxe jogurt uz neodoljiv miris ono je \u0161to trebate za tople ljetne ve\u010deri.","og_url":"https:\/\/activeluxe-cosmetics.com\/hr\/proizvod\/premium-after-sun-body-yogurt\/","og_site_name":"Active Luxe Cosmetics","article_modified_time":"2026-01-05T14:57:11+00:00","og_image":[{"width":1044,"height":1326,"url":"https:\/\/activeluxe-cosmetics.com\/hr\/wp-content\/uploads\/2024\/01\/Premium-After-Sun-Body-Yogurt_1.jpg","type":"image\/jpeg"}],"twitter_card":"summary_large_image","twitter_misc":{"Procijenjeno vrijeme \u010ditanja":"2 minute"},"schema":{"@context":"https:\/\/schema.org","@graph":[{"@type":"WebPage","@id":"https:\/\/activeluxe-cosmetics.com\/hr\/proizvod\/premium-after-sun-body-yogurt\/","url":"https:\/\/activeluxe-cosmetics.com\/hr\/proizvod\/premium-after-sun-body-yogurt\/","name":"Jogurt za poslije sun\u010danja - Active Luxe Cosmetics","isPartOf":{"@id":"https:\/\/activeluxe-cosmetics.com\/hr\/#website"},"primaryImageOfPage":{"@id":"https:\/\/activeluxe-cosmetics.com\/hr\/proizvod\/premium-after-sun-body-yogurt\/#primaryimage"},"image":{"@id":"https:\/\/activeluxe-cosmetics.com\/hr\/proizvod\/premium-after-sun-body-yogurt\/#primaryimage"},"thumbnailUrl":"https:\/\/activeluxe-cosmetics.com\/hr\/wp-content\/uploads\/2024\/01\/Premium-After-Sun-Body-Yogurt_1.jpg","datePublished":"2024-01-29T11:01:46+00:00","dateModified":"2026-01-05T14:57:11+00:00","description":"Fantasti\u010dno hladi nakon \u0161to ste proveli cijeli dan na suncu. Activeluxe jogurt uz neodoljiv miris ono je \u0161to trebate za tople ljetne ve\u010deri.","breadcrumb":{"@id":"https:\/\/activeluxe-cosmetics.com\/hr\/proizvod\/premium-after-sun-body-yogurt\/#breadcrumb"},"inLanguage":"hr","potentialAction":[{"@type":"ReadAction","target":["https:\/\/activeluxe-cosmetics.com\/hr\/proizvod\/premium-after-sun-body-yogurt\/"]}]},{"@type":"ImageObject","inLanguage":"hr","@id":"https:\/\/activeluxe-cosmetics.com\/hr\/proizvod\/premium-after-sun-body-yogurt\/#primaryimage","url":"https:\/\/activeluxe-cosmetics.com\/hr\/wp-content\/uploads\/2024\/01\/Premium-After-Sun-Body-Yogurt_1.jpg","contentUrl":"https:\/\/activeluxe-cosmetics.com\/hr\/wp-content\/uploads\/2024\/01\/Premium-After-Sun-Body-Yogurt_1.jpg","width":1044,"height":1326},{"@type":"BreadcrumbList","@id":"https:\/\/activeluxe-cosmetics.com\/hr\/proizvod\/premium-after-sun-body-yogurt\/#breadcrumb","itemListElement":[{"@type":"ListItem","position":1,"name":"Naslovnica","item":"https:\/\/activeluxe-cosmetics.com\/hr\/"},{"@type":"ListItem","position":2,"name":"Trgovina","item":"https:\/\/activeluxe-cosmetics.com\/hr\/trgovina\/"},{"@type":"ListItem","position":3,"name":"Jogurt za poslije sun\u010danja, 200ml"}]},{"@type":"WebSite","@id":"https:\/\/activeluxe-cosmetics.com\/hr\/#website","url":"https:\/\/activeluxe-cosmetics.com\/hr\/","name":"Active Luxe Cosmetics","description":"","potentialAction":[{"@type":"SearchAction","target":{"@type":"EntryPoint","urlTemplate":"https:\/\/activeluxe-cosmetics.com\/hr\/?s={search_term_string}"},"query-input":{"@type":"PropertyValueSpecification","valueRequired":true,"valueName":"search_term_string"}}],"inLanguage":"hr"}]}},"_links":{"self":[{"href":"https:\/\/activeluxe-cosmetics.com\/hr\/wp-json\/wp\/v2\/product\/80898","targetHints":{"allow":["GET"]}}],"collection":[{"href":"https:\/\/activeluxe-cosmetics.com\/hr\/wp-json\/wp\/v2\/product"}],"about":[{"href":"https:\/\/activeluxe-cosmetics.com\/hr\/wp-json\/wp\/v2\/types\/product"}],"replies":[{"embeddable":true,"href":"https:\/\/activeluxe-cosmetics.com\/hr\/wp-json\/wp\/v2\/comments?post=80898"}],"wp:featuredmedia":[{"embeddable":true,"href":"https:\/\/activeluxe-cosmetics.com\/hr\/wp-json\/wp\/v2\/media\/81062"}],"wp:attachment":[{"href":"https:\/\/activeluxe-cosmetics.com\/hr\/wp-json\/wp\/v2\/media?parent=80898"}],"wp:term":[{"taxonomy":"product_brand","embeddable":true,"href":"https:\/\/activeluxe-cosmetics.com\/hr\/wp-json\/wp\/v2\/product_brand?post=80898"},{"taxonomy":"product_cat","embeddable":true,"href":"https:\/\/activeluxe-cosmetics.com\/hr\/wp-json\/wp\/v2\/product_cat?post=80898"},{"taxonomy":"product_tag","embeddable":true,"href":"https:\/\/activeluxe-cosmetics.com\/hr\/wp-json\/wp\/v2\/product_tag?post=80898"}],"curies":[{"name":"wp","href":"https:\/\/api.w.org\/{rel}","templated":true}]}}