{"id":72444,"date":"2024-01-10T15:21:29","date_gmt":"2024-01-10T14:21:29","guid":{"rendered":"https:\/\/activeluxe-cosmetics.com\/hr\/?post_type=product&#038;p=72444"},"modified":"2026-01-05T13:52:18","modified_gmt":"2026-01-05T13:52:18","slug":"infinity-lash-maskara","status":"publish","type":"product","link":"https:\/\/activeluxe-cosmetics.com\/hr\/proizvod\/infinity-lash-maskara\/","title":{"rendered":"Infinity Lash maskara"},"content":{"rendered":"<p><img loading=\"lazy\" decoding=\"async\" class=\"size-medium wp-image-81081 alignright\" src=\"https:\/\/activeluxe-cosmetics.com\/hr\/wp-content\/uploads\/2024\/01\/Maskara-460x593.jpg\" alt=\"\" width=\"460\" height=\"593\" srcset=\"https:\/\/activeluxe-cosmetics.com\/hr\/wp-content\/uploads\/2024\/01\/Maskara-460x593.jpg 460w, https:\/\/activeluxe-cosmetics.com\/hr\/wp-content\/uploads\/2024\/01\/Maskara.jpg 572w\" sizes=\"auto, (max-width: 460px) 100vw, 460px\" \/><\/p>\n<h2><span data-sheets-root=\"1\" data-sheets-value=\"{&quot;1&quot;:2,&quot;2&quot;:&quot;Tvoje o\u010di zaslu\u017euju beskona\u010dno dobru maskaru&quot;}\" data-sheets-userformat=\"{&quot;2&quot;:21377,&quot;3&quot;:{&quot;1&quot;:0},&quot;10&quot;:2,&quot;11&quot;:4,&quot;12&quot;:0,&quot;15&quot;:&quot;Arial&quot;,&quot;17&quot;:1}\"><strong>Tvoje o\u010di zaslu\u017euju<\/strong> beskona\u010dno dobru maskaru<\/span><\/h2>\n<p><span data-sheets-root=\"1\" data-sheets-value=\"{&quot;1&quot;:2,&quot;2&quot;:&quot;Zna\u0161 one situacije u kojima se, nakon napornog dana, maskara na trepavicama stvrdne pa se mrvi i lijepi posvuda, a trepavice izgledaju kao suhe gran\u010dice?\\n\\nSame smo do\u017eivjele tu situaciju nebrojeno puta pa smo se prilikom stvaranja ove maskare vodile time: nikako ne \u017eelimo suhe trepavice.&quot;}\" data-sheets-userformat=\"{&quot;2&quot;:4993,&quot;3&quot;:{&quot;1&quot;:0},&quot;10&quot;:2,&quot;11&quot;:4,&quot;12&quot;:0,&quot;15&quot;:&quot;Arial&quot;}\" data-sheets-textstyleruns=\"{&quot;1&quot;:0}\uee10{&quot;1&quot;:104,&quot;2&quot;:{&quot;2&quot;:{&quot;1&quot;:2,&quot;2&quot;:16739585}}}\uee10{&quot;1&quot;:111}\uee10{&quot;1&quot;:155,&quot;2&quot;:{&quot;2&quot;:{&quot;1&quot;:2,&quot;2&quot;:16739585}}}\uee10{&quot;1&quot;:186}\uee10{&quot;1&quot;:256,&quot;2&quot;:{&quot;2&quot;:{&quot;1&quot;:2,&quot;2&quot;:16739585}}}\uee10{&quot;1&quot;:272}\">Zna\u0161 one situacije u kojima se, nakon napornog dana, maskara na trepavicama stvrdne pa se mrvi i lijepi posvuda, a trepavice izgledaju kao suhe gran\u010dice?<\/span><\/p>\n<p>Same smo do\u017eivjele tu situaciju nebrojeno puta pa smo se prilikom stvaranja ove maskare vodile time: <strong>nikako ne \u017eelimo suhe trepavice<\/strong>.<\/p>\n<ul>\n<li><strong>Infinity lash pru\u017ea iznimnu dugotrajnost<\/strong><\/li>\n<li><strong>daje trepavicama dodatan volumen<\/strong><\/li>\n<li><strong>ne razmazuje se<\/strong><\/li>\n<li><strong>ne ostavlja grudice<\/strong><\/li>\n<\/ul>\n<h2 style=\"text-align: center; clear: both;\"><\/h2>\n<h2><span data-sheets-root=\"1\" data-sheets-value=\"{&quot;1&quot;:2,&quot;2&quot;:&quot;Fina struktura na tvojim trepavicama koja ih produ\u017euje i otvara&quot;}\" data-sheets-userformat=\"{&quot;2&quot;:20864,&quot;10&quot;:2,&quot;11&quot;:4,&quot;15&quot;:&quot;Arial&quot;,&quot;17&quot;:1}\"><img loading=\"lazy\" decoding=\"async\" class=\"size-medium wp-image-81080 alignleft\" src=\"https:\/\/activeluxe-cosmetics.com\/hr\/wp-content\/uploads\/2024\/01\/Infinity-Lash-460x460.jpg\" alt=\"\" width=\"460\" height=\"460\" srcset=\"https:\/\/activeluxe-cosmetics.com\/hr\/wp-content\/uploads\/2024\/01\/Infinity-Lash-460x460.jpg 460w, https:\/\/activeluxe-cosmetics.com\/hr\/wp-content\/uploads\/2024\/01\/Infinity-Lash-1024x1024.jpg 1024w, https:\/\/activeluxe-cosmetics.com\/hr\/wp-content\/uploads\/2024\/01\/Infinity-Lash-150x150.jpg 150w, https:\/\/activeluxe-cosmetics.com\/hr\/wp-content\/uploads\/2024\/01\/Infinity-Lash-768x768.jpg 768w, https:\/\/activeluxe-cosmetics.com\/hr\/wp-content\/uploads\/2024\/01\/Infinity-Lash-600x600.jpg 600w, https:\/\/activeluxe-cosmetics.com\/hr\/wp-content\/uploads\/2024\/01\/Infinity-Lash-100x100.jpg 100w, https:\/\/activeluxe-cosmetics.com\/hr\/wp-content\/uploads\/2024\/01\/Infinity-Lash.jpg 1200w\" sizes=\"auto, (max-width: 460px) 100vw, 460px\" \/><strong>Pogled bez kompromisa:<\/strong>kremasta struktura ne ostavlja grudice<\/span><\/h2>\n<p><strong>Elasti\u010dnost, meko\u0107a, podatnost, nje\u017enost u pogledu<\/strong> \u2013 to je ono \u0161to smo ti \u017eeljeli omogu\u0107iti dok smo stvarali ovu jedinstvenu formulu.<\/p>\n<p>Stvorili smo <strong>iznimno laganu formulu<\/strong> \u2013 \u010dak i nekoliko slojeva maskare ne\u0107e ostaviti osje\u0107aj te\u017eine na trepavicama. Ultra kremasta formula izdr\u017eat \u0107e sve tvoje aktivnosti, emocije i napore.<\/p>\n<p>Infinity Lash maskara ostat \u0107e postojana na tvojim o\u010dima cijeli dan bez lijepljenja i ostavljanja tragova oko o\u010diju.<\/p>\n<ul>\n<li><strong>Dugotrajnost<\/strong><\/li>\n<li><strong>Volumen<\/strong><\/li>\n<li><strong>Bez razmazivanja<\/strong><\/li>\n<li><strong>Bez grudica<\/strong><\/li>\n<\/ul>\n<h2 style=\"text-align: center; clear: both;\"><\/h2>\n<h2><img loading=\"lazy\" decoding=\"async\" class=\"wp-image-80650 size-medium alignright\" src=\"https:\/\/activeluxe-cosmetics.com\/hr\/wp-content\/uploads\/2024\/01\/Group-391-10-460x589.jpg\" alt=\"\" width=\"460\" height=\"589\" srcset=\"https:\/\/activeluxe-cosmetics.com\/hr\/wp-content\/uploads\/2024\/01\/Group-391-10-460x589.jpg 460w, https:\/\/activeluxe-cosmetics.com\/hr\/wp-content\/uploads\/2024\/01\/Group-391-10.jpg 581w\" sizes=\"auto, (max-width: 460px) 100vw, 460px\" \/><strong>Fina struktura na tvojim trepavicama<\/strong> koja ih produ\u017euje i otvara<\/h2>\n<p>Infinity Lash ostat \u0107e <strong>na tvojim trepavicama cijeli dan<\/strong>, bez grudica i oslikavanja ili rasipanja na ko\u017ei oko o\u010diju. Maskara s kremastom strukturom uz koju se ne\u0107e stvrdnuti na trepavicama \u010dak ni nakon 24 sata!<\/p>\n<ul>\n<li><strong>Dramati\u010dan volumen i du\u017eina<\/strong><\/li>\n<li><strong>Dugotrajna formula koja traje 24h<\/strong><\/li>\n<li><strong>Kremasta tekstura sprje\u010dava da se maskara stvrdne, su\u0161i i stvara to\u010dkice i mrlje<\/strong><\/li>\n<\/ul>\n<p>Nova Active Luxe Infinity Lash maskara osvje\u017eenje je u svijetu kozmetike \u2013 inovativna tekstura i savr\u0161ena \u010detkica su sve \u0161to ti treba za izgled <strong>svje\u017eih<\/strong>, <strong>odmornih<\/strong> i <strong>otvorenih o\u010diju<\/strong>.<\/p>\n<div style=\"display: flex; align-items: center; gap: 20px; flex-wrap: wrap;\">\n<p style=\"max-width: 360px;\">\n<\/div>\n","protected":false},"excerpt":{"rendered":"<p><span data-sheets-root=\"1\" data-sheets-value=\"{&quot;1&quot;:2,&quot;2&quot;:&quot;Prva maskara u obliku znaka beskona\u010dnosti. Za beskona\u010dno duge trepavice.&quot;}\" data-sheets-userformat=\"{&quot;2&quot;:4993,&quot;3&quot;:{&quot;1&quot;:0},&quot;10&quot;:2,&quot;11&quot;:4,&quot;12&quot;:0,&quot;15&quot;:&quot;Arial&quot;}\">Prva maskara u obliku znaka beskona\u010dnosti. Za beskona\u010dno duge trepavice.<\/span><\/p>\n","protected":false},"featured_media":80600,"comment_status":"open","ping_status":"closed","template":"","meta":[],"product_brand":[],"product_cat":[48,77],"product_tag":[],"class_list":{"0":"post-72444","1":"product","2":"type-product","3":"status-publish","4":"has-post-thumbnail","6":"product_cat-trepavice","7":"product_cat-makeup","9":"first","10":"instock","11":"taxable","12":"shipping-taxable","13":"purchasable","14":"product-type-simple"},"bundled_by":[],"bundle_stock_status":"instock","bundle_stock_quantity":null,"bundle_virtual":false,"bundle_layout":"","bundle_add_to_cart_form_location":"","bundle_editable_in_cart":false,"bundle_sold_individually_context":"","bundle_item_grouping":"","bundle_min_size":"","bundle_max_size":"","bundled_items":[],"acf":[],"yoast_head":"<!-- This site is optimized with the Yoast SEO plugin v26.5 - https:\/\/yoast.com\/wordpress\/plugins\/seo\/ -->\n<title>Maskara za duge i uvijene trepavice Infinity Lash - Active Luxe<\/title>\n<meta name=\"description\" content=\"Maskara koja uvija svaku trepavicu i stvara otvoren i svje\u017e pogled. Posebna \u010detkica s vlaknima u\u010dinit \u0107e lash lift efekt u trenu\" \/>\n<meta name=\"robots\" content=\"index, follow, max-snippet:-1, max-image-preview:large, max-video-preview:-1\" \/>\n<link rel=\"canonical\" href=\"https:\/\/activeluxe-cosmetics.com\/hr\/proizvod\/infinity-lash-maskara\/\" \/>\n<meta property=\"og:locale\" content=\"hr_HR\" \/>\n<meta property=\"og:type\" content=\"article\" \/>\n<meta property=\"og:title\" content=\"Maskara za duge i uvijene trepavice Infinity Lash - Active Luxe\" \/>\n<meta property=\"og:description\" content=\"Maskara koja uvija svaku trepavicu i stvara otvoren i svje\u017e pogled. Posebna \u010detkica s vlaknima u\u010dinit \u0107e lash lift efekt u trenu\" \/>\n<meta property=\"og:url\" content=\"https:\/\/activeluxe-cosmetics.com\/hr\/proizvod\/infinity-lash-maskara\/\" \/>\n<meta property=\"og:site_name\" content=\"Active Luxe Cosmetics\" \/>\n<meta property=\"article:modified_time\" content=\"2026-01-05T13:52:18+00:00\" \/>\n<meta property=\"og:image\" content=\"https:\/\/activeluxe-cosmetics.com\/hr\/wp-content\/uploads\/2024\/01\/Infinity-Lash-maskara.jpg\" \/>\n\t<meta property=\"og:image:width\" content=\"522\" \/>\n\t<meta property=\"og:image:height\" content=\"663\" \/>\n\t<meta property=\"og:image:type\" content=\"image\/jpeg\" \/>\n<meta name=\"twitter:card\" content=\"summary_large_image\" \/>\n<meta name=\"twitter:label1\" content=\"Procijenjeno vrijeme \u010ditanja\" \/>\n\t<meta name=\"twitter:data1\" content=\"3 minute\" \/>\n<script type=\"application\/ld+json\" class=\"yoast-schema-graph\">{\"@context\":\"https:\/\/schema.org\",\"@graph\":[{\"@type\":\"WebPage\",\"@id\":\"https:\/\/activeluxe-cosmetics.com\/hr\/proizvod\/infinity-lash-maskara\/\",\"url\":\"https:\/\/activeluxe-cosmetics.com\/hr\/proizvod\/infinity-lash-maskara\/\",\"name\":\"Maskara za duge i uvijene trepavice Infinity Lash - Active Luxe\",\"isPartOf\":{\"@id\":\"https:\/\/activeluxe-cosmetics.com\/hr\/#website\"},\"primaryImageOfPage\":{\"@id\":\"https:\/\/activeluxe-cosmetics.com\/hr\/proizvod\/infinity-lash-maskara\/#primaryimage\"},\"image\":{\"@id\":\"https:\/\/activeluxe-cosmetics.com\/hr\/proizvod\/infinity-lash-maskara\/#primaryimage\"},\"thumbnailUrl\":\"https:\/\/activeluxe-cosmetics.com\/hr\/wp-content\/uploads\/2024\/01\/Infinity-Lash-maskara.jpg\",\"datePublished\":\"2024-01-10T14:21:29+00:00\",\"dateModified\":\"2026-01-05T13:52:18+00:00\",\"description\":\"Maskara koja uvija svaku trepavicu i stvara otvoren i svje\u017e pogled. Posebna \u010detkica s vlaknima u\u010dinit \u0107e lash lift efekt u trenu\",\"breadcrumb\":{\"@id\":\"https:\/\/activeluxe-cosmetics.com\/hr\/proizvod\/infinity-lash-maskara\/#breadcrumb\"},\"inLanguage\":\"hr\",\"potentialAction\":[{\"@type\":\"ReadAction\",\"target\":[\"https:\/\/activeluxe-cosmetics.com\/hr\/proizvod\/infinity-lash-maskara\/\"]}]},{\"@type\":\"ImageObject\",\"inLanguage\":\"hr\",\"@id\":\"https:\/\/activeluxe-cosmetics.com\/hr\/proizvod\/infinity-lash-maskara\/#primaryimage\",\"url\":\"https:\/\/activeluxe-cosmetics.com\/hr\/wp-content\/uploads\/2024\/01\/Infinity-Lash-maskara.jpg\",\"contentUrl\":\"https:\/\/activeluxe-cosmetics.com\/hr\/wp-content\/uploads\/2024\/01\/Infinity-Lash-maskara.jpg\",\"width\":522,\"height\":663},{\"@type\":\"BreadcrumbList\",\"@id\":\"https:\/\/activeluxe-cosmetics.com\/hr\/proizvod\/infinity-lash-maskara\/#breadcrumb\",\"itemListElement\":[{\"@type\":\"ListItem\",\"position\":1,\"name\":\"Naslovnica\",\"item\":\"https:\/\/activeluxe-cosmetics.com\/hr\/\"},{\"@type\":\"ListItem\",\"position\":2,\"name\":\"Trgovina\",\"item\":\"https:\/\/activeluxe-cosmetics.com\/hr\/trgovina\/\"},{\"@type\":\"ListItem\",\"position\":3,\"name\":\"Infinity Lash maskara\"}]},{\"@type\":\"WebSite\",\"@id\":\"https:\/\/activeluxe-cosmetics.com\/hr\/#website\",\"url\":\"https:\/\/activeluxe-cosmetics.com\/hr\/\",\"name\":\"Active Luxe Cosmetics\",\"description\":\"\",\"potentialAction\":[{\"@type\":\"SearchAction\",\"target\":{\"@type\":\"EntryPoint\",\"urlTemplate\":\"https:\/\/activeluxe-cosmetics.com\/hr\/?s={search_term_string}\"},\"query-input\":{\"@type\":\"PropertyValueSpecification\",\"valueRequired\":true,\"valueName\":\"search_term_string\"}}],\"inLanguage\":\"hr\"}]}<\/script>\n<!-- \/ Yoast SEO plugin. -->","yoast_head_json":{"title":"Maskara za duge i uvijene trepavice Infinity Lash - Active Luxe","description":"Maskara koja uvija svaku trepavicu i stvara otvoren i svje\u017e pogled. Posebna \u010detkica s vlaknima u\u010dinit \u0107e lash lift efekt u trenu","robots":{"index":"index","follow":"follow","max-snippet":"max-snippet:-1","max-image-preview":"max-image-preview:large","max-video-preview":"max-video-preview:-1"},"canonical":"https:\/\/activeluxe-cosmetics.com\/hr\/proizvod\/infinity-lash-maskara\/","og_locale":"hr_HR","og_type":"article","og_title":"Maskara za duge i uvijene trepavice Infinity Lash - Active Luxe","og_description":"Maskara koja uvija svaku trepavicu i stvara otvoren i svje\u017e pogled. Posebna \u010detkica s vlaknima u\u010dinit \u0107e lash lift efekt u trenu","og_url":"https:\/\/activeluxe-cosmetics.com\/hr\/proizvod\/infinity-lash-maskara\/","og_site_name":"Active Luxe Cosmetics","article_modified_time":"2026-01-05T13:52:18+00:00","og_image":[{"width":522,"height":663,"url":"https:\/\/activeluxe-cosmetics.com\/hr\/wp-content\/uploads\/2024\/01\/Infinity-Lash-maskara.jpg","type":"image\/jpeg"}],"twitter_card":"summary_large_image","twitter_misc":{"Procijenjeno vrijeme \u010ditanja":"3 minute"},"schema":{"@context":"https:\/\/schema.org","@graph":[{"@type":"WebPage","@id":"https:\/\/activeluxe-cosmetics.com\/hr\/proizvod\/infinity-lash-maskara\/","url":"https:\/\/activeluxe-cosmetics.com\/hr\/proizvod\/infinity-lash-maskara\/","name":"Maskara za duge i uvijene trepavice Infinity Lash - Active Luxe","isPartOf":{"@id":"https:\/\/activeluxe-cosmetics.com\/hr\/#website"},"primaryImageOfPage":{"@id":"https:\/\/activeluxe-cosmetics.com\/hr\/proizvod\/infinity-lash-maskara\/#primaryimage"},"image":{"@id":"https:\/\/activeluxe-cosmetics.com\/hr\/proizvod\/infinity-lash-maskara\/#primaryimage"},"thumbnailUrl":"https:\/\/activeluxe-cosmetics.com\/hr\/wp-content\/uploads\/2024\/01\/Infinity-Lash-maskara.jpg","datePublished":"2024-01-10T14:21:29+00:00","dateModified":"2026-01-05T13:52:18+00:00","description":"Maskara koja uvija svaku trepavicu i stvara otvoren i svje\u017e pogled. Posebna \u010detkica s vlaknima u\u010dinit \u0107e lash lift efekt u trenu","breadcrumb":{"@id":"https:\/\/activeluxe-cosmetics.com\/hr\/proizvod\/infinity-lash-maskara\/#breadcrumb"},"inLanguage":"hr","potentialAction":[{"@type":"ReadAction","target":["https:\/\/activeluxe-cosmetics.com\/hr\/proizvod\/infinity-lash-maskara\/"]}]},{"@type":"ImageObject","inLanguage":"hr","@id":"https:\/\/activeluxe-cosmetics.com\/hr\/proizvod\/infinity-lash-maskara\/#primaryimage","url":"https:\/\/activeluxe-cosmetics.com\/hr\/wp-content\/uploads\/2024\/01\/Infinity-Lash-maskara.jpg","contentUrl":"https:\/\/activeluxe-cosmetics.com\/hr\/wp-content\/uploads\/2024\/01\/Infinity-Lash-maskara.jpg","width":522,"height":663},{"@type":"BreadcrumbList","@id":"https:\/\/activeluxe-cosmetics.com\/hr\/proizvod\/infinity-lash-maskara\/#breadcrumb","itemListElement":[{"@type":"ListItem","position":1,"name":"Naslovnica","item":"https:\/\/activeluxe-cosmetics.com\/hr\/"},{"@type":"ListItem","position":2,"name":"Trgovina","item":"https:\/\/activeluxe-cosmetics.com\/hr\/trgovina\/"},{"@type":"ListItem","position":3,"name":"Infinity Lash maskara"}]},{"@type":"WebSite","@id":"https:\/\/activeluxe-cosmetics.com\/hr\/#website","url":"https:\/\/activeluxe-cosmetics.com\/hr\/","name":"Active Luxe Cosmetics","description":"","potentialAction":[{"@type":"SearchAction","target":{"@type":"EntryPoint","urlTemplate":"https:\/\/activeluxe-cosmetics.com\/hr\/?s={search_term_string}"},"query-input":{"@type":"PropertyValueSpecification","valueRequired":true,"valueName":"search_term_string"}}],"inLanguage":"hr"}]}},"_links":{"self":[{"href":"https:\/\/activeluxe-cosmetics.com\/hr\/wp-json\/wp\/v2\/product\/72444","targetHints":{"allow":["GET"]}}],"collection":[{"href":"https:\/\/activeluxe-cosmetics.com\/hr\/wp-json\/wp\/v2\/product"}],"about":[{"href":"https:\/\/activeluxe-cosmetics.com\/hr\/wp-json\/wp\/v2\/types\/product"}],"replies":[{"embeddable":true,"href":"https:\/\/activeluxe-cosmetics.com\/hr\/wp-json\/wp\/v2\/comments?post=72444"}],"wp:featuredmedia":[{"embeddable":true,"href":"https:\/\/activeluxe-cosmetics.com\/hr\/wp-json\/wp\/v2\/media\/80600"}],"wp:attachment":[{"href":"https:\/\/activeluxe-cosmetics.com\/hr\/wp-json\/wp\/v2\/media?parent=72444"}],"wp:term":[{"taxonomy":"product_brand","embeddable":true,"href":"https:\/\/activeluxe-cosmetics.com\/hr\/wp-json\/wp\/v2\/product_brand?post=72444"},{"taxonomy":"product_cat","embeddable":true,"href":"https:\/\/activeluxe-cosmetics.com\/hr\/wp-json\/wp\/v2\/product_cat?post=72444"},{"taxonomy":"product_tag","embeddable":true,"href":"https:\/\/activeluxe-cosmetics.com\/hr\/wp-json\/wp\/v2\/product_tag?post=72444"}],"curies":[{"name":"wp","href":"https:\/\/api.w.org\/{rel}","templated":true}]}}