{"id":72439,"date":"2024-01-10T15:21:29","date_gmt":"2024-01-10T14:21:29","guid":{"rendered":"https:\/\/activeluxe-cosmetics.com\/hr\/?post_type=product&#038;p=72439"},"modified":"2026-04-01T06:31:59","modified_gmt":"2026-04-01T06:31:59","slug":"set-za-rast-brade","status":"publish","type":"product","link":"https:\/\/activeluxe-cosmetics.com\/hr\/proizvod\/set-za-rast-brade\/","title":{"rendered":"Set za sna\u017enu i gustu bradu"},"content":{"rendered":"<p><img loading=\"lazy\" decoding=\"async\" class=\"wp-image-80670 alignright\" src=\"https:\/\/activeluxe-cosmetics.com\/hr\/wp-content\/uploads\/2024\/01\/Group-392-10-460x597.jpg\" alt=\"\" width=\"434\" height=\"563\" srcset=\"https:\/\/activeluxe-cosmetics.com\/hr\/wp-content\/uploads\/2024\/01\/Group-392-10-460x597.jpg 460w, https:\/\/activeluxe-cosmetics.com\/hr\/wp-content\/uploads\/2024\/01\/Group-392-10-295x384.jpg 295w, https:\/\/activeluxe-cosmetics.com\/hr\/wp-content\/uploads\/2024\/01\/Group-392-10.jpg 564w\" sizes=\"auto, (max-width: 434px) 100vw, 434px\" \/><\/p>\n<h2><strong>Sve \u0161to ti treba<\/strong> za savr\u0161eno oblikovanu bradu<\/h2>\n<p id=\"tw-target-text\" class=\"tw-data-text tw-text-large tw-ta\" dir=\"ltr\" data-placeholder=\"Translation\" data-ved=\"2ahUKEwiP1PmCmuyEAxUa_7sIHcJ3BoUQ3ewLegQIBRAU\"><span class=\"Y2IQFc\" lang=\"hr\">Gusta, duga brada oduvijek je bila simbol <strong>sna\u017enog<\/strong> i <strong>neovisnog<\/strong> <strong>mu\u0161karca<\/strong>. Ali \u0161to ako majka priroda nije bila naklonjena va\u0161oj bradi, raste neravnomjerno ili jako sporo? Sve proizvode potrebne za rast brade <strong>objedinili<\/strong> <strong>smo<\/strong> <strong>u set<\/strong>, a mo\u017eete birati izme\u0111u tri razli\u010dita paketa:<\/span><\/p>\n<ul>\n<li class=\"tw-data-text tw-text-large tw-ta\" dir=\"ltr\" data-placeholder=\"Translation\" data-ved=\"2ahUKEwiP1PmCmuyEAxUa_7sIHcJ3BoUQ3ewLegQIBRAU\"><span class=\"Y2IQFc\" lang=\"hr\">Za 50 dana kori\u0161tenja (dobijate serum za rast dla\u010dica na bradi 30 ml, derma roller i \u010dista\u010d rollera), <\/span><\/li>\n<li class=\"tw-data-text tw-text-large tw-ta\" dir=\"ltr\" data-placeholder=\"Translation\" data-ved=\"2ahUKEwiP1PmCmuyEAxUa_7sIHcJ3BoUQ3ewLegQIBRAU\"><span class=\"Y2IQFc\" lang=\"hr\">Za 150 dana kori\u0161tenja (dobiti \u0107ete serum za rast brade od 30 ml, derma roller, \u010dista\u010d roller + 2 dodatna seruma za rast brade),<\/span><\/li>\n<li class=\"tw-data-text tw-text-large tw-ta\" dir=\"ltr\" data-placeholder=\"Translation\" data-ved=\"2ahUKEwiP1PmCmuyEAxUa_7sIHcJ3BoUQ3ewLegQIBRAU\"><span class=\"Y2IQFc\" lang=\"hr\">Za 250 dana kori\u0161tenja (dobijate serum za rast brade 30ml, derma roller, \u010dista\u010d valjka + 4 dodatna seruma za rast brade) <\/span><\/li>\n<li class=\"tw-data-text tw-text-large tw-ta\" dir=\"ltr\" data-placeholder=\"Translation\" data-ved=\"2ahUKEwiP1PmCmuyEAxUa_7sIHcJ3BoUQ3ewLegQIBRAU\"><span class=\"Y2IQFc\" lang=\"hr\"><span class=\"Y2IQFc\" lang=\"hr\">Proizvode dobivate u elegantnoj crnoj poklon kutiji.<\/span><\/span>Za vidljive rezultate preporu\u010damo kori\u0161tenje seta za 150 dana kori\u0161tenja u kojem \u0107ete dobiti 3 seruma za rast brade, derma roller i antibakterijski \u010dista\u010d za derma roller.<\/li>\n<\/ul>\n<h2 style=\"text-align: center; clear: both;\"><\/h2>\n<p>&nbsp;<\/p>\n<p>&nbsp;<\/p>\n<h2><img loading=\"lazy\" decoding=\"async\" class=\" wp-image-92244 alignleft\" src=\"https:\/\/activeluxe-cosmetics.com\/hr\/wp-content\/uploads\/2024\/01\/Izdelek-brez-naslova-1-4-460x575.png\" alt=\"\" width=\"446\" height=\"558\" srcset=\"https:\/\/activeluxe-cosmetics.com\/hr\/wp-content\/uploads\/2024\/01\/Izdelek-brez-naslova-1-4-460x575.png 460w, https:\/\/activeluxe-cosmetics.com\/hr\/wp-content\/uploads\/2024\/01\/Izdelek-brez-naslova-1-4-819x1024.png 819w, https:\/\/activeluxe-cosmetics.com\/hr\/wp-content\/uploads\/2024\/01\/Izdelek-brez-naslova-1-4-768x960.png 768w, https:\/\/activeluxe-cosmetics.com\/hr\/wp-content\/uploads\/2024\/01\/Izdelek-brez-naslova-1-4-600x750.png 600w, https:\/\/activeluxe-cosmetics.com\/hr\/wp-content\/uploads\/2024\/01\/Izdelek-brez-naslova-1-4.png 1080w\" sizes=\"auto, (max-width: 446px) 100vw, 446px\" \/><strong>Aktivna njega brade zna\u010di njezin rast.<\/strong> Ali, i istovremenu njegu ko\u017eu ispod nje.<\/h2>\n<ul>\n<li id=\"tw-target-text\" class=\"tw-data-text tw-text-large tw-ta\" dir=\"ltr\" data-placeholder=\"Translation\" data-ved=\"2ahUKEwiP1PmCmuyEAxUa_7sIHcJ3BoUQ3ewLegQIBRAU\"><span class=\"Y2IQFc\" lang=\"hr\">Prvo izmasirajte bradu derma rollerom. Svojim <strong>mikroiglicama<\/strong> izra\u0111enim od titana <strong>stimulira<\/strong> uspavane <strong>folikule<\/strong> dlake, regenerira i <strong>poti\u010de<\/strong> <strong>rast<\/strong> dla\u010dica, a ujedno ubrzava i pobolj\u0161ava upijanje seruma za rast brade u ko\u017eu, tako da isti djeluje intenzivnije. Derma roller prodire u dublje slojeve ko\u017ee u podru\u010dju brade i poti\u010de bolju prokrvljenost. Tako folikuli dlake dobivaju sve potrebne hranjive tvari za rast. Prije i nakon uporabe uvijek <strong>dezinficirajte derma<\/strong> <strong>roller<\/strong> prilo\u017eenim antibakterijskim sredstvom za \u010di\u0161\u0107enje. <\/span><\/li>\n<li class=\"tw-data-text tw-text-large tw-ta\" dir=\"ltr\" data-placeholder=\"Translation\" data-ved=\"2ahUKEwiP1PmCmuyEAxUa_7sIHcJ3BoUQ3ewLegQIBRAU\"><span class=\"Y2IQFc\" lang=\"hr\">Nastavite s Active Luxe <strong>serumom<\/strong> za rast brade. Serum dokazano daje puniju bradu <strong>ja\u010daju\u0107i pojedina\u010dne<\/strong> <strong>dlake<\/strong> iznutra prema van i pove\u0107avaju\u0107i debljinu brade. Djeluje izravno na <strong>folikularnu<\/strong> <strong>disfunkciju<\/strong> (o\u017eivljava folikule dlake) i tako osigurava br\u017ei rast kose i rast nove kose. Redovitim kori\u0161tenjem va\u0161a \u0107e brada biti vidljivo gu\u0161\u0107a, punija i <strong>ravnomjerno<\/strong> <strong>dlakava<\/strong>. Napredna formula djeluje kao prirodni stimulator rasta, kao hranjiva tvar za kosu i gradivni element za bolju strukturu kose. Kombinacija aktivnih sastojaka hidratizira bradu i ko\u017eu ispod nje, hrani je i sprje\u010dava neugodan svrbe\u017e.<\/span><\/li>\n<\/ul>\n<p>&nbsp;<\/p>\n<p>&nbsp;<\/p>\n<h3 style=\"clear: both; max-width: 820px;\"><\/h3>\n<div style=\"display: flex; align-items: center; gap: 20px; flex-wrap: wrap;\">\n<p style=\"max-width: 360px;\">\n<\/div>\n","protected":false},"excerpt":{"rendered":"<p>Blagdansko iznena\u0111enje za svakog ljubitelja brade \u2013 set uklju\u010duje serum za rast brade i dermaroller, dostupan u razli\u010ditim militra\u017eama.<\/p>\n","protected":false},"featured_media":82194,"comment_status":"open","ping_status":"closed","template":"","meta":[],"product_brand":[],"product_cat":[107,110,42],"product_tag":[],"class_list":{"0":"post-72439","1":"product","2":"type-product","3":"status-publish","4":"has-post-thumbnail","6":"product_cat-brada","7":"product_cat-setovi-muskarci","8":"product_cat-muskarci","10":"first","11":"instock","12":"sale","13":"taxable","14":"shipping-taxable","15":"purchasable","16":"product-type-variable"},"bundled_by":[],"bundle_stock_status":"instock","bundle_stock_quantity":null,"bundle_virtual":false,"bundle_layout":"","bundle_add_to_cart_form_location":"","bundle_editable_in_cart":false,"bundle_sold_individually_context":"","bundle_item_grouping":"","bundle_min_size":"","bundle_max_size":"","bundled_items":[],"acf":[],"yoast_head":"<!-- This site is optimized with the Yoast SEO plugin v26.5 - https:\/\/yoast.com\/wordpress\/plugins\/seo\/ -->\n<title>Active Luxe Cosmetics set za rast brade<\/title>\n<meta name=\"description\" content=\"Neka brada raste ravnomjerno i gusto. Set sadr\u017ei serum za rast brade, kao i derma roller. Potakni cirkulaciju krivi, probudi folikule dlake.\" \/>\n<meta name=\"robots\" content=\"index, follow, max-snippet:-1, max-image-preview:large, max-video-preview:-1\" \/>\n<link rel=\"canonical\" href=\"https:\/\/activeluxe-cosmetics.com\/hr\/proizvod\/set-za-rast-brade\/\" \/>\n<meta property=\"og:locale\" content=\"hr_HR\" \/>\n<meta property=\"og:type\" content=\"article\" \/>\n<meta property=\"og:title\" content=\"Active Luxe Cosmetics set za rast brade\" \/>\n<meta property=\"og:description\" content=\"Neka brada raste ravnomjerno i gusto. Set sadr\u017ei serum za rast brade, kao i derma roller. Potakni cirkulaciju krivi, probudi folikule dlake.\" \/>\n<meta property=\"og:url\" content=\"https:\/\/activeluxe-cosmetics.com\/hr\/proizvod\/set-za-rast-brade\/\" \/>\n<meta property=\"og:site_name\" content=\"Active Luxe Cosmetics\" \/>\n<meta property=\"article:modified_time\" content=\"2026-04-01T06:31:59+00:00\" \/>\n<meta property=\"og:image\" content=\"https:\/\/activeluxe-cosmetics.com\/hr\/wp-content\/uploads\/2024\/01\/ACTIVELUXEMAREC3-scaled.jpg\" \/>\n\t<meta property=\"og:image:width\" content=\"1706\" \/>\n\t<meta property=\"og:image:height\" content=\"2560\" \/>\n\t<meta property=\"og:image:type\" content=\"image\/jpeg\" \/>\n<meta name=\"twitter:card\" content=\"summary_large_image\" \/>\n<meta name=\"twitter:label1\" content=\"Procijenjeno vrijeme \u010ditanja\" \/>\n\t<meta name=\"twitter:data1\" content=\"3 minute\" \/>\n<script type=\"application\/ld+json\" class=\"yoast-schema-graph\">{\"@context\":\"https:\/\/schema.org\",\"@graph\":[{\"@type\":\"WebPage\",\"@id\":\"https:\/\/activeluxe-cosmetics.com\/hr\/proizvod\/set-za-rast-brade\/\",\"url\":\"https:\/\/activeluxe-cosmetics.com\/hr\/proizvod\/set-za-rast-brade\/\",\"name\":\"Active Luxe Cosmetics set za rast brade\",\"isPartOf\":{\"@id\":\"https:\/\/activeluxe-cosmetics.com\/hr\/#website\"},\"primaryImageOfPage\":{\"@id\":\"https:\/\/activeluxe-cosmetics.com\/hr\/proizvod\/set-za-rast-brade\/#primaryimage\"},\"image\":{\"@id\":\"https:\/\/activeluxe-cosmetics.com\/hr\/proizvod\/set-za-rast-brade\/#primaryimage\"},\"thumbnailUrl\":\"https:\/\/activeluxe-cosmetics.com\/hr\/wp-content\/uploads\/2024\/01\/ACTIVELUXEMAREC3-scaled.jpg\",\"datePublished\":\"2024-01-10T14:21:29+00:00\",\"dateModified\":\"2026-04-01T06:31:59+00:00\",\"description\":\"Neka brada raste ravnomjerno i gusto. Set sadr\u017ei serum za rast brade, kao i derma roller. Potakni cirkulaciju krivi, probudi folikule dlake.\",\"breadcrumb\":{\"@id\":\"https:\/\/activeluxe-cosmetics.com\/hr\/proizvod\/set-za-rast-brade\/#breadcrumb\"},\"inLanguage\":\"hr\",\"potentialAction\":[{\"@type\":\"ReadAction\",\"target\":[\"https:\/\/activeluxe-cosmetics.com\/hr\/proizvod\/set-za-rast-brade\/\"]}]},{\"@type\":\"ImageObject\",\"inLanguage\":\"hr\",\"@id\":\"https:\/\/activeluxe-cosmetics.com\/hr\/proizvod\/set-za-rast-brade\/#primaryimage\",\"url\":\"https:\/\/activeluxe-cosmetics.com\/hr\/wp-content\/uploads\/2024\/01\/ACTIVELUXEMAREC3-scaled.jpg\",\"contentUrl\":\"https:\/\/activeluxe-cosmetics.com\/hr\/wp-content\/uploads\/2024\/01\/ACTIVELUXEMAREC3-scaled.jpg\",\"width\":1706,\"height\":2560},{\"@type\":\"BreadcrumbList\",\"@id\":\"https:\/\/activeluxe-cosmetics.com\/hr\/proizvod\/set-za-rast-brade\/#breadcrumb\",\"itemListElement\":[{\"@type\":\"ListItem\",\"position\":1,\"name\":\"Naslovnica\",\"item\":\"https:\/\/activeluxe-cosmetics.com\/hr\/\"},{\"@type\":\"ListItem\",\"position\":2,\"name\":\"Trgovina\",\"item\":\"https:\/\/activeluxe-cosmetics.com\/hr\/trgovina\/\"},{\"@type\":\"ListItem\",\"position\":3,\"name\":\"Set za sna\u017enu i gustu bradu\"}]},{\"@type\":\"WebSite\",\"@id\":\"https:\/\/activeluxe-cosmetics.com\/hr\/#website\",\"url\":\"https:\/\/activeluxe-cosmetics.com\/hr\/\",\"name\":\"Active Luxe Cosmetics\",\"description\":\"\",\"potentialAction\":[{\"@type\":\"SearchAction\",\"target\":{\"@type\":\"EntryPoint\",\"urlTemplate\":\"https:\/\/activeluxe-cosmetics.com\/hr\/?s={search_term_string}\"},\"query-input\":{\"@type\":\"PropertyValueSpecification\",\"valueRequired\":true,\"valueName\":\"search_term_string\"}}],\"inLanguage\":\"hr\"}]}<\/script>\n<!-- \/ Yoast SEO plugin. -->","yoast_head_json":{"title":"Active Luxe Cosmetics set za rast brade","description":"Neka brada raste ravnomjerno i gusto. Set sadr\u017ei serum za rast brade, kao i derma roller. Potakni cirkulaciju krivi, probudi folikule dlake.","robots":{"index":"index","follow":"follow","max-snippet":"max-snippet:-1","max-image-preview":"max-image-preview:large","max-video-preview":"max-video-preview:-1"},"canonical":"https:\/\/activeluxe-cosmetics.com\/hr\/proizvod\/set-za-rast-brade\/","og_locale":"hr_HR","og_type":"article","og_title":"Active Luxe Cosmetics set za rast brade","og_description":"Neka brada raste ravnomjerno i gusto. Set sadr\u017ei serum za rast brade, kao i derma roller. Potakni cirkulaciju krivi, probudi folikule dlake.","og_url":"https:\/\/activeluxe-cosmetics.com\/hr\/proizvod\/set-za-rast-brade\/","og_site_name":"Active Luxe Cosmetics","article_modified_time":"2026-04-01T06:31:59+00:00","og_image":[{"width":1706,"height":2560,"url":"https:\/\/activeluxe-cosmetics.com\/hr\/wp-content\/uploads\/2024\/01\/ACTIVELUXEMAREC3-scaled.jpg","type":"image\/jpeg"}],"twitter_card":"summary_large_image","twitter_misc":{"Procijenjeno vrijeme \u010ditanja":"3 minute"},"schema":{"@context":"https:\/\/schema.org","@graph":[{"@type":"WebPage","@id":"https:\/\/activeluxe-cosmetics.com\/hr\/proizvod\/set-za-rast-brade\/","url":"https:\/\/activeluxe-cosmetics.com\/hr\/proizvod\/set-za-rast-brade\/","name":"Active Luxe Cosmetics set za rast brade","isPartOf":{"@id":"https:\/\/activeluxe-cosmetics.com\/hr\/#website"},"primaryImageOfPage":{"@id":"https:\/\/activeluxe-cosmetics.com\/hr\/proizvod\/set-za-rast-brade\/#primaryimage"},"image":{"@id":"https:\/\/activeluxe-cosmetics.com\/hr\/proizvod\/set-za-rast-brade\/#primaryimage"},"thumbnailUrl":"https:\/\/activeluxe-cosmetics.com\/hr\/wp-content\/uploads\/2024\/01\/ACTIVELUXEMAREC3-scaled.jpg","datePublished":"2024-01-10T14:21:29+00:00","dateModified":"2026-04-01T06:31:59+00:00","description":"Neka brada raste ravnomjerno i gusto. Set sadr\u017ei serum za rast brade, kao i derma roller. Potakni cirkulaciju krivi, probudi folikule dlake.","breadcrumb":{"@id":"https:\/\/activeluxe-cosmetics.com\/hr\/proizvod\/set-za-rast-brade\/#breadcrumb"},"inLanguage":"hr","potentialAction":[{"@type":"ReadAction","target":["https:\/\/activeluxe-cosmetics.com\/hr\/proizvod\/set-za-rast-brade\/"]}]},{"@type":"ImageObject","inLanguage":"hr","@id":"https:\/\/activeluxe-cosmetics.com\/hr\/proizvod\/set-za-rast-brade\/#primaryimage","url":"https:\/\/activeluxe-cosmetics.com\/hr\/wp-content\/uploads\/2024\/01\/ACTIVELUXEMAREC3-scaled.jpg","contentUrl":"https:\/\/activeluxe-cosmetics.com\/hr\/wp-content\/uploads\/2024\/01\/ACTIVELUXEMAREC3-scaled.jpg","width":1706,"height":2560},{"@type":"BreadcrumbList","@id":"https:\/\/activeluxe-cosmetics.com\/hr\/proizvod\/set-za-rast-brade\/#breadcrumb","itemListElement":[{"@type":"ListItem","position":1,"name":"Naslovnica","item":"https:\/\/activeluxe-cosmetics.com\/hr\/"},{"@type":"ListItem","position":2,"name":"Trgovina","item":"https:\/\/activeluxe-cosmetics.com\/hr\/trgovina\/"},{"@type":"ListItem","position":3,"name":"Set za sna\u017enu i gustu bradu"}]},{"@type":"WebSite","@id":"https:\/\/activeluxe-cosmetics.com\/hr\/#website","url":"https:\/\/activeluxe-cosmetics.com\/hr\/","name":"Active Luxe Cosmetics","description":"","potentialAction":[{"@type":"SearchAction","target":{"@type":"EntryPoint","urlTemplate":"https:\/\/activeluxe-cosmetics.com\/hr\/?s={search_term_string}"},"query-input":{"@type":"PropertyValueSpecification","valueRequired":true,"valueName":"search_term_string"}}],"inLanguage":"hr"}]}},"_links":{"self":[{"href":"https:\/\/activeluxe-cosmetics.com\/hr\/wp-json\/wp\/v2\/product\/72439","targetHints":{"allow":["GET"]}}],"collection":[{"href":"https:\/\/activeluxe-cosmetics.com\/hr\/wp-json\/wp\/v2\/product"}],"about":[{"href":"https:\/\/activeluxe-cosmetics.com\/hr\/wp-json\/wp\/v2\/types\/product"}],"replies":[{"embeddable":true,"href":"https:\/\/activeluxe-cosmetics.com\/hr\/wp-json\/wp\/v2\/comments?post=72439"}],"wp:featuredmedia":[{"embeddable":true,"href":"https:\/\/activeluxe-cosmetics.com\/hr\/wp-json\/wp\/v2\/media\/82194"}],"wp:attachment":[{"href":"https:\/\/activeluxe-cosmetics.com\/hr\/wp-json\/wp\/v2\/media?parent=72439"}],"wp:term":[{"taxonomy":"product_brand","embeddable":true,"href":"https:\/\/activeluxe-cosmetics.com\/hr\/wp-json\/wp\/v2\/product_brand?post=72439"},{"taxonomy":"product_cat","embeddable":true,"href":"https:\/\/activeluxe-cosmetics.com\/hr\/wp-json\/wp\/v2\/product_cat?post=72439"},{"taxonomy":"product_tag","embeddable":true,"href":"https:\/\/activeluxe-cosmetics.com\/hr\/wp-json\/wp\/v2\/product_tag?post=72439"}],"curies":[{"name":"wp","href":"https:\/\/api.w.org\/{rel}","templated":true}]}}