{"id":72424,"date":"2024-01-10T15:21:18","date_gmt":"2024-01-10T14:21:18","guid":{"rendered":"https:\/\/activeluxe-cosmetics.com\/hr\/?post_type=product&#038;p=72424"},"modified":"2026-01-05T14:11:34","modified_gmt":"2026-01-05T14:11:34","slug":"set-protiv-intenzivnog-ispadanja-kose","status":"publish","type":"product","link":"https:\/\/activeluxe-cosmetics.com\/hr\/proizvod\/set-protiv-intenzivnog-ispadanja-kose\/","title":{"rendered":"Set protiv intenzivnog ispadanja kose"},"content":{"rendered":"<p><img loading=\"lazy\" decoding=\"async\" class=\"wp-image-82454 size-medium alignright\" src=\"https:\/\/activeluxe-cosmetics.com\/hr\/wp-content\/uploads\/2024\/01\/Izdelek-brez-naslova-81-1-600x750-1-460x575.png\" alt=\"\" width=\"460\" height=\"575\" srcset=\"https:\/\/activeluxe-cosmetics.com\/hr\/wp-content\/uploads\/2024\/01\/Izdelek-brez-naslova-81-1-600x750-1-460x575.png 460w, https:\/\/activeluxe-cosmetics.com\/hr\/wp-content\/uploads\/2024\/01\/Izdelek-brez-naslova-81-1-600x750-1.png 600w\" sizes=\"auto, (max-width: 460px) 100vw, 460px\" \/><\/p>\n<h2>Set koji aktivira <strong>ponovni<\/strong> <strong>rast<\/strong> <strong>kose<\/strong><\/h2>\n<p id=\"tw-target-text\" class=\"tw-data-text tw-text-large tw-ta\" dir=\"ltr\" data-placeholder=\"Translation\" aria-label=\"Translated text\" data-ved=\"2ahUKEwjkwsmJ_Y6FAxXRBNsEHR-dDPwQ3ewLegQIBRAU\"><span class=\"Y2IQFc\" lang=\"hr\">Ako ste <strong>\u0161okirani<\/strong> <strong>koli\u010dinom<\/strong> <strong>kose<\/strong> koja ispada pri svakom pranju, postoji rje\u0161enje! <\/span><\/p>\n<p class=\"tw-data-text tw-text-large tw-ta\" dir=\"ltr\" data-placeholder=\"Translation\" aria-label=\"Translated text\" data-ved=\"2ahUKEwjkwsmJ_Y6FAxXRBNsEHR-dDPwQ3ewLegQIBRAU\"><span class=\"Y2IQFc\" lang=\"hr\">Mo\u017eete ga prona\u0107i u setu koji aktivno zadr\u017eava kosu u korijenu <strong>folikule<\/strong> <strong>dlake<\/strong> i poti\u010de rast nove kose. Mo\u017eete birati izme\u0111u tri razli\u010dita paketa: <\/span><span class=\"Y2IQFc\" lang=\"hr\">za <strong>40 dana kori\u0161tenja<\/strong>, <strong>4 mjeseca<\/strong> ili <strong>6,5 mjeseci<\/strong> kori\u0161tenja:<\/span><\/p>\n<ul>\n<li class=\"tw-data-text tw-text-large tw-ta\" dir=\"ltr\" data-placeholder=\"Translation\" aria-label=\"Translated text\" data-ved=\"2ahUKEwjkwsmJ_Y6FAxXRBNsEHR-dDPwQ3ewLegQIBRAU\"><span class=\"Y2IQFc\" lang=\"hr\"><strong>Set za 40 dana kori\u0161tenja<\/strong> sadr\u017ei \u0161ampon protiv ispadanja kose (250 ml), serum za rast kose (15 ml), derma roller i cleanser za derma roller. <\/span><\/li>\n<li class=\"tw-data-text tw-text-large tw-ta\" dir=\"ltr\" data-placeholder=\"Translation\" aria-label=\"Translated text\" data-ved=\"2ahUKEwjkwsmJ_Y6FAxXRBNsEHR-dDPwQ3ewLegQIBRAU\"><span class=\"Y2IQFc\" lang=\"hr\"><strong>Set za 120 dana kori\u0161tenja<\/strong> sadr\u017ei \u0161ampon protiv opadanja kose (250 ml), serum za rast kose (15 ml), derma roller, cleanser za derma roller + 2 dodatna seruma za rast kose od 15 ml. <\/span><\/li>\n<li class=\"tw-data-text tw-text-large tw-ta\" dir=\"ltr\" data-placeholder=\"Translation\" aria-label=\"Translated text\" data-ved=\"2ahUKEwjkwsmJ_Y6FAxXRBNsEHR-dDPwQ3ewLegQIBRAU\"><span class=\"Y2IQFc\" lang=\"hr\"><strong>Set za 200 dana kori\u0161tenja<\/strong> sadr\u017ei \u0161ampon protiv opadanja kose (250 ml), serum za rast kose (15 ml), derma roller, cleanser za derma roller + 4 dodatna seruma za rast kose od 15 ml<\/span><\/li>\n<\/ul>\n<h2 style=\"text-align: center; clear: both;\"><\/h2>\n<p>&nbsp;<\/p>\n<p>&nbsp;<\/p>\n<h2><img loading=\"lazy\" decoding=\"async\" class=\"wp-image-82455 size-medium alignleft\" src=\"https:\/\/activeluxe-cosmetics.com\/hr\/wp-content\/uploads\/2024\/01\/Izdelek-brez-naslova-68-2-600x750-1-460x575.png\" alt=\"\" width=\"460\" height=\"575\" srcset=\"https:\/\/activeluxe-cosmetics.com\/hr\/wp-content\/uploads\/2024\/01\/Izdelek-brez-naslova-68-2-600x750-1-460x575.png 460w, https:\/\/activeluxe-cosmetics.com\/hr\/wp-content\/uploads\/2024\/01\/Izdelek-brez-naslova-68-2-600x750-1.png 600w\" sizes=\"auto, (max-width: 460px) 100vw, 460px\" \/>Na\u0161a <strong>preporuka<\/strong><\/h2>\n<p id=\"tw-target-text\" class=\"tw-data-text tw-text-large tw-ta\" dir=\"ltr\" data-placeholder=\"Translation\" aria-label=\"Translated text\" data-ved=\"2ahUKEwjkwsmJ_Y6FAxXRBNsEHR-dDPwQ3ewLegQIBRAU\"><span class=\"Y2IQFc\" lang=\"hr\">U slu\u010daju <strong>intenzivnog<\/strong> <strong>ispadanja<\/strong> <strong>kose<\/strong> preporu\u010damo set za minimalno<strong> 120 dana kori\u0161tenja<\/strong> u kojem \u0107ete dobiti \u0161ampon protiv opadanja kose, derma roller i 3 seruma za rast kose. <\/span><\/p>\n<ul>\n<li class=\"tw-data-text tw-text-large tw-ta\" dir=\"ltr\" data-placeholder=\"Translation\" aria-label=\"Translated text\" data-ved=\"2ahUKEwjkwsmJ_Y6FAxXRBNsEHR-dDPwQ3ewLegQIBRAU\"><span class=\"Y2IQFc\" lang=\"hr\">Nanesite serum za rast kose svaku ve\u010der (barem 120 dana). Nje\u017eno ga <strong>umasirajte<\/strong> u tjeme, bez utrljavanja i ne ispirajte. Mo\u017eete nanijeti na suhu ili mokru kosu. Nakon zavr\u0161etka 120-dnevnog tretmana, nanesite ga svaka<strong> 2 ili 3 dana za odr\u017eavanje rezultata.<\/strong><\/span><\/li>\n<li class=\"tw-data-text tw-text-large tw-ta\" dir=\"ltr\" data-placeholder=\"Translation\" aria-label=\"Translated text\" data-ved=\"2ahUKEwjkwsmJ_Y6FAxXRBNsEHR-dDPwQ3ewLegQIBRAU\">\u0160ampon koristite 2x do 3x tjedno. Nanesite malu koli\u010dinu \u0161ampona na mokru kosu, zapjenite i nje\u017eno umasirajte, bez trljanja. Ostavite na kosi 1 do 2 minute i isperite <strong>mlakom<\/strong> <strong>vodom<\/strong>.<\/li>\n<li class=\"tw-data-text tw-text-large tw-ta\" dir=\"ltr\" data-placeholder=\"Translation\" aria-label=\"Translated text\" data-ved=\"2ahUKEwjkwsmJ_Y6FAxXRBNsEHR-dDPwQ3ewLegQIBRAU\">Za jo\u0161 br\u017ee i u\u010dinkovitije djelovanje seruma i \u0161ampona preporu\u010damo kori\u0161tenje <strong>derma rollera za masa\u017eu vlasi\u0161ta.<\/strong> Derma roller aktivira folikule dlake i omogu\u0107uje serumu da prodre dublje i tako maksimalno djeluje na samu folikul dlake.<\/li>\n<\/ul>\n<h3 style=\"clear: both; max-width: 820px;\"><\/h3>\n<h2>Tri faze <strong>rasta<\/strong> <strong>dlake<\/strong><img loading=\"lazy\" decoding=\"async\" class=\"size-medium wp-image-82456 alignright\" src=\"https:\/\/activeluxe-cosmetics.com\/hr\/wp-content\/uploads\/2024\/01\/Group-344-2-1-460x584.jpg\" alt=\"\" width=\"460\" height=\"584\" srcset=\"https:\/\/activeluxe-cosmetics.com\/hr\/wp-content\/uploads\/2024\/01\/Group-344-2-1-460x584.jpg 460w, https:\/\/activeluxe-cosmetics.com\/hr\/wp-content\/uploads\/2024\/01\/Group-344-2-1.jpg 581w\" sizes=\"auto, (max-width: 460px) 100vw, 460px\" \/><\/h2>\n<p id=\"tw-target-text\" class=\"tw-data-text tw-text-large tw-ta\" dir=\"ltr\" data-placeholder=\"Translation\" aria-label=\"Translated text\" data-ved=\"2ahUKEwjkwsmJ_Y6FAxXRBNsEHR-dDPwQ3ewLegQIBRAU\"><span class=\"Y2IQFc\" lang=\"hr\">Da bismo razumjeli uzroke gubitka kose, moramo razumjeti <strong>ciklus<\/strong> <strong>rasta<\/strong> <strong>kose<\/strong>. Kosa prolazi kroz tri faze rasta: <\/span><\/p>\n<ul>\n<li class=\"tw-data-text tw-text-large tw-ta\" dir=\"ltr\" data-placeholder=\"Translation\" aria-label=\"Translated text\" data-ved=\"2ahUKEwjkwsmJ_Y6FAxXRBNsEHR-dDPwQ3ewLegQIBRAU\"><span class=\"Y2IQFc\" lang=\"hr\"><strong>Anagena<\/strong> <strong>faza<\/strong> je faza rasta kose koja traje 2 do 6 godina. U ovoj fazi kosa je jaka i ne ispada spontano. <\/span><\/li>\n<li class=\"tw-data-text tw-text-large tw-ta\" dir=\"ltr\" data-placeholder=\"Translation\" aria-label=\"Translated text\" data-ved=\"2ahUKEwjkwsmJ_Y6FAxXRBNsEHR-dDPwQ3ewLegQIBRAU\"><span class=\"Y2IQFc\" lang=\"hr\"><strong>Katagena<\/strong> <strong>faza<\/strong> je faza mirovanja u kojoj kosa prestaje rasti. Traje od 1 do 3 tjedna. <\/span><\/li>\n<li class=\"tw-data-text tw-text-large tw-ta\" dir=\"ltr\" data-placeholder=\"Translation\" aria-label=\"Translated text\" data-ved=\"2ahUKEwjkwsmJ_Y6FAxXRBNsEHR-dDPwQ3ewLegQIBRAU\"><span class=\"Y2IQFc\" lang=\"hr\"><strong>Telogena<\/strong> <strong>faza<\/strong> je faza ispadanja, u kojoj folikul dlake odumire, kosa vi\u0161e nema potporu i lako ispada. Ova faza traje 2 do 4 mjeseca. U fazi ispadanja, serum za rast kose po\u010dinje <strong>aktivirati<\/strong> <strong>aktivne<\/strong> i <strong>uspavane<\/strong> folikule dlake, kako bi one \u0161to br\u017ee pre\u0161le u fazu rasta i produ\u017eile je. Stoga je za prve vidljive rezultate rasta kose potrebna svakodnevna primjena seruma tijekom <strong>najmanje 120 dana ili 4 mjeseca<\/strong> (za to vrijeme kosa prolazi kroz fazu opadanja).<\/span><\/li>\n<\/ul>\n<h2><\/h2>\n<p>&nbsp;<\/p>\n<p>&nbsp;<\/p>\n<p>&nbsp;<\/p>\n<p>&nbsp;<\/p>\n<p>&nbsp;<\/p>\n<p>&nbsp;<\/p>\n<h2><img loading=\"lazy\" decoding=\"async\" class=\"size-medium wp-image-88047 alignleft\" src=\"https:\/\/activeluxe-cosmetics.com\/hr\/wp-content\/uploads\/2024\/10\/alc_hairgrowthshampoo-819x1024-1-460x575.png\" alt=\"\" width=\"460\" height=\"575\" srcset=\"https:\/\/activeluxe-cosmetics.com\/hr\/wp-content\/uploads\/2024\/10\/alc_hairgrowthshampoo-819x1024-1-460x575.png 460w, https:\/\/activeluxe-cosmetics.com\/hr\/wp-content\/uploads\/2024\/10\/alc_hairgrowthshampoo-819x1024-1-768x960.png 768w, https:\/\/activeluxe-cosmetics.com\/hr\/wp-content\/uploads\/2024\/10\/alc_hairgrowthshampoo-819x1024-1-600x750.png 600w, https:\/\/activeluxe-cosmetics.com\/hr\/wp-content\/uploads\/2024\/10\/alc_hairgrowthshampoo-819x1024-1.png 819w\" sizes=\"auto, (max-width: 460px) 100vw, 460px\" \/><\/h2>\n<h2>Pravilno <strong>kori\u0161tenje<\/strong><\/h2>\n<ul>\n<li id=\"tw-target-text\" class=\"tw-data-text tw-text-large tw-ta\" dir=\"ltr\" data-placeholder=\"Translation\" aria-label=\"Translated text\" data-ved=\"2ahUKEwjkwsmJ_Y6FAxXRBNsEHR-dDPwQ3ewLegQIBRAU\"><span class=\"Y2IQFc\" lang=\"hr\">Najprije koristite<strong> Active Luxe \u0161ampon<\/strong> koji od prvog dana kori\u0161tenja o\u017eivljava folikule kose i poti\u010de prokrvljenost vlasi\u0161ta, sve do korijena ili donosi vi\u0161e hranjivih tvari u folikule dlake. <\/span><\/li>\n<\/ul>\n<p class=\"tw-data-text tw-text-large tw-ta\" dir=\"ltr\" data-placeholder=\"Translation\" aria-label=\"Translated text\" data-ved=\"2ahUKEwjkwsmJ_Y6FAxXRBNsEHR-dDPwQ3ewLegQIBRAU\"><span class=\"Y2IQFc\" lang=\"hr\"><strong>Usporava<\/strong> <strong>starenje<\/strong> i <strong>odumiranje<\/strong> <strong>folikula<\/strong> <strong>dlake<\/strong> te vidljivo ja\u010da korijen kose i strukturu kose. <\/span><\/p>\n<ul>\n<li class=\"tw-data-text tw-text-large tw-ta\" dir=\"ltr\" data-placeholder=\"Translation\" aria-label=\"Translated text\" data-ved=\"2ahUKEwjkwsmJ_Y6FAxXRBNsEHR-dDPwQ3ewLegQIBRAU\"><span class=\"Y2IQFc\" lang=\"hr\">Nastavite s<strong> Active Luxe derma rollerom<\/strong> kojim \u0107ete dubinski izmasirati i prokrviti vlasi\u0161te. Derma roller stimulira uspavane folikule dlake, regenerira folikule dlake, poti\u010de ponovni rast dla\u010dica, a ujedno ubrzava i pobolj\u0161ava upijanje kozmeti\u010dkih proizvoda za kosu u ko\u017eu. <\/span><\/li>\n<li class=\"tw-data-text tw-text-large tw-ta\" dir=\"ltr\" data-placeholder=\"Translation\" aria-label=\"Translated text\" data-ved=\"2ahUKEwjkwsmJ_Y6FAxXRBNsEHR-dDPwQ3ewLegQIBRAU\"><span class=\"Y2IQFc\" lang=\"hr\">Sljede\u0107i korak je <strong>Active Luxe serum za rast kose<\/strong>. Tako\u0111er je odli\u010dan za sve koji se ve\u0107 bore s <strong>\u0107elavo\u0161\u0107u<\/strong> ili <strong>kru\u017enim<\/strong> <strong>gubitkom<\/strong> <strong>kose<\/strong>. Serum djeluje izravno na folikularnu disfunkciju. Sinergijom visoko u\u010dinkovitih sastojaka i \u010dak dvije napredne formule, intenzivno djeluje na rast nove kose na stani\u010dnoj razini bez nuspojava. <strong>Obnavlja stanice kose, o\u017eivljava folikul dlake i poti\u010de rast kose.<\/strong> S antioksidativnim i hidratantnim tvarima ja\u010da strukturu korijena kose, \u010dime korijen ja\u010da, sprje\u010dava gubitak, lomljenje i stanjivanje kose.<\/span><\/li>\n<\/ul>\n<p>&nbsp;<\/p>\n","protected":false},"excerpt":{"rendered":"<p>Set koji sadr\u017ei: serum protiv ispadanja kose, \u0161ampon za rast kose, derma-roller i antibakterijski sprej za \u010di\u0161\u0107enje derma-rollera .<\/p>\n","protected":false},"featured_media":89078,"comment_status":"open","ping_status":"closed","template":"","meta":[],"product_brand":[],"product_cat":[100,110,53,42],"product_tag":[],"class_list":{"0":"post-72424","1":"product","2":"type-product","3":"status-publish","4":"has-post-thumbnail","6":"product_cat-setovi-kosa","7":"product_cat-setovi-muskarci","8":"product_cat-kosa","9":"product_cat-muskarci","11":"first","12":"instock","13":"sale","14":"taxable","15":"shipping-taxable","16":"purchasable","17":"product-type-variable"},"bundled_by":[],"bundle_stock_status":"instock","bundle_stock_quantity":null,"bundle_virtual":false,"bundle_layout":"","bundle_add_to_cart_form_location":"","bundle_editable_in_cart":false,"bundle_sold_individually_context":"","bundle_item_grouping":"","bundle_min_size":"","bundle_max_size":"","bundled_items":[],"acf":[],"yoast_head":"<!-- This site is optimized with the Yoast SEO plugin v26.5 - https:\/\/yoast.com\/wordpress\/plugins\/seo\/ -->\n<title>Active Luxe Cosmetics set protiv intenzivnog ispadanja kose<\/title>\n<meta name=\"description\" content=\"Za 40 dana upotrebe, za 4 mjeseca upotrebe i za 6 i pol mjeseci upotrebe: \u0161ampon protiv ispadanja kose, serum za rast kose i derma roller za vlasi\u0161te.\" \/>\n<meta name=\"robots\" content=\"index, follow, max-snippet:-1, max-image-preview:large, max-video-preview:-1\" \/>\n<link rel=\"canonical\" href=\"https:\/\/activeluxe-cosmetics.com\/hr\/proizvod\/set-protiv-intenzivnog-ispadanja-kose\/\" \/>\n<meta property=\"og:locale\" content=\"hr_HR\" \/>\n<meta property=\"og:type\" content=\"article\" \/>\n<meta property=\"og:title\" content=\"Active Luxe Cosmetics set protiv intenzivnog ispadanja kose\" \/>\n<meta property=\"og:description\" content=\"Za 40 dana upotrebe, za 4 mjeseca upotrebe i za 6 i pol mjeseci upotrebe: \u0161ampon protiv ispadanja kose, serum za rast kose i derma roller za vlasi\u0161te.\" \/>\n<meta property=\"og:url\" content=\"https:\/\/activeluxe-cosmetics.com\/hr\/proizvod\/set-protiv-intenzivnog-ispadanja-kose\/\" \/>\n<meta property=\"og:site_name\" content=\"Active Luxe Cosmetics\" \/>\n<meta property=\"article:modified_time\" content=\"2026-01-05T14:11:34+00:00\" \/>\n<meta property=\"og:image\" content=\"https:\/\/activeluxe-cosmetics.com\/hr\/wp-content\/uploads\/2024\/01\/44_Bundle_ShampooSerumCleanserRoller-1.jpg\" \/>\n\t<meta property=\"og:image:width\" content=\"1104\" \/>\n\t<meta property=\"og:image:height\" content=\"1326\" \/>\n\t<meta property=\"og:image:type\" content=\"image\/jpeg\" \/>\n<meta name=\"twitter:card\" content=\"summary_large_image\" \/>\n<meta name=\"twitter:label1\" content=\"Procijenjeno vrijeme \u010ditanja\" \/>\n\t<meta name=\"twitter:data1\" content=\"5 minuta\" \/>\n<script type=\"application\/ld+json\" class=\"yoast-schema-graph\">{\"@context\":\"https:\/\/schema.org\",\"@graph\":[{\"@type\":\"WebPage\",\"@id\":\"https:\/\/activeluxe-cosmetics.com\/hr\/proizvod\/set-protiv-intenzivnog-ispadanja-kose\/\",\"url\":\"https:\/\/activeluxe-cosmetics.com\/hr\/proizvod\/set-protiv-intenzivnog-ispadanja-kose\/\",\"name\":\"Active Luxe Cosmetics set protiv intenzivnog ispadanja kose\",\"isPartOf\":{\"@id\":\"https:\/\/activeluxe-cosmetics.com\/hr\/#website\"},\"primaryImageOfPage\":{\"@id\":\"https:\/\/activeluxe-cosmetics.com\/hr\/proizvod\/set-protiv-intenzivnog-ispadanja-kose\/#primaryimage\"},\"image\":{\"@id\":\"https:\/\/activeluxe-cosmetics.com\/hr\/proizvod\/set-protiv-intenzivnog-ispadanja-kose\/#primaryimage\"},\"thumbnailUrl\":\"https:\/\/activeluxe-cosmetics.com\/hr\/wp-content\/uploads\/2024\/01\/44_Bundle_ShampooSerumCleanserRoller-1.jpg\",\"datePublished\":\"2024-01-10T14:21:18+00:00\",\"dateModified\":\"2026-01-05T14:11:34+00:00\",\"description\":\"Za 40 dana upotrebe, za 4 mjeseca upotrebe i za 6 i pol mjeseci upotrebe: \u0161ampon protiv ispadanja kose, serum za rast kose i derma roller za vlasi\u0161te.\",\"breadcrumb\":{\"@id\":\"https:\/\/activeluxe-cosmetics.com\/hr\/proizvod\/set-protiv-intenzivnog-ispadanja-kose\/#breadcrumb\"},\"inLanguage\":\"hr\",\"potentialAction\":[{\"@type\":\"ReadAction\",\"target\":[\"https:\/\/activeluxe-cosmetics.com\/hr\/proizvod\/set-protiv-intenzivnog-ispadanja-kose\/\"]}]},{\"@type\":\"ImageObject\",\"inLanguage\":\"hr\",\"@id\":\"https:\/\/activeluxe-cosmetics.com\/hr\/proizvod\/set-protiv-intenzivnog-ispadanja-kose\/#primaryimage\",\"url\":\"https:\/\/activeluxe-cosmetics.com\/hr\/wp-content\/uploads\/2024\/01\/44_Bundle_ShampooSerumCleanserRoller-1.jpg\",\"contentUrl\":\"https:\/\/activeluxe-cosmetics.com\/hr\/wp-content\/uploads\/2024\/01\/44_Bundle_ShampooSerumCleanserRoller-1.jpg\",\"width\":1104,\"height\":1326},{\"@type\":\"BreadcrumbList\",\"@id\":\"https:\/\/activeluxe-cosmetics.com\/hr\/proizvod\/set-protiv-intenzivnog-ispadanja-kose\/#breadcrumb\",\"itemListElement\":[{\"@type\":\"ListItem\",\"position\":1,\"name\":\"Naslovnica\",\"item\":\"https:\/\/activeluxe-cosmetics.com\/hr\/\"},{\"@type\":\"ListItem\",\"position\":2,\"name\":\"Trgovina\",\"item\":\"https:\/\/activeluxe-cosmetics.com\/hr\/trgovina\/\"},{\"@type\":\"ListItem\",\"position\":3,\"name\":\"Set protiv intenzivnog ispadanja kose\"}]},{\"@type\":\"WebSite\",\"@id\":\"https:\/\/activeluxe-cosmetics.com\/hr\/#website\",\"url\":\"https:\/\/activeluxe-cosmetics.com\/hr\/\",\"name\":\"Active Luxe Cosmetics\",\"description\":\"\",\"potentialAction\":[{\"@type\":\"SearchAction\",\"target\":{\"@type\":\"EntryPoint\",\"urlTemplate\":\"https:\/\/activeluxe-cosmetics.com\/hr\/?s={search_term_string}\"},\"query-input\":{\"@type\":\"PropertyValueSpecification\",\"valueRequired\":true,\"valueName\":\"search_term_string\"}}],\"inLanguage\":\"hr\"}]}<\/script>\n<!-- \/ Yoast SEO plugin. -->","yoast_head_json":{"title":"Active Luxe Cosmetics set protiv intenzivnog ispadanja kose","description":"Za 40 dana upotrebe, za 4 mjeseca upotrebe i za 6 i pol mjeseci upotrebe: \u0161ampon protiv ispadanja kose, serum za rast kose i derma roller za vlasi\u0161te.","robots":{"index":"index","follow":"follow","max-snippet":"max-snippet:-1","max-image-preview":"max-image-preview:large","max-video-preview":"max-video-preview:-1"},"canonical":"https:\/\/activeluxe-cosmetics.com\/hr\/proizvod\/set-protiv-intenzivnog-ispadanja-kose\/","og_locale":"hr_HR","og_type":"article","og_title":"Active Luxe Cosmetics set protiv intenzivnog ispadanja kose","og_description":"Za 40 dana upotrebe, za 4 mjeseca upotrebe i za 6 i pol mjeseci upotrebe: \u0161ampon protiv ispadanja kose, serum za rast kose i derma roller za vlasi\u0161te.","og_url":"https:\/\/activeluxe-cosmetics.com\/hr\/proizvod\/set-protiv-intenzivnog-ispadanja-kose\/","og_site_name":"Active Luxe Cosmetics","article_modified_time":"2026-01-05T14:11:34+00:00","og_image":[{"width":1104,"height":1326,"url":"https:\/\/activeluxe-cosmetics.com\/hr\/wp-content\/uploads\/2024\/01\/44_Bundle_ShampooSerumCleanserRoller-1.jpg","type":"image\/jpeg"}],"twitter_card":"summary_large_image","twitter_misc":{"Procijenjeno vrijeme \u010ditanja":"5 minuta"},"schema":{"@context":"https:\/\/schema.org","@graph":[{"@type":"WebPage","@id":"https:\/\/activeluxe-cosmetics.com\/hr\/proizvod\/set-protiv-intenzivnog-ispadanja-kose\/","url":"https:\/\/activeluxe-cosmetics.com\/hr\/proizvod\/set-protiv-intenzivnog-ispadanja-kose\/","name":"Active Luxe Cosmetics set protiv intenzivnog ispadanja kose","isPartOf":{"@id":"https:\/\/activeluxe-cosmetics.com\/hr\/#website"},"primaryImageOfPage":{"@id":"https:\/\/activeluxe-cosmetics.com\/hr\/proizvod\/set-protiv-intenzivnog-ispadanja-kose\/#primaryimage"},"image":{"@id":"https:\/\/activeluxe-cosmetics.com\/hr\/proizvod\/set-protiv-intenzivnog-ispadanja-kose\/#primaryimage"},"thumbnailUrl":"https:\/\/activeluxe-cosmetics.com\/hr\/wp-content\/uploads\/2024\/01\/44_Bundle_ShampooSerumCleanserRoller-1.jpg","datePublished":"2024-01-10T14:21:18+00:00","dateModified":"2026-01-05T14:11:34+00:00","description":"Za 40 dana upotrebe, za 4 mjeseca upotrebe i za 6 i pol mjeseci upotrebe: \u0161ampon protiv ispadanja kose, serum za rast kose i derma roller za vlasi\u0161te.","breadcrumb":{"@id":"https:\/\/activeluxe-cosmetics.com\/hr\/proizvod\/set-protiv-intenzivnog-ispadanja-kose\/#breadcrumb"},"inLanguage":"hr","potentialAction":[{"@type":"ReadAction","target":["https:\/\/activeluxe-cosmetics.com\/hr\/proizvod\/set-protiv-intenzivnog-ispadanja-kose\/"]}]},{"@type":"ImageObject","inLanguage":"hr","@id":"https:\/\/activeluxe-cosmetics.com\/hr\/proizvod\/set-protiv-intenzivnog-ispadanja-kose\/#primaryimage","url":"https:\/\/activeluxe-cosmetics.com\/hr\/wp-content\/uploads\/2024\/01\/44_Bundle_ShampooSerumCleanserRoller-1.jpg","contentUrl":"https:\/\/activeluxe-cosmetics.com\/hr\/wp-content\/uploads\/2024\/01\/44_Bundle_ShampooSerumCleanserRoller-1.jpg","width":1104,"height":1326},{"@type":"BreadcrumbList","@id":"https:\/\/activeluxe-cosmetics.com\/hr\/proizvod\/set-protiv-intenzivnog-ispadanja-kose\/#breadcrumb","itemListElement":[{"@type":"ListItem","position":1,"name":"Naslovnica","item":"https:\/\/activeluxe-cosmetics.com\/hr\/"},{"@type":"ListItem","position":2,"name":"Trgovina","item":"https:\/\/activeluxe-cosmetics.com\/hr\/trgovina\/"},{"@type":"ListItem","position":3,"name":"Set protiv intenzivnog ispadanja kose"}]},{"@type":"WebSite","@id":"https:\/\/activeluxe-cosmetics.com\/hr\/#website","url":"https:\/\/activeluxe-cosmetics.com\/hr\/","name":"Active Luxe Cosmetics","description":"","potentialAction":[{"@type":"SearchAction","target":{"@type":"EntryPoint","urlTemplate":"https:\/\/activeluxe-cosmetics.com\/hr\/?s={search_term_string}"},"query-input":{"@type":"PropertyValueSpecification","valueRequired":true,"valueName":"search_term_string"}}],"inLanguage":"hr"}]}},"_links":{"self":[{"href":"https:\/\/activeluxe-cosmetics.com\/hr\/wp-json\/wp\/v2\/product\/72424","targetHints":{"allow":["GET"]}}],"collection":[{"href":"https:\/\/activeluxe-cosmetics.com\/hr\/wp-json\/wp\/v2\/product"}],"about":[{"href":"https:\/\/activeluxe-cosmetics.com\/hr\/wp-json\/wp\/v2\/types\/product"}],"replies":[{"embeddable":true,"href":"https:\/\/activeluxe-cosmetics.com\/hr\/wp-json\/wp\/v2\/comments?post=72424"}],"wp:featuredmedia":[{"embeddable":true,"href":"https:\/\/activeluxe-cosmetics.com\/hr\/wp-json\/wp\/v2\/media\/89078"}],"wp:attachment":[{"href":"https:\/\/activeluxe-cosmetics.com\/hr\/wp-json\/wp\/v2\/media?parent=72424"}],"wp:term":[{"taxonomy":"product_brand","embeddable":true,"href":"https:\/\/activeluxe-cosmetics.com\/hr\/wp-json\/wp\/v2\/product_brand?post=72424"},{"taxonomy":"product_cat","embeddable":true,"href":"https:\/\/activeluxe-cosmetics.com\/hr\/wp-json\/wp\/v2\/product_cat?post=72424"},{"taxonomy":"product_tag","embeddable":true,"href":"https:\/\/activeluxe-cosmetics.com\/hr\/wp-json\/wp\/v2\/product_tag?post=72424"}],"curies":[{"name":"wp","href":"https:\/\/api.w.org\/{rel}","templated":true}]}}