{"id":72365,"date":"2024-01-10T15:20:30","date_gmt":"2024-01-10T14:20:30","guid":{"rendered":"https:\/\/activeluxe-cosmetics.com\/hr\/?post_type=product&#038;p=72365"},"modified":"2026-04-14T14:01:57","modified_gmt":"2026-04-14T14:01:57","slug":"premium-secerni-peeling","status":"publish","type":"product","link":"https:\/\/activeluxe-cosmetics.com\/hr\/proizvod\/premium-secerni-peeling\/","title":{"rendered":"Premium \u0161e\u0107erni piling za tijelo"},"content":{"rendered":"<h2><span data-sheets-root=\"1\" data-sheets-value=\"{&quot;1&quot;:2,&quot;2&quot;:&quot;Nevjerojatno mekana i nahranjena ko\u017ea ve\u0107 od prvog kori\u0161tenja&quot;}\" data-sheets-userformat=\"{&quot;2&quot;:19201,&quot;3&quot;:{&quot;1&quot;:0},&quot;11&quot;:4,&quot;12&quot;:0,&quot;14&quot;:{&quot;1&quot;:2,&quot;2&quot;:16739585},&quot;17&quot;:1}\"><img loading=\"lazy\" decoding=\"async\" class=\" wp-image-95832 alignright\" src=\"https:\/\/activeluxe-cosmetics.com\/hr\/wp-content\/uploads\/2024\/01\/piling_za_tijelo-460x575.png\" alt=\"\" width=\"430\" height=\"538\" srcset=\"https:\/\/activeluxe-cosmetics.com\/hr\/wp-content\/uploads\/2024\/01\/piling_za_tijelo-460x575.png 460w, https:\/\/activeluxe-cosmetics.com\/hr\/wp-content\/uploads\/2024\/01\/piling_za_tijelo-819x1024.png 819w, https:\/\/activeluxe-cosmetics.com\/hr\/wp-content\/uploads\/2024\/01\/piling_za_tijelo-768x960.png 768w, https:\/\/activeluxe-cosmetics.com\/hr\/wp-content\/uploads\/2024\/01\/piling_za_tijelo-600x750.png 600w, https:\/\/activeluxe-cosmetics.com\/hr\/wp-content\/uploads\/2024\/01\/piling_za_tijelo.png 1080w\" sizes=\"auto, (max-width: 430px) 100vw, 430px\" \/><strong>Nevjerojatno mekana i nahranjena<\/strong> ko\u017ea ve\u0107 od prvog kori\u0161tenja<\/span><\/h2>\n<p>Sme\u0111i \u0161e\u0107er i 100% prirodna, bogata ulja za temeljiti piling tijela, koji \u0107e s ko\u017ee odstraniti sve ne\u010disto\u0107e i odumrle stanice, nahraniti ko\u017eu i dubinski ju navla\u017eiti.<\/p>\n<ul>\n<li><strong>100%<\/strong> prirodni sastojci<\/li>\n<li><strong>Sme\u0111i \u0161e\u0107er <\/strong>za nje\u017eno, ali potpuno odstranjivanje odumrlih stanica ko\u017ee<\/li>\n<li><strong>Shea maslac <\/strong>i <strong>jojobino<\/strong> <strong>ulje<\/strong> za dubinski hidratiziranu ko\u017eu<\/li>\n<li>Primamljiv <b>miris <\/b>po\u00a0<strong>\u010dokoladi<\/strong> i\u00a0<strong>naran\u010di<\/strong>, koji \u0107e jo\u0161 dugo ostati na ko\u017ei<\/li>\n<li>Primjeren za <strong>sve tipove ko\u017ee<\/strong><\/li>\n<li><strong>Luksuzno<\/strong>\u00a0Active Luxe pakiranje<\/li>\n<li>Nevjerojatno <strong>meka ko\u017ea<\/strong><\/li>\n<\/ul>\n<h2><\/h2>\n<h2><\/h2>\n<h2 style=\"text-align: center; clear: both;\"><\/h2>\n<h2><span data-sheets-root=\"1\" data-sheets-value=\"{&quot;1&quot;:2,&quot;2&quot;:&quot;Za\u0161to je Active Luxe peeling ono \u0161to treba tvojoj ko\u017ei?&quot;}\" data-sheets-userformat=\"{&quot;2&quot;:19201,&quot;3&quot;:{&quot;1&quot;:0},&quot;11&quot;:4,&quot;12&quot;:0,&quot;14&quot;:{&quot;1&quot;:2,&quot;2&quot;:16739585},&quot;17&quot;:1}\"><img loading=\"lazy\" decoding=\"async\" class=\" wp-image-95830 alignleft\" src=\"https:\/\/activeluxe-cosmetics.com\/hr\/wp-content\/uploads\/2024\/01\/piling_za_tijelo_active_luxe-460x584.jpg\" alt=\"\" width=\"430\" height=\"546\" srcset=\"https:\/\/activeluxe-cosmetics.com\/hr\/wp-content\/uploads\/2024\/01\/piling_za_tijelo_active_luxe-460x584.jpg 460w, https:\/\/activeluxe-cosmetics.com\/hr\/wp-content\/uploads\/2024\/01\/piling_za_tijelo_active_luxe.jpg 581w\" sizes=\"auto, (max-width: 430px) 100vw, 430px\" \/><strong>Za\u0161to tvojoj ko\u017ei treba<\/strong>redovit peeling?<\/span><\/h2>\n<p id=\"tw-target-text\" class=\"tw-data-text tw-text-large tw-ta\" dir=\"ltr\" data-placeholder=\"Translation\" aria-label=\"Translated text\" data-ved=\"2ahUKEwj-5pLryZSFAxUm2wIHHW2vBOYQ3ewLegQIBRAU\"><span class=\"Y2IQFc\" lang=\"hr\">Kvalitetan piling za tijelo djeluje vrlo opu\u0161taju\u0107e na <strong>tijelo<\/strong> i <strong>duh<\/strong>. Nema ni\u0161ta bolje od ku\u0107nog spa tretmana kojim po\u010dastimo svoju ko\u017eu prije spavanja. <\/span><\/p>\n<p class=\"tw-data-text tw-text-large tw-ta\" dir=\"ltr\" data-placeholder=\"Translation\" aria-label=\"Translated text\" data-ved=\"2ahUKEwj-5pLryZSFAxUm2wIHHW2vBOYQ3ewLegQIBRAU\"><span class=\"Y2IQFc\" lang=\"hr\">Obnovljena, <strong>meka<\/strong> i <strong>\u010dista<\/strong> ko\u017ea uljuljat \u0107e vas u miran san. Piling tijela obavezan je dio njege tijela koji, na\u017ealost, gotovo uvijek zaboravljamo ili jednostavno smatramo dugotrajnim i neva\u017enim. <strong>Ali ipak je va\u017eno!<\/strong><\/span><\/p>\n<p class=\"tw-data-text tw-text-large tw-ta\" dir=\"ltr\" data-placeholder=\"Translation\" aria-label=\"Translated text\" data-ved=\"2ahUKEwj-5pLryZSFAxUm2wIHHW2vBOYQ3ewLegQIBRAU\"><span class=\"Y2IQFc\" lang=\"hr\"> Za\u0161to? Mrtva ko\u017ea, ne\u010disto\u0107e i zadebljana, suha ko\u017ea veliki su <strong>teret<\/strong> <strong>za<\/strong> <strong>ko\u017eu<\/strong> jer ne mo\u017ee disati i obnavljati se. Ko\u017ei je potreban <strong>temeljit<\/strong> i <strong>nje\u017ean<\/strong> <strong>piling<\/strong> kako bi proizvela nove, zdrave stanice! <\/span><\/p>\n<p class=\"tw-data-text tw-text-large tw-ta\" dir=\"ltr\" data-placeholder=\"Translation\" aria-label=\"Translated text\" data-ved=\"2ahUKEwj-5pLryZSFAxUm2wIHHW2vBOYQ3ewLegQIBRAU\"><span class=\"Y2IQFc\" lang=\"hr\">Redoviti piling tako\u0111er \u0107e <strong>sprije\u010diti<\/strong> <strong>nastanak<\/strong> <strong>celulita<\/strong>, uraslih dla\u010dica te ubla\u017eiti o\u017eiljke i iritacije koje nastaju nakon depilacije<\/span><\/p>\n<h2 style=\"text-align: center; clear: both;\"><\/h2>\n<h2><img loading=\"lazy\" decoding=\"async\" class=\" wp-image-95831 alignright\" src=\"https:\/\/activeluxe-cosmetics.com\/hr\/wp-content\/uploads\/2024\/01\/piling_za_tijelo_lifestyle-460x589.jpg\" alt=\"\" width=\"435\" height=\"557\" srcset=\"https:\/\/activeluxe-cosmetics.com\/hr\/wp-content\/uploads\/2024\/01\/piling_za_tijelo_lifestyle-460x589.jpg 460w, https:\/\/activeluxe-cosmetics.com\/hr\/wp-content\/uploads\/2024\/01\/piling_za_tijelo_lifestyle.jpg 581w\" sizes=\"auto, (max-width: 435px) 100vw, 435px\" \/><strong>Neka tvoja ko\u017ea <\/strong>opet prodi\u0161e<\/h2>\n<p>Granule <strong>sme\u0111eg<\/strong> <strong>\u0161e\u0107era<\/strong> \u0107e temeljito, ali nje\u017eno obaviti potrebnu <strong>eksfolijaciju<\/strong> ko\u017ee, odnosno ukloniti sav teret odumrlih stanica. U isto vrijeme kombinacija ulja <strong>jojobe<\/strong>, <strong>karite<\/strong> <strong>maslaca<\/strong> i <strong>kokosovog<\/strong> <strong>ulja<\/strong>ostaviti \u0107e ko\u017eu toliko mekanom, glatkom i podatnom da ti losion ili mlijeko za tijelo nakon peelinga ne\u0107e ni trebati!<\/p>\n<p>Tako \u0107e\u0161 nau\u010diti svoju ko\u017eu da lak\u0161e stvara nove, zdrave stanice uz koje \u0107e ten biti ujedna\u010den i mekan, bez iritacija, o\u017eiljaka, i celulita. Evo \u0161to \u0107e Premium Sugar Body Scrub omogu\u0107iti:<\/p>\n<ul>\n<li><span data-sheets-root=\"1\" data-sheets-value=\"{&quot;1&quot;:2,&quot;2&quot;:&quot;Nje\u017enu i mekanu ko\u017eu koja ne zate\u017ee\\nRedovitim kori\u0161tenjem \u0161e\u0107ernog peelinga 2 puta tjedno ko\u017ea tijela \u0107e biti ujedna\u010dena, bez iritacija i o\u0161te\u0107enja nastalih vanjskim utjecajem kao \u0161to su depilacija, hladno\u0107a i suho\u0107a zraka.&quot;}\" data-sheets-userformat=\"{&quot;2&quot;:897,&quot;3&quot;:{&quot;1&quot;:0},&quot;10&quot;:0,&quot;11&quot;:4,&quot;12&quot;:0}\"><strong>Nje\u017enu i mekanu ko\u017eu koja ne zate\u017ee<\/strong><br \/>\nRedovitim kori\u0161tenjem \u0161e\u0107ernog peelinga 2 puta tjedno ko\u017ea tijela \u0107e biti ujedna\u010dena, <strong>bez<\/strong> <strong>iritacija<\/strong> i o\u0161te\u0107enja nastalih vanjskim utjecajem kao \u0161to su depilacija, hladno\u0107a i suho\u0107a zraka.<\/span><\/li>\n<li><span data-sheets-root=\"1\" data-sheets-value=\"{&quot;1&quot;:2,&quot;2&quot;:&quot;Bolja cirkulacija krvi\\nSme\u0111i \u0161e\u0107er u ovom peelingu, uz nano\u0161enje kru\u017enim pokretima, pobolj\u0161at \u0107e cirkulaciju krvi pa \u0107e do tvoje ko\u017ee pristizati vi\u0161e hranjivih tvari, \u0161to \u0107e je \u010diniti zdravijom i ljep\u0161om iznutra, ne samo izvana.&quot;}\" data-sheets-userformat=\"{&quot;2&quot;:897,&quot;3&quot;:{&quot;1&quot;:0},&quot;10&quot;:0,&quot;11&quot;:4,&quot;12&quot;:0}\"><strong>Bolja cirkulacija krvi<\/strong><br \/>\nSme\u0111i \u0161e\u0107er u ovom peelingu, uz nano\u0161enje kru\u017enim pokretima, <strong>pobolj\u0161at<\/strong> \u0107e <strong>cirkulaciju<\/strong> krvi pa \u0107e do tvoje ko\u017ee pristizati vi\u0161e hranjivih tvari, \u0161to \u0107e je \u010diniti zdravijom i ljep\u0161om iznutra, ne samo izvana.<\/span><\/li>\n<li><span data-sheets-root=\"1\" data-sheets-value=\"{&quot;1&quot;:2,&quot;2&quot;:&quot;Dubinska hidratacija ko\u017ee \\nInovativna peeling &amp; caring formula pomo\u0107u ulja jojobe, kokosovog ulje i karite maslaca poma\u017ee da ko\u017eu u isto vrijeme \u010disti\u0161 i hidratizira\u0161. Zato \u0107e\u0161 ve\u0107 tijekom samog peelinga osjetiti meko\u0107u, glatkost i podatnost svoje ko\u017ee. Nakon tretmana, ostat \u0107e ti divna ko\u017ea i jo\u0161 divniji miris!&quot;}\" data-sheets-userformat=\"{&quot;2&quot;:897,&quot;3&quot;:{&quot;1&quot;:0},&quot;10&quot;:0,&quot;11&quot;:4,&quot;12&quot;:0}\" data-sheets-textstyleruns=\"{&quot;1&quot;:0,&quot;2&quot;:{&quot;2&quot;:{&quot;1&quot;:2,&quot;2&quot;:16739585}}}\uee10{&quot;1&quot;:26}\"><strong>Dubinska hidratacija ko\u017ee<\/strong><br \/>\nInovativna <strong>peeling &amp; caring<\/strong> formula pomo\u0107u ulja jojobe, kokosovog ulje i karite maslaca poma\u017ee da ko\u017eu u isto vrijeme \u010disti\u0161 i hidratizira\u0161. Zato \u0107e\u0161 ve\u0107 tijekom samog peelinga osjetiti meko\u0107u, glatkost i podatnost svoje ko\u017ee. Nakon tretmana, ostat \u0107e ti divna ko\u017ea i jo\u0161 divniji miris!<\/span><\/li>\n<\/ul>\n<p>&nbsp;<\/p>\n<div style=\"display: flex; align-items: center; gap: 20px; flex-wrap: wrap;\">\n<p style=\"max-width: 360px;\">\n<\/div>\n","protected":false},"excerpt":{"rendered":"<p>Za mekanu i nahranjenu ko\u017eu sa 100% prirodnim sastojcima koji \u0107e odstraniti sve ne\u010disto\u0107e, odumrle stanice i masno\u0107e.<\/p>\n","protected":false},"featured_media":95828,"comment_status":"open","ping_status":"closed","template":"","meta":[],"product_brand":[],"product_cat":[81,82],"product_tag":[],"class_list":{"0":"post-72365","1":"product","2":"type-product","3":"status-publish","4":"has-post-thumbnail","6":"product_cat-lice-i-tijelo","7":"product_cat-sunce","9":"first","10":"instock","11":"sale","12":"taxable","13":"shipping-taxable","14":"purchasable","15":"product-type-variable"},"bundled_by":[],"bundle_stock_status":"instock","bundle_stock_quantity":null,"bundle_virtual":false,"bundle_layout":"","bundle_add_to_cart_form_location":"","bundle_editable_in_cart":false,"bundle_sold_individually_context":"","bundle_item_grouping":"","bundle_min_size":"","bundle_max_size":"","bundled_items":[],"acf":[],"yoast_head":"<!-- This site is optimized with the Yoast SEO plugin v26.5 - https:\/\/yoast.com\/wordpress\/plugins\/seo\/ -->\n<title>\u0160e\u0107erni peeling za tijelo - Active Luxe<\/title>\n<meta name=\"description\" content=\"Premium \u0161e\u0107erni peeling za tijelo luksuzan je i nje\u017ean tretman koji tvoja ko\u017ea treba ove zime. Sme\u0111i \u0161e\u0107er za peeling, ulja za njegu.\" \/>\n<meta name=\"robots\" content=\"index, follow, max-snippet:-1, max-image-preview:large, max-video-preview:-1\" \/>\n<link rel=\"canonical\" href=\"https:\/\/activeluxe-cosmetics.com\/hr\/proizvod\/premium-secerni-peeling\/\" \/>\n<meta property=\"og:locale\" content=\"hr_HR\" \/>\n<meta property=\"og:type\" content=\"article\" \/>\n<meta property=\"og:title\" content=\"\u0160e\u0107erni peeling za tijelo - Active Luxe\" \/>\n<meta property=\"og:description\" content=\"Premium \u0161e\u0107erni peeling za tijelo luksuzan je i nje\u017ean tretman koji tvoja ko\u017ea treba ove zime. Sme\u0111i \u0161e\u0107er za peeling, ulja za njegu.\" \/>\n<meta property=\"og:url\" content=\"https:\/\/activeluxe-cosmetics.com\/hr\/proizvod\/premium-secerni-peeling\/\" \/>\n<meta property=\"og:site_name\" content=\"Active Luxe Cosmetics\" \/>\n<meta property=\"article:modified_time\" content=\"2026-04-14T14:01:57+00:00\" \/>\n<meta property=\"og:image\" content=\"https:\/\/activeluxe-cosmetics.com\/hr\/wp-content\/uploads\/2024\/01\/sladkorni_piling_za_tijelo_active_luxe.jpg\" \/>\n\t<meta property=\"og:image:width\" content=\"1104\" \/>\n\t<meta property=\"og:image:height\" content=\"1326\" \/>\n\t<meta property=\"og:image:type\" content=\"image\/jpeg\" \/>\n<meta name=\"twitter:card\" content=\"summary_large_image\" \/>\n<meta name=\"twitter:label1\" content=\"Procijenjeno vrijeme \u010ditanja\" \/>\n\t<meta name=\"twitter:data1\" content=\"3 minute\" \/>\n<script type=\"application\/ld+json\" class=\"yoast-schema-graph\">{\"@context\":\"https:\/\/schema.org\",\"@graph\":[{\"@type\":\"WebPage\",\"@id\":\"https:\/\/activeluxe-cosmetics.com\/hr\/proizvod\/premium-secerni-peeling\/\",\"url\":\"https:\/\/activeluxe-cosmetics.com\/hr\/proizvod\/premium-secerni-peeling\/\",\"name\":\"\u0160e\u0107erni peeling za tijelo - Active Luxe\",\"isPartOf\":{\"@id\":\"https:\/\/activeluxe-cosmetics.com\/hr\/#website\"},\"primaryImageOfPage\":{\"@id\":\"https:\/\/activeluxe-cosmetics.com\/hr\/proizvod\/premium-secerni-peeling\/#primaryimage\"},\"image\":{\"@id\":\"https:\/\/activeluxe-cosmetics.com\/hr\/proizvod\/premium-secerni-peeling\/#primaryimage\"},\"thumbnailUrl\":\"https:\/\/activeluxe-cosmetics.com\/hr\/wp-content\/uploads\/2024\/01\/sladkorni_piling_za_tijelo_active_luxe.jpg\",\"datePublished\":\"2024-01-10T14:20:30+00:00\",\"dateModified\":\"2026-04-14T14:01:57+00:00\",\"description\":\"Premium \u0161e\u0107erni peeling za tijelo luksuzan je i nje\u017ean tretman koji tvoja ko\u017ea treba ove zime. Sme\u0111i \u0161e\u0107er za peeling, ulja za njegu.\",\"breadcrumb\":{\"@id\":\"https:\/\/activeluxe-cosmetics.com\/hr\/proizvod\/premium-secerni-peeling\/#breadcrumb\"},\"inLanguage\":\"hr\",\"potentialAction\":[{\"@type\":\"ReadAction\",\"target\":[\"https:\/\/activeluxe-cosmetics.com\/hr\/proizvod\/premium-secerni-peeling\/\"]}]},{\"@type\":\"ImageObject\",\"inLanguage\":\"hr\",\"@id\":\"https:\/\/activeluxe-cosmetics.com\/hr\/proizvod\/premium-secerni-peeling\/#primaryimage\",\"url\":\"https:\/\/activeluxe-cosmetics.com\/hr\/wp-content\/uploads\/2024\/01\/sladkorni_piling_za_tijelo_active_luxe.jpg\",\"contentUrl\":\"https:\/\/activeluxe-cosmetics.com\/hr\/wp-content\/uploads\/2024\/01\/sladkorni_piling_za_tijelo_active_luxe.jpg\",\"width\":1104,\"height\":1326,\"caption\":\"Active Luxe Premium \u0161e\u0107erni piling za tijelo\"},{\"@type\":\"BreadcrumbList\",\"@id\":\"https:\/\/activeluxe-cosmetics.com\/hr\/proizvod\/premium-secerni-peeling\/#breadcrumb\",\"itemListElement\":[{\"@type\":\"ListItem\",\"position\":1,\"name\":\"Naslovnica\",\"item\":\"https:\/\/activeluxe-cosmetics.com\/hr\/\"},{\"@type\":\"ListItem\",\"position\":2,\"name\":\"Trgovina\",\"item\":\"https:\/\/activeluxe-cosmetics.com\/hr\/trgovina\/\"},{\"@type\":\"ListItem\",\"position\":3,\"name\":\"Premium \u0161e\u0107erni piling za tijelo\"}]},{\"@type\":\"WebSite\",\"@id\":\"https:\/\/activeluxe-cosmetics.com\/hr\/#website\",\"url\":\"https:\/\/activeluxe-cosmetics.com\/hr\/\",\"name\":\"Active Luxe Cosmetics\",\"description\":\"\",\"potentialAction\":[{\"@type\":\"SearchAction\",\"target\":{\"@type\":\"EntryPoint\",\"urlTemplate\":\"https:\/\/activeluxe-cosmetics.com\/hr\/?s={search_term_string}\"},\"query-input\":{\"@type\":\"PropertyValueSpecification\",\"valueRequired\":true,\"valueName\":\"search_term_string\"}}],\"inLanguage\":\"hr\"}]}<\/script>\n<!-- \/ Yoast SEO plugin. -->","yoast_head_json":{"title":"\u0160e\u0107erni peeling za tijelo - Active Luxe","description":"Premium \u0161e\u0107erni peeling za tijelo luksuzan je i nje\u017ean tretman koji tvoja ko\u017ea treba ove zime. Sme\u0111i \u0161e\u0107er za peeling, ulja za njegu.","robots":{"index":"index","follow":"follow","max-snippet":"max-snippet:-1","max-image-preview":"max-image-preview:large","max-video-preview":"max-video-preview:-1"},"canonical":"https:\/\/activeluxe-cosmetics.com\/hr\/proizvod\/premium-secerni-peeling\/","og_locale":"hr_HR","og_type":"article","og_title":"\u0160e\u0107erni peeling za tijelo - Active Luxe","og_description":"Premium \u0161e\u0107erni peeling za tijelo luksuzan je i nje\u017ean tretman koji tvoja ko\u017ea treba ove zime. Sme\u0111i \u0161e\u0107er za peeling, ulja za njegu.","og_url":"https:\/\/activeluxe-cosmetics.com\/hr\/proizvod\/premium-secerni-peeling\/","og_site_name":"Active Luxe Cosmetics","article_modified_time":"2026-04-14T14:01:57+00:00","og_image":[{"width":1104,"height":1326,"url":"https:\/\/activeluxe-cosmetics.com\/hr\/wp-content\/uploads\/2024\/01\/sladkorni_piling_za_tijelo_active_luxe.jpg","type":"image\/jpeg"}],"twitter_card":"summary_large_image","twitter_misc":{"Procijenjeno vrijeme \u010ditanja":"3 minute"},"schema":{"@context":"https:\/\/schema.org","@graph":[{"@type":"WebPage","@id":"https:\/\/activeluxe-cosmetics.com\/hr\/proizvod\/premium-secerni-peeling\/","url":"https:\/\/activeluxe-cosmetics.com\/hr\/proizvod\/premium-secerni-peeling\/","name":"\u0160e\u0107erni peeling za tijelo - Active Luxe","isPartOf":{"@id":"https:\/\/activeluxe-cosmetics.com\/hr\/#website"},"primaryImageOfPage":{"@id":"https:\/\/activeluxe-cosmetics.com\/hr\/proizvod\/premium-secerni-peeling\/#primaryimage"},"image":{"@id":"https:\/\/activeluxe-cosmetics.com\/hr\/proizvod\/premium-secerni-peeling\/#primaryimage"},"thumbnailUrl":"https:\/\/activeluxe-cosmetics.com\/hr\/wp-content\/uploads\/2024\/01\/sladkorni_piling_za_tijelo_active_luxe.jpg","datePublished":"2024-01-10T14:20:30+00:00","dateModified":"2026-04-14T14:01:57+00:00","description":"Premium \u0161e\u0107erni peeling za tijelo luksuzan je i nje\u017ean tretman koji tvoja ko\u017ea treba ove zime. Sme\u0111i \u0161e\u0107er za peeling, ulja za njegu.","breadcrumb":{"@id":"https:\/\/activeluxe-cosmetics.com\/hr\/proizvod\/premium-secerni-peeling\/#breadcrumb"},"inLanguage":"hr","potentialAction":[{"@type":"ReadAction","target":["https:\/\/activeluxe-cosmetics.com\/hr\/proizvod\/premium-secerni-peeling\/"]}]},{"@type":"ImageObject","inLanguage":"hr","@id":"https:\/\/activeluxe-cosmetics.com\/hr\/proizvod\/premium-secerni-peeling\/#primaryimage","url":"https:\/\/activeluxe-cosmetics.com\/hr\/wp-content\/uploads\/2024\/01\/sladkorni_piling_za_tijelo_active_luxe.jpg","contentUrl":"https:\/\/activeluxe-cosmetics.com\/hr\/wp-content\/uploads\/2024\/01\/sladkorni_piling_za_tijelo_active_luxe.jpg","width":1104,"height":1326,"caption":"Active Luxe Premium \u0161e\u0107erni piling za tijelo"},{"@type":"BreadcrumbList","@id":"https:\/\/activeluxe-cosmetics.com\/hr\/proizvod\/premium-secerni-peeling\/#breadcrumb","itemListElement":[{"@type":"ListItem","position":1,"name":"Naslovnica","item":"https:\/\/activeluxe-cosmetics.com\/hr\/"},{"@type":"ListItem","position":2,"name":"Trgovina","item":"https:\/\/activeluxe-cosmetics.com\/hr\/trgovina\/"},{"@type":"ListItem","position":3,"name":"Premium \u0161e\u0107erni piling za tijelo"}]},{"@type":"WebSite","@id":"https:\/\/activeluxe-cosmetics.com\/hr\/#website","url":"https:\/\/activeluxe-cosmetics.com\/hr\/","name":"Active Luxe Cosmetics","description":"","potentialAction":[{"@type":"SearchAction","target":{"@type":"EntryPoint","urlTemplate":"https:\/\/activeluxe-cosmetics.com\/hr\/?s={search_term_string}"},"query-input":{"@type":"PropertyValueSpecification","valueRequired":true,"valueName":"search_term_string"}}],"inLanguage":"hr"}]}},"_links":{"self":[{"href":"https:\/\/activeluxe-cosmetics.com\/hr\/wp-json\/wp\/v2\/product\/72365","targetHints":{"allow":["GET"]}}],"collection":[{"href":"https:\/\/activeluxe-cosmetics.com\/hr\/wp-json\/wp\/v2\/product"}],"about":[{"href":"https:\/\/activeluxe-cosmetics.com\/hr\/wp-json\/wp\/v2\/types\/product"}],"replies":[{"embeddable":true,"href":"https:\/\/activeluxe-cosmetics.com\/hr\/wp-json\/wp\/v2\/comments?post=72365"}],"wp:featuredmedia":[{"embeddable":true,"href":"https:\/\/activeluxe-cosmetics.com\/hr\/wp-json\/wp\/v2\/media\/95828"}],"wp:attachment":[{"href":"https:\/\/activeluxe-cosmetics.com\/hr\/wp-json\/wp\/v2\/media?parent=72365"}],"wp:term":[{"taxonomy":"product_brand","embeddable":true,"href":"https:\/\/activeluxe-cosmetics.com\/hr\/wp-json\/wp\/v2\/product_brand?post=72365"},{"taxonomy":"product_cat","embeddable":true,"href":"https:\/\/activeluxe-cosmetics.com\/hr\/wp-json\/wp\/v2\/product_cat?post=72365"},{"taxonomy":"product_tag","embeddable":true,"href":"https:\/\/activeluxe-cosmetics.com\/hr\/wp-json\/wp\/v2\/product_tag?post=72365"}],"curies":[{"name":"wp","href":"https:\/\/api.w.org\/{rel}","templated":true}]}}