{"id":72300,"date":"2024-01-10T15:19:25","date_gmt":"2024-01-10T14:19:25","guid":{"rendered":"https:\/\/activeluxe-cosmetics.com\/hr\/?post_type=product&#038;p=72300"},"modified":"2026-02-17T08:44:41","modified_gmt":"2026-02-17T08:44:41","slug":"derma-roller-za-vlasiste","status":"publish","type":"product","link":"https:\/\/activeluxe-cosmetics.com\/hr\/proizvod\/derma-roller-za-vlasiste\/","title":{"rendered":"Derma roller za masa\u017eu vlasi\u0161ta i rast kose"},"content":{"rendered":"<p><img loading=\"lazy\" decoding=\"async\" class=\"wp-image-82018 size-medium alignright\" src=\"https:\/\/activeluxe-cosmetics.com\/hr\/wp-content\/uploads\/2024\/01\/Izdelek-brez-naslova-68-2-460x575.png\" alt=\"\" width=\"460\" height=\"575\" srcset=\"https:\/\/activeluxe-cosmetics.com\/hr\/wp-content\/uploads\/2024\/01\/Izdelek-brez-naslova-68-2-460x575.png 460w, https:\/\/activeluxe-cosmetics.com\/hr\/wp-content\/uploads\/2024\/01\/Izdelek-brez-naslova-68-2-819x1024.png 819w, https:\/\/activeluxe-cosmetics.com\/hr\/wp-content\/uploads\/2024\/01\/Izdelek-brez-naslova-68-2-768x960.png 768w, https:\/\/activeluxe-cosmetics.com\/hr\/wp-content\/uploads\/2024\/01\/Izdelek-brez-naslova-68-2-600x750.png 600w, https:\/\/activeluxe-cosmetics.com\/hr\/wp-content\/uploads\/2024\/01\/Izdelek-brez-naslova-68-2.png 1080w\" sizes=\"auto, (max-width: 460px) 100vw, 460px\" \/><\/p>\n<h2><strong>Poti\u010de mikrocirkulaciju<\/strong> <strong>vlasi\u0161ta<\/strong> i ubrzava rast kose<\/h2>\n<p id=\"tw-target-text\" class=\"tw-data-text tw-text-large tw-ta\" dir=\"ltr\" data-placeholder=\"Translation\" data-ved=\"2ahUKEwiM09fu29-EAxWXSPEDHY6hAC8Q3ewLegQIBRAU\"><span class=\"Y2IQFc\" lang=\"hr\">Stru\u010dne studije su dokazale da <strong>redovita<\/strong> <strong>masa\u017ea<\/strong> vlasi\u0161ta ima vrlo <strong>blagotvoran<\/strong> <strong>u\u010dinak<\/strong> na sam rast kose. Masa\u017eom ubrzavamo <strong>mikrocirkulaciju<\/strong> vlasi\u0161ta odnosno protok krvi i tako folikuli dlake dobivaju sve potrebne hranjive tvari i kisik koji su im potrebni za <strong>rast<\/strong> <strong>nove<\/strong> <strong>kose<\/strong>.<\/span><\/p>\n<p id=\"tw-target-text\" class=\"tw-data-text tw-text-large tw-ta\" dir=\"ltr\" data-placeholder=\"Translation\" data-ved=\"2ahUKEwiM09fu29-EAxWXSPEDHY6hAC8Q3ewLegQIBRAU\"><span class=\"Y2IQFc\" lang=\"hr\">Upravo to mo\u017eete u\u010diniti s Active Luxe derma rollerom.<\/span><\/p>\n<p id=\"tw-target-text\" class=\"tw-data-text tw-text-large tw-ta\" dir=\"ltr\" data-placeholder=\"Translation\" data-ved=\"2ahUKEwiM09fu29-EAxWXSPEDHY6hAC8Q3ewLegQIBRAU\"><span class=\"Y2IQFc\" lang=\"hr\">Rije\u010d je o visokokvalitetnom kozmeti\u010dkom alatu koji sadr\u017ei 540 ultra tankih iglica duljine <strong>0,50 mm<\/strong>, izra\u0111enih od nehr\u0111aju\u0107eg \u010delika, i izvrstan je za dubinsku masa\u017eu vlasi\u0161ta.\u00a0Active Luxe derma roller:<\/span><\/p>\n<ul>\n<li id=\"tw-target-text\" class=\"tw-data-text tw-text-large tw-ta\" dir=\"ltr\" data-placeholder=\"Translation\" data-ved=\"2ahUKEwiM09fu29-EAxWXSPEDHY6hAC8Q3ewLegQIBRAU\"><span class=\"Y2IQFc\" lang=\"hr\"><strong>uklanja gornji<\/strong> <strong>sloj<\/strong> mrtvih stanica ko\u017ee na tjemenu,<\/span><\/li>\n<li class=\"tw-data-text tw-text-large tw-ta\" dir=\"ltr\" data-placeholder=\"Translation\" data-ved=\"2ahUKEwiM09fu29-EAxWXSPEDHY6hAC8Q3ewLegQIBRAU\"><span class=\"Y2IQFc\" lang=\"hr\"><strong>poti\u010de<\/strong> <strong>obnovu<\/strong> ko\u017ee na tjemenu,<\/span><\/li>\n<li class=\"tw-data-text tw-text-large tw-ta\" dir=\"ltr\" data-placeholder=\"Translation\" data-ved=\"2ahUKEwiM09fu29-EAxWXSPEDHY6hAC8Q3ewLegQIBRAU\"><span class=\"Y2IQFc\" lang=\"hr\">pospje\u0161uje <strong>cirkulaciju<\/strong> krvi ili <strong>mikrocirkulaciju<\/strong> <strong>vlasi\u0161ta<\/strong> i time prijenos svih potrebnih hranjivih tvari za rast do folikula dlake,<\/span><\/li>\n<li class=\"tw-data-text tw-text-large tw-ta\" dir=\"ltr\" data-placeholder=\"Translation\" data-ved=\"2ahUKEwiM09fu29-EAxWXSPEDHY6hAC8Q3ewLegQIBRAU\"><span class=\"Y2IQFc\" lang=\"hr\">omogu\u0107uje serumu za rast kose i ostalim proizvodima za njegu kose da <strong>prodru<\/strong> <strong>dublje<\/strong> u ko\u017eu i tako djeluju jo\u0161 intenzivnije,<\/span><\/li>\n<\/ul>\n<h2 style=\"text-align: center; clear: both;\"><\/h2>\n<p>&nbsp;<\/p>\n<p>&nbsp;<\/p>\n<p>&nbsp;<\/p>\n<p><img loading=\"lazy\" decoding=\"async\" class=\"wp-image-81232 alignleft\" src=\"https:\/\/activeluxe-cosmetics.com\/hr\/wp-content\/uploads\/2024\/01\/DEZO9624-Rok-Dezelak-RD2.si_-460x417.jpg\" alt=\"\" width=\"511\" height=\"463\" srcset=\"https:\/\/activeluxe-cosmetics.com\/hr\/wp-content\/uploads\/2024\/01\/DEZO9624-Rok-Dezelak-RD2.si_-460x417.jpg 460w, https:\/\/activeluxe-cosmetics.com\/hr\/wp-content\/uploads\/2024\/01\/DEZO9624-Rok-Dezelak-RD2.si_-1024x928.jpg 1024w, https:\/\/activeluxe-cosmetics.com\/hr\/wp-content\/uploads\/2024\/01\/DEZO9624-Rok-Dezelak-RD2.si_-768x696.jpg 768w, https:\/\/activeluxe-cosmetics.com\/hr\/wp-content\/uploads\/2024\/01\/DEZO9624-Rok-Dezelak-RD2.si_-600x544.jpg 600w, https:\/\/activeluxe-cosmetics.com\/hr\/wp-content\/uploads\/2024\/01\/DEZO9624-Rok-Dezelak-RD2.si_.jpg 1200w\" sizes=\"auto, (max-width: 511px) 100vw, 511px\" \/><\/p>\n<h2><strong>Klju\u010dne<\/strong> <strong>prednosti<\/strong> derma rollera<\/h2>\n<ul>\n<li id=\"tw-target-text\" class=\"tw-data-text tw-text-large tw-ta\" dir=\"ltr\" data-placeholder=\"Translation\" data-ved=\"2ahUKEwiM09fu29-EAxWXSPEDHY6hAC8Q3ewLegQIBRAU\"><span class=\"Y2IQFc\" lang=\"hr\"><strong>Micro-Needling tehnologija<\/strong>: Na\u0161 derma roller je posebno dizajniran za stimuliranje protoka krvi i aktiviranje uspavanih folikula dlake.<\/span><\/li>\n<li id=\"tw-target-text\" class=\"tw-data-text tw-text-large tw-ta\" dir=\"ltr\" data-placeholder=\"Translation\" data-ved=\"2ahUKEwiM09fu29-EAxWXSPEDHY6hAC8Q3ewLegQIBRAU\"><span class=\"Y2IQFc\" lang=\"hr\"><strong>Visokokvalitetne igle od nehr\u0111aju\u0107eg \u010delika:<\/strong> Osiguravaju 100% u\u010dinkovitost i trajnost ure\u0111aja. Fine iglice prodiru duboko u gornji sloj ko\u017ee te poti\u010du prirodni proces obnove vlasi\u0161ta i aktiviraju folikule dlake bez boli i o\u0161te\u0107enja.<\/span><\/li>\n<li id=\"tw-target-text\" class=\"tw-data-text tw-text-large tw-ta\" dir=\"ltr\" data-placeholder=\"Translation\" data-ved=\"2ahUKEwiM09fu29-EAxWXSPEDHY6hAC8Q3ewLegQIBRAU\"><span class=\"Y2IQFc\" lang=\"hr\"><strong>Ergonomski dizajn<\/strong>: dizajniran je s ergonomskom ru\u010dkom za udobnu kontrolu pritiska na vlasi\u0161te. Dobivate ga u kutiji u kojoj ga \u010duvate iz higijenskih razloga, a mo\u017eete ga nositi i sa sobom na izlet jer \u0107e uvijek biti za\u0161ti\u0107en.<\/span><\/li>\n<li id=\"tw-target-text\" class=\"tw-data-text tw-text-large tw-ta\" dir=\"ltr\" data-placeholder=\"Translation\" data-ved=\"2ahUKEwiM09fu29-EAxWXSPEDHY6hAC8Q3ewLegQIBRAU\"><span class=\"Y2IQFc\" lang=\"hr\"><strong>Svestrana uporaba:<\/strong> na\u0161 derma roller s iglama duljine 0,50 mm tako\u0111er je prikladan za masa\u017eu lica i brade. Poti\u010de mikrocirkulaciju, a njegovom primjenom proizvodi za rast kose prodiru dublje u folikule dlake i tako djeluju jo\u0161 intenzivnije.<\/span><\/li>\n<\/ul>\n<h2><\/h2>\n<h2><\/h2>\n<h2><strong><img loading=\"lazy\" decoding=\"async\" class=\"size-medium wp-image-90440 alignright\" src=\"https:\/\/activeluxe-cosmetics.com\/hr\/wp-content\/uploads\/2024\/10\/Group-343-11-460x584.jpg\" alt=\"\" width=\"460\" height=\"584\" srcset=\"https:\/\/activeluxe-cosmetics.com\/hr\/wp-content\/uploads\/2024\/10\/Group-343-11-460x584.jpg 460w, https:\/\/activeluxe-cosmetics.com\/hr\/wp-content\/uploads\/2024\/10\/Group-343-11.jpg 581w\" sizes=\"auto, (max-width: 460px) 100vw, 460px\" \/>Mali alat, veliki u\u010dinak:<\/strong> snaga derma rollera<\/h2>\n<p id=\"tw-target-text\" class=\"tw-data-text tw-text-large tw-ta\" dir=\"ltr\" data-placeholder=\"Translation\" data-ved=\"2ahUKEwiM09fu29-EAxWXSPEDHY6hAC8Q3ewLegQIBRAU\"><span class=\"Y2IQFc\" lang=\"hr\">Iglice derma rollera potpuno <strong>bezbolno<\/strong> prodiru u vlasi\u0161te, poja\u010davaju <strong>prokrvljenost<\/strong> i omogu\u0107uju bolju <strong>apsorpciju<\/strong> Active Luxe tonika i seruma za rast kose.<\/span><\/p>\n<p dir=\"ltr\" data-placeholder=\"Translation\" data-ved=\"2ahUKEwiM09fu29-EAxWXSPEDHY6hAC8Q3ewLegQIBRAU\"><span class=\"Y2IQFc\" lang=\"hr\">Brojna znanstvena istra\u017eivanja dokazala su pozitivne u\u010dinke dermarollinga koji se mora provoditi redovito (1x do 2x tjedno)<\/span><\/p>\n<p class=\"tw-data-text tw-text-large tw-ta\" dir=\"ltr\" data-placeholder=\"Translation\" data-ved=\"2ahUKEwiM09fu29-EAxWXSPEDHY6hAC8Q3ewLegQIBRAU\"><span class=\"Y2IQFc\" lang=\"hr\">Derma rollerom <strong>masirajte<\/strong> <strong>vlasi\u0161te<\/strong> u sva tri smjera (okomito, vodoravno i dijagonalno), cijeli proces ne bi trebao trajati du\u017ee od 3-5 minuta. <\/span><\/p>\n<p class=\"tw-data-text tw-text-large tw-ta\" dir=\"ltr\" data-placeholder=\"Translation\" data-ved=\"2ahUKEwiM09fu29-EAxWXSPEDHY6hAC8Q3ewLegQIBRAU\"><span class=\"Y2IQFc\" lang=\"hr\">Preporu\u010dena upotreba derma rollera je 1x do 2x tjedno jer je ko\u017ei potrebno vrijeme za <strong>regeneraciju<\/strong>. Pritisak dermarollera na vlasi\u0161te treba biti <strong>blag<\/strong>, ne smije izazvati bol. Nemojte dijeliti derma roller s drugom osobom iz higijenskih razloga.<\/span><\/p>\n<h2 style=\"text-align: center; clear: both;\"><\/h2>\n<div style=\"display: flex; align-items: center; gap: 20px; flex-wrap: wrap;\">\n<p style=\"max-width: 360px;\">\n<\/div>\n<div id=\"gtx-trans\" style=\"position: absolute; left: 221px; top: 222px;\">\n<div class=\"gtx-trans-icon\"><\/div>\n<\/div>\n","protected":false},"excerpt":{"rendered":"<p><span data-sheets-root=\"1\" data-sheets-value=\"{&quot;1&quot;:2,&quot;2&quot;:&quot;Za dubinsku masa\u017eu s mikro iglicama stimulira folikule dlake i poti\u010de njihov rast &quot;}\" data-sheets-userformat=\"{&quot;2&quot;:897,&quot;3&quot;:{&quot;1&quot;:0},&quot;10&quot;:0,&quot;11&quot;:4,&quot;12&quot;:0}\">Za dubinsku masa\u017eu s mikro iglicama stimulira folikule dlake i poti\u010de njihov rast <\/span><\/p>\n","protected":false},"featured_media":81399,"comment_status":"open","ping_status":"closed","template":"","meta":[],"product_brand":[],"product_cat":[99,108,53,42],"product_tag":[],"class_list":{"0":"post-72300","1":"product","2":"type-product","3":"status-publish","4":"has-post-thumbnail","6":"product_cat-dodaci-kosa","7":"product_cat-kosa-muskarci","8":"product_cat-kosa","9":"product_cat-muskarci","11":"first","12":"instock","13":"sale","14":"taxable","15":"shipping-taxable","16":"purchasable","17":"product-type-simple"},"bundled_by":[],"bundle_stock_status":"instock","bundle_stock_quantity":null,"bundle_virtual":false,"bundle_layout":"","bundle_add_to_cart_form_location":"","bundle_editable_in_cart":false,"bundle_sold_individually_context":"","bundle_item_grouping":"","bundle_min_size":"","bundle_max_size":"","bundled_items":[],"acf":[],"yoast_head":"<!-- This site is optimized with the Yoast SEO plugin v26.5 - https:\/\/yoast.com\/wordpress\/plugins\/seo\/ -->\n<title>Derma roller za masa\u017eu vlasi\u0161ta - Active Luxe Cosmetics<\/title>\n<meta name=\"description\" content=\"Za rast kose Active Luxe Cosmetics igli\u010dasti valjak. \u3030\ufe0f ubrzava mikrocirkulaciju \u3030\ufe0fstimulira uspavane folikule kose. Poti\u010de rast kose.\" \/>\n<meta name=\"robots\" content=\"index, follow, max-snippet:-1, max-image-preview:large, max-video-preview:-1\" \/>\n<link rel=\"canonical\" href=\"https:\/\/activeluxe-cosmetics.com\/hr\/proizvod\/derma-roller-za-vlasiste\/\" \/>\n<meta property=\"og:locale\" content=\"hr_HR\" \/>\n<meta property=\"og:type\" content=\"article\" \/>\n<meta property=\"og:title\" content=\"Derma roller za masa\u017eu vlasi\u0161ta - Active Luxe Cosmetics\" \/>\n<meta property=\"og:description\" content=\"Za rast kose Active Luxe Cosmetics igli\u010dasti valjak. \u3030\ufe0f ubrzava mikrocirkulaciju \u3030\ufe0fstimulira uspavane folikule kose. Poti\u010de rast kose.\" \/>\n<meta property=\"og:url\" content=\"https:\/\/activeluxe-cosmetics.com\/hr\/proizvod\/derma-roller-za-vlasiste\/\" \/>\n<meta property=\"og:site_name\" content=\"Active Luxe Cosmetics\" \/>\n<meta property=\"article:modified_time\" content=\"2026-02-17T08:44:41+00:00\" \/>\n<meta property=\"og:image\" content=\"https:\/\/activeluxe-cosmetics.com\/hr\/wp-content\/uploads\/2024\/01\/Derma_roller.jpg\" \/>\n\t<meta property=\"og:image:width\" content=\"783\" \/>\n\t<meta property=\"og:image:height\" content=\"995\" \/>\n\t<meta property=\"og:image:type\" content=\"image\/jpeg\" \/>\n<meta name=\"twitter:card\" content=\"summary_large_image\" \/>\n<meta name=\"twitter:label1\" content=\"Procijenjeno vrijeme \u010ditanja\" \/>\n\t<meta name=\"twitter:data1\" content=\"3 minute\" \/>\n<script type=\"application\/ld+json\" class=\"yoast-schema-graph\">{\"@context\":\"https:\/\/schema.org\",\"@graph\":[{\"@type\":\"WebPage\",\"@id\":\"https:\/\/activeluxe-cosmetics.com\/hr\/proizvod\/derma-roller-za-vlasiste\/\",\"url\":\"https:\/\/activeluxe-cosmetics.com\/hr\/proizvod\/derma-roller-za-vlasiste\/\",\"name\":\"Derma roller za masa\u017eu vlasi\u0161ta - Active Luxe Cosmetics\",\"isPartOf\":{\"@id\":\"https:\/\/activeluxe-cosmetics.com\/hr\/#website\"},\"primaryImageOfPage\":{\"@id\":\"https:\/\/activeluxe-cosmetics.com\/hr\/proizvod\/derma-roller-za-vlasiste\/#primaryimage\"},\"image\":{\"@id\":\"https:\/\/activeluxe-cosmetics.com\/hr\/proizvod\/derma-roller-za-vlasiste\/#primaryimage\"},\"thumbnailUrl\":\"https:\/\/activeluxe-cosmetics.com\/hr\/wp-content\/uploads\/2024\/01\/Derma_roller.jpg\",\"datePublished\":\"2024-01-10T14:19:25+00:00\",\"dateModified\":\"2026-02-17T08:44:41+00:00\",\"description\":\"Za rast kose Active Luxe Cosmetics igli\u010dasti valjak. \u3030\ufe0f ubrzava mikrocirkulaciju \u3030\ufe0fstimulira uspavane folikule kose. Poti\u010de rast kose.\",\"breadcrumb\":{\"@id\":\"https:\/\/activeluxe-cosmetics.com\/hr\/proizvod\/derma-roller-za-vlasiste\/#breadcrumb\"},\"inLanguage\":\"hr\",\"potentialAction\":[{\"@type\":\"ReadAction\",\"target\":[\"https:\/\/activeluxe-cosmetics.com\/hr\/proizvod\/derma-roller-za-vlasiste\/\"]}]},{\"@type\":\"ImageObject\",\"inLanguage\":\"hr\",\"@id\":\"https:\/\/activeluxe-cosmetics.com\/hr\/proizvod\/derma-roller-za-vlasiste\/#primaryimage\",\"url\":\"https:\/\/activeluxe-cosmetics.com\/hr\/wp-content\/uploads\/2024\/01\/Derma_roller.jpg\",\"contentUrl\":\"https:\/\/activeluxe-cosmetics.com\/hr\/wp-content\/uploads\/2024\/01\/Derma_roller.jpg\",\"width\":783,\"height\":995},{\"@type\":\"BreadcrumbList\",\"@id\":\"https:\/\/activeluxe-cosmetics.com\/hr\/proizvod\/derma-roller-za-vlasiste\/#breadcrumb\",\"itemListElement\":[{\"@type\":\"ListItem\",\"position\":1,\"name\":\"Naslovnica\",\"item\":\"https:\/\/activeluxe-cosmetics.com\/hr\/\"},{\"@type\":\"ListItem\",\"position\":2,\"name\":\"Trgovina\",\"item\":\"https:\/\/activeluxe-cosmetics.com\/hr\/trgovina\/\"},{\"@type\":\"ListItem\",\"position\":3,\"name\":\"Derma roller za masa\u017eu vlasi\u0161ta i rast kose\"}]},{\"@type\":\"WebSite\",\"@id\":\"https:\/\/activeluxe-cosmetics.com\/hr\/#website\",\"url\":\"https:\/\/activeluxe-cosmetics.com\/hr\/\",\"name\":\"Active Luxe Cosmetics\",\"description\":\"\",\"potentialAction\":[{\"@type\":\"SearchAction\",\"target\":{\"@type\":\"EntryPoint\",\"urlTemplate\":\"https:\/\/activeluxe-cosmetics.com\/hr\/?s={search_term_string}\"},\"query-input\":{\"@type\":\"PropertyValueSpecification\",\"valueRequired\":true,\"valueName\":\"search_term_string\"}}],\"inLanguage\":\"hr\"}]}<\/script>\n<!-- \/ Yoast SEO plugin. -->","yoast_head_json":{"title":"Derma roller za masa\u017eu vlasi\u0161ta - Active Luxe Cosmetics","description":"Za rast kose Active Luxe Cosmetics igli\u010dasti valjak. \u3030\ufe0f ubrzava mikrocirkulaciju \u3030\ufe0fstimulira uspavane folikule kose. Poti\u010de rast kose.","robots":{"index":"index","follow":"follow","max-snippet":"max-snippet:-1","max-image-preview":"max-image-preview:large","max-video-preview":"max-video-preview:-1"},"canonical":"https:\/\/activeluxe-cosmetics.com\/hr\/proizvod\/derma-roller-za-vlasiste\/","og_locale":"hr_HR","og_type":"article","og_title":"Derma roller za masa\u017eu vlasi\u0161ta - Active Luxe Cosmetics","og_description":"Za rast kose Active Luxe Cosmetics igli\u010dasti valjak. \u3030\ufe0f ubrzava mikrocirkulaciju \u3030\ufe0fstimulira uspavane folikule kose. Poti\u010de rast kose.","og_url":"https:\/\/activeluxe-cosmetics.com\/hr\/proizvod\/derma-roller-za-vlasiste\/","og_site_name":"Active Luxe Cosmetics","article_modified_time":"2026-02-17T08:44:41+00:00","og_image":[{"width":783,"height":995,"url":"https:\/\/activeluxe-cosmetics.com\/hr\/wp-content\/uploads\/2024\/01\/Derma_roller.jpg","type":"image\/jpeg"}],"twitter_card":"summary_large_image","twitter_misc":{"Procijenjeno vrijeme \u010ditanja":"3 minute"},"schema":{"@context":"https:\/\/schema.org","@graph":[{"@type":"WebPage","@id":"https:\/\/activeluxe-cosmetics.com\/hr\/proizvod\/derma-roller-za-vlasiste\/","url":"https:\/\/activeluxe-cosmetics.com\/hr\/proizvod\/derma-roller-za-vlasiste\/","name":"Derma roller za masa\u017eu vlasi\u0161ta - Active Luxe Cosmetics","isPartOf":{"@id":"https:\/\/activeluxe-cosmetics.com\/hr\/#website"},"primaryImageOfPage":{"@id":"https:\/\/activeluxe-cosmetics.com\/hr\/proizvod\/derma-roller-za-vlasiste\/#primaryimage"},"image":{"@id":"https:\/\/activeluxe-cosmetics.com\/hr\/proizvod\/derma-roller-za-vlasiste\/#primaryimage"},"thumbnailUrl":"https:\/\/activeluxe-cosmetics.com\/hr\/wp-content\/uploads\/2024\/01\/Derma_roller.jpg","datePublished":"2024-01-10T14:19:25+00:00","dateModified":"2026-02-17T08:44:41+00:00","description":"Za rast kose Active Luxe Cosmetics igli\u010dasti valjak. \u3030\ufe0f ubrzava mikrocirkulaciju \u3030\ufe0fstimulira uspavane folikule kose. Poti\u010de rast kose.","breadcrumb":{"@id":"https:\/\/activeluxe-cosmetics.com\/hr\/proizvod\/derma-roller-za-vlasiste\/#breadcrumb"},"inLanguage":"hr","potentialAction":[{"@type":"ReadAction","target":["https:\/\/activeluxe-cosmetics.com\/hr\/proizvod\/derma-roller-za-vlasiste\/"]}]},{"@type":"ImageObject","inLanguage":"hr","@id":"https:\/\/activeluxe-cosmetics.com\/hr\/proizvod\/derma-roller-za-vlasiste\/#primaryimage","url":"https:\/\/activeluxe-cosmetics.com\/hr\/wp-content\/uploads\/2024\/01\/Derma_roller.jpg","contentUrl":"https:\/\/activeluxe-cosmetics.com\/hr\/wp-content\/uploads\/2024\/01\/Derma_roller.jpg","width":783,"height":995},{"@type":"BreadcrumbList","@id":"https:\/\/activeluxe-cosmetics.com\/hr\/proizvod\/derma-roller-za-vlasiste\/#breadcrumb","itemListElement":[{"@type":"ListItem","position":1,"name":"Naslovnica","item":"https:\/\/activeluxe-cosmetics.com\/hr\/"},{"@type":"ListItem","position":2,"name":"Trgovina","item":"https:\/\/activeluxe-cosmetics.com\/hr\/trgovina\/"},{"@type":"ListItem","position":3,"name":"Derma roller za masa\u017eu vlasi\u0161ta i rast kose"}]},{"@type":"WebSite","@id":"https:\/\/activeluxe-cosmetics.com\/hr\/#website","url":"https:\/\/activeluxe-cosmetics.com\/hr\/","name":"Active Luxe Cosmetics","description":"","potentialAction":[{"@type":"SearchAction","target":{"@type":"EntryPoint","urlTemplate":"https:\/\/activeluxe-cosmetics.com\/hr\/?s={search_term_string}"},"query-input":{"@type":"PropertyValueSpecification","valueRequired":true,"valueName":"search_term_string"}}],"inLanguage":"hr"}]}},"_links":{"self":[{"href":"https:\/\/activeluxe-cosmetics.com\/hr\/wp-json\/wp\/v2\/product\/72300","targetHints":{"allow":["GET"]}}],"collection":[{"href":"https:\/\/activeluxe-cosmetics.com\/hr\/wp-json\/wp\/v2\/product"}],"about":[{"href":"https:\/\/activeluxe-cosmetics.com\/hr\/wp-json\/wp\/v2\/types\/product"}],"replies":[{"embeddable":true,"href":"https:\/\/activeluxe-cosmetics.com\/hr\/wp-json\/wp\/v2\/comments?post=72300"}],"wp:featuredmedia":[{"embeddable":true,"href":"https:\/\/activeluxe-cosmetics.com\/hr\/wp-json\/wp\/v2\/media\/81399"}],"wp:attachment":[{"href":"https:\/\/activeluxe-cosmetics.com\/hr\/wp-json\/wp\/v2\/media?parent=72300"}],"wp:term":[{"taxonomy":"product_brand","embeddable":true,"href":"https:\/\/activeluxe-cosmetics.com\/hr\/wp-json\/wp\/v2\/product_brand?post=72300"},{"taxonomy":"product_cat","embeddable":true,"href":"https:\/\/activeluxe-cosmetics.com\/hr\/wp-json\/wp\/v2\/product_cat?post=72300"},{"taxonomy":"product_tag","embeddable":true,"href":"https:\/\/activeluxe-cosmetics.com\/hr\/wp-json\/wp\/v2\/product_tag?post=72300"}],"curies":[{"name":"wp","href":"https:\/\/api.w.org\/{rel}","templated":true}]}}