{"id":72189,"date":"2024-01-10T15:17:54","date_gmt":"2024-01-10T14:17:54","guid":{"rendered":"https:\/\/activeluxe-cosmetics.com\/hr\/?post_type=product&#038;p=72189"},"modified":"2026-01-05T14:08:36","modified_gmt":"2026-01-05T14:08:36","slug":"cetka-za-obrve-2u1","status":"publish","type":"product","link":"https:\/\/activeluxe-cosmetics.com\/hr\/proizvod\/cetka-za-obrve-2u1\/","title":{"rendered":"\u010cetka za obrve 2u1"},"content":{"rendered":"<p><img loading=\"lazy\" decoding=\"async\" class=\"wp-image-80655 size-medium alignright\" src=\"https:\/\/activeluxe-cosmetics.com\/hr\/wp-content\/uploads\/2024\/01\/Group-342-10-460x584.jpg\" alt=\"\" width=\"460\" height=\"584\" srcset=\"https:\/\/activeluxe-cosmetics.com\/hr\/wp-content\/uploads\/2024\/01\/Group-342-10-460x584.jpg 460w, https:\/\/activeluxe-cosmetics.com\/hr\/wp-content\/uploads\/2024\/01\/Group-342-10.jpg 581w\" sizes=\"auto, (max-width: 460px) 100vw, 460px\" \/><\/p>\n<h2><span data-sheets-root=\"1\" data-sheets-value=\"{&quot;1&quot;:2,&quot;2&quot;:&quot;S peelingom do gu\u0161\u0107ih obrva&quot;}\" data-sheets-userformat=\"{&quot;2&quot;:23425,&quot;3&quot;:{&quot;1&quot;:0},&quot;10&quot;:0,&quot;11&quot;:4,&quot;12&quot;:0,&quot;14&quot;:{&quot;1&quot;:2,&quot;2&quot;:16739585},&quot;15&quot;:&quot;Arial&quot;,&quot;17&quot;:1}\">S peelingom do <strong>gu\u0161\u0107ih<\/strong> <strong>obrva<\/strong><\/span><\/h2>\n<p><span data-sheets-root=\"1\" data-sheets-value=\"{&quot;1&quot;:2,&quot;2&quot;:&quot;Piling obrva klju\u010dan je za bolji rast obrva. Osim toga, sprje\u010dava urastanje dla\u010dica koje se na ko\u017ei pojavljuju kao manje izbo\u010dine podru\u010dju obrva.&quot;}\" data-sheets-userformat=\"{&quot;2&quot;:4993,&quot;3&quot;:{&quot;1&quot;:0},&quot;10&quot;:0,&quot;11&quot;:4,&quot;12&quot;:0,&quot;15&quot;:&quot;Arial&quot;}\" data-sheets-textstyleruns=\"{&quot;1&quot;:0}\uee10{&quot;1&quot;:24,&quot;2&quot;:{&quot;2&quot;:{&quot;1&quot;:2,&quot;2&quot;:16739585}}}\uee10{&quot;1&quot;:43}\">Piling obrva klju\u010dan je za bolji rast obrva. Osim toga, sprje\u010dava urastanje dla\u010dica koje se na ko\u017ei pojavljuju kao manje izbo\u010dine podru\u010dju obrva.<\/span><\/p>\n<ul>\n<li><b>ra\u0161\u010de\u0161ljava <\/b>obrve<\/li>\n<li>uklanja <b>mrtve stanice <\/b>s povr\u0161ine ko\u017ee<\/li>\n<li>serum za obrve <b>lak\u0161e se upija<\/b><\/li>\n<\/ul>\n<p>&nbsp;<\/p>\n<p><strong>O\u010disti nepotrebno prije novog rasta<\/strong><\/p>\n<p>Sva kozmetika koju nanosi\u0161 \u2013 od teku\u0107eg i suhog pudera, olovke i sjenila za obrve do maskare za obrve i razli\u010ditih u\u010dvr\u0161\u0107iva\u010da \u2013 po\u010dinje se nakupljati na dla\u010dicama i na ko\u017ei ispod njih. Pilingom obrva jednostavno uklanja\u0161 slojeve suvi\u0161nih proizvoda i mrtvih stanica ko\u017ee te na taj na\u010din omogu\u0107uje\u0161 novim stanicama ko\u017ee da iza\u0111u na povr\u0161inu.<\/p>\n<p>Kad su obrve \u010diste i spremne, na drugoj strani prona\u0107i \u0107e\u0161 kosi kist koji je idealan za precizno nano\u0161enje sjenila za obrve ili za obrubljivanje o\u010diju.<\/p>\n<h2 style=\"text-align: center; clear: both;\"><\/h2>\n<p>&nbsp;<\/p>\n<p>&nbsp;<\/p>\n<p><img loading=\"lazy\" decoding=\"async\" class=\"wp-image-80654 size-medium alignleft\" src=\"https:\/\/activeluxe-cosmetics.com\/hr\/wp-content\/uploads\/2024\/01\/Group-391-11-460x584.jpg\" alt=\"\" width=\"460\" height=\"584\" srcset=\"https:\/\/activeluxe-cosmetics.com\/hr\/wp-content\/uploads\/2024\/01\/Group-391-11-460x584.jpg 460w, https:\/\/activeluxe-cosmetics.com\/hr\/wp-content\/uploads\/2024\/01\/Group-391-11.jpg 581w\" sizes=\"auto, (max-width: 460px) 100vw, 460px\" \/><\/p>\n<h2>Koji je rezultat <strong>peelinga obrva?<\/strong><\/h2>\n<p><span data-sheets-root=\"1\" data-sheets-value=\"{&quot;1&quot;:2,&quot;2&quot;:&quot;Piling obrva sprje\u010dava za\u010depljenje folikula dlake, poti\u010de cirkulaciju krvi i dovodi vi\u0161e kisika stanicama, \u0161to pobolj\u0161ava rast obrva. Posljedica zanemarivanja obrva su krhke i lomljive dla\u010dice koje prerano ispadaju.&quot;}\" data-sheets-userformat=\"{&quot;2&quot;:4480,&quot;10&quot;:0,&quot;11&quot;:4,&quot;15&quot;:&quot;Arial&quot;}\">Piling obrva <strong>sprje\u010dava<\/strong> <strong>za\u010depljenje<\/strong> <strong>folikula<\/strong> dlake, <strong>poti\u010de<\/strong> <strong>cirkulaciju<\/strong> krvi i dovodi <strong>vi\u0161e<\/strong> <strong>kisika<\/strong> stanicama, \u0161to pobolj\u0161ava rast obrva. <\/span><\/p>\n<p><span data-sheets-root=\"1\" data-sheets-value=\"{&quot;1&quot;:2,&quot;2&quot;:&quot;Piling obrva sprje\u010dava za\u010depljenje folikula dlake, poti\u010de cirkulaciju krvi i dovodi vi\u0161e kisika stanicama, \u0161to pobolj\u0161ava rast obrva. Posljedica zanemarivanja obrva su krhke i lomljive dla\u010dice koje prerano ispadaju.&quot;}\" data-sheets-userformat=\"{&quot;2&quot;:4480,&quot;10&quot;:0,&quot;11&quot;:4,&quot;15&quot;:&quot;Arial&quot;}\">Posljedica zanemarivanja obrva su <strong>krhke<\/strong> i <strong>lomljive<\/strong> <strong>dla\u010dice<\/strong> koje prerano ispadaju.<\/span><\/p>\n<p><span data-sheets-root=\"1\" data-sheets-value=\"{&quot;1&quot;:2,&quot;2&quot;:&quot;Redoviti piling obrva posebno se preporu\u010duje pri uporabi Active Brow Seruma za rast obrva jer nakon pilinga serum lak\u0161e prodire dublje u ko\u017eu te je jo\u0161 u\u010dinkovitiji!&quot;}\" data-sheets-userformat=\"{&quot;2&quot;:4993,&quot;3&quot;:{&quot;1&quot;:0},&quot;10&quot;:0,&quot;11&quot;:4,&quot;12&quot;:0,&quot;15&quot;:&quot;Arial&quot;}\" data-sheets-textstyleruns=\"{&quot;1&quot;:0}\uee10{&quot;1&quot;:148,&quot;2&quot;:{&quot;2&quot;:{&quot;1&quot;:2,&quot;2&quot;:16739585}}}\uee10{&quot;1&quot;:152}\">Redoviti piling obrva posebno se preporu\u010duje pri uporabi <strong>Active Brow Seruma za rast obrva<\/strong> jer nakon pilinga serum lak\u0161e prodire dublje u ko\u017eu te je jo\u0161 u\u010dinkovitiji!<\/span><\/p>\n<p>&nbsp;<\/p>\n<div style=\"display: flex; align-items: center; gap: 20px; flex-wrap: wrap;\">\n<p style=\"max-width: 360px;\">\n<\/div>\n<div id=\"gtx-trans\" style=\"position: absolute; left: -39px; top: -20px;\">\n<div class=\"gtx-trans-icon\"><\/div>\n<\/div>\n","protected":false},"excerpt":{"rendered":"<p><span data-sheets-root=\"1\" data-sheets-value=\"{&quot;1&quot;:2,&quot;2&quot;:&quot;Za ra\u0161\u010de\u0161ljavanje i peeling obrva koji poti\u010de cirkulaciju i rast&quot;}\" data-sheets-userformat=\"{&quot;2&quot;:7041,&quot;3&quot;:{&quot;1&quot;:0},&quot;10&quot;:0,&quot;11&quot;:4,&quot;12&quot;:0,&quot;14&quot;:{&quot;1&quot;:2,&quot;2&quot;:16739585},&quot;15&quot;:&quot;Arial&quot;}\">Za ra\u0161\u010de\u0161ljavanje i peeling obrva koji poti\u010de cirkulaciju i rast.<\/span><\/p>\n","protected":false},"featured_media":80656,"comment_status":"open","ping_status":"closed","template":"","meta":[],"product_brand":[],"product_cat":[52],"product_tag":[],"class_list":{"0":"post-72189","1":"product","2":"type-product","3":"status-publish","4":"has-post-thumbnail","6":"product_cat-obrve","8":"first","9":"instock","10":"taxable","11":"shipping-taxable","12":"purchasable","13":"product-type-simple"},"bundled_by":[],"bundle_stock_status":"instock","bundle_stock_quantity":null,"bundle_virtual":false,"bundle_layout":"","bundle_add_to_cart_form_location":"","bundle_editable_in_cart":false,"bundle_sold_individually_context":"","bundle_item_grouping":"","bundle_min_size":"","bundle_max_size":"","bundled_items":[],"acf":[],"yoast_head":"<!-- This site is optimized with the Yoast SEO plugin v26.5 - https:\/\/yoast.com\/wordpress\/plugins\/seo\/ -->\n<title>\u010cetka za obrve 2u1: piling i kist za definiranje i rast obrva<\/title>\n<meta name=\"description\" content=\"Za rast obrva klju\u010dan je peeling! Piling obrva sprje\u010dava za\u010depljenje folikula dlake, poti\u010de cirkulaciju krvi. Kist poma\u017ee u lak\u0161em oblikovanju obrva.\" \/>\n<meta name=\"robots\" content=\"index, follow, max-snippet:-1, max-image-preview:large, max-video-preview:-1\" \/>\n<link rel=\"canonical\" href=\"https:\/\/activeluxe-cosmetics.com\/hr\/proizvod\/cetka-za-obrve-2u1\/\" \/>\n<meta property=\"og:locale\" content=\"hr_HR\" \/>\n<meta property=\"og:type\" content=\"article\" \/>\n<meta property=\"og:title\" content=\"\u010cetka za obrve 2u1: piling i kist za definiranje i rast obrva\" \/>\n<meta property=\"og:description\" content=\"Za rast obrva klju\u010dan je peeling! Piling obrva sprje\u010dava za\u010depljenje folikula dlake, poti\u010de cirkulaciju krvi. Kist poma\u017ee u lak\u0161em oblikovanju obrva.\" \/>\n<meta property=\"og:url\" content=\"https:\/\/activeluxe-cosmetics.com\/hr\/proizvod\/cetka-za-obrve-2u1\/\" \/>\n<meta property=\"og:site_name\" content=\"Active Luxe Cosmetics\" \/>\n<meta property=\"article:modified_time\" content=\"2026-01-05T14:08:36+00:00\" \/>\n<meta property=\"og:image\" content=\"https:\/\/activeluxe-cosmetics.com\/hr\/wp-content\/uploads\/2024\/01\/product_gallery-10.jpg\" \/>\n\t<meta property=\"og:image:width\" content=\"522\" \/>\n\t<meta property=\"og:image:height\" content=\"663\" \/>\n\t<meta property=\"og:image:type\" content=\"image\/jpeg\" \/>\n<meta name=\"twitter:card\" content=\"summary_large_image\" \/>\n<meta name=\"twitter:label1\" content=\"Procijenjeno vrijeme \u010ditanja\" \/>\n\t<meta name=\"twitter:data1\" content=\"2 minute\" \/>\n<script type=\"application\/ld+json\" class=\"yoast-schema-graph\">{\"@context\":\"https:\/\/schema.org\",\"@graph\":[{\"@type\":\"WebPage\",\"@id\":\"https:\/\/activeluxe-cosmetics.com\/hr\/proizvod\/cetka-za-obrve-2u1\/\",\"url\":\"https:\/\/activeluxe-cosmetics.com\/hr\/proizvod\/cetka-za-obrve-2u1\/\",\"name\":\"\u010cetka za obrve 2u1: piling i kist za definiranje i rast obrva\",\"isPartOf\":{\"@id\":\"https:\/\/activeluxe-cosmetics.com\/hr\/#website\"},\"primaryImageOfPage\":{\"@id\":\"https:\/\/activeluxe-cosmetics.com\/hr\/proizvod\/cetka-za-obrve-2u1\/#primaryimage\"},\"image\":{\"@id\":\"https:\/\/activeluxe-cosmetics.com\/hr\/proizvod\/cetka-za-obrve-2u1\/#primaryimage\"},\"thumbnailUrl\":\"https:\/\/activeluxe-cosmetics.com\/hr\/wp-content\/uploads\/2024\/01\/product_gallery-10.jpg\",\"datePublished\":\"2024-01-10T14:17:54+00:00\",\"dateModified\":\"2026-01-05T14:08:36+00:00\",\"description\":\"Za rast obrva klju\u010dan je peeling! Piling obrva sprje\u010dava za\u010depljenje folikula dlake, poti\u010de cirkulaciju krvi. Kist poma\u017ee u lak\u0161em oblikovanju obrva.\",\"breadcrumb\":{\"@id\":\"https:\/\/activeluxe-cosmetics.com\/hr\/proizvod\/cetka-za-obrve-2u1\/#breadcrumb\"},\"inLanguage\":\"hr\",\"potentialAction\":[{\"@type\":\"ReadAction\",\"target\":[\"https:\/\/activeluxe-cosmetics.com\/hr\/proizvod\/cetka-za-obrve-2u1\/\"]}]},{\"@type\":\"ImageObject\",\"inLanguage\":\"hr\",\"@id\":\"https:\/\/activeluxe-cosmetics.com\/hr\/proizvod\/cetka-za-obrve-2u1\/#primaryimage\",\"url\":\"https:\/\/activeluxe-cosmetics.com\/hr\/wp-content\/uploads\/2024\/01\/product_gallery-10.jpg\",\"contentUrl\":\"https:\/\/activeluxe-cosmetics.com\/hr\/wp-content\/uploads\/2024\/01\/product_gallery-10.jpg\",\"width\":522,\"height\":663},{\"@type\":\"BreadcrumbList\",\"@id\":\"https:\/\/activeluxe-cosmetics.com\/hr\/proizvod\/cetka-za-obrve-2u1\/#breadcrumb\",\"itemListElement\":[{\"@type\":\"ListItem\",\"position\":1,\"name\":\"Naslovnica\",\"item\":\"https:\/\/activeluxe-cosmetics.com\/hr\/\"},{\"@type\":\"ListItem\",\"position\":2,\"name\":\"Trgovina\",\"item\":\"https:\/\/activeluxe-cosmetics.com\/hr\/trgovina\/\"},{\"@type\":\"ListItem\",\"position\":3,\"name\":\"\u010cetka za obrve 2u1\"}]},{\"@type\":\"WebSite\",\"@id\":\"https:\/\/activeluxe-cosmetics.com\/hr\/#website\",\"url\":\"https:\/\/activeluxe-cosmetics.com\/hr\/\",\"name\":\"Active Luxe Cosmetics\",\"description\":\"\",\"potentialAction\":[{\"@type\":\"SearchAction\",\"target\":{\"@type\":\"EntryPoint\",\"urlTemplate\":\"https:\/\/activeluxe-cosmetics.com\/hr\/?s={search_term_string}\"},\"query-input\":{\"@type\":\"PropertyValueSpecification\",\"valueRequired\":true,\"valueName\":\"search_term_string\"}}],\"inLanguage\":\"hr\"}]}<\/script>\n<!-- \/ Yoast SEO plugin. -->","yoast_head_json":{"title":"\u010cetka za obrve 2u1: piling i kist za definiranje i rast obrva","description":"Za rast obrva klju\u010dan je peeling! Piling obrva sprje\u010dava za\u010depljenje folikula dlake, poti\u010de cirkulaciju krvi. Kist poma\u017ee u lak\u0161em oblikovanju obrva.","robots":{"index":"index","follow":"follow","max-snippet":"max-snippet:-1","max-image-preview":"max-image-preview:large","max-video-preview":"max-video-preview:-1"},"canonical":"https:\/\/activeluxe-cosmetics.com\/hr\/proizvod\/cetka-za-obrve-2u1\/","og_locale":"hr_HR","og_type":"article","og_title":"\u010cetka za obrve 2u1: piling i kist za definiranje i rast obrva","og_description":"Za rast obrva klju\u010dan je peeling! Piling obrva sprje\u010dava za\u010depljenje folikula dlake, poti\u010de cirkulaciju krvi. Kist poma\u017ee u lak\u0161em oblikovanju obrva.","og_url":"https:\/\/activeluxe-cosmetics.com\/hr\/proizvod\/cetka-za-obrve-2u1\/","og_site_name":"Active Luxe Cosmetics","article_modified_time":"2026-01-05T14:08:36+00:00","og_image":[{"width":522,"height":663,"url":"https:\/\/activeluxe-cosmetics.com\/hr\/wp-content\/uploads\/2024\/01\/product_gallery-10.jpg","type":"image\/jpeg"}],"twitter_card":"summary_large_image","twitter_misc":{"Procijenjeno vrijeme \u010ditanja":"2 minute"},"schema":{"@context":"https:\/\/schema.org","@graph":[{"@type":"WebPage","@id":"https:\/\/activeluxe-cosmetics.com\/hr\/proizvod\/cetka-za-obrve-2u1\/","url":"https:\/\/activeluxe-cosmetics.com\/hr\/proizvod\/cetka-za-obrve-2u1\/","name":"\u010cetka za obrve 2u1: piling i kist za definiranje i rast obrva","isPartOf":{"@id":"https:\/\/activeluxe-cosmetics.com\/hr\/#website"},"primaryImageOfPage":{"@id":"https:\/\/activeluxe-cosmetics.com\/hr\/proizvod\/cetka-za-obrve-2u1\/#primaryimage"},"image":{"@id":"https:\/\/activeluxe-cosmetics.com\/hr\/proizvod\/cetka-za-obrve-2u1\/#primaryimage"},"thumbnailUrl":"https:\/\/activeluxe-cosmetics.com\/hr\/wp-content\/uploads\/2024\/01\/product_gallery-10.jpg","datePublished":"2024-01-10T14:17:54+00:00","dateModified":"2026-01-05T14:08:36+00:00","description":"Za rast obrva klju\u010dan je peeling! Piling obrva sprje\u010dava za\u010depljenje folikula dlake, poti\u010de cirkulaciju krvi. Kist poma\u017ee u lak\u0161em oblikovanju obrva.","breadcrumb":{"@id":"https:\/\/activeluxe-cosmetics.com\/hr\/proizvod\/cetka-za-obrve-2u1\/#breadcrumb"},"inLanguage":"hr","potentialAction":[{"@type":"ReadAction","target":["https:\/\/activeluxe-cosmetics.com\/hr\/proizvod\/cetka-za-obrve-2u1\/"]}]},{"@type":"ImageObject","inLanguage":"hr","@id":"https:\/\/activeluxe-cosmetics.com\/hr\/proizvod\/cetka-za-obrve-2u1\/#primaryimage","url":"https:\/\/activeluxe-cosmetics.com\/hr\/wp-content\/uploads\/2024\/01\/product_gallery-10.jpg","contentUrl":"https:\/\/activeluxe-cosmetics.com\/hr\/wp-content\/uploads\/2024\/01\/product_gallery-10.jpg","width":522,"height":663},{"@type":"BreadcrumbList","@id":"https:\/\/activeluxe-cosmetics.com\/hr\/proizvod\/cetka-za-obrve-2u1\/#breadcrumb","itemListElement":[{"@type":"ListItem","position":1,"name":"Naslovnica","item":"https:\/\/activeluxe-cosmetics.com\/hr\/"},{"@type":"ListItem","position":2,"name":"Trgovina","item":"https:\/\/activeluxe-cosmetics.com\/hr\/trgovina\/"},{"@type":"ListItem","position":3,"name":"\u010cetka za obrve 2u1"}]},{"@type":"WebSite","@id":"https:\/\/activeluxe-cosmetics.com\/hr\/#website","url":"https:\/\/activeluxe-cosmetics.com\/hr\/","name":"Active Luxe Cosmetics","description":"","potentialAction":[{"@type":"SearchAction","target":{"@type":"EntryPoint","urlTemplate":"https:\/\/activeluxe-cosmetics.com\/hr\/?s={search_term_string}"},"query-input":{"@type":"PropertyValueSpecification","valueRequired":true,"valueName":"search_term_string"}}],"inLanguage":"hr"}]}},"_links":{"self":[{"href":"https:\/\/activeluxe-cosmetics.com\/hr\/wp-json\/wp\/v2\/product\/72189","targetHints":{"allow":["GET"]}}],"collection":[{"href":"https:\/\/activeluxe-cosmetics.com\/hr\/wp-json\/wp\/v2\/product"}],"about":[{"href":"https:\/\/activeluxe-cosmetics.com\/hr\/wp-json\/wp\/v2\/types\/product"}],"replies":[{"embeddable":true,"href":"https:\/\/activeluxe-cosmetics.com\/hr\/wp-json\/wp\/v2\/comments?post=72189"}],"wp:featuredmedia":[{"embeddable":true,"href":"https:\/\/activeluxe-cosmetics.com\/hr\/wp-json\/wp\/v2\/media\/80656"}],"wp:attachment":[{"href":"https:\/\/activeluxe-cosmetics.com\/hr\/wp-json\/wp\/v2\/media?parent=72189"}],"wp:term":[{"taxonomy":"product_brand","embeddable":true,"href":"https:\/\/activeluxe-cosmetics.com\/hr\/wp-json\/wp\/v2\/product_brand?post=72189"},{"taxonomy":"product_cat","embeddable":true,"href":"https:\/\/activeluxe-cosmetics.com\/hr\/wp-json\/wp\/v2\/product_cat?post=72189"},{"taxonomy":"product_tag","embeddable":true,"href":"https:\/\/activeluxe-cosmetics.com\/hr\/wp-json\/wp\/v2\/product_tag?post=72189"}],"curies":[{"name":"wp","href":"https:\/\/api.w.org\/{rel}","templated":true}]}}