{"id":72188,"date":"2024-01-10T15:17:54","date_gmt":"2024-01-10T14:17:54","guid":{"rendered":"https:\/\/activeluxe-cosmetics.com\/hr\/?post_type=product&#038;p=72188"},"modified":"2026-03-03T10:44:07","modified_gmt":"2026-03-03T10:44:07","slug":"serum-za-prirodni-rast-obrva","status":"publish","type":"product","link":"https:\/\/activeluxe-cosmetics.com\/hr\/proizvod\/serum-za-prirodni-rast-obrva\/","title":{"rendered":"Serum za rast obrva"},"content":{"rendered":"<h2><img loading=\"lazy\" decoding=\"async\" class=\"alignright wp-image-83218\" src=\"https:\/\/cdn.activeluxe-cosmetics.com\/sl\/wp-content\/uploads\/2024\/01\/05115024\/Izdelek-brez-naslova-2024-04-05T112435.876-1-460x575.png\" alt=\"\" width=\"438\" height=\"547\" \/><strong>Serum za obrve<\/strong> koje uokviruju na\u0161e lice<\/h2>\n<p data-start=\"72\" data-end=\"308\"><strong data-start=\"72\" data-end=\"308\">Jeste li nezadovoljni oblikom svojih obrva? Imate tanke, svijetle, previ\u0161e po\u010dupane ili slabo vidljive obrve? Oprostite se od zamornog svakodnevnog iscrtavanja obrva i koristite Active Luxe Brow serum za prirodan rast i njegu obrva.<\/strong><\/p>\n<p data-start=\"310\" data-end=\"650\">Struktura obrva razlikuje se od strukture trepavica, zato je izuzetno va\u017eno odabrati serum \u010diji su aktivni sastojci posebno odabrani za ja\u010danje obrva, a djelovanje zapo\u010dinje ve\u0107 <strong>u dubini dla\u010dnog folikula<\/strong>. Active Luxe Brow serum za rast obrva prvi je serum na na\u0161em tr\u017ei\u0161tu namijenjen isklju\u010divo njezi i rastu obrva te je dokazano u\u010dinkovit.<\/p>\n<ul>\n<li data-start=\"654\" data-end=\"682\"><strong>Poti\u010de prirodan rast obrva<\/strong><\/li>\n<li data-start=\"654\" data-end=\"682\"><strong>Ja\u010da krhke obrve<\/strong><\/li>\n<li data-start=\"654\" data-end=\"682\"><strong>Sprje\u010dava lomljenje i ispadanje obrva<\/strong><\/li>\n<li data-start=\"654\" data-end=\"682\"><strong>Odr\u017eava elasti\u010dnost i fleksibilnost obrva<\/strong><\/li>\n<\/ul>\n<h2><\/h2>\n<p>&nbsp;<\/p>\n<p>&nbsp;<\/p>\n<p>&nbsp;<\/p>\n<p>&nbsp;<\/p>\n<p>&nbsp;<\/p>\n<p><img loading=\"lazy\" decoding=\"async\" class=\" wp-image-96710 alignleft\" src=\"https:\/\/cdn.activeluxe-cosmetics.com\/sl\/wp-content\/uploads\/2024\/01\/04102316\/brow-serum-iva-460x575.png\" alt=\"\" width=\"470\" height=\"587\" \/><\/p>\n<h2><strong>Za\u0161to je Active Brow serum<\/strong> za rast obrva toliko u\u010dinkovit?<\/h2>\n<p>U na\u0161em laboratoriju stru\u010dnjaci iz podru\u010dja kemije i farmacije razvili su jedinstvenu formulu iz kompleksa <strong>aminokiselina<\/strong>, <strong>hranjivih tvari<\/strong>, <strong>vitamina B<\/strong> <strong>skupine<\/strong>, <strong>vitamina E<\/strong> i <strong>antioksidansa<\/strong>, koja intenzivno djeluje <strong>izravno na folikul dlake<\/strong>, odnosno korijen obrve. Ve\u0107 nakon nekoliko tjedana redovite uporabe, serum poti\u010de vidljiv rast obrva na mjestima gdje one vi\u0161e nisu rasle.<\/p>\n<p data-start=\"67\" data-end=\"213\">Active Brow serum za rast obrva <strong data-start=\"67\" data-end=\"209\">siguran je i prikladan za svakodnevnu uporabu. <\/strong>Njegova <strong data-start=\"67\" data-end=\"209\">100 % u\u010dinkovitost <\/strong>potvr\u0111ena je klini\u010dkom studijom.<\/p>\n<ul>\n<li><strong>U klini\u010dkim ispitivanjima primjena Active Brow seruma pokazala je pobolj\u0161anje izgleda gusto\u0107e obrva, zbog \u010dega su obrve djelovale punije, gu\u0161\u0107e i tamnije.<\/strong><\/li>\n<li><strong>Active Brow serum svojom inovativnom formulom ne samo da zgu\u0161njava obrve, ve\u0107 i sprje\u010dava njihovo ispadanje i lomljenje.<\/strong><\/li>\n<li><strong>Active Brow serum za rast obrva siguran je i za osobe s osjetljivom ko\u017eom.<\/strong><\/li>\n<\/ul>\n<h2><\/h2>\n<h2><\/h2>\n<h2><\/h2>\n<p>&nbsp;<\/p>\n<p>&nbsp;<\/p>\n<h2><img loading=\"lazy\" decoding=\"async\" class=\" wp-image-105847 alignright\" src=\"https:\/\/cdn.activeluxe-cosmetics.com\/sl\/wp-content\/uploads\/2024\/01\/15032402\/brow_growth_serum.png\" alt=\"\" width=\"487\" height=\"608\" \/><\/h2>\n<h2>Previ\u0161e po\u010dupane obrve? <strong>Postoji rje\u0161enje!<\/strong><\/h2>\n<p data-start=\"64\" data-end=\"170\">Ovo je<strong data-start=\"64\" data-end=\"170\"> kraj zamornog iscrtavanja obrva <\/strong>kod ku\u0107e ili skupog trajnog iscrtavanja u kozmeti\u010dkim salonima!<\/p>\n<p data-start=\"172\" data-end=\"346\">Ako ste obrve previ\u0161e po\u010dupali i vi\u0161e vam ne rastu, aktivni sastojci Active Luxe Brow seruma potaknut \u0107e njihov rast te kona\u010dno ukloniti asimetri\u010dne, rijetke i tanke obrve.<\/p>\n<p>Aktivni sastojci Active Brow seruma <strong>njeguju tvoje obrve<\/strong>, <strong>ja\u010daju ih<\/strong>, <strong>poti\u010du ras<\/strong>t i na mjestima gdje su bile previ\u0161e po\u010dupane te tako poma\u017eu u uklanjanju nepravilnosti nastalih zbog prija\u0161njeg asimetri\u010dnog oblikovanja obrva.<\/p>\n<ul>\n<li><strong>Koncentrirana formula koja klini\u010dki dokazano poti\u010de rast obrva<\/strong><\/li>\n<li><strong>Obrve ponovno po\u010dinju rasti i na mjestima gdje zbog pretjeranog \u010dupanja vi\u0161e ne rastu<\/strong><\/li>\n<li><strong>Poti\u010de rast obrva, ja\u010da ih, zgu\u0161njava i hrani ve\u0107 u samo nekoliko tjedana<\/strong><\/li>\n<li><strong>Prvi rezultati vidljivi su ve\u0107 nakon otprilike pet tjedana, a dovoljan je samo jedan nanos prije spavanja<\/strong><\/li>\n<\/ul>\n<p>&nbsp;<\/p>\n<p><iframe loading=\"lazy\" title=\"Pravilen nanos seruma za rast obrvi | Active Luxe Cosmetics\" width=\"1020\" height=\"574\" src=\"https:\/\/www.youtube.com\/embed\/GpFRS4UYRGQ?feature=oembed&#038;enablejsapi=1&#038;origin=https:\/\/activeluxe-cosmetics.com\" frameborder=\"0\" allow=\"accelerometer; autoplay; clipboard-write; encrypted-media; gyroscope; picture-in-picture; web-share\" referrerpolicy=\"strict-origin-when-cross-origin\" allowfullscreen><\/iframe><\/p>\n<div style=\"display: flex; align-items: center; gap: 20px; flex-wrap: wrap;\">\n<p style=\"max-width: 360px;\">\n<\/div>\n","protected":false},"excerpt":{"rendered":"<p><span data-sheets-root=\"1\" data-sheets-value=\"{&quot;1&quot;:2,&quot;2&quot;:&quot;Za gu\u0161\u0107e i punije prirodne obrve u nekoliko tjedana, klini\u010dki testiran&quot;}\" data-sheets-userformat=\"{&quot;2&quot;:7041,&quot;3&quot;:{&quot;1&quot;:0},&quot;10&quot;:0,&quot;11&quot;:4,&quot;12&quot;:0,&quot;14&quot;:{&quot;1&quot;:2,&quot;2&quot;:16739585},&quot;15&quot;:&quot;Arial&quot;}\">Za gu\u0161\u0107e i punije prirodne obrve u nekoliko tjedana, klini\u010dki testiran.<\/span><\/p>\n","protected":false},"featured_media":81531,"comment_status":"open","ping_status":"closed","template":"","meta":[],"product_brand":[],"product_cat":[52,95],"product_tag":[],"class_list":{"0":"post-72188","1":"product","2":"type-product","3":"status-publish","4":"has-post-thumbnail","6":"product_cat-obrve","7":"product_cat-serumi-obrve","9":"first","10":"instock","11":"sale","12":"taxable","13":"shipping-taxable","14":"purchasable","15":"product-type-variable"},"bundled_by":[],"bundle_stock_status":"instock","bundle_stock_quantity":null,"bundle_virtual":false,"bundle_layout":"","bundle_add_to_cart_form_location":"","bundle_editable_in_cart":false,"bundle_sold_individually_context":"","bundle_item_grouping":"","bundle_min_size":"","bundle_max_size":"","bundled_items":[],"acf":[],"yoast_head":"<!-- This site is optimized with the Yoast SEO plugin v26.5 - https:\/\/yoast.com\/wordpress\/plugins\/seo\/ -->\n<title>Serum za rast obrva - Active Luxe Cosmetics<\/title>\n<meta name=\"description\" content=\"Serum za rast obrva Active Luxe. Vra\u0107a gusto\u0107u obrvama na prirodan na\u010din. Popravlja stanje nakon nespretno po\u010dupanih obrva. Rezultati u par tjedana.\" \/>\n<meta name=\"robots\" content=\"index, follow, max-snippet:-1, max-image-preview:large, max-video-preview:-1\" \/>\n<link rel=\"canonical\" href=\"https:\/\/activeluxe-cosmetics.com\/hr\/proizvod\/serum-za-prirodni-rast-obrva\/\" \/>\n<meta property=\"og:locale\" content=\"hr_HR\" \/>\n<meta property=\"og:type\" content=\"article\" \/>\n<meta property=\"og:title\" content=\"Serum za rast obrva - Active Luxe Cosmetics\" \/>\n<meta property=\"og:description\" content=\"Serum za rast obrva Active Luxe. Vra\u0107a gusto\u0107u obrvama na prirodan na\u010din. Popravlja stanje nakon nespretno po\u010dupanih obrva. Rezultati u par tjedana.\" \/>\n<meta property=\"og:url\" content=\"https:\/\/activeluxe-cosmetics.com\/hr\/proizvod\/serum-za-prirodni-rast-obrva\/\" \/>\n<meta property=\"og:site_name\" content=\"Active Luxe Cosmetics\" \/>\n<meta property=\"article:modified_time\" content=\"2026-03-03T10:44:07+00:00\" \/>\n<meta property=\"og:image\" content=\"https:\/\/activeluxe-cosmetics.com\/hr\/wp-content\/uploads\/2024\/01\/Brow_serum.jpg\" \/>\n\t<meta property=\"og:image:width\" content=\"783\" \/>\n\t<meta property=\"og:image:height\" content=\"995\" \/>\n\t<meta property=\"og:image:type\" content=\"image\/jpeg\" \/>\n<meta name=\"twitter:card\" content=\"summary_large_image\" \/>\n<meta name=\"twitter:label1\" content=\"Procijenjeno vrijeme \u010ditanja\" \/>\n\t<meta name=\"twitter:data1\" content=\"3 minute\" \/>\n<script type=\"application\/ld+json\" class=\"yoast-schema-graph\">{\"@context\":\"https:\/\/schema.org\",\"@graph\":[{\"@type\":\"WebPage\",\"@id\":\"https:\/\/activeluxe-cosmetics.com\/hr\/proizvod\/serum-za-prirodni-rast-obrva\/\",\"url\":\"https:\/\/activeluxe-cosmetics.com\/hr\/proizvod\/serum-za-prirodni-rast-obrva\/\",\"name\":\"Serum za rast obrva - Active Luxe Cosmetics\",\"isPartOf\":{\"@id\":\"https:\/\/activeluxe-cosmetics.com\/hr\/#website\"},\"primaryImageOfPage\":{\"@id\":\"https:\/\/activeluxe-cosmetics.com\/hr\/proizvod\/serum-za-prirodni-rast-obrva\/#primaryimage\"},\"image\":{\"@id\":\"https:\/\/activeluxe-cosmetics.com\/hr\/proizvod\/serum-za-prirodni-rast-obrva\/#primaryimage\"},\"thumbnailUrl\":\"https:\/\/activeluxe-cosmetics.com\/hr\/wp-content\/uploads\/2024\/01\/Brow_serum.jpg\",\"datePublished\":\"2024-01-10T14:17:54+00:00\",\"dateModified\":\"2026-03-03T10:44:07+00:00\",\"description\":\"Serum za rast obrva Active Luxe. Vra\u0107a gusto\u0107u obrvama na prirodan na\u010din. Popravlja stanje nakon nespretno po\u010dupanih obrva. Rezultati u par tjedana.\",\"breadcrumb\":{\"@id\":\"https:\/\/activeluxe-cosmetics.com\/hr\/proizvod\/serum-za-prirodni-rast-obrva\/#breadcrumb\"},\"inLanguage\":\"hr\",\"potentialAction\":[{\"@type\":\"ReadAction\",\"target\":[\"https:\/\/activeluxe-cosmetics.com\/hr\/proizvod\/serum-za-prirodni-rast-obrva\/\"]}]},{\"@type\":\"ImageObject\",\"inLanguage\":\"hr\",\"@id\":\"https:\/\/activeluxe-cosmetics.com\/hr\/proizvod\/serum-za-prirodni-rast-obrva\/#primaryimage\",\"url\":\"https:\/\/activeluxe-cosmetics.com\/hr\/wp-content\/uploads\/2024\/01\/Brow_serum.jpg\",\"contentUrl\":\"https:\/\/activeluxe-cosmetics.com\/hr\/wp-content\/uploads\/2024\/01\/Brow_serum.jpg\",\"width\":783,\"height\":995},{\"@type\":\"BreadcrumbList\",\"@id\":\"https:\/\/activeluxe-cosmetics.com\/hr\/proizvod\/serum-za-prirodni-rast-obrva\/#breadcrumb\",\"itemListElement\":[{\"@type\":\"ListItem\",\"position\":1,\"name\":\"Naslovnica\",\"item\":\"https:\/\/activeluxe-cosmetics.com\/hr\/\"},{\"@type\":\"ListItem\",\"position\":2,\"name\":\"Trgovina\",\"item\":\"https:\/\/activeluxe-cosmetics.com\/hr\/trgovina\/\"},{\"@type\":\"ListItem\",\"position\":3,\"name\":\"Serum za rast obrva\"}]},{\"@type\":\"WebSite\",\"@id\":\"https:\/\/activeluxe-cosmetics.com\/hr\/#website\",\"url\":\"https:\/\/activeluxe-cosmetics.com\/hr\/\",\"name\":\"Active Luxe Cosmetics\",\"description\":\"\",\"potentialAction\":[{\"@type\":\"SearchAction\",\"target\":{\"@type\":\"EntryPoint\",\"urlTemplate\":\"https:\/\/activeluxe-cosmetics.com\/hr\/?s={search_term_string}\"},\"query-input\":{\"@type\":\"PropertyValueSpecification\",\"valueRequired\":true,\"valueName\":\"search_term_string\"}}],\"inLanguage\":\"hr\"}]}<\/script>\n<!-- \/ Yoast SEO plugin. -->","yoast_head_json":{"title":"Serum za rast obrva - Active Luxe Cosmetics","description":"Serum za rast obrva Active Luxe. Vra\u0107a gusto\u0107u obrvama na prirodan na\u010din. Popravlja stanje nakon nespretno po\u010dupanih obrva. Rezultati u par tjedana.","robots":{"index":"index","follow":"follow","max-snippet":"max-snippet:-1","max-image-preview":"max-image-preview:large","max-video-preview":"max-video-preview:-1"},"canonical":"https:\/\/activeluxe-cosmetics.com\/hr\/proizvod\/serum-za-prirodni-rast-obrva\/","og_locale":"hr_HR","og_type":"article","og_title":"Serum za rast obrva - Active Luxe Cosmetics","og_description":"Serum za rast obrva Active Luxe. Vra\u0107a gusto\u0107u obrvama na prirodan na\u010din. Popravlja stanje nakon nespretno po\u010dupanih obrva. Rezultati u par tjedana.","og_url":"https:\/\/activeluxe-cosmetics.com\/hr\/proizvod\/serum-za-prirodni-rast-obrva\/","og_site_name":"Active Luxe Cosmetics","article_modified_time":"2026-03-03T10:44:07+00:00","og_image":[{"width":783,"height":995,"url":"https:\/\/activeluxe-cosmetics.com\/hr\/wp-content\/uploads\/2024\/01\/Brow_serum.jpg","type":"image\/jpeg"}],"twitter_card":"summary_large_image","twitter_misc":{"Procijenjeno vrijeme \u010ditanja":"3 minute"},"schema":{"@context":"https:\/\/schema.org","@graph":[{"@type":"WebPage","@id":"https:\/\/activeluxe-cosmetics.com\/hr\/proizvod\/serum-za-prirodni-rast-obrva\/","url":"https:\/\/activeluxe-cosmetics.com\/hr\/proizvod\/serum-za-prirodni-rast-obrva\/","name":"Serum za rast obrva - Active Luxe Cosmetics","isPartOf":{"@id":"https:\/\/activeluxe-cosmetics.com\/hr\/#website"},"primaryImageOfPage":{"@id":"https:\/\/activeluxe-cosmetics.com\/hr\/proizvod\/serum-za-prirodni-rast-obrva\/#primaryimage"},"image":{"@id":"https:\/\/activeluxe-cosmetics.com\/hr\/proizvod\/serum-za-prirodni-rast-obrva\/#primaryimage"},"thumbnailUrl":"https:\/\/activeluxe-cosmetics.com\/hr\/wp-content\/uploads\/2024\/01\/Brow_serum.jpg","datePublished":"2024-01-10T14:17:54+00:00","dateModified":"2026-03-03T10:44:07+00:00","description":"Serum za rast obrva Active Luxe. Vra\u0107a gusto\u0107u obrvama na prirodan na\u010din. Popravlja stanje nakon nespretno po\u010dupanih obrva. Rezultati u par tjedana.","breadcrumb":{"@id":"https:\/\/activeluxe-cosmetics.com\/hr\/proizvod\/serum-za-prirodni-rast-obrva\/#breadcrumb"},"inLanguage":"hr","potentialAction":[{"@type":"ReadAction","target":["https:\/\/activeluxe-cosmetics.com\/hr\/proizvod\/serum-za-prirodni-rast-obrva\/"]}]},{"@type":"ImageObject","inLanguage":"hr","@id":"https:\/\/activeluxe-cosmetics.com\/hr\/proizvod\/serum-za-prirodni-rast-obrva\/#primaryimage","url":"https:\/\/activeluxe-cosmetics.com\/hr\/wp-content\/uploads\/2024\/01\/Brow_serum.jpg","contentUrl":"https:\/\/activeluxe-cosmetics.com\/hr\/wp-content\/uploads\/2024\/01\/Brow_serum.jpg","width":783,"height":995},{"@type":"BreadcrumbList","@id":"https:\/\/activeluxe-cosmetics.com\/hr\/proizvod\/serum-za-prirodni-rast-obrva\/#breadcrumb","itemListElement":[{"@type":"ListItem","position":1,"name":"Naslovnica","item":"https:\/\/activeluxe-cosmetics.com\/hr\/"},{"@type":"ListItem","position":2,"name":"Trgovina","item":"https:\/\/activeluxe-cosmetics.com\/hr\/trgovina\/"},{"@type":"ListItem","position":3,"name":"Serum za rast obrva"}]},{"@type":"WebSite","@id":"https:\/\/activeluxe-cosmetics.com\/hr\/#website","url":"https:\/\/activeluxe-cosmetics.com\/hr\/","name":"Active Luxe Cosmetics","description":"","potentialAction":[{"@type":"SearchAction","target":{"@type":"EntryPoint","urlTemplate":"https:\/\/activeluxe-cosmetics.com\/hr\/?s={search_term_string}"},"query-input":{"@type":"PropertyValueSpecification","valueRequired":true,"valueName":"search_term_string"}}],"inLanguage":"hr"}]}},"_links":{"self":[{"href":"https:\/\/activeluxe-cosmetics.com\/hr\/wp-json\/wp\/v2\/product\/72188","targetHints":{"allow":["GET"]}}],"collection":[{"href":"https:\/\/activeluxe-cosmetics.com\/hr\/wp-json\/wp\/v2\/product"}],"about":[{"href":"https:\/\/activeluxe-cosmetics.com\/hr\/wp-json\/wp\/v2\/types\/product"}],"replies":[{"embeddable":true,"href":"https:\/\/activeluxe-cosmetics.com\/hr\/wp-json\/wp\/v2\/comments?post=72188"}],"wp:featuredmedia":[{"embeddable":true,"href":"https:\/\/activeluxe-cosmetics.com\/hr\/wp-json\/wp\/v2\/media\/81531"}],"wp:attachment":[{"href":"https:\/\/activeluxe-cosmetics.com\/hr\/wp-json\/wp\/v2\/media?parent=72188"}],"wp:term":[{"taxonomy":"product_brand","embeddable":true,"href":"https:\/\/activeluxe-cosmetics.com\/hr\/wp-json\/wp\/v2\/product_brand?post=72188"},{"taxonomy":"product_cat","embeddable":true,"href":"https:\/\/activeluxe-cosmetics.com\/hr\/wp-json\/wp\/v2\/product_cat?post=72188"},{"taxonomy":"product_tag","embeddable":true,"href":"https:\/\/activeluxe-cosmetics.com\/hr\/wp-json\/wp\/v2\/product_tag?post=72188"}],"curies":[{"name":"wp","href":"https:\/\/api.w.org\/{rel}","templated":true}]}}