{"id":72185,"date":"2024-01-10T15:17:54","date_gmt":"2024-01-10T14:17:54","guid":{"rendered":"https:\/\/activeluxe-cosmetics.com\/hr\/?post_type=product&#038;p=72185"},"modified":"2026-01-05T13:49:12","modified_gmt":"2026-01-05T13:49:12","slug":"wild-lash-podloga-za-maskaru-i-njegu-trepavica","status":"publish","type":"product","link":"https:\/\/activeluxe-cosmetics.com\/hr\/proizvod\/wild-lash-podloga-za-maskaru-i-njegu-trepavica\/","title":{"rendered":"Wild Lash podloga za maskaru i njegu trepavica"},"content":{"rendered":"<p><img loading=\"lazy\" decoding=\"async\" class=\"size-medium wp-image-72266 alignright\" src=\"https:\/\/activeluxe-cosmetics.com\/hr\/wp-content\/uploads\/2024\/01\/kristina-1-460x460.png\" alt=\"\" width=\"460\" height=\"460\" srcset=\"https:\/\/activeluxe-cosmetics.com\/hr\/wp-content\/uploads\/2024\/01\/kristina-1-460x460.png 460w, https:\/\/activeluxe-cosmetics.com\/hr\/wp-content\/uploads\/2024\/01\/kristina-1-100x100.png 100w, https:\/\/activeluxe-cosmetics.com\/hr\/wp-content\/uploads\/2024\/01\/kristina-1-600x600.png 600w, https:\/\/activeluxe-cosmetics.com\/hr\/wp-content\/uploads\/2024\/01\/kristina-1-150x150.png 150w, https:\/\/activeluxe-cosmetics.com\/hr\/wp-content\/uploads\/2024\/01\/kristina-1-768x768.png 768w, https:\/\/activeluxe-cosmetics.com\/hr\/wp-content\/uploads\/2024\/01\/kristina-1-1024x1024.png 1024w, https:\/\/activeluxe-cosmetics.com\/hr\/wp-content\/uploads\/2024\/01\/kristina-1-300x300.png 300w, https:\/\/activeluxe-cosmetics.com\/hr\/wp-content\/uploads\/2024\/01\/kristina-1.png 1080w\" sizes=\"auto, (max-width: 460px) 100vw, 460px\" \/><\/p>\n<h2><span data-sheets-root=\"1\" data-sheets-value=\"{&quot;1&quot;:2,&quot;2&quot;:&quot;Ako jo\u0161 nisi prona\u0161la \u017eeljeni efekt maskare \u2013 ovo je faktor koji nedostaje!&quot;}\" data-sheets-userformat=\"{&quot;2&quot;:21377,&quot;3&quot;:{&quot;1&quot;:0},&quot;10&quot;:0,&quot;11&quot;:4,&quot;12&quot;:0,&quot;15&quot;:&quot;Arial&quot;,&quot;17&quot;:1}\" data-sheets-textstyleruns=\"{&quot;1&quot;:0,&quot;2&quot;:{&quot;2&quot;:{&quot;1&quot;:2,&quot;2&quot;:16739585}}}\uee10{&quot;1&quot;:21}\">Ako jo\u0161 nisi prona\u0161la \u017eeljeni <strong>efekt<\/strong> <strong>maskare<\/strong> \u2013 ovo je faktor koji nedostaje<\/span><\/h2>\n<p><span data-sheets-root=\"1\" data-sheets-value=\"{&quot;1&quot;:2,&quot;2&quot;:&quot;Wild Lash je jedina podloga za maskaru koja djeluje na rast prirodnih trepavica, a istovremeno ih \u0161titi od ispadanja i lomljenja!&quot;}\" data-sheets-userformat=\"{&quot;2&quot;:4993,&quot;3&quot;:{&quot;1&quot;:0},&quot;10&quot;:0,&quot;11&quot;:4,&quot;12&quot;:0,&quot;15&quot;:&quot;Arial&quot;}\" data-sheets-textstyleruns=\"{&quot;1&quot;:0,&quot;2&quot;:{&quot;2&quot;:{&quot;1&quot;:2,&quot;2&quot;:16739585}}}\uee10{&quot;1&quot;:9}\uee10{&quot;1&quot;:60,&quot;2&quot;:{&quot;2&quot;:{&quot;1&quot;:2,&quot;2&quot;:16739585}}}\uee10{&quot;1&quot;:70}\">Wild Lash je jedina podloga za maskaru koja djeluje na rast prirodnih trepavica, a istovremeno ih \u0161titi od ispadanja i lomljenja!<\/span><\/p>\n<p><span data-sheets-root=\"1\" data-sheets-value=\"{&quot;1&quot;:2,&quot;2&quot;:&quot;Ovaj primer je inovativna formula koja sadr\u017ei sastojak Biothinoyl Tripeptide koji prilikom svakog nano\u0161enja oja\u010dava korijen trepavice. Ulje jojobe, suncokretovo ulje i karite maslac dodatno njeguju trepavice i daju im elasti\u010dnost. &quot;}\" data-sheets-userformat=\"{&quot;2&quot;:4993,&quot;3&quot;:{&quot;1&quot;:0},&quot;10&quot;:0,&quot;11&quot;:4,&quot;12&quot;:0,&quot;15&quot;:&quot;Arial&quot;}\" data-sheets-textstyleruns=\"{&quot;1&quot;:0}\uee10{&quot;1&quot;:12,&quot;2&quot;:{&quot;2&quot;:{&quot;1&quot;:2,&quot;2&quot;:16739585}}}\uee10{&quot;1&quot;:33}\uee10{&quot;1&quot;:34,&quot;2&quot;:{&quot;2&quot;:{&quot;1&quot;:2,&quot;2&quot;:16739585}}}\uee10{&quot;1&quot;:39}\uee10{&quot;1&quot;:182,&quot;2&quot;:{&quot;2&quot;:{&quot;1&quot;:2,&quot;2&quot;:16739585}}}\uee10{&quot;1&quot;:190}\">Ovaj primer je inovativna formula koja sadr\u017ei sastojak Biothinoyl Tripeptide koji prilikom svakog nano\u0161enja <strong>oja\u010dava korijen trepavice<\/strong>. Ulje jojobe, suncokretovo ulje i karite maslac dodatno njeguju trepavice i daju im elasti\u010dnost. <\/span><\/p>\n<ul>\n<li><span data-sheets-root=\"1\" data-sheets-value=\"{&quot;1&quot;:2,&quot;2&quot;:&quot;Ra\u0161\u010de\u0161ljava trepavice&quot;}\" data-sheets-userformat=\"{&quot;2&quot;:4480,&quot;10&quot;:0,&quot;11&quot;:4,&quot;15&quot;:&quot;Arial&quot;}\"><strong>Ra\u0161\u010de\u0161ljava<\/strong> trepavice<\/span><\/li>\n<li><span data-sheets-root=\"1\" data-sheets-value=\"{&quot;1&quot;:2,&quot;2&quot;:&quot;Oja\u010dava korijen trepavica&quot;}\" data-sheets-userformat=\"{&quot;2&quot;:4480,&quot;10&quot;:0,&quot;11&quot;:4,&quot;15&quot;:&quot;Arial&quot;}\"><strong>Oja\u010dava<\/strong> korijen trepavica<\/span><\/li>\n<li><span data-sheets-root=\"1\" data-sheets-value=\"{&quot;1&quot;:2,&quot;2&quot;:&quot;\u0160titi trepavice od lomljenja prilikom skidanja \u0161minke&quot;}\" data-sheets-userformat=\"{&quot;2&quot;:4480,&quot;10&quot;:0,&quot;11&quot;:4,&quot;15&quot;:&quot;Arial&quot;}\"><strong>\u0160titi<\/strong> <strong>trepavice<\/strong> od lomljenja prilikom skidanja \u0161minke<\/span><\/li>\n<li><span data-sheets-root=\"1\" data-sheets-value=\"{&quot;1&quot;:2,&quot;2&quot;:&quot;Mogu\u0107e ga je koristiti i samostalno kao balzam za njegu prije spavanja&quot;}\" data-sheets-userformat=\"{&quot;2&quot;:4480,&quot;10&quot;:0,&quot;11&quot;:4,&quot;15&quot;:&quot;Arial&quot;}\">Mogu\u0107e ga je koristiti i samostalno kao balzam za njegu prije spavanja<\/span><\/li>\n<\/ul>\n<h2 style=\"text-align: center; clear: both;\"><\/h2>\n<p>&nbsp;<\/p>\n<p><img loading=\"lazy\" decoding=\"async\" class=\"wp-image-72267 alignleft\" src=\"https:\/\/activeluxe-cosmetics.com\/hr\/wp-content\/uploads\/2024\/01\/katarina_trepke-1-1-460x460.png\" alt=\"\" width=\"432\" height=\"432\" srcset=\"https:\/\/activeluxe-cosmetics.com\/hr\/wp-content\/uploads\/2024\/01\/katarina_trepke-1-1-460x460.png 460w, https:\/\/activeluxe-cosmetics.com\/hr\/wp-content\/uploads\/2024\/01\/katarina_trepke-1-1-100x100.png 100w, https:\/\/activeluxe-cosmetics.com\/hr\/wp-content\/uploads\/2024\/01\/katarina_trepke-1-1-600x600.png 600w, https:\/\/activeluxe-cosmetics.com\/hr\/wp-content\/uploads\/2024\/01\/katarina_trepke-1-1-150x150.png 150w, https:\/\/activeluxe-cosmetics.com\/hr\/wp-content\/uploads\/2024\/01\/katarina_trepke-1-1-768x768.png 768w, https:\/\/activeluxe-cosmetics.com\/hr\/wp-content\/uploads\/2024\/01\/katarina_trepke-1-1-1024x1024.png 1024w, https:\/\/activeluxe-cosmetics.com\/hr\/wp-content\/uploads\/2024\/01\/katarina_trepke-1-1-300x300.png 300w, https:\/\/activeluxe-cosmetics.com\/hr\/wp-content\/uploads\/2024\/01\/katarina_trepke-1-1.png 1080w\" sizes=\"auto, (max-width: 432px) 100vw, 432px\" \/><\/p>\n<h2>Jedina podloga za nano\u0161enje maskare koja <strong>djeluje na rast trepavica<\/strong><\/h2>\n<p>Dodatni bonus Wild Lash podloge za nano\u0161enje maskare je njezin njeguju\u0107i u\u010dinak \u2013 dubinski <strong>hrani trepavice<\/strong> i <strong>ubrzava njihov rast<\/strong>.<\/p>\n<p>Wild Lash primer sadr\u017ei inovativnu formulu koja stimulira i ja\u010da folikul dlake trepavica.<\/p>\n<p>Klini\u010dke studije su pokazale da uz redovitu upotrebu trepavice rastu 2,6x br\u017ee nego ina\u010de!<\/p>\n<h2 style=\"text-align: center; clear: both;\"><\/h2>\n<p>&nbsp;<\/p>\n<h2><span data-sheets-root=\"1\" data-sheets-value=\"{&quot;1&quot;:2,&quot;2&quot;:&quot;Savr\u0161eni izgled trepavica, uz dubinsku njegu&quot;}\" data-sheets-userformat=\"{&quot;2&quot;:23425,&quot;3&quot;:{&quot;1&quot;:0},&quot;10&quot;:0,&quot;11&quot;:4,&quot;12&quot;:0,&quot;14&quot;:{&quot;1&quot;:2,&quot;2&quot;:16739585},&quot;15&quot;:&quot;Arial&quot;,&quot;17&quot;:1}\"><img loading=\"lazy\" decoding=\"async\" class=\" wp-image-92834 alignright\" src=\"https:\/\/activeluxe-cosmetics.com\/hr\/wp-content\/uploads\/2024\/01\/wildlashprimer-2-460x575.png\" alt=\"\" width=\"375\" height=\"469\" srcset=\"https:\/\/activeluxe-cosmetics.com\/hr\/wp-content\/uploads\/2024\/01\/wildlashprimer-2-460x575.png 460w, https:\/\/activeluxe-cosmetics.com\/hr\/wp-content\/uploads\/2024\/01\/wildlashprimer-2-819x1024.png 819w, https:\/\/activeluxe-cosmetics.com\/hr\/wp-content\/uploads\/2024\/01\/wildlashprimer-2-768x960.png 768w, https:\/\/activeluxe-cosmetics.com\/hr\/wp-content\/uploads\/2024\/01\/wildlashprimer-2-600x750.png 600w, https:\/\/activeluxe-cosmetics.com\/hr\/wp-content\/uploads\/2024\/01\/wildlashprimer-2.png 1080w\" sizes=\"auto, (max-width: 375px) 100vw, 375px\" \/>Savr\u0161eni izgled trepavica, uz <strong>dubinsku<\/strong> <strong>njegu<\/strong><\/span><\/h2>\n<p><span data-sheets-root=\"1\" data-sheets-value=\"{&quot;1&quot;:2,&quot;2&quot;:&quot;Ova kremasta formula sadr\u017ei sve \u0161to treba tvojim trepavicama:&quot;}\" data-sheets-userformat=\"{&quot;2&quot;:4480,&quot;10&quot;:0,&quot;11&quot;:4,&quot;15&quot;:&quot;Arial&quot;}\">Ova kremasta formula sadr\u017ei sve \u0161to treba tvojim trepavicama:<\/span><\/p>\n<ul>\n<li><span data-sheets-root=\"1\" data-sheets-value=\"{&quot;1&quot;:2,&quot;2&quot;:&quot;1. Instant rje\u0161enje za du\u017ee trepavice ako nanosi\u0161 maskaru&quot;}\" data-sheets-userformat=\"{&quot;2&quot;:4480,&quot;10&quot;:0,&quot;11&quot;:4,&quot;15&quot;:&quot;Arial&quot;}\">Instant rje\u0161enje za du\u017ee trepavice ako nanosi\u0161 maskaru<\/span><\/li>\n<li><span data-sheets-root=\"1\" data-sheets-value=\"{&quot;1&quot;:2,&quot;2&quot;:&quot;2. Dugoro\u010dno rje\u0161enje budu\u0107i da ubrzava rast trepavica za \u010dak 2,6 puta&quot;}\" data-sheets-userformat=\"{&quot;2&quot;:4993,&quot;3&quot;:{&quot;1&quot;:0},&quot;10&quot;:0,&quot;11&quot;:4,&quot;12&quot;:0,&quot;15&quot;:&quot;Arial&quot;}\">Dugoro\u010dno rje\u0161enje budu\u0107i da ubrzava rast trepavica za \u010dak 2,6 puta<\/span><\/li>\n<li><span data-sheets-root=\"1\" data-sheets-value=\"{&quot;1&quot;:2,&quot;2&quot;:&quot;3. Njegu koja \u0107e vratiti \u010dvrsto\u0107u i elasti\u010dnost tvojim trepavicama&quot;}\" data-sheets-userformat=\"{&quot;2&quot;:4480,&quot;10&quot;:0,&quot;11&quot;:4,&quot;15&quot;:&quot;Arial&quot;}\">Njegu koja \u0107e vratiti \u010dvrsto\u0107u i elasti\u010dnost tvojim trepavicama<\/span><\/li>\n<li><span data-sheets-root=\"1\" data-sheets-value=\"{&quot;1&quot;:2,&quot;2&quot;:&quot;4. Za\u0161titu prilikom skidanja \u0161minke tijekom kojeg se trepavice ne lome i ne ispadaju&quot;}\" data-sheets-userformat=\"{&quot;2&quot;:4480,&quot;10&quot;:0,&quot;11&quot;:4,&quot;15&quot;:&quot;Arial&quot;}\">Za\u0161titu prilikom skidanja \u0161minke tijekom kojeg se trepavice ne lome i ne ispadaju<\/span><\/li>\n<\/ul>\n<p>&nbsp;<\/p>\n<p>&nbsp;<\/p>\n<h3 style=\"clear: both; max-width: 820px;\"><\/h3>\n<div style=\"display: flex; align-items: center; gap: 20px; flex-wrap: wrap;\">\n<p style=\"max-width: 360px;\">\n<\/div>\n","protected":false},"excerpt":{"rendered":"<p><span data-sheets-root=\"1\" data-sheets-value=\"{&quot;1&quot;:2,&quot;2&quot;:&quot;Jedina podloga za maskaru koja njeguje prirodne trepavice&quot;}\" data-sheets-userformat=\"{&quot;2&quot;:7041,&quot;3&quot;:{&quot;1&quot;:0},&quot;10&quot;:0,&quot;11&quot;:4,&quot;12&quot;:0,&quot;14&quot;:{&quot;1&quot;:2,&quot;2&quot;:16739585},&quot;15&quot;:&quot;Arial&quot;}\">Jedina podloga za maskaru koja njeguje prirodne trepavice<\/span><\/p>\n","protected":false},"featured_media":80611,"comment_status":"open","ping_status":"closed","template":"","meta":[],"product_brand":[],"product_cat":[48,77],"product_tag":[],"class_list":{"0":"post-72185","1":"product","2":"type-product","3":"status-publish","4":"has-post-thumbnail","6":"product_cat-trepavice","7":"product_cat-makeup","9":"first","10":"instock","11":"taxable","12":"shipping-taxable","13":"purchasable","14":"product-type-simple"},"bundled_by":[],"bundle_stock_status":"instock","bundle_stock_quantity":null,"bundle_virtual":false,"bundle_layout":"","bundle_add_to_cart_form_location":"","bundle_editable_in_cart":false,"bundle_sold_individually_context":"","bundle_item_grouping":"","bundle_min_size":"","bundle_max_size":"","bundled_items":[],"acf":[],"yoast_head":"<!-- This site is optimized with the Yoast SEO plugin v26.5 - https:\/\/yoast.com\/wordpress\/plugins\/seo\/ -->\n<title>Podloga za maskaru Wild Lash - Active Luxe Cosmetics<\/title>\n<meta name=\"description\" content=\"Maskara za guste trepavice bolje \u0107e izgledati uz Wild Lash podlogu. Razdvaja slijepljene trepavice. \u2194\ufe0f Omogu\u0107uje rast prirodnih trepavica za 2,6 puta br\u017ee!\" \/>\n<meta name=\"robots\" content=\"index, follow, max-snippet:-1, max-image-preview:large, max-video-preview:-1\" \/>\n<link rel=\"canonical\" href=\"https:\/\/activeluxe-cosmetics.com\/hr\/proizvod\/wild-lash-podloga-za-maskaru-i-njegu-trepavica\/\" \/>\n<meta property=\"og:locale\" content=\"hr_HR\" \/>\n<meta property=\"og:type\" content=\"article\" \/>\n<meta property=\"og:title\" content=\"Podloga za maskaru Wild Lash - Active Luxe Cosmetics\" \/>\n<meta property=\"og:description\" content=\"Maskara za guste trepavice bolje \u0107e izgledati uz Wild Lash podlogu. Razdvaja slijepljene trepavice. \u2194\ufe0f Omogu\u0107uje rast prirodnih trepavica za 2,6 puta br\u017ee!\" \/>\n<meta property=\"og:url\" content=\"https:\/\/activeluxe-cosmetics.com\/hr\/proizvod\/wild-lash-podloga-za-maskaru-i-njegu-trepavica\/\" \/>\n<meta property=\"og:site_name\" content=\"Active Luxe Cosmetics\" \/>\n<meta property=\"article:modified_time\" content=\"2026-01-05T13:49:12+00:00\" \/>\n<meta property=\"og:image\" content=\"https:\/\/activeluxe-cosmetics.com\/hr\/wp-content\/uploads\/2024\/01\/Group-424.jpg\" \/>\n\t<meta property=\"og:image:width\" content=\"522\" \/>\n\t<meta property=\"og:image:height\" content=\"663\" \/>\n\t<meta property=\"og:image:type\" content=\"image\/jpeg\" \/>\n<meta name=\"twitter:card\" content=\"summary_large_image\" \/>\n<meta name=\"twitter:label1\" content=\"Procijenjeno vrijeme \u010ditanja\" \/>\n\t<meta name=\"twitter:data1\" content=\"2 minute\" \/>\n<script type=\"application\/ld+json\" class=\"yoast-schema-graph\">{\"@context\":\"https:\/\/schema.org\",\"@graph\":[{\"@type\":\"WebPage\",\"@id\":\"https:\/\/activeluxe-cosmetics.com\/hr\/proizvod\/wild-lash-podloga-za-maskaru-i-njegu-trepavica\/\",\"url\":\"https:\/\/activeluxe-cosmetics.com\/hr\/proizvod\/wild-lash-podloga-za-maskaru-i-njegu-trepavica\/\",\"name\":\"Podloga za maskaru Wild Lash - Active Luxe Cosmetics\",\"isPartOf\":{\"@id\":\"https:\/\/activeluxe-cosmetics.com\/hr\/#website\"},\"primaryImageOfPage\":{\"@id\":\"https:\/\/activeluxe-cosmetics.com\/hr\/proizvod\/wild-lash-podloga-za-maskaru-i-njegu-trepavica\/#primaryimage\"},\"image\":{\"@id\":\"https:\/\/activeluxe-cosmetics.com\/hr\/proizvod\/wild-lash-podloga-za-maskaru-i-njegu-trepavica\/#primaryimage\"},\"thumbnailUrl\":\"https:\/\/activeluxe-cosmetics.com\/hr\/wp-content\/uploads\/2024\/01\/Group-424.jpg\",\"datePublished\":\"2024-01-10T14:17:54+00:00\",\"dateModified\":\"2026-01-05T13:49:12+00:00\",\"description\":\"Maskara za guste trepavice bolje \u0107e izgledati uz Wild Lash podlogu. Razdvaja slijepljene trepavice. \u2194\ufe0f Omogu\u0107uje rast prirodnih trepavica za 2,6 puta br\u017ee!\",\"breadcrumb\":{\"@id\":\"https:\/\/activeluxe-cosmetics.com\/hr\/proizvod\/wild-lash-podloga-za-maskaru-i-njegu-trepavica\/#breadcrumb\"},\"inLanguage\":\"hr\",\"potentialAction\":[{\"@type\":\"ReadAction\",\"target\":[\"https:\/\/activeluxe-cosmetics.com\/hr\/proizvod\/wild-lash-podloga-za-maskaru-i-njegu-trepavica\/\"]}]},{\"@type\":\"ImageObject\",\"inLanguage\":\"hr\",\"@id\":\"https:\/\/activeluxe-cosmetics.com\/hr\/proizvod\/wild-lash-podloga-za-maskaru-i-njegu-trepavica\/#primaryimage\",\"url\":\"https:\/\/activeluxe-cosmetics.com\/hr\/wp-content\/uploads\/2024\/01\/Group-424.jpg\",\"contentUrl\":\"https:\/\/activeluxe-cosmetics.com\/hr\/wp-content\/uploads\/2024\/01\/Group-424.jpg\",\"width\":522,\"height\":663},{\"@type\":\"BreadcrumbList\",\"@id\":\"https:\/\/activeluxe-cosmetics.com\/hr\/proizvod\/wild-lash-podloga-za-maskaru-i-njegu-trepavica\/#breadcrumb\",\"itemListElement\":[{\"@type\":\"ListItem\",\"position\":1,\"name\":\"Naslovnica\",\"item\":\"https:\/\/activeluxe-cosmetics.com\/hr\/\"},{\"@type\":\"ListItem\",\"position\":2,\"name\":\"Trgovina\",\"item\":\"https:\/\/activeluxe-cosmetics.com\/hr\/trgovina\/\"},{\"@type\":\"ListItem\",\"position\":3,\"name\":\"Wild Lash podloga za maskaru i njegu trepavica\"}]},{\"@type\":\"WebSite\",\"@id\":\"https:\/\/activeluxe-cosmetics.com\/hr\/#website\",\"url\":\"https:\/\/activeluxe-cosmetics.com\/hr\/\",\"name\":\"Active Luxe Cosmetics\",\"description\":\"\",\"potentialAction\":[{\"@type\":\"SearchAction\",\"target\":{\"@type\":\"EntryPoint\",\"urlTemplate\":\"https:\/\/activeluxe-cosmetics.com\/hr\/?s={search_term_string}\"},\"query-input\":{\"@type\":\"PropertyValueSpecification\",\"valueRequired\":true,\"valueName\":\"search_term_string\"}}],\"inLanguage\":\"hr\"}]}<\/script>\n<!-- \/ Yoast SEO plugin. -->","yoast_head_json":{"title":"Podloga za maskaru Wild Lash - Active Luxe Cosmetics","description":"Maskara za guste trepavice bolje \u0107e izgledati uz Wild Lash podlogu. Razdvaja slijepljene trepavice. \u2194\ufe0f Omogu\u0107uje rast prirodnih trepavica za 2,6 puta br\u017ee!","robots":{"index":"index","follow":"follow","max-snippet":"max-snippet:-1","max-image-preview":"max-image-preview:large","max-video-preview":"max-video-preview:-1"},"canonical":"https:\/\/activeluxe-cosmetics.com\/hr\/proizvod\/wild-lash-podloga-za-maskaru-i-njegu-trepavica\/","og_locale":"hr_HR","og_type":"article","og_title":"Podloga za maskaru Wild Lash - Active Luxe Cosmetics","og_description":"Maskara za guste trepavice bolje \u0107e izgledati uz Wild Lash podlogu. Razdvaja slijepljene trepavice. \u2194\ufe0f Omogu\u0107uje rast prirodnih trepavica za 2,6 puta br\u017ee!","og_url":"https:\/\/activeluxe-cosmetics.com\/hr\/proizvod\/wild-lash-podloga-za-maskaru-i-njegu-trepavica\/","og_site_name":"Active Luxe Cosmetics","article_modified_time":"2026-01-05T13:49:12+00:00","og_image":[{"width":522,"height":663,"url":"https:\/\/activeluxe-cosmetics.com\/hr\/wp-content\/uploads\/2024\/01\/Group-424.jpg","type":"image\/jpeg"}],"twitter_card":"summary_large_image","twitter_misc":{"Procijenjeno vrijeme \u010ditanja":"2 minute"},"schema":{"@context":"https:\/\/schema.org","@graph":[{"@type":"WebPage","@id":"https:\/\/activeluxe-cosmetics.com\/hr\/proizvod\/wild-lash-podloga-za-maskaru-i-njegu-trepavica\/","url":"https:\/\/activeluxe-cosmetics.com\/hr\/proizvod\/wild-lash-podloga-za-maskaru-i-njegu-trepavica\/","name":"Podloga za maskaru Wild Lash - Active Luxe Cosmetics","isPartOf":{"@id":"https:\/\/activeluxe-cosmetics.com\/hr\/#website"},"primaryImageOfPage":{"@id":"https:\/\/activeluxe-cosmetics.com\/hr\/proizvod\/wild-lash-podloga-za-maskaru-i-njegu-trepavica\/#primaryimage"},"image":{"@id":"https:\/\/activeluxe-cosmetics.com\/hr\/proizvod\/wild-lash-podloga-za-maskaru-i-njegu-trepavica\/#primaryimage"},"thumbnailUrl":"https:\/\/activeluxe-cosmetics.com\/hr\/wp-content\/uploads\/2024\/01\/Group-424.jpg","datePublished":"2024-01-10T14:17:54+00:00","dateModified":"2026-01-05T13:49:12+00:00","description":"Maskara za guste trepavice bolje \u0107e izgledati uz Wild Lash podlogu. Razdvaja slijepljene trepavice. \u2194\ufe0f Omogu\u0107uje rast prirodnih trepavica za 2,6 puta br\u017ee!","breadcrumb":{"@id":"https:\/\/activeluxe-cosmetics.com\/hr\/proizvod\/wild-lash-podloga-za-maskaru-i-njegu-trepavica\/#breadcrumb"},"inLanguage":"hr","potentialAction":[{"@type":"ReadAction","target":["https:\/\/activeluxe-cosmetics.com\/hr\/proizvod\/wild-lash-podloga-za-maskaru-i-njegu-trepavica\/"]}]},{"@type":"ImageObject","inLanguage":"hr","@id":"https:\/\/activeluxe-cosmetics.com\/hr\/proizvod\/wild-lash-podloga-za-maskaru-i-njegu-trepavica\/#primaryimage","url":"https:\/\/activeluxe-cosmetics.com\/hr\/wp-content\/uploads\/2024\/01\/Group-424.jpg","contentUrl":"https:\/\/activeluxe-cosmetics.com\/hr\/wp-content\/uploads\/2024\/01\/Group-424.jpg","width":522,"height":663},{"@type":"BreadcrumbList","@id":"https:\/\/activeluxe-cosmetics.com\/hr\/proizvod\/wild-lash-podloga-za-maskaru-i-njegu-trepavica\/#breadcrumb","itemListElement":[{"@type":"ListItem","position":1,"name":"Naslovnica","item":"https:\/\/activeluxe-cosmetics.com\/hr\/"},{"@type":"ListItem","position":2,"name":"Trgovina","item":"https:\/\/activeluxe-cosmetics.com\/hr\/trgovina\/"},{"@type":"ListItem","position":3,"name":"Wild Lash podloga za maskaru i njegu trepavica"}]},{"@type":"WebSite","@id":"https:\/\/activeluxe-cosmetics.com\/hr\/#website","url":"https:\/\/activeluxe-cosmetics.com\/hr\/","name":"Active Luxe Cosmetics","description":"","potentialAction":[{"@type":"SearchAction","target":{"@type":"EntryPoint","urlTemplate":"https:\/\/activeluxe-cosmetics.com\/hr\/?s={search_term_string}"},"query-input":{"@type":"PropertyValueSpecification","valueRequired":true,"valueName":"search_term_string"}}],"inLanguage":"hr"}]}},"_links":{"self":[{"href":"https:\/\/activeluxe-cosmetics.com\/hr\/wp-json\/wp\/v2\/product\/72185","targetHints":{"allow":["GET"]}}],"collection":[{"href":"https:\/\/activeluxe-cosmetics.com\/hr\/wp-json\/wp\/v2\/product"}],"about":[{"href":"https:\/\/activeluxe-cosmetics.com\/hr\/wp-json\/wp\/v2\/types\/product"}],"replies":[{"embeddable":true,"href":"https:\/\/activeluxe-cosmetics.com\/hr\/wp-json\/wp\/v2\/comments?post=72185"}],"wp:featuredmedia":[{"embeddable":true,"href":"https:\/\/activeluxe-cosmetics.com\/hr\/wp-json\/wp\/v2\/media\/80611"}],"wp:attachment":[{"href":"https:\/\/activeluxe-cosmetics.com\/hr\/wp-json\/wp\/v2\/media?parent=72185"}],"wp:term":[{"taxonomy":"product_brand","embeddable":true,"href":"https:\/\/activeluxe-cosmetics.com\/hr\/wp-json\/wp\/v2\/product_brand?post=72185"},{"taxonomy":"product_cat","embeddable":true,"href":"https:\/\/activeluxe-cosmetics.com\/hr\/wp-json\/wp\/v2\/product_cat?post=72185"},{"taxonomy":"product_tag","embeddable":true,"href":"https:\/\/activeluxe-cosmetics.com\/hr\/wp-json\/wp\/v2\/product_tag?post=72185"}],"curies":[{"name":"wp","href":"https:\/\/api.w.org\/{rel}","templated":true}]}}