{"id":72182,"date":"2024-01-10T15:17:54","date_gmt":"2024-01-10T14:17:54","guid":{"rendered":"https:\/\/activeluxe-cosmetics.com\/hr\/?post_type=product&#038;p=72182"},"modified":"2026-05-11T13:20:19","modified_gmt":"2026-05-11T13:20:19","slug":"serum-za-rast-trepavica","status":"publish","type":"product","link":"https:\/\/activeluxe-cosmetics.com\/hr\/proizvod\/serum-za-rast-trepavica\/","title":{"rendered":"Serum za rast trepavica"},"content":{"rendered":"<p><img loading=\"lazy\" decoding=\"async\" class=\" wp-image-94579 alignright\" src=\"https:\/\/activeluxe-cosmetics.com\/hr\/wp-content\/uploads\/2024\/01\/serum_za_rast_trepavica-1-460x575.png\" alt=\"Active Luxe serum za rast trepavica\" width=\"385\" height=\"481\" srcset=\"https:\/\/activeluxe-cosmetics.com\/hr\/wp-content\/uploads\/2024\/01\/serum_za_rast_trepavica-1-460x575.png 460w, https:\/\/activeluxe-cosmetics.com\/hr\/wp-content\/uploads\/2024\/01\/serum_za_rast_trepavica-1-819x1024.png 819w, https:\/\/activeluxe-cosmetics.com\/hr\/wp-content\/uploads\/2024\/01\/serum_za_rast_trepavica-1-768x960.png 768w, https:\/\/activeluxe-cosmetics.com\/hr\/wp-content\/uploads\/2024\/01\/serum_za_rast_trepavica-1-600x750.png 600w, https:\/\/activeluxe-cosmetics.com\/hr\/wp-content\/uploads\/2024\/01\/serum_za_rast_trepavica-1.png 1080w\" sizes=\"auto, (max-width: 385px) 100vw, 385px\" \/><\/p>\n<h2><strong>Serum za rast trepavica <\/strong>koji transformira va\u0161 pogled<\/h2>\n<div>\n<p data-start=\"0\" data-end=\"130\">Iza Active Lash seruma za rast trepavica stoje \u017eene koje znaju \u0161to o\u010dekuju od proizvoda koji svakodnevno nanose u blizini o\u010diju. Zato je formula <strong>osmi\u0161ljena promi\u0161ljeno<\/strong> i <strong>odgovorno<\/strong> \u2014 sadr\u017ei isklju\u010divo <strong>pa\u017eljivo odabrane<\/strong>, <strong>provjerene<\/strong> i <strong>sigurne sastojke<\/strong> koji su dokazano u\u010dinkoviti, a istovremeno nje\u017eni prema prirodnim trepavicama.<\/p>\n<\/div>\n<div><\/div>\n<div>Odlu\u010dile smo sa <strong>400.000 \u017eena<\/strong> podijeliti tajnu rasko\u0161nih prirodnih trepavica koje u samo nekoliko tjedana postaju du\u017ee i gu\u0161\u0107e, uokviruju\u0107i tvoj pogled na sasvim novi dinami\u010dni na\u010din.<\/div>\n<div><\/div>\n<div>Na\u0161 serum za rast trepavica donosi vidljive rezultate:<\/div>\n<ul>\n<li><strong>do 50 % du\u017ee<\/strong> trepavice u svega 14 dana<\/li>\n<li><strong>do 100 % du\u017ee<\/strong> i gu\u0161\u0107e trepavice nakon cijelog tretmana<\/li>\n<li><strong>do 100% tamnije<\/strong> i jo\u0161 efektnije trepavice<\/li>\n<li><strong>do 73 % uvijenije<\/strong> trepavice<\/li>\n<\/ul>\n<p>&nbsp;<\/p>\n<div><\/div>\n<h2 style=\"clear: both;\"><\/h2>\n<p><img loading=\"lazy\" decoding=\"async\" class=\" wp-image-94574 alignleft\" src=\"https:\/\/activeluxe-cosmetics.com\/hr\/wp-content\/uploads\/2024\/01\/serum_za_rast_trepavica_prije_poslije-460x545.jpg\" alt=\"\" width=\"381\" height=\"451\" srcset=\"https:\/\/activeluxe-cosmetics.com\/hr\/wp-content\/uploads\/2024\/01\/serum_za_rast_trepavica_prije_poslije-460x545.jpg 460w, https:\/\/activeluxe-cosmetics.com\/hr\/wp-content\/uploads\/2024\/01\/serum_za_rast_trepavica_prije_poslije-864x1024.jpg 864w, https:\/\/activeluxe-cosmetics.com\/hr\/wp-content\/uploads\/2024\/01\/serum_za_rast_trepavica_prije_poslije-768x910.jpg 768w, https:\/\/activeluxe-cosmetics.com\/hr\/wp-content\/uploads\/2024\/01\/serum_za_rast_trepavica_prije_poslije-600x711.jpg 600w, https:\/\/activeluxe-cosmetics.com\/hr\/wp-content\/uploads\/2024\/01\/serum_za_rast_trepavica_prije_poslije.jpg 1284w\" sizes=\"auto, (max-width: 381px) 100vw, 381px\" \/><\/p>\n<h2><strong>Za\u0161to je Active Luxe Lash serum<\/strong> za rast trepavica tako u\u010dinkovit?<\/h2>\n<div>U na\u0161em laboratoriju stru\u010dnjakinje na podru\u010dju kemije i farmacije razvile su jedinstvenu formulu s aktivnim sastojkom koji intenzivno djeluje izravno na korijen folikula trepavice jo\u0161 u fazi mirovanja.<\/div>\n<div><\/div>\n<div>Ve\u0107 unutar <strong>2 tjedna<\/strong> od po\u010detka kori\u0161tenja serum za rast trepavica:<\/div>\n<ul>\n<li><strong>Poti\u010de vidljivi rast i najtanjih rijetkih trepavica<\/strong><\/li>\n<li><strong>Sprje\u010dava njihov gubitak<\/strong><\/li>\n<li><strong>Prirodne trepavice postaju du\u017ee, gu\u0161\u0107e i tamnije, rastu\u0107i ja\u010de, uvijenije i otpornije<\/strong><\/li>\n<\/ul>\n<p>&nbsp;<\/p>\n<h2 style=\"clear: both;\"><\/h2>\n<p><img loading=\"lazy\" decoding=\"async\" class=\" wp-image-94581 alignright\" src=\"https:\/\/activeluxe-cosmetics.com\/hr\/wp-content\/uploads\/2025\/06\/serum-za-rast-trepavica-katarina-460x575.png\" alt=\"Serum za rast trepavica\" width=\"381\" height=\"476\" srcset=\"https:\/\/activeluxe-cosmetics.com\/hr\/wp-content\/uploads\/2025\/06\/serum-za-rast-trepavica-katarina-460x575.png 460w, https:\/\/activeluxe-cosmetics.com\/hr\/wp-content\/uploads\/2025\/06\/serum-za-rast-trepavica-katarina-819x1024.png 819w, https:\/\/activeluxe-cosmetics.com\/hr\/wp-content\/uploads\/2025\/06\/serum-za-rast-trepavica-katarina-768x960.png 768w, https:\/\/activeluxe-cosmetics.com\/hr\/wp-content\/uploads\/2025\/06\/serum-za-rast-trepavica-katarina-600x750.png 600w, https:\/\/activeluxe-cosmetics.com\/hr\/wp-content\/uploads\/2025\/06\/serum-za-rast-trepavica-katarina.png 1080w\" sizes=\"auto, (max-width: 381px) 100vw, 381px\" \/><\/p>\n<h2><strong>Sprije\u010di ispadanje<\/strong> svojih trepavica<\/h2>\n<div>Svaka trepavica na tvom kapku ima svoj \u017eivotni ciklus o kojem ovisi gusto\u0107a, du\u017eina i puno\u0107a cijelih trepavica. Taj ciklus sastoji se od 3 faze: anagena, katagena i telogena faza.<\/div>\n<ul>\n<li><strong>Androgena faza ili faza rasta<\/strong> je najva\u017eniji dio ciklusa, jer u njoj trepavica raste, folikul lu\u010dimelanin, trepavica je jaka i \u010dvrsta. Kod trepavica, ova faza traje 2-5 mjeseci.<\/li>\n<li><strong style=\"color: #555555;\">Katagena faza ili faza mirovanja<\/strong><span style=\"color: #555555;\"> ozna\u010dava kraj rasta trepavica. Folikul dlake po\u010dinjepropadati, a s time i trepavica. Faza mirovanja je vrlo kratka, traje oko 2 tjedna.<\/span><\/li>\n<li><strong style=\"color: #555555;\">Telogena faza ili faza ispadanja<\/strong><span style=\"color: #555555;\"> ozna\u010dava ispadanje trepavica. Ova faza kod trepavica traje 4 do 9 mjeseci. U ovoj je fazi vi\u0161e od polovice trepavica u odre\u0111enom trenutku.<\/span><\/li>\n<\/ul>\n<div><\/div>\n<div><\/div>\n<div><\/div>\n<div><\/div>\n<div><\/div>\n<div><\/div>\n<div><\/div>\n<div><\/div>\n<div><\/div>\n<div style=\"text-align: center;\"><strong><a href=\"https:\/\/activeluxe-cosmetics.com\/hr\/wp-content\/uploads\/2025\/06\/mjerac_za_trepavice_active_luxe.pdf\">Preuzmi svoj mjera\u010d za trepavice!<\/a><\/strong><\/div>\n<div style=\"text-align: center;\">\n<div><\/div>\n<div><span style=\"color: #555555;\">Uz njega lako mo\u017ee\u0161 pratiti duljinu svojih trepavica prije i nakon kori\u0161tenja seruma. Isprintaj ga, prisloni uz oko i zabilje\u017ei napredak \u2013 jer svaki milimetar se ra\u010duna!<\/span><\/div>\n<\/div>\n<div>\n<h4 style=\"clear: both; max-width: 820px; text-align: center;\"><strong>\u201cPotvrdili smo nedvojben i jasan u\u010dinak kozmeti\u010dkog proizvoda Active Luxe Lash na rast trepavica.<\/strong><strong><span class=\"Y2IQFc\" lang=\"hr\">\u00a0Razlika u porastu duljine trepavica je statisti\u010dki zna\u010dajna od 2. tjedna kori\u0161tenja seruma. Kod jedne od sudionica postigli smo najve\u0107i rast &#8211; u 2 tjedna duljina njenih trepavica porasla je za \u010dak 50%, a nakon 13 tjedana za \u010dak 100%<\/span>.&#8221;<\/strong><\/h4>\n<div style=\"display: flex; align-items: center; gap: 20px; flex-wrap: wrap;\">\n<p style=\"text-align: center;\"><img loading=\"lazy\" decoding=\"async\" class=\"size-full wp-image-72610\" src=\"https:\/\/cdn.activeluxe-cosmetics.com\/sl\/wp-content\/uploads\/2024\/01\/28150043\/Mask-group-1.png\" alt=\"\" width=\"83\" height=\"83\" \/><\/p>\n<p style=\"max-width: 360px; text-align: center;\">Tako je u svojoj neovisnoj studiji zabilje\u017eio slovenski oftalmolog dr. Beltram, koji je dokazao u\u010dinkovitost seruma.<\/p>\n<\/div>\n<\/div>\n<div><\/div>\n<div><\/div>\n<div style=\"display: flex; align-items: center; gap: 20px; flex-wrap: wrap; justify-content: center;\">\n<p>&nbsp;<\/p>\n<\/div>\n","protected":false},"excerpt":{"rendered":"<p>Za du\u017ee, gu\u0161\u0107e i prirodno uvijene trepavice. Prvi vidljivi rezultati ve\u0107 nakon 2 tjedna. Klini\u010dki testirano.<\/p>\n","protected":false},"featured_media":100262,"comment_status":"open","ping_status":"closed","template":"","meta":[],"product_brand":[],"product_cat":[48,76],"product_tag":[],"class_list":{"0":"post-72182","1":"product","2":"type-product","3":"status-publish","4":"has-post-thumbnail","6":"product_cat-trepavice","7":"product_cat-serumi","9":"first","10":"instock","11":"sale","12":"featured","13":"taxable","14":"shipping-taxable","15":"purchasable","16":"product-type-variable"},"bundled_by":[],"bundle_stock_status":"instock","bundle_stock_quantity":null,"bundle_virtual":false,"bundle_layout":"","bundle_add_to_cart_form_location":"","bundle_editable_in_cart":false,"bundle_sold_individually_context":"","bundle_item_grouping":"","bundle_min_size":"","bundle_max_size":"","bundled_items":[],"acf":[],"yoast_head":"<!-- This site is optimized with the Yoast SEO plugin v26.5 - https:\/\/yoast.com\/wordpress\/plugins\/seo\/ -->\n<title>Serum za rast prirodnih trepavica - Active Luxe Cosmetics<\/title>\n<meta name=\"description\" content=\"Klini\u010dki testiran Active Luxe serum za rast trepavica odu\u0161evljava \u010dak 400 000 korisnica u Europi\ud83d\udc97. Za du\u017ee prirodne trepavice u 2 tjedna.\" \/>\n<meta name=\"robots\" content=\"index, follow, max-snippet:-1, max-image-preview:large, max-video-preview:-1\" \/>\n<link rel=\"canonical\" href=\"https:\/\/activeluxe-cosmetics.com\/hr\/proizvod\/serum-za-rast-trepavica\/\" \/>\n<meta property=\"og:locale\" content=\"hr_HR\" \/>\n<meta property=\"og:type\" content=\"article\" \/>\n<meta property=\"og:title\" content=\"Serum za rast prirodnih trepavica - Active Luxe Cosmetics\" \/>\n<meta property=\"og:description\" content=\"Klini\u010dki testiran Active Luxe serum za rast trepavica odu\u0161evljava \u010dak 400 000 korisnica u Europi\ud83d\udc97. Za du\u017ee prirodne trepavice u 2 tjedna.\" \/>\n<meta property=\"og:url\" content=\"https:\/\/activeluxe-cosmetics.com\/hr\/proizvod\/serum-za-rast-trepavica\/\" \/>\n<meta property=\"og:site_name\" content=\"Active Luxe Cosmetics\" \/>\n<meta property=\"article:modified_time\" content=\"2026-05-11T13:20:19+00:00\" \/>\n<meta property=\"og:image\" content=\"https:\/\/activeluxe-cosmetics.com\/hr\/wp-content\/uploads\/2024\/01\/Active-Luxe-Lash-Serum.jpg\" \/>\n\t<meta property=\"og:image:width\" content=\"783\" \/>\n\t<meta property=\"og:image:height\" content=\"995\" \/>\n\t<meta property=\"og:image:type\" content=\"image\/jpeg\" \/>\n<meta name=\"twitter:card\" content=\"summary_large_image\" \/>\n<meta name=\"twitter:label1\" content=\"Procijenjeno vrijeme \u010ditanja\" \/>\n\t<meta name=\"twitter:data1\" content=\"4 minute\" \/>\n<script type=\"application\/ld+json\" class=\"yoast-schema-graph\">{\"@context\":\"https:\/\/schema.org\",\"@graph\":[{\"@type\":\"WebPage\",\"@id\":\"https:\/\/activeluxe-cosmetics.com\/hr\/proizvod\/serum-za-rast-trepavica\/\",\"url\":\"https:\/\/activeluxe-cosmetics.com\/hr\/proizvod\/serum-za-rast-trepavica\/\",\"name\":\"Serum za rast prirodnih trepavica - Active Luxe Cosmetics\",\"isPartOf\":{\"@id\":\"https:\/\/activeluxe-cosmetics.com\/hr\/#website\"},\"primaryImageOfPage\":{\"@id\":\"https:\/\/activeluxe-cosmetics.com\/hr\/proizvod\/serum-za-rast-trepavica\/#primaryimage\"},\"image\":{\"@id\":\"https:\/\/activeluxe-cosmetics.com\/hr\/proizvod\/serum-za-rast-trepavica\/#primaryimage\"},\"thumbnailUrl\":\"https:\/\/activeluxe-cosmetics.com\/hr\/wp-content\/uploads\/2024\/01\/Active-Luxe-Lash-Serum.jpg\",\"datePublished\":\"2024-01-10T14:17:54+00:00\",\"dateModified\":\"2026-05-11T13:20:19+00:00\",\"description\":\"Klini\u010dki testiran Active Luxe serum za rast trepavica odu\u0161evljava \u010dak 400 000 korisnica u Europi\ud83d\udc97. Za du\u017ee prirodne trepavice u 2 tjedna.\",\"breadcrumb\":{\"@id\":\"https:\/\/activeluxe-cosmetics.com\/hr\/proizvod\/serum-za-rast-trepavica\/#breadcrumb\"},\"inLanguage\":\"hr\",\"potentialAction\":[{\"@type\":\"ReadAction\",\"target\":[\"https:\/\/activeluxe-cosmetics.com\/hr\/proizvod\/serum-za-rast-trepavica\/\"]}]},{\"@type\":\"ImageObject\",\"inLanguage\":\"hr\",\"@id\":\"https:\/\/activeluxe-cosmetics.com\/hr\/proizvod\/serum-za-rast-trepavica\/#primaryimage\",\"url\":\"https:\/\/activeluxe-cosmetics.com\/hr\/wp-content\/uploads\/2024\/01\/Active-Luxe-Lash-Serum.jpg\",\"contentUrl\":\"https:\/\/activeluxe-cosmetics.com\/hr\/wp-content\/uploads\/2024\/01\/Active-Luxe-Lash-Serum.jpg\",\"width\":783,\"height\":995},{\"@type\":\"BreadcrumbList\",\"@id\":\"https:\/\/activeluxe-cosmetics.com\/hr\/proizvod\/serum-za-rast-trepavica\/#breadcrumb\",\"itemListElement\":[{\"@type\":\"ListItem\",\"position\":1,\"name\":\"Naslovnica\",\"item\":\"https:\/\/activeluxe-cosmetics.com\/hr\/\"},{\"@type\":\"ListItem\",\"position\":2,\"name\":\"Trgovina\",\"item\":\"https:\/\/activeluxe-cosmetics.com\/hr\/trgovina\/\"},{\"@type\":\"ListItem\",\"position\":3,\"name\":\"Serum za rast trepavica\"}]},{\"@type\":\"WebSite\",\"@id\":\"https:\/\/activeluxe-cosmetics.com\/hr\/#website\",\"url\":\"https:\/\/activeluxe-cosmetics.com\/hr\/\",\"name\":\"Active Luxe Cosmetics\",\"description\":\"\",\"potentialAction\":[{\"@type\":\"SearchAction\",\"target\":{\"@type\":\"EntryPoint\",\"urlTemplate\":\"https:\/\/activeluxe-cosmetics.com\/hr\/?s={search_term_string}\"},\"query-input\":{\"@type\":\"PropertyValueSpecification\",\"valueRequired\":true,\"valueName\":\"search_term_string\"}}],\"inLanguage\":\"hr\"}]}<\/script>\n<!-- \/ Yoast SEO plugin. -->","yoast_head_json":{"title":"Serum za rast prirodnih trepavica - Active Luxe Cosmetics","description":"Klini\u010dki testiran Active Luxe serum za rast trepavica odu\u0161evljava \u010dak 400 000 korisnica u Europi\ud83d\udc97. Za du\u017ee prirodne trepavice u 2 tjedna.","robots":{"index":"index","follow":"follow","max-snippet":"max-snippet:-1","max-image-preview":"max-image-preview:large","max-video-preview":"max-video-preview:-1"},"canonical":"https:\/\/activeluxe-cosmetics.com\/hr\/proizvod\/serum-za-rast-trepavica\/","og_locale":"hr_HR","og_type":"article","og_title":"Serum za rast prirodnih trepavica - Active Luxe Cosmetics","og_description":"Klini\u010dki testiran Active Luxe serum za rast trepavica odu\u0161evljava \u010dak 400 000 korisnica u Europi\ud83d\udc97. Za du\u017ee prirodne trepavice u 2 tjedna.","og_url":"https:\/\/activeluxe-cosmetics.com\/hr\/proizvod\/serum-za-rast-trepavica\/","og_site_name":"Active Luxe Cosmetics","article_modified_time":"2026-05-11T13:20:19+00:00","og_image":[{"width":783,"height":995,"url":"https:\/\/activeluxe-cosmetics.com\/hr\/wp-content\/uploads\/2024\/01\/Active-Luxe-Lash-Serum.jpg","type":"image\/jpeg"}],"twitter_card":"summary_large_image","twitter_misc":{"Procijenjeno vrijeme \u010ditanja":"4 minute"},"schema":{"@context":"https:\/\/schema.org","@graph":[{"@type":"WebPage","@id":"https:\/\/activeluxe-cosmetics.com\/hr\/proizvod\/serum-za-rast-trepavica\/","url":"https:\/\/activeluxe-cosmetics.com\/hr\/proizvod\/serum-za-rast-trepavica\/","name":"Serum za rast prirodnih trepavica - Active Luxe Cosmetics","isPartOf":{"@id":"https:\/\/activeluxe-cosmetics.com\/hr\/#website"},"primaryImageOfPage":{"@id":"https:\/\/activeluxe-cosmetics.com\/hr\/proizvod\/serum-za-rast-trepavica\/#primaryimage"},"image":{"@id":"https:\/\/activeluxe-cosmetics.com\/hr\/proizvod\/serum-za-rast-trepavica\/#primaryimage"},"thumbnailUrl":"https:\/\/activeluxe-cosmetics.com\/hr\/wp-content\/uploads\/2024\/01\/Active-Luxe-Lash-Serum.jpg","datePublished":"2024-01-10T14:17:54+00:00","dateModified":"2026-05-11T13:20:19+00:00","description":"Klini\u010dki testiran Active Luxe serum za rast trepavica odu\u0161evljava \u010dak 400 000 korisnica u Europi\ud83d\udc97. Za du\u017ee prirodne trepavice u 2 tjedna.","breadcrumb":{"@id":"https:\/\/activeluxe-cosmetics.com\/hr\/proizvod\/serum-za-rast-trepavica\/#breadcrumb"},"inLanguage":"hr","potentialAction":[{"@type":"ReadAction","target":["https:\/\/activeluxe-cosmetics.com\/hr\/proizvod\/serum-za-rast-trepavica\/"]}]},{"@type":"ImageObject","inLanguage":"hr","@id":"https:\/\/activeluxe-cosmetics.com\/hr\/proizvod\/serum-za-rast-trepavica\/#primaryimage","url":"https:\/\/activeluxe-cosmetics.com\/hr\/wp-content\/uploads\/2024\/01\/Active-Luxe-Lash-Serum.jpg","contentUrl":"https:\/\/activeluxe-cosmetics.com\/hr\/wp-content\/uploads\/2024\/01\/Active-Luxe-Lash-Serum.jpg","width":783,"height":995},{"@type":"BreadcrumbList","@id":"https:\/\/activeluxe-cosmetics.com\/hr\/proizvod\/serum-za-rast-trepavica\/#breadcrumb","itemListElement":[{"@type":"ListItem","position":1,"name":"Naslovnica","item":"https:\/\/activeluxe-cosmetics.com\/hr\/"},{"@type":"ListItem","position":2,"name":"Trgovina","item":"https:\/\/activeluxe-cosmetics.com\/hr\/trgovina\/"},{"@type":"ListItem","position":3,"name":"Serum za rast trepavica"}]},{"@type":"WebSite","@id":"https:\/\/activeluxe-cosmetics.com\/hr\/#website","url":"https:\/\/activeluxe-cosmetics.com\/hr\/","name":"Active Luxe Cosmetics","description":"","potentialAction":[{"@type":"SearchAction","target":{"@type":"EntryPoint","urlTemplate":"https:\/\/activeluxe-cosmetics.com\/hr\/?s={search_term_string}"},"query-input":{"@type":"PropertyValueSpecification","valueRequired":true,"valueName":"search_term_string"}}],"inLanguage":"hr"}]}},"_links":{"self":[{"href":"https:\/\/activeluxe-cosmetics.com\/hr\/wp-json\/wp\/v2\/product\/72182","targetHints":{"allow":["GET"]}}],"collection":[{"href":"https:\/\/activeluxe-cosmetics.com\/hr\/wp-json\/wp\/v2\/product"}],"about":[{"href":"https:\/\/activeluxe-cosmetics.com\/hr\/wp-json\/wp\/v2\/types\/product"}],"replies":[{"embeddable":true,"href":"https:\/\/activeluxe-cosmetics.com\/hr\/wp-json\/wp\/v2\/comments?post=72182"}],"wp:featuredmedia":[{"embeddable":true,"href":"https:\/\/activeluxe-cosmetics.com\/hr\/wp-json\/wp\/v2\/media\/100262"}],"wp:attachment":[{"href":"https:\/\/activeluxe-cosmetics.com\/hr\/wp-json\/wp\/v2\/media?parent=72182"}],"wp:term":[{"taxonomy":"product_brand","embeddable":true,"href":"https:\/\/activeluxe-cosmetics.com\/hr\/wp-json\/wp\/v2\/product_brand?post=72182"},{"taxonomy":"product_cat","embeddable":true,"href":"https:\/\/activeluxe-cosmetics.com\/hr\/wp-json\/wp\/v2\/product_cat?post=72182"},{"taxonomy":"product_tag","embeddable":true,"href":"https:\/\/activeluxe-cosmetics.com\/hr\/wp-json\/wp\/v2\/product_tag?post=72182"}],"curies":[{"name":"wp","href":"https:\/\/api.w.org\/{rel}","templated":true}]}}