{"id":72180,"date":"2024-01-10T15:17:54","date_gmt":"2024-01-10T14:17:54","guid":{"rendered":"https:\/\/activeluxe-cosmetics.com\/hr\/?post_type=product&#038;p=72180"},"modified":"2026-01-05T14:39:27","modified_gmt":"2026-01-05T14:39:27","slug":"serum-za-rast-brade","status":"publish","type":"product","link":"https:\/\/activeluxe-cosmetics.com\/hr\/proizvod\/serum-za-rast-brade\/","title":{"rendered":"Serum za rast brade"},"content":{"rendered":"<p><img loading=\"lazy\" decoding=\"async\" class=\"wp-image-80711 size-medium alignright\" src=\"https:\/\/activeluxe-cosmetics.com\/hr\/wp-content\/uploads\/2024\/01\/Group-342-21-460x589.jpg\" alt=\"\" width=\"460\" height=\"589\" srcset=\"https:\/\/activeluxe-cosmetics.com\/hr\/wp-content\/uploads\/2024\/01\/Group-342-21-460x589.jpg 460w, https:\/\/activeluxe-cosmetics.com\/hr\/wp-content\/uploads\/2024\/01\/Group-342-21.jpg 581w\" sizes=\"auto, (max-width: 460px) 100vw, 460px\" \/><\/p>\n<h2><span data-sheets-root=\"1\" data-sheets-value=\"{&quot;1&quot;:2,&quot;2&quot;:&quot;Preuzmi kontrolu nad svojom bradom&quot;}\" data-sheets-userformat=\"{&quot;2&quot;:17281,&quot;3&quot;:{&quot;1&quot;:0},&quot;10&quot;:0,&quot;11&quot;:4,&quot;12&quot;:0,&quot;17&quot;:1}\">Preuzmi <strong>kontrolu<\/strong> nad svojom <strong>bradom<\/strong><\/span><\/h2>\n<p><span data-sheets-root=\"1\" data-sheets-value=\"{&quot;1&quot;:2,&quot;2&quot;:&quot;Tvoja brada je neujedna\u010dena, na mjestima raste, a na mjestima nikako? Ovo je prirodan na\u010din da potakne\u0161 rast svoje brade \u2013 koriste\u0107i samo jednom dnevno Active Luxe Beard serum za rast brade! &quot;}\" data-sheets-userformat=\"{&quot;2&quot;:897,&quot;3&quot;:{&quot;1&quot;:0},&quot;10&quot;:0,&quot;11&quot;:4,&quot;12&quot;:0}\" data-sheets-textstyleruns=\"{&quot;1&quot;:0}\uee10{&quot;1&quot;:48,&quot;2&quot;:{&quot;2&quot;:{&quot;1&quot;:2,&quot;2&quot;:16739585}}}\uee10{&quot;1&quot;:49}\">Tvoja brada je <strong>neujedna\u010dena<\/strong>, na mjestima raste, a na mjestima <strong>nikako<\/strong>? Ovo je <strong>prirodan<\/strong> <strong>na\u010din<\/strong> da potakne\u0161 <strong>rast<\/strong> svoje bra<strong>d<\/strong>e \u2013 koriste\u0107i samo jednom dnevno Active Luxe Beard serum za rast brade!<\/span><\/p>\n<p><strong>Revolucionarna formula<\/strong> trostrukog djelovanja poti\u010de rast brade, ja\u010da bradu i hrani je. Sada u novom, ve\u0107em pakiranju!<\/p>\n<p><span data-sheets-root=\"1\" data-sheets-value=\"{&quot;1&quot;:2,&quot;2&quot;:&quot;Klini\u010dki dokazana formula pobolj\u0161ava strukturu folikula dlake i odga\u0111a njihovo starenje. Osigurava sve potrebne hranjive tvari i potpunu hidrataciju brade i ko\u017ee ispod nje.&quot;}\" data-sheets-userformat=\"{&quot;2&quot;:897,&quot;3&quot;:{&quot;1&quot;:0},&quot;10&quot;:0,&quot;11&quot;:4,&quot;12&quot;:0}\">Klini\u010dki dokazana formula <strong>pobolj\u0161ava<\/strong> <strong>strukturu<\/strong> <strong>folikula<\/strong> dlake i <strong>odga\u0111a<\/strong> njihovo <strong>starenje<\/strong>. Osigurava sve potrebne hranjive tvari i potpunu hidrataciju brade i ko\u017ee ispod nje.<\/span><\/p>\n<p id=\"tw-target-text\" class=\"tw-data-text tw-text-large tw-ta\" dir=\"ltr\" data-placeholder=\"Translation\" data-ved=\"2ahUKEwjFyIGguvaEAxVczQIHHQ1sCuoQ3ewLegQIBRAU\"><span class=\"Y2IQFc\" lang=\"hr\">Redovita uporaba seruma osigurava puniju bradu ja\u010daju\u0107i pojedina\u010dne dlake iznutra prema van &#8211; pove\u0107avaju\u0107i debljinu brade:<\/span><\/p>\n<ul>\n<li>\n<p id=\"tw-target-text\" class=\"tw-data-text tw-text-large tw-ta\" dir=\"ltr\" data-placeholder=\"Translation\" data-ved=\"2ahUKEwjizr_lo_2EAxWf8rsIHXmeAVkQ3ewLegQIBRAU\"><span class=\"Y2IQFc\" lang=\"hr\">djeluje izravno na <strong>folikularnu<\/strong> <strong>disfunkciju<\/strong> (aktivira folikule dlake koje ne funkcioniraju),<\/span><\/p>\n<\/li>\n<li>\n<p id=\"tw-target-text\" class=\"tw-data-text tw-text-large tw-ta\" dir=\"ltr\" data-placeholder=\"Translation\" data-ved=\"2ahUKEwjizr_lo_2EAxWf8rsIHXmeAVkQ3ewLegQIBRAU\"><span class=\"Y2IQFc\" lang=\"hr\">djeluje kao prirodni <strong>stimulator rasta,<\/strong> kao hranjiva tvar za kosu i gradivni element za bolju strukturu kose,<\/span><\/p>\n<\/li>\n<li>\n<p id=\"tw-target-text\" class=\"tw-data-text tw-text-large tw-ta\" dir=\"ltr\" data-placeholder=\"Translation\" data-ved=\"2ahUKEwjizr_lo_2EAxWf8rsIHXmeAVkQ3ewLegQIBRAU\"><span class=\"Y2IQFc\" lang=\"hr\">vla\u017ei ko\u017eu i <strong>sprje\u010dava<\/strong> neugodan <strong>svrbe\u017e.<\/strong><\/span><\/p>\n<\/li>\n<\/ul>\n<h2 style=\"text-align: center; clear: both;\"><\/h2>\n<p><img loading=\"lazy\" decoding=\"async\" class=\" wp-image-92241 alignleft\" src=\"https:\/\/activeluxe-cosmetics.com\/hr\/wp-content\/uploads\/2024\/01\/Izdelek-brez-naslova-1-3-460x575.png\" alt=\"\" width=\"441\" height=\"551\" srcset=\"https:\/\/activeluxe-cosmetics.com\/hr\/wp-content\/uploads\/2024\/01\/Izdelek-brez-naslova-1-3-460x575.png 460w, https:\/\/activeluxe-cosmetics.com\/hr\/wp-content\/uploads\/2024\/01\/Izdelek-brez-naslova-1-3-819x1024.png 819w, https:\/\/activeluxe-cosmetics.com\/hr\/wp-content\/uploads\/2024\/01\/Izdelek-brez-naslova-1-3-768x960.png 768w, https:\/\/activeluxe-cosmetics.com\/hr\/wp-content\/uploads\/2024\/01\/Izdelek-brez-naslova-1-3-600x750.png 600w, https:\/\/activeluxe-cosmetics.com\/hr\/wp-content\/uploads\/2024\/01\/Izdelek-brez-naslova-1-3.png 1080w\" sizes=\"auto, (max-width: 441px) 100vw, 441px\" \/><\/p>\n<h2>Za\u0161to je <strong>Active<\/strong> <strong>serum<\/strong> za rast brade tako u\u010dinkovit?<\/h2>\n<p><span data-sheets-root=\"1\" data-sheets-value=\"{&quot;1&quot;:2,&quot;2&quot;:&quot;Ovaj serum rezultat je istra\u017eivanja dugog gotovo dva desetlje\u0107a o uzrocima ispadanja i nejednakosti brade i kose. Stru\u010dnjaci s podru\u010dja biokemije, farmacije te prirodnih znanosti zajedni\u010dki su radili na pronala\u017eenju glavnog uzroka ispadanja i sporog rasta dlake, a kako bi mogli djelovati direktno na njega.\\nTako je nastala formula s trostrukim lipopeptidnim kompleksom, koja predstavlja totalnu inovaciju kada je rast brade i kose u pitanju jer djeluje na sam folikul dlake. Djeluje izravno na korijen dlake, hrani i ja\u010da dlaku od samog nastanka. Studije koje se bave rastom dlake pokazale su da je ova formula jedna od najuspje\u0161nijih kada je u pitanju stimulacija ponovnog rasta.&quot;}\" data-sheets-userformat=\"{&quot;2&quot;:897,&quot;3&quot;:{&quot;1&quot;:0},&quot;10&quot;:0,&quot;11&quot;:4,&quot;12&quot;:0}\" data-sheets-textstyleruns=\"{&quot;1&quot;:0}\uee10{&quot;1&quot;:334,&quot;2&quot;:{&quot;2&quot;:{&quot;1&quot;:2,&quot;2&quot;:16739585}}}\uee10{&quot;1&quot;:344}\uee10{&quot;1&quot;:442,&quot;2&quot;:{&quot;2&quot;:{&quot;1&quot;:2,&quot;2&quot;:16739585}}}\uee10{&quot;1&quot;:453}\uee10{&quot;1&quot;:474,&quot;2&quot;:{&quot;2&quot;:{&quot;1&quot;:2,&quot;2&quot;:16739585}}}\uee10{&quot;1&quot;:483}\uee10{&quot;1&quot;:508,&quot;2&quot;:{&quot;2&quot;:{&quot;1&quot;:2,&quot;2&quot;:16750848}}}\uee10{&quot;1&quot;:516}\">Ovaj serum rezultat je<strong> istra\u017eivanja dugog gotovo dva desetlje\u0107a<\/strong> o uzrocima ispadanja i nejednakosti brade i kose. <\/span><\/p>\n<p><span data-sheets-root=\"1\" data-sheets-value=\"{&quot;1&quot;:2,&quot;2&quot;:&quot;Ovaj serum rezultat je istra\u017eivanja dugog gotovo dva desetlje\u0107a o uzrocima ispadanja i nejednakosti brade i kose. Stru\u010dnjaci s podru\u010dja biokemije, farmacije te prirodnih znanosti zajedni\u010dki su radili na pronala\u017eenju glavnog uzroka ispadanja i sporog rasta dlake, a kako bi mogli djelovati direktno na njega.\\nTako je nastala formula s trostrukim lipopeptidnim kompleksom, koja predstavlja totalnu inovaciju kada je rast brade i kose u pitanju jer djeluje na sam folikul dlake. Djeluje izravno na korijen dlake, hrani i ja\u010da dlaku od samog nastanka. Studije koje se bave rastom dlake pokazale su da je ova formula jedna od najuspje\u0161nijih kada je u pitanju stimulacija ponovnog rasta.&quot;}\" data-sheets-userformat=\"{&quot;2&quot;:897,&quot;3&quot;:{&quot;1&quot;:0},&quot;10&quot;:0,&quot;11&quot;:4,&quot;12&quot;:0}\" data-sheets-textstyleruns=\"{&quot;1&quot;:0}\uee10{&quot;1&quot;:334,&quot;2&quot;:{&quot;2&quot;:{&quot;1&quot;:2,&quot;2&quot;:16739585}}}\uee10{&quot;1&quot;:344}\uee10{&quot;1&quot;:442,&quot;2&quot;:{&quot;2&quot;:{&quot;1&quot;:2,&quot;2&quot;:16739585}}}\uee10{&quot;1&quot;:453}\uee10{&quot;1&quot;:474,&quot;2&quot;:{&quot;2&quot;:{&quot;1&quot;:2,&quot;2&quot;:16739585}}}\uee10{&quot;1&quot;:483}\uee10{&quot;1&quot;:508,&quot;2&quot;:{&quot;2&quot;:{&quot;1&quot;:2,&quot;2&quot;:16750848}}}\uee10{&quot;1&quot;:516}\">Stru\u010dnjaci s podru\u010dja biokemije, farmacije te prirodnih znanosti zajedni\u010dki su radili na pronala\u017eenju glavnog uzroka ispadanja i sporog rasta dlake, a kako bi mogli djelovati direktno na njega.<\/span><\/p>\n<p><span data-sheets-root=\"1\" data-sheets-value=\"{&quot;1&quot;:2,&quot;2&quot;:&quot;Ovaj serum rezultat je istra\u017eivanja dugog gotovo dva desetlje\u0107a o uzrocima ispadanja i nejednakosti brade i kose. Stru\u010dnjaci s podru\u010dja biokemije, farmacije te prirodnih znanosti zajedni\u010dki su radili na pronala\u017eenju glavnog uzroka ispadanja i sporog rasta dlake, a kako bi mogli djelovati direktno na njega.\\nTako je nastala formula s trostrukim lipopeptidnim kompleksom, koja predstavlja totalnu inovaciju kada je rast brade i kose u pitanju jer djeluje na sam folikul dlake. Djeluje izravno na korijen dlake, hrani i ja\u010da dlaku od samog nastanka. Studije koje se bave rastom dlake pokazale su da je ova formula jedna od najuspje\u0161nijih kada je u pitanju stimulacija ponovnog rasta.&quot;}\" data-sheets-userformat=\"{&quot;2&quot;:897,&quot;3&quot;:{&quot;1&quot;:0},&quot;10&quot;:0,&quot;11&quot;:4,&quot;12&quot;:0}\" data-sheets-textstyleruns=\"{&quot;1&quot;:0}\uee10{&quot;1&quot;:334,&quot;2&quot;:{&quot;2&quot;:{&quot;1&quot;:2,&quot;2&quot;:16739585}}}\uee10{&quot;1&quot;:344}\uee10{&quot;1&quot;:442,&quot;2&quot;:{&quot;2&quot;:{&quot;1&quot;:2,&quot;2&quot;:16739585}}}\uee10{&quot;1&quot;:453}\uee10{&quot;1&quot;:474,&quot;2&quot;:{&quot;2&quot;:{&quot;1&quot;:2,&quot;2&quot;:16739585}}}\uee10{&quot;1&quot;:483}\uee10{&quot;1&quot;:508,&quot;2&quot;:{&quot;2&quot;:{&quot;1&quot;:2,&quot;2&quot;:16750848}}}\uee10{&quot;1&quot;:516}\"><br \/>\nTako je nastala formula s <strong>trostrukim lipopeptidnim kompleksom<\/strong>, koja predstavlja totalnu <strong>inovaciju<\/strong> kada je rast brade i kose u pitanju jer djeluje na sam <strong>folikul<\/strong> <strong>dlake<\/strong>. <\/span><span data-sheets-root=\"1\" data-sheets-value=\"{&quot;1&quot;:2,&quot;2&quot;:&quot;Ovaj serum rezultat je istra\u017eivanja dugog gotovo dva desetlje\u0107a o uzrocima ispadanja i nejednakosti brade i kose. Stru\u010dnjaci s podru\u010dja biokemije, farmacije te prirodnih znanosti zajedni\u010dki su radili na pronala\u017eenju glavnog uzroka ispadanja i sporog rasta dlake, a kako bi mogli djelovati direktno na njega.\\nTako je nastala formula s trostrukim lipopeptidnim kompleksom, koja predstavlja totalnu inovaciju kada je rast brade i kose u pitanju jer djeluje na sam folikul dlake. Djeluje izravno na korijen dlake, hrani i ja\u010da dlaku od samog nastanka. Studije koje se bave rastom dlake pokazale su da je ova formula jedna od najuspje\u0161nijih kada je u pitanju stimulacija ponovnog rasta.&quot;}\" data-sheets-userformat=\"{&quot;2&quot;:897,&quot;3&quot;:{&quot;1&quot;:0},&quot;10&quot;:0,&quot;11&quot;:4,&quot;12&quot;:0}\" data-sheets-textstyleruns=\"{&quot;1&quot;:0}\uee10{&quot;1&quot;:334,&quot;2&quot;:{&quot;2&quot;:{&quot;1&quot;:2,&quot;2&quot;:16739585}}}\uee10{&quot;1&quot;:344}\uee10{&quot;1&quot;:442,&quot;2&quot;:{&quot;2&quot;:{&quot;1&quot;:2,&quot;2&quot;:16739585}}}\uee10{&quot;1&quot;:453}\uee10{&quot;1&quot;:474,&quot;2&quot;:{&quot;2&quot;:{&quot;1&quot;:2,&quot;2&quot;:16739585}}}\uee10{&quot;1&quot;:483}\uee10{&quot;1&quot;:508,&quot;2&quot;:{&quot;2&quot;:{&quot;1&quot;:2,&quot;2&quot;:16750848}}}\uee10{&quot;1&quot;:516}\">Studije koje se bave rastom dlake pokazale su da je <strong>ova formula jedna od najuspje\u0161nijih kada je u pitanju stimulacija ponovnog rasta.<\/strong><\/span><\/p>\n<p id=\"tw-target-text\" class=\"tw-data-text tw-text-large tw-ta\" dir=\"ltr\" data-placeholder=\"Translation\" data-ved=\"2ahUKEwjizr_lo_2EAxWf8rsIHXmeAVkQ3ewLegQIBRAU\"><span class=\"Y2IQFc\" lang=\"hr\">Jedinstvena kombinacija <strong>molekula<\/strong> i <strong>aminokiselina<\/strong> osigurava <strong>gu\u0161\u0107u<\/strong> i <strong>puniju<\/strong> bradu od korijena dlake te <strong>usporava<\/strong> <strong>starenje<\/strong> folikula dlake. Kao rezultat toga, brada je ve\u0107 osjetno fleksibilnija, ja\u010da i zdravija. Klini\u010dki ispitani i odabrani sastojci osiguravaju sve potrebne hranjive tvari i potpunu hidrataciju ko\u017ee i brade. Nema vi\u0161e neugodnog svrbe\u017ea, crvenih mrlja s uraslim dla\u010dicama i suhe ko\u017ee<\/span><\/p>\n<h2 style=\"text-align: center; clear: both;\"><\/h2>\n<p><img loading=\"lazy\" decoding=\"async\" class=\" wp-image-92242 alignright\" src=\"https:\/\/activeluxe-cosmetics.com\/hr\/wp-content\/uploads\/2024\/01\/Izdelek-brez-naslova-3-460x575.png\" alt=\"\" width=\"427\" height=\"534\" srcset=\"https:\/\/activeluxe-cosmetics.com\/hr\/wp-content\/uploads\/2024\/01\/Izdelek-brez-naslova-3-460x575.png 460w, https:\/\/activeluxe-cosmetics.com\/hr\/wp-content\/uploads\/2024\/01\/Izdelek-brez-naslova-3-819x1024.png 819w, https:\/\/activeluxe-cosmetics.com\/hr\/wp-content\/uploads\/2024\/01\/Izdelek-brez-naslova-3-768x960.png 768w, https:\/\/activeluxe-cosmetics.com\/hr\/wp-content\/uploads\/2024\/01\/Izdelek-brez-naslova-3-600x750.png 600w, https:\/\/activeluxe-cosmetics.com\/hr\/wp-content\/uploads\/2024\/01\/Izdelek-brez-naslova-3.png 1080w\" sizes=\"auto, (max-width: 427px) 100vw, 427px\" \/><\/p>\n<h2>Za <strong>gu\u0161\u0107u i mek\u0161u<\/strong> bradu<\/h2>\n<p id=\"tw-target-text\" class=\"tw-data-text tw-text-large tw-ta\" dir=\"ltr\" data-placeholder=\"Translation\" data-ved=\"2ahUKEwjFyIGguvaEAxVczQIHHQ1sCuoQ3ewLegQIBRAU\"><span class=\"Y2IQFc\" lang=\"hr\">Kona\u010dno mo\u017eete dobiti bitku za ravnomjeran i gust rast brade. Prve vidljive rezultate primijetit \u0107ete za nekoliko tjedana. <\/span><\/p>\n<p class=\"tw-data-text tw-text-large tw-ta\" dir=\"ltr\" data-placeholder=\"Translation\" data-ved=\"2ahUKEwjFyIGguvaEAxVczQIHHQ1sCuoQ3ewLegQIBRAU\"><span class=\"Y2IQFc\" lang=\"hr\">Preporu\u010damo istovremenu upotrebu<strong> derma rollera za masa\u017eu brade<\/strong> jer \u0107e tako serum dublje prodrijeti u folikule dlake i br\u017ee aktivirati rast same brade. <\/span><\/p>\n<p class=\"tw-data-text tw-text-large tw-ta\" dir=\"ltr\" data-placeholder=\"Translation\" data-ved=\"2ahUKEwjFyIGguvaEAxVczQIHHQ1sCuoQ3ewLegQIBRAU\"><span class=\"Y2IQFc\" lang=\"hr\">Nano\u0161enje seruma je <strong>potpuno<\/strong> <strong>jednostavno<\/strong> \u2013 nanosite ga jednom dnevno, nave\u010der prije spavanja, jer kosa najbr\u017ee raste no\u0107u.<\/span><\/p>\n<p class=\"tw-data-text tw-text-large tw-ta\" dir=\"ltr\" data-placeholder=\"Translation\" data-ved=\"2ahUKEwjFyIGguvaEAxVczQIHHQ1sCuoQ3ewLegQIBRAU\"><span class=\"Y2IQFc\" lang=\"hr\"> Za vidljive rezultate nanosite serum svakodnevno<strong> najmanje 40 dana.<\/strong> Zajam\u010deni rezultat uz redovitu upotrebu samo 1x dnevno:<\/span><\/p>\n<ul>\n<li dir=\"ltr\" data-placeholder=\"Translation\" data-ved=\"2ahUKEwjFyIGguvaEAxVczQIHHQ1sCuoQ3ewLegQIBRAU\">gu\u0161\u0107a brada<\/li>\n<li dir=\"ltr\" data-placeholder=\"Translation\" data-ved=\"2ahUKEwjFyIGguvaEAxVczQIHHQ1sCuoQ3ewLegQIBRAU\">brada koja raste jednakomjerno<\/li>\n<li dir=\"ltr\" data-placeholder=\"Translation\" data-ved=\"2ahUKEwjFyIGguvaEAxVczQIHHQ1sCuoQ3ewLegQIBRAU\">du\u017ea brada<\/li>\n<li dir=\"ltr\" data-placeholder=\"Translation\" data-ved=\"2ahUKEwjFyIGguvaEAxVczQIHHQ1sCuoQ3ewLegQIBRAU\">njegovana brada<\/li>\n<li dir=\"ltr\" data-placeholder=\"Translation\" data-ved=\"2ahUKEwjFyIGguvaEAxVczQIHHQ1sCuoQ3ewLegQIBRAU\">osjetno fleksibilnija i ja\u010da brada<\/li>\n<\/ul>\n<div style=\"display: flex; align-items: center; gap: 20px; flex-wrap: wrap;\"><\/div>\n","protected":false},"excerpt":{"rendered":"<p id=\"tw-target-text\" class=\"tw-data-text tw-text-large tw-ta\" dir=\"ltr\" data-placeholder=\"Translation\" data-ved=\"2ahUKEwjizr_lo_2EAxWf8rsIHXmeAVkQ3ewLegQIBRAU\"><span class=\"Y2IQFc\" lang=\"hr\">Revolucionarna formula trostrukog djelovanja poti\u010de rast brade, ja\u010da bradu i hrani je.<\/span><\/p>\n","protected":false},"featured_media":92238,"comment_status":"open","ping_status":"closed","template":"","meta":[],"product_brand":[],"product_cat":[107,42],"product_tag":[],"class_list":{"0":"post-72180","1":"product","2":"type-product","3":"status-publish","4":"has-post-thumbnail","6":"product_cat-brada","7":"product_cat-muskarci","9":"first","10":"instock","11":"taxable","12":"shipping-taxable","13":"purchasable","14":"product-type-simple"},"bundled_by":[],"bundle_stock_status":"instock","bundle_stock_quantity":null,"bundle_virtual":false,"bundle_layout":"","bundle_add_to_cart_form_location":"","bundle_editable_in_cart":false,"bundle_sold_individually_context":"","bundle_item_grouping":"","bundle_min_size":"","bundle_max_size":"","bundled_items":[],"acf":[],"yoast_head":"<!-- This site is optimized with the Yoast SEO plugin v26.5 - https:\/\/yoast.com\/wordpress\/plugins\/seo\/ -->\n<title>Active Luxe Cosmetics serum za rast brade<\/title>\n<meta name=\"description\" content=\"Active Luxe za rast brade. Stimulira uspavane folikule dlake. Pot\u010de cirkulaciju. \u2611\ufe0f Klini\u010dki testirano \u2611\ufe0f U\u010dinkovito \u2611\ufe0f Sigurno za upotrebu!\u2611\ufe0f\" \/>\n<meta name=\"robots\" content=\"index, follow, max-snippet:-1, max-image-preview:large, max-video-preview:-1\" \/>\n<link rel=\"canonical\" href=\"https:\/\/activeluxe-cosmetics.com\/hr\/proizvod\/serum-za-rast-brade\/\" \/>\n<meta property=\"og:locale\" content=\"hr_HR\" \/>\n<meta property=\"og:type\" content=\"article\" \/>\n<meta property=\"og:title\" content=\"Active Luxe Cosmetics serum za rast brade\" \/>\n<meta property=\"og:description\" content=\"Active Luxe za rast brade. Stimulira uspavane folikule dlake. Pot\u010de cirkulaciju. \u2611\ufe0f Klini\u010dki testirano \u2611\ufe0f U\u010dinkovito \u2611\ufe0f Sigurno za upotrebu!\u2611\ufe0f\" \/>\n<meta property=\"og:url\" content=\"https:\/\/activeluxe-cosmetics.com\/hr\/proizvod\/serum-za-rast-brade\/\" \/>\n<meta property=\"og:site_name\" content=\"Active Luxe Cosmetics\" \/>\n<meta property=\"article:modified_time\" content=\"2026-01-05T14:39:27+00:00\" \/>\n<meta property=\"og:image\" content=\"https:\/\/activeluxe-cosmetics.com\/hr\/wp-content\/uploads\/2024\/01\/AL-_Beard-Serum.jpg\" \/>\n\t<meta property=\"og:image:width\" content=\"1104\" \/>\n\t<meta property=\"og:image:height\" content=\"1326\" \/>\n\t<meta property=\"og:image:type\" content=\"image\/jpeg\" \/>\n<meta name=\"twitter:card\" content=\"summary_large_image\" \/>\n<meta name=\"twitter:label1\" content=\"Procijenjeno vrijeme \u010ditanja\" \/>\n\t<meta name=\"twitter:data1\" content=\"3 minute\" \/>\n<script type=\"application\/ld+json\" class=\"yoast-schema-graph\">{\"@context\":\"https:\/\/schema.org\",\"@graph\":[{\"@type\":\"WebPage\",\"@id\":\"https:\/\/activeluxe-cosmetics.com\/hr\/proizvod\/serum-za-rast-brade\/\",\"url\":\"https:\/\/activeluxe-cosmetics.com\/hr\/proizvod\/serum-za-rast-brade\/\",\"name\":\"Active Luxe Cosmetics serum za rast brade\",\"isPartOf\":{\"@id\":\"https:\/\/activeluxe-cosmetics.com\/hr\/#website\"},\"primaryImageOfPage\":{\"@id\":\"https:\/\/activeluxe-cosmetics.com\/hr\/proizvod\/serum-za-rast-brade\/#primaryimage\"},\"image\":{\"@id\":\"https:\/\/activeluxe-cosmetics.com\/hr\/proizvod\/serum-za-rast-brade\/#primaryimage\"},\"thumbnailUrl\":\"https:\/\/activeluxe-cosmetics.com\/hr\/wp-content\/uploads\/2024\/01\/AL-_Beard-Serum.jpg\",\"datePublished\":\"2024-01-10T14:17:54+00:00\",\"dateModified\":\"2026-01-05T14:39:27+00:00\",\"description\":\"Active Luxe za rast brade. Stimulira uspavane folikule dlake. Pot\u010de cirkulaciju. \u2611\ufe0f Klini\u010dki testirano \u2611\ufe0f U\u010dinkovito \u2611\ufe0f Sigurno za upotrebu!\u2611\ufe0f\",\"breadcrumb\":{\"@id\":\"https:\/\/activeluxe-cosmetics.com\/hr\/proizvod\/serum-za-rast-brade\/#breadcrumb\"},\"inLanguage\":\"hr\",\"potentialAction\":[{\"@type\":\"ReadAction\",\"target\":[\"https:\/\/activeluxe-cosmetics.com\/hr\/proizvod\/serum-za-rast-brade\/\"]}]},{\"@type\":\"ImageObject\",\"inLanguage\":\"hr\",\"@id\":\"https:\/\/activeluxe-cosmetics.com\/hr\/proizvod\/serum-za-rast-brade\/#primaryimage\",\"url\":\"https:\/\/activeluxe-cosmetics.com\/hr\/wp-content\/uploads\/2024\/01\/AL-_Beard-Serum.jpg\",\"contentUrl\":\"https:\/\/activeluxe-cosmetics.com\/hr\/wp-content\/uploads\/2024\/01\/AL-_Beard-Serum.jpg\",\"width\":1104,\"height\":1326},{\"@type\":\"BreadcrumbList\",\"@id\":\"https:\/\/activeluxe-cosmetics.com\/hr\/proizvod\/serum-za-rast-brade\/#breadcrumb\",\"itemListElement\":[{\"@type\":\"ListItem\",\"position\":1,\"name\":\"Naslovnica\",\"item\":\"https:\/\/activeluxe-cosmetics.com\/hr\/\"},{\"@type\":\"ListItem\",\"position\":2,\"name\":\"Trgovina\",\"item\":\"https:\/\/activeluxe-cosmetics.com\/hr\/trgovina\/\"},{\"@type\":\"ListItem\",\"position\":3,\"name\":\"Serum za rast brade\"}]},{\"@type\":\"WebSite\",\"@id\":\"https:\/\/activeluxe-cosmetics.com\/hr\/#website\",\"url\":\"https:\/\/activeluxe-cosmetics.com\/hr\/\",\"name\":\"Active Luxe Cosmetics\",\"description\":\"\",\"potentialAction\":[{\"@type\":\"SearchAction\",\"target\":{\"@type\":\"EntryPoint\",\"urlTemplate\":\"https:\/\/activeluxe-cosmetics.com\/hr\/?s={search_term_string}\"},\"query-input\":{\"@type\":\"PropertyValueSpecification\",\"valueRequired\":true,\"valueName\":\"search_term_string\"}}],\"inLanguage\":\"hr\"}]}<\/script>\n<!-- \/ Yoast SEO plugin. -->","yoast_head_json":{"title":"Active Luxe Cosmetics serum za rast brade","description":"Active Luxe za rast brade. Stimulira uspavane folikule dlake. Pot\u010de cirkulaciju. \u2611\ufe0f Klini\u010dki testirano \u2611\ufe0f U\u010dinkovito \u2611\ufe0f Sigurno za upotrebu!\u2611\ufe0f","robots":{"index":"index","follow":"follow","max-snippet":"max-snippet:-1","max-image-preview":"max-image-preview:large","max-video-preview":"max-video-preview:-1"},"canonical":"https:\/\/activeluxe-cosmetics.com\/hr\/proizvod\/serum-za-rast-brade\/","og_locale":"hr_HR","og_type":"article","og_title":"Active Luxe Cosmetics serum za rast brade","og_description":"Active Luxe za rast brade. Stimulira uspavane folikule dlake. Pot\u010de cirkulaciju. \u2611\ufe0f Klini\u010dki testirano \u2611\ufe0f U\u010dinkovito \u2611\ufe0f Sigurno za upotrebu!\u2611\ufe0f","og_url":"https:\/\/activeluxe-cosmetics.com\/hr\/proizvod\/serum-za-rast-brade\/","og_site_name":"Active Luxe Cosmetics","article_modified_time":"2026-01-05T14:39:27+00:00","og_image":[{"width":1104,"height":1326,"url":"https:\/\/activeluxe-cosmetics.com\/hr\/wp-content\/uploads\/2024\/01\/AL-_Beard-Serum.jpg","type":"image\/jpeg"}],"twitter_card":"summary_large_image","twitter_misc":{"Procijenjeno vrijeme \u010ditanja":"3 minute"},"schema":{"@context":"https:\/\/schema.org","@graph":[{"@type":"WebPage","@id":"https:\/\/activeluxe-cosmetics.com\/hr\/proizvod\/serum-za-rast-brade\/","url":"https:\/\/activeluxe-cosmetics.com\/hr\/proizvod\/serum-za-rast-brade\/","name":"Active Luxe Cosmetics serum za rast brade","isPartOf":{"@id":"https:\/\/activeluxe-cosmetics.com\/hr\/#website"},"primaryImageOfPage":{"@id":"https:\/\/activeluxe-cosmetics.com\/hr\/proizvod\/serum-za-rast-brade\/#primaryimage"},"image":{"@id":"https:\/\/activeluxe-cosmetics.com\/hr\/proizvod\/serum-za-rast-brade\/#primaryimage"},"thumbnailUrl":"https:\/\/activeluxe-cosmetics.com\/hr\/wp-content\/uploads\/2024\/01\/AL-_Beard-Serum.jpg","datePublished":"2024-01-10T14:17:54+00:00","dateModified":"2026-01-05T14:39:27+00:00","description":"Active Luxe za rast brade. Stimulira uspavane folikule dlake. Pot\u010de cirkulaciju. \u2611\ufe0f Klini\u010dki testirano \u2611\ufe0f U\u010dinkovito \u2611\ufe0f Sigurno za upotrebu!\u2611\ufe0f","breadcrumb":{"@id":"https:\/\/activeluxe-cosmetics.com\/hr\/proizvod\/serum-za-rast-brade\/#breadcrumb"},"inLanguage":"hr","potentialAction":[{"@type":"ReadAction","target":["https:\/\/activeluxe-cosmetics.com\/hr\/proizvod\/serum-za-rast-brade\/"]}]},{"@type":"ImageObject","inLanguage":"hr","@id":"https:\/\/activeluxe-cosmetics.com\/hr\/proizvod\/serum-za-rast-brade\/#primaryimage","url":"https:\/\/activeluxe-cosmetics.com\/hr\/wp-content\/uploads\/2024\/01\/AL-_Beard-Serum.jpg","contentUrl":"https:\/\/activeluxe-cosmetics.com\/hr\/wp-content\/uploads\/2024\/01\/AL-_Beard-Serum.jpg","width":1104,"height":1326},{"@type":"BreadcrumbList","@id":"https:\/\/activeluxe-cosmetics.com\/hr\/proizvod\/serum-za-rast-brade\/#breadcrumb","itemListElement":[{"@type":"ListItem","position":1,"name":"Naslovnica","item":"https:\/\/activeluxe-cosmetics.com\/hr\/"},{"@type":"ListItem","position":2,"name":"Trgovina","item":"https:\/\/activeluxe-cosmetics.com\/hr\/trgovina\/"},{"@type":"ListItem","position":3,"name":"Serum za rast brade"}]},{"@type":"WebSite","@id":"https:\/\/activeluxe-cosmetics.com\/hr\/#website","url":"https:\/\/activeluxe-cosmetics.com\/hr\/","name":"Active Luxe Cosmetics","description":"","potentialAction":[{"@type":"SearchAction","target":{"@type":"EntryPoint","urlTemplate":"https:\/\/activeluxe-cosmetics.com\/hr\/?s={search_term_string}"},"query-input":{"@type":"PropertyValueSpecification","valueRequired":true,"valueName":"search_term_string"}}],"inLanguage":"hr"}]}},"_links":{"self":[{"href":"https:\/\/activeluxe-cosmetics.com\/hr\/wp-json\/wp\/v2\/product\/72180","targetHints":{"allow":["GET"]}}],"collection":[{"href":"https:\/\/activeluxe-cosmetics.com\/hr\/wp-json\/wp\/v2\/product"}],"about":[{"href":"https:\/\/activeluxe-cosmetics.com\/hr\/wp-json\/wp\/v2\/types\/product"}],"replies":[{"embeddable":true,"href":"https:\/\/activeluxe-cosmetics.com\/hr\/wp-json\/wp\/v2\/comments?post=72180"}],"wp:featuredmedia":[{"embeddable":true,"href":"https:\/\/activeluxe-cosmetics.com\/hr\/wp-json\/wp\/v2\/media\/92238"}],"wp:attachment":[{"href":"https:\/\/activeluxe-cosmetics.com\/hr\/wp-json\/wp\/v2\/media?parent=72180"}],"wp:term":[{"taxonomy":"product_brand","embeddable":true,"href":"https:\/\/activeluxe-cosmetics.com\/hr\/wp-json\/wp\/v2\/product_brand?post=72180"},{"taxonomy":"product_cat","embeddable":true,"href":"https:\/\/activeluxe-cosmetics.com\/hr\/wp-json\/wp\/v2\/product_cat?post=72180"},{"taxonomy":"product_tag","embeddable":true,"href":"https:\/\/activeluxe-cosmetics.com\/hr\/wp-json\/wp\/v2\/product_tag?post=72180"}],"curies":[{"name":"wp","href":"https:\/\/api.w.org\/{rel}","templated":true}]}}