{"id":72179,"date":"2024-01-10T15:17:54","date_gmt":"2024-01-10T14:17:54","guid":{"rendered":"https:\/\/activeluxe-cosmetics.com\/hr\/?post_type=product&#038;p=72179"},"modified":"2026-01-05T13:54:57","modified_gmt":"2026-01-05T13:54:57","slug":"glamour-lash-maskara-za-bezvremenski-volumen","status":"publish","type":"product","link":"https:\/\/activeluxe-cosmetics.com\/hr\/proizvod\/glamour-lash-maskara-za-bezvremenski-volumen\/","title":{"rendered":"Glamour Lash maskara"},"content":{"rendered":"<p><img loading=\"lazy\" decoding=\"async\" class=\" wp-image-99117 alignright\" src=\"https:\/\/activeluxe-cosmetics.com\/hr\/wp-content\/uploads\/2024\/01\/glamour_lash_mascara_active_luxe-460x575.png\" alt=\"\" width=\"350\" height=\"438\" srcset=\"https:\/\/activeluxe-cosmetics.com\/hr\/wp-content\/uploads\/2024\/01\/glamour_lash_mascara_active_luxe-460x575.png 460w, https:\/\/activeluxe-cosmetics.com\/hr\/wp-content\/uploads\/2024\/01\/glamour_lash_mascara_active_luxe-819x1024.png 819w, https:\/\/activeluxe-cosmetics.com\/hr\/wp-content\/uploads\/2024\/01\/glamour_lash_mascara_active_luxe-768x960.png 768w, https:\/\/activeluxe-cosmetics.com\/hr\/wp-content\/uploads\/2024\/01\/glamour_lash_mascara_active_luxe-600x750.png 600w, https:\/\/activeluxe-cosmetics.com\/hr\/wp-content\/uploads\/2024\/01\/glamour_lash_mascara_active_luxe.png 1080w\" sizes=\"auto, (max-width: 350px) 100vw, 350px\" \/><\/p>\n<h2><span data-sheets-root=\"1\" data-sheets-value=\"{&quot;1&quot;:2,&quot;2&quot;:&quot;Profinjeno duge i guste trepavice&quot;}\" data-sheets-userformat=\"{&quot;2&quot;:23425,&quot;3&quot;:{&quot;1&quot;:0},&quot;10&quot;:2,&quot;11&quot;:4,&quot;12&quot;:0,&quot;14&quot;:{&quot;1&quot;:2,&quot;2&quot;:16739585},&quot;15&quot;:&quot;Arial&quot;,&quot;17&quot;:1}\"><strong>Profinjeno duge i guste <\/strong>trepavice<\/span><\/h2>\n<p><span data-sheets-root=\"1\" data-sheets-value=\"{&quot;1&quot;:2,&quot;2&quot;:&quot;Ova maskara dose\u017ee i razdvaja svaku trepavicu, paze\u0107i \u010dak i na one kojima je te\u0161ko pristupiti u kutevima o\u010diju. Tajna Glamour Lash maskare su mekane sinteti\u010dke \u010dekinje razli\u010ditih duljina, koje omogu\u0107uju nano\u0161enje nekoliko slojeva, bez grudica.&quot;}\" data-sheets-userformat=\"{&quot;2&quot;:4993,&quot;3&quot;:{&quot;1&quot;:0},&quot;10&quot;:2,&quot;11&quot;:4,&quot;12&quot;:0,&quot;15&quot;:&quot;Arial&quot;}\" data-sheets-textstyleruns=\"{&quot;1&quot;:0}\uee10{&quot;1&quot;:47,&quot;2&quot;:{&quot;2&quot;:{&quot;1&quot;:2,&quot;2&quot;:16739585}}}\uee10{&quot;1&quot;:62}\uee10{&quot;1&quot;:63,&quot;2&quot;:{&quot;2&quot;:{&quot;1&quot;:2,&quot;2&quot;:16739585}}}\uee10{&quot;1&quot;:73}\">Ova maskara <strong>dose\u017ee i razdvaja svaku trepavicu<\/strong>, paze\u0107i \u010dak i na one kojima je te\u0161ko pristupiti u kutevima o\u010diju. Tajna Glamour Lash maskare su <strong>mekane sinteti\u010dke \u010dekinje razli\u010ditih duljina<\/strong>, koje omogu\u0107uju nano\u0161enje nekoliko slojeva, bez grudica.<\/span><\/p>\n<p><span data-sheets-root=\"1\" data-sheets-value=\"{&quot;1&quot;:2,&quot;2&quot;:&quot;Glamour Lash je stvorena za sve koji se ne mogu odlu\u010diti izme\u0111u maskare za volumen ili duljinu trepavica. Glamour maskara ti osigurava oboje \u2013 jer prava ljepota ne pristaje na kompromise.&quot;}\" data-sheets-userformat=\"{&quot;2&quot;:7041,&quot;3&quot;:{&quot;1&quot;:0},&quot;10&quot;:2,&quot;11&quot;:4,&quot;12&quot;:0,&quot;14&quot;:{&quot;1&quot;:2,&quot;2&quot;:16739585},&quot;15&quot;:&quot;Arial&quot;}\">Glamour Lash je stvorena za sve koji se ne mogu odlu\u010diti izme\u0111u maskare za volumen ili duljinu trepavica. <strong>Glamour maskara ti osigurava oboje<\/strong> \u2013 jer <strong>prava ljepota ne pristaje na kompromise<\/strong>.<\/span><\/p>\n<ul>\n<li><span data-sheets-root=\"1\" data-sheets-value=\"{&quot;1&quot;:2,&quot;2&quot;:&quot;jednim nano\u0161enjem trepavice postaju duge uz izuzetan volumen&quot;}\" data-sheets-userformat=\"{&quot;2&quot;:4993,&quot;3&quot;:{&quot;1&quot;:0},&quot;10&quot;:2,&quot;11&quot;:4,&quot;12&quot;:0,&quot;15&quot;:&quot;Arial&quot;}\" data-sheets-textstyleruns=\"{&quot;1&quot;:0}\uee10{&quot;1&quot;:28,&quot;2&quot;:{&quot;2&quot;:{&quot;1&quot;:2,&quot;2&quot;:16739585}}}\uee10{&quot;1&quot;:36}\uee10{&quot;1&quot;:41,&quot;2&quot;:{&quot;2&quot;:{&quot;1&quot;:2,&quot;2&quot;:16739585}}}\uee10{&quot;1&quot;:44}\">jednim nano\u0161enjem trepavice postaju duge uz izuzetan volumen<\/span><\/li>\n<li><span data-sheets-root=\"1\" data-sheets-value=\"{&quot;1&quot;:2,&quot;2&quot;:&quot;bogata kremasta formula odr\u017eava fleksibilnost trepavica, bez da ih optereti&quot;}\" data-sheets-userformat=\"{&quot;2&quot;:4993,&quot;3&quot;:{&quot;1&quot;:0},&quot;10&quot;:2,&quot;11&quot;:4,&quot;12&quot;:0,&quot;15&quot;:&quot;Arial&quot;}\" data-sheets-textstyleruns=\"{&quot;1&quot;:0}\uee10{&quot;1&quot;:24,&quot;2&quot;:{&quot;2&quot;:{&quot;1&quot;:2,&quot;2&quot;:16739585}}}\uee10{&quot;1&quot;:32}\">bogata kremasta formula odr\u017eava fleksibilnost trepavica, bez da ih optereti<\/span><\/li>\n<li><span data-sheets-root=\"1\" data-sheets-value=\"{&quot;1&quot;:2,&quot;2&quot;:&quot;maskara se brzo su\u0161i&quot;}\" data-sheets-userformat=\"{&quot;2&quot;:4480,&quot;10&quot;:2,&quot;11&quot;:4,&quot;15&quot;:&quot;Arial&quot;}\">maskara se brzo su\u0161i<\/span><\/li>\n<li><span data-sheets-root=\"1\" data-sheets-value=\"{&quot;1&quot;:2,&quot;2&quot;:&quot;ne ostavlja mrlje&quot;}\" data-sheets-userformat=\"{&quot;2&quot;:4480,&quot;10&quot;:2,&quot;11&quot;:4,&quot;15&quot;:&quot;Arial&quot;}\">ne ostavlja mrlje<\/span><\/li>\n<\/ul>\n<h2 style=\"text-align: center; clear: both;\"><\/h2>\n<p>&nbsp;<\/p>\n<h2><img loading=\"lazy\" decoding=\"async\" class=\" wp-image-99120 alignleft\" src=\"https:\/\/activeluxe-cosmetics.com\/hr\/wp-content\/uploads\/2024\/01\/glamourlash_mascara-460x575.png\" alt=\"\" width=\"350\" height=\"438\" srcset=\"https:\/\/activeluxe-cosmetics.com\/hr\/wp-content\/uploads\/2024\/01\/glamourlash_mascara-460x575.png 460w, https:\/\/activeluxe-cosmetics.com\/hr\/wp-content\/uploads\/2024\/01\/glamourlash_mascara-819x1024.png 819w, https:\/\/activeluxe-cosmetics.com\/hr\/wp-content\/uploads\/2024\/01\/glamourlash_mascara-768x960.png 768w, https:\/\/activeluxe-cosmetics.com\/hr\/wp-content\/uploads\/2024\/01\/glamourlash_mascara-600x750.png 600w, https:\/\/activeluxe-cosmetics.com\/hr\/wp-content\/uploads\/2024\/01\/glamourlash_mascara.png 1080w\" sizes=\"auto, (max-width: 350px) 100vw, 350px\" \/>S posebne mekane \u010detkice, <strong>ravno na tvoje trepavice<\/strong><\/h2>\n<p>Glamour Lash ima posebno dizajniranu \u010detkicu koja je bogata <strong>sinteti\u010dkim \u010dekinjama razli\u010ditih duljina<\/strong>, kako bi dohvatila svaku trepavicu \u2013 \u010dak i one sitne, svijetle u kutevima o\u010diju. Potom ih izvla\u010di i progu\u0161\u0107uje.<\/p>\n<p>Active Luxe Glamour Lash maskara <strong>osvje\u017eenje je u svijetu kozmetike<\/strong> \u2013 inovativna tekstura i savr\u0161ena \u010detkica su sve \u0161to ti treba za izgled svje\u017eih, odmornih i otvorenih o\u010diju.<\/p>\n<ul>\n<li>Maskaru nanesi na trepavice <strong>nje\u017enim cik-cak pokretima<\/strong> kako bi zahvatila sve, pa i one najkra\u0107e trepavice.<\/li>\n<li>Za intenzivno guste trepavice preporu\u010dujemo <strong>dva sloja maskare<\/strong>.<\/li>\n<li>Pri\u010dekaj da se prvi sloj osu\u0161i, a zatim nanesi jo\u0161 jedan sloj.<\/li>\n<\/ul>\n<h2 style=\"text-align: center; clear: both;\"><\/h2>\n<h2><strong><img loading=\"lazy\" decoding=\"async\" class=\" wp-image-99118 alignright\" src=\"https:\/\/activeluxe-cosmetics.com\/hr\/wp-content\/uploads\/2024\/01\/glamour_lash_mascara-460x575.png\" alt=\"\" width=\"350\" height=\"438\" srcset=\"https:\/\/activeluxe-cosmetics.com\/hr\/wp-content\/uploads\/2024\/01\/glamour_lash_mascara-460x575.png 460w, https:\/\/activeluxe-cosmetics.com\/hr\/wp-content\/uploads\/2024\/01\/glamour_lash_mascara-819x1024.png 819w, https:\/\/activeluxe-cosmetics.com\/hr\/wp-content\/uploads\/2024\/01\/glamour_lash_mascara-768x960.png 768w, https:\/\/activeluxe-cosmetics.com\/hr\/wp-content\/uploads\/2024\/01\/glamour_lash_mascara-600x750.png 600w, https:\/\/activeluxe-cosmetics.com\/hr\/wp-content\/uploads\/2024\/01\/glamour_lash_mascara.png 1080w\" sizes=\"auto, (max-width: 350px) 100vw, 350px\" \/>Bezvremenske trepavice<\/strong> bez puno vremena<\/h2>\n<p><span data-sheets-root=\"1\" data-sheets-value=\"{&quot;1&quot;:2,&quot;2&quot;:&quot;Ako ti uvijek fali vremena dok zapo\u010dinje\u0161 dan, ova maskara uvelike \u0107e ti olak\u0161ati. Dovoljan je samo jedan potez \u2013 a u jutarnjoj utrci s vremenom, ne mora\u0161 brinuti jo\u0161 i o grudicama i mrvicama.&quot;}\" data-sheets-userformat=\"{&quot;2&quot;:4993,&quot;3&quot;:{&quot;1&quot;:0},&quot;10&quot;:2,&quot;11&quot;:4,&quot;12&quot;:0,&quot;15&quot;:&quot;Arial&quot;}\" data-sheets-textstyleruns=\"{&quot;1&quot;:0,&quot;2&quot;:{&quot;2&quot;:{&quot;1&quot;:2,&quot;2&quot;:16739585}}}\uee10{&quot;1&quot;:45}\uee10{&quot;1&quot;:95,&quot;2&quot;:{&quot;2&quot;:{&quot;1&quot;:2,&quot;2&quot;:16739585}}}\uee10{&quot;1&quot;:100}\uee10{&quot;1&quot;:112,&quot;2&quot;:{&quot;2&quot;:{&quot;1&quot;:2,&quot;2&quot;:16739585}}}\uee10{&quot;1&quot;:113}\uee10{&quot;1&quot;:114,&quot;2&quot;:{&quot;2&quot;:{&quot;1&quot;:2,&quot;2&quot;:16739585}}}\uee10{&quot;1&quot;:191}\">Ako ti uvijek fali vremena dok zapo\u010dinje\u0161 dan, ova maskara uvelike \u0107e ti olak\u0161ati. Dovoljan je <strong>samo jedan potez<\/strong> \u2013 a u jutarnjoj utrci s vremenom, <strong>ne mora\u0161 brinuti jo\u0161 i o grudicama i mrvicama.<\/strong><\/span><\/p>\n<p><span data-sheets-root=\"1\" data-sheets-value=\"{&quot;1&quot;:2,&quot;2&quot;:&quot;Za intenzivniji u\u010dinak prije uporabe maskare preporu\u010dujemo nano\u0161enje Wild Lash podloge, jedine podloge za nano\u0161enje maskare koja djeluje tako\u0111er na rast i gusto\u0107u trepavica. &quot;}\" data-sheets-userformat=\"{&quot;2&quot;:4480,&quot;10&quot;:2,&quot;11&quot;:4,&quot;15&quot;:&quot;Arial&quot;}\">Za intenzivniji u\u010dinak prije uporabe maskare preporu\u010dujemo nano\u0161enje <strong>Wild Lash podloge<\/strong>, jedine podloge za nano\u0161enje maskare koja djeluje tako\u0111er na rast i gusto\u0107u trepavica.<\/span><\/p>\n<p>Glamour Lash ostat \u0107e na tvojim trepavicama cijeli dan, bez grudica i oslikavanja ili rasipanja na ko\u017ei oko o\u010diju. Prva maskara koja sadr\u017ei posebno formuliranu kremastu strukturu, uz koju se ne\u0107e stvrdnuti na trepavicama \u010dak ni nakon 24 sata!<\/p>\n<ul>\n<li><strong>dramati\u010dan volumen i du\u017eina<\/strong><\/li>\n<li><strong>dugotrajna formula koja traje 24h<\/strong><\/li>\n<li><strong>kremasta tekstura sprje\u010dava da se maskara stvrdne, su\u0161i i stvara to\u010dkice i mrlje<\/strong><\/li>\n<\/ul>\n<h3 style=\"clear: both; max-width: 820px;\"><\/h3>\n<div style=\"display: flex; align-items: center; gap: 20px; flex-wrap: wrap;\">\n<p style=\"max-width: 360px;\">\n<\/div>\n","protected":false},"excerpt":{"rendered":"<p><span data-sheets-root=\"1\" data-sheets-value=\"{&quot;1&quot;:2,&quot;2&quot;:&quot;Maskara \u010dija \u010detkica omogu\u0107uje bezvremenski volumen i gusto\u0107u&quot;}\" data-sheets-userformat=\"{&quot;2&quot;:4480,&quot;10&quot;:2,&quot;11&quot;:4,&quot;15&quot;:&quot;Arial&quot;}\">Maskara \u010dija \u010detkica omogu\u0107uje bezvremenski volumen i gusto\u0107u<\/span><\/p>\n","protected":false},"featured_media":81165,"comment_status":"open","ping_status":"closed","template":"","meta":[],"product_brand":[],"product_cat":[48,77],"product_tag":[],"class_list":{"0":"post-72179","1":"product","2":"type-product","3":"status-publish","4":"has-post-thumbnail","6":"product_cat-trepavice","7":"product_cat-makeup","9":"first","10":"instock","11":"taxable","12":"shipping-taxable","13":"purchasable","14":"product-type-simple"},"bundled_by":[],"bundle_stock_status":"instock","bundle_stock_quantity":null,"bundle_virtual":false,"bundle_layout":"","bundle_add_to_cart_form_location":"","bundle_editable_in_cart":false,"bundle_sold_individually_context":"","bundle_item_grouping":"","bundle_min_size":"","bundle_max_size":"","bundled_items":[],"acf":[],"yoast_head":"<!-- This site is optimized with the Yoast SEO plugin v26.5 - https:\/\/yoast.com\/wordpress\/plugins\/seo\/ -->\n<title>Glamour Lash maskara za bezvremenski volumen - Active Luxe<\/title>\n<meta name=\"description\" content=\"Maskara za guste trepavice Glamour Lash. Kra\u0107e vrijeme \u0161minkanja. Dohva\u0107a svaku trepavicu i pru\u017ea bezvremenski volumen i gusto\u0107u.\" \/>\n<meta name=\"robots\" content=\"index, follow, max-snippet:-1, max-image-preview:large, max-video-preview:-1\" \/>\n<link rel=\"canonical\" href=\"https:\/\/activeluxe-cosmetics.com\/hr\/proizvod\/glamour-lash-maskara-za-bezvremenski-volumen\/\" \/>\n<meta property=\"og:locale\" content=\"hr_HR\" \/>\n<meta property=\"og:type\" content=\"article\" \/>\n<meta property=\"og:title\" content=\"Glamour Lash maskara za bezvremenski volumen - Active Luxe\" \/>\n<meta property=\"og:description\" content=\"Maskara za guste trepavice Glamour Lash. Kra\u0107e vrijeme \u0161minkanja. Dohva\u0107a svaku trepavicu i pru\u017ea bezvremenski volumen i gusto\u0107u.\" \/>\n<meta property=\"og:url\" content=\"https:\/\/activeluxe-cosmetics.com\/hr\/proizvod\/glamour-lash-maskara-za-bezvremenski-volumen\/\" \/>\n<meta property=\"og:site_name\" content=\"Active Luxe Cosmetics\" \/>\n<meta property=\"article:modified_time\" content=\"2026-01-05T13:54:57+00:00\" \/>\n<meta property=\"og:image\" content=\"https:\/\/activeluxe-cosmetics.com\/hr\/wp-content\/uploads\/2024\/01\/Glamour_Lash.jpg\" \/>\n\t<meta property=\"og:image:width\" content=\"773\" \/>\n\t<meta property=\"og:image:height\" content=\"999\" \/>\n\t<meta property=\"og:image:type\" content=\"image\/jpeg\" \/>\n<meta name=\"twitter:card\" content=\"summary_large_image\" \/>\n<meta name=\"twitter:label1\" content=\"Procijenjeno vrijeme \u010ditanja\" \/>\n\t<meta name=\"twitter:data1\" content=\"3 minute\" \/>\n<script type=\"application\/ld+json\" class=\"yoast-schema-graph\">{\"@context\":\"https:\/\/schema.org\",\"@graph\":[{\"@type\":\"WebPage\",\"@id\":\"https:\/\/activeluxe-cosmetics.com\/hr\/proizvod\/glamour-lash-maskara-za-bezvremenski-volumen\/\",\"url\":\"https:\/\/activeluxe-cosmetics.com\/hr\/proizvod\/glamour-lash-maskara-za-bezvremenski-volumen\/\",\"name\":\"Glamour Lash maskara za bezvremenski volumen - Active Luxe\",\"isPartOf\":{\"@id\":\"https:\/\/activeluxe-cosmetics.com\/hr\/#website\"},\"primaryImageOfPage\":{\"@id\":\"https:\/\/activeluxe-cosmetics.com\/hr\/proizvod\/glamour-lash-maskara-za-bezvremenski-volumen\/#primaryimage\"},\"image\":{\"@id\":\"https:\/\/activeluxe-cosmetics.com\/hr\/proizvod\/glamour-lash-maskara-za-bezvremenski-volumen\/#primaryimage\"},\"thumbnailUrl\":\"https:\/\/activeluxe-cosmetics.com\/hr\/wp-content\/uploads\/2024\/01\/Glamour_Lash.jpg\",\"datePublished\":\"2024-01-10T14:17:54+00:00\",\"dateModified\":\"2026-01-05T13:54:57+00:00\",\"description\":\"Maskara za guste trepavice Glamour Lash. Kra\u0107e vrijeme \u0161minkanja. Dohva\u0107a svaku trepavicu i pru\u017ea bezvremenski volumen i gusto\u0107u.\",\"breadcrumb\":{\"@id\":\"https:\/\/activeluxe-cosmetics.com\/hr\/proizvod\/glamour-lash-maskara-za-bezvremenski-volumen\/#breadcrumb\"},\"inLanguage\":\"hr\",\"potentialAction\":[{\"@type\":\"ReadAction\",\"target\":[\"https:\/\/activeluxe-cosmetics.com\/hr\/proizvod\/glamour-lash-maskara-za-bezvremenski-volumen\/\"]}]},{\"@type\":\"ImageObject\",\"inLanguage\":\"hr\",\"@id\":\"https:\/\/activeluxe-cosmetics.com\/hr\/proizvod\/glamour-lash-maskara-za-bezvremenski-volumen\/#primaryimage\",\"url\":\"https:\/\/activeluxe-cosmetics.com\/hr\/wp-content\/uploads\/2024\/01\/Glamour_Lash.jpg\",\"contentUrl\":\"https:\/\/activeluxe-cosmetics.com\/hr\/wp-content\/uploads\/2024\/01\/Glamour_Lash.jpg\",\"width\":773,\"height\":999},{\"@type\":\"BreadcrumbList\",\"@id\":\"https:\/\/activeluxe-cosmetics.com\/hr\/proizvod\/glamour-lash-maskara-za-bezvremenski-volumen\/#breadcrumb\",\"itemListElement\":[{\"@type\":\"ListItem\",\"position\":1,\"name\":\"Naslovnica\",\"item\":\"https:\/\/activeluxe-cosmetics.com\/hr\/\"},{\"@type\":\"ListItem\",\"position\":2,\"name\":\"Trgovina\",\"item\":\"https:\/\/activeluxe-cosmetics.com\/hr\/trgovina\/\"},{\"@type\":\"ListItem\",\"position\":3,\"name\":\"Glamour Lash maskara\"}]},{\"@type\":\"WebSite\",\"@id\":\"https:\/\/activeluxe-cosmetics.com\/hr\/#website\",\"url\":\"https:\/\/activeluxe-cosmetics.com\/hr\/\",\"name\":\"Active Luxe Cosmetics\",\"description\":\"\",\"potentialAction\":[{\"@type\":\"SearchAction\",\"target\":{\"@type\":\"EntryPoint\",\"urlTemplate\":\"https:\/\/activeluxe-cosmetics.com\/hr\/?s={search_term_string}\"},\"query-input\":{\"@type\":\"PropertyValueSpecification\",\"valueRequired\":true,\"valueName\":\"search_term_string\"}}],\"inLanguage\":\"hr\"}]}<\/script>\n<!-- \/ Yoast SEO plugin. -->","yoast_head_json":{"title":"Glamour Lash maskara za bezvremenski volumen - Active Luxe","description":"Maskara za guste trepavice Glamour Lash. Kra\u0107e vrijeme \u0161minkanja. Dohva\u0107a svaku trepavicu i pru\u017ea bezvremenski volumen i gusto\u0107u.","robots":{"index":"index","follow":"follow","max-snippet":"max-snippet:-1","max-image-preview":"max-image-preview:large","max-video-preview":"max-video-preview:-1"},"canonical":"https:\/\/activeluxe-cosmetics.com\/hr\/proizvod\/glamour-lash-maskara-za-bezvremenski-volumen\/","og_locale":"hr_HR","og_type":"article","og_title":"Glamour Lash maskara za bezvremenski volumen - Active Luxe","og_description":"Maskara za guste trepavice Glamour Lash. Kra\u0107e vrijeme \u0161minkanja. Dohva\u0107a svaku trepavicu i pru\u017ea bezvremenski volumen i gusto\u0107u.","og_url":"https:\/\/activeluxe-cosmetics.com\/hr\/proizvod\/glamour-lash-maskara-za-bezvremenski-volumen\/","og_site_name":"Active Luxe Cosmetics","article_modified_time":"2026-01-05T13:54:57+00:00","og_image":[{"width":773,"height":999,"url":"https:\/\/activeluxe-cosmetics.com\/hr\/wp-content\/uploads\/2024\/01\/Glamour_Lash.jpg","type":"image\/jpeg"}],"twitter_card":"summary_large_image","twitter_misc":{"Procijenjeno vrijeme \u010ditanja":"3 minute"},"schema":{"@context":"https:\/\/schema.org","@graph":[{"@type":"WebPage","@id":"https:\/\/activeluxe-cosmetics.com\/hr\/proizvod\/glamour-lash-maskara-za-bezvremenski-volumen\/","url":"https:\/\/activeluxe-cosmetics.com\/hr\/proizvod\/glamour-lash-maskara-za-bezvremenski-volumen\/","name":"Glamour Lash maskara za bezvremenski volumen - Active Luxe","isPartOf":{"@id":"https:\/\/activeluxe-cosmetics.com\/hr\/#website"},"primaryImageOfPage":{"@id":"https:\/\/activeluxe-cosmetics.com\/hr\/proizvod\/glamour-lash-maskara-za-bezvremenski-volumen\/#primaryimage"},"image":{"@id":"https:\/\/activeluxe-cosmetics.com\/hr\/proizvod\/glamour-lash-maskara-za-bezvremenski-volumen\/#primaryimage"},"thumbnailUrl":"https:\/\/activeluxe-cosmetics.com\/hr\/wp-content\/uploads\/2024\/01\/Glamour_Lash.jpg","datePublished":"2024-01-10T14:17:54+00:00","dateModified":"2026-01-05T13:54:57+00:00","description":"Maskara za guste trepavice Glamour Lash. Kra\u0107e vrijeme \u0161minkanja. Dohva\u0107a svaku trepavicu i pru\u017ea bezvremenski volumen i gusto\u0107u.","breadcrumb":{"@id":"https:\/\/activeluxe-cosmetics.com\/hr\/proizvod\/glamour-lash-maskara-za-bezvremenski-volumen\/#breadcrumb"},"inLanguage":"hr","potentialAction":[{"@type":"ReadAction","target":["https:\/\/activeluxe-cosmetics.com\/hr\/proizvod\/glamour-lash-maskara-za-bezvremenski-volumen\/"]}]},{"@type":"ImageObject","inLanguage":"hr","@id":"https:\/\/activeluxe-cosmetics.com\/hr\/proizvod\/glamour-lash-maskara-za-bezvremenski-volumen\/#primaryimage","url":"https:\/\/activeluxe-cosmetics.com\/hr\/wp-content\/uploads\/2024\/01\/Glamour_Lash.jpg","contentUrl":"https:\/\/activeluxe-cosmetics.com\/hr\/wp-content\/uploads\/2024\/01\/Glamour_Lash.jpg","width":773,"height":999},{"@type":"BreadcrumbList","@id":"https:\/\/activeluxe-cosmetics.com\/hr\/proizvod\/glamour-lash-maskara-za-bezvremenski-volumen\/#breadcrumb","itemListElement":[{"@type":"ListItem","position":1,"name":"Naslovnica","item":"https:\/\/activeluxe-cosmetics.com\/hr\/"},{"@type":"ListItem","position":2,"name":"Trgovina","item":"https:\/\/activeluxe-cosmetics.com\/hr\/trgovina\/"},{"@type":"ListItem","position":3,"name":"Glamour Lash maskara"}]},{"@type":"WebSite","@id":"https:\/\/activeluxe-cosmetics.com\/hr\/#website","url":"https:\/\/activeluxe-cosmetics.com\/hr\/","name":"Active Luxe Cosmetics","description":"","potentialAction":[{"@type":"SearchAction","target":{"@type":"EntryPoint","urlTemplate":"https:\/\/activeluxe-cosmetics.com\/hr\/?s={search_term_string}"},"query-input":{"@type":"PropertyValueSpecification","valueRequired":true,"valueName":"search_term_string"}}],"inLanguage":"hr"}]}},"_links":{"self":[{"href":"https:\/\/activeluxe-cosmetics.com\/hr\/wp-json\/wp\/v2\/product\/72179","targetHints":{"allow":["GET"]}}],"collection":[{"href":"https:\/\/activeluxe-cosmetics.com\/hr\/wp-json\/wp\/v2\/product"}],"about":[{"href":"https:\/\/activeluxe-cosmetics.com\/hr\/wp-json\/wp\/v2\/types\/product"}],"replies":[{"embeddable":true,"href":"https:\/\/activeluxe-cosmetics.com\/hr\/wp-json\/wp\/v2\/comments?post=72179"}],"wp:featuredmedia":[{"embeddable":true,"href":"https:\/\/activeluxe-cosmetics.com\/hr\/wp-json\/wp\/v2\/media\/81165"}],"wp:attachment":[{"href":"https:\/\/activeluxe-cosmetics.com\/hr\/wp-json\/wp\/v2\/media?parent=72179"}],"wp:term":[{"taxonomy":"product_brand","embeddable":true,"href":"https:\/\/activeluxe-cosmetics.com\/hr\/wp-json\/wp\/v2\/product_brand?post=72179"},{"taxonomy":"product_cat","embeddable":true,"href":"https:\/\/activeluxe-cosmetics.com\/hr\/wp-json\/wp\/v2\/product_cat?post=72179"},{"taxonomy":"product_tag","embeddable":true,"href":"https:\/\/activeluxe-cosmetics.com\/hr\/wp-json\/wp\/v2\/product_tag?post=72179"}],"curies":[{"name":"wp","href":"https:\/\/api.w.org\/{rel}","templated":true}]}}