{"id":102935,"date":"2026-05-02T18:27:55","date_gmt":"2026-05-02T18:27:55","guid":{"rendered":"https:\/\/activeluxe-cosmetics.com\/hr\/?post_type=product&#038;p=102935"},"modified":"2026-05-02T18:45:57","modified_gmt":"2026-05-02T18:45:57","slug":"after-sun-jogurt-za-tijelo","status":"publish","type":"product","link":"https:\/\/activeluxe-cosmetics.com\/hr\/proizvod\/after-sun-jogurt-za-tijelo\/","title":{"rendered":"After Sun jogurt za tijelo"},"content":{"rendered":"<h2><img loading=\"lazy\" decoding=\"async\" class=\" wp-image-102938 alignright\" src=\"https:\/\/activeluxe-cosmetics.com\/hr\/wp-content\/uploads\/2026\/05\/Active_Luxe_body-_jogurt-460x575.png\" alt=\"\" width=\"435\" height=\"544\" srcset=\"https:\/\/activeluxe-cosmetics.com\/hr\/wp-content\/uploads\/2026\/05\/Active_Luxe_body-_jogurt-460x575.png 460w, https:\/\/activeluxe-cosmetics.com\/hr\/wp-content\/uploads\/2026\/05\/Active_Luxe_body-_jogurt-819x1024.png 819w, https:\/\/activeluxe-cosmetics.com\/hr\/wp-content\/uploads\/2026\/05\/Active_Luxe_body-_jogurt-768x960.png 768w, https:\/\/activeluxe-cosmetics.com\/hr\/wp-content\/uploads\/2026\/05\/Active_Luxe_body-_jogurt-600x750.png 600w, https:\/\/activeluxe-cosmetics.com\/hr\/wp-content\/uploads\/2026\/05\/Active_Luxe_body-_jogurt.png 1080w\" sizes=\"auto, (max-width: 435px) 100vw, 435px\" \/><strong>Dugotrajno o\u010duvana preplanulost<\/strong> i blistav sjaj ko\u017ee<\/h2>\n<p data-start=\"0\" data-end=\"184\">Ko\u017ea nakon sun\u010danja ne treba samo hidrataciju, ve\u0107<strong> ciljanu obnovu<\/strong>. Sunce, sol i klor naru\u0161avaju ko\u017enu barijeru, zato je klju\u010dna <strong>kombinacija umirivanja<\/strong>, <strong>hla\u0111enja<\/strong> i <strong>dubinske hidratacije<\/strong>.<\/p>\n<p data-start=\"186\" data-end=\"480\"><strong>After Sun jogurt za tijelo<\/strong> djeluje tamo gdje je ko\u017ei nakon sun\u010danja obnova najpotrebnija \u2013 <strong>u povr\u0161inskom sloju ko\u017ee<\/strong>. Svilenkasto lagana tekstura koja se upija u trenu, bez ljepljivog osje\u0107aja, i <strong>zavodljiv miris vanilije, kokosa i slatke naran\u010de<\/strong> koji na ko\u017ei ostavlja nezaboravan, ljetni potpis.<\/p>\n<p data-start=\"482\" data-end=\"662\">Ako \u017eeli\u0161 da tvoj<strong> bronze ten<\/strong> traje du\u017ee i izgleda ujedna\u010deno, rutina je jasna: tijekom sun\u010danja ubrzaj tamnjenje uz na\u0161e ulje ili marmeladu, a nakon sun\u010danja nahrani ko\u017eu jogurtom.<\/p>\n<p data-start=\"664\" data-end=\"728\" data-is-last-node=\"\" data-is-only-node=\"\">After Sun jogurt za tijelo je <strong>sve \u0161to treba tvojoj ljetnoj ko\u017ei<\/strong>:<\/p>\n<ul>\n<li class=\"tw-data-text tw-text-large tw-ta\" dir=\"ltr\" data-placeholder=\"Translation\" aria-label=\"Translated text\" data-ved=\"2ahUKEwj4z7eY0YKGAxUaSPEDHbfxC-AQ3ewLegQICBAU\"><span class=\"Y2IQFc\" lang=\"hr\">Umiruje ko\u017eu nakon sun\u010danja <\/span><\/li>\n<li class=\"tw-data-text tw-text-large tw-ta\" dir=\"ltr\" data-placeholder=\"Translation\" aria-label=\"Translated text\" data-ved=\"2ahUKEwj4z7eY0YKGAxUaSPEDHbfxC-AQ3ewLegQICBAU\"><span class=\"Y2IQFc\" lang=\"hr\">Hladi ko\u017eu <\/span><\/li>\n<li class=\"tw-data-text tw-text-large tw-ta\" dir=\"ltr\" data-placeholder=\"Translation\" aria-label=\"Translated text\" data-ved=\"2ahUKEwj4z7eY0YKGAxUaSPEDHbfxC-AQ3ewLegQICBAU\"><span class=\"Y2IQFc\" lang=\"hr\">Aloe vera dubinski vla\u017ei ko\u017eu <\/span><\/li>\n<li class=\"tw-data-text tw-text-large tw-ta\" dir=\"ltr\" data-placeholder=\"Translation\" aria-label=\"Translated text\" data-ved=\"2ahUKEwj4z7eY0YKGAxUaSPEDHbfxC-AQ3ewLegQICBAU\"><span class=\"Y2IQFc\" lang=\"hr\">Omek\u0161ava ko\u017eu<\/span><\/li>\n<\/ul>\n<h2 style=\"text-align: center; clear: both;\"><\/h2>\n<p>&nbsp;<\/p>\n<h2><span data-sheets-root=\"1\" data-sheets-value=\"{&quot;1&quot;:2,&quot;2&quot;:&quot;Bogata ulja za prekrasan bron\u010dani ten&quot;}\" data-sheets-userformat=\"{&quot;2&quot;:21377,&quot;3&quot;:{&quot;1&quot;:0},&quot;10&quot;:0,&quot;11&quot;:4,&quot;12&quot;:0,&quot;15&quot;:&quot;Arial&quot;,&quot;17&quot;:1}\"><img loading=\"lazy\" decoding=\"async\" class=\" wp-image-102937 alignleft\" src=\"https:\/\/activeluxe-cosmetics.com\/hr\/wp-content\/uploads\/2026\/05\/Active_Luxe_sun-460x575.png\" alt=\"\" width=\"435\" height=\"544\" srcset=\"https:\/\/activeluxe-cosmetics.com\/hr\/wp-content\/uploads\/2026\/05\/Active_Luxe_sun-460x575.png 460w, https:\/\/activeluxe-cosmetics.com\/hr\/wp-content\/uploads\/2026\/05\/Active_Luxe_sun-819x1024.png 819w, https:\/\/activeluxe-cosmetics.com\/hr\/wp-content\/uploads\/2026\/05\/Active_Luxe_sun-768x960.png 768w, https:\/\/activeluxe-cosmetics.com\/hr\/wp-content\/uploads\/2026\/05\/Active_Luxe_sun-600x750.png 600w, https:\/\/activeluxe-cosmetics.com\/hr\/wp-content\/uploads\/2026\/05\/Active_Luxe_sun.png 1080w\" sizes=\"auto, (max-width: 435px) 100vw, 435px\" \/><\/span><\/h2>\n<h2><strong>Vanilija, kokos i naran\u010da<\/strong> \u2013 potpis ljeta na tvojoj ko\u017ei<\/h2>\n<p>Tekstura je i<strong>znimno lagana<\/strong>, <strong>gotovo pjenasta<\/strong>, s <strong>vrlo brzom apsorpcijom<\/strong>. Bez masnog filma, bez \u010dekanja \u2013 odje\u0107u mo\u017ee\u0161 obu\u0107i odmah nakon nano\u0161enja. Na ko\u017ei ostaje <strong>intenzivan<\/strong>, <strong>zavodljiv miris ljeta<\/strong> koji pru\u017ea osje\u0107aj njegovane i ure\u0111ene ko\u017ee jo\u0161 dugo nakon upotrebe.<\/p>\n<p>Formula spaja <strong>dva bogata prirodna sastojka<\/strong>:<\/p>\n<ul>\n<li>aloe veru s dokazanim umiruju\u0107im i rashla\u0111uju\u0107im u\u010dinkom te<\/li>\n<li>kokosovo ulje za obnovu vlage i meko\u0107u ko\u017ee.<\/li>\n<\/ul>\n<p>Upotreba je jednostavna: nakon tu\u0161iranja ravnomjerno umasiraj u ko\u017eu. Zbog brzog upijanja idealan je za svakodnevnu rutinu, \u010dak i vi\u0161e puta dnevno. Za izra\u017eeniji rashla\u0111uju\u0107i efekt mo\u017ee\u0161 ga \u010duvati u hladnjaku.<\/p>\n<p><strong>Prikladan je i za njegu lica<\/strong> kada ko\u017ei treba dodatno umirenje.<\/p>\n","protected":false},"excerpt":{"rendered":"<p>Lagana, brzo upijaju\u0107a njega nakon sun\u010danja koja umiruje ko\u017eu, intenzivno je hidratizira i odr\u017eava ujedna\u010den, blistav bronze izgled.<\/p>\n","protected":false},"featured_media":102936,"comment_status":"open","ping_status":"closed","template":"","meta":[],"product_brand":[],"product_cat":[82],"product_tag":[],"class_list":{"0":"post-102935","1":"product","2":"type-product","3":"status-publish","4":"has-post-thumbnail","6":"product_cat-sunce","8":"first","9":"instock","10":"featured","11":"taxable","12":"shipping-taxable","13":"purchasable","14":"product-type-simple"},"bundled_by":[],"bundle_stock_status":"instock","bundle_stock_quantity":null,"bundle_virtual":false,"bundle_layout":"","bundle_add_to_cart_form_location":"","bundle_editable_in_cart":false,"bundle_sold_individually_context":"","bundle_item_grouping":"","bundle_min_size":"","bundle_max_size":"","bundled_items":[],"acf":[],"yoast_head":"<!-- This site is optimized with the Yoast SEO plugin v26.5 - https:\/\/yoast.com\/wordpress\/plugins\/seo\/ -->\n<title>After Sun jogurt za tijelo - Active Luxe Cosmetics<\/title>\n<meta name=\"description\" content=\"Rashla\u0111uje ko\u017eu i zadr\u017eava preplanulost tena. Miris vanilije, kokosovog ulja i slatke naran\u010de. Umiruje ko\u017eu nakon sun\u010danja.\" \/>\n<meta name=\"robots\" content=\"noindex, follow\" \/>\n<meta property=\"og:locale\" content=\"hr_HR\" \/>\n<meta property=\"og:type\" content=\"article\" \/>\n<meta property=\"og:title\" content=\"After Sun jogurt za tijelo - Active Luxe Cosmetics\" \/>\n<meta property=\"og:description\" content=\"Rashla\u0111uje ko\u017eu i zadr\u017eava preplanulost tena. Miris vanilije, kokosovog ulja i slatke naran\u010de. Umiruje ko\u017eu nakon sun\u010danja.\" \/>\n<meta property=\"og:url\" content=\"https:\/\/activeluxe-cosmetics.com\/hr\/proizvod\/after-sun-jogurt-za-tijelo\/\" \/>\n<meta property=\"og:site_name\" content=\"Active Luxe Cosmetics\" \/>\n<meta property=\"article:modified_time\" content=\"2026-05-02T18:45:57+00:00\" \/>\n<meta property=\"og:image\" content=\"https:\/\/activeluxe-cosmetics.com\/hr\/wp-content\/uploads\/2026\/05\/After-Sun-Body-Yogurt.jpg\" \/>\n\t<meta property=\"og:image:width\" content=\"1104\" \/>\n\t<meta property=\"og:image:height\" content=\"1326\" \/>\n\t<meta property=\"og:image:type\" content=\"image\/jpeg\" \/>\n<meta name=\"twitter:card\" content=\"summary_large_image\" \/>\n<meta name=\"twitter:label1\" content=\"Procijenjeno vrijeme \u010ditanja\" \/>\n\t<meta name=\"twitter:data1\" content=\"2 minute\" \/>\n<script type=\"application\/ld+json\" class=\"yoast-schema-graph\">{\"@context\":\"https:\/\/schema.org\",\"@graph\":[{\"@type\":\"WebPage\",\"@id\":\"https:\/\/activeluxe-cosmetics.com\/hr\/proizvod\/after-sun-jogurt-za-tijelo\/\",\"url\":\"https:\/\/activeluxe-cosmetics.com\/hr\/proizvod\/after-sun-jogurt-za-tijelo\/\",\"name\":\"After Sun jogurt za tijelo - Active Luxe Cosmetics\",\"isPartOf\":{\"@id\":\"https:\/\/activeluxe-cosmetics.com\/hr\/#website\"},\"primaryImageOfPage\":{\"@id\":\"https:\/\/activeluxe-cosmetics.com\/hr\/proizvod\/after-sun-jogurt-za-tijelo\/#primaryimage\"},\"image\":{\"@id\":\"https:\/\/activeluxe-cosmetics.com\/hr\/proizvod\/after-sun-jogurt-za-tijelo\/#primaryimage\"},\"thumbnailUrl\":\"https:\/\/activeluxe-cosmetics.com\/hr\/wp-content\/uploads\/2026\/05\/After-Sun-Body-Yogurt.jpg\",\"datePublished\":\"2026-05-02T18:27:55+00:00\",\"dateModified\":\"2026-05-02T18:45:57+00:00\",\"description\":\"Rashla\u0111uje ko\u017eu i zadr\u017eava preplanulost tena. Miris vanilije, kokosovog ulja i slatke naran\u010de. Umiruje ko\u017eu nakon sun\u010danja.\",\"breadcrumb\":{\"@id\":\"https:\/\/activeluxe-cosmetics.com\/hr\/proizvod\/after-sun-jogurt-za-tijelo\/#breadcrumb\"},\"inLanguage\":\"hr\",\"potentialAction\":[{\"@type\":\"ReadAction\",\"target\":[\"https:\/\/activeluxe-cosmetics.com\/hr\/proizvod\/after-sun-jogurt-za-tijelo\/\"]}]},{\"@type\":\"ImageObject\",\"inLanguage\":\"hr\",\"@id\":\"https:\/\/activeluxe-cosmetics.com\/hr\/proizvod\/after-sun-jogurt-za-tijelo\/#primaryimage\",\"url\":\"https:\/\/activeluxe-cosmetics.com\/hr\/wp-content\/uploads\/2026\/05\/After-Sun-Body-Yogurt.jpg\",\"contentUrl\":\"https:\/\/activeluxe-cosmetics.com\/hr\/wp-content\/uploads\/2026\/05\/After-Sun-Body-Yogurt.jpg\",\"width\":1104,\"height\":1326},{\"@type\":\"BreadcrumbList\",\"@id\":\"https:\/\/activeluxe-cosmetics.com\/hr\/proizvod\/after-sun-jogurt-za-tijelo\/#breadcrumb\",\"itemListElement\":[{\"@type\":\"ListItem\",\"position\":1,\"name\":\"Naslovnica\",\"item\":\"https:\/\/activeluxe-cosmetics.com\/hr\/\"},{\"@type\":\"ListItem\",\"position\":2,\"name\":\"Trgovina\",\"item\":\"https:\/\/activeluxe-cosmetics.com\/hr\/trgovina\/\"},{\"@type\":\"ListItem\",\"position\":3,\"name\":\"After Sun jogurt za tijelo\"}]},{\"@type\":\"WebSite\",\"@id\":\"https:\/\/activeluxe-cosmetics.com\/hr\/#website\",\"url\":\"https:\/\/activeluxe-cosmetics.com\/hr\/\",\"name\":\"Active Luxe Cosmetics\",\"description\":\"\",\"potentialAction\":[{\"@type\":\"SearchAction\",\"target\":{\"@type\":\"EntryPoint\",\"urlTemplate\":\"https:\/\/activeluxe-cosmetics.com\/hr\/?s={search_term_string}\"},\"query-input\":{\"@type\":\"PropertyValueSpecification\",\"valueRequired\":true,\"valueName\":\"search_term_string\"}}],\"inLanguage\":\"hr\"}]}<\/script>\n<!-- \/ Yoast SEO plugin. -->","yoast_head_json":{"title":"After Sun jogurt za tijelo - Active Luxe Cosmetics","description":"Rashla\u0111uje ko\u017eu i zadr\u017eava preplanulost tena. Miris vanilije, kokosovog ulja i slatke naran\u010de. Umiruje ko\u017eu nakon sun\u010danja.","robots":{"index":"noindex","follow":"follow"},"og_locale":"hr_HR","og_type":"article","og_title":"After Sun jogurt za tijelo - Active Luxe Cosmetics","og_description":"Rashla\u0111uje ko\u017eu i zadr\u017eava preplanulost tena. Miris vanilije, kokosovog ulja i slatke naran\u010de. Umiruje ko\u017eu nakon sun\u010danja.","og_url":"https:\/\/activeluxe-cosmetics.com\/hr\/proizvod\/after-sun-jogurt-za-tijelo\/","og_site_name":"Active Luxe Cosmetics","article_modified_time":"2026-05-02T18:45:57+00:00","og_image":[{"width":1104,"height":1326,"url":"https:\/\/activeluxe-cosmetics.com\/hr\/wp-content\/uploads\/2026\/05\/After-Sun-Body-Yogurt.jpg","type":"image\/jpeg"}],"twitter_card":"summary_large_image","twitter_misc":{"Procijenjeno vrijeme \u010ditanja":"2 minute"},"schema":{"@context":"https:\/\/schema.org","@graph":[{"@type":"WebPage","@id":"https:\/\/activeluxe-cosmetics.com\/hr\/proizvod\/after-sun-jogurt-za-tijelo\/","url":"https:\/\/activeluxe-cosmetics.com\/hr\/proizvod\/after-sun-jogurt-za-tijelo\/","name":"After Sun jogurt za tijelo - Active Luxe Cosmetics","isPartOf":{"@id":"https:\/\/activeluxe-cosmetics.com\/hr\/#website"},"primaryImageOfPage":{"@id":"https:\/\/activeluxe-cosmetics.com\/hr\/proizvod\/after-sun-jogurt-za-tijelo\/#primaryimage"},"image":{"@id":"https:\/\/activeluxe-cosmetics.com\/hr\/proizvod\/after-sun-jogurt-za-tijelo\/#primaryimage"},"thumbnailUrl":"https:\/\/activeluxe-cosmetics.com\/hr\/wp-content\/uploads\/2026\/05\/After-Sun-Body-Yogurt.jpg","datePublished":"2026-05-02T18:27:55+00:00","dateModified":"2026-05-02T18:45:57+00:00","description":"Rashla\u0111uje ko\u017eu i zadr\u017eava preplanulost tena. Miris vanilije, kokosovog ulja i slatke naran\u010de. Umiruje ko\u017eu nakon sun\u010danja.","breadcrumb":{"@id":"https:\/\/activeluxe-cosmetics.com\/hr\/proizvod\/after-sun-jogurt-za-tijelo\/#breadcrumb"},"inLanguage":"hr","potentialAction":[{"@type":"ReadAction","target":["https:\/\/activeluxe-cosmetics.com\/hr\/proizvod\/after-sun-jogurt-za-tijelo\/"]}]},{"@type":"ImageObject","inLanguage":"hr","@id":"https:\/\/activeluxe-cosmetics.com\/hr\/proizvod\/after-sun-jogurt-za-tijelo\/#primaryimage","url":"https:\/\/activeluxe-cosmetics.com\/hr\/wp-content\/uploads\/2026\/05\/After-Sun-Body-Yogurt.jpg","contentUrl":"https:\/\/activeluxe-cosmetics.com\/hr\/wp-content\/uploads\/2026\/05\/After-Sun-Body-Yogurt.jpg","width":1104,"height":1326},{"@type":"BreadcrumbList","@id":"https:\/\/activeluxe-cosmetics.com\/hr\/proizvod\/after-sun-jogurt-za-tijelo\/#breadcrumb","itemListElement":[{"@type":"ListItem","position":1,"name":"Naslovnica","item":"https:\/\/activeluxe-cosmetics.com\/hr\/"},{"@type":"ListItem","position":2,"name":"Trgovina","item":"https:\/\/activeluxe-cosmetics.com\/hr\/trgovina\/"},{"@type":"ListItem","position":3,"name":"After Sun jogurt za tijelo"}]},{"@type":"WebSite","@id":"https:\/\/activeluxe-cosmetics.com\/hr\/#website","url":"https:\/\/activeluxe-cosmetics.com\/hr\/","name":"Active Luxe Cosmetics","description":"","potentialAction":[{"@type":"SearchAction","target":{"@type":"EntryPoint","urlTemplate":"https:\/\/activeluxe-cosmetics.com\/hr\/?s={search_term_string}"},"query-input":{"@type":"PropertyValueSpecification","valueRequired":true,"valueName":"search_term_string"}}],"inLanguage":"hr"}]}},"_links":{"self":[{"href":"https:\/\/activeluxe-cosmetics.com\/hr\/wp-json\/wp\/v2\/product\/102935","targetHints":{"allow":["GET"]}}],"collection":[{"href":"https:\/\/activeluxe-cosmetics.com\/hr\/wp-json\/wp\/v2\/product"}],"about":[{"href":"https:\/\/activeluxe-cosmetics.com\/hr\/wp-json\/wp\/v2\/types\/product"}],"replies":[{"embeddable":true,"href":"https:\/\/activeluxe-cosmetics.com\/hr\/wp-json\/wp\/v2\/comments?post=102935"}],"wp:featuredmedia":[{"embeddable":true,"href":"https:\/\/activeluxe-cosmetics.com\/hr\/wp-json\/wp\/v2\/media\/102936"}],"wp:attachment":[{"href":"https:\/\/activeluxe-cosmetics.com\/hr\/wp-json\/wp\/v2\/media?parent=102935"}],"wp:term":[{"taxonomy":"product_brand","embeddable":true,"href":"https:\/\/activeluxe-cosmetics.com\/hr\/wp-json\/wp\/v2\/product_brand?post=102935"},{"taxonomy":"product_cat","embeddable":true,"href":"https:\/\/activeluxe-cosmetics.com\/hr\/wp-json\/wp\/v2\/product_cat?post=102935"},{"taxonomy":"product_tag","embeddable":true,"href":"https:\/\/activeluxe-cosmetics.com\/hr\/wp-json\/wp\/v2\/product_tag?post=102935"}],"curies":[{"name":"wp","href":"https:\/\/api.w.org\/{rel}","templated":true}]}}