{"id":102909,"date":"2026-04-30T12:14:35","date_gmt":"2026-04-30T12:14:35","guid":{"rendered":"https:\/\/activeluxe-cosmetics.com\/hr\/?post_type=product&#038;p=102909"},"modified":"2026-04-30T12:15:41","modified_gmt":"2026-04-30T12:15:41","slug":"glow-body-butter","status":"publish","type":"product","link":"https:\/\/activeluxe-cosmetics.com\/hr\/proizvod\/glow-body-butter\/","title":{"rendered":"1+1 GRATIS: Glow Body Butter maslac za tijelo"},"content":{"rendered":"<h2><\/h2>\n<h2><strong><img loading=\"lazy\" decoding=\"async\" class=\" wp-image-111724 alignright\" src=\"https:\/\/cdn.activeluxe-cosmetics.com\/sl\/wp-content\/uploads\/2026\/03\/20140538\/glow-body-butter-11-460x553.jpg\" alt=\"\" width=\"430\" height=\"517\" \/>Bogata njega<\/strong> koju tvoje tijelo zaista treba<\/h2>\n<p>Glow Body Butter je i<strong>ntenzivno hranjivi maslac za tijelo<\/strong>, osmi\u0161ljen <strong>za suhu<\/strong>, <strong>dehidriranu<\/strong> i <strong>umornu ko\u017eu<\/strong> kojoj je potrebna obnova, meko\u0107a i zdrav sjaj.<\/p>\n<p>Kremasta, bogata tekstura u dodiru s ko\u017eom se topi i brzo upija, bez osje\u0107aja te\u017eine ili masnog filma. Ko\u017ea je nakon upotrebe vidljivo <strong>gla\u0111a<\/strong>, <strong>mek\u0161a<\/strong> i <strong>blistavija<\/strong>.<\/p>\n<p>Za\u0161to Glow Body Butter:<\/p>\n<ul>\n<li><strong>dubinski hrani<\/strong> i <strong>regenerira<\/strong> ko\u017eu<\/li>\n<li><strong>pobolj\u0161ava elasti\u010dnost<\/strong> i i<strong>zgled<\/strong> ko\u017ee<\/li>\n<li>pru\u017ea <strong>dugotrajnu hidrataciju<\/strong><\/li>\n<li>ko\u017ei daje <strong>prirodan<\/strong>, zdrav <strong>glow<\/strong><\/li>\n<li>pogodan za <strong>svakodnevnu upotrebu<\/strong><\/li>\n<\/ul>\n<p>Savr\u0161en izbor za svakodnevnu njegu tijela \u2013 posebno nakon tu\u0161iranja, kada ko\u017ea najbolje upija aktivne sastojke.<\/p>\n<p>&nbsp;<\/p>\n<h2><\/h2>\n<p>&nbsp;<\/p>\n<h2 style=\"text-align: center; clear: both;\"><\/h2>\n<p>&nbsp;<\/p>\n<p>&nbsp;<\/p>\n<div style=\"display: flex; align-items: center; gap: 20px; flex-wrap: wrap;\">\n<p>&nbsp;<\/p>\n<\/div>\n","protected":false},"excerpt":{"rendered":"<p>Za sve koji tra\u017ee vi\u0161e: vi\u0161e meko\u0107e, vi\u0161e hidratacije i vi\u0161e razmaz\u030cenja. Ko\u017ei daje prirodan, predivan glow.<\/p>\n","protected":false},"featured_media":102910,"comment_status":"open","ping_status":"closed","template":"","meta":[],"product_brand":[],"product_cat":[56],"product_tag":[],"class_list":{"0":"post-102909","1":"product","2":"type-product","3":"status-publish","4":"has-post-thumbnail","6":"product_cat-posebna-ponuda","8":"first","9":"instock","10":"sale","11":"taxable","12":"shipping-taxable","13":"purchasable","14":"product-type-simple"},"bundled_by":[],"bundle_stock_status":"instock","bundle_stock_quantity":null,"bundle_virtual":false,"bundle_layout":"","bundle_add_to_cart_form_location":"","bundle_editable_in_cart":false,"bundle_sold_individually_context":"","bundle_item_grouping":"","bundle_min_size":"","bundle_max_size":"","bundled_items":[],"acf":[],"yoast_head":"<!-- This site is optimized with the Yoast SEO plugin v26.5 - https:\/\/yoast.com\/wordpress\/plugins\/seo\/ -->\n<title>Maslac za tijelo \u2013 Active Luxe Cosmetics<\/title>\n<meta name=\"description\" content=\"Formulirano za intenzivnu hidrataciju i obnovu ko\u017ee, zahvaljuju\u0107i bogatoj formulaciji s kokosovim uljem, karite maslacem i bademovim uljem.\" \/>\n<meta name=\"robots\" content=\"index, follow, max-snippet:-1, max-image-preview:large, max-video-preview:-1\" \/>\n<link rel=\"canonical\" href=\"https:\/\/activeluxe-cosmetics.com\/hr\/proizvod\/glow-body-butter\/\" \/>\n<meta property=\"og:locale\" content=\"hr_HR\" \/>\n<meta property=\"og:type\" content=\"article\" \/>\n<meta property=\"og:title\" content=\"Maslac za tijelo \u2013 Active Luxe Cosmetics\" \/>\n<meta property=\"og:description\" content=\"Formulirano za intenzivnu hidrataciju i obnovu ko\u017ee, zahvaljuju\u0107i bogatoj formulaciji s kokosovim uljem, karite maslacem i bademovim uljem.\" \/>\n<meta property=\"og:url\" content=\"https:\/\/activeluxe-cosmetics.com\/hr\/proizvod\/glow-body-butter\/\" \/>\n<meta property=\"og:site_name\" content=\"Active Luxe Cosmetics\" \/>\n<meta property=\"article:modified_time\" content=\"2026-04-30T12:15:41+00:00\" \/>\n<meta property=\"og:image\" content=\"https:\/\/activeluxe-cosmetics.com\/hr\/wp-content\/uploads\/2026\/04\/glow-body-butter-11.jpg\" \/>\n\t<meta property=\"og:image:width\" content=\"1104\" \/>\n\t<meta property=\"og:image:height\" content=\"1326\" \/>\n\t<meta property=\"og:image:type\" content=\"image\/jpeg\" \/>\n<meta name=\"twitter:card\" content=\"summary_large_image\" \/>\n<meta name=\"twitter:label1\" content=\"Procijenjeno vrijeme \u010ditanja\" \/>\n\t<meta name=\"twitter:data1\" content=\"1 minuta\" \/>\n<script type=\"application\/ld+json\" class=\"yoast-schema-graph\">{\"@context\":\"https:\/\/schema.org\",\"@graph\":[{\"@type\":\"WebPage\",\"@id\":\"https:\/\/activeluxe-cosmetics.com\/hr\/proizvod\/glow-body-butter\/\",\"url\":\"https:\/\/activeluxe-cosmetics.com\/hr\/proizvod\/glow-body-butter\/\",\"name\":\"Maslac za tijelo \u2013 Active Luxe Cosmetics\",\"isPartOf\":{\"@id\":\"https:\/\/activeluxe-cosmetics.com\/hr\/#website\"},\"primaryImageOfPage\":{\"@id\":\"https:\/\/activeluxe-cosmetics.com\/hr\/proizvod\/glow-body-butter\/#primaryimage\"},\"image\":{\"@id\":\"https:\/\/activeluxe-cosmetics.com\/hr\/proizvod\/glow-body-butter\/#primaryimage\"},\"thumbnailUrl\":\"https:\/\/activeluxe-cosmetics.com\/hr\/wp-content\/uploads\/2026\/04\/glow-body-butter-11.jpg\",\"datePublished\":\"2026-04-30T12:14:35+00:00\",\"dateModified\":\"2026-04-30T12:15:41+00:00\",\"description\":\"Formulirano za intenzivnu hidrataciju i obnovu ko\u017ee, zahvaljuju\u0107i bogatoj formulaciji s kokosovim uljem, karite maslacem i bademovim uljem.\",\"breadcrumb\":{\"@id\":\"https:\/\/activeluxe-cosmetics.com\/hr\/proizvod\/glow-body-butter\/#breadcrumb\"},\"inLanguage\":\"hr\",\"potentialAction\":[{\"@type\":\"ReadAction\",\"target\":[\"https:\/\/activeluxe-cosmetics.com\/hr\/proizvod\/glow-body-butter\/\"]}]},{\"@type\":\"ImageObject\",\"inLanguage\":\"hr\",\"@id\":\"https:\/\/activeluxe-cosmetics.com\/hr\/proizvod\/glow-body-butter\/#primaryimage\",\"url\":\"https:\/\/activeluxe-cosmetics.com\/hr\/wp-content\/uploads\/2026\/04\/glow-body-butter-11.jpg\",\"contentUrl\":\"https:\/\/activeluxe-cosmetics.com\/hr\/wp-content\/uploads\/2026\/04\/glow-body-butter-11.jpg\",\"width\":1104,\"height\":1326},{\"@type\":\"BreadcrumbList\",\"@id\":\"https:\/\/activeluxe-cosmetics.com\/hr\/proizvod\/glow-body-butter\/#breadcrumb\",\"itemListElement\":[{\"@type\":\"ListItem\",\"position\":1,\"name\":\"Naslovnica\",\"item\":\"https:\/\/activeluxe-cosmetics.com\/hr\/\"},{\"@type\":\"ListItem\",\"position\":2,\"name\":\"Trgovina\",\"item\":\"https:\/\/activeluxe-cosmetics.com\/hr\/trgovina\/\"},{\"@type\":\"ListItem\",\"position\":3,\"name\":\"1+1 GRATIS: Glow Body Butter maslac za tijelo\"}]},{\"@type\":\"WebSite\",\"@id\":\"https:\/\/activeluxe-cosmetics.com\/hr\/#website\",\"url\":\"https:\/\/activeluxe-cosmetics.com\/hr\/\",\"name\":\"Active Luxe Cosmetics\",\"description\":\"\",\"potentialAction\":[{\"@type\":\"SearchAction\",\"target\":{\"@type\":\"EntryPoint\",\"urlTemplate\":\"https:\/\/activeluxe-cosmetics.com\/hr\/?s={search_term_string}\"},\"query-input\":{\"@type\":\"PropertyValueSpecification\",\"valueRequired\":true,\"valueName\":\"search_term_string\"}}],\"inLanguage\":\"hr\"}]}<\/script>\n<!-- \/ Yoast SEO plugin. -->","yoast_head_json":{"title":"Maslac za tijelo \u2013 Active Luxe Cosmetics","description":"Formulirano za intenzivnu hidrataciju i obnovu ko\u017ee, zahvaljuju\u0107i bogatoj formulaciji s kokosovim uljem, karite maslacem i bademovim uljem.","robots":{"index":"index","follow":"follow","max-snippet":"max-snippet:-1","max-image-preview":"max-image-preview:large","max-video-preview":"max-video-preview:-1"},"canonical":"https:\/\/activeluxe-cosmetics.com\/hr\/proizvod\/glow-body-butter\/","og_locale":"hr_HR","og_type":"article","og_title":"Maslac za tijelo \u2013 Active Luxe Cosmetics","og_description":"Formulirano za intenzivnu hidrataciju i obnovu ko\u017ee, zahvaljuju\u0107i bogatoj formulaciji s kokosovim uljem, karite maslacem i bademovim uljem.","og_url":"https:\/\/activeluxe-cosmetics.com\/hr\/proizvod\/glow-body-butter\/","og_site_name":"Active Luxe Cosmetics","article_modified_time":"2026-04-30T12:15:41+00:00","og_image":[{"width":1104,"height":1326,"url":"https:\/\/activeluxe-cosmetics.com\/hr\/wp-content\/uploads\/2026\/04\/glow-body-butter-11.jpg","type":"image\/jpeg"}],"twitter_card":"summary_large_image","twitter_misc":{"Procijenjeno vrijeme \u010ditanja":"1 minuta"},"schema":{"@context":"https:\/\/schema.org","@graph":[{"@type":"WebPage","@id":"https:\/\/activeluxe-cosmetics.com\/hr\/proizvod\/glow-body-butter\/","url":"https:\/\/activeluxe-cosmetics.com\/hr\/proizvod\/glow-body-butter\/","name":"Maslac za tijelo \u2013 Active Luxe Cosmetics","isPartOf":{"@id":"https:\/\/activeluxe-cosmetics.com\/hr\/#website"},"primaryImageOfPage":{"@id":"https:\/\/activeluxe-cosmetics.com\/hr\/proizvod\/glow-body-butter\/#primaryimage"},"image":{"@id":"https:\/\/activeluxe-cosmetics.com\/hr\/proizvod\/glow-body-butter\/#primaryimage"},"thumbnailUrl":"https:\/\/activeluxe-cosmetics.com\/hr\/wp-content\/uploads\/2026\/04\/glow-body-butter-11.jpg","datePublished":"2026-04-30T12:14:35+00:00","dateModified":"2026-04-30T12:15:41+00:00","description":"Formulirano za intenzivnu hidrataciju i obnovu ko\u017ee, zahvaljuju\u0107i bogatoj formulaciji s kokosovim uljem, karite maslacem i bademovim uljem.","breadcrumb":{"@id":"https:\/\/activeluxe-cosmetics.com\/hr\/proizvod\/glow-body-butter\/#breadcrumb"},"inLanguage":"hr","potentialAction":[{"@type":"ReadAction","target":["https:\/\/activeluxe-cosmetics.com\/hr\/proizvod\/glow-body-butter\/"]}]},{"@type":"ImageObject","inLanguage":"hr","@id":"https:\/\/activeluxe-cosmetics.com\/hr\/proizvod\/glow-body-butter\/#primaryimage","url":"https:\/\/activeluxe-cosmetics.com\/hr\/wp-content\/uploads\/2026\/04\/glow-body-butter-11.jpg","contentUrl":"https:\/\/activeluxe-cosmetics.com\/hr\/wp-content\/uploads\/2026\/04\/glow-body-butter-11.jpg","width":1104,"height":1326},{"@type":"BreadcrumbList","@id":"https:\/\/activeluxe-cosmetics.com\/hr\/proizvod\/glow-body-butter\/#breadcrumb","itemListElement":[{"@type":"ListItem","position":1,"name":"Naslovnica","item":"https:\/\/activeluxe-cosmetics.com\/hr\/"},{"@type":"ListItem","position":2,"name":"Trgovina","item":"https:\/\/activeluxe-cosmetics.com\/hr\/trgovina\/"},{"@type":"ListItem","position":3,"name":"1+1 GRATIS: Glow Body Butter maslac za tijelo"}]},{"@type":"WebSite","@id":"https:\/\/activeluxe-cosmetics.com\/hr\/#website","url":"https:\/\/activeluxe-cosmetics.com\/hr\/","name":"Active Luxe Cosmetics","description":"","potentialAction":[{"@type":"SearchAction","target":{"@type":"EntryPoint","urlTemplate":"https:\/\/activeluxe-cosmetics.com\/hr\/?s={search_term_string}"},"query-input":{"@type":"PropertyValueSpecification","valueRequired":true,"valueName":"search_term_string"}}],"inLanguage":"hr"}]}},"_links":{"self":[{"href":"https:\/\/activeluxe-cosmetics.com\/hr\/wp-json\/wp\/v2\/product\/102909","targetHints":{"allow":["GET"]}}],"collection":[{"href":"https:\/\/activeluxe-cosmetics.com\/hr\/wp-json\/wp\/v2\/product"}],"about":[{"href":"https:\/\/activeluxe-cosmetics.com\/hr\/wp-json\/wp\/v2\/types\/product"}],"replies":[{"embeddable":true,"href":"https:\/\/activeluxe-cosmetics.com\/hr\/wp-json\/wp\/v2\/comments?post=102909"}],"wp:featuredmedia":[{"embeddable":true,"href":"https:\/\/activeluxe-cosmetics.com\/hr\/wp-json\/wp\/v2\/media\/102910"}],"wp:attachment":[{"href":"https:\/\/activeluxe-cosmetics.com\/hr\/wp-json\/wp\/v2\/media?parent=102909"}],"wp:term":[{"taxonomy":"product_brand","embeddable":true,"href":"https:\/\/activeluxe-cosmetics.com\/hr\/wp-json\/wp\/v2\/product_brand?post=102909"},{"taxonomy":"product_cat","embeddable":true,"href":"https:\/\/activeluxe-cosmetics.com\/hr\/wp-json\/wp\/v2\/product_cat?post=102909"},{"taxonomy":"product_tag","embeddable":true,"href":"https:\/\/activeluxe-cosmetics.com\/hr\/wp-json\/wp\/v2\/product_tag?post=102909"}],"curies":[{"name":"wp","href":"https:\/\/api.w.org\/{rel}","templated":true}]}}