{"id":102903,"date":"2026-04-30T11:42:39","date_gmt":"2026-04-30T11:42:39","guid":{"rendered":"https:\/\/activeluxe-cosmetics.com\/hr\/?post_type=product&#038;p=102903"},"modified":"2026-04-30T11:42:45","modified_gmt":"2026-04-30T11:42:45","slug":"rucnik-za-kosu-od-100-mikrovlakana","status":"publish","type":"product","link":"https:\/\/activeluxe-cosmetics.com\/hr\/proizvod\/rucnik-za-kosu-od-100-mikrovlakana\/","title":{"rendered":"1+1 GRATIS: Ru\u010dnik za kosu od 100 % mikrovlakana"},"content":{"rendered":"<p><img loading=\"lazy\" decoding=\"async\" class=\" wp-image-98312 alignright\" src=\"https:\/\/cdn.activeluxe-cosmetics.com\/sl\/wp-content\/uploads\/2025\/04\/14120621\/brisacka_za_las-460x552.jpg\" alt=\"\" width=\"371\" height=\"445\" \/><\/p>\n<h2><strong>Br\u017ee su\u0161enje<\/strong> koje ne o\u0161te\u0107uje tvoju kosu<\/h2>\n<p>Jesi li i ti umorna od dugog su\u0161enja i razbaru\u0161ene kose nakon upotrebe obi\u010dnog ru\u010dnika?<\/p>\n<p>Predstavljamo ti <strong>ru\u010dnik za kosu od 100 % mikrovlakana<\/strong> \u2013 <strong>mekan<\/strong>, <strong>lagan<\/strong> i <strong>izuzetno upijaju\u0107i<\/strong>. Dizajniran je tako da nje\u017eno obuhvati tvoju kosu, brzo <strong>upije vi\u0161ak vlage<\/strong> i osigura da ti kosa bude suha br\u017ee nego ikada prije \u2013 bez grubog trljanja i nepotrebnog kidanja kose.<\/p>\n<p><strong>Mikrovlakna<\/strong> (kombinacija poliestera i poliamida) omogu\u0107uju da se kosa su\u0161i <strong>prirodno<\/strong> i <strong>nje\u017eno<\/strong>, a istovremeno sprje\u010davaju lomljenje, cijepanje vrhova i stati\u010dki elektricitet.<\/p>\n<p>Savr\u0161eno rje\u0161enje za sve koji brinemo o zdravlju svoje kose, a ipak \u017eelimo brzu rutinu nakon tu\u0161iranja.<\/p>\n<p><span style=\"font-weight: 400;\">\u00a0<\/span><\/p>\n<p>&nbsp;<\/p>\n<h2 style=\"text-align: center; clear: both;\"><\/h2>\n<h2><img loading=\"lazy\" decoding=\"async\" class=\" wp-image-96910 alignleft\" src=\"https:\/\/cdn.activeluxe-cosmetics.com\/sl\/wp-content\/uploads\/2025\/04\/09110550\/activeluxe_brisackezalase_bez-460x553.jpg\" alt=\"Active Luxe brisa\u010dka za lase v be\u017e barvi\" width=\"371\" height=\"446\" \/><strong>Tvoj novi najdra\u017ei beauty<\/strong> saveznik<\/h2>\n<p>Ru\u010dnik mo\u017ee\u0161 koristiti odmah <strong>nakon pranja kose<\/strong> \u2013 sagne\u0161 glavu prema naprijed, zamota\u0161 kosu u ru\u010dnik, zavije\u0161 i pri\u010dvrsti\u0161 s elastikom i gumbom.<\/p>\n<p><strong>Bez zapetljavanja<\/strong>, <strong>bez klizanja<\/strong>, samo savr\u0161eno prilago\u0111avanje i maksimalna udobnost.<\/p>\n<p>Mo\u017ee\u0161 ga koristiti i tijekom beauty rituala \u2013 kada nanosi\u0161 masku, ulja ili druge proizvode za njegu, jednostavno ih zamota\u0161 u ru\u010dnik i nastavi\u0161 s opu\u0161tanjem.<\/p>\n<p>Kosa ostaje na mjestu, a toplina poma\u017ee da aktivni sastojci bolje prodru u strukturu kose.<\/p>\n<p>Pogodna je <strong>za sve duljine i vrste kose<\/strong> \u2013 od kratke, kovr\u010dave do duge i guste.<\/p>\n<p>Tako\u0111er je <strong>pogodna za djecu<\/strong>, jer ima 2 gumba kojima se mo\u017ee prilagoditi veli\u010dina.<\/p>\n<h2 style=\"text-align: center; clear: both;\"><\/h2>\n<p>&nbsp;<\/p>\n<h3 style=\"clear: both; max-width: 820px;\"><span data-sheets-root=\"1\" data-sheets-value=\"{&quot;1&quot;:2,&quot;2&quot;:&quot;Pogodno za \u017eene i mu\u0161karce. Klini\u010dki je ispitan i prikladan za svakodnevnu uporabu.n&quot;}\" data-sheets-userformat=\"{&quot;2&quot;:769,&quot;3&quot;:{&quot;1&quot;:0},&quot;11&quot;:4,&quot;12&quot;:0}\" data-sheets-textstyleruns=\"{&quot;1&quot;:0}\uee10{&quot;1&quot;:28,&quot;2&quot;:{&quot;2&quot;:{&quot;1&quot;:2,&quot;2&quot;:16739585}}}\">\u00a0<\/span><\/h3>\n<div style=\"display: flex; align-items: center; gap: 20px; flex-wrap: wrap;\">\n<p style=\"max-width: 360px;\">\n<\/div>\n","protected":false},"excerpt":{"rendered":"<p>Ru\u010dnik za kosu upija vi\u0161ak vlage, ubrzava su\u0161enje bez trljanja te ne o\u0161te\u0107uje kosu kao obi\u010dan ru\u010dnik.<\/p>\n","protected":false},"featured_media":102904,"comment_status":"open","ping_status":"closed","template":"","meta":[],"product_brand":[],"product_cat":[56],"product_tag":[],"class_list":{"0":"post-102903","1":"product","2":"type-product","3":"status-publish","4":"has-post-thumbnail","6":"product_cat-posebna-ponuda","8":"first","9":"instock","10":"sale","11":"taxable","12":"shipping-taxable","13":"purchasable","14":"product-type-simple"},"bundled_by":[],"bundle_stock_status":"instock","bundle_stock_quantity":null,"bundle_virtual":false,"bundle_layout":"","bundle_add_to_cart_form_location":"","bundle_editable_in_cart":false,"bundle_sold_individually_context":"","bundle_item_grouping":"","bundle_min_size":"","bundle_max_size":"","bundled_items":[],"acf":[],"yoast_head":"<!-- This site is optimized with the Yoast SEO plugin v26.5 - https:\/\/yoast.com\/wordpress\/plugins\/seo\/ -->\n<title>Active Luxe ru\u010dnik za kosu od 100 % mikrovlakana<\/title>\n<meta name=\"description\" content=\"Tvoj novi saveznik za nje\u017eno i u\u010dinkovito su\u0161enje kose.Mekan i iznimno upijaju\u0107i ru\u010dnik koji u potpunosti uklanja vi\u0161ak vlage i skra\u0107uje vrijeme su\u0161enja.\" \/>\n<meta name=\"robots\" content=\"index, follow, max-snippet:-1, max-image-preview:large, max-video-preview:-1\" \/>\n<link rel=\"canonical\" href=\"https:\/\/activeluxe-cosmetics.com\/hr\/proizvod\/rucnik-za-kosu-od-100-mikrovlakana\/\" \/>\n<meta property=\"og:locale\" content=\"hr_HR\" \/>\n<meta property=\"og:type\" content=\"article\" \/>\n<meta property=\"og:title\" content=\"Active Luxe ru\u010dnik za kosu od 100 % mikrovlakana\" \/>\n<meta property=\"og:description\" content=\"Tvoj novi saveznik za nje\u017eno i u\u010dinkovito su\u0161enje kose.Mekan i iznimno upijaju\u0107i ru\u010dnik koji u potpunosti uklanja vi\u0161ak vlage i skra\u0107uje vrijeme su\u0161enja.\" \/>\n<meta property=\"og:url\" content=\"https:\/\/activeluxe-cosmetics.com\/hr\/proizvod\/rucnik-za-kosu-od-100-mikrovlakana\/\" \/>\n<meta property=\"og:site_name\" content=\"Active Luxe Cosmetics\" \/>\n<meta property=\"article:modified_time\" content=\"2026-04-30T11:42:45+00:00\" \/>\n<meta property=\"og:image\" content=\"https:\/\/activeluxe-cosmetics.com\/hr\/wp-content\/uploads\/2026\/04\/brisacka-11.jpg\" \/>\n\t<meta property=\"og:image:width\" content=\"1104\" \/>\n\t<meta property=\"og:image:height\" content=\"1326\" \/>\n\t<meta property=\"og:image:type\" content=\"image\/jpeg\" \/>\n<meta name=\"twitter:card\" content=\"summary_large_image\" \/>\n<meta name=\"twitter:label1\" content=\"Procijenjeno vrijeme \u010ditanja\" \/>\n\t<meta name=\"twitter:data1\" content=\"2 minute\" \/>\n<script type=\"application\/ld+json\" class=\"yoast-schema-graph\">{\"@context\":\"https:\/\/schema.org\",\"@graph\":[{\"@type\":\"WebPage\",\"@id\":\"https:\/\/activeluxe-cosmetics.com\/hr\/proizvod\/rucnik-za-kosu-od-100-mikrovlakana\/\",\"url\":\"https:\/\/activeluxe-cosmetics.com\/hr\/proizvod\/rucnik-za-kosu-od-100-mikrovlakana\/\",\"name\":\"Active Luxe ru\u010dnik za kosu od 100 % mikrovlakana\",\"isPartOf\":{\"@id\":\"https:\/\/activeluxe-cosmetics.com\/hr\/#website\"},\"primaryImageOfPage\":{\"@id\":\"https:\/\/activeluxe-cosmetics.com\/hr\/proizvod\/rucnik-za-kosu-od-100-mikrovlakana\/#primaryimage\"},\"image\":{\"@id\":\"https:\/\/activeluxe-cosmetics.com\/hr\/proizvod\/rucnik-za-kosu-od-100-mikrovlakana\/#primaryimage\"},\"thumbnailUrl\":\"https:\/\/activeluxe-cosmetics.com\/hr\/wp-content\/uploads\/2026\/04\/brisacka-11.jpg\",\"datePublished\":\"2026-04-30T11:42:39+00:00\",\"dateModified\":\"2026-04-30T11:42:45+00:00\",\"description\":\"Tvoj novi saveznik za nje\u017eno i u\u010dinkovito su\u0161enje kose.Mekan i iznimno upijaju\u0107i ru\u010dnik koji u potpunosti uklanja vi\u0161ak vlage i skra\u0107uje vrijeme su\u0161enja.\",\"breadcrumb\":{\"@id\":\"https:\/\/activeluxe-cosmetics.com\/hr\/proizvod\/rucnik-za-kosu-od-100-mikrovlakana\/#breadcrumb\"},\"inLanguage\":\"hr\",\"potentialAction\":[{\"@type\":\"ReadAction\",\"target\":[\"https:\/\/activeluxe-cosmetics.com\/hr\/proizvod\/rucnik-za-kosu-od-100-mikrovlakana\/\"]}]},{\"@type\":\"ImageObject\",\"inLanguage\":\"hr\",\"@id\":\"https:\/\/activeluxe-cosmetics.com\/hr\/proizvod\/rucnik-za-kosu-od-100-mikrovlakana\/#primaryimage\",\"url\":\"https:\/\/activeluxe-cosmetics.com\/hr\/wp-content\/uploads\/2026\/04\/brisacka-11.jpg\",\"contentUrl\":\"https:\/\/activeluxe-cosmetics.com\/hr\/wp-content\/uploads\/2026\/04\/brisacka-11.jpg\",\"width\":1104,\"height\":1326},{\"@type\":\"BreadcrumbList\",\"@id\":\"https:\/\/activeluxe-cosmetics.com\/hr\/proizvod\/rucnik-za-kosu-od-100-mikrovlakana\/#breadcrumb\",\"itemListElement\":[{\"@type\":\"ListItem\",\"position\":1,\"name\":\"Naslovnica\",\"item\":\"https:\/\/activeluxe-cosmetics.com\/hr\/\"},{\"@type\":\"ListItem\",\"position\":2,\"name\":\"Trgovina\",\"item\":\"https:\/\/activeluxe-cosmetics.com\/hr\/trgovina\/\"},{\"@type\":\"ListItem\",\"position\":3,\"name\":\"1+1 GRATIS: Ru\u010dnik za kosu od 100 % mikrovlakana\"}]},{\"@type\":\"WebSite\",\"@id\":\"https:\/\/activeluxe-cosmetics.com\/hr\/#website\",\"url\":\"https:\/\/activeluxe-cosmetics.com\/hr\/\",\"name\":\"Active Luxe Cosmetics\",\"description\":\"\",\"potentialAction\":[{\"@type\":\"SearchAction\",\"target\":{\"@type\":\"EntryPoint\",\"urlTemplate\":\"https:\/\/activeluxe-cosmetics.com\/hr\/?s={search_term_string}\"},\"query-input\":{\"@type\":\"PropertyValueSpecification\",\"valueRequired\":true,\"valueName\":\"search_term_string\"}}],\"inLanguage\":\"hr\"}]}<\/script>\n<!-- \/ Yoast SEO plugin. -->","yoast_head_json":{"title":"Active Luxe ru\u010dnik za kosu od 100 % mikrovlakana","description":"Tvoj novi saveznik za nje\u017eno i u\u010dinkovito su\u0161enje kose.Mekan i iznimno upijaju\u0107i ru\u010dnik koji u potpunosti uklanja vi\u0161ak vlage i skra\u0107uje vrijeme su\u0161enja.","robots":{"index":"index","follow":"follow","max-snippet":"max-snippet:-1","max-image-preview":"max-image-preview:large","max-video-preview":"max-video-preview:-1"},"canonical":"https:\/\/activeluxe-cosmetics.com\/hr\/proizvod\/rucnik-za-kosu-od-100-mikrovlakana\/","og_locale":"hr_HR","og_type":"article","og_title":"Active Luxe ru\u010dnik za kosu od 100 % mikrovlakana","og_description":"Tvoj novi saveznik za nje\u017eno i u\u010dinkovito su\u0161enje kose.Mekan i iznimno upijaju\u0107i ru\u010dnik koji u potpunosti uklanja vi\u0161ak vlage i skra\u0107uje vrijeme su\u0161enja.","og_url":"https:\/\/activeluxe-cosmetics.com\/hr\/proizvod\/rucnik-za-kosu-od-100-mikrovlakana\/","og_site_name":"Active Luxe Cosmetics","article_modified_time":"2026-04-30T11:42:45+00:00","og_image":[{"width":1104,"height":1326,"url":"https:\/\/activeluxe-cosmetics.com\/hr\/wp-content\/uploads\/2026\/04\/brisacka-11.jpg","type":"image\/jpeg"}],"twitter_card":"summary_large_image","twitter_misc":{"Procijenjeno vrijeme \u010ditanja":"2 minute"},"schema":{"@context":"https:\/\/schema.org","@graph":[{"@type":"WebPage","@id":"https:\/\/activeluxe-cosmetics.com\/hr\/proizvod\/rucnik-za-kosu-od-100-mikrovlakana\/","url":"https:\/\/activeluxe-cosmetics.com\/hr\/proizvod\/rucnik-za-kosu-od-100-mikrovlakana\/","name":"Active Luxe ru\u010dnik za kosu od 100 % mikrovlakana","isPartOf":{"@id":"https:\/\/activeluxe-cosmetics.com\/hr\/#website"},"primaryImageOfPage":{"@id":"https:\/\/activeluxe-cosmetics.com\/hr\/proizvod\/rucnik-za-kosu-od-100-mikrovlakana\/#primaryimage"},"image":{"@id":"https:\/\/activeluxe-cosmetics.com\/hr\/proizvod\/rucnik-za-kosu-od-100-mikrovlakana\/#primaryimage"},"thumbnailUrl":"https:\/\/activeluxe-cosmetics.com\/hr\/wp-content\/uploads\/2026\/04\/brisacka-11.jpg","datePublished":"2026-04-30T11:42:39+00:00","dateModified":"2026-04-30T11:42:45+00:00","description":"Tvoj novi saveznik za nje\u017eno i u\u010dinkovito su\u0161enje kose.Mekan i iznimno upijaju\u0107i ru\u010dnik koji u potpunosti uklanja vi\u0161ak vlage i skra\u0107uje vrijeme su\u0161enja.","breadcrumb":{"@id":"https:\/\/activeluxe-cosmetics.com\/hr\/proizvod\/rucnik-za-kosu-od-100-mikrovlakana\/#breadcrumb"},"inLanguage":"hr","potentialAction":[{"@type":"ReadAction","target":["https:\/\/activeluxe-cosmetics.com\/hr\/proizvod\/rucnik-za-kosu-od-100-mikrovlakana\/"]}]},{"@type":"ImageObject","inLanguage":"hr","@id":"https:\/\/activeluxe-cosmetics.com\/hr\/proizvod\/rucnik-za-kosu-od-100-mikrovlakana\/#primaryimage","url":"https:\/\/activeluxe-cosmetics.com\/hr\/wp-content\/uploads\/2026\/04\/brisacka-11.jpg","contentUrl":"https:\/\/activeluxe-cosmetics.com\/hr\/wp-content\/uploads\/2026\/04\/brisacka-11.jpg","width":1104,"height":1326},{"@type":"BreadcrumbList","@id":"https:\/\/activeluxe-cosmetics.com\/hr\/proizvod\/rucnik-za-kosu-od-100-mikrovlakana\/#breadcrumb","itemListElement":[{"@type":"ListItem","position":1,"name":"Naslovnica","item":"https:\/\/activeluxe-cosmetics.com\/hr\/"},{"@type":"ListItem","position":2,"name":"Trgovina","item":"https:\/\/activeluxe-cosmetics.com\/hr\/trgovina\/"},{"@type":"ListItem","position":3,"name":"1+1 GRATIS: Ru\u010dnik za kosu od 100 % mikrovlakana"}]},{"@type":"WebSite","@id":"https:\/\/activeluxe-cosmetics.com\/hr\/#website","url":"https:\/\/activeluxe-cosmetics.com\/hr\/","name":"Active Luxe Cosmetics","description":"","potentialAction":[{"@type":"SearchAction","target":{"@type":"EntryPoint","urlTemplate":"https:\/\/activeluxe-cosmetics.com\/hr\/?s={search_term_string}"},"query-input":{"@type":"PropertyValueSpecification","valueRequired":true,"valueName":"search_term_string"}}],"inLanguage":"hr"}]}},"_links":{"self":[{"href":"https:\/\/activeluxe-cosmetics.com\/hr\/wp-json\/wp\/v2\/product\/102903","targetHints":{"allow":["GET"]}}],"collection":[{"href":"https:\/\/activeluxe-cosmetics.com\/hr\/wp-json\/wp\/v2\/product"}],"about":[{"href":"https:\/\/activeluxe-cosmetics.com\/hr\/wp-json\/wp\/v2\/types\/product"}],"replies":[{"embeddable":true,"href":"https:\/\/activeluxe-cosmetics.com\/hr\/wp-json\/wp\/v2\/comments?post=102903"}],"wp:featuredmedia":[{"embeddable":true,"href":"https:\/\/activeluxe-cosmetics.com\/hr\/wp-json\/wp\/v2\/media\/102904"}],"wp:attachment":[{"href":"https:\/\/activeluxe-cosmetics.com\/hr\/wp-json\/wp\/v2\/media?parent=102903"}],"wp:term":[{"taxonomy":"product_brand","embeddable":true,"href":"https:\/\/activeluxe-cosmetics.com\/hr\/wp-json\/wp\/v2\/product_brand?post=102903"},{"taxonomy":"product_cat","embeddable":true,"href":"https:\/\/activeluxe-cosmetics.com\/hr\/wp-json\/wp\/v2\/product_cat?post=102903"},{"taxonomy":"product_tag","embeddable":true,"href":"https:\/\/activeluxe-cosmetics.com\/hr\/wp-json\/wp\/v2\/product_tag?post=102903"}],"curies":[{"name":"wp","href":"https:\/\/api.w.org\/{rel}","templated":true}]}}