{"id":102310,"date":"2026-03-31T12:17:01","date_gmt":"2026-03-31T12:17:01","guid":{"rendered":"https:\/\/activeluxe-cosmetics.com\/hr\/?post_type=product&#038;p=102310"},"modified":"2026-04-14T13:59:10","modified_gmt":"2026-04-14T13:59:10","slug":"1-1-gratis-hidratantni-jogurt-za-tijelo","status":"publish","type":"product","link":"https:\/\/activeluxe-cosmetics.com\/hr\/proizvod\/1-1-gratis-hidratantni-jogurt-za-tijelo\/","title":{"rendered":"1+1 GRATIS: Hidratantni jogurt za tijelo"},"content":{"rendered":"<h2><img loading=\"lazy\" decoding=\"async\" class=\" wp-image-95825 alignright\" src=\"https:\/\/activeluxe-cosmetics.com\/hr\/wp-content\/uploads\/2024\/05\/activeluxe_aftersun_body_jogurt-460x575.png\" alt=\"\" width=\"410\" height=\"513\" srcset=\"https:\/\/activeluxe-cosmetics.com\/hr\/wp-content\/uploads\/2024\/05\/activeluxe_aftersun_body_jogurt-460x575.png 460w, https:\/\/activeluxe-cosmetics.com\/hr\/wp-content\/uploads\/2024\/05\/activeluxe_aftersun_body_jogurt-819x1024.png 819w, https:\/\/activeluxe-cosmetics.com\/hr\/wp-content\/uploads\/2024\/05\/activeluxe_aftersun_body_jogurt-768x960.png 768w, https:\/\/activeluxe-cosmetics.com\/hr\/wp-content\/uploads\/2024\/05\/activeluxe_aftersun_body_jogurt-600x750.png 600w, https:\/\/activeluxe-cosmetics.com\/hr\/wp-content\/uploads\/2024\/05\/activeluxe_aftersun_body_jogurt.png 1080w\" sizes=\"auto, (max-width: 410px) 100vw, 410px\" \/><strong>Dubinska hidratacija<\/strong> koju ko\u017ea obo\u017eava<\/h2>\n<p id=\"tw-target-text\" class=\"tw-data-text tw-text-large tw-ta\" dir=\"ltr\" data-placeholder=\"Translation\" aria-label=\"Translated text\" data-ved=\"2ahUKEwj4z7eY0YKGAxUaSPEDHbfxC-AQ3ewLegQICBAU\"><span class=\"Y2IQFc\" lang=\"hr\">Kao pravi jogurt, samo bolji i uz jo\u0161 ljep\u0161i miris <strong>vanilije<\/strong>, <strong>kokosovog<\/strong> <strong>ulja<\/strong> i <strong>slatke<\/strong> <strong>naran\u010de<\/strong>. <\/span><\/p>\n<p class=\"tw-data-text tw-text-large tw-ta\" dir=\"ltr\" data-placeholder=\"Translation\" aria-label=\"Translated text\" data-ved=\"2ahUKEwj4z7eY0YKGAxUaSPEDHbfxC-AQ3ewLegQICBAU\"><span class=\"Y2IQFc\" lang=\"hr\">Kako biste ljeti odr\u017eali zdravu, preplanulu i blistavu ko\u017eu, potrebno vam je dosta hidratacije. Sunce, morska sol i klor isu\u0161uju ko\u017eu pa joj je iznimno va\u017eno pru\u017eiti <strong>kvalitetnu<\/strong> <strong>njegu<\/strong> nakon sun\u010danja. <\/span><\/p>\n<p class=\"tw-data-text tw-text-large tw-ta\" dir=\"ltr\" data-placeholder=\"Translation\" aria-label=\"Translated text\" data-ved=\"2ahUKEwj4z7eY0YKGAxUaSPEDHbfxC-AQ3ewLegQICBAU\"><span class=\"Y2IQFc\" lang=\"hr\">Active Luxe Premium \u010dokoladna marmelada ili suho ulje za brzo tamnjenje na suncu osiguravaju savr\u0161enu <strong>bron\u010danu<\/strong> <strong>nijansu<\/strong> <strong>ko\u017ee<\/strong>, a uz redovitu primjenu <strong>jogurta<\/strong> produ\u017eit \u0107e <strong>preplanulost<\/strong> ko\u017ee te je odr\u017eati <strong>mekom<\/strong> i <strong>hidratiziranom<\/strong>.<\/span><\/p>\n<p class=\"tw-data-text tw-text-large tw-ta\" dir=\"ltr\" data-placeholder=\"Translation\" aria-label=\"Translated text\" data-ved=\"2ahUKEwj4z7eY0YKGAxUaSPEDHbfxC-AQ3ewLegQICBAU\"><span class=\"Y2IQFc\" lang=\"hr\"><strong>Premium After Sun Body Yogurt<\/strong> je sve \u0161to je potrebno va\u0161oj tamnoj, preplanuloj ko\u017ei: <\/span><\/p>\n<ul>\n<li class=\"tw-data-text tw-text-large tw-ta\" dir=\"ltr\" data-placeholder=\"Translation\" aria-label=\"Translated text\" data-ved=\"2ahUKEwj4z7eY0YKGAxUaSPEDHbfxC-AQ3ewLegQICBAU\"><span class=\"Y2IQFc\" lang=\"hr\">Umiruje ko\u017eu nakon sun\u010danja <\/span><\/li>\n<li class=\"tw-data-text tw-text-large tw-ta\" dir=\"ltr\" data-placeholder=\"Translation\" aria-label=\"Translated text\" data-ved=\"2ahUKEwj4z7eY0YKGAxUaSPEDHbfxC-AQ3ewLegQICBAU\"><span class=\"Y2IQFc\" lang=\"hr\">Hladi ko\u017eu <\/span><\/li>\n<li class=\"tw-data-text tw-text-large tw-ta\" dir=\"ltr\" data-placeholder=\"Translation\" aria-label=\"Translated text\" data-ved=\"2ahUKEwj4z7eY0YKGAxUaSPEDHbfxC-AQ3ewLegQICBAU\"><span class=\"Y2IQFc\" lang=\"hr\">Aloe vera dubinski vla\u017ei ko\u017eu <\/span><\/li>\n<li class=\"tw-data-text tw-text-large tw-ta\" dir=\"ltr\" data-placeholder=\"Translation\" aria-label=\"Translated text\" data-ved=\"2ahUKEwj4z7eY0YKGAxUaSPEDHbfxC-AQ3ewLegQICBAU\"><span class=\"Y2IQFc\" lang=\"hr\">Omek\u0161ava ko\u017eu<\/span><\/li>\n<\/ul>\n<p>&nbsp;<\/p>\n<p>&nbsp;<\/p>\n<p>&nbsp;<\/p>\n<p>&nbsp;<\/p>\n<p>&nbsp;<\/p>\n<h2><span data-sheets-root=\"1\" data-sheets-value=\"{&quot;1&quot;:2,&quot;2&quot;:&quot;Bogata ulja za prekrasan bron\u010dani ten&quot;}\" data-sheets-userformat=\"{&quot;2&quot;:21377,&quot;3&quot;:{&quot;1&quot;:0},&quot;10&quot;:0,&quot;11&quot;:4,&quot;12&quot;:0,&quot;15&quot;:&quot;Arial&quot;,&quot;17&quot;:1}\"><img loading=\"lazy\" decoding=\"async\" class=\" wp-image-95826 alignleft\" src=\"https:\/\/activeluxe-cosmetics.com\/hr\/wp-content\/uploads\/2024\/05\/jogurt_za_poslije_suncanja-460x575.png\" alt=\"\" width=\"400\" height=\"500\" srcset=\"https:\/\/activeluxe-cosmetics.com\/hr\/wp-content\/uploads\/2024\/05\/jogurt_za_poslije_suncanja-460x575.png 460w, https:\/\/activeluxe-cosmetics.com\/hr\/wp-content\/uploads\/2024\/05\/jogurt_za_poslije_suncanja-819x1024.png 819w, https:\/\/activeluxe-cosmetics.com\/hr\/wp-content\/uploads\/2024\/05\/jogurt_za_poslije_suncanja-768x960.png 768w, https:\/\/activeluxe-cosmetics.com\/hr\/wp-content\/uploads\/2024\/05\/jogurt_za_poslije_suncanja-600x750.png 600w, https:\/\/activeluxe-cosmetics.com\/hr\/wp-content\/uploads\/2024\/05\/jogurt_za_poslije_suncanja.png 1080w\" sizes=\"auto, (max-width: 400px) 100vw, 400px\" \/><\/span><\/h2>\n<h2><strong>Miris slatke vanilije, kokosa i naran\u010de<\/strong> koji ostaje na tvojoj ko\u017ei<\/h2>\n<p><span class=\"Y2IQFc\" lang=\"hr\">Premium After Sun Body Yogurt najbolji je izbor za <strong>njegovanu<\/strong> i <strong>tamnu<\/strong> ko\u017eu ljeti. <\/span><\/p>\n<p><span class=\"Y2IQFc\" lang=\"hr\">Iznimno lagana, pahuljasta tekstura <strong>rashla\u0111uju\u0107eg<\/strong> <strong>jogurta<\/strong> brzo se upija u ko\u017eu i ne ostavlja masni filter na ko\u017ei. Odmah nakon nano\u0161enja jogurta mo\u017eete se obu\u0107i, a ko\u017ea \u0107e vam jo\u0161 dugo mirisati na <strong>savr\u0161eno<\/strong> <strong>ljeto<\/strong>. <\/span><\/p>\n<p><span class=\"Y2IQFc\" lang=\"hr\">Miris koji \u0107e o\u010darati i u\u010diniti ljetne ve\u010deri <strong>nezaboravnim<\/strong> i <strong>romanti\u010dnim<\/strong>. <strong>Premium jogurt za tijelo nakon sun\u010danja sadr\u017ei<\/strong>: <\/span><\/p>\n<ul>\n<li><span class=\"Y2IQFc\" lang=\"hr\">najbolji ekstrakti aloe vere, koja dokazano <strong>hladi<\/strong> i <strong>umiruje<\/strong> <strong>ko\u017eu<\/strong> te <\/span><\/li>\n<li><span class=\"Y2IQFc\" lang=\"hr\"><span class=\"Y2IQFc\" lang=\"hr\">kokosovo ulje, koje vla\u017ei ko\u017eu i odr\u017eava je <strong>mekom<\/strong> i <strong>hidriranom<\/strong>.<\/span><\/span><span class=\"Y2IQFc\" lang=\"hr\">Nakon tu\u0161iranja rashladni jogurt nje\u017eno <strong>umasirajte<\/strong> u ko\u017eu. Jogurt se izuzetno <strong>brzo<\/strong> <strong>upija<\/strong>.<br \/>\n<\/span><span class=\"Y2IQFc\" lang=\"hr\">Odje\u0107u mo\u017eete nanijeti odmah bez brige da \u0107e ostaviti mrlje na njoj.<br \/>\nZa jo\u0161 ve\u0107i u\u010dinak hla\u0111enja, jogurt mo\u017eete \u010duvati u hladnjaku. Mo\u017eete ga nanijeti i na lice.<\/span><\/li>\n<\/ul>\n","protected":false},"excerpt":{"rendered":"<p>\u010cistimo zalihe \u2013 dolazi novi, osvje\u017eeni dizajn ambala\u017ee. Ista provjerena formula, sada u posebnoj ponudi 1+1 GRATIS.<\/p>\n","protected":false},"featured_media":102321,"comment_status":"open","ping_status":"closed","template":"","meta":[],"product_brand":[],"product_cat":[56,82],"product_tag":[],"class_list":{"0":"post-102310","1":"product","2":"type-product","3":"status-publish","4":"has-post-thumbnail","6":"product_cat-posebna-ponuda","7":"product_cat-sunce","9":"first","10":"instock","11":"sale","12":"featured","13":"taxable","14":"shipping-taxable","15":"purchasable","16":"product-type-simple"},"bundled_by":[],"bundle_stock_status":"instock","bundle_stock_quantity":null,"bundle_virtual":false,"bundle_layout":"","bundle_add_to_cart_form_location":"","bundle_editable_in_cart":false,"bundle_sold_individually_context":"","bundle_item_grouping":"","bundle_min_size":"","bundle_max_size":"","bundled_items":[],"acf":[],"yoast_head":"<!-- This site is optimized with the Yoast SEO plugin v26.5 - https:\/\/yoast.com\/wordpress\/plugins\/seo\/ -->\n<title>Hidratantni jogurt za tijelo - Active Luxe Cosmetics<\/title>\n<meta name=\"description\" content=\"Rashla\u0111uje ko\u017eu i zadr\u017eava preplanulost tena. Miris vanilije, kokosovog ulja i slatke naran\u010de. Umiruje ko\u017eu nakon sun\u010danja.\" \/>\n<meta name=\"robots\" content=\"noindex, follow\" \/>\n<meta property=\"og:locale\" content=\"hr_HR\" \/>\n<meta property=\"og:type\" content=\"article\" \/>\n<meta property=\"og:title\" content=\"Hidratantni jogurt za tijelo - Active Luxe Cosmetics\" \/>\n<meta property=\"og:description\" content=\"Rashla\u0111uje ko\u017eu i zadr\u017eava preplanulost tena. Miris vanilije, kokosovog ulja i slatke naran\u010de. Umiruje ko\u017eu nakon sun\u010danja.\" \/>\n<meta property=\"og:url\" content=\"https:\/\/activeluxe-cosmetics.com\/hr\/proizvod\/1-1-gratis-hidratantni-jogurt-za-tijelo\/\" \/>\n<meta property=\"og:site_name\" content=\"Active Luxe Cosmetics\" \/>\n<meta property=\"article:modified_time\" content=\"2026-04-14T13:59:10+00:00\" \/>\n<meta property=\"og:image\" content=\"https:\/\/activeluxe-cosmetics.com\/hr\/wp-content\/uploads\/2026\/03\/Body_yogurt_11_gratis.jpg\" \/>\n\t<meta property=\"og:image:width\" content=\"1104\" \/>\n\t<meta property=\"og:image:height\" content=\"1326\" \/>\n\t<meta property=\"og:image:type\" content=\"image\/jpeg\" \/>\n<meta name=\"twitter:card\" content=\"summary_large_image\" \/>\n<meta name=\"twitter:label1\" content=\"Procijenjeno vrijeme \u010ditanja\" \/>\n\t<meta name=\"twitter:data1\" content=\"2 minute\" \/>\n<script type=\"application\/ld+json\" class=\"yoast-schema-graph\">{\"@context\":\"https:\/\/schema.org\",\"@graph\":[{\"@type\":\"WebPage\",\"@id\":\"https:\/\/activeluxe-cosmetics.com\/hr\/proizvod\/1-1-gratis-hidratantni-jogurt-za-tijelo\/\",\"url\":\"https:\/\/activeluxe-cosmetics.com\/hr\/proizvod\/1-1-gratis-hidratantni-jogurt-za-tijelo\/\",\"name\":\"Hidratantni jogurt za tijelo - Active Luxe Cosmetics\",\"isPartOf\":{\"@id\":\"https:\/\/activeluxe-cosmetics.com\/hr\/#website\"},\"primaryImageOfPage\":{\"@id\":\"https:\/\/activeluxe-cosmetics.com\/hr\/proizvod\/1-1-gratis-hidratantni-jogurt-za-tijelo\/#primaryimage\"},\"image\":{\"@id\":\"https:\/\/activeluxe-cosmetics.com\/hr\/proizvod\/1-1-gratis-hidratantni-jogurt-za-tijelo\/#primaryimage\"},\"thumbnailUrl\":\"https:\/\/activeluxe-cosmetics.com\/hr\/wp-content\/uploads\/2026\/03\/Body_yogurt_11_gratis.jpg\",\"datePublished\":\"2026-03-31T12:17:01+00:00\",\"dateModified\":\"2026-04-14T13:59:10+00:00\",\"description\":\"Rashla\u0111uje ko\u017eu i zadr\u017eava preplanulost tena. Miris vanilije, kokosovog ulja i slatke naran\u010de. Umiruje ko\u017eu nakon sun\u010danja.\",\"breadcrumb\":{\"@id\":\"https:\/\/activeluxe-cosmetics.com\/hr\/proizvod\/1-1-gratis-hidratantni-jogurt-za-tijelo\/#breadcrumb\"},\"inLanguage\":\"hr\",\"potentialAction\":[{\"@type\":\"ReadAction\",\"target\":[\"https:\/\/activeluxe-cosmetics.com\/hr\/proizvod\/1-1-gratis-hidratantni-jogurt-za-tijelo\/\"]}]},{\"@type\":\"ImageObject\",\"inLanguage\":\"hr\",\"@id\":\"https:\/\/activeluxe-cosmetics.com\/hr\/proizvod\/1-1-gratis-hidratantni-jogurt-za-tijelo\/#primaryimage\",\"url\":\"https:\/\/activeluxe-cosmetics.com\/hr\/wp-content\/uploads\/2026\/03\/Body_yogurt_11_gratis.jpg\",\"contentUrl\":\"https:\/\/activeluxe-cosmetics.com\/hr\/wp-content\/uploads\/2026\/03\/Body_yogurt_11_gratis.jpg\",\"width\":1104,\"height\":1326},{\"@type\":\"BreadcrumbList\",\"@id\":\"https:\/\/activeluxe-cosmetics.com\/hr\/proizvod\/1-1-gratis-hidratantni-jogurt-za-tijelo\/#breadcrumb\",\"itemListElement\":[{\"@type\":\"ListItem\",\"position\":1,\"name\":\"Naslovnica\",\"item\":\"https:\/\/activeluxe-cosmetics.com\/hr\/\"},{\"@type\":\"ListItem\",\"position\":2,\"name\":\"Trgovina\",\"item\":\"https:\/\/activeluxe-cosmetics.com\/hr\/trgovina\/\"},{\"@type\":\"ListItem\",\"position\":3,\"name\":\"1+1 GRATIS: Hidratantni jogurt za tijelo\"}]},{\"@type\":\"WebSite\",\"@id\":\"https:\/\/activeluxe-cosmetics.com\/hr\/#website\",\"url\":\"https:\/\/activeluxe-cosmetics.com\/hr\/\",\"name\":\"Active Luxe Cosmetics\",\"description\":\"\",\"potentialAction\":[{\"@type\":\"SearchAction\",\"target\":{\"@type\":\"EntryPoint\",\"urlTemplate\":\"https:\/\/activeluxe-cosmetics.com\/hr\/?s={search_term_string}\"},\"query-input\":{\"@type\":\"PropertyValueSpecification\",\"valueRequired\":true,\"valueName\":\"search_term_string\"}}],\"inLanguage\":\"hr\"}]}<\/script>\n<!-- \/ Yoast SEO plugin. -->","yoast_head_json":{"title":"Hidratantni jogurt za tijelo - Active Luxe Cosmetics","description":"Rashla\u0111uje ko\u017eu i zadr\u017eava preplanulost tena. Miris vanilije, kokosovog ulja i slatke naran\u010de. Umiruje ko\u017eu nakon sun\u010danja.","robots":{"index":"noindex","follow":"follow"},"og_locale":"hr_HR","og_type":"article","og_title":"Hidratantni jogurt za tijelo - Active Luxe Cosmetics","og_description":"Rashla\u0111uje ko\u017eu i zadr\u017eava preplanulost tena. Miris vanilije, kokosovog ulja i slatke naran\u010de. Umiruje ko\u017eu nakon sun\u010danja.","og_url":"https:\/\/activeluxe-cosmetics.com\/hr\/proizvod\/1-1-gratis-hidratantni-jogurt-za-tijelo\/","og_site_name":"Active Luxe Cosmetics","article_modified_time":"2026-04-14T13:59:10+00:00","og_image":[{"width":1104,"height":1326,"url":"https:\/\/activeluxe-cosmetics.com\/hr\/wp-content\/uploads\/2026\/03\/Body_yogurt_11_gratis.jpg","type":"image\/jpeg"}],"twitter_card":"summary_large_image","twitter_misc":{"Procijenjeno vrijeme \u010ditanja":"2 minute"},"schema":{"@context":"https:\/\/schema.org","@graph":[{"@type":"WebPage","@id":"https:\/\/activeluxe-cosmetics.com\/hr\/proizvod\/1-1-gratis-hidratantni-jogurt-za-tijelo\/","url":"https:\/\/activeluxe-cosmetics.com\/hr\/proizvod\/1-1-gratis-hidratantni-jogurt-za-tijelo\/","name":"Hidratantni jogurt za tijelo - Active Luxe Cosmetics","isPartOf":{"@id":"https:\/\/activeluxe-cosmetics.com\/hr\/#website"},"primaryImageOfPage":{"@id":"https:\/\/activeluxe-cosmetics.com\/hr\/proizvod\/1-1-gratis-hidratantni-jogurt-za-tijelo\/#primaryimage"},"image":{"@id":"https:\/\/activeluxe-cosmetics.com\/hr\/proizvod\/1-1-gratis-hidratantni-jogurt-za-tijelo\/#primaryimage"},"thumbnailUrl":"https:\/\/activeluxe-cosmetics.com\/hr\/wp-content\/uploads\/2026\/03\/Body_yogurt_11_gratis.jpg","datePublished":"2026-03-31T12:17:01+00:00","dateModified":"2026-04-14T13:59:10+00:00","description":"Rashla\u0111uje ko\u017eu i zadr\u017eava preplanulost tena. Miris vanilije, kokosovog ulja i slatke naran\u010de. Umiruje ko\u017eu nakon sun\u010danja.","breadcrumb":{"@id":"https:\/\/activeluxe-cosmetics.com\/hr\/proizvod\/1-1-gratis-hidratantni-jogurt-za-tijelo\/#breadcrumb"},"inLanguage":"hr","potentialAction":[{"@type":"ReadAction","target":["https:\/\/activeluxe-cosmetics.com\/hr\/proizvod\/1-1-gratis-hidratantni-jogurt-za-tijelo\/"]}]},{"@type":"ImageObject","inLanguage":"hr","@id":"https:\/\/activeluxe-cosmetics.com\/hr\/proizvod\/1-1-gratis-hidratantni-jogurt-za-tijelo\/#primaryimage","url":"https:\/\/activeluxe-cosmetics.com\/hr\/wp-content\/uploads\/2026\/03\/Body_yogurt_11_gratis.jpg","contentUrl":"https:\/\/activeluxe-cosmetics.com\/hr\/wp-content\/uploads\/2026\/03\/Body_yogurt_11_gratis.jpg","width":1104,"height":1326},{"@type":"BreadcrumbList","@id":"https:\/\/activeluxe-cosmetics.com\/hr\/proizvod\/1-1-gratis-hidratantni-jogurt-za-tijelo\/#breadcrumb","itemListElement":[{"@type":"ListItem","position":1,"name":"Naslovnica","item":"https:\/\/activeluxe-cosmetics.com\/hr\/"},{"@type":"ListItem","position":2,"name":"Trgovina","item":"https:\/\/activeluxe-cosmetics.com\/hr\/trgovina\/"},{"@type":"ListItem","position":3,"name":"1+1 GRATIS: Hidratantni jogurt za tijelo"}]},{"@type":"WebSite","@id":"https:\/\/activeluxe-cosmetics.com\/hr\/#website","url":"https:\/\/activeluxe-cosmetics.com\/hr\/","name":"Active Luxe Cosmetics","description":"","potentialAction":[{"@type":"SearchAction","target":{"@type":"EntryPoint","urlTemplate":"https:\/\/activeluxe-cosmetics.com\/hr\/?s={search_term_string}"},"query-input":{"@type":"PropertyValueSpecification","valueRequired":true,"valueName":"search_term_string"}}],"inLanguage":"hr"}]}},"_links":{"self":[{"href":"https:\/\/activeluxe-cosmetics.com\/hr\/wp-json\/wp\/v2\/product\/102310","targetHints":{"allow":["GET"]}}],"collection":[{"href":"https:\/\/activeluxe-cosmetics.com\/hr\/wp-json\/wp\/v2\/product"}],"about":[{"href":"https:\/\/activeluxe-cosmetics.com\/hr\/wp-json\/wp\/v2\/types\/product"}],"replies":[{"embeddable":true,"href":"https:\/\/activeluxe-cosmetics.com\/hr\/wp-json\/wp\/v2\/comments?post=102310"}],"wp:featuredmedia":[{"embeddable":true,"href":"https:\/\/activeluxe-cosmetics.com\/hr\/wp-json\/wp\/v2\/media\/102321"}],"wp:attachment":[{"href":"https:\/\/activeluxe-cosmetics.com\/hr\/wp-json\/wp\/v2\/media?parent=102310"}],"wp:term":[{"taxonomy":"product_brand","embeddable":true,"href":"https:\/\/activeluxe-cosmetics.com\/hr\/wp-json\/wp\/v2\/product_brand?post=102310"},{"taxonomy":"product_cat","embeddable":true,"href":"https:\/\/activeluxe-cosmetics.com\/hr\/wp-json\/wp\/v2\/product_cat?post=102310"},{"taxonomy":"product_tag","embeddable":true,"href":"https:\/\/activeluxe-cosmetics.com\/hr\/wp-json\/wp\/v2\/product_tag?post=102310"}],"curies":[{"name":"wp","href":"https:\/\/api.w.org\/{rel}","templated":true}]}}