{"id":101615,"date":"2026-03-03T14:01:27","date_gmt":"2026-03-03T14:01:27","guid":{"rendered":"https:\/\/activeluxe-cosmetics.com\/hr\/?post_type=product&#038;p=101615"},"modified":"2026-03-16T14:33:12","modified_gmt":"2026-03-16T14:33:12","slug":"repair-lash-serum","status":"publish","type":"product","link":"https:\/\/activeluxe-cosmetics.com\/hr\/proizvod\/repair-lash-serum\/","title":{"rendered":"Repair Lash njeguju\u0107i serum za obnovu trepavica"},"content":{"rendered":"<h2><span data-sheets-root=\"1\" data-sheets-value=\"{&quot;1&quot;:2,&quot;2&quot;:&quot;Sprije\u010di ispadanje kose na vrijeme&quot;}\" data-sheets-userformat=\"{&quot;2&quot;:17281,&quot;3&quot;:{&quot;1&quot;:0},&quot;10&quot;:0,&quot;11&quot;:4,&quot;12&quot;:0,&quot;17&quot;:1}\"><img loading=\"lazy\" decoding=\"async\" class=\" wp-image-101619 alignright\" src=\"https:\/\/activeluxe-cosmetics.com\/hr\/wp-content\/uploads\/2026\/03\/sos_repair_lash-460x575.png\" alt=\"Repair Lash serum Active Luxe\" width=\"398\" height=\"498\" srcset=\"https:\/\/activeluxe-cosmetics.com\/hr\/wp-content\/uploads\/2026\/03\/sos_repair_lash-460x575.png 460w, https:\/\/activeluxe-cosmetics.com\/hr\/wp-content\/uploads\/2026\/03\/sos_repair_lash-819x1024.png 819w, https:\/\/activeluxe-cosmetics.com\/hr\/wp-content\/uploads\/2026\/03\/sos_repair_lash-768x960.png 768w, https:\/\/activeluxe-cosmetics.com\/hr\/wp-content\/uploads\/2026\/03\/sos_repair_lash-600x750.png 600w, https:\/\/activeluxe-cosmetics.com\/hr\/wp-content\/uploads\/2026\/03\/sos_repair_lash.png 1080w\" sizes=\"auto, (max-width: 398px) 100vw, 398px\" \/><strong>Obnova i za\u0161tita<\/strong> prirodnih trepavica<\/span><\/h2>\n<p><span data-sheets-root=\"1\" data-sheets-value=\"{&quot;1&quot;:2,&quot;2&quot;:&quot;Sprije\u010di ispadanje kose na vrijeme&quot;}\" data-sheets-userformat=\"{&quot;2&quot;:17281,&quot;3&quot;:{&quot;1&quot;:0},&quot;10&quot;:0,&quot;11&quot;:4,&quot;12&quot;:0,&quot;17&quot;:1}\"><strong>Repair Lash serum<\/strong> namijenjen je trepavicama koje su <strong>redovito izlo\u017eene svakodnevnim optere\u0107enjima<\/strong> poput maskare, uklanjanja \u0161minke, uvijanja trepavica, lash lifta ili umjetnih trepavica. Takvi postupci s vremenom mogu oslabiti prirodnu strukturu trepavica, zbog \u010dega one postaju su\u0161e, krhkije i sklonije lomljenju.<br \/>\n<\/span><\/p>\n<p><span data-sheets-root=\"1\" data-sheets-value=\"{&quot;1&quot;:2,&quot;2&quot;:&quot;Sprije\u010di ispadanje kose na vrijeme&quot;}\" data-sheets-userformat=\"{&quot;2&quot;:17281,&quot;3&quot;:{&quot;1&quot;:0},&quot;10&quot;:0,&quot;11&quot;:4,&quot;12&quot;:0,&quot;17&quot;:1}\">Za razliku od seruma koji poti\u010du intenzivan rast, Repair Lash fokusira se na <strong>njegu<\/strong>, <strong>za\u0161titu<\/strong> i <strong>obnovu<\/strong> prirodne kvalitete trepavica. <\/span><\/p>\n<p><span data-sheets-root=\"1\" data-sheets-value=\"{&quot;1&quot;:2,&quot;2&quot;:&quot;Sprije\u010di ispadanje kose na vrijeme&quot;}\" data-sheets-userformat=\"{&quot;2&quot;:17281,&quot;3&quot;:{&quot;1&quot;:0},&quot;10&quot;:0,&quot;11&quot;:4,&quot;12&quot;:0,&quot;17&quot;:1}\">Njegova formulacija osmi\u0161ljena je kako bi <strong>podr\u017eala prirodnu strukturu vlasi<\/strong>, <strong>pobolj\u0161ala njihovu fleksibilnost<\/strong> i pomogla trepavicama da zadr\u017ee <strong>zdrav<\/strong>, <strong>njegovan<\/strong> izgled. Redovitom upotrebom trepavice postaju <strong>njegovanije<\/strong>, <strong>fleksibilnije<\/strong>, <strong>ja\u010de<\/strong> i <strong>otpornije na svakodnevna o\u0161te\u0107enja<\/strong> te na ispadanje povezano sa starenjem. <\/span><\/p>\n<p><span data-sheets-root=\"1\" data-sheets-value=\"{&quot;1&quot;:2,&quot;2&quot;:&quot;Sprije\u010di ispadanje kose na vrijeme&quot;}\" data-sheets-userformat=\"{&quot;2&quot;:17281,&quot;3&quot;:{&quot;1&quot;:0},&quot;10&quot;:0,&quot;11&quot;:4,&quot;12&quot;:0,&quot;17&quot;:1}\">Serum djeluje kao <strong>svakodnevna obnavljaju\u0107a njega<\/strong> koja poma\u017ee o\u010duvati prirodnu ljepotu i vitalnost trepavica \u010dak i uz redovitu upotrebu \u0161minke i kozmeti\u010dkih tretmana.<\/span><\/p>\n<p><span style=\"font-weight: 400;\">Uz redovitu primjenu trepavice su <\/span><b>sna\u017enije<\/b><span style=\"font-weight: 400;\">, <\/span><b>elasti\u010dnije<\/b><span style=\"font-weight: 400;\">, <\/span><b>izgledaju punije<\/b><span style=\"font-weight: 400;\">\u00a0i vidljivo vitalnije.<\/span><\/p>\n<h2 style=\"text-align: center; clear: both;\"><\/h2>\n<p><img loading=\"lazy\" decoding=\"async\" class=\" wp-image-101617 alignleft\" src=\"https:\/\/activeluxe-cosmetics.com\/hr\/wp-content\/uploads\/2026\/03\/Active-Luxe-Repair-Lash-Serum-second-photo-460x553.jpg\" alt=\"Repair Lash serum Active Luxe\" width=\"398\" height=\"479\" srcset=\"https:\/\/activeluxe-cosmetics.com\/hr\/wp-content\/uploads\/2026\/03\/Active-Luxe-Repair-Lash-Serum-second-photo-460x553.jpg 460w, https:\/\/activeluxe-cosmetics.com\/hr\/wp-content\/uploads\/2026\/03\/Active-Luxe-Repair-Lash-Serum-second-photo-853x1024.jpg 853w, https:\/\/activeluxe-cosmetics.com\/hr\/wp-content\/uploads\/2026\/03\/Active-Luxe-Repair-Lash-Serum-second-photo-768x922.jpg 768w, https:\/\/activeluxe-cosmetics.com\/hr\/wp-content\/uploads\/2026\/03\/Active-Luxe-Repair-Lash-Serum-second-photo-600x721.jpg 600w, https:\/\/activeluxe-cosmetics.com\/hr\/wp-content\/uploads\/2026\/03\/Active-Luxe-Repair-Lash-Serum-second-photo.jpg 1104w\" sizes=\"auto, (max-width: 398px) 100vw, 398px\" \/><\/p>\n<h2><strong>Peptidna formula<\/strong> s ciljanim djelovanjem<\/h2>\n<p>Formula Repair Lash seruma temelji se na <strong>peptidima<\/strong> te pa\u017eljivo odabranim <strong>aktivnim sastojcima<\/strong>, <strong>vitaminima<\/strong> i <strong>hidratantnim komponentama<\/strong> poznatima po svojoj ulozi u njezi i ja\u010danju vlasi.<\/p>\n<p>Peptidi <strong>doprinose ja\u010danju strukture trepavica<\/strong> i <strong>podr\u017eavaju njihovu otpornost<\/strong>, dok hidratantni sastojci poma\u017eu o\u010duvati elasti\u010dnost i sprije\u010diti krhkost. Kombinacija ovih sastojaka omogu\u0107uje <strong>ciljano djelovanje<\/strong> na kvalitetu trepavica du\u017e cijele njihove duljine.<\/p>\n<p>Ciljanim djelovanjem serum:<\/p>\n<ul>\n<li>njeguje trepavice cijelom duljinom<\/li>\n<li>ja\u010da njihov korijen koji s vremenom prirodno slabi<\/li>\n<li>pobolj\u0161ava fleksibilnost i elasti\u010dnost trepavica<\/li>\n<li>podr\u017eava stabilnost i otpornost na svakodnevna o\u0161te\u0107enja<\/li>\n<\/ul>\n<p>Uz redovitu primjenu trepavice postaju <strong>sna\u017enije<\/strong>, <strong>otpornije<\/strong> i <strong>vidljivo vitalnije<\/strong>, a njihova struktura postaje <strong>stabilnija<\/strong> i <strong>zdravija<\/strong>.<\/p>\n<p>&nbsp;<\/p>\n<h5><\/h5>\n<h2 style=\"text-align: center; clear: both;\"><\/h2>\n<p><img loading=\"lazy\" decoding=\"async\" class=\" wp-image-101625 alignright\" src=\"https:\/\/activeluxe-cosmetics.com\/hr\/wp-content\/uploads\/2026\/03\/mila_lash_repair-460x575.png\" alt=\"Repair Lash serum Active Luxe\" width=\"398\" height=\"497\" srcset=\"https:\/\/activeluxe-cosmetics.com\/hr\/wp-content\/uploads\/2026\/03\/mila_lash_repair-460x575.png 460w, https:\/\/activeluxe-cosmetics.com\/hr\/wp-content\/uploads\/2026\/03\/mila_lash_repair-819x1024.png 819w, https:\/\/activeluxe-cosmetics.com\/hr\/wp-content\/uploads\/2026\/03\/mila_lash_repair-768x960.png 768w, https:\/\/activeluxe-cosmetics.com\/hr\/wp-content\/uploads\/2026\/03\/mila_lash_repair-600x750.png 600w, https:\/\/activeluxe-cosmetics.com\/hr\/wp-content\/uploads\/2026\/03\/mila_lash_repair.png 1080w\" sizes=\"auto, (max-width: 398px) 100vw, 398px\" \/><\/p>\n<h2><strong>Njega koja ja\u010da<\/strong> i pobolj\u0161ava izgled trepavica<\/h2>\n<p>Kvaliteta trepavica s vremenom se prirodno mijenja. Starenjem, svakodnevnim optere\u0107enjima i redovitom upotrebom \u0161minke trepavice \u010desto postaju tanje, su\u0161e i manje otporne jer se njihova sposobnost prirodne obnove postupno smanjuje. Zato im je potrebna <strong>ciljana njega<\/strong> s <strong>vitaminima<\/strong>, <strong>hidratantnim<\/strong> i <strong>revitaliziraju\u0107im sastojcima<\/strong> koji poma\u017eu oja\u010dati njihovu strukturu, pobolj\u0161ati elasti\u010dnost te o\u010duvati zdrav, sjajan i puniji izgled.<\/p>\n<p><strong>Klini\u010dka testiranja<\/strong> aktivnih sastojaka pokazuju <strong>vidljiva pobolj\u0161anja u kvaliteti<\/strong> i <strong>izgledu trepavica<\/strong> uz redovitu primjenu, uklju\u010duju\u0107i:<\/p>\n<ul>\n<li>vidljivo puniji izgled i pove\u0107anje promjera trepavica do +40 %, zahvaljuju\u0107i ja\u010doj strukturi i boljoj hidrataciji<\/li>\n<li>podr\u0161ku korijenu trepavice, \u0161to doprinosi zdravijem i stabilnijem ciklusu rasta<\/li>\n<li>smanjeno lomljenje i ispadanje tijekom uklanjanja \u0161minke jer su trepavice fleksibilnije i otpornije<\/li>\n<\/ul>\n<p>Uz redovitu primjenu trepavice su <strong>sna\u017enije<\/strong>, <strong>elasti\u010dnije<\/strong>, izgledaju <strong>punije<\/strong> i vidljivo <strong>vitalnije<\/strong>.<\/p>\n<p>&nbsp;<\/p>\n<p>&nbsp;<\/p>\n<p>&nbsp;<\/p>\n<p>&nbsp;<\/p>\n<p>&nbsp;<\/p>\n<p><span style=\"font-weight: 400;\"><img loading=\"lazy\" decoding=\"async\" class=\" wp-image-101620 alignleft\" src=\"https:\/\/activeluxe-cosmetics.com\/hr\/wp-content\/uploads\/2026\/03\/activeluxe_lash_repair-460x575.png\" alt=\"Repair Lash serum Active Luxe\" width=\"398\" height=\"498\" srcset=\"https:\/\/activeluxe-cosmetics.com\/hr\/wp-content\/uploads\/2026\/03\/activeluxe_lash_repair-460x575.png 460w, https:\/\/activeluxe-cosmetics.com\/hr\/wp-content\/uploads\/2026\/03\/activeluxe_lash_repair-819x1024.png 819w, https:\/\/activeluxe-cosmetics.com\/hr\/wp-content\/uploads\/2026\/03\/activeluxe_lash_repair-768x960.png 768w, https:\/\/activeluxe-cosmetics.com\/hr\/wp-content\/uploads\/2026\/03\/activeluxe_lash_repair-600x750.png 600w, https:\/\/activeluxe-cosmetics.com\/hr\/wp-content\/uploads\/2026\/03\/activeluxe_lash_repair.png 1080w\" sizes=\"auto, (max-width: 398px) 100vw, 398px\" \/><\/span><\/p>\n<h2><strong>Za koga je Repair Lash<\/strong> serum idealan?<\/h2>\n<p>Repair Lash serum razvijen je za sve koji \u017eele <strong>pobolj\u0161ati kvalitetu svojih prirodnih trepavica<\/strong> i pru\u017eiti im <strong>dodatnu njegu<\/strong> i <strong>za\u0161titu<\/strong>.<\/p>\n<p>Posebno je prikladan za:<\/p>\n<ul>\n<li>trepavice oslabljene nakon uklanjanja umjetnih trepavica<\/li>\n<li>trepavice izlo\u017eene svakodnevnoj upotrebi maskare i uklanjanju \u0161minke<\/li>\n<li>osobe s osjetljivim o\u010dima<\/li>\n<li>korisnice kontaktnih le\u0107a<\/li>\n<li>kori\u0161tenje uz \u0161minku ili izme\u0111u ciklusa kori\u0161tenja seruma za rast<\/li>\n<\/ul>\n<p>Mo\u017ee se koristiti<strong> samostalno kao njeguju\u0107i serum<\/strong> ili kao <strong>dopunska njega<\/strong> uz serum za rast trepavica kako bi se dugoro\u010dno odr\u017eala njihova snaga, fleksibilnost i zdrav izgled.<\/p>\n<p>Za razliku od seruma za rast, Repair Lash <strong>usmjeren je na o\u010duvanje kvalitete<\/strong> i <strong>otpornosti trepavica<\/strong>, \u010dime poma\u017ee odr\u017eati njihov <strong>prirodno njegovan<\/strong> i <strong>vitalan izgled<\/strong> kroz vrijeme.<\/p>\n<div style=\"display: flex; align-items: center; gap: 20px; flex-wrap: wrap;\">\n<p style=\"max-width: 360px;\">\n<\/div>\n","protected":false},"excerpt":{"rendered":"<p>Za ja\u010de i otpornije prirodne trepavice. Smanjuje lomljenje i ispadanje te poma\u017ee o\u010duvati njihov zdrav izgled. Pogodan i za osjetljive o\u010di.<\/p>\n","protected":false},"featured_media":101616,"comment_status":"open","ping_status":"closed","template":"","meta":[],"product_brand":[],"product_cat":[48,76],"product_tag":[],"class_list":{"0":"post-101615","1":"product","2":"type-product","3":"status-publish","4":"has-post-thumbnail","6":"product_cat-trepavice","7":"product_cat-serumi","9":"first","10":"instock","11":"taxable","12":"shipping-taxable","13":"purchasable","14":"product-type-simple"},"bundled_by":[],"bundle_stock_status":"instock","bundle_stock_quantity":null,"bundle_virtual":false,"bundle_layout":"","bundle_add_to_cart_form_location":"","bundle_editable_in_cart":false,"bundle_sold_individually_context":"","bundle_item_grouping":"","bundle_min_size":"","bundle_max_size":"","bundled_items":[],"acf":[],"yoast_head":"<!-- This site is optimized with the Yoast SEO plugin v26.5 - https:\/\/yoast.com\/wordpress\/plugins\/seo\/ -->\n<title>Repair Lash serum - Active Luxe Cosmetics<\/title>\n<meta name=\"description\" content=\"Za ja\u010de, otpornije i njegovane prirodne trepavice. Smanjuje lomljenje i ispadanje te poma\u017ee o\u010duvati njihovu prirodnu gusto\u0107u. Pogodan i za osjetljive o\u010di.\" \/>\n<meta name=\"robots\" content=\"index, follow, max-snippet:-1, max-image-preview:large, max-video-preview:-1\" \/>\n<link rel=\"canonical\" href=\"https:\/\/activeluxe-cosmetics.com\/hr\/proizvod\/repair-lash-serum\/\" \/>\n<meta property=\"og:locale\" content=\"hr_HR\" \/>\n<meta property=\"og:type\" content=\"article\" \/>\n<meta property=\"og:title\" content=\"Repair Lash serum - Active Luxe Cosmetics\" \/>\n<meta property=\"og:description\" content=\"Za ja\u010de, otpornije i njegovane prirodne trepavice. Smanjuje lomljenje i ispadanje te poma\u017ee o\u010duvati njihovu prirodnu gusto\u0107u. Pogodan i za osjetljive o\u010di.\" \/>\n<meta property=\"og:url\" content=\"https:\/\/activeluxe-cosmetics.com\/hr\/proizvod\/repair-lash-serum\/\" \/>\n<meta property=\"og:site_name\" content=\"Active Luxe Cosmetics\" \/>\n<meta property=\"article:modified_time\" content=\"2026-03-16T14:33:12+00:00\" \/>\n<meta property=\"og:image\" content=\"https:\/\/activeluxe-cosmetics.com\/hr\/wp-content\/uploads\/2026\/03\/Active-Luxe-Repair-Lash-Serum-box.jpg\" \/>\n\t<meta property=\"og:image:width\" content=\"1104\" \/>\n\t<meta property=\"og:image:height\" content=\"1326\" \/>\n\t<meta property=\"og:image:type\" content=\"image\/jpeg\" \/>\n<meta name=\"twitter:card\" content=\"summary_large_image\" \/>\n<meta name=\"twitter:label1\" content=\"Procijenjeno vrijeme \u010ditanja\" \/>\n\t<meta name=\"twitter:data1\" content=\"4 minute\" \/>\n<script type=\"application\/ld+json\" class=\"yoast-schema-graph\">{\"@context\":\"https:\/\/schema.org\",\"@graph\":[{\"@type\":\"WebPage\",\"@id\":\"https:\/\/activeluxe-cosmetics.com\/hr\/proizvod\/repair-lash-serum\/\",\"url\":\"https:\/\/activeluxe-cosmetics.com\/hr\/proizvod\/repair-lash-serum\/\",\"name\":\"Repair Lash serum - Active Luxe Cosmetics\",\"isPartOf\":{\"@id\":\"https:\/\/activeluxe-cosmetics.com\/hr\/#website\"},\"primaryImageOfPage\":{\"@id\":\"https:\/\/activeluxe-cosmetics.com\/hr\/proizvod\/repair-lash-serum\/#primaryimage\"},\"image\":{\"@id\":\"https:\/\/activeluxe-cosmetics.com\/hr\/proizvod\/repair-lash-serum\/#primaryimage\"},\"thumbnailUrl\":\"https:\/\/activeluxe-cosmetics.com\/hr\/wp-content\/uploads\/2026\/03\/Active-Luxe-Repair-Lash-Serum-box.jpg\",\"datePublished\":\"2026-03-03T14:01:27+00:00\",\"dateModified\":\"2026-03-16T14:33:12+00:00\",\"description\":\"Za ja\u010de, otpornije i njegovane prirodne trepavice. Smanjuje lomljenje i ispadanje te poma\u017ee o\u010duvati njihovu prirodnu gusto\u0107u. Pogodan i za osjetljive o\u010di.\",\"breadcrumb\":{\"@id\":\"https:\/\/activeluxe-cosmetics.com\/hr\/proizvod\/repair-lash-serum\/#breadcrumb\"},\"inLanguage\":\"hr\",\"potentialAction\":[{\"@type\":\"ReadAction\",\"target\":[\"https:\/\/activeluxe-cosmetics.com\/hr\/proizvod\/repair-lash-serum\/\"]}]},{\"@type\":\"ImageObject\",\"inLanguage\":\"hr\",\"@id\":\"https:\/\/activeluxe-cosmetics.com\/hr\/proizvod\/repair-lash-serum\/#primaryimage\",\"url\":\"https:\/\/activeluxe-cosmetics.com\/hr\/wp-content\/uploads\/2026\/03\/Active-Luxe-Repair-Lash-Serum-box.jpg\",\"contentUrl\":\"https:\/\/activeluxe-cosmetics.com\/hr\/wp-content\/uploads\/2026\/03\/Active-Luxe-Repair-Lash-Serum-box.jpg\",\"width\":1104,\"height\":1326,\"caption\":\"Repair Lash serum Active Luxe\"},{\"@type\":\"BreadcrumbList\",\"@id\":\"https:\/\/activeluxe-cosmetics.com\/hr\/proizvod\/repair-lash-serum\/#breadcrumb\",\"itemListElement\":[{\"@type\":\"ListItem\",\"position\":1,\"name\":\"Naslovnica\",\"item\":\"https:\/\/activeluxe-cosmetics.com\/hr\/\"},{\"@type\":\"ListItem\",\"position\":2,\"name\":\"Trgovina\",\"item\":\"https:\/\/activeluxe-cosmetics.com\/hr\/trgovina\/\"},{\"@type\":\"ListItem\",\"position\":3,\"name\":\"Repair Lash njeguju\u0107i serum za obnovu trepavica\"}]},{\"@type\":\"WebSite\",\"@id\":\"https:\/\/activeluxe-cosmetics.com\/hr\/#website\",\"url\":\"https:\/\/activeluxe-cosmetics.com\/hr\/\",\"name\":\"Active Luxe Cosmetics\",\"description\":\"\",\"potentialAction\":[{\"@type\":\"SearchAction\",\"target\":{\"@type\":\"EntryPoint\",\"urlTemplate\":\"https:\/\/activeluxe-cosmetics.com\/hr\/?s={search_term_string}\"},\"query-input\":{\"@type\":\"PropertyValueSpecification\",\"valueRequired\":true,\"valueName\":\"search_term_string\"}}],\"inLanguage\":\"hr\"}]}<\/script>\n<!-- \/ Yoast SEO plugin. -->","yoast_head_json":{"title":"Repair Lash serum - Active Luxe Cosmetics","description":"Za ja\u010de, otpornije i njegovane prirodne trepavice. Smanjuje lomljenje i ispadanje te poma\u017ee o\u010duvati njihovu prirodnu gusto\u0107u. Pogodan i za osjetljive o\u010di.","robots":{"index":"index","follow":"follow","max-snippet":"max-snippet:-1","max-image-preview":"max-image-preview:large","max-video-preview":"max-video-preview:-1"},"canonical":"https:\/\/activeluxe-cosmetics.com\/hr\/proizvod\/repair-lash-serum\/","og_locale":"hr_HR","og_type":"article","og_title":"Repair Lash serum - Active Luxe Cosmetics","og_description":"Za ja\u010de, otpornije i njegovane prirodne trepavice. Smanjuje lomljenje i ispadanje te poma\u017ee o\u010duvati njihovu prirodnu gusto\u0107u. Pogodan i za osjetljive o\u010di.","og_url":"https:\/\/activeluxe-cosmetics.com\/hr\/proizvod\/repair-lash-serum\/","og_site_name":"Active Luxe Cosmetics","article_modified_time":"2026-03-16T14:33:12+00:00","og_image":[{"width":1104,"height":1326,"url":"https:\/\/activeluxe-cosmetics.com\/hr\/wp-content\/uploads\/2026\/03\/Active-Luxe-Repair-Lash-Serum-box.jpg","type":"image\/jpeg"}],"twitter_card":"summary_large_image","twitter_misc":{"Procijenjeno vrijeme \u010ditanja":"4 minute"},"schema":{"@context":"https:\/\/schema.org","@graph":[{"@type":"WebPage","@id":"https:\/\/activeluxe-cosmetics.com\/hr\/proizvod\/repair-lash-serum\/","url":"https:\/\/activeluxe-cosmetics.com\/hr\/proizvod\/repair-lash-serum\/","name":"Repair Lash serum - Active Luxe Cosmetics","isPartOf":{"@id":"https:\/\/activeluxe-cosmetics.com\/hr\/#website"},"primaryImageOfPage":{"@id":"https:\/\/activeluxe-cosmetics.com\/hr\/proizvod\/repair-lash-serum\/#primaryimage"},"image":{"@id":"https:\/\/activeluxe-cosmetics.com\/hr\/proizvod\/repair-lash-serum\/#primaryimage"},"thumbnailUrl":"https:\/\/activeluxe-cosmetics.com\/hr\/wp-content\/uploads\/2026\/03\/Active-Luxe-Repair-Lash-Serum-box.jpg","datePublished":"2026-03-03T14:01:27+00:00","dateModified":"2026-03-16T14:33:12+00:00","description":"Za ja\u010de, otpornije i njegovane prirodne trepavice. Smanjuje lomljenje i ispadanje te poma\u017ee o\u010duvati njihovu prirodnu gusto\u0107u. Pogodan i za osjetljive o\u010di.","breadcrumb":{"@id":"https:\/\/activeluxe-cosmetics.com\/hr\/proizvod\/repair-lash-serum\/#breadcrumb"},"inLanguage":"hr","potentialAction":[{"@type":"ReadAction","target":["https:\/\/activeluxe-cosmetics.com\/hr\/proizvod\/repair-lash-serum\/"]}]},{"@type":"ImageObject","inLanguage":"hr","@id":"https:\/\/activeluxe-cosmetics.com\/hr\/proizvod\/repair-lash-serum\/#primaryimage","url":"https:\/\/activeluxe-cosmetics.com\/hr\/wp-content\/uploads\/2026\/03\/Active-Luxe-Repair-Lash-Serum-box.jpg","contentUrl":"https:\/\/activeluxe-cosmetics.com\/hr\/wp-content\/uploads\/2026\/03\/Active-Luxe-Repair-Lash-Serum-box.jpg","width":1104,"height":1326,"caption":"Repair Lash serum Active Luxe"},{"@type":"BreadcrumbList","@id":"https:\/\/activeluxe-cosmetics.com\/hr\/proizvod\/repair-lash-serum\/#breadcrumb","itemListElement":[{"@type":"ListItem","position":1,"name":"Naslovnica","item":"https:\/\/activeluxe-cosmetics.com\/hr\/"},{"@type":"ListItem","position":2,"name":"Trgovina","item":"https:\/\/activeluxe-cosmetics.com\/hr\/trgovina\/"},{"@type":"ListItem","position":3,"name":"Repair Lash njeguju\u0107i serum za obnovu trepavica"}]},{"@type":"WebSite","@id":"https:\/\/activeluxe-cosmetics.com\/hr\/#website","url":"https:\/\/activeluxe-cosmetics.com\/hr\/","name":"Active Luxe Cosmetics","description":"","potentialAction":[{"@type":"SearchAction","target":{"@type":"EntryPoint","urlTemplate":"https:\/\/activeluxe-cosmetics.com\/hr\/?s={search_term_string}"},"query-input":{"@type":"PropertyValueSpecification","valueRequired":true,"valueName":"search_term_string"}}],"inLanguage":"hr"}]}},"_links":{"self":[{"href":"https:\/\/activeluxe-cosmetics.com\/hr\/wp-json\/wp\/v2\/product\/101615","targetHints":{"allow":["GET"]}}],"collection":[{"href":"https:\/\/activeluxe-cosmetics.com\/hr\/wp-json\/wp\/v2\/product"}],"about":[{"href":"https:\/\/activeluxe-cosmetics.com\/hr\/wp-json\/wp\/v2\/types\/product"}],"replies":[{"embeddable":true,"href":"https:\/\/activeluxe-cosmetics.com\/hr\/wp-json\/wp\/v2\/comments?post=101615"}],"wp:featuredmedia":[{"embeddable":true,"href":"https:\/\/activeluxe-cosmetics.com\/hr\/wp-json\/wp\/v2\/media\/101616"}],"wp:attachment":[{"href":"https:\/\/activeluxe-cosmetics.com\/hr\/wp-json\/wp\/v2\/media?parent=101615"}],"wp:term":[{"taxonomy":"product_brand","embeddable":true,"href":"https:\/\/activeluxe-cosmetics.com\/hr\/wp-json\/wp\/v2\/product_brand?post=101615"},{"taxonomy":"product_cat","embeddable":true,"href":"https:\/\/activeluxe-cosmetics.com\/hr\/wp-json\/wp\/v2\/product_cat?post=101615"},{"taxonomy":"product_tag","embeddable":true,"href":"https:\/\/activeluxe-cosmetics.com\/hr\/wp-json\/wp\/v2\/product_tag?post=101615"}],"curies":[{"name":"wp","href":"https:\/\/api.w.org\/{rel}","templated":true}]}}