{"id":101277,"date":"2026-02-16T23:52:15","date_gmt":"2026-02-16T23:52:15","guid":{"rendered":"https:\/\/activeluxe-cosmetics.com\/hr\/?post_type=product&#038;p=101277"},"modified":"2026-04-01T11:45:16","modified_gmt":"2026-04-01T11:45:16","slug":"sampon-i-tonik-za-rast-kose-gratis-serum-za-rast-trepavica-40-dnevni-tretman","status":"publish","type":"product","link":"https:\/\/activeluxe-cosmetics.com\/hr\/proizvod\/sampon-i-tonik-za-rast-kose-gratis-serum-za-rast-trepavica-40-dnevni-tretman\/","title":{"rendered":"\u0160ampon i tonik za rast kose + GRATIS serum za trepavice, 40-dnevni tretman"},"content":{"rendered":"<p>&nbsp;<\/p>\n<h2><b><img loading=\"lazy\" decoding=\"async\" class=\" wp-image-100837 alignright\" src=\"https:\/\/cdn.activeluxe-cosmetics.com\/sl\/wp-content\/uploads\/2024\/10\/18141055\/sampon_in_tonik_za_rast_las_active_luxe-460x553.jpg\" alt=\"\u0160ampon in tonik za rast las Active Luxe\" width=\"330\" height=\"397\" \/><\/b><strong>Cjelovita rutina<\/strong> za kosu i trepavice<\/h2>\n<p><strong>Hair SOS rutina<\/strong> objedinjuje <strong>dvije klini\u010dki testirane formule<\/strong> koje djeluju izravno na vlasi\u0161te \u2013 tamo gdje problemi s kosom zapo\u010dinju. Namijenjena je razdobljima poja\u010danog stresa, sezonskog ispadanja kose, hormonskih promjena i mehani\u010dkih optere\u0107enja. Redovitom upotrebom podr\u017eava <strong>ja\u010du<\/strong>, <strong>gu\u0161\u0107u<\/strong> i <strong>zdraviju kosu<\/strong>, a paket uklju\u010duje i serum za rast trepavica koji osigurava izra\u017eajniji pogled.<\/p>\n<p data-start=\"30\" data-end=\"50\"><strong data-start=\"30\" data-end=\"50\">U setu dobivate:<\/strong><\/p>\n<ul>\n<li data-start=\"30\" data-end=\"50\">\u0160ampon za aktivan rast i protiv ispadanja kose, 250 ml<\/li>\n<li data-start=\"30\" data-end=\"50\">Tonik za aktivan rast kose i protiv ispadanja kose s trostrukim djelovanjem, 120 ml<\/li>\n<li data-start=\"30\" data-end=\"50\">Serum za rast trepavica, 1 ml, 40-dnevni tretman<\/li>\n<\/ul>\n<p>&nbsp;<\/p>\n<h2><\/h2>\n<h2><\/h2>\n<h2><img loading=\"lazy\" decoding=\"async\" class=\" wp-image-100958 alignleft\" src=\"https:\/\/cdn.activeluxe-cosmetics.com\/sl\/wp-content\/uploads\/2024\/10\/22082347\/izpadanje_las_tonik-460x575.png\" alt=\"Active Luxe tonik za rast las\" width=\"335\" height=\"419\" \/><\/h2>\n<h2><strong>Intenzivni koncentrat<\/strong> s trostrukim djelovanjem<\/h2>\n<p data-start=\"30\" data-end=\"250\">Napredna formula s pa\u017eljivo odabranim, <strong>klini\u010dki testiranim sastojcima<\/strong> djeluje izravno protiv ispadanja kose te ve\u0107 <strong>nakon 4 mjeseca<\/strong> donosi klini\u010dki potvr\u0111ene rezultate: <strong>do 46 % manje ispadanja<\/strong> i <strong>do 121 % ve\u0107u gusto\u0107u kose<\/strong>, uz jednostavno i ciljano nano\u0161enje za svakodnevnu upotrebu.<\/p>\n<ul>\n<li data-start=\"252\" data-end=\"419\"><strong data-start=\"252\" data-end=\"272\">Biotinoyl \u2013 GHK:<\/strong> sastojak koji prodire duboko u vlasi\u0161te, poti\u010de stani\u010dni metabolizam i obnavlja oslabljene folikule kose \u2013 djeluje protiv folikularne disfunkcije.<\/li>\n<li data-start=\"252\" data-end=\"419\"><strong style=\"color: #555555;\" data-start=\"421\" data-end=\"434\">Apigenin:<\/strong><span style=\"color: #555555;\"> sastojak s antioksidativnim djelovanjem koji poti\u010de mikrocirkulaciju, odnosno prokrvljenost vlasi\u0161ta.<\/span><\/li>\n<li data-start=\"252\" data-end=\"419\"><strong style=\"color: #555555;\" data-start=\"538\" data-end=\"561\">Oleanolna kiselina:<\/strong><span style=\"color: #555555;\"> djeluje kao sna\u017ean inhibitor enzima odgovornog za pretvorbu hormona testosterona u dihidrotestosteron (DHT), koji je glavni uzrok ispadanja kose i \u0107elavosti.<\/span><\/li>\n<\/ul>\n<h2 style=\"text-align: center; clear: both;\"><\/h2>\n<p><img loading=\"lazy\" decoding=\"async\" class=\"wp-image-98334 alignright\" src=\"https:\/\/cdn.activeluxe-cosmetics.com\/sl\/wp-content\/uploads\/2025\/05\/14123630\/sampon-za-rast-las-460x575.png\" alt=\"\" width=\"326\" height=\"407\" \/><\/p>\n<h2><strong>Pravovremeno zaustavi<\/strong> ispadanje kose!<\/h2>\n<p data-start=\"30\" data-end=\"259\">Ako je tvoja kosa suha, o\u0161te\u0107ena i bez sjaja, Active Luxe \u0161ampon je tako\u0111er pravi izbor! \u010cesto bojanje kose i upotreba elektri\u010dnih ure\u0111aja o\u0161te\u0107uju i stanjuju kosu, \u0161to uzrokuje ispucale vrhove, lomljenje i prekomjerno ispadanje.<\/p>\n<p data-start=\"261\" data-end=\"330\">Active Luxe \u0161ampon <strong>intenzivno njeguje<\/strong> i <strong>dubinski obnavlja<\/strong> tvoju kosu:<\/p>\n<ul>\n<li data-start=\"332\" data-end=\"358\">odr\u017eava vitalnost vlasi\u0161ta i poma\u017ee vratiti prirodnu gusto\u0107u kose,<\/li>\n<li data-start=\"332\" data-end=\"358\">kosa je ve\u0107 nakon prve upotrebe ja\u010da, punija i zdravija,<\/li>\n<li data-start=\"332\" data-end=\"358\">jedinstvena, klini\u010dki testirana formula aktivira folikul dlake i ja\u010da ga \u2013 korijen kose postaje sna\u017eniji pa kosa manje ispada,<\/li>\n<li data-start=\"332\" data-end=\"358\">uz redovitu upotrebu (najmanje 2x tjedno) donosi vidljive rezultate ve\u0107 nakon 6 tjedana.<\/li>\n<\/ul>\n<h2 style=\"text-align: center; clear: both;\"><\/h2>\n<p><img loading=\"lazy\" decoding=\"async\" class=\"wp-image-98337 alignleft\" src=\"https:\/\/cdn.activeluxe-cosmetics.com\/sl\/wp-content\/uploads\/2025\/05\/14123651\/serum-za-rast-trepalnic-katarina-460x575.png\" alt=\"\" width=\"321\" height=\"402\" \/><\/p>\n<h2><strong>Serum za rast trepavica<\/strong>, za 40 dana upotrebe<\/h2>\n<p data-start=\"30\" data-end=\"255\">Iza Active Lash seruma za rast trepavica stoje stvarne \u017eene, ba\u0161 poput tebe \u2013 zato ova jedinstvena formula za produljenje prirodnih trepavica sadr\u017ei isklju\u010divo pa\u017eljivo odabrane, provjerene, sigurne i u\u010dinkovite sastojke.<\/p>\n<p data-start=\"257\" data-end=\"474\" data-is-last-node=\"\" data-is-only-node=\"\">Vi\u0161e od <strong>400.000 zadovoljnih korisnica<\/strong> potvr\u0111uje izvanredne rezultate ve\u0107 nakon 2 tjedna kori\u0161tenja seruma. Trepavice postaju du\u017ee, gu\u0161\u0107e, tamnije i prirodno uvijenije, a tvoj pogled jo\u0161 izra\u017eajniji i zavodljiviji.<\/p>\n<ul>\n<li data-start=\"32\" data-end=\"78\"><strong data-start=\"32\" data-end=\"76\">Do 50 % du\u017ee i gu\u0161\u0107e trepavice u 14 dana<\/strong><\/li>\n<li data-start=\"32\" data-end=\"78\"><strong data-start=\"81\" data-end=\"141\">Do 100 % du\u017ee i gu\u0161\u0107e trepavice nakon zavr\u0161enog tretmana<\/strong><\/li>\n<li data-start=\"32\" data-end=\"78\"><strong data-start=\"146\" data-end=\"176\">Do 100 % tamnije trepavice<\/strong><\/li>\n<li data-start=\"32\" data-end=\"78\"><strong data-start=\"181\" data-end=\"215\" data-is-last-node=\"\">Do 73 % vi\u0161e uvijene trepavice<\/strong><\/li>\n<\/ul>\n<p>&nbsp;<\/p>\n<h2><\/h2>\n<p>&nbsp;<\/p>\n<h2><strong><img loading=\"lazy\" decoding=\"async\" class=\"wp-image-98336 alignright\" src=\"https:\/\/cdn.activeluxe-cosmetics.com\/sl\/wp-content\/uploads\/2025\/05\/14123642\/serum-za-rast-trepalnic-before-after-460x575.png\" alt=\"\" width=\"322\" height=\"403\" \/><\/strong><\/h2>\n<h2><strong>Kako djeluje serum<\/strong> za rast trepavica?<\/h2>\n<p data-start=\"225\" data-end=\"454\">Ve\u0107 nakon <strong>2 tjedna<\/strong> od po\u010detka upotrebe serum poti\u010de vidljiv rast i najtanjih i rijetkih trepavica te sprje\u010dava njihovo ispadanje. Maksimalnu duljinu trepavice posti\u017eu nakon mjesec dana redovite upotrebe (nano\u0161enje 1x dnevno).<\/p>\n<p data-start=\"456\" data-end=\"778\">Active Lash serum <strong>klini\u010dki je testiran<\/strong> te je prikladan i za najosjetljivije o\u010di. Proizvod je veganski, potpuno siguran i ne izaziva iritacije o\u010diju. Klini\u010dka ispitivanja potvrdio je neovisni oftalmolog dr. Beltram, koji je potvrdio da je serum za rast trepavica <strong>100 % u\u010dinkovit<\/strong> i siguran i za osjetljive o\u010di.<\/p>\n<p data-start=\"780\" data-end=\"929\" data-is-last-node=\"\" data-is-only-node=\"\">Rije\u010d je o originalnom serumu za rast trepavica na na\u0161em tr\u017ei\u0161tu, proizvedenom u EU, razvijenom od strane stru\u010dnjaka s podru\u010dja kemije i farmacije, \u0161to jam\u010di visoku kvalitetu te upotrebu provjerenih i sigurnih sastojaka.<\/p>\n<p>&nbsp;<\/p>\n<p>&nbsp;<\/p>\n<p><em><strong>\u017deli\u0161 u\u0161tedjeti 20 % bez poklona?<\/strong> Pogledaj osnovni Hair SOS paket <a href=\"https:\/\/activeluxe-cosmetics.com\/hr\/proizvod\/hair-sos-routine\/\"><strong>OVDJE<\/strong>!<\/a><\/em><\/p>\n<h3 style=\"clear: both; max-width: 820px;\"><span data-sheets-root=\"1\" data-sheets-value=\"{&quot;1&quot;:2,&quot;2&quot;:&quot;Pogodno za \u017eene i mu\u0161karce. Klini\u010dki je ispitan i prikladan za svakodnevnu uporabu.n&quot;}\" data-sheets-userformat=\"{&quot;2&quot;:769,&quot;3&quot;:{&quot;1&quot;:0},&quot;11&quot;:4,&quot;12&quot;:0}\" data-sheets-textstyleruns=\"{&quot;1&quot;:0}\uee10{&quot;1&quot;:28,&quot;2&quot;:{&quot;2&quot;:{&quot;1&quot;:2,&quot;2&quot;:16739585}}}\">\u00a0<\/span><\/h3>\n<div style=\"display: flex; align-items: center; gap: 20px; flex-wrap: wrap;\">\n<p style=\"max-width: 360px;\">\n<\/div>\n","protected":false},"excerpt":{"rendered":"<p>Hair SOS rutina za kosu i trepavice: \u0161ampon i tonik protiv ispadanja kose + serum za rast trepavica 1 ml GRATIS.<\/p>\n","protected":false},"featured_media":101278,"comment_status":"open","ping_status":"closed","template":"","meta":[],"product_brand":[],"product_cat":[53,56,48],"product_tag":[],"class_list":{"0":"post-101277","1":"product","2":"type-product","3":"status-publish","4":"has-post-thumbnail","6":"product_cat-kosa","7":"product_cat-posebna-ponuda","8":"product_cat-trepavice","10":"first","11":"instock","12":"sale","13":"taxable","14":"shipping-taxable","15":"purchasable","16":"product-type-variable"},"bundled_by":[],"bundle_stock_status":"instock","bundle_stock_quantity":null,"bundle_virtual":false,"bundle_layout":"","bundle_add_to_cart_form_location":"","bundle_editable_in_cart":false,"bundle_sold_individually_context":"","bundle_item_grouping":"","bundle_min_size":"","bundle_max_size":"","bundled_items":[],"acf":[],"yoast_head":"<!-- This site is optimized with the Yoast SEO plugin v26.5 - https:\/\/yoast.com\/wordpress\/plugins\/seo\/ -->\n<title>\u0160ampon, tonik i gratis serum za rast trepavica - Active Luxe<\/title>\n<meta name=\"description\" content=\"Hair SOS rutina za kosu i trepavice: \u0161ampon + tonik protiv ispadanja te serum za rast trepavica 1 ml GRATIS. Podr\u0161ka vlasi\u0161tu u razdobljima stresa.\" \/>\n<meta name=\"robots\" content=\"index, follow, max-snippet:-1, max-image-preview:large, max-video-preview:-1\" \/>\n<link rel=\"canonical\" href=\"https:\/\/activeluxe-cosmetics.com\/hr\/proizvod\/sampon-i-tonik-za-rast-kose-gratis-serum-za-rast-trepavica-40-dnevni-tretman\/\" \/>\n<meta property=\"og:locale\" content=\"hr_HR\" \/>\n<meta property=\"og:type\" content=\"article\" \/>\n<meta property=\"og:title\" content=\"\u0160ampon, tonik i gratis serum za rast trepavica - Active Luxe\" \/>\n<meta property=\"og:description\" content=\"Hair SOS rutina za kosu i trepavice: \u0161ampon + tonik protiv ispadanja te serum za rast trepavica 1 ml GRATIS. Podr\u0161ka vlasi\u0161tu u razdobljima stresa.\" \/>\n<meta property=\"og:url\" content=\"https:\/\/activeluxe-cosmetics.com\/hr\/proizvod\/sampon-i-tonik-za-rast-kose-gratis-serum-za-rast-trepavica-40-dnevni-tretman\/\" \/>\n<meta property=\"og:site_name\" content=\"Active Luxe Cosmetics\" \/>\n<meta property=\"article:modified_time\" content=\"2026-04-01T11:45:16+00:00\" \/>\n<meta property=\"og:image\" content=\"https:\/\/activeluxe-cosmetics.com\/hr\/wp-content\/uploads\/2026\/02\/Shampoo_NormalTonicLashSerumGratis.jpg\" \/>\n\t<meta property=\"og:image:width\" content=\"1104\" \/>\n\t<meta property=\"og:image:height\" content=\"1326\" \/>\n\t<meta property=\"og:image:type\" content=\"image\/jpeg\" \/>\n<meta name=\"twitter:card\" content=\"summary_large_image\" \/>\n<meta name=\"twitter:label1\" content=\"Procijenjeno vrijeme \u010ditanja\" \/>\n\t<meta name=\"twitter:data1\" content=\"5 minuta\" \/>\n<script type=\"application\/ld+json\" class=\"yoast-schema-graph\">{\"@context\":\"https:\/\/schema.org\",\"@graph\":[{\"@type\":\"WebPage\",\"@id\":\"https:\/\/activeluxe-cosmetics.com\/hr\/proizvod\/sampon-i-tonik-za-rast-kose-gratis-serum-za-rast-trepavica-40-dnevni-tretman\/\",\"url\":\"https:\/\/activeluxe-cosmetics.com\/hr\/proizvod\/sampon-i-tonik-za-rast-kose-gratis-serum-za-rast-trepavica-40-dnevni-tretman\/\",\"name\":\"\u0160ampon, tonik i gratis serum za rast trepavica - Active Luxe\",\"isPartOf\":{\"@id\":\"https:\/\/activeluxe-cosmetics.com\/hr\/#website\"},\"primaryImageOfPage\":{\"@id\":\"https:\/\/activeluxe-cosmetics.com\/hr\/proizvod\/sampon-i-tonik-za-rast-kose-gratis-serum-za-rast-trepavica-40-dnevni-tretman\/#primaryimage\"},\"image\":{\"@id\":\"https:\/\/activeluxe-cosmetics.com\/hr\/proizvod\/sampon-i-tonik-za-rast-kose-gratis-serum-za-rast-trepavica-40-dnevni-tretman\/#primaryimage\"},\"thumbnailUrl\":\"https:\/\/activeluxe-cosmetics.com\/hr\/wp-content\/uploads\/2026\/02\/Shampoo_NormalTonicLashSerumGratis.jpg\",\"datePublished\":\"2026-02-16T23:52:15+00:00\",\"dateModified\":\"2026-04-01T11:45:16+00:00\",\"description\":\"Hair SOS rutina za kosu i trepavice: \u0161ampon + tonik protiv ispadanja te serum za rast trepavica 1 ml GRATIS. Podr\u0161ka vlasi\u0161tu u razdobljima stresa.\",\"breadcrumb\":{\"@id\":\"https:\/\/activeluxe-cosmetics.com\/hr\/proizvod\/sampon-i-tonik-za-rast-kose-gratis-serum-za-rast-trepavica-40-dnevni-tretman\/#breadcrumb\"},\"inLanguage\":\"hr\",\"potentialAction\":[{\"@type\":\"ReadAction\",\"target\":[\"https:\/\/activeluxe-cosmetics.com\/hr\/proizvod\/sampon-i-tonik-za-rast-kose-gratis-serum-za-rast-trepavica-40-dnevni-tretman\/\"]}]},{\"@type\":\"ImageObject\",\"inLanguage\":\"hr\",\"@id\":\"https:\/\/activeluxe-cosmetics.com\/hr\/proizvod\/sampon-i-tonik-za-rast-kose-gratis-serum-za-rast-trepavica-40-dnevni-tretman\/#primaryimage\",\"url\":\"https:\/\/activeluxe-cosmetics.com\/hr\/wp-content\/uploads\/2026\/02\/Shampoo_NormalTonicLashSerumGratis.jpg\",\"contentUrl\":\"https:\/\/activeluxe-cosmetics.com\/hr\/wp-content\/uploads\/2026\/02\/Shampoo_NormalTonicLashSerumGratis.jpg\",\"width\":1104,\"height\":1326,\"caption\":\"Tonik, \u0161ampon i gratis serum za rast trepavica Active Luxe\"},{\"@type\":\"BreadcrumbList\",\"@id\":\"https:\/\/activeluxe-cosmetics.com\/hr\/proizvod\/sampon-i-tonik-za-rast-kose-gratis-serum-za-rast-trepavica-40-dnevni-tretman\/#breadcrumb\",\"itemListElement\":[{\"@type\":\"ListItem\",\"position\":1,\"name\":\"Naslovnica\",\"item\":\"https:\/\/activeluxe-cosmetics.com\/hr\/\"},{\"@type\":\"ListItem\",\"position\":2,\"name\":\"Trgovina\",\"item\":\"https:\/\/activeluxe-cosmetics.com\/hr\/trgovina\/\"},{\"@type\":\"ListItem\",\"position\":3,\"name\":\"\u0160ampon i tonik za rast kose + GRATIS serum za trepavice, 40-dnevni tretman\"}]},{\"@type\":\"WebSite\",\"@id\":\"https:\/\/activeluxe-cosmetics.com\/hr\/#website\",\"url\":\"https:\/\/activeluxe-cosmetics.com\/hr\/\",\"name\":\"Active Luxe Cosmetics\",\"description\":\"\",\"potentialAction\":[{\"@type\":\"SearchAction\",\"target\":{\"@type\":\"EntryPoint\",\"urlTemplate\":\"https:\/\/activeluxe-cosmetics.com\/hr\/?s={search_term_string}\"},\"query-input\":{\"@type\":\"PropertyValueSpecification\",\"valueRequired\":true,\"valueName\":\"search_term_string\"}}],\"inLanguage\":\"hr\"}]}<\/script>\n<!-- \/ Yoast SEO plugin. -->","yoast_head_json":{"title":"\u0160ampon, tonik i gratis serum za rast trepavica - Active Luxe","description":"Hair SOS rutina za kosu i trepavice: \u0161ampon + tonik protiv ispadanja te serum za rast trepavica 1 ml GRATIS. Podr\u0161ka vlasi\u0161tu u razdobljima stresa.","robots":{"index":"index","follow":"follow","max-snippet":"max-snippet:-1","max-image-preview":"max-image-preview:large","max-video-preview":"max-video-preview:-1"},"canonical":"https:\/\/activeluxe-cosmetics.com\/hr\/proizvod\/sampon-i-tonik-za-rast-kose-gratis-serum-za-rast-trepavica-40-dnevni-tretman\/","og_locale":"hr_HR","og_type":"article","og_title":"\u0160ampon, tonik i gratis serum za rast trepavica - Active Luxe","og_description":"Hair SOS rutina za kosu i trepavice: \u0161ampon + tonik protiv ispadanja te serum za rast trepavica 1 ml GRATIS. Podr\u0161ka vlasi\u0161tu u razdobljima stresa.","og_url":"https:\/\/activeluxe-cosmetics.com\/hr\/proizvod\/sampon-i-tonik-za-rast-kose-gratis-serum-za-rast-trepavica-40-dnevni-tretman\/","og_site_name":"Active Luxe Cosmetics","article_modified_time":"2026-04-01T11:45:16+00:00","og_image":[{"width":1104,"height":1326,"url":"https:\/\/activeluxe-cosmetics.com\/hr\/wp-content\/uploads\/2026\/02\/Shampoo_NormalTonicLashSerumGratis.jpg","type":"image\/jpeg"}],"twitter_card":"summary_large_image","twitter_misc":{"Procijenjeno vrijeme \u010ditanja":"5 minuta"},"schema":{"@context":"https:\/\/schema.org","@graph":[{"@type":"WebPage","@id":"https:\/\/activeluxe-cosmetics.com\/hr\/proizvod\/sampon-i-tonik-za-rast-kose-gratis-serum-za-rast-trepavica-40-dnevni-tretman\/","url":"https:\/\/activeluxe-cosmetics.com\/hr\/proizvod\/sampon-i-tonik-za-rast-kose-gratis-serum-za-rast-trepavica-40-dnevni-tretman\/","name":"\u0160ampon, tonik i gratis serum za rast trepavica - Active Luxe","isPartOf":{"@id":"https:\/\/activeluxe-cosmetics.com\/hr\/#website"},"primaryImageOfPage":{"@id":"https:\/\/activeluxe-cosmetics.com\/hr\/proizvod\/sampon-i-tonik-za-rast-kose-gratis-serum-za-rast-trepavica-40-dnevni-tretman\/#primaryimage"},"image":{"@id":"https:\/\/activeluxe-cosmetics.com\/hr\/proizvod\/sampon-i-tonik-za-rast-kose-gratis-serum-za-rast-trepavica-40-dnevni-tretman\/#primaryimage"},"thumbnailUrl":"https:\/\/activeluxe-cosmetics.com\/hr\/wp-content\/uploads\/2026\/02\/Shampoo_NormalTonicLashSerumGratis.jpg","datePublished":"2026-02-16T23:52:15+00:00","dateModified":"2026-04-01T11:45:16+00:00","description":"Hair SOS rutina za kosu i trepavice: \u0161ampon + tonik protiv ispadanja te serum za rast trepavica 1 ml GRATIS. Podr\u0161ka vlasi\u0161tu u razdobljima stresa.","breadcrumb":{"@id":"https:\/\/activeluxe-cosmetics.com\/hr\/proizvod\/sampon-i-tonik-za-rast-kose-gratis-serum-za-rast-trepavica-40-dnevni-tretman\/#breadcrumb"},"inLanguage":"hr","potentialAction":[{"@type":"ReadAction","target":["https:\/\/activeluxe-cosmetics.com\/hr\/proizvod\/sampon-i-tonik-za-rast-kose-gratis-serum-za-rast-trepavica-40-dnevni-tretman\/"]}]},{"@type":"ImageObject","inLanguage":"hr","@id":"https:\/\/activeluxe-cosmetics.com\/hr\/proizvod\/sampon-i-tonik-za-rast-kose-gratis-serum-za-rast-trepavica-40-dnevni-tretman\/#primaryimage","url":"https:\/\/activeluxe-cosmetics.com\/hr\/wp-content\/uploads\/2026\/02\/Shampoo_NormalTonicLashSerumGratis.jpg","contentUrl":"https:\/\/activeluxe-cosmetics.com\/hr\/wp-content\/uploads\/2026\/02\/Shampoo_NormalTonicLashSerumGratis.jpg","width":1104,"height":1326,"caption":"Tonik, \u0161ampon i gratis serum za rast trepavica Active Luxe"},{"@type":"BreadcrumbList","@id":"https:\/\/activeluxe-cosmetics.com\/hr\/proizvod\/sampon-i-tonik-za-rast-kose-gratis-serum-za-rast-trepavica-40-dnevni-tretman\/#breadcrumb","itemListElement":[{"@type":"ListItem","position":1,"name":"Naslovnica","item":"https:\/\/activeluxe-cosmetics.com\/hr\/"},{"@type":"ListItem","position":2,"name":"Trgovina","item":"https:\/\/activeluxe-cosmetics.com\/hr\/trgovina\/"},{"@type":"ListItem","position":3,"name":"\u0160ampon i tonik za rast kose + GRATIS serum za trepavice, 40-dnevni tretman"}]},{"@type":"WebSite","@id":"https:\/\/activeluxe-cosmetics.com\/hr\/#website","url":"https:\/\/activeluxe-cosmetics.com\/hr\/","name":"Active Luxe Cosmetics","description":"","potentialAction":[{"@type":"SearchAction","target":{"@type":"EntryPoint","urlTemplate":"https:\/\/activeluxe-cosmetics.com\/hr\/?s={search_term_string}"},"query-input":{"@type":"PropertyValueSpecification","valueRequired":true,"valueName":"search_term_string"}}],"inLanguage":"hr"}]}},"_links":{"self":[{"href":"https:\/\/activeluxe-cosmetics.com\/hr\/wp-json\/wp\/v2\/product\/101277","targetHints":{"allow":["GET"]}}],"collection":[{"href":"https:\/\/activeluxe-cosmetics.com\/hr\/wp-json\/wp\/v2\/product"}],"about":[{"href":"https:\/\/activeluxe-cosmetics.com\/hr\/wp-json\/wp\/v2\/types\/product"}],"replies":[{"embeddable":true,"href":"https:\/\/activeluxe-cosmetics.com\/hr\/wp-json\/wp\/v2\/comments?post=101277"}],"wp:featuredmedia":[{"embeddable":true,"href":"https:\/\/activeluxe-cosmetics.com\/hr\/wp-json\/wp\/v2\/media\/101278"}],"wp:attachment":[{"href":"https:\/\/activeluxe-cosmetics.com\/hr\/wp-json\/wp\/v2\/media?parent=101277"}],"wp:term":[{"taxonomy":"product_brand","embeddable":true,"href":"https:\/\/activeluxe-cosmetics.com\/hr\/wp-json\/wp\/v2\/product_brand?post=101277"},{"taxonomy":"product_cat","embeddable":true,"href":"https:\/\/activeluxe-cosmetics.com\/hr\/wp-json\/wp\/v2\/product_cat?post=101277"},{"taxonomy":"product_tag","embeddable":true,"href":"https:\/\/activeluxe-cosmetics.com\/hr\/wp-json\/wp\/v2\/product_tag?post=101277"}],"curies":[{"name":"wp","href":"https:\/\/api.w.org\/{rel}","templated":true}]}}