{"id":100985,"date":"2026-02-02T14:52:14","date_gmt":"2026-02-02T14:52:14","guid":{"rendered":"https:\/\/activeluxe-cosmetics.com\/hr\/?post_type=product&#038;p=100985"},"modified":"2026-02-18T08:15:58","modified_gmt":"2026-02-18T08:15:58","slug":"hair-sos-routine","status":"publish","type":"product","link":"https:\/\/activeluxe-cosmetics.com\/hr\/proizvod\/hair-sos-routine\/","title":{"rendered":"HAIR SOS ROUTINE: tonik in \u0161ampon za rast kose"},"content":{"rendered":"<h2><strong><img loading=\"lazy\" decoding=\"async\" class=\" wp-image-100837 alignright\" src=\"https:\/\/cdn.activeluxe-cosmetics.com\/sl\/wp-content\/uploads\/2024\/10\/18141055\/sampon_in_tonik_za_rast_las_active_luxe-460x553.jpg\" alt=\"\u0160ampon in tonik za rast las Active Luxe\" width=\"315\" height=\"379\" \/><\/strong><\/h2>\n<h2 data-pm-slice=\"1 1 []\"><strong>Provjerena podr\u0161ka<\/strong> kojoj mo\u017ee\u0161 vjerovati<\/h2>\n<p data-pm-slice=\"1 1 []\"><strong>Hair SOS rutina<\/strong> objedinjuje <strong>dvije klini\u010dki testirane formule<\/strong> koje zajedno djeluju tamo gdje problemi s kosom zapo\u010dinju \u2013 na vlasi\u0161tu.<\/p>\n<p>Hair SOS rutina osmi\u0161ljena je za podr\u0161ku kosi u razdobljima <strong>pove\u0107anog stresa<\/strong>, <strong>sezonskog opadanja<\/strong>, <strong>hormonskih promjena<\/strong> te <strong>mehani\u010dkih o\u0161te\u0107enja<\/strong> (zategnuti repovi, \u010desto vezanje kose).<\/p>\n<ul>\n<li>Redovitom upotrebom poma\u017ee stvoriti uvjete za <strong>sna\u017eniju<\/strong>, <strong>gu\u0161\u0107u<\/strong> i <strong>zdraviju<\/strong> kosu.<\/li>\n<li>Prikladna je za \u017eene i mu\u0161karce koji \u017eele <strong>podr\u017eati vlasi\u0161te<\/strong> i <strong>zdrav izgled kose<\/strong> u razdobljima pove\u0107anog stresa.<\/li>\n<\/ul>\n<h3><\/h3>\n<h2><\/h2>\n<p>&nbsp;<\/p>\n<h2><img loading=\"lazy\" decoding=\"async\" class=\" wp-image-100833 alignleft\" src=\"https:\/\/cdn.activeluxe-cosmetics.com\/sl\/wp-content\/uploads\/2024\/10\/18140917\/sampon_za_rast_las_alc-460x575.png\" alt=\"\u0160ampon za rast las Active Luxe\" width=\"400\" height=\"500\" \/><\/h2>\n<h2><strong>Klini\u010dki potkrijepljeni <\/strong>rezultati<\/h2>\n<p class=\"product-title product_title entry-title\"><strong>Dokazani u\u010dinci \u0161ampona za aktivni rast i protiv ispadanja kose:<\/strong><\/p>\n<ul>\n<li data-start=\"99\" data-end=\"130\">poma\u017ee smanjiti opadanje kose<\/li>\n<li data-start=\"99\" data-end=\"130\">ja\u010da folikule dlake i strukturu vlasi<\/li>\n<li data-start=\"99\" data-end=\"130\">poti\u010de prokrvljenost vlasi\u0161ta i dovod hranjivih tvari do korijena<\/li>\n<li data-start=\"99\" data-end=\"130\">poma\u017ee usporiti slabljenje i starenje folikula dlake<\/li>\n<\/ul>\n<p data-start=\"301\" data-end=\"390\"><strong data-start=\"301\" data-end=\"390\">Redovitom upotrebom (2\u20133\u00d7 tjedno) kosa postaje sna\u017enija, otpornija i vidljivo punija.<\/strong><\/p>\n<p data-start=\"392\" data-end=\"478\" data-is-last-node=\"\" data-is-only-node=\"\"><strong data-start=\"392\" data-end=\"478\" data-is-last-node=\"\">Primjetno smanjenje opadanja kose mo\u017ee biti vidljivo ve\u0107 nakon 6 tjedana upotrebe.<\/strong><\/p>\n<p>&nbsp;<\/p>\n<p>&nbsp;<\/p>\n<p>&nbsp;<\/p>\n<p>&nbsp;<\/p>\n<p><em><b><img loading=\"lazy\" decoding=\"async\" class=\" wp-image-101000 alignright\" src=\"https:\/\/activeluxe-cosmetics.com\/hr\/wp-content\/uploads\/2026\/02\/tabela_hr-460x575.jpg\" alt=\"\" width=\"409\" height=\"511\" srcset=\"https:\/\/activeluxe-cosmetics.com\/hr\/wp-content\/uploads\/2026\/02\/tabela_hr-460x575.jpg 460w, https:\/\/activeluxe-cosmetics.com\/hr\/wp-content\/uploads\/2026\/02\/tabela_hr-819x1024.jpg 819w, https:\/\/activeluxe-cosmetics.com\/hr\/wp-content\/uploads\/2026\/02\/tabela_hr-768x960.jpg 768w, https:\/\/activeluxe-cosmetics.com\/hr\/wp-content\/uploads\/2026\/02\/tabela_hr-600x750.jpg 600w, https:\/\/activeluxe-cosmetics.com\/hr\/wp-content\/uploads\/2026\/02\/tabela_hr.jpg 1080w\" sizes=\"auto, (max-width: 409px) 100vw, 409px\" \/><\/b><\/em><\/p>\n<h2><strong>Trostruka snaga<\/strong> za vidljivo manje opadanja i gu\u0161\u0107u kosu<\/h2>\n<p class=\"product-title product_title entry-title\"><em><strong>Tonik za aktivni rast kose s trojnim djelovanjem<\/strong><\/em><\/p>\n<p>Tonik se nanosi izravno na vlasi\u0161te i omogu\u0107uje ciljano djelovanje aktivnih sastojaka.<\/p>\n<p data-start=\"47\" data-end=\"99\"><strong data-start=\"47\" data-end=\"99\">Klini\u010dki potvr\u0111eni rezultati aktivnih sastojaka:<\/strong><\/p>\n<ul>\n<li data-start=\"103\" data-end=\"132\">do 46 % manje opadanja kose<\/li>\n<li data-start=\"103\" data-end=\"132\">do 121 % ve\u0107a gusto\u0107a kose<\/li>\n<\/ul>\n<p data-start=\"47\" data-end=\"79\"><strong data-start=\"47\" data-end=\"79\">Trostruko djelovanje tonika:<\/strong><\/p>\n<ul>\n<li data-start=\"83\" data-end=\"120\">podr\u017eava prirodni ciklus rasta kose<\/li>\n<li data-start=\"83\" data-end=\"120\">ja\u010da kosu pri korijenu i smanjuje lomljenje<\/li>\n<li data-start=\"83\" data-end=\"120\">pobolj\u0161ava stanje vlasi\u0161ta te stvara optimalne uvjete za rast<\/li>\n<\/ul>\n<p>Formula je lagana, nemasna i pogodna za svakodnevnu upotrebu.<\/p>\n<h4><\/h4>\n<h4><\/h4>\n<p>&nbsp;<\/p>\n<p>&nbsp;<\/p>\n<h4 style=\"text-align: center;\"><strong>Navedeni rezultati temelje se na klini\u010dkim ispitivanjima aktivnih sastojaka kori\u0161tenih u proizvodima te na redovitoj i dosljednoj upotrebi \u0161ampona i tonika.<\/strong><\/h4>\n<p>&nbsp;<\/p>\n<h2><strong><img loading=\"lazy\" decoding=\"async\" class=\" wp-image-110191 alignleft\" src=\"https:\/\/cdn.activeluxe-cosmetics.com\/sl\/wp-content\/uploads\/2026\/02\/02133157\/Shampoo-Tonic_Iva_Active-Luxe-460x575.png\" alt=\"\" width=\"393\" height=\"491\" \/>Stvarna podr\u0161ka <\/strong>za stvarne probleme s kosom<strong><br \/>\n<\/strong><\/h2>\n<p>Hair SOS rutina nije brzo rje\u0161enje \u2013 ve\u0107 <strong>ciljana podr\u0161ka u razdobljima kada je kosa najoptere\u0107enija<\/strong>:<\/p>\n<ul>\n<li>nakon zime i u razdoblju sezonskog opadanja<\/li>\n<li>kod stresa i hormonskih promjena<\/li>\n<li>kod lomljenja kose zbog zategnutih frizura<\/li>\n<li>kod slabe, sporo rastu\u0107e kose<\/li>\n<\/ul>\n<p>Ovo nije obe\u0107anje \u010duda, ve\u0107 <strong>stru\u010dno osmi\u0161ljena rutina<\/strong> koja uz dosljednu upotrebu donosi vidljive rezultate.<\/p>\n<h2><\/h2>\n<h2><\/h2>\n<h2><\/h2>\n<p>&nbsp;<\/p>\n<p>&nbsp;<\/p>\n<p style=\"text-align: center;\"><strong>Tra\u017ei\u0161 najve\u0107u vrijednost?<\/strong> Dostupno je i ograni\u010deno izdanje s <strong>gratis serumom za trepavice<\/strong>! Provjeri <a href=\"https:\/\/activeluxe-cosmetics.com\/hr\/proizvod\/sampon-i-tonik-za-rast-kose-gratis-serum-za-rast-trepavica-40-dnevni-tretman\/\"><strong>OVDJE<\/strong><\/a>!<\/p>\n<p>&nbsp;<\/p>\n","protected":false},"excerpt":{"rendered":"<p>Set \u0161ampona i tonika za manje opadanja i gu\u0161\u0107u kosu \u2013 potpora vlasi\u0161tu kod stresa, sezonskog i hormonskog opadanja.<\/p>\n","protected":false},"featured_media":100995,"comment_status":"open","ping_status":"closed","template":"","meta":[],"product_brand":[],"product_cat":[53,42],"product_tag":[],"class_list":{"0":"post-100985","1":"product","2":"type-product","3":"status-publish","4":"has-post-thumbnail","6":"product_cat-kosa","7":"product_cat-muskarci","9":"first","10":"instock","11":"sale","12":"taxable","13":"shipping-taxable","14":"purchasable","15":"product-type-variable"},"bundled_by":[],"bundle_stock_status":"instock","bundle_stock_quantity":null,"bundle_virtual":false,"bundle_layout":"","bundle_add_to_cart_form_location":"","bundle_editable_in_cart":false,"bundle_sold_individually_context":"","bundle_item_grouping":"","bundle_min_size":"","bundle_max_size":"","bundled_items":[],"acf":[],"yoast_head":"<!-- This site is optimized with the Yoast SEO plugin v26.5 - https:\/\/yoast.com\/wordpress\/plugins\/seo\/ -->\n<title>Hair SOS Routine - Active Luxe Cosmetics<\/title>\n<meta name=\"description\" content=\"Hair SOS rutina za manje opadanja i gu\u0161\u0107u kosu. Klini\u010dki potkrijepljen \u0161ampon i tonik za potporu vlasi\u0161tu u razdobljima stresa i sezonskog opadanja.\" \/>\n<meta name=\"robots\" content=\"index, follow, max-snippet:-1, max-image-preview:large, max-video-preview:-1\" \/>\n<link rel=\"canonical\" href=\"https:\/\/activeluxe-cosmetics.com\/hr\/proizvod\/hair-sos-routine\/\" \/>\n<meta property=\"og:locale\" content=\"hr_HR\" \/>\n<meta property=\"og:type\" content=\"article\" \/>\n<meta property=\"og:title\" content=\"Hair SOS Routine - Active Luxe Cosmetics\" \/>\n<meta property=\"og:description\" content=\"Hair SOS rutina za manje opadanja i gu\u0161\u0107u kosu. Klini\u010dki potkrijepljen \u0161ampon i tonik za potporu vlasi\u0161tu u razdobljima stresa i sezonskog opadanja.\" \/>\n<meta property=\"og:url\" content=\"https:\/\/activeluxe-cosmetics.com\/hr\/proizvod\/hair-sos-routine\/\" \/>\n<meta property=\"og:site_name\" content=\"Active Luxe Cosmetics\" \/>\n<meta property=\"article:modified_time\" content=\"2026-02-18T08:15:58+00:00\" \/>\n<meta property=\"og:image\" content=\"https:\/\/activeluxe-cosmetics.com\/hr\/wp-content\/uploads\/2026\/02\/HR_BundleShampooTonic_Claim3.jpg\" \/>\n\t<meta property=\"og:image:width\" content=\"1104\" \/>\n\t<meta property=\"og:image:height\" content=\"1326\" \/>\n\t<meta property=\"og:image:type\" content=\"image\/jpeg\" \/>\n<meta name=\"twitter:card\" content=\"summary_large_image\" \/>\n<meta name=\"twitter:label1\" content=\"Procijenjeno vrijeme \u010ditanja\" \/>\n\t<meta name=\"twitter:data1\" content=\"3 minute\" \/>\n<script type=\"application\/ld+json\" class=\"yoast-schema-graph\">{\"@context\":\"https:\/\/schema.org\",\"@graph\":[{\"@type\":\"WebPage\",\"@id\":\"https:\/\/activeluxe-cosmetics.com\/hr\/proizvod\/hair-sos-routine\/\",\"url\":\"https:\/\/activeluxe-cosmetics.com\/hr\/proizvod\/hair-sos-routine\/\",\"name\":\"Hair SOS Routine - Active Luxe Cosmetics\",\"isPartOf\":{\"@id\":\"https:\/\/activeluxe-cosmetics.com\/hr\/#website\"},\"primaryImageOfPage\":{\"@id\":\"https:\/\/activeluxe-cosmetics.com\/hr\/proizvod\/hair-sos-routine\/#primaryimage\"},\"image\":{\"@id\":\"https:\/\/activeluxe-cosmetics.com\/hr\/proizvod\/hair-sos-routine\/#primaryimage\"},\"thumbnailUrl\":\"https:\/\/activeluxe-cosmetics.com\/hr\/wp-content\/uploads\/2026\/02\/HR_BundleShampooTonic_Claim3.jpg\",\"datePublished\":\"2026-02-02T14:52:14+00:00\",\"dateModified\":\"2026-02-18T08:15:58+00:00\",\"description\":\"Hair SOS rutina za manje opadanja i gu\u0161\u0107u kosu. Klini\u010dki potkrijepljen \u0161ampon i tonik za potporu vlasi\u0161tu u razdobljima stresa i sezonskog opadanja.\",\"breadcrumb\":{\"@id\":\"https:\/\/activeluxe-cosmetics.com\/hr\/proizvod\/hair-sos-routine\/#breadcrumb\"},\"inLanguage\":\"hr\",\"potentialAction\":[{\"@type\":\"ReadAction\",\"target\":[\"https:\/\/activeluxe-cosmetics.com\/hr\/proizvod\/hair-sos-routine\/\"]}]},{\"@type\":\"ImageObject\",\"inLanguage\":\"hr\",\"@id\":\"https:\/\/activeluxe-cosmetics.com\/hr\/proizvod\/hair-sos-routine\/#primaryimage\",\"url\":\"https:\/\/activeluxe-cosmetics.com\/hr\/wp-content\/uploads\/2026\/02\/HR_BundleShampooTonic_Claim3.jpg\",\"contentUrl\":\"https:\/\/activeluxe-cosmetics.com\/hr\/wp-content\/uploads\/2026\/02\/HR_BundleShampooTonic_Claim3.jpg\",\"width\":1104,\"height\":1326},{\"@type\":\"BreadcrumbList\",\"@id\":\"https:\/\/activeluxe-cosmetics.com\/hr\/proizvod\/hair-sos-routine\/#breadcrumb\",\"itemListElement\":[{\"@type\":\"ListItem\",\"position\":1,\"name\":\"Naslovnica\",\"item\":\"https:\/\/activeluxe-cosmetics.com\/hr\/\"},{\"@type\":\"ListItem\",\"position\":2,\"name\":\"Trgovina\",\"item\":\"https:\/\/activeluxe-cosmetics.com\/hr\/trgovina\/\"},{\"@type\":\"ListItem\",\"position\":3,\"name\":\"HAIR SOS ROUTINE: tonik in \u0161ampon za rast kose\"}]},{\"@type\":\"WebSite\",\"@id\":\"https:\/\/activeluxe-cosmetics.com\/hr\/#website\",\"url\":\"https:\/\/activeluxe-cosmetics.com\/hr\/\",\"name\":\"Active Luxe Cosmetics\",\"description\":\"\",\"potentialAction\":[{\"@type\":\"SearchAction\",\"target\":{\"@type\":\"EntryPoint\",\"urlTemplate\":\"https:\/\/activeluxe-cosmetics.com\/hr\/?s={search_term_string}\"},\"query-input\":{\"@type\":\"PropertyValueSpecification\",\"valueRequired\":true,\"valueName\":\"search_term_string\"}}],\"inLanguage\":\"hr\"}]}<\/script>\n<!-- \/ Yoast SEO plugin. -->","yoast_head_json":{"title":"Hair SOS Routine - Active Luxe Cosmetics","description":"Hair SOS rutina za manje opadanja i gu\u0161\u0107u kosu. Klini\u010dki potkrijepljen \u0161ampon i tonik za potporu vlasi\u0161tu u razdobljima stresa i sezonskog opadanja.","robots":{"index":"index","follow":"follow","max-snippet":"max-snippet:-1","max-image-preview":"max-image-preview:large","max-video-preview":"max-video-preview:-1"},"canonical":"https:\/\/activeluxe-cosmetics.com\/hr\/proizvod\/hair-sos-routine\/","og_locale":"hr_HR","og_type":"article","og_title":"Hair SOS Routine - Active Luxe Cosmetics","og_description":"Hair SOS rutina za manje opadanja i gu\u0161\u0107u kosu. Klini\u010dki potkrijepljen \u0161ampon i tonik za potporu vlasi\u0161tu u razdobljima stresa i sezonskog opadanja.","og_url":"https:\/\/activeluxe-cosmetics.com\/hr\/proizvod\/hair-sos-routine\/","og_site_name":"Active Luxe Cosmetics","article_modified_time":"2026-02-18T08:15:58+00:00","og_image":[{"width":1104,"height":1326,"url":"https:\/\/activeluxe-cosmetics.com\/hr\/wp-content\/uploads\/2026\/02\/HR_BundleShampooTonic_Claim3.jpg","type":"image\/jpeg"}],"twitter_card":"summary_large_image","twitter_misc":{"Procijenjeno vrijeme \u010ditanja":"3 minute"},"schema":{"@context":"https:\/\/schema.org","@graph":[{"@type":"WebPage","@id":"https:\/\/activeluxe-cosmetics.com\/hr\/proizvod\/hair-sos-routine\/","url":"https:\/\/activeluxe-cosmetics.com\/hr\/proizvod\/hair-sos-routine\/","name":"Hair SOS Routine - Active Luxe Cosmetics","isPartOf":{"@id":"https:\/\/activeluxe-cosmetics.com\/hr\/#website"},"primaryImageOfPage":{"@id":"https:\/\/activeluxe-cosmetics.com\/hr\/proizvod\/hair-sos-routine\/#primaryimage"},"image":{"@id":"https:\/\/activeluxe-cosmetics.com\/hr\/proizvod\/hair-sos-routine\/#primaryimage"},"thumbnailUrl":"https:\/\/activeluxe-cosmetics.com\/hr\/wp-content\/uploads\/2026\/02\/HR_BundleShampooTonic_Claim3.jpg","datePublished":"2026-02-02T14:52:14+00:00","dateModified":"2026-02-18T08:15:58+00:00","description":"Hair SOS rutina za manje opadanja i gu\u0161\u0107u kosu. Klini\u010dki potkrijepljen \u0161ampon i tonik za potporu vlasi\u0161tu u razdobljima stresa i sezonskog opadanja.","breadcrumb":{"@id":"https:\/\/activeluxe-cosmetics.com\/hr\/proizvod\/hair-sos-routine\/#breadcrumb"},"inLanguage":"hr","potentialAction":[{"@type":"ReadAction","target":["https:\/\/activeluxe-cosmetics.com\/hr\/proizvod\/hair-sos-routine\/"]}]},{"@type":"ImageObject","inLanguage":"hr","@id":"https:\/\/activeluxe-cosmetics.com\/hr\/proizvod\/hair-sos-routine\/#primaryimage","url":"https:\/\/activeluxe-cosmetics.com\/hr\/wp-content\/uploads\/2026\/02\/HR_BundleShampooTonic_Claim3.jpg","contentUrl":"https:\/\/activeluxe-cosmetics.com\/hr\/wp-content\/uploads\/2026\/02\/HR_BundleShampooTonic_Claim3.jpg","width":1104,"height":1326},{"@type":"BreadcrumbList","@id":"https:\/\/activeluxe-cosmetics.com\/hr\/proizvod\/hair-sos-routine\/#breadcrumb","itemListElement":[{"@type":"ListItem","position":1,"name":"Naslovnica","item":"https:\/\/activeluxe-cosmetics.com\/hr\/"},{"@type":"ListItem","position":2,"name":"Trgovina","item":"https:\/\/activeluxe-cosmetics.com\/hr\/trgovina\/"},{"@type":"ListItem","position":3,"name":"HAIR SOS ROUTINE: tonik in \u0161ampon za rast kose"}]},{"@type":"WebSite","@id":"https:\/\/activeluxe-cosmetics.com\/hr\/#website","url":"https:\/\/activeluxe-cosmetics.com\/hr\/","name":"Active Luxe Cosmetics","description":"","potentialAction":[{"@type":"SearchAction","target":{"@type":"EntryPoint","urlTemplate":"https:\/\/activeluxe-cosmetics.com\/hr\/?s={search_term_string}"},"query-input":{"@type":"PropertyValueSpecification","valueRequired":true,"valueName":"search_term_string"}}],"inLanguage":"hr"}]}},"_links":{"self":[{"href":"https:\/\/activeluxe-cosmetics.com\/hr\/wp-json\/wp\/v2\/product\/100985","targetHints":{"allow":["GET"]}}],"collection":[{"href":"https:\/\/activeluxe-cosmetics.com\/hr\/wp-json\/wp\/v2\/product"}],"about":[{"href":"https:\/\/activeluxe-cosmetics.com\/hr\/wp-json\/wp\/v2\/types\/product"}],"replies":[{"embeddable":true,"href":"https:\/\/activeluxe-cosmetics.com\/hr\/wp-json\/wp\/v2\/comments?post=100985"}],"wp:featuredmedia":[{"embeddable":true,"href":"https:\/\/activeluxe-cosmetics.com\/hr\/wp-json\/wp\/v2\/media\/100995"}],"wp:attachment":[{"href":"https:\/\/activeluxe-cosmetics.com\/hr\/wp-json\/wp\/v2\/media?parent=100985"}],"wp:term":[{"taxonomy":"product_brand","embeddable":true,"href":"https:\/\/activeluxe-cosmetics.com\/hr\/wp-json\/wp\/v2\/product_brand?post=100985"},{"taxonomy":"product_cat","embeddable":true,"href":"https:\/\/activeluxe-cosmetics.com\/hr\/wp-json\/wp\/v2\/product_cat?post=100985"},{"taxonomy":"product_tag","embeddable":true,"href":"https:\/\/activeluxe-cosmetics.com\/hr\/wp-json\/wp\/v2\/product_tag?post=100985"}],"curies":[{"name":"wp","href":"https:\/\/api.w.org\/{rel}","templated":true}]}}