{"id":82782,"date":"2024-04-09T07:13:02","date_gmt":"2024-04-09T07:13:02","guid":{"rendered":"https:\/\/activeluxe-cosmetics.com\/hr\/?page_id=82782"},"modified":"2024-04-10T08:18:30","modified_gmt":"2024-04-10T08:18:30","slug":"suradnje-sa-influencerji","status":"publish","type":"page","link":"https:\/\/activeluxe-cosmetics.com\/hr\/suradnje-sa-influencerji\/","title":{"rendered":"Suradnje sa influencerji"},"content":{"rendered":"\n\t<section class=\"section\" id=\"section_430366582\">\n\t\t<div class=\"bg section-bg fill bg-fill  bg-loaded\" >\n\n\t\t\t\n\t\t\t\n\t\t\t\n\n\t\t<\/div>\n\n\t\t\n\n\t\t<div class=\"section-content relative\">\n\t\t\t\n\n<div class=\"row align-center\"  id=\"row-2012514085\">\n\n\n\t<div id=\"col-1119873872\" class=\"col medium-6 small-12 large-6\"  >\n\t\t\t\t<div class=\"col-inner text-center\"  >\n\t\t\t\n\t\t\t\n\n\t<div class=\"img has-hover al-img-auto x md-x lg-x y md-y lg-y\" id=\"image_750703195\">\n\t\t\t\t\t\t\t\t<div class=\"img-inner dark\" >\n\t\t\t\t\t\t\t\t\t\n\t\t\t\t\t<\/div>\n\t\t\t\t\t\t\t\t\n<style>\n#image_750703195 {\n  width: 100%;\n}\n<\/style>\n\t<\/div>\n\t\n\n\t<div id=\"text-1021662562\" class=\"text al-p-48\">\n\t\t\n\n<h2>\u017deli\u0161 biti pro-aktivna?<strong> Javi nam se za suradnju!<\/strong><\/h2>\n\n\t\t\t<\/div>\n\t\n\n\t\t<\/div>\n\t\t\t\t\t<\/div>\n\n\t\n\n\n<style>\n#row-2012514085 > .col > .col-inner {\n  padding: 0px 0px 0px 0px;\n}\n@media (min-width:550px) {\n  #row-2012514085 > .col > .col-inner {\n    padding: 30px 0px 0px 0px;\n  }\n}\n<\/style>\n<\/div>\n\n\t\t<\/div>\n\n\t\t\n<style>\n#section_430366582 {\n  padding-top: 30px;\n  padding-bottom: 30px;\n}\n@media (min-width:550px) {\n  #section_430366582 {\n    padding-top: 50px;\n    padding-bottom: 50px;\n  }\n}\n<\/style>\n\t<\/section>\n\t\n\t<section class=\"section\" id=\"section_1595624968\">\n\t\t<div class=\"bg section-bg fill bg-fill  bg-loaded\" >\n\n\t\t\t\n\t\t\t\n\t\t\t\n\n\t\t<\/div>\n\n\t\t\n\n\t\t<div class=\"section-content relative\">\n\t\t\t\n\n<div class=\"row align-middle\"  id=\"row-1717302081\">\n\n\n\t<div id=\"col-1557790405\" class=\"col medium-6 small-12 large-6\"  >\n\t\t\t\t<div class=\"col-inner\"  >\n\t\t\t\n\t\t\t\n\n\t<div class=\"img has-hover x md-x lg-x y md-y lg-y\" id=\"image_2072616104\">\n\t\t\t\t\t\t\t\t<div class=\"img-inner dark\" >\n\t\t\t<img loading=\"lazy\" decoding=\"async\" width=\"610\" height=\"645\" src=\"https:\/\/activeluxe-cosmetics.com\/hr\/wp-content\/uploads\/2024\/04\/Group-563-1.jpg\" class=\"attachment-original size-original\" alt=\"\" srcset=\"https:\/\/activeluxe-cosmetics.com\/hr\/wp-content\/uploads\/2024\/04\/Group-563-1.jpg 610w, https:\/\/activeluxe-cosmetics.com\/hr\/wp-content\/uploads\/2024\/04\/Group-563-1-460x486.jpg 460w, https:\/\/activeluxe-cosmetics.com\/hr\/wp-content\/uploads\/2024\/04\/Group-563-1-600x634.jpg 600w\" sizes=\"auto, (max-width: 610px) 100vw, 610px\" \/>\t\t\t\t\t\t\n\t\t\t\t\t<\/div>\n\t\t\t\t\t\t\t\t\n<style>\n#image_2072616104 {\n  width: 100%;\n}\n<\/style>\n\t<\/div>\n\t\n\n\n\t\t<\/div>\n\t\t\t\t\t<\/div>\n\n\t\n\n\t<div id=\"col-1314216647\" class=\"col medium-6 small-12 large-6\"  >\n\t\t\t\t<div class=\"col-inner text-left\"  >\n\t\t\t\n\t\t\t\n\n\t<div id=\"text-3077481972\" class=\"text al-p-40\">\n\t\t\n\n<h3>Isprobaj <strong>vrhunske Active Luxe kozmeti\u010dke proizvode<\/strong> i u\u017eivaj u svojoj <strong>kreativnosti<\/strong>!<\/h3>\n\n\t\t\t<\/div>\n\t\n\t<div id=\"gap-1546128375\" class=\"gap-element clearfix\" style=\"display:block; height:auto;\">\n\t\t\n<style>\n#gap-1546128375 {\n  padding-top: 30px;\n}\n<\/style>\n\t<\/div>\n\t\n\n\t<div id=\"text-3831930013\" class=\"text al-p-18\">\n\t\t\n\n<p>\u2714\ufe0e  Obo\u017eava\u0161 prirodnu ljepotu i kozmetiku?<\/p>\n<p>\u00a0<\/p>\n<p>\u2714\ufe0e Rado stvara\u0161 zanimljiv sadr\u017eaj za dru\u0161tvene mre\u017ee?<\/p>\n<p>\u00a0<\/p>\n<p>\u2714\ufe0e \u017deli\u0161 isprobati odli\u010dne kozmeti\u010dke proizvode?<\/p>\n<p>\u00a0<\/p>\n<p><strong>Onda si ti ta koju tra\u017eimo! \ud83e\udd70<\/strong><\/p>\n\n\t\t\t<\/div>\n\t\n\n\t\t<\/div>\n\t\t\t\t\n<style>\n#col-1314216647 > .col-inner {\n  padding: 0px 0px 0px 0px;\n}\n@media (min-width:550px) {\n  #col-1314216647 > .col-inner {\n    padding: 0px 30px 0px 30px;\n  }\n}\n<\/style>\n\t<\/div>\n\n\t\n\n<\/div>\n\t<div id=\"gap-359749597\" class=\"gap-element clearfix\" style=\"display:block; height:auto;\">\n\t\t\n<style>\n#gap-359749597 {\n  padding-top: 30px;\n}\n@media (min-width:550px) {\n  #gap-359749597 {\n    padding-top: 60px;\n  }\n}\n<\/style>\n\t<\/div>\n\t\n\n<div class=\"row align-middle\"  id=\"row-508554740\">\n\n\n\t<div id=\"col-1070269293\" class=\"col medium-6 small-12 large-6\"  >\n\t\t\t\t<div class=\"col-inner text-left\"  >\n\t\t\t\n\t\t\t\n\n\t<div id=\"text-2582139684\" class=\"text al-p-40\">\n\t\t\n\n<h3><strong>Postani dio<\/strong> na\u0161e <strong>Active Luxe Cosmetics zajednice<\/strong><\/h3>\n\n\t\t\t<\/div>\n\t\n\t<div id=\"gap-696955704\" class=\"gap-element clearfix\" style=\"display:block; height:auto;\">\n\t\t\n<style>\n#gap-696955704 {\n  padding-top: 30px;\n}\n<\/style>\n\t<\/div>\n\t\n\n\t<div id=\"text-3826384891\" class=\"text al-p-18\">\n\t\t\n\n<p>Naglasi svoju prirodnu ljepotu s na\u0161im premium Active Luxe proizvodima, isprobaj ih i sve skupa dokumentiraj u simpati\u010dne videe i fotografije!<\/p>\n<p>\u00a0<\/p>\n<p>Prijavi se na sljede\u0107i na\u010din:<\/p>\n<p>\u00a0<\/p>\n<p>\u2714\ufe0e  po\u0161alji nam ukratko o sebi,<\/p>\n<p>\u2714\ufe0e ukratko o svojim profilima na dru\u0161tvenim mre\u017eama,<\/p>\n<p>\u2714\ufe0e te doda\u0161 poveznice na njih.<\/p>\n\n\t\t\t<\/div>\n\t\n\n\t\t<\/div>\n\t\t\t\t\n<style>\n#col-1070269293 > .col-inner {\n  padding: 0px 0px 0px 0px;\n}\n@media (min-width:550px) {\n  #col-1070269293 > .col-inner {\n    padding: 0px 60px 0px 0px;\n  }\n}\n<\/style>\n\t<\/div>\n\n\t\n\n\t<div id=\"col-815923935\" class=\"col medium-6 small-12 large-6 small-col-first\"  >\n\t\t\t\t<div class=\"col-inner\"  >\n\t\t\t\n\t\t\t\n\n\t<div class=\"img has-hover x md-x lg-x y md-y lg-y\" id=\"image_939120344\">\n\t\t\t\t\t\t\t\t<div class=\"img-inner dark\" >\n\t\t\t<img loading=\"lazy\" decoding=\"async\" width=\"610\" height=\"646\" src=\"https:\/\/activeluxe-cosmetics.com\/hr\/wp-content\/uploads\/2024\/04\/Group-565-1.jpg\" class=\"attachment-original size-original\" alt=\"\" srcset=\"https:\/\/activeluxe-cosmetics.com\/hr\/wp-content\/uploads\/2024\/04\/Group-565-1.jpg 610w, https:\/\/activeluxe-cosmetics.com\/hr\/wp-content\/uploads\/2024\/04\/Group-565-1-460x487.jpg 460w, https:\/\/activeluxe-cosmetics.com\/hr\/wp-content\/uploads\/2024\/04\/Group-565-1-600x635.jpg 600w\" sizes=\"auto, (max-width: 610px) 100vw, 610px\" \/>\t\t\t\t\t\t\n\t\t\t\t\t<\/div>\n\t\t\t\t\t\t\t\t\n<style>\n#image_939120344 {\n  width: 100%;\n}\n<\/style>\n\t<\/div>\n\t\n\n\n\t\t<\/div>\n\t\t\t\t\t<\/div>\n\n\t\n\n<\/div>\n\n\t\t<\/div>\n\n\t\t\n<style>\n#section_1595624968 {\n  padding-top: 0px;\n  padding-bottom: 0px;\n}\n@media (min-width:550px) {\n  #section_1595624968 {\n    padding-top: 30px;\n    padding-bottom: 30px;\n  }\n}\n<\/style>\n\t<\/section>\n\t\n\t<div id=\"gap-144383879\" class=\"gap-element clearfix\" style=\"display:block; height:auto;\">\n\t\t\n<style>\n#gap-144383879 {\n  padding-top: 40px;\n}\n<\/style>\n\t<\/div>\n\t\n\n\t<section class=\"section\" id=\"section_869870109\">\n\t\t<div class=\"bg section-bg fill bg-fill  \" >\n\n\t\t\t\n\t\t\t\n\t\t\t\n\n\t\t<\/div>\n\n\t\t\n\n\t\t<div class=\"section-content relative\">\n\t\t\t\n\n<div class=\"row align-center\"  id=\"row-1359488815\">\n\n\n\t<div id=\"col-699950028\" class=\"col medium-11 small-12 large-11\"  >\n\t\t\t\t<div class=\"col-inner text-center\"  >\n\t\t\t\n\t\t\t\n\n\t<div id=\"text-768386784\" class=\"text al-p-40\">\n\t\t\n\n<h3><strong>Gdje nam mo\u017ee\u0161 pisati?<\/strong><\/h3>\n\n\t\t\t<\/div>\n\t\n\t<div id=\"gap-1242520190\" class=\"gap-element clearfix\" style=\"display:block; height:auto;\">\n\t\t\n<style>\n#gap-1242520190 {\n  padding-top: 30px;\n}\n<\/style>\n\t<\/div>\n\t\n\n\t<div id=\"text-4139709886\" class=\"text al-p-20\">\n\t\t\n\n<p>Pi\u0161i nam na mail <a href=\"mailto:collabhr@activeluxe-cosmetics.com\"><em><strong>collabhr@activeluxe-cosmetics.com<\/strong><\/em><\/a>\u00a0<\/p>\n<p>Kako bismo se dogovorili oko potencijalne suradnje i odgovorili na sva eventualna pitanja. \ud83d\ude42<\/p>\n\n\t\t\t<\/div>\n\t\n\n\t\t<\/div>\n\t\t\t\t\n<style>\n#col-699950028 > .col-inner {\n  padding: 0px 0px 0px 0px;\n}\n@media (min-width:550px) {\n  #col-699950028 > .col-inner {\n    padding: 50px 0px 50px 0px;\n  }\n}\n<\/style>\n\t<\/div>\n\n\t\n\n<\/div>\n\n\t\t<\/div>\n\n\t\t\n<style>\n#section_869870109 {\n  padding-top: 30px;\n  padding-bottom: 30px;\n}\n#section_869870109 .section-bg.bg-loaded {\n  background-image: url(https:\/\/activeluxe-cosmetics.com\/hr\/wp-content\/uploads\/2024\/04\/Mask-group-15.jpg);\n}\n#section_869870109 .section-bg {\n  background-position: top;\n}\n<\/style>\n\t<\/section>\n\t\n\t<section class=\"section\" id=\"section_96462891\">\n\t\t<div class=\"bg section-bg fill bg-fill  bg-loaded\" >\n\n\t\t\t\n\t\t\t\n\t\t\t\n\n\t\t<\/div>\n\n\t\t\n\n\t\t<div class=\"section-content relative\">\n\t\t\t\n\n<div class=\"row\"  id=\"row-1933211408\">\n\n\n\t<div id=\"col-813709438\" class=\"col small-12 large-12\"  >\n\t\t\t\t<div class=\"col-inner text-center\"  >\n\t\t\t\n\t\t\t\n\n\t<div id=\"text-43188858\" class=\"text al-p-22\">\n\t\t\n\n<p>Veselimo se suradnji s tobom!\u00a0<\/p>\n\n\t\t\t<\/div>\n\t\n\n\t\t<\/div>\n\t\t\t\t\t<\/div>\n\n\t\n\n<\/div>\n\n\t\t<\/div>\n\n\t\t\n<style>\n#section_96462891 {\n  padding-top: 30px;\n  padding-bottom: 30px;\n}\n@media (min-width:550px) {\n  #section_96462891 {\n    padding-top: 50px;\n    padding-bottom: 50px;\n  }\n}\n<\/style>\n\t<\/section>\n\t\n\n","protected":false},"excerpt":{"rendered":"","protected":false},"author":6,"featured_media":0,"parent":0,"menu_order":0,"comment_status":"closed","ping_status":"closed","template":"","meta":{"footnotes":""},"class_list":["post-82782","page","type-page","status-publish","hentry"],"acf":[],"yoast_head":"<!-- This site is optimized with the Yoast SEO plugin v26.5 - https:\/\/yoast.com\/wordpress\/plugins\/seo\/ -->\n<title>Suradnje sa influencerji - Active Luxe Cosmetics<\/title>\n<meta name=\"robots\" content=\"index, follow, max-snippet:-1, max-image-preview:large, max-video-preview:-1\" \/>\n<link rel=\"canonical\" href=\"https:\/\/activeluxe-cosmetics.com\/hr\/suradnje-sa-influencerji\/\" \/>\n<meta property=\"og:locale\" content=\"hr_HR\" \/>\n<meta property=\"og:type\" content=\"article\" \/>\n<meta property=\"og:title\" content=\"Suradnje sa influencerji - Active Luxe Cosmetics\" \/>\n<meta property=\"og:url\" content=\"https:\/\/activeluxe-cosmetics.com\/hr\/suradnje-sa-influencerji\/\" \/>\n<meta property=\"og:site_name\" content=\"Active Luxe Cosmetics\" \/>\n<meta property=\"article:modified_time\" content=\"2024-04-10T08:18:30+00:00\" \/>\n<meta name=\"twitter:card\" content=\"summary_large_image\" \/>\n<script type=\"application\/ld+json\" class=\"yoast-schema-graph\">{\"@context\":\"https:\/\/schema.org\",\"@graph\":[{\"@type\":\"WebPage\",\"@id\":\"https:\/\/activeluxe-cosmetics.com\/hr\/suradnje-sa-influencerji\/\",\"url\":\"https:\/\/activeluxe-cosmetics.com\/hr\/suradnje-sa-influencerji\/\",\"name\":\"Suradnje sa influencerji - Active Luxe Cosmetics\",\"isPartOf\":{\"@id\":\"https:\/\/activeluxe-cosmetics.com\/hr\/#website\"},\"datePublished\":\"2024-04-09T07:13:02+00:00\",\"dateModified\":\"2024-04-10T08:18:30+00:00\",\"breadcrumb\":{\"@id\":\"https:\/\/activeluxe-cosmetics.com\/hr\/suradnje-sa-influencerji\/#breadcrumb\"},\"inLanguage\":\"hr\",\"potentialAction\":[{\"@type\":\"ReadAction\",\"target\":[\"https:\/\/activeluxe-cosmetics.com\/hr\/suradnje-sa-influencerji\/\"]}]},{\"@type\":\"BreadcrumbList\",\"@id\":\"https:\/\/activeluxe-cosmetics.com\/hr\/suradnje-sa-influencerji\/#breadcrumb\",\"itemListElement\":[{\"@type\":\"ListItem\",\"position\":1,\"name\":\"Naslovnica\",\"item\":\"https:\/\/activeluxe-cosmetics.com\/hr\/\"},{\"@type\":\"ListItem\",\"position\":2,\"name\":\"Suradnje sa influencerji\"}]},{\"@type\":\"WebSite\",\"@id\":\"https:\/\/activeluxe-cosmetics.com\/hr\/#website\",\"url\":\"https:\/\/activeluxe-cosmetics.com\/hr\/\",\"name\":\"Active Luxe Cosmetics\",\"description\":\"\",\"potentialAction\":[{\"@type\":\"SearchAction\",\"target\":{\"@type\":\"EntryPoint\",\"urlTemplate\":\"https:\/\/activeluxe-cosmetics.com\/hr\/?s={search_term_string}\"},\"query-input\":{\"@type\":\"PropertyValueSpecification\",\"valueRequired\":true,\"valueName\":\"search_term_string\"}}],\"inLanguage\":\"hr\"}]}<\/script>\n<!-- \/ Yoast SEO plugin. -->","yoast_head_json":{"title":"Suradnje sa influencerji - Active Luxe Cosmetics","robots":{"index":"index","follow":"follow","max-snippet":"max-snippet:-1","max-image-preview":"max-image-preview:large","max-video-preview":"max-video-preview:-1"},"canonical":"https:\/\/activeluxe-cosmetics.com\/hr\/suradnje-sa-influencerji\/","og_locale":"hr_HR","og_type":"article","og_title":"Suradnje sa influencerji - Active Luxe Cosmetics","og_url":"https:\/\/activeluxe-cosmetics.com\/hr\/suradnje-sa-influencerji\/","og_site_name":"Active Luxe Cosmetics","article_modified_time":"2024-04-10T08:18:30+00:00","twitter_card":"summary_large_image","schema":{"@context":"https:\/\/schema.org","@graph":[{"@type":"WebPage","@id":"https:\/\/activeluxe-cosmetics.com\/hr\/suradnje-sa-influencerji\/","url":"https:\/\/activeluxe-cosmetics.com\/hr\/suradnje-sa-influencerji\/","name":"Suradnje sa influencerji - Active Luxe Cosmetics","isPartOf":{"@id":"https:\/\/activeluxe-cosmetics.com\/hr\/#website"},"datePublished":"2024-04-09T07:13:02+00:00","dateModified":"2024-04-10T08:18:30+00:00","breadcrumb":{"@id":"https:\/\/activeluxe-cosmetics.com\/hr\/suradnje-sa-influencerji\/#breadcrumb"},"inLanguage":"hr","potentialAction":[{"@type":"ReadAction","target":["https:\/\/activeluxe-cosmetics.com\/hr\/suradnje-sa-influencerji\/"]}]},{"@type":"BreadcrumbList","@id":"https:\/\/activeluxe-cosmetics.com\/hr\/suradnje-sa-influencerji\/#breadcrumb","itemListElement":[{"@type":"ListItem","position":1,"name":"Naslovnica","item":"https:\/\/activeluxe-cosmetics.com\/hr\/"},{"@type":"ListItem","position":2,"name":"Suradnje sa influencerji"}]},{"@type":"WebSite","@id":"https:\/\/activeluxe-cosmetics.com\/hr\/#website","url":"https:\/\/activeluxe-cosmetics.com\/hr\/","name":"Active Luxe Cosmetics","description":"","potentialAction":[{"@type":"SearchAction","target":{"@type":"EntryPoint","urlTemplate":"https:\/\/activeluxe-cosmetics.com\/hr\/?s={search_term_string}"},"query-input":{"@type":"PropertyValueSpecification","valueRequired":true,"valueName":"search_term_string"}}],"inLanguage":"hr"}]}},"_links":{"self":[{"href":"https:\/\/activeluxe-cosmetics.com\/hr\/wp-json\/wp\/v2\/pages\/82782","targetHints":{"allow":["GET"]}}],"collection":[{"href":"https:\/\/activeluxe-cosmetics.com\/hr\/wp-json\/wp\/v2\/pages"}],"about":[{"href":"https:\/\/activeluxe-cosmetics.com\/hr\/wp-json\/wp\/v2\/types\/page"}],"author":[{"embeddable":true,"href":"https:\/\/activeluxe-cosmetics.com\/hr\/wp-json\/wp\/v2\/users\/6"}],"replies":[{"embeddable":true,"href":"https:\/\/activeluxe-cosmetics.com\/hr\/wp-json\/wp\/v2\/comments?post=82782"}],"version-history":[{"count":4,"href":"https:\/\/activeluxe-cosmetics.com\/hr\/wp-json\/wp\/v2\/pages\/82782\/revisions"}],"predecessor-version":[{"id":82814,"href":"https:\/\/activeluxe-cosmetics.com\/hr\/wp-json\/wp\/v2\/pages\/82782\/revisions\/82814"}],"wp:attachment":[{"href":"https:\/\/activeluxe-cosmetics.com\/hr\/wp-json\/wp\/v2\/media?parent=82782"}],"curies":[{"name":"wp","href":"https:\/\/api.w.org\/{rel}","templated":true}]}}