{"id":80944,"date":"2024-01-29T12:45:08","date_gmt":"2024-01-29T12:45:08","guid":{"rendered":"https:\/\/activeluxe-cosmetics.com\/hr\/?page_id=80944"},"modified":"2025-10-16T10:27:10","modified_gmt":"2025-10-16T10:27:10","slug":"prodajna-mjesta","status":"publish","type":"page","link":"https:\/\/activeluxe-cosmetics.com\/hr\/prodajna-mjesta\/","title":{"rendered":"Prodajna mjesta"},"content":{"rendered":"\n\t<section class=\"section al-page-title-section\" id=\"section_107097805\">\n\t\t<div class=\"bg section-bg fill bg-fill  bg-loaded\" >\n\n\t\t\t\n\t\t\t\n\t\t\t\n\n\t\t<\/div>\n\n\t\t\n\n\t\t<div class=\"section-content relative\">\n\t\t\t\n\n<div class=\"row\"  id=\"row-2052651856\">\n\n\n\t<div id=\"col-1300958680\" class=\"col small-12 large-12\"  >\n\t\t\t\t<div class=\"col-inner\"  >\n\t\t\t\n\t\t\t\n\n\t<div id=\"text-751047079\" class=\"text al-p-48\">\n\t\t\n\n<h2>Prodajna mjesta<\/h2>\n\t\t\n<style>\n#text-751047079 {\n  text-align: center;\n}\n<\/style>\n\t<\/div>\n\t\n\n\t\t<\/div>\n\t\t\t\t\t<\/div>\n\n\t\n\n<\/div>\n\n\t\t<\/div>\n\n\t\t\n<style>\n#section_107097805 {\n  padding-top: 50px;\n  padding-bottom: 50px;\n}\n<\/style>\n\t<\/section>\n\t\n\t<section class=\"section\" id=\"section_841995306\">\n\t\t<div class=\"bg section-bg fill bg-fill  bg-loaded\" >\n\n\t\t\t\n\t\t\t\n\t\t\t\n\n\t\t<\/div>\n\n\t\t\n\n\t\t<div class=\"section-content relative\">\n\t\t\t\n\n<div class=\"row\"  id=\"row-28258734\">\n\n\n\t<div id=\"col-1453884221\" class=\"col small-12 large-12\"  >\n\t\t\t\t<div class=\"col-inner\"  >\n\t\t\t\n\t\t\t\n\n\t<div id=\"text-2873918645\" class=\"text al-p-16\">\n\t\t\n\n<table>\n<tbody>\n<tr>\n<td><strong>ZAGREB<\/strong><\/td>\n<\/tr>\n<tr>\n<td>ZU LJEKARNA \u0160IMAC TEREK,\u00a0\u00a0Nova\u00a0Cesta 120<\/td>\n<\/tr>\n<tr>\n<td>FARMACIA-SPEC.PRODAVAONICA D.O.O.,\u00a0Ulica Vice Vukova 6<\/td>\n<\/tr>\n<tr>\n<td>GRADSKA LJEKARNA ZAGREB,\u00a0Ilica 43<\/td>\n<\/tr>\n<tr>\n<td>ZU FARMACIA,\u00a0Juri\u0161i\u0107eva 3<\/td>\n<\/tr>\n<tr>\n<td>MANDIS PHARM PLUS D.O.O.,\u00a0Jankomir 33<\/td>\n<\/tr>\n<tr>\n<td>ZU FARMACIA,\u00a0Ilica 11<\/td>\n<\/tr>\n<tr>\n<td>ZU FARMACIA,\u00a0Av. Dubrovnik 16<\/td>\n<\/tr>\n<tr>\n<td>FARMACIA-SPEC.PRODAVAONICA D.O.O.,\u00a0Paromlinska 2A<\/td>\n<\/tr>\n<tr>\n<td>FARMACIA-SPEC.PRODAVAONICA D.O.O.,\u00a0Ulica Julija Knifera 1<\/td>\n<\/tr>\n<tr>\n<td>ZU DVOR\u017dAK,\u00a0Slavenskog 6<\/td>\n<\/tr>\n<tr>\n<td>ZU FARMACIA,\u00a0\u0160korpikova BB, King Cross Centar<\/td>\n<\/tr>\n<tr>\n<td>ZU LJEKARNE ANDRI\u0106,\u00a0Dora Pfanova 5<\/td>\n<\/tr>\n<tr>\n<td>ZU DVOR\u017dAK,\u00a0Selska cesta 153<\/td>\n<\/tr>\n<tr>\n<td>ZU CIGLENE\u010cKI,\u00a0Rude\u0161ka 246<\/td>\n<\/tr>\n<tr>\n<td>ZU FARMACIA, Rudolfa Kolaka 14,\u00a0Garden Mall<\/td>\n<\/tr>\n<tr>\n<td>ZU LJEKARNE JOUKHADAR,\u00a0IB Ma\u017eurani\u0107 20<\/td>\n<\/tr>\n<tr>\n<td>ZU FARMACIA,\u00a0Ilica 11<\/td>\n<\/tr>\n<tr>\n<td>FARMACIA-SPEC.PRODAVAONICA D.O.O.,\u00a0Vrbani III, Shopping centar Point<\/td>\n<\/tr>\n<tr>\n<td>PRIMA PHARMA,\u00a0Ki\u0161pati\u0107eva 12<\/td>\n<\/tr>\n<tr>\n<td>ZU FARMACIA,\u00a0Horva\u0107anska 53<\/td>\n<\/tr>\n<tr>\n<td>ZU PABLO,\u00a0Pod Zidom 10<\/td>\n<\/tr>\n<tr>\n<td>ZU PABLO<strong>,\u00a0<\/strong>\u0160arengradska 1<\/td>\n<\/tr>\n<tr>\n<td>ZU LJEKARNE \u0106URKOVI\u0106,\u00a0Ulica Karla Metiko\u0161a 3<\/td>\n<\/tr>\n<tr>\n<td>FARMACIA-SPEC.PRODAVAONICA D.O.O.,\u00a0Ulica Grada Lipika 15, Centar Lumini<\/td>\n<\/tr>\n<tr>\n<td>LJEKARNA MARU\u0160I\u0106 FOJS MARINA,\u00a0Maksimirsko naselje IV, broj 21<\/td>\n<\/tr>\n<tr>\n<td>ZU ABEL&amp;,\u00a0Marti\u0107eva 60<\/td>\n<\/tr>\n<tr>\n<td><strong>SPLIT<\/strong><\/td>\n<\/tr>\n<tr>\n<td>FARMACIA-SPEC.PRODAVAONICA D.O.O.,\u00a0Vukovarska 207<\/td>\n<\/tr>\n<tr>\n<td>FARMACIA-SPEC.PRODAVAONICA D.O.O.,\u00a0Polji\u010dka cesta 31 A<\/td>\n<\/tr>\n<tr>\n<td><strong>VARA\u017dDIN<\/strong><\/td>\n<\/tr>\n<tr>\n<td>FARMACIA-SPEC.PRODAVAONICA D.O.O.,\u00a0Optujska\u00a0bb, Centar Supernova<\/td>\n<\/tr>\n<tr>\n<td><strong>ZADAR<\/strong><\/td>\n<\/tr>\n<tr>\n<td>ZU VAL\u010cI\u0106,\u00a0Matije Gupca 2A<\/td>\n<\/tr>\n<tr>\n<td>FARMACIA-SPEC.PRODAVAONICA D.O.O.,\u00a0Murvi\u010dka 1<\/td>\n<\/tr>\n<tr>\n<td>FARMACIA-SPEC.PRODAVAONICA D.O.O.,\u00a0Ulica Akcije Maslenica 1<\/td>\n<\/tr>\n<tr>\n<td>ZU LJEKARNE KRI\u0160TO,\u00a0Bo\u017ee Peri\u010di\u0107a 10<\/td>\n<\/tr>\n<tr>\n<td>FARMACIA-SPEC.PRODAVAONICA D.O.O.,\u00a0Bleibur\u0161kih \u017ertava 18, Interspar<\/td>\n<\/tr>\n<tr>\n<td><strong>RIJEKA<\/strong><\/td>\n<\/tr>\n<tr>\n<td>FARMACIA-SPEC.PRODAVAONICA D.O.O.,\u00a0Zvonimirova 3<\/td>\n<\/tr>\n<tr>\n<td><strong>DONJA BISTRA<\/strong><\/td>\n<\/tr>\n<tr>\n<td>ZU FARMACIA, Zapre\u0161i\u0107ka 2,\u00a0Jablanovec<\/td>\n<\/tr>\n<tr>\n<td><strong>GLINA<\/strong><\/td>\n<\/tr>\n<tr>\n<td>ZU FARMACIA,\u00a0Bra\u0107e Radi\u0107a 1<\/td>\n<\/tr>\n<tr>\n<td><strong>KA\u0160TEL LUK\u0160I\u0106<\/strong><\/td>\n<\/tr>\n<tr>\n<td>ZU PABLO,\u00a0Obala Kralja Tomislava bb<\/td>\n<\/tr>\n<tr>\n<td><strong>SEGET DONJI<\/strong><\/td>\n<\/tr>\n<tr>\n<td>ZU KA\u0160TEL FARM,\u00a0Ulica hrvatskih \u017ertava 56a<\/td>\n<\/tr>\n<tr>\n<td><strong>LI\u017dNJAN<\/strong><\/td>\n<\/tr>\n<tr>\n<td>LJEKARNA DAJKOVI\u0106,\u00a0Ribarska ulica 22<\/td>\n<\/tr>\n<tr>\n<td><strong>GARE\u0160NICA<\/strong><\/td>\n<\/tr>\n<tr>\n<td>LJEKARNA PRETULA MICHAELA,\u00a0Brestova\u010dka bb, Gare\u0161ni\u010dki Brestovac<\/td>\n<\/tr>\n<tr>\n<td><strong>KARLOVAC<\/strong><\/td>\n<\/tr>\n<tr>\n<td>LJEKARNA KARLOVAC,\u00a0Kralja Tomislava 19<\/td>\n<\/tr>\n<tr>\n<td><strong>BJELOVAR<\/strong><\/td>\n<\/tr>\n<tr>\n<td>ZU CONER,\u00a0Prilaz Andrije Hebranga 8\/A<\/td>\n<\/tr>\n<tr>\n<td><strong>SVETI \u0110UR\u0110<\/strong><\/td>\n<\/tr>\n<tr>\n<td>ZU PETEK,\u00a0Bra\u0107e Radi\u0107a 1<\/td>\n<\/tr>\n<tr>\n<td><strong>GOSPI\u0106<\/strong><\/td>\n<\/tr>\n<tr>\n<td>ZU PABLO,\u00a0Ante Star\u010devi\u0107a 16<\/td>\n<\/tr>\n<tr>\n<td><strong>SAMOBOR<\/strong><\/td>\n<\/tr>\n<tr>\n<td>ZU FARMACIA,\u00a0Ljudevita Gaja 35<\/td>\n<\/tr>\n<tr>\n<td><strong>ZABOK<\/strong><\/td>\n<\/tr>\n<tr>\n<td>ZU LJEKARNE \u0160VALJEK,\u00a0Ulica Josipa Broza Tita 2A<\/td>\n<\/tr>\n<tr>\n<td><strong>RAB<\/strong><\/td>\n<\/tr>\n<tr>\n<td>LJEKARNA NA\u010cETA,\u00a0Srednja ulica 19<\/td>\n<\/tr>\n<tr>\n<td><strong>LUKA<\/strong><\/td>\n<\/tr>\n<tr>\n<td>ZU PETRINEC, Lu\u010dka cesta 39<\/td>\n<\/tr>\n<tr>\n<td><strong>VINKOVCI<\/strong><\/td>\n<\/tr>\n<tr>\n<td>LJEKARNE \u0160IBALI\u0106,\u00a0V. Gortana 11<\/td>\n<\/tr>\n<tr>\n<td><strong>SAMOBOR<\/strong><\/td>\n<\/tr>\n<tr>\n<td>ZU FARMACIA, Ljudevita Gaja 35<\/td>\n<\/tr>\n<\/tbody>\n<\/table>\n\n\t\t\t<\/div>\n\t\n\n\t\t<\/div>\n\t\t\t\t\t<\/div>\n\n\t\n\n<\/div>\n\n\t\t<\/div>\n\n\t\t\n<style>\n#section_841995306 {\n  padding-top: 30px;\n  padding-bottom: 30px;\n}\n<\/style>\n\t<\/section>\n\t\n\n","protected":false},"excerpt":{"rendered":"","protected":false},"author":6,"featured_media":0,"parent":0,"menu_order":0,"comment_status":"closed","ping_status":"closed","template":"","meta":{"footnotes":""},"class_list":["post-80944","page","type-page","status-publish","hentry"],"acf":[],"yoast_head":"<!-- This site is optimized with the Yoast SEO plugin v26.5 - https:\/\/yoast.com\/wordpress\/plugins\/seo\/ -->\n<title>Prodajna mjesta - Active Luxe Cosmetics<\/title>\n<meta name=\"robots\" content=\"index, follow, max-snippet:-1, max-image-preview:large, max-video-preview:-1\" \/>\n<link rel=\"canonical\" href=\"https:\/\/activeluxe-cosmetics.com\/hr\/prodajna-mjesta\/\" \/>\n<meta property=\"og:locale\" content=\"hr_HR\" \/>\n<meta property=\"og:type\" content=\"article\" \/>\n<meta property=\"og:title\" content=\"Prodajna mjesta - Active Luxe Cosmetics\" \/>\n<meta property=\"og:url\" content=\"https:\/\/activeluxe-cosmetics.com\/hr\/prodajna-mjesta\/\" \/>\n<meta property=\"og:site_name\" content=\"Active Luxe Cosmetics\" \/>\n<meta property=\"article:modified_time\" content=\"2025-10-16T10:27:10+00:00\" \/>\n<meta name=\"twitter:card\" content=\"summary_large_image\" \/>\n<script type=\"application\/ld+json\" class=\"yoast-schema-graph\">{\"@context\":\"https:\/\/schema.org\",\"@graph\":[{\"@type\":\"WebPage\",\"@id\":\"https:\/\/activeluxe-cosmetics.com\/hr\/prodajna-mjesta\/\",\"url\":\"https:\/\/activeluxe-cosmetics.com\/hr\/prodajna-mjesta\/\",\"name\":\"Prodajna mjesta - Active Luxe Cosmetics\",\"isPartOf\":{\"@id\":\"https:\/\/activeluxe-cosmetics.com\/hr\/#website\"},\"datePublished\":\"2024-01-29T12:45:08+00:00\",\"dateModified\":\"2025-10-16T10:27:10+00:00\",\"breadcrumb\":{\"@id\":\"https:\/\/activeluxe-cosmetics.com\/hr\/prodajna-mjesta\/#breadcrumb\"},\"inLanguage\":\"hr\",\"potentialAction\":[{\"@type\":\"ReadAction\",\"target\":[\"https:\/\/activeluxe-cosmetics.com\/hr\/prodajna-mjesta\/\"]}]},{\"@type\":\"BreadcrumbList\",\"@id\":\"https:\/\/activeluxe-cosmetics.com\/hr\/prodajna-mjesta\/#breadcrumb\",\"itemListElement\":[{\"@type\":\"ListItem\",\"position\":1,\"name\":\"Naslovnica\",\"item\":\"https:\/\/activeluxe-cosmetics.com\/hr\/\"},{\"@type\":\"ListItem\",\"position\":2,\"name\":\"Prodajna mjesta\"}]},{\"@type\":\"WebSite\",\"@id\":\"https:\/\/activeluxe-cosmetics.com\/hr\/#website\",\"url\":\"https:\/\/activeluxe-cosmetics.com\/hr\/\",\"name\":\"Active Luxe Cosmetics\",\"description\":\"\",\"potentialAction\":[{\"@type\":\"SearchAction\",\"target\":{\"@type\":\"EntryPoint\",\"urlTemplate\":\"https:\/\/activeluxe-cosmetics.com\/hr\/?s={search_term_string}\"},\"query-input\":{\"@type\":\"PropertyValueSpecification\",\"valueRequired\":true,\"valueName\":\"search_term_string\"}}],\"inLanguage\":\"hr\"}]}<\/script>\n<!-- \/ Yoast SEO plugin. -->","yoast_head_json":{"title":"Prodajna mjesta - Active Luxe Cosmetics","robots":{"index":"index","follow":"follow","max-snippet":"max-snippet:-1","max-image-preview":"max-image-preview:large","max-video-preview":"max-video-preview:-1"},"canonical":"https:\/\/activeluxe-cosmetics.com\/hr\/prodajna-mjesta\/","og_locale":"hr_HR","og_type":"article","og_title":"Prodajna mjesta - Active Luxe Cosmetics","og_url":"https:\/\/activeluxe-cosmetics.com\/hr\/prodajna-mjesta\/","og_site_name":"Active Luxe Cosmetics","article_modified_time":"2025-10-16T10:27:10+00:00","twitter_card":"summary_large_image","schema":{"@context":"https:\/\/schema.org","@graph":[{"@type":"WebPage","@id":"https:\/\/activeluxe-cosmetics.com\/hr\/prodajna-mjesta\/","url":"https:\/\/activeluxe-cosmetics.com\/hr\/prodajna-mjesta\/","name":"Prodajna mjesta - Active Luxe Cosmetics","isPartOf":{"@id":"https:\/\/activeluxe-cosmetics.com\/hr\/#website"},"datePublished":"2024-01-29T12:45:08+00:00","dateModified":"2025-10-16T10:27:10+00:00","breadcrumb":{"@id":"https:\/\/activeluxe-cosmetics.com\/hr\/prodajna-mjesta\/#breadcrumb"},"inLanguage":"hr","potentialAction":[{"@type":"ReadAction","target":["https:\/\/activeluxe-cosmetics.com\/hr\/prodajna-mjesta\/"]}]},{"@type":"BreadcrumbList","@id":"https:\/\/activeluxe-cosmetics.com\/hr\/prodajna-mjesta\/#breadcrumb","itemListElement":[{"@type":"ListItem","position":1,"name":"Naslovnica","item":"https:\/\/activeluxe-cosmetics.com\/hr\/"},{"@type":"ListItem","position":2,"name":"Prodajna mjesta"}]},{"@type":"WebSite","@id":"https:\/\/activeluxe-cosmetics.com\/hr\/#website","url":"https:\/\/activeluxe-cosmetics.com\/hr\/","name":"Active Luxe Cosmetics","description":"","potentialAction":[{"@type":"SearchAction","target":{"@type":"EntryPoint","urlTemplate":"https:\/\/activeluxe-cosmetics.com\/hr\/?s={search_term_string}"},"query-input":{"@type":"PropertyValueSpecification","valueRequired":true,"valueName":"search_term_string"}}],"inLanguage":"hr"}]}},"_links":{"self":[{"href":"https:\/\/activeluxe-cosmetics.com\/hr\/wp-json\/wp\/v2\/pages\/80944","targetHints":{"allow":["GET"]}}],"collection":[{"href":"https:\/\/activeluxe-cosmetics.com\/hr\/wp-json\/wp\/v2\/pages"}],"about":[{"href":"https:\/\/activeluxe-cosmetics.com\/hr\/wp-json\/wp\/v2\/types\/page"}],"author":[{"embeddable":true,"href":"https:\/\/activeluxe-cosmetics.com\/hr\/wp-json\/wp\/v2\/users\/6"}],"replies":[{"embeddable":true,"href":"https:\/\/activeluxe-cosmetics.com\/hr\/wp-json\/wp\/v2\/comments?post=80944"}],"version-history":[{"count":4,"href":"https:\/\/activeluxe-cosmetics.com\/hr\/wp-json\/wp\/v2\/pages\/80944\/revisions"}],"predecessor-version":[{"id":97921,"href":"https:\/\/activeluxe-cosmetics.com\/hr\/wp-json\/wp\/v2\/pages\/80944\/revisions\/97921"}],"wp:attachment":[{"href":"https:\/\/activeluxe-cosmetics.com\/hr\/wp-json\/wp\/v2\/media?parent=80944"}],"curies":[{"name":"wp","href":"https:\/\/api.w.org\/{rel}","templated":true}]}}