{"id":80941,"date":"2024-01-29T12:43:41","date_gmt":"2024-01-29T12:43:41","guid":{"rendered":"https:\/\/activeluxe-cosmetics.com\/hr\/?page_id=80941"},"modified":"2025-08-07T08:39:28","modified_gmt":"2025-08-07T08:39:28","slug":"cijene-i-nacini-placanja","status":"publish","type":"page","link":"https:\/\/activeluxe-cosmetics.com\/hr\/cijene-i-nacini-placanja\/","title":{"rendered":"Cijene i na\u010dini pla\u0107anja"},"content":{"rendered":"\n\t<section class=\"section al-page-title-section\" id=\"section_1805235080\">\n\t\t<div class=\"bg section-bg fill bg-fill  bg-loaded\" >\n\n\t\t\t\n\t\t\t\n\t\t\t\n\n\t\t<\/div>\n\n\t\t\n\n\t\t<div class=\"section-content relative\">\n\t\t\t\n\n<div class=\"row\"  id=\"row-1507030426\">\n\n\n\t<div id=\"col-1247443242\" class=\"col small-12 large-12\"  >\n\t\t\t\t<div class=\"col-inner\"  >\n\t\t\t\n\t\t\t\n\n\t<div id=\"text-1470948726\" class=\"text al-p-48\">\n\t\t\n\n<h2>Cijene i na\u010dini pla\u0107anja<\/h2>\n\t\t\n<style>\n#text-1470948726 {\n  text-align: center;\n}\n<\/style>\n\t<\/div>\n\t\n\n\t\t<\/div>\n\t\t\t\t\t<\/div>\n\n\t\n\n<\/div>\n\n\t\t<\/div>\n\n\t\t\n<style>\n#section_1805235080 {\n  padding-top: 50px;\n  padding-bottom: 50px;\n}\n<\/style>\n\t<\/section>\n\t\n\t<section class=\"section\" id=\"section_266573545\">\n\t\t<div class=\"bg section-bg fill bg-fill  bg-loaded\" >\n\n\t\t\t\n\t\t\t\n\t\t\t\n\n\t\t<\/div>\n\n\t\t\n\n\t\t<div class=\"section-content relative\">\n\t\t\t\n\n<div class=\"row\"  id=\"row-1296105863\">\n\n\n\t<div id=\"col-1775644082\" class=\"col small-12 large-12\"  >\n\t\t\t\t<div class=\"col-inner\"  >\n\t\t\t\n\t\t\t\n\n\t<div id=\"text-4222504099\" class=\"text al-p-16\">\n\t\t\n\n<p>Cijene se odnose na sve kupnje putem internetske stranice i ve\u0107 sadr\u017ee odre\u0111ene popuste, koji se mogu mijenjati.<\/p>\n<p>Opcija online pla\u0107anja:<\/p>\n<ul>\n<li>pla\u0107anjem na ra\u010dun poduze\u0107a Medilip d.o.o. (nakon ponude \/ predra\u010duna)<\/li>\n<li>pla\u0107anje pouze\u0107em.<\/li>\n<li>pla\u0107anje putem kartice<\/li>\n<\/ul>\n<p>Valjana cijena proizvoda je ona koja je objavljena na dan naru\u010divanja. Tro\u0161kovi dostave se obra\u010dunavaju prema iznosima DPD-a. U slu\u010daju pojedina\u010dne narud\u017ebe iznad 59 eur, dostava je besplatna. Ponuda i cijene vrijede do iskori\u0161tenja zaliha, odnosno do pismenog otkazivanja narud\u017ebe. Sve cijene uklju\u010duju PDV. Sva roba podlije\u017ee poreznoj stopi od 25%. Slike su simboli\u010dne i ne odra\u017eavaju uvijek stvarno stanje. Zadr\u017eavamo pravo na eventualne izmjene ili pogre\u0161ke na internetskoj stranici i kod drugih ogla\u0161avanja bez prethodne najave. U slu\u010daju da iz bilo kojeg razloga niste zadovoljni kupljenom robom, morate nam je vratiti u roku od 15 dana od dana primitka po\u0161iljke u skladu sa Zakonom o za\u0161titi potro\u0161a\u010da, gdje ne morate navesti razlog.<\/p>\n<p>Za\u0161tita osobnih podataka<br \/>Prodavatelj se obvezuje da \u0107e trajno za\u0161tititi sve osobne podatke korisnika. Prodavatelj na neodre\u0111eno vrijeme zadr\u017eava sljede\u0107e podatke \u010dlanova koji se prijavljuju na primanje online vijesti: ime i prezime, e-mail adresa. Prodavatelj \u0107e koristiti osobne podatke isklju\u010divo u svrhu slanja online vijesti. Korisni\u010dki podaci ne mogu ni u kojem slu\u010daju biti predani neovla\u0161tenim osobama. Za za\u0161titu osobnih podataka odgovoran je tako\u0111er i sami korisnik, tako da osigura sigurnost svog korisni\u010dkog imena i lozinke te odgovaraju\u0107im programom (anti-virus) za\u0161titi svoje ra\u010dunalo.<\/p>\n<p>Pritu\u017ebe i sporovi<br \/>Prodavatelj po\u0161tuje postoje\u0107e zakone o za\u0161titi potro\u0161a\u010da. Prodavatelj na svaki mogu\u0107i na\u010din nastoji ispuniti svoje du\u017enosti i uspostaviti u\u010dinkovit sustav za rje\u0161avanje \u017ealbi i zadu\u017eiti osobu s kojom se, u slu\u010daju problema, kupac mo\u017ee povezati telefonom ili putem e-maila. \u017dalbe se podnose putem e-maila na adresu kontakt@activeluxe-cosmetics.com. Postupak u vezi s prigovorom je povjerljiv. Ponu\u0111a\u010d je svjestan da je klju\u010dna zna\u010dajka potro\u0161a\u010dkog spora, barem \u0161to se ti\u010de sudskog rje\u0161avanja slu\u010daja, njegova nesrazmjernost izme\u0111u ekonomske vrijednosti zahtjeva i tro\u0161kova nastalih u rje\u0161avanju samog spora. To je tako\u0111er jedna od glavnih prepreka za potro\u0161a\u010da da pokrene postupak pred sudom. Dakle, ponu\u0111a\u010d \u0107e savjesno ulo\u017eiti maksimalne napore za rje\u0161avanje bilo kakvih eventualnih sporova mirnim putem.<\/p>\n<p>Mi\u0161ljenje, prijedlozi<br \/>Va\u0161i prijedlozi i komentari su dobrodo\u0161li. Mo\u017eete nam pisati na e-mail: kontakt@activeluxe-cosmetics.com.<\/p>\n<p>Svako mi\u0161ljenje nam puno zna\u010di i na tome vam iskreno zahvaljujemo!<\/p>\n\t\t\t<\/div>\n\t\n\n\t\t<\/div>\n\t\t\t\t\t<\/div>\n\n\t\n\n<\/div>\n\n\t\t<\/div>\n\n\t\t\n<style>\n#section_266573545 {\n  padding-top: 30px;\n  padding-bottom: 30px;\n}\n<\/style>\n\t<\/section>\n\t\n\n","protected":false},"excerpt":{"rendered":"","protected":false},"author":6,"featured_media":0,"parent":0,"menu_order":0,"comment_status":"closed","ping_status":"closed","template":"","meta":{"footnotes":""},"class_list":["post-80941","page","type-page","status-publish","hentry"],"acf":[],"yoast_head":"<!-- This site is optimized with the Yoast SEO plugin v26.5 - https:\/\/yoast.com\/wordpress\/plugins\/seo\/ -->\n<title>Cijene i na\u010dini pla\u0107anja - Active Luxe Cosmetics<\/title>\n<meta name=\"robots\" content=\"index, follow, max-snippet:-1, max-image-preview:large, max-video-preview:-1\" \/>\n<link rel=\"canonical\" href=\"https:\/\/activeluxe-cosmetics.com\/hr\/cijene-i-nacini-placanja\/\" \/>\n<meta property=\"og:locale\" content=\"hr_HR\" \/>\n<meta property=\"og:type\" content=\"article\" \/>\n<meta property=\"og:title\" content=\"Cijene i na\u010dini pla\u0107anja - Active Luxe Cosmetics\" \/>\n<meta property=\"og:url\" content=\"https:\/\/activeluxe-cosmetics.com\/hr\/cijene-i-nacini-placanja\/\" \/>\n<meta property=\"og:site_name\" content=\"Active Luxe Cosmetics\" \/>\n<meta property=\"article:modified_time\" content=\"2025-08-07T08:39:28+00:00\" \/>\n<meta name=\"twitter:card\" content=\"summary_large_image\" \/>\n<script type=\"application\/ld+json\" class=\"yoast-schema-graph\">{\"@context\":\"https:\/\/schema.org\",\"@graph\":[{\"@type\":\"WebPage\",\"@id\":\"https:\/\/activeluxe-cosmetics.com\/hr\/cijene-i-nacini-placanja\/\",\"url\":\"https:\/\/activeluxe-cosmetics.com\/hr\/cijene-i-nacini-placanja\/\",\"name\":\"Cijene i na\u010dini pla\u0107anja - Active Luxe Cosmetics\",\"isPartOf\":{\"@id\":\"https:\/\/activeluxe-cosmetics.com\/hr\/#website\"},\"datePublished\":\"2024-01-29T12:43:41+00:00\",\"dateModified\":\"2025-08-07T08:39:28+00:00\",\"breadcrumb\":{\"@id\":\"https:\/\/activeluxe-cosmetics.com\/hr\/cijene-i-nacini-placanja\/#breadcrumb\"},\"inLanguage\":\"hr\",\"potentialAction\":[{\"@type\":\"ReadAction\",\"target\":[\"https:\/\/activeluxe-cosmetics.com\/hr\/cijene-i-nacini-placanja\/\"]}]},{\"@type\":\"BreadcrumbList\",\"@id\":\"https:\/\/activeluxe-cosmetics.com\/hr\/cijene-i-nacini-placanja\/#breadcrumb\",\"itemListElement\":[{\"@type\":\"ListItem\",\"position\":1,\"name\":\"Naslovnica\",\"item\":\"https:\/\/activeluxe-cosmetics.com\/hr\/\"},{\"@type\":\"ListItem\",\"position\":2,\"name\":\"Cijene i na\u010dini pla\u0107anja\"}]},{\"@type\":\"WebSite\",\"@id\":\"https:\/\/activeluxe-cosmetics.com\/hr\/#website\",\"url\":\"https:\/\/activeluxe-cosmetics.com\/hr\/\",\"name\":\"Active Luxe Cosmetics\",\"description\":\"\",\"potentialAction\":[{\"@type\":\"SearchAction\",\"target\":{\"@type\":\"EntryPoint\",\"urlTemplate\":\"https:\/\/activeluxe-cosmetics.com\/hr\/?s={search_term_string}\"},\"query-input\":{\"@type\":\"PropertyValueSpecification\",\"valueRequired\":true,\"valueName\":\"search_term_string\"}}],\"inLanguage\":\"hr\"}]}<\/script>\n<!-- \/ Yoast SEO plugin. -->","yoast_head_json":{"title":"Cijene i na\u010dini pla\u0107anja - Active Luxe Cosmetics","robots":{"index":"index","follow":"follow","max-snippet":"max-snippet:-1","max-image-preview":"max-image-preview:large","max-video-preview":"max-video-preview:-1"},"canonical":"https:\/\/activeluxe-cosmetics.com\/hr\/cijene-i-nacini-placanja\/","og_locale":"hr_HR","og_type":"article","og_title":"Cijene i na\u010dini pla\u0107anja - Active Luxe Cosmetics","og_url":"https:\/\/activeluxe-cosmetics.com\/hr\/cijene-i-nacini-placanja\/","og_site_name":"Active Luxe Cosmetics","article_modified_time":"2025-08-07T08:39:28+00:00","twitter_card":"summary_large_image","schema":{"@context":"https:\/\/schema.org","@graph":[{"@type":"WebPage","@id":"https:\/\/activeluxe-cosmetics.com\/hr\/cijene-i-nacini-placanja\/","url":"https:\/\/activeluxe-cosmetics.com\/hr\/cijene-i-nacini-placanja\/","name":"Cijene i na\u010dini pla\u0107anja - Active Luxe Cosmetics","isPartOf":{"@id":"https:\/\/activeluxe-cosmetics.com\/hr\/#website"},"datePublished":"2024-01-29T12:43:41+00:00","dateModified":"2025-08-07T08:39:28+00:00","breadcrumb":{"@id":"https:\/\/activeluxe-cosmetics.com\/hr\/cijene-i-nacini-placanja\/#breadcrumb"},"inLanguage":"hr","potentialAction":[{"@type":"ReadAction","target":["https:\/\/activeluxe-cosmetics.com\/hr\/cijene-i-nacini-placanja\/"]}]},{"@type":"BreadcrumbList","@id":"https:\/\/activeluxe-cosmetics.com\/hr\/cijene-i-nacini-placanja\/#breadcrumb","itemListElement":[{"@type":"ListItem","position":1,"name":"Naslovnica","item":"https:\/\/activeluxe-cosmetics.com\/hr\/"},{"@type":"ListItem","position":2,"name":"Cijene i na\u010dini pla\u0107anja"}]},{"@type":"WebSite","@id":"https:\/\/activeluxe-cosmetics.com\/hr\/#website","url":"https:\/\/activeluxe-cosmetics.com\/hr\/","name":"Active Luxe Cosmetics","description":"","potentialAction":[{"@type":"SearchAction","target":{"@type":"EntryPoint","urlTemplate":"https:\/\/activeluxe-cosmetics.com\/hr\/?s={search_term_string}"},"query-input":{"@type":"PropertyValueSpecification","valueRequired":true,"valueName":"search_term_string"}}],"inLanguage":"hr"}]}},"_links":{"self":[{"href":"https:\/\/activeluxe-cosmetics.com\/hr\/wp-json\/wp\/v2\/pages\/80941","targetHints":{"allow":["GET"]}}],"collection":[{"href":"https:\/\/activeluxe-cosmetics.com\/hr\/wp-json\/wp\/v2\/pages"}],"about":[{"href":"https:\/\/activeluxe-cosmetics.com\/hr\/wp-json\/wp\/v2\/types\/page"}],"author":[{"embeddable":true,"href":"https:\/\/activeluxe-cosmetics.com\/hr\/wp-json\/wp\/v2\/users\/6"}],"replies":[{"embeddable":true,"href":"https:\/\/activeluxe-cosmetics.com\/hr\/wp-json\/wp\/v2\/comments?post=80941"}],"version-history":[{"count":5,"href":"https:\/\/activeluxe-cosmetics.com\/hr\/wp-json\/wp\/v2\/pages\/80941\/revisions"}],"predecessor-version":[{"id":96245,"href":"https:\/\/activeluxe-cosmetics.com\/hr\/wp-json\/wp\/v2\/pages\/80941\/revisions\/96245"}],"wp:attachment":[{"href":"https:\/\/activeluxe-cosmetics.com\/hr\/wp-json\/wp\/v2\/media?parent=80941"}],"curies":[{"name":"wp","href":"https:\/\/api.w.org\/{rel}","templated":true}]}}