{"id":80938,"date":"2024-01-29T12:42:19","date_gmt":"2024-01-29T12:42:19","guid":{"rendered":"https:\/\/activeluxe-cosmetics.com\/hr\/?page_id=80938"},"modified":"2025-08-07T08:34:30","modified_gmt":"2025-08-07T08:34:30","slug":"podaci-o-dostavi","status":"publish","type":"page","link":"https:\/\/activeluxe-cosmetics.com\/hr\/podaci-o-dostavi\/","title":{"rendered":"Podaci o dostavi"},"content":{"rendered":"\n\t<section class=\"section al-page-title-section\" id=\"section_802551051\">\n\t\t<div class=\"bg section-bg fill bg-fill  bg-loaded\" >\n\n\t\t\t\n\t\t\t\n\t\t\t\n\n\t\t<\/div>\n\n\t\t\n\n\t\t<div class=\"section-content relative\">\n\t\t\t\n\n<div class=\"row\"  id=\"row-1904880959\">\n\n\n\t<div id=\"col-1367321596\" class=\"col small-12 large-12\"  >\n\t\t\t\t<div class=\"col-inner\"  >\n\t\t\t\n\t\t\t\n\n\t<div id=\"text-2094116265\" class=\"text al-p-48\">\n\t\t\n\n<h2>Podaci o dostavi<\/h2>\n\t\t\n<style>\n#text-2094116265 {\n  text-align: center;\n}\n<\/style>\n\t<\/div>\n\t\n\n\t\t<\/div>\n\t\t\t\t\t<\/div>\n\n\t\n\n<\/div>\n\n\t\t<\/div>\n\n\t\t\n<style>\n#section_802551051 {\n  padding-top: 50px;\n  padding-bottom: 50px;\n}\n<\/style>\n\t<\/section>\n\t\n\t<section class=\"section\" id=\"section_1946266177\">\n\t\t<div class=\"bg section-bg fill bg-fill  bg-loaded\" >\n\n\t\t\t\n\t\t\t\n\t\t\t\n\n\t\t<\/div>\n\n\t\t\n\n\t\t<div class=\"section-content relative\">\n\t\t\t\n\n<div class=\"row\"  id=\"row-316310724\">\n\n\n\t<div id=\"col-2105610137\" class=\"col small-12 large-12\"  >\n\t\t\t\t<div class=\"col-inner\"  >\n\t\t\t\n\t\t\t\n\n\t<div id=\"text-400302351\" class=\"text al-p-16\">\n\t\t\n\n<p><strong>O\u0161te\u0107enje proizvoda<\/strong><\/p>\n<p>Kupac je du\u017ean pri preuzimanju proizvoda pa\u017eljivo pregledati pakiranje i njegov sadr\u017eaj. U slu\u010daju o\u0161te\u0107enja proizvoda kupac je du\u017ean \u0161tetu odmah prijaviti dostavlja\u010du. Kupac je du\u017ean s po\u0161tanskim radnicima sastaviti slu\u017ebeni zapisnik, s posebnom pa\u017enjom ispuniti rubriku o stanju ambala\u017ee i proizvoda. Kupac \u0107e ustupiti o\u0161te\u0107eni proizvod koji \u0107e, zajedno sa slu\u017ebenim zapisnikom o tro\u0161ku tvrtke Medilip d.o.o. biti poslan na adresu po\u0161iljatelja. Nakon primitka o\u0161te\u0107enog proizvoda, mi \u0107emo u najkra\u0107em mogu\u0107em roku poslati kupcu novi proizvod. U slu\u010daju da kupac primijeti \u0161tetu nakon isporuke proizvoda, ali ne kasnije od 30 dana nakon dostave, o\u0161te\u0107enje treba prijaviti na kontakt@active-luxecosmetics.com. Uvjet za prijavu o\u0161te\u0107enja proizvoda u roku od 30 dana od dana dostave je pohranjena ambala\u017ea, na osnovu koje se pravi zabilje\u0161ka o tome gdje i kako je do\u0161lo do o\u0161te\u0107enja. Tako\u0111er je po\u017eeljno da je \u0161teta zabilje\u017eena kamerom i da se fotografije po\u0161alju na adresu kontakt@active-luxecosmetics.com. Naknadne reklamacije o\u0161te\u0107enja prijevoznici proizvoda uva\u017eavaju samo iznimno i u njihovo ime na\u0161a tvrtka ih ne mo\u017ee rije\u0161iti.<\/p>\n<p><strong>Na\u010din i tro\u0161kovi dostave<\/strong><\/p>\n<p>Ugovorni partner za dostavu po\u0161iljki je DPD Hrvatska, koji ve\u0107inu paketa dostavlja u roku 24 do 48 sati. Tro\u0161ak dostave za Hrvatsku iznosi 3.99 eur. Za online narud\u017ebe iznad 59 eur dostava je besplatna. Naru\u010dena roba bit \u0107e poslana na adresu koju ste naveli pri naru\u010divanju. Dostava se vr\u0161i od ponedjeljka do petka u jutarnjim satima. Online trgovina nije ni u kojem slu\u010daju odgovorna za prekora\u010deni rok isporuke. U slu\u010daju da naru\u010deni proizvod nije na zalihi, obavijestit \u0107emo vas i predlo\u017eiti drugu ponudu ili vam nazna\u010diti datum isporuke za proizvod koji ste naru\u010dili.<\/p>\n<p><strong>Mi\u0161ljenje, prijedlozi<\/strong><\/p>\n<p>Va\u0161i prijedlozi i komentari su dobrodo\u0161li. Mo\u017eete nam pisati na e-mail: kontakt@active-luxecosmetics.com<\/p>\n<p>Svakom mi\u0161ljenju se vrlo radujemo, zbog \u010dega vam se iskreno zahvaljujemo!<\/p>\n\t\t\t<\/div>\n\t\n\n\t\t<\/div>\n\t\t\t\t\t<\/div>\n\n\t\n\n<\/div>\n\n\t\t<\/div>\n\n\t\t\n<style>\n#section_1946266177 {\n  padding-top: 30px;\n  padding-bottom: 30px;\n}\n<\/style>\n\t<\/section>\n\t\n\n","protected":false},"excerpt":{"rendered":"","protected":false},"author":6,"featured_media":0,"parent":0,"menu_order":0,"comment_status":"closed","ping_status":"closed","template":"","meta":{"footnotes":""},"class_list":["post-80938","page","type-page","status-publish","hentry"],"acf":[],"yoast_head":"<!-- This site is optimized with the Yoast SEO plugin v26.5 - https:\/\/yoast.com\/wordpress\/plugins\/seo\/ -->\n<title>Podaci o dostavi - Active Luxe Cosmetics<\/title>\n<meta name=\"robots\" content=\"index, follow, max-snippet:-1, max-image-preview:large, max-video-preview:-1\" \/>\n<link rel=\"canonical\" href=\"https:\/\/activeluxe-cosmetics.com\/hr\/podaci-o-dostavi\/\" \/>\n<meta property=\"og:locale\" content=\"hr_HR\" \/>\n<meta property=\"og:type\" content=\"article\" \/>\n<meta property=\"og:title\" content=\"Podaci o dostavi - Active Luxe Cosmetics\" \/>\n<meta property=\"og:url\" content=\"https:\/\/activeluxe-cosmetics.com\/hr\/podaci-o-dostavi\/\" \/>\n<meta property=\"og:site_name\" content=\"Active Luxe Cosmetics\" \/>\n<meta property=\"article:modified_time\" content=\"2025-08-07T08:34:30+00:00\" \/>\n<meta name=\"twitter:card\" content=\"summary_large_image\" \/>\n<script type=\"application\/ld+json\" class=\"yoast-schema-graph\">{\"@context\":\"https:\/\/schema.org\",\"@graph\":[{\"@type\":\"WebPage\",\"@id\":\"https:\/\/activeluxe-cosmetics.com\/hr\/podaci-o-dostavi\/\",\"url\":\"https:\/\/activeluxe-cosmetics.com\/hr\/podaci-o-dostavi\/\",\"name\":\"Podaci o dostavi - Active Luxe Cosmetics\",\"isPartOf\":{\"@id\":\"https:\/\/activeluxe-cosmetics.com\/hr\/#website\"},\"datePublished\":\"2024-01-29T12:42:19+00:00\",\"dateModified\":\"2025-08-07T08:34:30+00:00\",\"breadcrumb\":{\"@id\":\"https:\/\/activeluxe-cosmetics.com\/hr\/podaci-o-dostavi\/#breadcrumb\"},\"inLanguage\":\"hr\",\"potentialAction\":[{\"@type\":\"ReadAction\",\"target\":[\"https:\/\/activeluxe-cosmetics.com\/hr\/podaci-o-dostavi\/\"]}]},{\"@type\":\"BreadcrumbList\",\"@id\":\"https:\/\/activeluxe-cosmetics.com\/hr\/podaci-o-dostavi\/#breadcrumb\",\"itemListElement\":[{\"@type\":\"ListItem\",\"position\":1,\"name\":\"Naslovnica\",\"item\":\"https:\/\/activeluxe-cosmetics.com\/hr\/\"},{\"@type\":\"ListItem\",\"position\":2,\"name\":\"Podaci o dostavi\"}]},{\"@type\":\"WebSite\",\"@id\":\"https:\/\/activeluxe-cosmetics.com\/hr\/#website\",\"url\":\"https:\/\/activeluxe-cosmetics.com\/hr\/\",\"name\":\"Active Luxe Cosmetics\",\"description\":\"\",\"potentialAction\":[{\"@type\":\"SearchAction\",\"target\":{\"@type\":\"EntryPoint\",\"urlTemplate\":\"https:\/\/activeluxe-cosmetics.com\/hr\/?s={search_term_string}\"},\"query-input\":{\"@type\":\"PropertyValueSpecification\",\"valueRequired\":true,\"valueName\":\"search_term_string\"}}],\"inLanguage\":\"hr\"}]}<\/script>\n<!-- \/ Yoast SEO plugin. -->","yoast_head_json":{"title":"Podaci o dostavi - Active Luxe Cosmetics","robots":{"index":"index","follow":"follow","max-snippet":"max-snippet:-1","max-image-preview":"max-image-preview:large","max-video-preview":"max-video-preview:-1"},"canonical":"https:\/\/activeluxe-cosmetics.com\/hr\/podaci-o-dostavi\/","og_locale":"hr_HR","og_type":"article","og_title":"Podaci o dostavi - Active Luxe Cosmetics","og_url":"https:\/\/activeluxe-cosmetics.com\/hr\/podaci-o-dostavi\/","og_site_name":"Active Luxe Cosmetics","article_modified_time":"2025-08-07T08:34:30+00:00","twitter_card":"summary_large_image","schema":{"@context":"https:\/\/schema.org","@graph":[{"@type":"WebPage","@id":"https:\/\/activeluxe-cosmetics.com\/hr\/podaci-o-dostavi\/","url":"https:\/\/activeluxe-cosmetics.com\/hr\/podaci-o-dostavi\/","name":"Podaci o dostavi - Active Luxe Cosmetics","isPartOf":{"@id":"https:\/\/activeluxe-cosmetics.com\/hr\/#website"},"datePublished":"2024-01-29T12:42:19+00:00","dateModified":"2025-08-07T08:34:30+00:00","breadcrumb":{"@id":"https:\/\/activeluxe-cosmetics.com\/hr\/podaci-o-dostavi\/#breadcrumb"},"inLanguage":"hr","potentialAction":[{"@type":"ReadAction","target":["https:\/\/activeluxe-cosmetics.com\/hr\/podaci-o-dostavi\/"]}]},{"@type":"BreadcrumbList","@id":"https:\/\/activeluxe-cosmetics.com\/hr\/podaci-o-dostavi\/#breadcrumb","itemListElement":[{"@type":"ListItem","position":1,"name":"Naslovnica","item":"https:\/\/activeluxe-cosmetics.com\/hr\/"},{"@type":"ListItem","position":2,"name":"Podaci o dostavi"}]},{"@type":"WebSite","@id":"https:\/\/activeluxe-cosmetics.com\/hr\/#website","url":"https:\/\/activeluxe-cosmetics.com\/hr\/","name":"Active Luxe Cosmetics","description":"","potentialAction":[{"@type":"SearchAction","target":{"@type":"EntryPoint","urlTemplate":"https:\/\/activeluxe-cosmetics.com\/hr\/?s={search_term_string}"},"query-input":{"@type":"PropertyValueSpecification","valueRequired":true,"valueName":"search_term_string"}}],"inLanguage":"hr"}]}},"_links":{"self":[{"href":"https:\/\/activeluxe-cosmetics.com\/hr\/wp-json\/wp\/v2\/pages\/80938","targetHints":{"allow":["GET"]}}],"collection":[{"href":"https:\/\/activeluxe-cosmetics.com\/hr\/wp-json\/wp\/v2\/pages"}],"about":[{"href":"https:\/\/activeluxe-cosmetics.com\/hr\/wp-json\/wp\/v2\/types\/page"}],"author":[{"embeddable":true,"href":"https:\/\/activeluxe-cosmetics.com\/hr\/wp-json\/wp\/v2\/users\/6"}],"replies":[{"embeddable":true,"href":"https:\/\/activeluxe-cosmetics.com\/hr\/wp-json\/wp\/v2\/comments?post=80938"}],"version-history":[{"count":4,"href":"https:\/\/activeluxe-cosmetics.com\/hr\/wp-json\/wp\/v2\/pages\/80938\/revisions"}],"predecessor-version":[{"id":96244,"href":"https:\/\/activeluxe-cosmetics.com\/hr\/wp-json\/wp\/v2\/pages\/80938\/revisions\/96244"}],"wp:attachment":[{"href":"https:\/\/activeluxe-cosmetics.com\/hr\/wp-json\/wp\/v2\/media?parent=80938"}],"curies":[{"name":"wp","href":"https:\/\/api.w.org\/{rel}","templated":true}]}}