{"id":80934,"date":"2024-01-29T12:38:17","date_gmt":"2024-01-29T12:38:17","guid":{"rendered":"https:\/\/activeluxe-cosmetics.com\/hr\/?page_id=80934"},"modified":"2024-02-06T14:01:14","modified_gmt":"2024-02-06T14:01:14","slug":"pravilnik-o-privatnosti","status":"publish","type":"page","link":"https:\/\/activeluxe-cosmetics.com\/hr\/pravilnik-o-privatnosti\/","title":{"rendered":"Pravilnik o privatnosti"},"content":{"rendered":"\n\t<section class=\"section al-page-title-section\" id=\"section_509392729\">\n\t\t<div class=\"bg section-bg fill bg-fill  bg-loaded\" >\n\n\t\t\t\n\t\t\t\n\t\t\t\n\n\t\t<\/div>\n\n\t\t\n\n\t\t<div class=\"section-content relative\">\n\t\t\t\n\n<div class=\"row\"  id=\"row-453599179\">\n\n\n\t<div id=\"col-232089153\" class=\"col small-12 large-12\"  >\n\t\t\t\t<div class=\"col-inner\"  >\n\t\t\t\n\t\t\t\n\n\t<div id=\"text-3277628776\" class=\"text al-p-48\">\n\t\t\n\n<h2>Pravilnik o privatnosti<\/h2>\n\t\t\n<style>\n#text-3277628776 {\n  text-align: center;\n}\n<\/style>\n\t<\/div>\n\t\n\n\t\t<\/div>\n\t\t\t\t\t<\/div>\n\n\t\n\n<\/div>\n\n\t\t<\/div>\n\n\t\t\n<style>\n#section_509392729 {\n  padding-top: 50px;\n  padding-bottom: 50px;\n}\n<\/style>\n\t<\/section>\n\t\n\t<section class=\"section\" id=\"section_871451172\">\n\t\t<div class=\"bg section-bg fill bg-fill  bg-loaded\" >\n\n\t\t\t\n\t\t\t\n\t\t\t\n\n\t\t<\/div>\n\n\t\t\n\n\t\t<div class=\"section-content relative\">\n\t\t\t\n\n<div class=\"row\"  id=\"row-32365468\">\n\n\n\t<div id=\"col-1350033863\" class=\"col small-12 large-12\"  >\n\t\t\t\t<div class=\"col-inner\"  >\n\t\t\t\n\t\t\t\n\n\t<div id=\"text-3166336040\" class=\"text al-p-16\">\n\t\t\n\n<p><strong>MEDILIP ADRIA D.O.O. <\/strong><\/p>\n<p>1) O Pravilniku o privatnosti<\/p>\n<p>Svrha Pravilnika o privatnosti Medilip Adria d.o.o. (u nastavku: \u201cPravilnik o privatnosti\u201d) je upoznavanje korisnika usluga Medilip d.o.o. te drugih osoba (u nastavku imenovani tako\u0111er: \u201dpojedinci\u201d) sa namjenom i podlogom obrade osobnih podataka od strane dru\u0161tva Medilip Adria d.o.o., Drage Gervaisa 9, 51500 Krk, te pravima pojedinaca na tom podru\u010dju. Poduze\u0107e nudi posebnu brigu oko sigurnosti va\u0161ih osobnih podataka. Svi proslije\u0111eni osobni podaci se tretiraju sa potpunim povjerenjem i kori\u0161teni su za namjenu, zbog koje su bili proslije\u0111eni. Va\u0161im privatnim podacima upravljamo sa najve\u0107om brigom, uzimaju\u0107i u obzir trenutno va\u017ee\u0107e zakonodavstvo i najvi\u0161e standarde njihovog postupanja. Za sigurnost va\u0161ih osobnih podataka izme\u0111u ostalog, brinemo sa odgovaraju\u0107im organizacijskim mjerama, postupcima rada i naprednim tehnolo\u0161kim rje\u0161enjima te vanjskim stru\u010dnjacima sa namjenom \u0161to bolje u\u010dinkovite za\u0161tite va\u0161ih osobnih podataka. Pri tome upotrebljavamo odgovaraju\u0107i stupanj za\u0161tite i razumne fizi\u010dke, elektronske i administrativne, sa kojima skupljene podatke \u0161titimo od nenamjernih ili nezakonitih uni\u0161tavanja, gubitka, mijenjanja, neovla\u0161tenim otkrivanjem osobnih podataka ili od neovla\u0161tenog pristupa do osobnih podataka, koji su bili prene\u0161eni, spremljeni ili druga\u010dije obra\u0111eni. Istovremeno ovaj Pravilnik o privatnosti dodatno poja\u0161njava suglasnost, koju ste proslijedili za obradu va\u0161ih osobnih podataka. U Pravilniku o privatnosti su sukladno sa Odredbom (EU) 2016\/679 Europskog parlamenta i Svijeta sa danom 27. travnja 2016 godine o za\u0161titi pojedinaca prilikom obrade osobnih podataka i o slobodnom protoku takvih podataka te o ukidanju Direktive 95\/46\/ES (u nastavku: \u201cOp\u0107a odredba o za\u0161titi podataka\u201d), obuhva\u0107ene sljede\u0107e informacije: \u2013 kontaktne informacije poduze\u0107a, \u2013 namjene, podloge i vrste obrade razli\u010ditih vrsta osobnih podataka pojedinaca, \u2013 vrijeme \u010duvanja pojedinih vrsta osobnih podataka, \u2013 prava pojedinaca u vezi sa obradom osobnih podataka, \u2013 prava do podno\u0161enja pritu\u017ebe u vezi sa obradom osobnih podataka, \u2013 valjanost Pravilnika o privatnosti<\/p>\n<p>2) Osobni podaci, koje sakuplja poduze\u0107e Ako ste samo posjetitelj internet stranice, o vama sakupljamo podatke samo sa kori\u0161tenjem kola\u010di\u0107a. Ako ste korisnik usluga ili naru\u010ditelj usluga, koje nudi poduze\u0107e, o vama sakupljamo tako\u0111er druge osobne podatke, koji su nam potrebni za izvo\u0111enje usluga, koje ste naru\u010dili odnosno koje upotrebljavate. Ti osobni podaci su: \u2013 ime i prezime \u2013 kontaktna adresa e-po\u0161te \u2013 kontaktni telefon \u2013 IP naslov \u2013 podaci za izvo\u0111enje ponude glede na va\u0161e pitanje (va\u0161a adresa, porezni broj)<\/p>\n<p>3) Upravitelj osobnih podataka Upravitelj osobnih podataka obra\u0111enih u skladu s ovim Pravilima o privatnosti je Medilip Adria d.o.o., Drage Gervaisa 9, 51500 Krk.<\/p>\n<p>4) Kategorije pojedinaca, za koje se obra\u0111uju osobni podaci Ova Pravila o privatnosti namijenjena su svima koji su se pretplatili i \/ ili koristili na\u0161e usluge ili poslali upit, kao i onima koji posjete na\u0161u web stranicu.<\/p>\n<p>5) Namjena obrade i podloge za obradu podataka 5.1. Obrada temeljem ugovora: U sklopu ostvarivanja ugovornih prava i ispunjavanja ugovornih obveza, tvrtka obra\u0111uje va\u0161e osobne podatke u sljede\u0107e svrhe: identifikacija pojedinca, priprema ponude, sklapanje ugovora, pru\u017eanje naru\u010denih usluga, obavijest o mogu\u0107im promjenama, dodatni detalji i upute za kori\u0161tenje usluga, prigovori, naplata usluga i u druge svrhe potrebne za provedbu ili zaklju\u010divanje ugovornog odnosa izme\u0111u tvrtke i pojedinca. Pri naplati usluga, na temelju poreznih propisa pribavljamo i obra\u0111ujemo podatke va\u0161e adrese za ispravno izdavanje ra\u010duna. 5.2. Obrada temeljem zakona: Na temelju legitimnog interesa, va\u0161e osobne podatke koristimo za otkrivanje i sprje\u010davanje prijevare upotrebe i zlouporabe usluga, dalje kako bismo osigurali stabilan i siguran rad na\u0161eg sustava i usluga, kao i za provo\u0111enje mjera informacijske sigurnosti, ispunjavanje zahtjeva za kvalitetu usluge i otkrivanje tehni\u010dkih kvarova sustava i usluga. Na temelju legitimnog interesa, va\u0161e osobne podatke koristimo i u svrhu mogu\u0107eg izvr\u0161enja, sudskog i izvanparni\u010dnog postupkaa. U skladu s Op\u0107om uredbom, u slu\u010daju sumnje na zlouporabu, tvrtka mo\u017ee obra\u0111ivati podatke o pojedincima u odgovaraju\u0107oj i razmjernoj mjeri u svrhu identificiranja i sprje\u010davanja mogu\u0107e prijevare ili zlostavljanja i, ako je prikladno, te podatke proslijediti drugim pru\u017eateljima usluga, poslovnim partnerima i policiji., dr\u017eavnom odvjetni\u0161tvu ili drugim nadle\u017enim tijelima. Kako bi se sprije\u010dile budu\u0107e zlouporabe ili prijevare, podaci o povijesti utvr\u0111enih zlouporaba ili prijevara u vezi s pojedincem, koji uklju\u010duju podatke o pretplatni\u010dkom odnosu i, na primjer, IP adresi, mogu se \u010duvati pet godina nakon prestanka poslovnog odnosa. 5.3. Obrada temeljem suglasnosti za obradu osobnih podataka: Obrada podataka mo\u017ee se temeljiti i na va\u0161em pristanku, koje je proslije\u0111eno tvrtki. Na primjer, pristanak se mo\u017ee odnositi na priop\u0107avanje ponuda, pogodnosti i pobolj\u0161anja usluga koje pru\u017ea tvrtka. Svrha takvih informacija je pribli\u017eiti usluge \u0161to je vi\u0161e mogu\u0107e va\u0161im potrebama i \u017eeljama te pove\u0107ati njihovu korisnu vrijednost za vas. Obavijest se vr\u0161i putem kanala koje ste odabrali u pristanku. Obavijest mo\u017eete opozvati u bilo kojem trenutku, kako je definirano u Pravilima o privatnosti. Mo\u017eete povu\u0107i ili promijeniti svoj pristanak u bilo kojem trenutku na isti na\u010din na koji ste ga dali ili na drugi na\u010din kako je definirano Pravilima o privatnosti, dok tvrtka zadr\u017eava pravo identificirati kupca. Promjena pristanka mo\u017ee se organizirati i e-po\u0161tom na kontakt@activeluxe-cosmetics.com\u00a0 ili pismenim zahtjevom koji se \u0161alje sjedi\u0161tu tvrtke. Povla\u010denje ili promjena pristanka odnosi se samo na podatke obra\u0111ene na temelju va\u0161eg pristanka. Va\u0161 zadnji pristanak koji ste nam proslijedili je valjan. Mogu\u0107nost opoziva pristanka ne predstavlja pravo na odustajanje u poslovnom odnosu pojedinca s tvrtkom. Podaci za koje je dana va\u0161a privola obra\u0111uju se bez opoziva i do dvije godine nakon prekida poslovnog odnosa s tvrtkom.<\/p>\n<p>6) Ograni\u010denja proslije\u0111ivanja osobnih podataka Ako je potrebno, ovlastit \u0107emo druge tvrtke i pojedince za izvo\u0111enje odre\u0111enih radova koji doprinose na\u0161im uslugama. U takvom slu\u010daju, tvrtka tako\u0111er mo\u017ee pru\u017eiti osobne podatke takvim pa\u017eljivo odabranim vanjskim upraviteljima koji \u0107e s tvrtkom sklopiti ugovor o obradi osobnih podataka ili isti ugovor ili drugi obvezuju\u0107i dokument (u daljnjem tekstu: \u201cUgovor o obradi\u201d). Takve \u0107emo podatke pru\u017eiti ili u\u010diniti dostupnima vanjskim upraviteljima za obradu samo u mjeri potrebnoj za odre\u0111enu svrhu. Te podatke, vanjski upravitelj ne smije koristiti u bilo koje druge svrhe, pod uvjetom da ispunjavaju barem sve standarde za obradu osobnih podataka predvi\u0111ene va\u017ee\u0107im zakonodavstvom. Tvrtka ugovorno obvezuje vanjske upravitelje da po\u0161tuju povjerljivost va\u0161ih osobnih podataka. Na temelju obrazlo\u017eenog zahtjeva, tvrtke tako\u0111er dostavljaju osobne podatke nadle\u017enim dr\u017eavnim tijelima koja za to imaju pravnu osnovu. Tvrtke d.o.o. ho\u0107e li npr. odgovarati na zahtjeve sudova, tijela za provedbu zakona i drugih nacionalnih tijela, koja mogu uklju\u010divati nacionalna tijela iz druge dr\u017eave \u010dlanice EU-a.<\/p>\n<p>7) Razdoblje \u010duvanja osobnih podataka Razdoblje \u010duvanja podataka odre\u0111uje se prema kategoriji pojedina\u010dnih podataka. Podaci se \u010duvaju najdulje onoliko vremena koliko je potrebno za postizanje svrhe zbog koje su prikupljeni ili dalje obra\u0111eni ili do isteka roka zastare za ispunjenje obveza ili zakonom propisanog razdoblja \u010duvanja. Ra\u010dunovodstveni podaci i s njima povezani kontakt podaci o pojedincima mogu se \u010duvati u svrhu ispunjavanja ugovornih obveza do potpune naplate usluge ili do isteka zastare u odnosu na pojedina\u010dni zahtjev, koji mo\u017ee trajati od jedne do pet godina. Ra\u010duni se \u010duvaju 10 godina nakon isteka godine na koju se ra\u010dun odnosi, u skladu sa zakonom kojim se ure\u0111uje porez na dodanu vrijednost. Ostali podaci dobiveni na temelju va\u0161eg pristanka \u010duvaju se tijekom trajanja poslovnog odnosa i 2 godine nakon prekida, osim ako zakon predvi\u0111a dulje razdoblje \u010duvanja. Ukoliko pojedinac, koji je dao pristanak za obradu osobnih podataka nisu stupio u poslovni odnos s nama, njegov pristanak vrijedi 2 godine od podno\u0161enja ili do opoziva. Na kraju razdoblja \u010duvanja, podaci \u0107e se izbrisati, uni\u0161titi, blokirati ili anonimizirati, ako zakonom nije druga\u010dije odre\u0111eno za svaku vrstu podataka.<\/p>\n<p>8) Prava Pojedinaca u vezi sa obra\u0111ivanjem osobnih podataka Jam\u010dimo izvr\u0161avanje va\u0161ih prava u vezi s obradom va\u0161ih osobnih podataka bez nepotrebnog odga\u0111anja. O va\u0161em \u0107emo zahtjevu odlu\u010diti u roku od mjesec dana od primitka zahtjeva. U slu\u010daju slo\u017eenosti i velikog broja zahtjeva, rok se mo\u017ee produ\u017eiti za najvi\u0161e dva dodatna mjeseca. Ako produljimo rok, obavijestit \u0107emo vas o svakom takvom produljenju u roku od mjesec dana od primitka zahtjeva, zajedno s razlozima odgode.<\/p>\n<p>Zahtjeve u vezi s ostvarivanjem va\u0161ih prava prihva\u0107amo e-po\u0161tom kontakt@activeluxe-cosmetics.com ili po po\u0161ti na adresu Medilip Adria d.o.o., Drage Gervaisa 9, 51500 Krk. Kad predate zahtjev elektroni\u010dkim sredstvima, pru\u017eit \u0107emo vam podatke elektroni\u010dkim putem kad god je to mogu\u0107e, osim ako ne zatra\u017eite druga\u010dije. Ako postoji osnovana sumnja u identitet pojedinca koji podnese zahtjev u vezi s bilo kojim od njegovih prava, mo\u017eemo zatra\u017eiti pru\u017eanje dodatnih podataka potrebnih za potvrdu identiteta na kojega se odnose osobni podaci. Ako su zahtjevi pojedinca na kojega se odnose podaci o\u010dito neutemeljeni ili pretjerani, posebno zato \u0161to se ponavljaju, poduze\u0107e mo\u017ee: \u2013 zara\u010dunati razumnu naknadu, uzimaju\u0107i u obzir administrativne tro\u0161kove pru\u017eanja informacija ili komunikacije ili provo\u0111enja potrebne radnje, ili \u2013 odbiti postupati u vezi sa zahtjevom<\/p>\n<p>Omogu\u0107avamo vam sljede\u0107a prava u vezi sa obradom va\u0161ih osobnih podataka: (i) pravo do pristupa podataka (ii) pravo popravka (iii) pravo brisanja (\u00bbpravo do zaborava\u00ab) (iv) pravo do ograni\u010devanja obrade podataka (v) pravo do preno\u0161enja podataka (vi) pravo do ugovora (i) pravo do pristupa podataka Uvijek imate pravo znati i biti informirani, da li se u vezi sa vama obra\u0111uju osobni podaci i ukoliko je to to\u010dna tvrdnja, tada pristup do osobnih podataka sadr\u017ei sljede\u0107e: \u2013 namjenu obrade, \u2013 vrstu osobnih podataka, koji se obra\u0111uju \u2013 korisnike ili kategorije korisnika, koji su bili ili \u0107e im otkriti osobne podatke \u2013 predvi\u0111en period \u010duvanja osobnih podataka ili ako to nije mogu\u0107e, mjerila koja se koriste za odre\u0111ivanje tog razdoblja \u2013 postojanje prava te da se zahtijeva od voditelja obrade da ispravi ili izbri\u0161e osobne podatke ili ograni\u010di obrada va\u0161ih osobnih podataka, ili postojanje prava na prigovor takvoj obradi, \u2013 pravo na podno\u0161enje \u017ealbe nadzornom tijelu, \u2013 osobni podaci se ne prikupljaju od vas, sve informacije su dostupne u vezi s njihovim izvorom (ii) pravo do popravka Imate pravo ispraviti neto\u010dne osobne podatke koji se odnose na vas bez nepotrebnog odga\u0111anja i uzimaju\u0107i u obzir svrhe obrade, pravo na dopunu nepotpunih osobnih podataka, uklju\u010duju\u0107i podno\u0161enje dopunske izjave. (iii) pravo do izbrisa (\u00bbpravo do zaborava\u00ab) Imate pravo na brisanje va\u0161ih osobnih podataka bez nepotrebnog odga\u0111anja kada se odnosi na jedan od sljede\u0107ih razloga: \u2013 gdje osobni podaci vi\u0161e nisu potrebni za svrhe u koje su prikupljeni ili na drugi na\u010din obra\u0111eni, \u2013 kada opozivate privolu na temelju koje se vr\u0161i obrada, ne postoji drugi pravni temelj za obradu, \u2013 ako se protivite obradi podataka i nema nu\u017enih opravdanih razloga za njihovu obradu, \u2013 kada su osobni podaci obra\u0111eni nezakonito, \u2013 kada se osobni podaci moraju izbrisati kako bi se ispunila zakonska obveza u skladu s pravom EU-a ili Slovenskim pravnim poretkom. (iv) pravo do ograni\u010denja obrade podataka Imate pravo ograni\u010diti obradu svojih osobnih podataka u svezi sa jednim od sljede\u0107ih slu\u010dajeva: \u2013 kada osporavate to\u010dnost podataka, tijekom razdoblja koje nam omogu\u0107uje provjeru to\u010dnosti osobnih podataka, \u2013 obrada je protuzakonita i vi se protivite brisanju osobnih podataka i umjesto toga tra\u017eite ograni\u010denje njihove upotrebe, \u2013 vi\u0161e ne trebamo va\u0161e osobne podatke za potrebe obrade, ali vi ih trebate za uvo\u0111enje, provo\u0111enje ili obranu pravnih zahtjeva, \u2013 ako ste ulo\u017eili prigovor na obradu na temelju legitimnih interesa tvrtke dok se ne provjeri jesu li na\u0161i legitimni razlozi ve\u0107i od va\u0161ih razloga. Ako je obrada va\u0161ih osobnih podataka ograni\u010dena u skladu s prethodnim stavkom, takvi \u0107e se osobni podaci, osim njihovog pohranjivanja, obra\u0111ivati samo uz va\u0161 pristanak, bilo radi ostvarivanja, provo\u0111enja ili obrane pravnih zahtjeva ili radi za\u0161tite prava druge fizi\u010dke ili pravne osobe. Obavezni smo vas obavijestiti prije ukidanja ograni\u010denja obrade va\u0161ih osobnih podataka. (v) pravo do prijenosa podataka Imate pravo na primanje svojih osobnih podataka koji su nam dostavljeni u strukturiranom, \u010desto kori\u0161tenom i strojno \u010ditljivom obliku i pravo na proslje\u0111ivanje tih podataka drugom kontroloru, a da ih tvrtka ne ometa kada se obrada temelji na va\u0161em pristanku, a obrada se izvodi automatiziranim sredstvima. Na va\u0161 zahtjev, gdje je to tehni\u010dki izvedivo, osobni podaci se mogu izravno prenijeti na drugog upravitelja obrade. (vi) pravo do ugovora Kada va\u0161e podatke obra\u0111ujemo na temelju legitimnog interesa u marketin\u0161ke svrhe, u bilo kojem trenutku mo\u017eete podnijeti prigovor takvoj obradi. Prestajemo obra\u0111ivati va\u0161e osobne podatke osim ako ne doka\u017eemo uvjerljive razloge za obradu koje prema\u0161uju va\u0161e interese, prava i slobode ili ukoliko se radi o utvr\u0111ivanju, provo\u0111enju ili obrani pravnih zahtjeva. 9) Pravo do podno\u0161enja pritu\u017ebe u vezi sa obradom osobnih podataka Mogu\u0107u pritu\u017ebu, u vezi sa obradom va\u0161ih osobnih podataka mo\u017eete poslati na elektronsku po\u0161tu: kontakt@activeluxe-cosmetics.com ili po po\u0161ti na adresu Medilip Adria d.o.o., Drage Gervaisa 9, 51500 Krk. U slu\u010daju da o va\u0161em zahtjevu ne odlu\u010dimo u zakonskom roku ili ukoliko odbijemo va\u0161 zahtjev, imate mogu\u0107nost podno\u0161enja \u017ealbe povjereniku za informacije. Tako\u0111er imate pravo izravno podnijeti \u017ealbu Povjereniku za informacije ako smatrate da obrada va\u0161ih osobnih podataka kr\u0161i EU propise na podru\u010dju za\u0161tite osobnih podataka. Ako ste ostvarili svoje pravo na pristup podacima i nakon primitka odluke smatrate da osobni podaci koje ste dobili nisu osobni podaci koje ste zatra\u017eili ili da niste dobili sve tra\u017eene osobne podatke, mo\u017eete podnijeti obrazlo\u017eenu \u017ealbu Povjereniku za informacije u poduze\u0107u u roku od 15 dana. O va\u0161oj \u017ealbi moramo odlu\u010diti kao da se radi o novom zahtjevu u roku od pet radnih dana. 10) Zavr\u0161ne odredbe Sve \u0161to nije obuhva\u0107eno ovim Pravilima o privatnosti podlije\u017ee mjerodavnom zakonu. Tvrtka zadr\u017eava pravo promjene ovih Pravila o privatnosti. O promjeni \u0107emo vas obavijestiti objavljivanjem na slu\u017ebenoj web stranici Medilip Adria d.o.o. 30 dana prije stupanja na snagu. U slu\u010daju pitanja o Politici privatnosti ili o podacima koje imamo o vama, pi\u0161ite nam na e-adresu kontakt@activeluxe-cosmetics.com<\/p>\n<p>11) Valjanost Politike privatnosti Ova Pravila o privatnosti objavljena su na web mjestu Active Luxe Cosmetics i na snazi su od 25.5.2018 Medilip Adria d.o.o.<\/p>\n\t\t\t<\/div>\n\t\n\n\t\t<\/div>\n\t\t\t\t\t<\/div>\n\n\t\n\n<\/div>\n\n\t\t<\/div>\n\n\t\t\n<style>\n#section_871451172 {\n  padding-top: 30px;\n  padding-bottom: 30px;\n}\n<\/style>\n\t<\/section>\n\t\n\n","protected":false},"excerpt":{"rendered":"","protected":false},"author":6,"featured_media":0,"parent":0,"menu_order":0,"comment_status":"closed","ping_status":"closed","template":"","meta":{"footnotes":""},"class_list":["post-80934","page","type-page","status-publish","hentry"],"acf":[],"yoast_head":"<!-- This site is optimized with the Yoast SEO plugin v26.5 - https:\/\/yoast.com\/wordpress\/plugins\/seo\/ -->\n<title>Pravilnik o privatnosti - Active Luxe Cosmetics<\/title>\n<meta name=\"robots\" content=\"index, follow, max-snippet:-1, max-image-preview:large, max-video-preview:-1\" \/>\n<link rel=\"canonical\" href=\"https:\/\/activeluxe-cosmetics.com\/hr\/pravilnik-o-privatnosti\/\" \/>\n<meta property=\"og:locale\" content=\"hr_HR\" \/>\n<meta property=\"og:type\" content=\"article\" \/>\n<meta property=\"og:title\" content=\"Pravilnik o privatnosti - Active Luxe Cosmetics\" \/>\n<meta property=\"og:url\" content=\"https:\/\/activeluxe-cosmetics.com\/hr\/pravilnik-o-privatnosti\/\" \/>\n<meta property=\"og:site_name\" content=\"Active Luxe Cosmetics\" \/>\n<meta property=\"article:modified_time\" content=\"2024-02-06T14:01:14+00:00\" \/>\n<meta name=\"twitter:card\" content=\"summary_large_image\" \/>\n<meta name=\"twitter:label1\" content=\"Procijenjeno vrijeme \u010ditanja\" \/>\n\t<meta name=\"twitter:data1\" content=\"13 minuta\" \/>\n<script type=\"application\/ld+json\" class=\"yoast-schema-graph\">{\"@context\":\"https:\/\/schema.org\",\"@graph\":[{\"@type\":\"WebPage\",\"@id\":\"https:\/\/activeluxe-cosmetics.com\/hr\/pravilnik-o-privatnosti\/\",\"url\":\"https:\/\/activeluxe-cosmetics.com\/hr\/pravilnik-o-privatnosti\/\",\"name\":\"Pravilnik o privatnosti - Active Luxe Cosmetics\",\"isPartOf\":{\"@id\":\"https:\/\/activeluxe-cosmetics.com\/hr\/#website\"},\"datePublished\":\"2024-01-29T12:38:17+00:00\",\"dateModified\":\"2024-02-06T14:01:14+00:00\",\"breadcrumb\":{\"@id\":\"https:\/\/activeluxe-cosmetics.com\/hr\/pravilnik-o-privatnosti\/#breadcrumb\"},\"inLanguage\":\"hr\",\"potentialAction\":[{\"@type\":\"ReadAction\",\"target\":[\"https:\/\/activeluxe-cosmetics.com\/hr\/pravilnik-o-privatnosti\/\"]}]},{\"@type\":\"BreadcrumbList\",\"@id\":\"https:\/\/activeluxe-cosmetics.com\/hr\/pravilnik-o-privatnosti\/#breadcrumb\",\"itemListElement\":[{\"@type\":\"ListItem\",\"position\":1,\"name\":\"Naslovnica\",\"item\":\"https:\/\/activeluxe-cosmetics.com\/hr\/\"},{\"@type\":\"ListItem\",\"position\":2,\"name\":\"Pravilnik o privatnosti\"}]},{\"@type\":\"WebSite\",\"@id\":\"https:\/\/activeluxe-cosmetics.com\/hr\/#website\",\"url\":\"https:\/\/activeluxe-cosmetics.com\/hr\/\",\"name\":\"Active Luxe Cosmetics\",\"description\":\"\",\"potentialAction\":[{\"@type\":\"SearchAction\",\"target\":{\"@type\":\"EntryPoint\",\"urlTemplate\":\"https:\/\/activeluxe-cosmetics.com\/hr\/?s={search_term_string}\"},\"query-input\":{\"@type\":\"PropertyValueSpecification\",\"valueRequired\":true,\"valueName\":\"search_term_string\"}}],\"inLanguage\":\"hr\"}]}<\/script>\n<!-- \/ Yoast SEO plugin. -->","yoast_head_json":{"title":"Pravilnik o privatnosti - Active Luxe Cosmetics","robots":{"index":"index","follow":"follow","max-snippet":"max-snippet:-1","max-image-preview":"max-image-preview:large","max-video-preview":"max-video-preview:-1"},"canonical":"https:\/\/activeluxe-cosmetics.com\/hr\/pravilnik-o-privatnosti\/","og_locale":"hr_HR","og_type":"article","og_title":"Pravilnik o privatnosti - Active Luxe Cosmetics","og_url":"https:\/\/activeluxe-cosmetics.com\/hr\/pravilnik-o-privatnosti\/","og_site_name":"Active Luxe Cosmetics","article_modified_time":"2024-02-06T14:01:14+00:00","twitter_card":"summary_large_image","twitter_misc":{"Procijenjeno vrijeme \u010ditanja":"13 minuta"},"schema":{"@context":"https:\/\/schema.org","@graph":[{"@type":"WebPage","@id":"https:\/\/activeluxe-cosmetics.com\/hr\/pravilnik-o-privatnosti\/","url":"https:\/\/activeluxe-cosmetics.com\/hr\/pravilnik-o-privatnosti\/","name":"Pravilnik o privatnosti - Active Luxe Cosmetics","isPartOf":{"@id":"https:\/\/activeluxe-cosmetics.com\/hr\/#website"},"datePublished":"2024-01-29T12:38:17+00:00","dateModified":"2024-02-06T14:01:14+00:00","breadcrumb":{"@id":"https:\/\/activeluxe-cosmetics.com\/hr\/pravilnik-o-privatnosti\/#breadcrumb"},"inLanguage":"hr","potentialAction":[{"@type":"ReadAction","target":["https:\/\/activeluxe-cosmetics.com\/hr\/pravilnik-o-privatnosti\/"]}]},{"@type":"BreadcrumbList","@id":"https:\/\/activeluxe-cosmetics.com\/hr\/pravilnik-o-privatnosti\/#breadcrumb","itemListElement":[{"@type":"ListItem","position":1,"name":"Naslovnica","item":"https:\/\/activeluxe-cosmetics.com\/hr\/"},{"@type":"ListItem","position":2,"name":"Pravilnik o privatnosti"}]},{"@type":"WebSite","@id":"https:\/\/activeluxe-cosmetics.com\/hr\/#website","url":"https:\/\/activeluxe-cosmetics.com\/hr\/","name":"Active Luxe Cosmetics","description":"","potentialAction":[{"@type":"SearchAction","target":{"@type":"EntryPoint","urlTemplate":"https:\/\/activeluxe-cosmetics.com\/hr\/?s={search_term_string}"},"query-input":{"@type":"PropertyValueSpecification","valueRequired":true,"valueName":"search_term_string"}}],"inLanguage":"hr"}]}},"_links":{"self":[{"href":"https:\/\/activeluxe-cosmetics.com\/hr\/wp-json\/wp\/v2\/pages\/80934","targetHints":{"allow":["GET"]}}],"collection":[{"href":"https:\/\/activeluxe-cosmetics.com\/hr\/wp-json\/wp\/v2\/pages"}],"about":[{"href":"https:\/\/activeluxe-cosmetics.com\/hr\/wp-json\/wp\/v2\/types\/page"}],"author":[{"embeddable":true,"href":"https:\/\/activeluxe-cosmetics.com\/hr\/wp-json\/wp\/v2\/users\/6"}],"replies":[{"embeddable":true,"href":"https:\/\/activeluxe-cosmetics.com\/hr\/wp-json\/wp\/v2\/comments?post=80934"}],"version-history":[{"count":4,"href":"https:\/\/activeluxe-cosmetics.com\/hr\/wp-json\/wp\/v2\/pages\/80934\/revisions"}],"predecessor-version":[{"id":81402,"href":"https:\/\/activeluxe-cosmetics.com\/hr\/wp-json\/wp\/v2\/pages\/80934\/revisions\/81402"}],"wp:attachment":[{"href":"https:\/\/activeluxe-cosmetics.com\/hr\/wp-json\/wp\/v2\/media?parent=80934"}],"curies":[{"name":"wp","href":"https:\/\/api.w.org\/{rel}","templated":true}]}}