{"id":72691,"date":"2024-01-15T07:51:25","date_gmt":"2024-01-15T07:51:25","guid":{"rendered":"https:\/\/activeluxe-cosmetics.com\/hr\/?page_id=72691"},"modified":"2024-02-06T13:59:47","modified_gmt":"2024-02-06T13:59:47","slug":"kontakt","status":"publish","type":"page","link":"https:\/\/activeluxe-cosmetics.com\/hr\/kontakt\/","title":{"rendered":"Kontakt"},"content":{"rendered":"\n\t<section class=\"section al-section-bg-contain al-full-width-section al-mw-1340-content\" id=\"section_725866423\">\n\t\t<div class=\"bg section-bg fill bg-fill  \" >\n\n\t\t\t\n\t\t\t\n\t\t\t\n\n\t\t<\/div>\n\n\t\t\n\n\t\t<div class=\"section-content relative\">\n\t\t\t\n\n<div class=\"row\"  id=\"row-358624977\">\n\n\n\t<div id=\"col-917044723\" class=\"col small-12 large-12\"  >\n\t\t\t\t<div class=\"col-inner\"  >\n\t\t\t\n\t\t\t\n\n\t<div id=\"text-1784817085\" class=\"text al-p-48\">\n\t\t\n\n<h2>Kontakt<\/h2>\n\t\t\t<\/div>\n\t\n\t<div id=\"gap-379389397\" class=\"gap-element clearfix al-gap-70\" style=\"display:block; height:auto;\">\n\t\t\n<style>\n#gap-379389397 {\n  padding-top: 30px;\n}\n@media (min-width:550px) {\n  #gap-379389397 {\n    padding-top: 70px;\n  }\n}\n<\/style>\n\t<\/div>\n\t\n\n\t<div id=\"text-728314192\" class=\"text\">\n\t\t\n\n<span><span><a href=\"https:\/\/activeluxe-cosmetics.com\/hr\/\">Naslovnica<\/a><\/span><\/span>\n\t\t\n<style>\n#text-728314192 {\n  color: rgb(129, 129, 129);\n}\n#text-728314192 > * {\n  color: rgb(129, 129, 129);\n}\n<\/style>\n\t<\/div>\n\t\n\n\t\t<\/div>\n\t\t\t\t\t<\/div>\n\n\t\n\n\n<style>\n#row-358624977 > .col > .col-inner {\n  padding: 50px 0px 0px 0px;\n}\n@media (min-width:550px) {\n  #row-358624977 > .col > .col-inner {\n    padding: 100px 0px 30px 0px;\n  }\n}\n<\/style>\n<\/div>\n\n\t\t<\/div>\n\n\t\t\n<style>\n#section_725866423 {\n  padding-top: 30px;\n  padding-bottom: 30px;\n  background-color: rgb(226, 201, 180);\n}\n#section_725866423 .section-bg.bg-loaded {\n  background-image: url(https:\/\/activeluxe-cosmetics.com\/hr\/wp-content\/uploads\/2024\/01\/shutterstock_2212932693-1.jpg);\n}\n#section_725866423 .section-bg {\n  background-position: right;\n}\n<\/style>\n\t<\/section>\n\t\n\t<section class=\"section\" id=\"section_1008565935\">\n\t\t<div class=\"bg section-bg fill bg-fill  bg-loaded\" >\n\n\t\t\t\n\t\t\t\n\t\t\t\n\n\t\t<\/div>\n\n\t\t\n\n\t\t<div class=\"section-content relative\">\n\t\t\t\n\n\t<div id=\"gap-2928272\" class=\"gap-element clearfix al-gap-50\" style=\"display:block; height:auto;\">\n\t\t\n<style>\n#gap-2928272 {\n  padding-top: 50px;\n}\n<\/style>\n\t<\/div>\n\t\n\n<div class=\"row\"  id=\"row-549513381\">\n\n\n\t<div id=\"col-605970562\" class=\"col medium-5 small-12 large-5\"  >\n\t\t\t\t<div class=\"col-inner\"  >\n\t\t\t\n\t\t\t\n\n\t<div id=\"text-2106698848\" class=\"text al-p-20\">\n\t\t\n\n<p><strong>INFORMACIJE<\/strong><\/p>\n\t\t\t<\/div>\n\t\n\t<div id=\"text-2076820938\" class=\"text al-p-18\">\n\t\t\n\n<p><strong>E-mail:<\/strong> <a href=\"mailto:kontakt@active-luxecosmetics.com\">kontakt@activeluxe-cosmetics.com<\/a><br \/><strong>Telefon<\/strong>: <a href=\"tel:0038599521 5969\">+385 (0)99 521 5969<\/a><\/p>\n<p><strong>Radno vrijeme<\/strong><br \/>Ponedjeljak &#8211; Petak: 8:00 &#8211; 16:00<\/p>\n\t\t\t<\/div>\n\t\n\t<div id=\"gap-1472522641\" class=\"gap-element clearfix al-gap-20\" style=\"display:block; height:auto;\">\n\t\t\n<style>\n#gap-1472522641 {\n  padding-top: 20px;\n}\n<\/style>\n\t<\/div>\n\t\n\n\n\t\t<\/div>\n\t\t\t\t\t<\/div>\n\n\t\n\n\t<div id=\"col-273486069\" class=\"col medium-7 small-12 large-7\"  >\n\t\t\t\t<div class=\"col-inner\" style=\"background-color:rgb(240, 223, 195);\" >\n\t\t\t\n\t\t\t\n\n\t<div id=\"text-2460503470\" class=\"text al-p-38\">\n\t\t\n\n<h2>\u017deli\u0161 nas pohvaliti, ostaviti recenziju ili ima\u0161 pitanje? <strong>Pi\u0161i nam.<\/strong><\/h2>\n\t\t\t<\/div>\n\t\n\t<div id=\"gap-1234138626\" class=\"gap-element clearfix al-gap-30\" style=\"display:block; height:auto;\">\n\t\t\n<style>\n#gap-1234138626 {\n  padding-top: 30px;\n}\n<\/style>\n\t<\/div>\n\t\n\n\n<div class=\"wpcf7 no-js\" id=\"wpcf7-f72703-o1\" lang=\"en-US\" dir=\"ltr\" data-wpcf7-id=\"72703\">\n<div class=\"screen-reader-response\"><p role=\"status\" aria-live=\"polite\" aria-atomic=\"true\"><\/p> <ul><\/ul><\/div>\n<form action=\"\/hr\/wp-json\/wp\/v2\/pages\/72691#wpcf7-f72703-o1\" method=\"post\" class=\"wpcf7-form init\" aria-label=\"Contact form\" enctype=\"multipart\/form-data\" novalidate=\"novalidate\" data-status=\"init\">\n<fieldset class=\"hidden-fields-container\"><input type=\"hidden\" name=\"_wpcf7\" value=\"72703\" \/><input type=\"hidden\" name=\"_wpcf7_version\" value=\"6.1.4\" \/><input type=\"hidden\" name=\"_wpcf7_locale\" value=\"en_US\" \/><input type=\"hidden\" name=\"_wpcf7_unit_tag\" value=\"wpcf7-f72703-o1\" \/><input type=\"hidden\" name=\"_wpcf7_container_post\" value=\"0\" \/><input type=\"hidden\" name=\"_wpcf7_posted_data_hash\" value=\"\" \/>\n<\/fieldset>\n<div class=\"al-cf\">\n\t<div class=\"al-cf-field\">\n\t\t<p class=\"al-cf-label\">\u017deli\u0161 nas pohvaliti, ostaviti recenziju ili ima\u0161 pitanje? Pi\u0161i nam.\n\t\t<\/p>\n\t\t<p><span class=\"wpcf7-form-control-wrap\" data-name=\"your-sports\"><span class=\"wpcf7-form-control wpcf7-radio\"><span class=\"wpcf7-list-item first\"><input type=\"radio\" name=\"your-sports\" value=\"\u017delim predati recenziju proizvoda\" checked=\"checked\" \/><span class=\"wpcf7-list-item-label\">\u017delim predati recenziju proizvoda<\/span><\/span><span class=\"wpcf7-list-item\"><input type=\"radio\" name=\"your-sports\" value=\"Imam upit u vezi proizvoda\/online trgovine\" \/><span class=\"wpcf7-list-item-label\">Imam upit u vezi proizvoda\/online trgovine<\/span><\/span><span class=\"wpcf7-list-item last\"><input type=\"radio\" name=\"your-sports\" value=\"Imam druga\u010diji upit\" \/><span class=\"wpcf7-list-item-label\">Imam druga\u010diji upit<\/span><\/span><\/span><\/span>\n\t\t<\/p>\n\t<\/div>\n\t<div class=\"al-cf-field\">\n\t\t<p><label>Poruka:<br \/>\n<span class=\"wpcf7-form-control-wrap\" data-name=\"textarea-538\"><textarea cols=\"40\" rows=\"10\" maxlength=\"2000\" class=\"wpcf7-form-control wpcf7-textarea wpcf7-validates-as-required\" aria-required=\"true\" aria-invalid=\"false\" name=\"textarea-538\"><\/textarea><\/span><\/label>\n\t\t<\/p>\n\t<\/div>\n\t<div class=\"al-cf-field al-cf-field-file\">\n\t\t<p><label><br \/>\n<span class=\"wpcf7-form-control-wrap\" data-name=\"file-16\"><input size=\"40\" class=\"wpcf7-form-control wpcf7-file\" accept=\".jpg,.jpeg,.png,.webp,.heic,.pdf\" aria-invalid=\"false\" type=\"file\" name=\"file-16\" \/><\/span><br \/>\n<\/label>\n\t\t<\/p>\n\t\t<div>\n\t\t\t<p>Maksimalna veli\u010dina datoteke je 10MB.\n\t\t\t<\/p>\n\t\t\t<p>Podr\u017eani su formati .jpg, .jpeg, .png, .webp, .heic, .pdf.\n\t\t\t<\/p>\n\t\t<\/div>\n\t<\/div>\n\t<div class=\"al-cf-field\">\n\t\t<p><label> E-mail adresa:<br \/>\n<span class=\"wpcf7-form-control-wrap\" data-name=\"your-email\"><input size=\"40\" maxlength=\"400\" class=\"wpcf7-form-control wpcf7-email wpcf7-validates-as-required wpcf7-text wpcf7-validates-as-email\" autocomplete=\"email\" aria-required=\"true\" aria-invalid=\"false\" value=\"\" type=\"email\" name=\"your-email\" \/><\/span> <\/label>\n\t\t<\/p>\n\t<\/div>\n\t<div class=\"al-cf-field al-cf-field-acceptance\">\n\t\t<p><span class=\"wpcf7-form-control-wrap\" data-name=\"acceptance-393\"><span class=\"wpcf7-form-control wpcf7-acceptance\"><span class=\"wpcf7-list-item\"><input type=\"checkbox\" name=\"acceptance-393\" value=\"1\" aria-invalid=\"false\" \/><\/span><\/span><\/span>\n\t\t<\/p>\n\t\t<p>Kori\u0161tenjem kontakt forme sla\u017eem se s Uvjetima kori\u0161tenja.\n\t\t<\/p>\n\t<\/div>\n\t<div class=\"al-cf-field al-cf-field-submit\">\n\t\t<p><input class=\"wpcf7-form-control wpcf7-submit has-spinner\" type=\"submit\" value=\"PO\u0160ALJI PORUKU\" \/>\n\t\t<\/p>\n\t<\/div>\n<\/div><div class=\"wpcf7-response-output\" aria-hidden=\"true\"><\/div>\n<\/form>\n<\/div>\n\n\n\n\t\t<\/div>\n\t\t\t\t\n<style>\n#col-273486069 > .col-inner {\n  padding: 20px 20px 20px 20px;\n}\n@media (min-width:550px) {\n  #col-273486069 > .col-inner {\n    padding: 60px 70px 60px 70px;\n  }\n}\n<\/style>\n\t<\/div>\n\n\t\n\n<\/div>\n\n\t\t<\/div>\n\n\t\t\n<style>\n#section_1008565935 {\n  padding-top: 0px;\n  padding-bottom: 0px;\n}\n<\/style>\n\t<\/section>\n\t\n\n","protected":false},"excerpt":{"rendered":"","protected":false},"author":6,"featured_media":0,"parent":0,"menu_order":0,"comment_status":"closed","ping_status":"closed","template":"","meta":{"footnotes":""},"class_list":["post-72691","page","type-page","status-publish","hentry"],"acf":[],"yoast_head":"<!-- This site is optimized with the Yoast SEO plugin v26.5 - https:\/\/yoast.com\/wordpress\/plugins\/seo\/ -->\n<title>Kontakt - Active Luxe Cosmetics<\/title>\n<meta name=\"robots\" content=\"index, follow, max-snippet:-1, max-image-preview:large, max-video-preview:-1\" \/>\n<link rel=\"canonical\" href=\"https:\/\/activeluxe-cosmetics.com\/hr\/kontakt\/\" \/>\n<meta property=\"og:locale\" content=\"hr_HR\" \/>\n<meta property=\"og:type\" content=\"article\" \/>\n<meta property=\"og:title\" content=\"Kontakt - Active Luxe Cosmetics\" \/>\n<meta property=\"og:url\" content=\"https:\/\/activeluxe-cosmetics.com\/hr\/kontakt\/\" \/>\n<meta property=\"og:site_name\" content=\"Active Luxe Cosmetics\" \/>\n<meta property=\"article:modified_time\" content=\"2024-02-06T13:59:47+00:00\" \/>\n<meta name=\"twitter:card\" content=\"summary_large_image\" \/>\n<meta name=\"twitter:label1\" content=\"Procijenjeno vrijeme \u010ditanja\" \/>\n\t<meta name=\"twitter:data1\" content=\"1 minuta\" \/>\n<script type=\"application\/ld+json\" class=\"yoast-schema-graph\">{\"@context\":\"https:\/\/schema.org\",\"@graph\":[{\"@type\":\"WebPage\",\"@id\":\"https:\/\/activeluxe-cosmetics.com\/hr\/kontakt\/\",\"url\":\"https:\/\/activeluxe-cosmetics.com\/hr\/kontakt\/\",\"name\":\"Kontakt - Active Luxe Cosmetics\",\"isPartOf\":{\"@id\":\"https:\/\/activeluxe-cosmetics.com\/hr\/#website\"},\"datePublished\":\"2024-01-15T07:51:25+00:00\",\"dateModified\":\"2024-02-06T13:59:47+00:00\",\"breadcrumb\":{\"@id\":\"https:\/\/activeluxe-cosmetics.com\/hr\/kontakt\/#breadcrumb\"},\"inLanguage\":\"hr\",\"potentialAction\":[{\"@type\":\"ReadAction\",\"target\":[\"https:\/\/activeluxe-cosmetics.com\/hr\/kontakt\/\"]}]},{\"@type\":\"BreadcrumbList\",\"@id\":\"https:\/\/activeluxe-cosmetics.com\/hr\/kontakt\/#breadcrumb\",\"itemListElement\":[{\"@type\":\"ListItem\",\"position\":1,\"name\":\"Naslovnica\",\"item\":\"https:\/\/activeluxe-cosmetics.com\/hr\/\"},{\"@type\":\"ListItem\",\"position\":2,\"name\":\"Kontakt\"}]},{\"@type\":\"WebSite\",\"@id\":\"https:\/\/activeluxe-cosmetics.com\/hr\/#website\",\"url\":\"https:\/\/activeluxe-cosmetics.com\/hr\/\",\"name\":\"Active Luxe Cosmetics\",\"description\":\"\",\"potentialAction\":[{\"@type\":\"SearchAction\",\"target\":{\"@type\":\"EntryPoint\",\"urlTemplate\":\"https:\/\/activeluxe-cosmetics.com\/hr\/?s={search_term_string}\"},\"query-input\":{\"@type\":\"PropertyValueSpecification\",\"valueRequired\":true,\"valueName\":\"search_term_string\"}}],\"inLanguage\":\"hr\"}]}<\/script>\n<!-- \/ Yoast SEO plugin. -->","yoast_head_json":{"title":"Kontakt - Active Luxe Cosmetics","robots":{"index":"index","follow":"follow","max-snippet":"max-snippet:-1","max-image-preview":"max-image-preview:large","max-video-preview":"max-video-preview:-1"},"canonical":"https:\/\/activeluxe-cosmetics.com\/hr\/kontakt\/","og_locale":"hr_HR","og_type":"article","og_title":"Kontakt - Active Luxe Cosmetics","og_url":"https:\/\/activeluxe-cosmetics.com\/hr\/kontakt\/","og_site_name":"Active Luxe Cosmetics","article_modified_time":"2024-02-06T13:59:47+00:00","twitter_card":"summary_large_image","twitter_misc":{"Procijenjeno vrijeme \u010ditanja":"1 minuta"},"schema":{"@context":"https:\/\/schema.org","@graph":[{"@type":"WebPage","@id":"https:\/\/activeluxe-cosmetics.com\/hr\/kontakt\/","url":"https:\/\/activeluxe-cosmetics.com\/hr\/kontakt\/","name":"Kontakt - Active Luxe Cosmetics","isPartOf":{"@id":"https:\/\/activeluxe-cosmetics.com\/hr\/#website"},"datePublished":"2024-01-15T07:51:25+00:00","dateModified":"2024-02-06T13:59:47+00:00","breadcrumb":{"@id":"https:\/\/activeluxe-cosmetics.com\/hr\/kontakt\/#breadcrumb"},"inLanguage":"hr","potentialAction":[{"@type":"ReadAction","target":["https:\/\/activeluxe-cosmetics.com\/hr\/kontakt\/"]}]},{"@type":"BreadcrumbList","@id":"https:\/\/activeluxe-cosmetics.com\/hr\/kontakt\/#breadcrumb","itemListElement":[{"@type":"ListItem","position":1,"name":"Naslovnica","item":"https:\/\/activeluxe-cosmetics.com\/hr\/"},{"@type":"ListItem","position":2,"name":"Kontakt"}]},{"@type":"WebSite","@id":"https:\/\/activeluxe-cosmetics.com\/hr\/#website","url":"https:\/\/activeluxe-cosmetics.com\/hr\/","name":"Active Luxe Cosmetics","description":"","potentialAction":[{"@type":"SearchAction","target":{"@type":"EntryPoint","urlTemplate":"https:\/\/activeluxe-cosmetics.com\/hr\/?s={search_term_string}"},"query-input":{"@type":"PropertyValueSpecification","valueRequired":true,"valueName":"search_term_string"}}],"inLanguage":"hr"}]}},"_links":{"self":[{"href":"https:\/\/activeluxe-cosmetics.com\/hr\/wp-json\/wp\/v2\/pages\/72691","targetHints":{"allow":["GET"]}}],"collection":[{"href":"https:\/\/activeluxe-cosmetics.com\/hr\/wp-json\/wp\/v2\/pages"}],"about":[{"href":"https:\/\/activeluxe-cosmetics.com\/hr\/wp-json\/wp\/v2\/types\/page"}],"author":[{"embeddable":true,"href":"https:\/\/activeluxe-cosmetics.com\/hr\/wp-json\/wp\/v2\/users\/6"}],"replies":[{"embeddable":true,"href":"https:\/\/activeluxe-cosmetics.com\/hr\/wp-json\/wp\/v2\/comments?post=72691"}],"version-history":[{"count":14,"href":"https:\/\/activeluxe-cosmetics.com\/hr\/wp-json\/wp\/v2\/pages\/72691\/revisions"}],"predecessor-version":[{"id":81400,"href":"https:\/\/activeluxe-cosmetics.com\/hr\/wp-json\/wp\/v2\/pages\/72691\/revisions\/81400"}],"wp:attachment":[{"href":"https:\/\/activeluxe-cosmetics.com\/hr\/wp-json\/wp\/v2\/media?parent=72691"}],"curies":[{"name":"wp","href":"https:\/\/api.w.org\/{rel}","templated":true}]}}