{"id":81226,"date":"2024-02-01T13:58:36","date_gmt":"2024-02-01T13:58:36","guid":{"rendered":"https:\/\/activeluxe-cosmetics.com\/en\/?post_type=product&#038;p=81226"},"modified":"2026-01-06T11:03:34","modified_gmt":"2026-01-06T11:03:34","slug":"antibacterial-cleanser","status":"publish","type":"product","link":"https:\/\/activeluxe-cosmetics.com\/en\/product\/antibacterial-cleanser\/","title":{"rendered":"Active Luxe Cleanser"},"content":{"rendered":"<p><img loading=\"lazy\" decoding=\"async\" class=\" wp-image-81868 alignright\" src=\"https:\/\/activeluxe-cosmetics.com\/en\/wp-content\/uploads\/2024\/02\/Izdelek-brez-naslova-1-1-460x575.png\" alt=\"\" width=\"360\" height=\"450\" srcset=\"https:\/\/activeluxe-cosmetics.com\/en\/wp-content\/uploads\/2024\/02\/Izdelek-brez-naslova-1-1-460x575.png 460w, https:\/\/activeluxe-cosmetics.com\/en\/wp-content\/uploads\/2024\/02\/Izdelek-brez-naslova-1-1-819x1024.png 819w, https:\/\/activeluxe-cosmetics.com\/en\/wp-content\/uploads\/2024\/02\/Izdelek-brez-naslova-1-1-768x960.png 768w, https:\/\/activeluxe-cosmetics.com\/en\/wp-content\/uploads\/2024\/02\/Izdelek-brez-naslova-1-1-600x750.png 600w, https:\/\/activeluxe-cosmetics.com\/en\/wp-content\/uploads\/2024\/02\/Izdelek-brez-naslova-1-1.png 1080w\" sizes=\"auto, (max-width: 360px) 100vw, 360px\" \/><\/p>\n<h2><span data-sheets-root=\"1\" data-sheets-value=\"{&quot;1&quot;:2,&quot;2&quot;:&quot;Aktivira ko\u017eu i vlasi\u0161te pomo\u0107u 540 ultratankih iglica&quot;}\" data-sheets-userformat=\"{&quot;2&quot;:19329,&quot;3&quot;:{&quot;1&quot;:0},&quot;10&quot;:0,&quot;11&quot;:4,&quot;12&quot;:0,&quot;14&quot;:{&quot;1&quot;:2,&quot;2&quot;:16739585},&quot;17&quot;:1}\">This spray will <strong>make you safe<\/strong><\/span><\/h2>\n<p id=\"tw-target-text\" class=\"tw-data-text tw-text-large tw-ta\" dir=\"ltr\" data-placeholder=\"Translation\" data-ved=\"2ahUKEwjm07vt8ZiEAxU8SPEDHe3XC1MQ3ewLegQIBRAU\"><span class=\"Y2IQFc\" lang=\"en\">Active Luxe Cleanser <strong>antibacterial<\/strong> <strong>spray<\/strong> is produced for effective cleaning of <strong>Active Luxe dermaroller<\/strong> and other cosmetic <strong>accessories<\/strong> (tweezers, eyelash curler, etc.). <\/span><\/p>\n<p class=\"tw-data-text tw-text-large tw-ta\" dir=\"ltr\" data-placeholder=\"Translation\" data-ved=\"2ahUKEwjm07vt8ZiEAxU8SPEDHe3XC1MQ3ewLegQIBRAU\"><span class=\"Y2IQFc\" lang=\"en\">The antibacterial spray is super <strong>easy<\/strong> <strong>to use<\/strong>. Spray the object you want to disinfect once and it is ready for use. Due to the practical packaging, you can take it with you everywhere.<\/span><\/p>\n<p data-start=\"466\" data-end=\"796\">It helps maintain <strong>proper hygiene<\/strong> and<strong> reduces the risk of bacteria buildup<\/strong> on frequently used beauty tools. Regular use ensures safer treatments and prolongs the lifespan of your cosmetic accessories. The<strong> fast-drying formula<\/strong> leaves no residue and does not damage delicate materials. Suitable <strong>for daily use<\/strong> at home or on the go.<\/p>\n<div id=\"gtx-trans\" style=\"position: absolute; left: 221px; top: 222px;\">\n<div class=\"gtx-trans-icon\"><\/div>\n<\/div>\n","protected":false},"excerpt":{"rendered":"<div class=\"c-product__short-description\">\n<p id=\"tw-target-text\" class=\"tw-data-text tw-text-large tw-ta\" dir=\"ltr\" data-placeholder=\"Translation\" data-ved=\"2ahUKEwjm07vt8ZiEAxU8SPEDHe3XC1MQ3ewLegQIBRAU\"><span class=\"Y2IQFc\" lang=\"en\">For effective cleaning of derma-rollers, tweezers and other care accessories.<\/span><\/p>\n<\/div>\n","protected":false},"featured_media":81866,"comment_status":"open","ping_status":"closed","template":"","meta":[],"product_brand":[],"product_cat":[99,107,108,53,42],"product_tag":[],"class_list":{"0":"post-81226","1":"product","2":"type-product","3":"status-publish","4":"has-post-thumbnail","6":"product_cat-accessories-hair","7":"product_cat-beard","8":"product_cat-hair-muskarci","9":"product_cat-hair","10":"product_cat-men","12":"first","13":"instock","14":"taxable","15":"shipping-taxable","16":"purchasable","17":"product-type-simple"},"bundled_by":[],"bundle_stock_status":"instock","bundle_stock_quantity":null,"bundle_virtual":false,"bundle_layout":"","bundle_add_to_cart_form_location":"","bundle_editable_in_cart":false,"bundle_sold_individually_context":"","bundle_item_grouping":"","bundle_min_size":"","bundle_max_size":"","bundled_items":[],"acf":[],"yoast_head":"<!-- This site is optimized with the Yoast SEO plugin v26.5 - https:\/\/yoast.com\/wordpress\/plugins\/seo\/ -->\n<title>Antibacterial cleanser - Active Luxe Cosmetics<\/title>\n<meta name=\"description\" content=\"Use it for cleaning your cosmetic accessories. Just spray it over and wait for 15 minutes to get dry. Spray the derma roller and wait for it to dry.\" \/>\n<meta name=\"robots\" content=\"index, follow, max-snippet:-1, max-image-preview:large, max-video-preview:-1\" \/>\n<link rel=\"canonical\" href=\"https:\/\/activeluxe-cosmetics.com\/en\/product\/antibacterial-cleanser\/\" \/>\n<meta property=\"og:locale\" content=\"en_US\" \/>\n<meta property=\"og:type\" content=\"article\" \/>\n<meta property=\"og:title\" content=\"Antibacterial cleanser - Active Luxe Cosmetics\" \/>\n<meta property=\"og:description\" content=\"Use it for cleaning your cosmetic accessories. Just spray it over and wait for 15 minutes to get dry. Spray the derma roller and wait for it to dry.\" \/>\n<meta property=\"og:url\" content=\"https:\/\/activeluxe-cosmetics.com\/en\/product\/antibacterial-cleanser\/\" \/>\n<meta property=\"og:site_name\" content=\"Active Luxe Cosmetics\" \/>\n<meta property=\"article:modified_time\" content=\"2026-01-06T11:03:34+00:00\" \/>\n<meta property=\"og:image\" content=\"https:\/\/activeluxe-cosmetics.com\/en\/wp-content\/uploads\/2024\/02\/45_Cleanser_Spray.jpg\" \/>\n\t<meta property=\"og:image:width\" content=\"1104\" \/>\n\t<meta property=\"og:image:height\" content=\"1326\" \/>\n\t<meta property=\"og:image:type\" content=\"image\/jpeg\" \/>\n<meta name=\"twitter:card\" content=\"summary_large_image\" \/>\n<meta name=\"twitter:label1\" content=\"Est. reading time\" \/>\n\t<meta name=\"twitter:data1\" content=\"1 minute\" \/>\n<script type=\"application\/ld+json\" class=\"yoast-schema-graph\">{\"@context\":\"https:\/\/schema.org\",\"@graph\":[{\"@type\":\"WebPage\",\"@id\":\"https:\/\/activeluxe-cosmetics.com\/en\/product\/antibacterial-cleanser\/\",\"url\":\"https:\/\/activeluxe-cosmetics.com\/en\/product\/antibacterial-cleanser\/\",\"name\":\"Antibacterial cleanser - Active Luxe Cosmetics\",\"isPartOf\":{\"@id\":\"https:\/\/activeluxe-cosmetics.com\/en\/#website\"},\"primaryImageOfPage\":{\"@id\":\"https:\/\/activeluxe-cosmetics.com\/en\/product\/antibacterial-cleanser\/#primaryimage\"},\"image\":{\"@id\":\"https:\/\/activeluxe-cosmetics.com\/en\/product\/antibacterial-cleanser\/#primaryimage\"},\"thumbnailUrl\":\"https:\/\/activeluxe-cosmetics.com\/en\/wp-content\/uploads\/2024\/02\/45_Cleanser_Spray.jpg\",\"datePublished\":\"2024-02-01T13:58:36+00:00\",\"dateModified\":\"2026-01-06T11:03:34+00:00\",\"description\":\"Use it for cleaning your cosmetic accessories. Just spray it over and wait for 15 minutes to get dry. Spray the derma roller and wait for it to dry.\",\"breadcrumb\":{\"@id\":\"https:\/\/activeluxe-cosmetics.com\/en\/product\/antibacterial-cleanser\/#breadcrumb\"},\"inLanguage\":\"en-US\",\"potentialAction\":[{\"@type\":\"ReadAction\",\"target\":[\"https:\/\/activeluxe-cosmetics.com\/en\/product\/antibacterial-cleanser\/\"]}]},{\"@type\":\"ImageObject\",\"inLanguage\":\"en-US\",\"@id\":\"https:\/\/activeluxe-cosmetics.com\/en\/product\/antibacterial-cleanser\/#primaryimage\",\"url\":\"https:\/\/activeluxe-cosmetics.com\/en\/wp-content\/uploads\/2024\/02\/45_Cleanser_Spray.jpg\",\"contentUrl\":\"https:\/\/activeluxe-cosmetics.com\/en\/wp-content\/uploads\/2024\/02\/45_Cleanser_Spray.jpg\",\"width\":1104,\"height\":1326},{\"@type\":\"BreadcrumbList\",\"@id\":\"https:\/\/activeluxe-cosmetics.com\/en\/product\/antibacterial-cleanser\/#breadcrumb\",\"itemListElement\":[{\"@type\":\"ListItem\",\"position\":1,\"name\":\"Home\",\"item\":\"https:\/\/activeluxe-cosmetics.com\/en\/\"},{\"@type\":\"ListItem\",\"position\":2,\"name\":\"Shop\",\"item\":\"https:\/\/activeluxe-cosmetics.com\/en\/shop\/\"},{\"@type\":\"ListItem\",\"position\":3,\"name\":\"Active Luxe Cleanser\"}]},{\"@type\":\"WebSite\",\"@id\":\"https:\/\/activeluxe-cosmetics.com\/en\/#website\",\"url\":\"https:\/\/activeluxe-cosmetics.com\/en\/\",\"name\":\"Active Luxe Cosmetics\",\"description\":\"\",\"potentialAction\":[{\"@type\":\"SearchAction\",\"target\":{\"@type\":\"EntryPoint\",\"urlTemplate\":\"https:\/\/activeluxe-cosmetics.com\/en\/?s={search_term_string}\"},\"query-input\":{\"@type\":\"PropertyValueSpecification\",\"valueRequired\":true,\"valueName\":\"search_term_string\"}}],\"inLanguage\":\"en-US\"}]}<\/script>\n<!-- \/ Yoast SEO plugin. -->","yoast_head_json":{"title":"Antibacterial cleanser - Active Luxe Cosmetics","description":"Use it for cleaning your cosmetic accessories. Just spray it over and wait for 15 minutes to get dry. Spray the derma roller and wait for it to dry.","robots":{"index":"index","follow":"follow","max-snippet":"max-snippet:-1","max-image-preview":"max-image-preview:large","max-video-preview":"max-video-preview:-1"},"canonical":"https:\/\/activeluxe-cosmetics.com\/en\/product\/antibacterial-cleanser\/","og_locale":"en_US","og_type":"article","og_title":"Antibacterial cleanser - Active Luxe Cosmetics","og_description":"Use it for cleaning your cosmetic accessories. Just spray it over and wait for 15 minutes to get dry. Spray the derma roller and wait for it to dry.","og_url":"https:\/\/activeluxe-cosmetics.com\/en\/product\/antibacterial-cleanser\/","og_site_name":"Active Luxe Cosmetics","article_modified_time":"2026-01-06T11:03:34+00:00","og_image":[{"width":1104,"height":1326,"url":"https:\/\/activeluxe-cosmetics.com\/en\/wp-content\/uploads\/2024\/02\/45_Cleanser_Spray.jpg","type":"image\/jpeg"}],"twitter_card":"summary_large_image","twitter_misc":{"Est. reading time":"1 minute"},"schema":{"@context":"https:\/\/schema.org","@graph":[{"@type":"WebPage","@id":"https:\/\/activeluxe-cosmetics.com\/en\/product\/antibacterial-cleanser\/","url":"https:\/\/activeluxe-cosmetics.com\/en\/product\/antibacterial-cleanser\/","name":"Antibacterial cleanser - Active Luxe Cosmetics","isPartOf":{"@id":"https:\/\/activeluxe-cosmetics.com\/en\/#website"},"primaryImageOfPage":{"@id":"https:\/\/activeluxe-cosmetics.com\/en\/product\/antibacterial-cleanser\/#primaryimage"},"image":{"@id":"https:\/\/activeluxe-cosmetics.com\/en\/product\/antibacterial-cleanser\/#primaryimage"},"thumbnailUrl":"https:\/\/activeluxe-cosmetics.com\/en\/wp-content\/uploads\/2024\/02\/45_Cleanser_Spray.jpg","datePublished":"2024-02-01T13:58:36+00:00","dateModified":"2026-01-06T11:03:34+00:00","description":"Use it for cleaning your cosmetic accessories. Just spray it over and wait for 15 minutes to get dry. Spray the derma roller and wait for it to dry.","breadcrumb":{"@id":"https:\/\/activeluxe-cosmetics.com\/en\/product\/antibacterial-cleanser\/#breadcrumb"},"inLanguage":"en-US","potentialAction":[{"@type":"ReadAction","target":["https:\/\/activeluxe-cosmetics.com\/en\/product\/antibacterial-cleanser\/"]}]},{"@type":"ImageObject","inLanguage":"en-US","@id":"https:\/\/activeluxe-cosmetics.com\/en\/product\/antibacterial-cleanser\/#primaryimage","url":"https:\/\/activeluxe-cosmetics.com\/en\/wp-content\/uploads\/2024\/02\/45_Cleanser_Spray.jpg","contentUrl":"https:\/\/activeluxe-cosmetics.com\/en\/wp-content\/uploads\/2024\/02\/45_Cleanser_Spray.jpg","width":1104,"height":1326},{"@type":"BreadcrumbList","@id":"https:\/\/activeluxe-cosmetics.com\/en\/product\/antibacterial-cleanser\/#breadcrumb","itemListElement":[{"@type":"ListItem","position":1,"name":"Home","item":"https:\/\/activeluxe-cosmetics.com\/en\/"},{"@type":"ListItem","position":2,"name":"Shop","item":"https:\/\/activeluxe-cosmetics.com\/en\/shop\/"},{"@type":"ListItem","position":3,"name":"Active Luxe Cleanser"}]},{"@type":"WebSite","@id":"https:\/\/activeluxe-cosmetics.com\/en\/#website","url":"https:\/\/activeluxe-cosmetics.com\/en\/","name":"Active Luxe Cosmetics","description":"","potentialAction":[{"@type":"SearchAction","target":{"@type":"EntryPoint","urlTemplate":"https:\/\/activeluxe-cosmetics.com\/en\/?s={search_term_string}"},"query-input":{"@type":"PropertyValueSpecification","valueRequired":true,"valueName":"search_term_string"}}],"inLanguage":"en-US"}]}},"_links":{"self":[{"href":"https:\/\/activeluxe-cosmetics.com\/en\/wp-json\/wp\/v2\/product\/81226","targetHints":{"allow":["GET"]}}],"collection":[{"href":"https:\/\/activeluxe-cosmetics.com\/en\/wp-json\/wp\/v2\/product"}],"about":[{"href":"https:\/\/activeluxe-cosmetics.com\/en\/wp-json\/wp\/v2\/types\/product"}],"replies":[{"embeddable":true,"href":"https:\/\/activeluxe-cosmetics.com\/en\/wp-json\/wp\/v2\/comments?post=81226"}],"wp:featuredmedia":[{"embeddable":true,"href":"https:\/\/activeluxe-cosmetics.com\/en\/wp-json\/wp\/v2\/media\/81866"}],"wp:attachment":[{"href":"https:\/\/activeluxe-cosmetics.com\/en\/wp-json\/wp\/v2\/media?parent=81226"}],"wp:term":[{"taxonomy":"product_brand","embeddable":true,"href":"https:\/\/activeluxe-cosmetics.com\/en\/wp-json\/wp\/v2\/product_brand?post=81226"},{"taxonomy":"product_cat","embeddable":true,"href":"https:\/\/activeluxe-cosmetics.com\/en\/wp-json\/wp\/v2\/product_cat?post=81226"},{"taxonomy":"product_tag","embeddable":true,"href":"https:\/\/activeluxe-cosmetics.com\/en\/wp-json\/wp\/v2\/product_tag?post=81226"}],"curies":[{"name":"wp","href":"https:\/\/api.w.org\/{rel}","templated":true}]}}