{"id":72365,"date":"2024-01-10T15:20:30","date_gmt":"2024-01-10T14:20:30","guid":{"rendered":"https:\/\/activeluxe-cosmetics.com\/en\/?post_type=product&#038;p=72365"},"modified":"2026-01-06T12:17:37","modified_gmt":"2026-01-06T12:17:37","slug":"premium-body-scrub","status":"publish","type":"product","link":"https:\/\/activeluxe-cosmetics.com\/en\/product\/premium-body-scrub\/","title":{"rendered":"Premium Body Sugar Scrub"},"content":{"rendered":"<h2><span data-sheets-root=\"1\" data-sheets-value=\"{&quot;1&quot;:2,&quot;2&quot;:&quot;Nevjerojatno mekana i nahranjena ko\u017ea ve\u0107 od prvog kori\u0161tenja&quot;}\" data-sheets-userformat=\"{&quot;2&quot;:19201,&quot;3&quot;:{&quot;1&quot;:0},&quot;11&quot;:4,&quot;12&quot;:0,&quot;14&quot;:{&quot;1&quot;:2,&quot;2&quot;:16739585},&quot;17&quot;:1}\"><img loading=\"lazy\" decoding=\"async\" class=\"size-medium wp-image-24656 alignright\" src=\"https:\/\/activeluxe-cosmetics.com\/en\/wp-content\/uploads\/2022\/11\/f6948145-bd4a-489e-8cb1-eef1837dece4-scaled-1-scaled-460x575.jpg\" alt=\"\" width=\"460\" height=\"575\" srcset=\"https:\/\/activeluxe-cosmetics.com\/en\/wp-content\/uploads\/2022\/11\/f6948145-bd4a-489e-8cb1-eef1837dece4-scaled-1-scaled-460x575.jpg 460w, https:\/\/activeluxe-cosmetics.com\/en\/wp-content\/uploads\/2022\/11\/f6948145-bd4a-489e-8cb1-eef1837dece4-scaled-1-scaled-600x750.jpg 600w, https:\/\/activeluxe-cosmetics.com\/en\/wp-content\/uploads\/2022\/11\/f6948145-bd4a-489e-8cb1-eef1837dece4-scaled-1-scaled-768x960.jpg 768w, https:\/\/activeluxe-cosmetics.com\/en\/wp-content\/uploads\/2022\/11\/f6948145-bd4a-489e-8cb1-eef1837dece4-scaled-1-scaled-819x1024.jpg 819w, https:\/\/activeluxe-cosmetics.com\/en\/wp-content\/uploads\/2022\/11\/f6948145-bd4a-489e-8cb1-eef1837dece4-scaled-1-scaled-1229x1536.jpg 1229w, https:\/\/activeluxe-cosmetics.com\/en\/wp-content\/uploads\/2022\/11\/f6948145-bd4a-489e-8cb1-eef1837dece4-scaled-1-scaled-1638x2048.jpg 1638w, https:\/\/activeluxe-cosmetics.com\/en\/wp-content\/uploads\/2022\/11\/f6948145-bd4a-489e-8cb1-eef1837dece4-scaled-1-scaled-240x300.jpg 240w, https:\/\/activeluxe-cosmetics.com\/en\/wp-content\/uploads\/2022\/11\/f6948145-bd4a-489e-8cb1-eef1837dece4-scaled-1-scaled.jpg 2048w\" sizes=\"auto, (max-width: 460px) 100vw, 460px\" \/>Incredibly soft and <strong>nourished<\/strong> <strong>skin<\/strong> from the very first use<br \/>\n<\/span><\/h2>\n<p><span data-sheets-root=\"1\" data-sheets-value=\"{&quot;1&quot;:2,&quot;2&quot;:&quot;A perfectly nourishing combination of 100% natural ingredients in a premium sugar peeling. It contains brown sugar granules, whose main mission is to gently and thoroughly remove all impurities, scars, and dead skin cells from the skin. Shea butter and jojoba oil deeply nourish and moisturize the skin.&quot;}\" data-sheets-userformat=\"{&quot;2&quot;:897,&quot;3&quot;:{&quot;1&quot;:0},&quot;10&quot;:0,&quot;11&quot;:4,&quot;12&quot;:0}\">A perfectly nourishing combination of<strong> 100%<\/strong> natural ingredients in a premium sugar peeling. <\/span><\/p>\n<p><span data-sheets-root=\"1\" data-sheets-value=\"{&quot;1&quot;:2,&quot;2&quot;:&quot;A perfectly nourishing combination of 100% natural ingredients in a premium sugar peeling. It contains brown sugar granules, whose main mission is to gently and thoroughly remove all impurities, scars, and dead skin cells from the skin. Shea butter and jojoba oil deeply nourish and moisturize the skin.&quot;}\" data-sheets-userformat=\"{&quot;2&quot;:897,&quot;3&quot;:{&quot;1&quot;:0},&quot;10&quot;:0,&quot;11&quot;:4,&quot;12&quot;:0}\">It contains brown sugar granules, whose main mission is to gently and thoroughly remove all impurities, scars, and dead skin cells from the skin. Shea butter and jojoba oil deeply nourish and moisturize the skin.<\/span><\/p>\n<ul>\n<li><span data-sheets-root=\"1\" data-sheets-value=\"{&quot;1&quot;:2,&quot;2&quot;:&quot;Gentle and effective&quot;}\" data-sheets-userformat=\"{&quot;2&quot;:897,&quot;3&quot;:{&quot;1&quot;:0},&quot;10&quot;:0,&quot;11&quot;:4,&quot;12&quot;:0}\">Gentle and effective<\/span><\/li>\n<li><span data-sheets-root=\"1\" data-sheets-value=\"{&quot;1&quot;:2,&quot;2&quot;:&quot;Long-lasting and irresistible scent of chocolate and orange&quot;}\" data-sheets-userformat=\"{&quot;2&quot;:897,&quot;3&quot;:{&quot;1&quot;:0},&quot;10&quot;:0,&quot;11&quot;:4,&quot;12&quot;:0}\">Long-lasting and irresistible scent of chocolate and orange<\/span><\/li>\n<li><span data-sheets-root=\"1\" data-sheets-value=\"{&quot;1&quot;:2,&quot;2&quot;:&quot;Suitable for all skin types&quot;}\" data-sheets-userformat=\"{&quot;2&quot;:769,&quot;3&quot;:{&quot;1&quot;:0},&quot;11&quot;:4,&quot;12&quot;:0}\">Suitable for all skin types<\/span><\/li>\n<li><span data-sheets-root=\"1\" data-sheets-value=\"{&quot;1&quot;:2,&quot;2&quot;:&quot;Luxurious Active Luxe packaging&quot;}\" data-sheets-userformat=\"{&quot;2&quot;:897,&quot;3&quot;:{&quot;1&quot;:0},&quot;10&quot;:0,&quot;11&quot;:4,&quot;12&quot;:0}\">Luxurious Active Luxe packaging<\/span><\/li>\n<\/ul>\n<h2 style=\"text-align: center; clear: both;\"><\/h2>\n<h2><span data-sheets-root=\"1\" data-sheets-value=\"{&quot;1&quot;:2,&quot;2&quot;:&quot;Za\u0161to je Active Luxe peeling ono \u0161to treba tvojoj ko\u017ei?&quot;}\" data-sheets-userformat=\"{&quot;2&quot;:19201,&quot;3&quot;:{&quot;1&quot;:0},&quot;11&quot;:4,&quot;12&quot;:0,&quot;14&quot;:{&quot;1&quot;:2,&quot;2&quot;:16739585},&quot;17&quot;:1}\"><img loading=\"lazy\" decoding=\"async\" class=\" wp-image-35193 alignleft\" src=\"https:\/\/activeluxe-cosmetics.com\/en\/wp-content\/uploads\/2022\/11\/311306909_23852000723060325_488226417388359863_n-460x463.jpg\" alt=\"\" width=\"500\" height=\"503\" srcset=\"https:\/\/activeluxe-cosmetics.com\/en\/wp-content\/uploads\/2022\/11\/311306909_23852000723060325_488226417388359863_n-460x463.jpg 460w, https:\/\/activeluxe-cosmetics.com\/en\/wp-content\/uploads\/2022\/11\/311306909_23852000723060325_488226417388359863_n-100x100.jpg 100w, https:\/\/activeluxe-cosmetics.com\/en\/wp-content\/uploads\/2022\/11\/311306909_23852000723060325_488226417388359863_n-150x150.jpg 150w, https:\/\/activeluxe-cosmetics.com\/en\/wp-content\/uploads\/2022\/11\/311306909_23852000723060325_488226417388359863_n-298x300.jpg 298w, https:\/\/activeluxe-cosmetics.com\/en\/wp-content\/uploads\/2022\/11\/311306909_23852000723060325_488226417388359863_n.jpg 526w\" sizes=\"auto, (max-width: 500px) 100vw, 500px\" \/>Let your skin <strong>breathe<\/strong> <strong>again<\/strong><br \/>\n<\/span><\/h2>\n<p><span data-sheets-root=\"1\" data-sheets-value=\"{&quot;1&quot;:2,&quot;2&quot;:&quot;A good scrub has a relaxing effect on the body and mind. The combination of quality ingredients and the irresistible scent of Active Luxe Scrub will provide you with a spa experience at home, leaving your skin renewed, soft, and clean.\\n\\nThough often overlooked, body peeling is an essential part of skincare. Dry, thickened, and dead skin, along with impurities and residues from other products, hinder the skin's ability to breathe and renew itself. That's why it's important to incorporate peeling into your regular routine to deeply cleanse and nourish the skin, allowing it to breathe again.&quot;}\" data-sheets-userformat=\"{&quot;2&quot;:769,&quot;3&quot;:{&quot;1&quot;:0},&quot;11&quot;:4,&quot;12&quot;:0}\">A good scrub has a relaxing effect on the <strong>body<\/strong> and <strong>mind<\/strong>. The combination of quality ingredients and the irresistible scent of Active Luxe Scrub will provide you with a spa experience at home, leaving your skin renewed, soft, and clean.<\/span><\/p>\n<p>Though often overlooked, body peeling is an essential part of skincare.<strong> Dry, thickened, and dea<\/strong>d skin, along with impurities and residues from other products, hinder the skin&#8217;s ability to breathe and renew itself. That&#8217;s why it&#8217;s important to incorporate peeling into your regular routine to deeply cleanse and nourish the skin, allowing it to breathe again.<\/p>\n<h2 style=\"text-align: center; clear: both;\"><\/h2>\n<h2><img loading=\"lazy\" decoding=\"async\" class=\"size-medium wp-image-80732 alignright\" src=\"https:\/\/activeluxe-cosmetics.com\/en\/wp-content\/uploads\/2024\/01\/Group-391-25-460x584.jpg\" alt=\"\" width=\"460\" height=\"584\" srcset=\"https:\/\/activeluxe-cosmetics.com\/en\/wp-content\/uploads\/2024\/01\/Group-391-25-460x584.jpg 460w, https:\/\/activeluxe-cosmetics.com\/en\/wp-content\/uploads\/2024\/01\/Group-391-25.jpg 581w\" sizes=\"auto, (max-width: 460px) 100vw, 460px\" \/><span data-sheets-root=\"1\" data-sheets-value=\"{&quot;1&quot;:2,&quot;2&quot;:&quot;Why is Active Luxe Scrub what your skin needs?&quot;}\" data-sheets-userformat=\"{&quot;2&quot;:17153,&quot;3&quot;:{&quot;1&quot;:0},&quot;11&quot;:4,&quot;12&quot;:0,&quot;17&quot;:1}\">Why is Active Luxe Scrub what <strong>your<\/strong> <strong>skin<\/strong> <strong>needs<\/strong>?<\/span><\/h2>\n<p><span data-sheets-root=\"1\" data-sheets-value=\"{&quot;1&quot;:2,&quot;2&quot;:&quot;Active Luxe Premium Sugar Body Scrub is made from 100% natural ingredients to ease your skin through the winter, when it is exposed to low temperatures on one hand and dry indoor air on the other.\\n\\nThe brown sugar granules will thoroughly yet gently perform the much-needed skin exfoliation, removing the burden of dead cells. At the same time, the combination of jojoba oil, shea butter, and coconut oil will leave your skin so soft, smooth, and supple that you won't even need body lotion or milk after the scrub!&quot;}\" data-sheets-userformat=\"{&quot;2&quot;:897,&quot;3&quot;:{&quot;1&quot;:0},&quot;10&quot;:0,&quot;11&quot;:4,&quot;12&quot;:0}\">Active Luxe Premium Sugar Body Scrub is made from<strong> 100% natural ingredients<\/strong> to ease your skin through the winter, when it is<strong> exposed to low temperatures<\/strong> on one hand and dry indoor air on the other.<\/span><\/p>\n<p>The brown sugar granules will thoroughly yet gently perform the much-needed <strong>skin exfoliation<\/strong>, removing the burden of dead cells. At the same time, the combination of <strong>jojoba<\/strong> <strong>oil<\/strong>, <strong>shea<\/strong> <strong>butter<\/strong>, and <strong>coconut<\/strong> <strong>oil<\/strong> will leave your skin so soft, smooth, and supple that you won&#8217;t even need body lotion or milk after the scrub!<\/p>\n<ul>\n<li><span data-sheets-root=\"1\" data-sheets-value=\"{&quot;1&quot;:2,&quot;2&quot;:&quot;This way, you'll teach your skin to generate new, healthy cells more easily, resulting in a even and soft complexion, free from irritations, scars, and cellulite. Here's what the Premium Sugar Body Scrub will provide:&quot;}\" data-sheets-userformat=\"{&quot;2&quot;:897,&quot;3&quot;:{&quot;1&quot;:0},&quot;10&quot;:0,&quot;11&quot;:4,&quot;12&quot;:0}\">This way, you&#8217;ll teach your skin to generate new, healthy cells more easily, resulting in a even and <strong>soft complexion<\/strong>, free from <strong>irritations<\/strong>, <strong>scars<\/strong>, and <strong>cellulite<\/strong>. Here&#8217;s what the Premium Sugar Body Scrub will provide:<\/span><\/li>\n<li><span data-sheets-root=\"1\" data-sheets-value=\"{&quot;1&quot;:2,&quot;2&quot;:&quot;Soft and smooth skin that doesn't feel tight\\r\\nWith regular use of the sugar scrub twice a week, the body's skin will be even, free from irritations and damage caused by external factors such as hair removal, cold weather, and dry air.\\n&quot;}\" data-sheets-userformat=\"{&quot;2&quot;:897,&quot;3&quot;:{&quot;1&quot;:0},&quot;10&quot;:0,&quot;11&quot;:4,&quot;12&quot;:0}\">Soft and smooth skin that doesn&#8217;t feel tight<br \/>\nWith regular use of the sugar scrub <strong>twice<\/strong> a <strong>week<\/strong>, the body&#8217;s skin will be even, free from irritations and damage caused by external factors such as hair removal, cold weather, and dry air.<br \/>\n<\/span><\/li>\n<li><span data-sheets-root=\"1\" data-sheets-value=\"{&quot;1&quot;:2,&quot;2&quot;:&quot;Improved blood circulation\\nThe brown sugar in this scrub, applied in circular motions, will enhance blood circulation, allowing more nutrients to reach your skin, making it healthier and more beautiful from the inside out, not just on the outside.&quot;}\" data-sheets-userformat=\"{&quot;2&quot;:897,&quot;3&quot;:{&quot;1&quot;:0},&quot;10&quot;:0,&quot;11&quot;:4,&quot;12&quot;:0}\">The<strong> brown sugar in this scrub,<\/strong> applied in circular motions, will enhance blood circulation, allowing more nutrients to reach your skin, making it healthier and more beautiful from the inside out, not just on the outside.<\/span><\/li>\n<\/ul>\n<p>&nbsp;<\/p>\n<h3 style=\"clear: both; max-width: 820px;\"><\/h3>\n<div style=\"display: flex; align-items: center; gap: 20px; flex-wrap: wrap;\">\n<p style=\"max-width: 360px;\">\n<\/div>\n","protected":false},"excerpt":{"rendered":"<p><span data-sheets-root=\"1\" data-sheets-value=\"{&quot;1&quot;:2,&quot;2&quot;:&quot;For soft and nourished skin with 100% natural ingredients that will remove all impurities, dead skin cells, and oils.&quot;}\" data-sheets-userformat=\"{&quot;2&quot;:769,&quot;3&quot;:{&quot;1&quot;:0},&quot;11&quot;:4,&quot;12&quot;:0}\">For soft and nourished skin with 100% natural ingredients that will remove all impurities, dead skin cells, and oils.<\/span><\/p>\n","protected":false},"featured_media":81984,"comment_status":"open","ping_status":"closed","template":"","meta":[],"product_brand":[],"product_cat":[56,81,82],"product_tag":[],"class_list":{"0":"post-72365","1":"product","2":"type-product","3":"status-publish","4":"has-post-thumbnail","6":"product_cat-special-offers","7":"product_cat-face-and-body","8":"product_cat-sun","10":"first","11":"instock","12":"sale","13":"taxable","14":"shipping-taxable","15":"purchasable","16":"product-type-variable"},"bundled_by":[],"bundle_stock_status":"instock","bundle_stock_quantity":null,"bundle_virtual":false,"bundle_layout":"","bundle_add_to_cart_form_location":"","bundle_editable_in_cart":false,"bundle_sold_individually_context":"","bundle_item_grouping":"","bundle_min_size":"","bundle_max_size":"","bundled_items":[],"acf":[],"yoast_head":"<!-- This site is optimized with the Yoast SEO plugin v26.5 - https:\/\/yoast.com\/wordpress\/plugins\/seo\/ -->\n<title>Premium Body Sugar Scrub - Active Luxe Cosmetics<\/title>\n<meta name=\"description\" content=\"Gentle and effective. Long-lasting and irresistible scent of chocolate and orange. Suitable for all skin types. Luxurious Active Luxe packaging.\" \/>\n<meta name=\"robots\" content=\"index, follow, max-snippet:-1, max-image-preview:large, max-video-preview:-1\" \/>\n<link rel=\"canonical\" href=\"https:\/\/activeluxe-cosmetics.com\/en\/product\/premium-body-scrub\/\" \/>\n<meta property=\"og:locale\" content=\"en_US\" \/>\n<meta property=\"og:type\" content=\"article\" \/>\n<meta property=\"og:title\" content=\"Premium Body Sugar Scrub - Active Luxe Cosmetics\" \/>\n<meta property=\"og:description\" content=\"Gentle and effective. Long-lasting and irresistible scent of chocolate and orange. Suitable for all skin types. Luxurious Active Luxe packaging.\" \/>\n<meta property=\"og:url\" content=\"https:\/\/activeluxe-cosmetics.com\/en\/product\/premium-body-scrub\/\" \/>\n<meta property=\"og:site_name\" content=\"Active Luxe Cosmetics\" \/>\n<meta property=\"article:modified_time\" content=\"2026-01-06T12:17:37+00:00\" \/>\n<meta property=\"og:image\" content=\"https:\/\/activeluxe-cosmetics.com\/en\/wp-content\/uploads\/2024\/01\/Premium-Sugar-Body-Scrub-v2.jpg\" \/>\n\t<meta property=\"og:image:width\" content=\"1104\" \/>\n\t<meta property=\"og:image:height\" content=\"1326\" \/>\n\t<meta property=\"og:image:type\" content=\"image\/jpeg\" \/>\n<meta name=\"twitter:card\" content=\"summary_large_image\" \/>\n<meta name=\"twitter:label1\" content=\"Est. reading time\" \/>\n\t<meta name=\"twitter:data1\" content=\"3 minutes\" \/>\n<script type=\"application\/ld+json\" class=\"yoast-schema-graph\">{\"@context\":\"https:\/\/schema.org\",\"@graph\":[{\"@type\":\"WebPage\",\"@id\":\"https:\/\/activeluxe-cosmetics.com\/en\/product\/premium-body-scrub\/\",\"url\":\"https:\/\/activeluxe-cosmetics.com\/en\/product\/premium-body-scrub\/\",\"name\":\"Premium Body Sugar Scrub - Active Luxe Cosmetics\",\"isPartOf\":{\"@id\":\"https:\/\/activeluxe-cosmetics.com\/en\/#website\"},\"primaryImageOfPage\":{\"@id\":\"https:\/\/activeluxe-cosmetics.com\/en\/product\/premium-body-scrub\/#primaryimage\"},\"image\":{\"@id\":\"https:\/\/activeluxe-cosmetics.com\/en\/product\/premium-body-scrub\/#primaryimage\"},\"thumbnailUrl\":\"https:\/\/activeluxe-cosmetics.com\/en\/wp-content\/uploads\/2024\/01\/Premium-Sugar-Body-Scrub-v2.jpg\",\"datePublished\":\"2024-01-10T14:20:30+00:00\",\"dateModified\":\"2026-01-06T12:17:37+00:00\",\"description\":\"Gentle and effective. Long-lasting and irresistible scent of chocolate and orange. Suitable for all skin types. Luxurious Active Luxe packaging.\",\"breadcrumb\":{\"@id\":\"https:\/\/activeluxe-cosmetics.com\/en\/product\/premium-body-scrub\/#breadcrumb\"},\"inLanguage\":\"en-US\",\"potentialAction\":[{\"@type\":\"ReadAction\",\"target\":[\"https:\/\/activeluxe-cosmetics.com\/en\/product\/premium-body-scrub\/\"]}]},{\"@type\":\"ImageObject\",\"inLanguage\":\"en-US\",\"@id\":\"https:\/\/activeluxe-cosmetics.com\/en\/product\/premium-body-scrub\/#primaryimage\",\"url\":\"https:\/\/activeluxe-cosmetics.com\/en\/wp-content\/uploads\/2024\/01\/Premium-Sugar-Body-Scrub-v2.jpg\",\"contentUrl\":\"https:\/\/activeluxe-cosmetics.com\/en\/wp-content\/uploads\/2024\/01\/Premium-Sugar-Body-Scrub-v2.jpg\",\"width\":1104,\"height\":1326},{\"@type\":\"BreadcrumbList\",\"@id\":\"https:\/\/activeluxe-cosmetics.com\/en\/product\/premium-body-scrub\/#breadcrumb\",\"itemListElement\":[{\"@type\":\"ListItem\",\"position\":1,\"name\":\"Home\",\"item\":\"https:\/\/activeluxe-cosmetics.com\/en\/\"},{\"@type\":\"ListItem\",\"position\":2,\"name\":\"Shop\",\"item\":\"https:\/\/activeluxe-cosmetics.com\/en\/shop\/\"},{\"@type\":\"ListItem\",\"position\":3,\"name\":\"Premium Body Sugar Scrub\"}]},{\"@type\":\"WebSite\",\"@id\":\"https:\/\/activeluxe-cosmetics.com\/en\/#website\",\"url\":\"https:\/\/activeluxe-cosmetics.com\/en\/\",\"name\":\"Active Luxe Cosmetics\",\"description\":\"\",\"potentialAction\":[{\"@type\":\"SearchAction\",\"target\":{\"@type\":\"EntryPoint\",\"urlTemplate\":\"https:\/\/activeluxe-cosmetics.com\/en\/?s={search_term_string}\"},\"query-input\":{\"@type\":\"PropertyValueSpecification\",\"valueRequired\":true,\"valueName\":\"search_term_string\"}}],\"inLanguage\":\"en-US\"}]}<\/script>\n<!-- \/ Yoast SEO plugin. -->","yoast_head_json":{"title":"Premium Body Sugar Scrub - Active Luxe Cosmetics","description":"Gentle and effective. Long-lasting and irresistible scent of chocolate and orange. Suitable for all skin types. Luxurious Active Luxe packaging.","robots":{"index":"index","follow":"follow","max-snippet":"max-snippet:-1","max-image-preview":"max-image-preview:large","max-video-preview":"max-video-preview:-1"},"canonical":"https:\/\/activeluxe-cosmetics.com\/en\/product\/premium-body-scrub\/","og_locale":"en_US","og_type":"article","og_title":"Premium Body Sugar Scrub - Active Luxe Cosmetics","og_description":"Gentle and effective. Long-lasting and irresistible scent of chocolate and orange. Suitable for all skin types. Luxurious Active Luxe packaging.","og_url":"https:\/\/activeluxe-cosmetics.com\/en\/product\/premium-body-scrub\/","og_site_name":"Active Luxe Cosmetics","article_modified_time":"2026-01-06T12:17:37+00:00","og_image":[{"width":1104,"height":1326,"url":"https:\/\/activeluxe-cosmetics.com\/en\/wp-content\/uploads\/2024\/01\/Premium-Sugar-Body-Scrub-v2.jpg","type":"image\/jpeg"}],"twitter_card":"summary_large_image","twitter_misc":{"Est. reading time":"3 minutes"},"schema":{"@context":"https:\/\/schema.org","@graph":[{"@type":"WebPage","@id":"https:\/\/activeluxe-cosmetics.com\/en\/product\/premium-body-scrub\/","url":"https:\/\/activeluxe-cosmetics.com\/en\/product\/premium-body-scrub\/","name":"Premium Body Sugar Scrub - Active Luxe Cosmetics","isPartOf":{"@id":"https:\/\/activeluxe-cosmetics.com\/en\/#website"},"primaryImageOfPage":{"@id":"https:\/\/activeluxe-cosmetics.com\/en\/product\/premium-body-scrub\/#primaryimage"},"image":{"@id":"https:\/\/activeluxe-cosmetics.com\/en\/product\/premium-body-scrub\/#primaryimage"},"thumbnailUrl":"https:\/\/activeluxe-cosmetics.com\/en\/wp-content\/uploads\/2024\/01\/Premium-Sugar-Body-Scrub-v2.jpg","datePublished":"2024-01-10T14:20:30+00:00","dateModified":"2026-01-06T12:17:37+00:00","description":"Gentle and effective. Long-lasting and irresistible scent of chocolate and orange. Suitable for all skin types. Luxurious Active Luxe packaging.","breadcrumb":{"@id":"https:\/\/activeluxe-cosmetics.com\/en\/product\/premium-body-scrub\/#breadcrumb"},"inLanguage":"en-US","potentialAction":[{"@type":"ReadAction","target":["https:\/\/activeluxe-cosmetics.com\/en\/product\/premium-body-scrub\/"]}]},{"@type":"ImageObject","inLanguage":"en-US","@id":"https:\/\/activeluxe-cosmetics.com\/en\/product\/premium-body-scrub\/#primaryimage","url":"https:\/\/activeluxe-cosmetics.com\/en\/wp-content\/uploads\/2024\/01\/Premium-Sugar-Body-Scrub-v2.jpg","contentUrl":"https:\/\/activeluxe-cosmetics.com\/en\/wp-content\/uploads\/2024\/01\/Premium-Sugar-Body-Scrub-v2.jpg","width":1104,"height":1326},{"@type":"BreadcrumbList","@id":"https:\/\/activeluxe-cosmetics.com\/en\/product\/premium-body-scrub\/#breadcrumb","itemListElement":[{"@type":"ListItem","position":1,"name":"Home","item":"https:\/\/activeluxe-cosmetics.com\/en\/"},{"@type":"ListItem","position":2,"name":"Shop","item":"https:\/\/activeluxe-cosmetics.com\/en\/shop\/"},{"@type":"ListItem","position":3,"name":"Premium Body Sugar Scrub"}]},{"@type":"WebSite","@id":"https:\/\/activeluxe-cosmetics.com\/en\/#website","url":"https:\/\/activeluxe-cosmetics.com\/en\/","name":"Active Luxe Cosmetics","description":"","potentialAction":[{"@type":"SearchAction","target":{"@type":"EntryPoint","urlTemplate":"https:\/\/activeluxe-cosmetics.com\/en\/?s={search_term_string}"},"query-input":{"@type":"PropertyValueSpecification","valueRequired":true,"valueName":"search_term_string"}}],"inLanguage":"en-US"}]}},"_links":{"self":[{"href":"https:\/\/activeluxe-cosmetics.com\/en\/wp-json\/wp\/v2\/product\/72365","targetHints":{"allow":["GET"]}}],"collection":[{"href":"https:\/\/activeluxe-cosmetics.com\/en\/wp-json\/wp\/v2\/product"}],"about":[{"href":"https:\/\/activeluxe-cosmetics.com\/en\/wp-json\/wp\/v2\/types\/product"}],"replies":[{"embeddable":true,"href":"https:\/\/activeluxe-cosmetics.com\/en\/wp-json\/wp\/v2\/comments?post=72365"}],"wp:featuredmedia":[{"embeddable":true,"href":"https:\/\/activeluxe-cosmetics.com\/en\/wp-json\/wp\/v2\/media\/81984"}],"wp:attachment":[{"href":"https:\/\/activeluxe-cosmetics.com\/en\/wp-json\/wp\/v2\/media?parent=72365"}],"wp:term":[{"taxonomy":"product_brand","embeddable":true,"href":"https:\/\/activeluxe-cosmetics.com\/en\/wp-json\/wp\/v2\/product_brand?post=72365"},{"taxonomy":"product_cat","embeddable":true,"href":"https:\/\/activeluxe-cosmetics.com\/en\/wp-json\/wp\/v2\/product_cat?post=72365"},{"taxonomy":"product_tag","embeddable":true,"href":"https:\/\/activeluxe-cosmetics.com\/en\/wp-json\/wp\/v2\/product_tag?post=72365"}],"curies":[{"name":"wp","href":"https:\/\/api.w.org\/{rel}","templated":true}]}}