{"id":84305,"date":"2026-04-22T11:04:09","date_gmt":"2026-04-22T09:04:09","guid":{"rendered":"https:\/\/activeluxe-cosmetics.com\/ba\/?post_type=product&#038;p=84305"},"modified":"2026-04-22T11:44:08","modified_gmt":"2026-04-22T09:44:08","slug":"2x-sampon-za-rast-kose-i-gratis-serum-za-rast-trepavica-40-dnevni-tretman","status":"publish","type":"product","link":"https:\/\/activeluxe-cosmetics.com\/ba\/izdelek\/2x-sampon-za-rast-kose-i-gratis-serum-za-rast-trepavica-40-dnevni-tretman\/","title":{"rendered":"2x \u0161ampon za rast kose i GRATIS serum za rast trepavica, 40-dnevni tretman"},"content":{"rendered":"<p><img loading=\"lazy\" decoding=\"async\" class=\"wp-image-90444 alignright\" src=\"https:\/\/activeluxe-cosmetics.com\/hr\/wp-content\/uploads\/2024\/12\/alc_hairshampoo-460x575.png\" alt=\"\" width=\"374\" height=\"468\" \/><\/p>\n<h2><strong>Znatno gu\u0161\u0107a kosa<\/strong> i smanjeno opadanje ve\u0107 za 6 sedmica<\/h2>\n<p><strong>Prva pomo\u0107<\/strong> za <strong>suhu<\/strong>, <strong>rijetku<\/strong> i <strong>lomljivu kosu<\/strong> bez sjaja koja opada i ne raste.<br \/>\nKoncentrirani Active Luxe \u0161ampon protiv opadanja i za rast kose sadr\u017ei <strong>revolucionarnu formulu<\/strong> koja sprje\u010dava <strong>opadanje kose<\/strong>, <strong>ja\u010da aktivne folikule dlake<\/strong> i <strong>poti\u010de cirkulaciju vlasi\u0161ta<\/strong>. Osigurava odli\u010dne rezultate za \u017eene i mu\u0161karce koji se bore s opadanjem kose, prorje\u0111ivanjem i \u0107elavo\u0161\u0107u.<\/p>\n<ul>\n<li>Djeluje <strong>protiv folikularne disfunkcije<\/strong> \u2013 o\u017eivljava folikule dlake ve\u0107 od prvog dana upotrebe.<\/li>\n<li><strong>Poti\u010de cirkulaciju u vlasi\u0161tu<\/strong>, donose\u0107i korijenu i folikulima vi\u0161e hranjivih tvari potrebnih za rast.<\/li>\n<li><strong>Usporava starenje<\/strong> i odumiranje folikula dlake.<\/li>\n<li>Vidno <strong>ja\u010da korijen kose<\/strong> i strukturu dlake.<\/li>\n<li>\u0160ampon je pogodan za<strong> svakodnevnu upotrebu<\/strong> na suhom i normalnom vlasi\u0161tu.<\/li>\n<li>Djeluje <strong>od prve upotrebe,<\/strong> a najbolji rezultati vidljivi su ve\u0107 nakon 6 sedmica.<\/li>\n<\/ul>\n<p>&nbsp;<\/p>\n<p>&nbsp;<\/p>\n<p>&nbsp;<\/p>\n<p>&nbsp;<\/p>\n<h2><strong><img loading=\"lazy\" decoding=\"async\" class=\" wp-image-90124 alignleft\" src=\"https:\/\/activeluxe-cosmetics.com\/hr\/wp-content\/uploads\/2024\/12\/alc_hairgrowthshampoo-460x575-1.png\" alt=\"\" width=\"380\" height=\"475\" \/><\/strong><\/h2>\n<h2><strong>Na vrijeme zaustavite <\/strong>opadanje kose<strong><br \/>\n<\/strong><\/h2>\n<p data-start=\"0\" data-end=\"233\">Ako je tvoja kosa<strong> suha<\/strong>, <strong>o\u0161te\u0107ena<\/strong> i <strong>bez sjaja<\/strong>, Active Luxe \u0161ampon je tako\u0111er pravi izbor! \u010cesto farbanje kose i kori\u0161tenje elektri\u010dnih ure\u0111aja o\u0161te\u0107uju i stanjuju kosu, \u0161to uzrokuje ispucale vrhove, lomljenje i prekomjerno opadanje.<\/p>\n<p data-start=\"235\" data-end=\"305\" data-is-last-node=\"\" data-is-only-node=\"\"><strong>Active Luxe \u0161ampon \u0107e tvoju kosu bogato njegovati i dubinski obnoviti!<\/strong><\/p>\n<p><strong>Redovna upotreba \u0161ampona:<\/strong><\/p>\n<ul>\n<li>Odr\u017eava vitalnost vlasi\u0161ta, \u010dime se vra\u0107a prirodna gusto\u0107a kose.<\/li>\n<li>Kosa ve\u0107 nakon prve upotrebe postaje ja\u010da, punija i zdravija.<\/li>\n<li>Jedinstvena, klini\u010dki testirana formula aktivira folikul dlake i ja\u010da ga \u2013 korijen kose se u\u010dvr\u0161\u0107uje, pa kosa manje opada.<\/li>\n<li>U rekordno kratkom roku sprje\u010dava opadanje kose i poti\u010de rast nove, mlade kose.<\/li>\n<li>Uz redovnu upotrebu (barem 2x sedmi\u010dno), vidljivi rezultati javljaju se ve\u0107 nakon 6 sedmica.<\/li>\n<\/ul>\n<h2><\/h2>\n<p>&nbsp;<\/p>\n<p>&nbsp;<\/p>\n<p>&nbsp;<\/p>\n<h2><strong><img loading=\"lazy\" decoding=\"async\" class=\"wp-image-90949 alignright\" src=\"https:\/\/activeluxe-cosmetics.com\/hr\/wp-content\/uploads\/2024\/01\/Izdelek-brez-naslova-2-1-1-819x1024-1-460x575.png\" alt=\"\" width=\"364\" height=\"455\" \/>Serum za rast trepavica,<\/strong> za 40 dana upotrebe<strong><br \/>\n<\/strong><\/h2>\n<p>Iza <strong>Active Lash seruma za rast trepavica<\/strong> stoje prave \u017eene, ba\u0161 poput tebe \u2013 zato ova jedinstvena formula za produ\u017eenje prirodnih trepavica zaista sadr\u017ei samo pa\u017eljivo odabrane, testirane, sigurne i u\u010dinkovite sastojke.<\/p>\n<p>Vi\u0161e od <strong>400.000 zadovoljnih korisnica<\/strong> potvr\u0111uje izvanredne rezultate ve\u0107 nakon <strong>2 tjedna kori\u0161tenja seruma<\/strong>. Trepavice postaju du\u017ee, gu\u0161\u0107e, tamnije i uvijenije. Tvoj pogled postat \u0107e jo\u0161 prodorniji i zavodljiviji.<\/p>\n<ul>\n<li><strong>Do 50% du\u017ee i gu\u0161\u0107e trepavice u 14 dana<\/strong><\/li>\n<li><strong>Do 100% du\u017ee i gu\u0161\u0107e trepavice nakon zavr\u0161enog tretmana<\/strong><\/li>\n<li><strong>Do 100% tamnije trepavice<\/strong><\/li>\n<li><strong>Do 73% uvijenije trepavice<\/strong><\/li>\n<\/ul>\n<p>&nbsp;<\/p>\n<p>&nbsp;<\/p>\n<p>&nbsp;<\/p>\n<p>&nbsp;<\/p>\n<h2><b><img loading=\"lazy\" decoding=\"async\" class=\" wp-image-90630 alignleft\" src=\"https:\/\/activeluxe-cosmetics.com\/hr\/wp-content\/uploads\/2024\/12\/Izdelek-brez-naslova-37-460x575.png\" alt=\"\" width=\"380\" height=\"475\" \/>Kako djeluje serum <\/b>za rast trepavica?<b><br \/>\n<\/b><\/h2>\n<p data-start=\"0\" data-end=\"189\">Stru\u010dnjaci iz podru\u010dja hemije i farmacije razvili su u na\u0161em laboratoriju jedinstvenu formulu s aktivnim sastojkom koji djeluje direktno na folikul trepavice i produ\u017eava njenu fazu rasta.<\/p>\n<p data-start=\"191\" data-end=\"416\">Serum ve\u0107 nakon 2 sedmice kori\u0161tenja poti\u010de vidljiv rast \u010dak i najtanjih i najrje\u0111ih trepavica te sprje\u010dava njihovo opadanje. Maksimalnu du\u017einu trepavice posti\u017eu nakon mjesec dana redovne upotrebe (nano\u0161enje jednom dnevno).<\/p>\n<p data-start=\"418\" data-end=\"567\">Active Lash serum je klini\u010dki testiran, pa je pogodan i za najosjetljivije o\u010di. Proizvod je veganski, potpuno siguran i ne izaziva iritaciju o\u010diju.<\/p>\n<p data-start=\"569\" data-end=\"743\">Klini\u010dka istra\u017eivanja potvr\u0111uje neovisni slovenski oftalmolog, dr. Beltram, koji je potvrdio da je serum za rast trepavica 100% u\u010dinkovit i siguran \u010dak i za osjetljive o\u010di.<\/p>\n<p data-start=\"745\" data-end=\"780\">Preuzmi svoj mjera\u010d za trepavice!<\/p>\n<p data-start=\"782\" data-end=\"950\" data-is-last-node=\"\" data-is-only-node=\"\">Uz njega lako mo\u017ee\u0161 pratiti du\u017einu svojih trepavica prije i nakon kori\u0161tenja seruma. Isprintaj ga, prisloni uz oko i zabilje\u017ei napredak \u2013 jer svaki milimetar se ra\u010duna!<\/p>\n<p>&nbsp;<\/p>\n<p>&nbsp;<\/p>\n<p>&nbsp;<\/p>\n<p>&nbsp;<\/p>\n","protected":false},"excerpt":{"rendered":"<p>U setu dobija\u0161 2x \u0161ampon za rast i protiv opadanja kose za masno ili normalno vlasi\u0161te i gratis serum za rast trepavica, 40-dnevni tretman.<\/p>\n","protected":false},"featured_media":84306,"comment_status":"open","ping_status":"closed","template":"","meta":[],"product_brand":[],"product_cat":[53,48],"product_tag":[],"class_list":{"0":"post-84305","1":"product","2":"type-product","3":"status-publish","4":"has-post-thumbnail","6":"product_cat-proizvodi-za-rast-kose","7":"product_cat-trepavice","9":"first","10":"instock","11":"sale","12":"taxable","13":"shipping-taxable","14":"purchasable","15":"product-type-variable"},"bundled_by":[],"bundle_stock_status":"instock","bundle_stock_quantity":null,"bundle_virtual":false,"bundle_layout":"","bundle_add_to_cart_form_location":"","bundle_editable_in_cart":false,"bundle_sold_individually_context":"","bundle_item_grouping":"","bundle_min_size":"","bundle_max_size":"","bundled_items":[],"acf":[],"yoast_head":"<!-- This site is optimized with the Yoast SEO plugin v26.5 - https:\/\/yoast.com\/wordpress\/plugins\/seo\/ -->\n<title>2x \u0161ampon za rast kose i GRATIS serum za rast trepavica,<\/title>\n<meta name=\"description\" content=\"Naju\u010dinkovitiji \u0161ampon protiv opadanja kose. Vidljivo gu\u0161\u0107a i obnovljena kosa ve\u0107 za 6 sedmica. Ja\u010da aktivne folikule kose.\" \/>\n<meta name=\"robots\" content=\"index, follow, max-snippet:-1, max-image-preview:large, max-video-preview:-1\" \/>\n<link rel=\"canonical\" href=\"https:\/\/activeluxe-cosmetics.com\/ba\/izdelek\/2x-sampon-za-rast-kose-i-gratis-serum-za-rast-trepavica-40-dnevni-tretman\/\" \/>\n<meta property=\"og:locale\" content=\"hr_HR\" \/>\n<meta property=\"og:type\" content=\"article\" \/>\n<meta property=\"og:title\" content=\"2x \u0161ampon za rast kose i GRATIS serum za rast trepavica,\" \/>\n<meta property=\"og:description\" content=\"Naju\u010dinkovitiji \u0161ampon protiv opadanja kose. Vidljivo gu\u0161\u0107a i obnovljena kosa ve\u0107 za 6 sedmica. Ja\u010da aktivne folikule kose.\" \/>\n<meta property=\"og:url\" content=\"https:\/\/activeluxe-cosmetics.com\/ba\/izdelek\/2x-sampon-za-rast-kose-i-gratis-serum-za-rast-trepavica-40-dnevni-tretman\/\" \/>\n<meta property=\"og:site_name\" content=\"Active Luxe Cosmetics\" \/>\n<meta property=\"article:modified_time\" content=\"2026-04-22T09:44:08+00:00\" \/>\n<meta property=\"og:image\" content=\"https:\/\/activeluxe-cosmetics.com\/ba\/wp-content\/uploads\/2026\/04\/ProductPhoto_51_BundleShampooLashSerum.jpg\" \/>\n\t<meta property=\"og:image:width\" content=\"1104\" \/>\n\t<meta property=\"og:image:height\" content=\"1326\" \/>\n\t<meta property=\"og:image:type\" content=\"image\/jpeg\" \/>\n<meta name=\"twitter:card\" content=\"summary_large_image\" \/>\n<meta name=\"twitter:label1\" content=\"Procijenjeno vrijeme \u010ditanja\" \/>\n\t<meta name=\"twitter:data1\" content=\"4 minute\" \/>\n<script type=\"application\/ld+json\" class=\"yoast-schema-graph\">{\"@context\":\"https:\/\/schema.org\",\"@graph\":[{\"@type\":\"WebPage\",\"@id\":\"https:\/\/activeluxe-cosmetics.com\/ba\/izdelek\/2x-sampon-za-rast-kose-i-gratis-serum-za-rast-trepavica-40-dnevni-tretman\/\",\"url\":\"https:\/\/activeluxe-cosmetics.com\/ba\/izdelek\/2x-sampon-za-rast-kose-i-gratis-serum-za-rast-trepavica-40-dnevni-tretman\/\",\"name\":\"2x \u0161ampon za rast kose i GRATIS serum za rast trepavica,\",\"isPartOf\":{\"@id\":\"https:\/\/activeluxe-cosmetics.com\/ba\/#website\"},\"primaryImageOfPage\":{\"@id\":\"https:\/\/activeluxe-cosmetics.com\/ba\/izdelek\/2x-sampon-za-rast-kose-i-gratis-serum-za-rast-trepavica-40-dnevni-tretman\/#primaryimage\"},\"image\":{\"@id\":\"https:\/\/activeluxe-cosmetics.com\/ba\/izdelek\/2x-sampon-za-rast-kose-i-gratis-serum-za-rast-trepavica-40-dnevni-tretman\/#primaryimage\"},\"thumbnailUrl\":\"https:\/\/activeluxe-cosmetics.com\/ba\/wp-content\/uploads\/2026\/04\/ProductPhoto_51_BundleShampooLashSerum.jpg\",\"datePublished\":\"2026-04-22T09:04:09+00:00\",\"dateModified\":\"2026-04-22T09:44:08+00:00\",\"description\":\"Naju\u010dinkovitiji \u0161ampon protiv opadanja kose. Vidljivo gu\u0161\u0107a i obnovljena kosa ve\u0107 za 6 sedmica. Ja\u010da aktivne folikule kose.\",\"breadcrumb\":{\"@id\":\"https:\/\/activeluxe-cosmetics.com\/ba\/izdelek\/2x-sampon-za-rast-kose-i-gratis-serum-za-rast-trepavica-40-dnevni-tretman\/#breadcrumb\"},\"inLanguage\":\"hr\",\"potentialAction\":[{\"@type\":\"ReadAction\",\"target\":[\"https:\/\/activeluxe-cosmetics.com\/ba\/izdelek\/2x-sampon-za-rast-kose-i-gratis-serum-za-rast-trepavica-40-dnevni-tretman\/\"]}]},{\"@type\":\"ImageObject\",\"inLanguage\":\"hr\",\"@id\":\"https:\/\/activeluxe-cosmetics.com\/ba\/izdelek\/2x-sampon-za-rast-kose-i-gratis-serum-za-rast-trepavica-40-dnevni-tretman\/#primaryimage\",\"url\":\"https:\/\/activeluxe-cosmetics.com\/ba\/wp-content\/uploads\/2026\/04\/ProductPhoto_51_BundleShampooLashSerum.jpg\",\"contentUrl\":\"https:\/\/activeluxe-cosmetics.com\/ba\/wp-content\/uploads\/2026\/04\/ProductPhoto_51_BundleShampooLashSerum.jpg\",\"width\":1104,\"height\":1326},{\"@type\":\"BreadcrumbList\",\"@id\":\"https:\/\/activeluxe-cosmetics.com\/ba\/izdelek\/2x-sampon-za-rast-kose-i-gratis-serum-za-rast-trepavica-40-dnevni-tretman\/#breadcrumb\",\"itemListElement\":[{\"@type\":\"ListItem\",\"position\":1,\"name\":\"Naslovnica\",\"item\":\"https:\/\/activeluxe-cosmetics.com\/ba\/\"},{\"@type\":\"ListItem\",\"position\":2,\"name\":\"Trgovina\",\"item\":\"https:\/\/activeluxe-cosmetics.com\/ba\/trgovina\/\"},{\"@type\":\"ListItem\",\"position\":3,\"name\":\"2x \u0161ampon za rast kose i GRATIS serum za rast trepavica, 40-dnevni tretman\"}]},{\"@type\":\"WebSite\",\"@id\":\"https:\/\/activeluxe-cosmetics.com\/ba\/#website\",\"url\":\"https:\/\/activeluxe-cosmetics.com\/ba\/\",\"name\":\"Active Luxe Cosmetics\",\"description\":\"\",\"potentialAction\":[{\"@type\":\"SearchAction\",\"target\":{\"@type\":\"EntryPoint\",\"urlTemplate\":\"https:\/\/activeluxe-cosmetics.com\/ba\/?s={search_term_string}\"},\"query-input\":{\"@type\":\"PropertyValueSpecification\",\"valueRequired\":true,\"valueName\":\"search_term_string\"}}],\"inLanguage\":\"hr\"}]}<\/script>\n<!-- \/ Yoast SEO plugin. -->","yoast_head_json":{"title":"2x \u0161ampon za rast kose i GRATIS serum za rast trepavica,","description":"Naju\u010dinkovitiji \u0161ampon protiv opadanja kose. Vidljivo gu\u0161\u0107a i obnovljena kosa ve\u0107 za 6 sedmica. Ja\u010da aktivne folikule kose.","robots":{"index":"index","follow":"follow","max-snippet":"max-snippet:-1","max-image-preview":"max-image-preview:large","max-video-preview":"max-video-preview:-1"},"canonical":"https:\/\/activeluxe-cosmetics.com\/ba\/izdelek\/2x-sampon-za-rast-kose-i-gratis-serum-za-rast-trepavica-40-dnevni-tretman\/","og_locale":"hr_HR","og_type":"article","og_title":"2x \u0161ampon za rast kose i GRATIS serum za rast trepavica,","og_description":"Naju\u010dinkovitiji \u0161ampon protiv opadanja kose. Vidljivo gu\u0161\u0107a i obnovljena kosa ve\u0107 za 6 sedmica. Ja\u010da aktivne folikule kose.","og_url":"https:\/\/activeluxe-cosmetics.com\/ba\/izdelek\/2x-sampon-za-rast-kose-i-gratis-serum-za-rast-trepavica-40-dnevni-tretman\/","og_site_name":"Active Luxe Cosmetics","article_modified_time":"2026-04-22T09:44:08+00:00","og_image":[{"width":1104,"height":1326,"url":"https:\/\/activeluxe-cosmetics.com\/ba\/wp-content\/uploads\/2026\/04\/ProductPhoto_51_BundleShampooLashSerum.jpg","type":"image\/jpeg"}],"twitter_card":"summary_large_image","twitter_misc":{"Procijenjeno vrijeme \u010ditanja":"4 minute"},"schema":{"@context":"https:\/\/schema.org","@graph":[{"@type":"WebPage","@id":"https:\/\/activeluxe-cosmetics.com\/ba\/izdelek\/2x-sampon-za-rast-kose-i-gratis-serum-za-rast-trepavica-40-dnevni-tretman\/","url":"https:\/\/activeluxe-cosmetics.com\/ba\/izdelek\/2x-sampon-za-rast-kose-i-gratis-serum-za-rast-trepavica-40-dnevni-tretman\/","name":"2x \u0161ampon za rast kose i GRATIS serum za rast trepavica,","isPartOf":{"@id":"https:\/\/activeluxe-cosmetics.com\/ba\/#website"},"primaryImageOfPage":{"@id":"https:\/\/activeluxe-cosmetics.com\/ba\/izdelek\/2x-sampon-za-rast-kose-i-gratis-serum-za-rast-trepavica-40-dnevni-tretman\/#primaryimage"},"image":{"@id":"https:\/\/activeluxe-cosmetics.com\/ba\/izdelek\/2x-sampon-za-rast-kose-i-gratis-serum-za-rast-trepavica-40-dnevni-tretman\/#primaryimage"},"thumbnailUrl":"https:\/\/activeluxe-cosmetics.com\/ba\/wp-content\/uploads\/2026\/04\/ProductPhoto_51_BundleShampooLashSerum.jpg","datePublished":"2026-04-22T09:04:09+00:00","dateModified":"2026-04-22T09:44:08+00:00","description":"Naju\u010dinkovitiji \u0161ampon protiv opadanja kose. Vidljivo gu\u0161\u0107a i obnovljena kosa ve\u0107 za 6 sedmica. Ja\u010da aktivne folikule kose.","breadcrumb":{"@id":"https:\/\/activeluxe-cosmetics.com\/ba\/izdelek\/2x-sampon-za-rast-kose-i-gratis-serum-za-rast-trepavica-40-dnevni-tretman\/#breadcrumb"},"inLanguage":"hr","potentialAction":[{"@type":"ReadAction","target":["https:\/\/activeluxe-cosmetics.com\/ba\/izdelek\/2x-sampon-za-rast-kose-i-gratis-serum-za-rast-trepavica-40-dnevni-tretman\/"]}]},{"@type":"ImageObject","inLanguage":"hr","@id":"https:\/\/activeluxe-cosmetics.com\/ba\/izdelek\/2x-sampon-za-rast-kose-i-gratis-serum-za-rast-trepavica-40-dnevni-tretman\/#primaryimage","url":"https:\/\/activeluxe-cosmetics.com\/ba\/wp-content\/uploads\/2026\/04\/ProductPhoto_51_BundleShampooLashSerum.jpg","contentUrl":"https:\/\/activeluxe-cosmetics.com\/ba\/wp-content\/uploads\/2026\/04\/ProductPhoto_51_BundleShampooLashSerum.jpg","width":1104,"height":1326},{"@type":"BreadcrumbList","@id":"https:\/\/activeluxe-cosmetics.com\/ba\/izdelek\/2x-sampon-za-rast-kose-i-gratis-serum-za-rast-trepavica-40-dnevni-tretman\/#breadcrumb","itemListElement":[{"@type":"ListItem","position":1,"name":"Naslovnica","item":"https:\/\/activeluxe-cosmetics.com\/ba\/"},{"@type":"ListItem","position":2,"name":"Trgovina","item":"https:\/\/activeluxe-cosmetics.com\/ba\/trgovina\/"},{"@type":"ListItem","position":3,"name":"2x \u0161ampon za rast kose i GRATIS serum za rast trepavica, 40-dnevni tretman"}]},{"@type":"WebSite","@id":"https:\/\/activeluxe-cosmetics.com\/ba\/#website","url":"https:\/\/activeluxe-cosmetics.com\/ba\/","name":"Active Luxe Cosmetics","description":"","potentialAction":[{"@type":"SearchAction","target":{"@type":"EntryPoint","urlTemplate":"https:\/\/activeluxe-cosmetics.com\/ba\/?s={search_term_string}"},"query-input":{"@type":"PropertyValueSpecification","valueRequired":true,"valueName":"search_term_string"}}],"inLanguage":"hr"}]}},"_links":{"self":[{"href":"https:\/\/activeluxe-cosmetics.com\/ba\/wp-json\/wp\/v2\/product\/84305","targetHints":{"allow":["GET"]}}],"collection":[{"href":"https:\/\/activeluxe-cosmetics.com\/ba\/wp-json\/wp\/v2\/product"}],"about":[{"href":"https:\/\/activeluxe-cosmetics.com\/ba\/wp-json\/wp\/v2\/types\/product"}],"replies":[{"embeddable":true,"href":"https:\/\/activeluxe-cosmetics.com\/ba\/wp-json\/wp\/v2\/comments?post=84305"}],"wp:featuredmedia":[{"embeddable":true,"href":"https:\/\/activeluxe-cosmetics.com\/ba\/wp-json\/wp\/v2\/media\/84306"}],"wp:attachment":[{"href":"https:\/\/activeluxe-cosmetics.com\/ba\/wp-json\/wp\/v2\/media?parent=84305"}],"wp:term":[{"taxonomy":"product_brand","embeddable":true,"href":"https:\/\/activeluxe-cosmetics.com\/ba\/wp-json\/wp\/v2\/product_brand?post=84305"},{"taxonomy":"product_cat","embeddable":true,"href":"https:\/\/activeluxe-cosmetics.com\/ba\/wp-json\/wp\/v2\/product_cat?post=84305"},{"taxonomy":"product_tag","embeddable":true,"href":"https:\/\/activeluxe-cosmetics.com\/ba\/wp-json\/wp\/v2\/product_tag?post=84305"}],"curies":[{"name":"wp","href":"https:\/\/api.w.org\/{rel}","templated":true}]}}