{"id":83503,"date":"2025-11-15T12:33:32","date_gmt":"2025-11-15T11:33:32","guid":{"rendered":"https:\/\/activeluxe-cosmetics.com\/ba\/?post_type=product&#038;p=83503"},"modified":"2026-01-06T14:50:25","modified_gmt":"2026-01-06T13:50:25","slug":"lash-and-brow-collection-za-predivne-trepavice-i-obrve","status":"publish","type":"product","link":"https:\/\/activeluxe-cosmetics.com\/ba\/izdelek\/lash-and-brow-collection-za-predivne-trepavice-i-obrve\/","title":{"rendered":"Lash and Brow Collection"},"content":{"rendered":"<p><img loading=\"lazy\" decoding=\"async\" class=\"size-medium wp-image-104940 alignright\" src=\"https:\/\/cdn.activeluxe-cosmetics.com\/sl\/wp-content\/uploads\/2024\/09\/03132346\/lash_brow_define_collection-1-460x575.png\" alt=\"\" width=\"460\" height=\"575\" \/><\/p>\n<h2><strong>Probudi svoju prirodnu ljepotu<\/strong> uz Lash &amp; Brow Collection set<\/h2>\n<p data-start=\"0\" data-end=\"149\"><strong data-start=\"0\" data-end=\"149\">Lash &amp; Brow Collection je savr\u0161en set za sve koji \u017eele naglasiti svoj pogled na prirodan na\u010din \u2013 bez umjetnih ekstenzija ili agresivnih tretmana.<\/strong><\/p>\n<p data-start=\"151\" data-end=\"287\" data-is-last-node=\"\" data-is-only-node=\"\">U jednom paketu dobija\u0161 tri klju\u010dna proizvoda za njegu i rast trepavica i obrva, uklju\u010duju\u0107i i besplatnu maskaru za savr\u0161enu definiciju:<\/p>\n<ul>\n<li><strong style=\"color: #555555;\">Serum za rast trepavica<\/strong><\/li>\n<li><strong style=\"color: #555555;\">Serum za rast obrva<\/strong><\/li>\n<li><strong style=\"color: #555555;\">Gratis Define Lash maskara<\/strong><\/li>\n<\/ul>\n<p>Savr\u0161ena kombinacija za svakodnevnu rutinu koja donosi vidljive rezultate i dugotrajne efekte. Oba seruma traju 2 mjeseca redovne upotrebe.<\/p>\n<p><strong>Lash &amp; Brow Collection je kreiran za sve koji \u017eele sna\u017ean, njegovan i prirodan izgled bez kompromisa.<\/strong><\/p>\n<p>Osjeti razliku i dopusti da tvoj pogled postane tvoja najja\u010da prednost.<\/p>\n<h3 style=\"clear: both;\"><\/h3>\n<h2><img loading=\"lazy\" decoding=\"async\" class=\"size-medium wp-image-104936 alignleft\" src=\"https:\/\/cdn.activeluxe-cosmetics.com\/sl\/wp-content\/uploads\/2024\/09\/03131545\/lash_and_brow_collection_active_luxe-460x575.png\" alt=\"\" width=\"460\" height=\"575\" \/><\/h2>\n<h2><strong>Prednosti koje<\/strong> \u0107e\u0161 primijetiti<\/h2>\n<ul>\n<li data-start=\"36\" data-end=\"336\"><strong data-start=\"36\" data-end=\"64\">Serum za rast trepavica:<\/strong><br data-start=\"64\" data-end=\"67\" \/>napredni serum s aktivnim peptidima i prirodnim sastojcima poti\u010de prirodni rast trepavica, ja\u010da ih i potamnjuje. Pogodan je i za osjetljive o\u010di te korisnice kontaktnih le\u0107a. Uz redovnu upotrebu tvoje trepavice \u0107e izgledati du\u017ee, gu\u0161\u0107e i ja\u010de ve\u0107 nakon nekoliko sedmica.<\/li>\n<li data-start=\"338\" data-end=\"675\"><strong data-start=\"338\" data-end=\"362\">Serum za rast obrva:<\/strong><br data-start=\"362\" data-end=\"365\" \/>obrve imaju klju\u010dnu ulogu u oblikovanju lica. Serum za obrve poti\u010de ponovni rast dla\u010dica, posebno na rijetkim ili pretjerano po\u010dupanim podru\u010djima. Formula je nje\u017ena, ali u\u010dinkovita \u2013 sadr\u017ei prirodne ekstrakte i hidratantne sastojke koji njeguju ko\u017eu i folikule te stvaraju puniji, bolje definiran izgled obrva.<\/li>\n<li data-start=\"677\" data-end=\"989\"><strong data-start=\"677\" data-end=\"701\">Define Lash maskara:<\/strong><br data-start=\"701\" data-end=\"704\" \/>kao poklon dobija\u0161 Define Lash maskaru koja tvojim trepavicama daje volumen, du\u017einu i definiciju. Posebna \u010detkica omogu\u0107ava ravnomjeran nanos bez grudvica, a formula pru\u017ea dugotrajan efekat bez razmazivanja. Idealna je za svakodnevnu upotrebu i kao savr\u0161en dodatak njezi uz lash serum.<\/li>\n<\/ul>\n<article class=\"text-token-text-primary w-full focus:outline-none [--shadow-height:45px] has-data-writing-block:pointer-events-none has-data-writing-block:-mt-(--shadow-height) has-data-writing-block:pt-(--shadow-height) [&amp;:has([data-writing-block])&gt;*]:pointer-events-auto [content-visibility:auto] supports-[content-visibility:auto]:[contain-intrinsic-size:auto_100lvh] scroll-mt-[calc(var(--header-height)+min(200px,max(70px,20svh)))]\" dir=\"auto\" tabindex=\"-1\" data-turn-id=\"request-WEB:232e9c0d-ae06-42c1-9ef2-728016ffad8e-15\" data-testid=\"conversation-turn-30\" data-scroll-anchor=\"true\" data-turn=\"assistant\">\n<div class=\"text-base my-auto mx-auto pb-10 [--thread-content-margin:--spacing(4)] thread-sm:[--thread-content-margin:--spacing(6)] thread-lg:[--thread-content-margin:--spacing(16)] px-(--thread-content-margin)\">\n<div class=\"[--thread-content-max-width:40rem] thread-lg:[--thread-content-max-width:48rem] mx-auto max-w-(--thread-content-max-width) flex-1 group\/turn-messages focus-visible:outline-hidden relative flex w-full min-w-0 flex-col agent-turn\" tabindex=\"-1\">\n<div class=\"flex max-w-full flex-col grow\">\n<div class=\"min-h-8 text-message relative flex w-full flex-col items-end gap-2 text-start break-words whitespace-normal [.text-message+&amp;]:mt-1\" dir=\"auto\" data-message-author-role=\"assistant\" data-message-id=\"eaa6f5d2-1d19-48d0-b2b0-4b6b27d0a246\" data-message-model-slug=\"gpt-5-1\">\n<div class=\"flex w-full flex-col gap-1 empty:hidden first:pt-[1px]\">\n<div class=\"markdown prose dark:prose-invert w-full break-words dark markdown-new-styling\"><\/div>\n<\/div>\n<\/div>\n<\/div>\n<\/div>\n<\/div>\n<\/article>\n<h4 style=\"clear: both; text-align: center;\">\u201cPotrdili smo nedvomen in jasen u\u010dinek kozmeti\u010dnega izdelka Active Luxe Lash na rast trepalnic. Udele\u017eenkam v \u0161tudijski skupini se je dol\u017eina trepalnic pove\u010dala za 2,6 mm (39 %). Razlika v pove\u010danju dol\u017eine trepalnic je statisti\u010dno zna\u010dilna \u017ee od 2. tedna uporabe seruma. Najve\u010djo rast smo dosegli pri eni od udele\u017eenk &#8211; v 2 tednih se je dol\u017eina njenih trepalnic pove\u010dala za kar 50 % in po 13 tednih kar za 100 %.&#8221;<\/h4>\n<div style=\"display: flex; align-items: center; gap: 20px; flex-wrap: wrap; justify-content: center;\">\n<p><img loading=\"lazy\" decoding=\"async\" class=\"size-full wp-image-72610\" src=\"https:\/\/cdn.activeluxe-cosmetics.com\/sl\/wp-content\/uploads\/2024\/01\/28150043\/Mask-group-1.png\" alt=\"\" width=\"83\" height=\"83\" \/><\/p>\n<p style=\"max-width: 360px;\">Tako je v svoji neodvisni \u0161tudiji povedal slovenski oftalmolog dr. Beltram, ki dokazuje u\u010dinkovitost seruma.<\/p>\n<\/div>\n","protected":false},"excerpt":{"rendered":"<p>Serum za rast trepavica, serum za rast obrva i gratis Define Lash maskara \u2013 u jednom neizostavnom setu.<\/p>\n","protected":false},"featured_media":83504,"comment_status":"open","ping_status":"closed","template":"","meta":[],"product_brand":[],"product_cat":[52,56,48],"product_tag":[],"class_list":{"0":"post-83503","1":"product","2":"type-product","3":"status-publish","4":"has-post-thumbnail","6":"product_cat-obrve","7":"product_cat-posebna-ponuda","8":"product_cat-trepavice","10":"first","11":"instock","12":"sale","13":"taxable","14":"shipping-taxable","15":"purchasable","16":"product-type-simple"},"bundled_by":[],"bundle_stock_status":"instock","bundle_stock_quantity":null,"bundle_virtual":false,"bundle_layout":"","bundle_add_to_cart_form_location":"","bundle_editable_in_cart":false,"bundle_sold_individually_context":"","bundle_item_grouping":"","bundle_min_size":"","bundle_max_size":"","bundled_items":[],"acf":[],"yoast_head":"<!-- This site is optimized with the Yoast SEO plugin v26.5 - https:\/\/yoast.com\/wordpress\/plugins\/seo\/ -->\n<title>Set za prirodno duge trepavice i guste obrve \u2013 Active Luxe<\/title>\n<meta name=\"description\" content=\"\u017deli\u0161 savr\u0161ene trepavice i obrve? Priu\u0161ti sebi ovaj ekskluzivni set i u\u017eivaj u besplatnoj Define Lash maskari za zavr\u0161ni \u201cwow\u201d efekat.\" \/>\n<meta name=\"robots\" content=\"index, follow, max-snippet:-1, max-image-preview:large, max-video-preview:-1\" \/>\n<link rel=\"canonical\" href=\"https:\/\/activeluxe-cosmetics.com\/ba\/izdelek\/lash-and-brow-collection-za-predivne-trepavice-i-obrve\/\" \/>\n<meta property=\"og:locale\" content=\"hr_HR\" \/>\n<meta property=\"og:type\" content=\"article\" \/>\n<meta property=\"og:title\" content=\"Set za prirodno duge trepavice i guste obrve \u2013 Active Luxe\" \/>\n<meta property=\"og:description\" content=\"\u017deli\u0161 savr\u0161ene trepavice i obrve? Priu\u0161ti sebi ovaj ekskluzivni set i u\u017eivaj u besplatnoj Define Lash maskari za zavr\u0161ni \u201cwow\u201d efekat.\" \/>\n<meta property=\"og:url\" content=\"https:\/\/activeluxe-cosmetics.com\/ba\/izdelek\/lash-and-brow-collection-za-predivne-trepavice-i-obrve\/\" \/>\n<meta property=\"og:site_name\" content=\"Active Luxe Cosmetics\" \/>\n<meta property=\"article:modified_time\" content=\"2026-01-06T13:50:25+00:00\" \/>\n<meta property=\"og:image\" content=\"https:\/\/activeluxe-cosmetics.com\/ba\/wp-content\/uploads\/2025\/11\/lash_and_brow_collection.png\" \/>\n\t<meta property=\"og:image:width\" content=\"1080\" \/>\n\t<meta property=\"og:image:height\" content=\"1350\" \/>\n\t<meta property=\"og:image:type\" content=\"image\/png\" \/>\n<meta name=\"twitter:card\" content=\"summary_large_image\" \/>\n<meta name=\"twitter:label1\" content=\"Procijenjeno vrijeme \u010ditanja\" \/>\n\t<meta name=\"twitter:data1\" content=\"3 minute\" \/>\n<script type=\"application\/ld+json\" class=\"yoast-schema-graph\">{\"@context\":\"https:\/\/schema.org\",\"@graph\":[{\"@type\":\"WebPage\",\"@id\":\"https:\/\/activeluxe-cosmetics.com\/ba\/izdelek\/lash-and-brow-collection-za-predivne-trepavice-i-obrve\/\",\"url\":\"https:\/\/activeluxe-cosmetics.com\/ba\/izdelek\/lash-and-brow-collection-za-predivne-trepavice-i-obrve\/\",\"name\":\"Set za prirodno duge trepavice i guste obrve \u2013 Active Luxe\",\"isPartOf\":{\"@id\":\"https:\/\/activeluxe-cosmetics.com\/ba\/#website\"},\"primaryImageOfPage\":{\"@id\":\"https:\/\/activeluxe-cosmetics.com\/ba\/izdelek\/lash-and-brow-collection-za-predivne-trepavice-i-obrve\/#primaryimage\"},\"image\":{\"@id\":\"https:\/\/activeluxe-cosmetics.com\/ba\/izdelek\/lash-and-brow-collection-za-predivne-trepavice-i-obrve\/#primaryimage\"},\"thumbnailUrl\":\"https:\/\/activeluxe-cosmetics.com\/ba\/wp-content\/uploads\/2025\/11\/lash_and_brow_collection.png\",\"datePublished\":\"2025-11-15T11:33:32+00:00\",\"dateModified\":\"2026-01-06T13:50:25+00:00\",\"description\":\"\u017deli\u0161 savr\u0161ene trepavice i obrve? Priu\u0161ti sebi ovaj ekskluzivni set i u\u017eivaj u besplatnoj Define Lash maskari za zavr\u0161ni \u201cwow\u201d efekat.\",\"breadcrumb\":{\"@id\":\"https:\/\/activeluxe-cosmetics.com\/ba\/izdelek\/lash-and-brow-collection-za-predivne-trepavice-i-obrve\/#breadcrumb\"},\"inLanguage\":\"hr\",\"potentialAction\":[{\"@type\":\"ReadAction\",\"target\":[\"https:\/\/activeluxe-cosmetics.com\/ba\/izdelek\/lash-and-brow-collection-za-predivne-trepavice-i-obrve\/\"]}]},{\"@type\":\"ImageObject\",\"inLanguage\":\"hr\",\"@id\":\"https:\/\/activeluxe-cosmetics.com\/ba\/izdelek\/lash-and-brow-collection-za-predivne-trepavice-i-obrve\/#primaryimage\",\"url\":\"https:\/\/activeluxe-cosmetics.com\/ba\/wp-content\/uploads\/2025\/11\/lash_and_brow_collection.png\",\"contentUrl\":\"https:\/\/activeluxe-cosmetics.com\/ba\/wp-content\/uploads\/2025\/11\/lash_and_brow_collection.png\",\"width\":1080,\"height\":1350},{\"@type\":\"BreadcrumbList\",\"@id\":\"https:\/\/activeluxe-cosmetics.com\/ba\/izdelek\/lash-and-brow-collection-za-predivne-trepavice-i-obrve\/#breadcrumb\",\"itemListElement\":[{\"@type\":\"ListItem\",\"position\":1,\"name\":\"Naslovnica\",\"item\":\"https:\/\/activeluxe-cosmetics.com\/ba\/\"},{\"@type\":\"ListItem\",\"position\":2,\"name\":\"Trgovina\",\"item\":\"https:\/\/activeluxe-cosmetics.com\/ba\/trgovina\/\"},{\"@type\":\"ListItem\",\"position\":3,\"name\":\"Lash and Brow Collection\"}]},{\"@type\":\"WebSite\",\"@id\":\"https:\/\/activeluxe-cosmetics.com\/ba\/#website\",\"url\":\"https:\/\/activeluxe-cosmetics.com\/ba\/\",\"name\":\"Active Luxe Cosmetics\",\"description\":\"\",\"potentialAction\":[{\"@type\":\"SearchAction\",\"target\":{\"@type\":\"EntryPoint\",\"urlTemplate\":\"https:\/\/activeluxe-cosmetics.com\/ba\/?s={search_term_string}\"},\"query-input\":{\"@type\":\"PropertyValueSpecification\",\"valueRequired\":true,\"valueName\":\"search_term_string\"}}],\"inLanguage\":\"hr\"}]}<\/script>\n<!-- \/ Yoast SEO plugin. -->","yoast_head_json":{"title":"Set za prirodno duge trepavice i guste obrve \u2013 Active Luxe","description":"\u017deli\u0161 savr\u0161ene trepavice i obrve? Priu\u0161ti sebi ovaj ekskluzivni set i u\u017eivaj u besplatnoj Define Lash maskari za zavr\u0161ni \u201cwow\u201d efekat.","robots":{"index":"index","follow":"follow","max-snippet":"max-snippet:-1","max-image-preview":"max-image-preview:large","max-video-preview":"max-video-preview:-1"},"canonical":"https:\/\/activeluxe-cosmetics.com\/ba\/izdelek\/lash-and-brow-collection-za-predivne-trepavice-i-obrve\/","og_locale":"hr_HR","og_type":"article","og_title":"Set za prirodno duge trepavice i guste obrve \u2013 Active Luxe","og_description":"\u017deli\u0161 savr\u0161ene trepavice i obrve? Priu\u0161ti sebi ovaj ekskluzivni set i u\u017eivaj u besplatnoj Define Lash maskari za zavr\u0161ni \u201cwow\u201d efekat.","og_url":"https:\/\/activeluxe-cosmetics.com\/ba\/izdelek\/lash-and-brow-collection-za-predivne-trepavice-i-obrve\/","og_site_name":"Active Luxe Cosmetics","article_modified_time":"2026-01-06T13:50:25+00:00","og_image":[{"width":1080,"height":1350,"url":"https:\/\/activeluxe-cosmetics.com\/ba\/wp-content\/uploads\/2025\/11\/lash_and_brow_collection.png","type":"image\/png"}],"twitter_card":"summary_large_image","twitter_misc":{"Procijenjeno vrijeme \u010ditanja":"3 minute"},"schema":{"@context":"https:\/\/schema.org","@graph":[{"@type":"WebPage","@id":"https:\/\/activeluxe-cosmetics.com\/ba\/izdelek\/lash-and-brow-collection-za-predivne-trepavice-i-obrve\/","url":"https:\/\/activeluxe-cosmetics.com\/ba\/izdelek\/lash-and-brow-collection-za-predivne-trepavice-i-obrve\/","name":"Set za prirodno duge trepavice i guste obrve \u2013 Active Luxe","isPartOf":{"@id":"https:\/\/activeluxe-cosmetics.com\/ba\/#website"},"primaryImageOfPage":{"@id":"https:\/\/activeluxe-cosmetics.com\/ba\/izdelek\/lash-and-brow-collection-za-predivne-trepavice-i-obrve\/#primaryimage"},"image":{"@id":"https:\/\/activeluxe-cosmetics.com\/ba\/izdelek\/lash-and-brow-collection-za-predivne-trepavice-i-obrve\/#primaryimage"},"thumbnailUrl":"https:\/\/activeluxe-cosmetics.com\/ba\/wp-content\/uploads\/2025\/11\/lash_and_brow_collection.png","datePublished":"2025-11-15T11:33:32+00:00","dateModified":"2026-01-06T13:50:25+00:00","description":"\u017deli\u0161 savr\u0161ene trepavice i obrve? Priu\u0161ti sebi ovaj ekskluzivni set i u\u017eivaj u besplatnoj Define Lash maskari za zavr\u0161ni \u201cwow\u201d efekat.","breadcrumb":{"@id":"https:\/\/activeluxe-cosmetics.com\/ba\/izdelek\/lash-and-brow-collection-za-predivne-trepavice-i-obrve\/#breadcrumb"},"inLanguage":"hr","potentialAction":[{"@type":"ReadAction","target":["https:\/\/activeluxe-cosmetics.com\/ba\/izdelek\/lash-and-brow-collection-za-predivne-trepavice-i-obrve\/"]}]},{"@type":"ImageObject","inLanguage":"hr","@id":"https:\/\/activeluxe-cosmetics.com\/ba\/izdelek\/lash-and-brow-collection-za-predivne-trepavice-i-obrve\/#primaryimage","url":"https:\/\/activeluxe-cosmetics.com\/ba\/wp-content\/uploads\/2025\/11\/lash_and_brow_collection.png","contentUrl":"https:\/\/activeluxe-cosmetics.com\/ba\/wp-content\/uploads\/2025\/11\/lash_and_brow_collection.png","width":1080,"height":1350},{"@type":"BreadcrumbList","@id":"https:\/\/activeluxe-cosmetics.com\/ba\/izdelek\/lash-and-brow-collection-za-predivne-trepavice-i-obrve\/#breadcrumb","itemListElement":[{"@type":"ListItem","position":1,"name":"Naslovnica","item":"https:\/\/activeluxe-cosmetics.com\/ba\/"},{"@type":"ListItem","position":2,"name":"Trgovina","item":"https:\/\/activeluxe-cosmetics.com\/ba\/trgovina\/"},{"@type":"ListItem","position":3,"name":"Lash and Brow Collection"}]},{"@type":"WebSite","@id":"https:\/\/activeluxe-cosmetics.com\/ba\/#website","url":"https:\/\/activeluxe-cosmetics.com\/ba\/","name":"Active Luxe Cosmetics","description":"","potentialAction":[{"@type":"SearchAction","target":{"@type":"EntryPoint","urlTemplate":"https:\/\/activeluxe-cosmetics.com\/ba\/?s={search_term_string}"},"query-input":{"@type":"PropertyValueSpecification","valueRequired":true,"valueName":"search_term_string"}}],"inLanguage":"hr"}]}},"_links":{"self":[{"href":"https:\/\/activeluxe-cosmetics.com\/ba\/wp-json\/wp\/v2\/product\/83503","targetHints":{"allow":["GET"]}}],"collection":[{"href":"https:\/\/activeluxe-cosmetics.com\/ba\/wp-json\/wp\/v2\/product"}],"about":[{"href":"https:\/\/activeluxe-cosmetics.com\/ba\/wp-json\/wp\/v2\/types\/product"}],"replies":[{"embeddable":true,"href":"https:\/\/activeluxe-cosmetics.com\/ba\/wp-json\/wp\/v2\/comments?post=83503"}],"wp:featuredmedia":[{"embeddable":true,"href":"https:\/\/activeluxe-cosmetics.com\/ba\/wp-json\/wp\/v2\/media\/83504"}],"wp:attachment":[{"href":"https:\/\/activeluxe-cosmetics.com\/ba\/wp-json\/wp\/v2\/media?parent=83503"}],"wp:term":[{"taxonomy":"product_brand","embeddable":true,"href":"https:\/\/activeluxe-cosmetics.com\/ba\/wp-json\/wp\/v2\/product_brand?post=83503"},{"taxonomy":"product_cat","embeddable":true,"href":"https:\/\/activeluxe-cosmetics.com\/ba\/wp-json\/wp\/v2\/product_cat?post=83503"},{"taxonomy":"product_tag","embeddable":true,"href":"https:\/\/activeluxe-cosmetics.com\/ba\/wp-json\/wp\/v2\/product_tag?post=83503"}],"curies":[{"name":"wp","href":"https:\/\/api.w.org\/{rel}","templated":true}]}}