{"id":83389,"date":"2025-10-22T12:06:08","date_gmt":"2025-10-22T10:06:08","guid":{"rendered":"https:\/\/activeluxe-cosmetics.com\/ba\/?post_type=product&#038;p=83389"},"modified":"2026-01-12T10:10:45","modified_gmt":"2026-01-12T09:10:45","slug":"sampon-i-balzam-za-aktivan-rast-kose","status":"publish","type":"product","link":"https:\/\/activeluxe-cosmetics.com\/ba\/izdelek\/sampon-i-balzam-za-aktivan-rast-kose\/","title":{"rendered":"20% POPUST: \u0160ampon i balzam za rast kose"},"content":{"rendered":"<p><img loading=\"lazy\" decoding=\"async\" class=\"size-medium wp-image-89574 alignright\" src=\"https:\/\/cdn.activeluxe-cosmetics.com\/sl\/wp-content\/uploads\/2024\/10\/18160221\/balzam_za_lase-460x575.png\" alt=\"\" width=\"460\" height=\"575\" \/><\/p>\n<h2><strong data-start=\"50\" data-end=\"89\">Smanjeno opadanje kose<\/strong> za 6 sedmica<\/h2>\n<p data-start=\"77\" data-end=\"502\"><strong data-start=\"77\" data-end=\"158\">Prva pomo\u0107 za suhu, rijetku i o\u0161te\u0107enu kosu bez sjaja, koja opada i ne raste. <\/strong>Koncentrirani <strong data-start=\"175\" data-end=\"236\">Active Luxe \u0161ampon za aktivan rast kose i protiv opadanja<\/strong> sadr\u017ei revolucionarnu formulu koja sprje\u010dava opadanje kose, ja\u010da aktivne folikule i poti\u010de cirkulaciju vlasi\u0161ta te rast nove kose.<\/p>\n<p data-start=\"77\" data-end=\"502\"><br data-start=\"367\" data-end=\"370\" \/>Pru\u017ea odli\u010dne rezultate i \u017eenama i mu\u0161karcima koji se suo\u010davaju s opadanjem, prorje\u0111ivanjem kose ili po\u010detnim znakovima \u0107elavosti:<\/p>\n<ul>\n<li data-start=\"77\" data-end=\"502\">djeluje protiv folikularne disfunkcije \u2013 o\u017eivljava folikule ve\u0107 od prvog dana upotrebe,<\/li>\n<li data-start=\"77\" data-end=\"502\">poti\u010de krvotok u vlasi\u0161tu, \u010dime korijenu kose donosi vi\u0161e hranjivih tvari potrebnih za rast,<\/li>\n<li data-start=\"77\" data-end=\"502\">usporava starenje i odumiranje folikula,<\/li>\n<li data-start=\"77\" data-end=\"502\">vidljivo ja\u010da korijen i strukturu dlake,<\/li>\n<li data-start=\"77\" data-end=\"502\">dostupan za suho\/normalno i masno vlasi\u0161te,<\/li>\n<li data-start=\"77\" data-end=\"502\">djeluje ve\u0107 od prve upotrebe, a <strong data-start=\"865\" data-end=\"916\">najbolji rezultati vidljivi su nakon 6 sedmica.<\/strong><\/li>\n<\/ul>\n<h2 style=\"text-align: center; clear: both;\"><\/h2>\n<h2><img loading=\"lazy\" decoding=\"async\" class=\"size-medium wp-image-100827 alignleft\" src=\"https:\/\/cdn.activeluxe-cosmetics.com\/sl\/wp-content\/uploads\/2025\/07\/18135334\/sampon_za_rast_las_active_luxe-460x575.png\" alt=\"\" width=\"460\" height=\"575\" \/><strong>Za\u0161to je Active Luxe \u0161ampon<\/strong> protiv opadanja kose tako u\u010dinkovit?<\/h2>\n<p data-start=\"77\" data-end=\"323\">Ako ti je kosa rijetka, suha, o\u0161te\u0107ena i bez sjaja, <strong data-start=\"129\" data-end=\"151\">Active Luxe \u0161ampon<\/strong> je pravi izbor za tebe! \u010cesto farbanje kose i upotreba elektri\u010dnih ure\u0111aja o\u0161te\u0107uju i stanjuju kosu, \u0161to dovodi do ispucalih vrhova, lomljenja i prekomjernog opadanja.<\/p>\n<p data-start=\"325\" data-end=\"413\"><strong data-start=\"325\" data-end=\"347\">Active Luxe \u0161ampon<\/strong> \u0107e tvoju kosu dubinski obnoviti i pru\u017eiti joj intenzivnu njegu!<\/p>\n<p data-start=\"415\" data-end=\"444\">Redovnom upotrebom \u0161ampona:<\/p>\n<ul>\n<li data-start=\"415\" data-end=\"444\">odr\u017eava vitalnost vlasi\u0161ta i vra\u0107a prirodnu gusto\u0107u kose,<\/li>\n<li data-start=\"415\" data-end=\"444\">kosa postaje sna\u017enija, punija i zdravija ve\u0107 nakon prve upotrebe,<\/li>\n<li data-start=\"415\" data-end=\"444\">jedinstvena, klini\u010dki testirana formula aktivira folikul dlake i ja\u010da korijen, \u010dime se sprje\u010dava opadanje,<\/li>\n<li data-start=\"415\" data-end=\"444\">u rekordno kratkom roku smanjuje opadanje i poti\u010de rast novih, mladih vlasi,<\/li>\n<li data-start=\"415\" data-end=\"444\">pri redovnoj upotrebi (najmanje 2x sedmi\u010dno) donosi <strong data-start=\"823\" data-end=\"866\">vidljive rezultate ve\u0107 nakon 6 sedmica.<\/strong><\/li>\n<\/ul>\n<p>&nbsp;<\/p>\n<p>&nbsp;<\/p>\n<p>&nbsp;<\/p>\n<p>&nbsp;<\/p>\n<p>&nbsp;<\/p>\n<p><img loading=\"lazy\" decoding=\"async\" class=\"size-medium wp-image-100824 alignright\" src=\"https:\/\/cdn.activeluxe-cosmetics.com\/sl\/wp-content\/uploads\/2025\/07\/18135301\/activeluxe_balzam_za_lase-460x575.png\" alt=\"\" width=\"460\" height=\"575\" \/><\/p>\n<h2><\/h2>\n<h2><\/h2>\n<h2><strong data-start=\"50\" data-end=\"83\">Balzam koji <\/strong>kosi daje volumen<\/h2>\n<p data-start=\"77\" data-end=\"429\">Pretjeranim pranjem, \u010detkanjem, farbanjem, peglanjem i su\u0161enjem, kosa po\u010dinje opadati te gubi elasti\u010dnost, volumen i snagu.<\/p>\n<p data-start=\"77\" data-end=\"429\">Stanje dodatno pogor\u0161ava pregrubo trljanje kose pe\u0161kirom, stres, lo\u0161a ishrana i nedovoljna hidratacija organizma.<\/p>\n<p data-start=\"77\" data-end=\"429\">Zato je va\u017eno kosu redovno dubinski nahraniti i za\u0161tititi. Nahranjena i zdrava kosa raste br\u017ee i izgleda ljep\u0161e.<\/p>\n<p data-start=\"431\" data-end=\"616\">Uz redovnu upotrebu <strong data-start=\"451\" data-end=\"515\">Active Luxe \u0161ampona i balzama protiv opadanja i za rast kose<\/strong>, kosa \u0107e vidno manje opadati i br\u017ee rasti. Posta\u0107e sna\u017enija, dubinski nahranjena, glatka i sjajna.<\/p>\n<p data-start=\"618\" data-end=\"684\">Pri redovnoj upotrebi, najmanje <strong data-start=\"650\" data-end=\"665\">2x sedmi\u010dno<\/strong>, primijetit \u0107e\u0161:<\/p>\n<ul>\n<li data-start=\"618\" data-end=\"684\">smanjeno opadanje kose,<\/li>\n<li data-start=\"618\" data-end=\"684\">gu\u0161\u0107u i puniju kosu,<\/li>\n<li data-start=\"618\" data-end=\"684\">ja\u010de korijene i nahranjenu kosu.<\/li>\n<\/ul>\n<div style=\"display: flex; align-items: center; gap: 20px; flex-wrap: wrap;\">\n<p style=\"max-width: 360px;\">\n<\/div>\n","protected":false},"excerpt":{"rendered":"<p>\u0160ampon i balzam za br\u017ei rast kose. Za \u017eene i mu\u0161karce. Vidljivi rezultati ve\u0107 nakon 6 sedmica.<\/p>\n","protected":false},"featured_media":83394,"comment_status":"open","ping_status":"closed","template":"","meta":[],"product_brand":[],"product_cat":[53,56],"product_tag":[],"class_list":{"0":"post-83389","1":"product","2":"type-product","3":"status-publish","4":"has-post-thumbnail","6":"product_cat-proizvodi-za-rast-kose","7":"product_cat-posebna-ponuda","9":"first","10":"instock","11":"sale","12":"taxable","13":"shipping-taxable","14":"purchasable","15":"product-type-variable"},"bundled_by":[],"bundle_stock_status":"instock","bundle_stock_quantity":null,"bundle_virtual":false,"bundle_layout":"","bundle_add_to_cart_form_location":"","bundle_editable_in_cart":false,"bundle_sold_individually_context":"","bundle_item_grouping":"","bundle_min_size":"","bundle_max_size":"","bundled_items":[],"acf":[],"yoast_head":"<!-- This site is optimized with the Yoast SEO plugin v26.5 - https:\/\/yoast.com\/wordpress\/plugins\/seo\/ -->\n<title>\u0160ampon i balzam za rast kose - Active Luxe Cosmetics<\/title>\n<meta name=\"description\" content=\"Najefikasniji \u0161ampon za aktivan rast kose i protiv opadanja \u2013 Active Luxe. Vidljivo gu\u0161\u0107a kosa ve\u0107 za 6 sedmica. Ja\u010da aktivne folikule dlake.\" \/>\n<meta name=\"robots\" content=\"index, follow, max-snippet:-1, max-image-preview:large, max-video-preview:-1\" \/>\n<link rel=\"canonical\" href=\"https:\/\/activeluxe-cosmetics.com\/ba\/izdelek\/sampon-i-balzam-za-aktivan-rast-kose\/\" \/>\n<meta property=\"og:locale\" content=\"hr_HR\" \/>\n<meta property=\"og:type\" content=\"article\" \/>\n<meta property=\"og:title\" content=\"\u0160ampon i balzam za rast kose - Active Luxe Cosmetics\" \/>\n<meta property=\"og:description\" content=\"Najefikasniji \u0161ampon za aktivan rast kose i protiv opadanja \u2013 Active Luxe. Vidljivo gu\u0161\u0107a kosa ve\u0107 za 6 sedmica. Ja\u010da aktivne folikule dlake.\" \/>\n<meta property=\"og:url\" content=\"https:\/\/activeluxe-cosmetics.com\/ba\/izdelek\/sampon-i-balzam-za-aktivan-rast-kose\/\" \/>\n<meta property=\"og:site_name\" content=\"Active Luxe Cosmetics\" \/>\n<meta property=\"article:modified_time\" content=\"2026-01-12T09:10:45+00:00\" \/>\n<meta property=\"og:image\" content=\"https:\/\/activeluxe-cosmetics.com\/ba\/wp-content\/uploads\/2025\/10\/balzam_in_sampon_za_lase.png\" \/>\n\t<meta property=\"og:image:width\" content=\"1080\" \/>\n\t<meta property=\"og:image:height\" content=\"1350\" \/>\n\t<meta property=\"og:image:type\" content=\"image\/png\" \/>\n<meta name=\"twitter:card\" content=\"summary_large_image\" \/>\n<meta name=\"twitter:label1\" content=\"Procijenjeno vrijeme \u010ditanja\" \/>\n\t<meta name=\"twitter:data1\" content=\"3 minute\" \/>\n<script type=\"application\/ld+json\" class=\"yoast-schema-graph\">{\"@context\":\"https:\/\/schema.org\",\"@graph\":[{\"@type\":\"WebPage\",\"@id\":\"https:\/\/activeluxe-cosmetics.com\/ba\/izdelek\/sampon-i-balzam-za-aktivan-rast-kose\/\",\"url\":\"https:\/\/activeluxe-cosmetics.com\/ba\/izdelek\/sampon-i-balzam-za-aktivan-rast-kose\/\",\"name\":\"\u0160ampon i balzam za rast kose - Active Luxe Cosmetics\",\"isPartOf\":{\"@id\":\"https:\/\/activeluxe-cosmetics.com\/ba\/#website\"},\"primaryImageOfPage\":{\"@id\":\"https:\/\/activeluxe-cosmetics.com\/ba\/izdelek\/sampon-i-balzam-za-aktivan-rast-kose\/#primaryimage\"},\"image\":{\"@id\":\"https:\/\/activeluxe-cosmetics.com\/ba\/izdelek\/sampon-i-balzam-za-aktivan-rast-kose\/#primaryimage\"},\"thumbnailUrl\":\"https:\/\/activeluxe-cosmetics.com\/ba\/wp-content\/uploads\/2025\/10\/balzam_in_sampon_za_lase.png\",\"datePublished\":\"2025-10-22T10:06:08+00:00\",\"dateModified\":\"2026-01-12T09:10:45+00:00\",\"description\":\"Najefikasniji \u0161ampon za aktivan rast kose i protiv opadanja \u2013 Active Luxe. Vidljivo gu\u0161\u0107a kosa ve\u0107 za 6 sedmica. Ja\u010da aktivne folikule dlake.\",\"breadcrumb\":{\"@id\":\"https:\/\/activeluxe-cosmetics.com\/ba\/izdelek\/sampon-i-balzam-za-aktivan-rast-kose\/#breadcrumb\"},\"inLanguage\":\"hr\",\"potentialAction\":[{\"@type\":\"ReadAction\",\"target\":[\"https:\/\/activeluxe-cosmetics.com\/ba\/izdelek\/sampon-i-balzam-za-aktivan-rast-kose\/\"]}]},{\"@type\":\"ImageObject\",\"inLanguage\":\"hr\",\"@id\":\"https:\/\/activeluxe-cosmetics.com\/ba\/izdelek\/sampon-i-balzam-za-aktivan-rast-kose\/#primaryimage\",\"url\":\"https:\/\/activeluxe-cosmetics.com\/ba\/wp-content\/uploads\/2025\/10\/balzam_in_sampon_za_lase.png\",\"contentUrl\":\"https:\/\/activeluxe-cosmetics.com\/ba\/wp-content\/uploads\/2025\/10\/balzam_in_sampon_za_lase.png\",\"width\":1080,\"height\":1350},{\"@type\":\"BreadcrumbList\",\"@id\":\"https:\/\/activeluxe-cosmetics.com\/ba\/izdelek\/sampon-i-balzam-za-aktivan-rast-kose\/#breadcrumb\",\"itemListElement\":[{\"@type\":\"ListItem\",\"position\":1,\"name\":\"Naslovnica\",\"item\":\"https:\/\/activeluxe-cosmetics.com\/ba\/\"},{\"@type\":\"ListItem\",\"position\":2,\"name\":\"Trgovina\",\"item\":\"https:\/\/activeluxe-cosmetics.com\/ba\/trgovina\/\"},{\"@type\":\"ListItem\",\"position\":3,\"name\":\"20% POPUST: \u0160ampon i balzam za rast kose\"}]},{\"@type\":\"WebSite\",\"@id\":\"https:\/\/activeluxe-cosmetics.com\/ba\/#website\",\"url\":\"https:\/\/activeluxe-cosmetics.com\/ba\/\",\"name\":\"Active Luxe Cosmetics\",\"description\":\"\",\"potentialAction\":[{\"@type\":\"SearchAction\",\"target\":{\"@type\":\"EntryPoint\",\"urlTemplate\":\"https:\/\/activeluxe-cosmetics.com\/ba\/?s={search_term_string}\"},\"query-input\":{\"@type\":\"PropertyValueSpecification\",\"valueRequired\":true,\"valueName\":\"search_term_string\"}}],\"inLanguage\":\"hr\"}]}<\/script>\n<!-- \/ Yoast SEO plugin. -->","yoast_head_json":{"title":"\u0160ampon i balzam za rast kose - Active Luxe Cosmetics","description":"Najefikasniji \u0161ampon za aktivan rast kose i protiv opadanja \u2013 Active Luxe. Vidljivo gu\u0161\u0107a kosa ve\u0107 za 6 sedmica. Ja\u010da aktivne folikule dlake.","robots":{"index":"index","follow":"follow","max-snippet":"max-snippet:-1","max-image-preview":"max-image-preview:large","max-video-preview":"max-video-preview:-1"},"canonical":"https:\/\/activeluxe-cosmetics.com\/ba\/izdelek\/sampon-i-balzam-za-aktivan-rast-kose\/","og_locale":"hr_HR","og_type":"article","og_title":"\u0160ampon i balzam za rast kose - Active Luxe Cosmetics","og_description":"Najefikasniji \u0161ampon za aktivan rast kose i protiv opadanja \u2013 Active Luxe. Vidljivo gu\u0161\u0107a kosa ve\u0107 za 6 sedmica. Ja\u010da aktivne folikule dlake.","og_url":"https:\/\/activeluxe-cosmetics.com\/ba\/izdelek\/sampon-i-balzam-za-aktivan-rast-kose\/","og_site_name":"Active Luxe Cosmetics","article_modified_time":"2026-01-12T09:10:45+00:00","og_image":[{"width":1080,"height":1350,"url":"https:\/\/activeluxe-cosmetics.com\/ba\/wp-content\/uploads\/2025\/10\/balzam_in_sampon_za_lase.png","type":"image\/png"}],"twitter_card":"summary_large_image","twitter_misc":{"Procijenjeno vrijeme \u010ditanja":"3 minute"},"schema":{"@context":"https:\/\/schema.org","@graph":[{"@type":"WebPage","@id":"https:\/\/activeluxe-cosmetics.com\/ba\/izdelek\/sampon-i-balzam-za-aktivan-rast-kose\/","url":"https:\/\/activeluxe-cosmetics.com\/ba\/izdelek\/sampon-i-balzam-za-aktivan-rast-kose\/","name":"\u0160ampon i balzam za rast kose - Active Luxe Cosmetics","isPartOf":{"@id":"https:\/\/activeluxe-cosmetics.com\/ba\/#website"},"primaryImageOfPage":{"@id":"https:\/\/activeluxe-cosmetics.com\/ba\/izdelek\/sampon-i-balzam-za-aktivan-rast-kose\/#primaryimage"},"image":{"@id":"https:\/\/activeluxe-cosmetics.com\/ba\/izdelek\/sampon-i-balzam-za-aktivan-rast-kose\/#primaryimage"},"thumbnailUrl":"https:\/\/activeluxe-cosmetics.com\/ba\/wp-content\/uploads\/2025\/10\/balzam_in_sampon_za_lase.png","datePublished":"2025-10-22T10:06:08+00:00","dateModified":"2026-01-12T09:10:45+00:00","description":"Najefikasniji \u0161ampon za aktivan rast kose i protiv opadanja \u2013 Active Luxe. Vidljivo gu\u0161\u0107a kosa ve\u0107 za 6 sedmica. Ja\u010da aktivne folikule dlake.","breadcrumb":{"@id":"https:\/\/activeluxe-cosmetics.com\/ba\/izdelek\/sampon-i-balzam-za-aktivan-rast-kose\/#breadcrumb"},"inLanguage":"hr","potentialAction":[{"@type":"ReadAction","target":["https:\/\/activeluxe-cosmetics.com\/ba\/izdelek\/sampon-i-balzam-za-aktivan-rast-kose\/"]}]},{"@type":"ImageObject","inLanguage":"hr","@id":"https:\/\/activeluxe-cosmetics.com\/ba\/izdelek\/sampon-i-balzam-za-aktivan-rast-kose\/#primaryimage","url":"https:\/\/activeluxe-cosmetics.com\/ba\/wp-content\/uploads\/2025\/10\/balzam_in_sampon_za_lase.png","contentUrl":"https:\/\/activeluxe-cosmetics.com\/ba\/wp-content\/uploads\/2025\/10\/balzam_in_sampon_za_lase.png","width":1080,"height":1350},{"@type":"BreadcrumbList","@id":"https:\/\/activeluxe-cosmetics.com\/ba\/izdelek\/sampon-i-balzam-za-aktivan-rast-kose\/#breadcrumb","itemListElement":[{"@type":"ListItem","position":1,"name":"Naslovnica","item":"https:\/\/activeluxe-cosmetics.com\/ba\/"},{"@type":"ListItem","position":2,"name":"Trgovina","item":"https:\/\/activeluxe-cosmetics.com\/ba\/trgovina\/"},{"@type":"ListItem","position":3,"name":"20% POPUST: \u0160ampon i balzam za rast kose"}]},{"@type":"WebSite","@id":"https:\/\/activeluxe-cosmetics.com\/ba\/#website","url":"https:\/\/activeluxe-cosmetics.com\/ba\/","name":"Active Luxe Cosmetics","description":"","potentialAction":[{"@type":"SearchAction","target":{"@type":"EntryPoint","urlTemplate":"https:\/\/activeluxe-cosmetics.com\/ba\/?s={search_term_string}"},"query-input":{"@type":"PropertyValueSpecification","valueRequired":true,"valueName":"search_term_string"}}],"inLanguage":"hr"}]}},"_links":{"self":[{"href":"https:\/\/activeluxe-cosmetics.com\/ba\/wp-json\/wp\/v2\/product\/83389","targetHints":{"allow":["GET"]}}],"collection":[{"href":"https:\/\/activeluxe-cosmetics.com\/ba\/wp-json\/wp\/v2\/product"}],"about":[{"href":"https:\/\/activeluxe-cosmetics.com\/ba\/wp-json\/wp\/v2\/types\/product"}],"replies":[{"embeddable":true,"href":"https:\/\/activeluxe-cosmetics.com\/ba\/wp-json\/wp\/v2\/comments?post=83389"}],"wp:featuredmedia":[{"embeddable":true,"href":"https:\/\/activeluxe-cosmetics.com\/ba\/wp-json\/wp\/v2\/media\/83394"}],"wp:attachment":[{"href":"https:\/\/activeluxe-cosmetics.com\/ba\/wp-json\/wp\/v2\/media?parent=83389"}],"wp:term":[{"taxonomy":"product_brand","embeddable":true,"href":"https:\/\/activeluxe-cosmetics.com\/ba\/wp-json\/wp\/v2\/product_brand?post=83389"},{"taxonomy":"product_cat","embeddable":true,"href":"https:\/\/activeluxe-cosmetics.com\/ba\/wp-json\/wp\/v2\/product_cat?post=83389"},{"taxonomy":"product_tag","embeddable":true,"href":"https:\/\/activeluxe-cosmetics.com\/ba\/wp-json\/wp\/v2\/product_tag?post=83389"}],"curies":[{"name":"wp","href":"https:\/\/api.w.org\/{rel}","templated":true}]}}