{"id":83314,"date":"2025-10-03T12:27:41","date_gmt":"2025-10-03T10:27:41","guid":{"rendered":"https:\/\/activeluxe-cosmetics.com\/ba\/?post_type=product&#038;p=83314"},"modified":"2026-04-01T16:50:06","modified_gmt":"2026-04-01T14:50:06","slug":"tonik-za-aktivan-rast-kose-i-protiv-opadanja-kose-s-trostrukim-djelovanjem","status":"publish","type":"product","link":"https:\/\/activeluxe-cosmetics.com\/ba\/izdelek\/tonik-za-aktivan-rast-kose-i-protiv-opadanja-kose-s-trostrukim-djelovanjem\/","title":{"rendered":"Tonik za aktivan rast kose s trostrukim djelovanjem"},"content":{"rendered":"<p><img loading=\"lazy\" decoding=\"async\" class=\" wp-image-89691 alignright\" src=\"https:\/\/cdn.activeluxe-cosmetics.com\/sl\/wp-content\/uploads\/2024\/10\/21091431\/alc_hair_tonic-460x575.png\" alt=\"\" width=\"430\" height=\"538\" \/><\/p>\n<h2><strong>Izjemna u\u010dinkovitost<\/strong> dokazana s \u0161tevilkami<\/h2>\n<p data-start=\"69\" data-end=\"206\"><strong data-start=\"69\" data-end=\"204\">Tonik sadr\u017ei aktivne patentirane sastojke koji klini\u010dki dokazano smanjuju opadanje kose za 46% te pove\u0107avaju njenu gusto\u0107u za 121%.<\/strong><\/p>\n<ul>\n<li data-start=\"210\" data-end=\"262\">Sprje\u010dava opadanje kose i poti\u010de njen ponovni rast<\/li>\n<li data-start=\"210\" data-end=\"262\">Pospje\u0161uje mikrocirkulaciju vlasi\u0161ta<\/li>\n<li data-start=\"210\" data-end=\"262\">Zgu\u0161njava kosu i dubinski je ja\u010da<\/li>\n<li data-start=\"210\" data-end=\"262\">Zajedno sa \u0161amponom stimulira aktivne folikule kose<\/li>\n<\/ul>\n<p data-start=\"399\" data-end=\"673\">Da bismo razumjeli uzroke opadanja kose, potrebno je razumjeti ciklus njenog rasta. Kosa prolazi kroz<strong> tri faze<\/strong>: <strong>fazu rasta<\/strong>, u kojoj je kosa jaka i ne opada spontano; <strong>fazu mirovanja<\/strong>, u kojoj prestaje rasti i miruje; te f<strong>azu opadanja<\/strong>, u kojoj folikul odumire, a vlas ispada.<\/p>\n<p data-start=\"675\" data-end=\"889\">Sve faze rasta su pod utjecajem razli\u010ditih hormona, a hormon DHT dodatno uti\u010de na ciklus tako \u0161to uzrokuje tanje i slabije vlasi koje se s vremenom manifestuju kao gubitak kose, \u0107elavost ili kru\u017eno opadanje kose.<\/p>\n<h2 style=\"text-align: center; clear: both;\"><\/h2>\n<p><img loading=\"lazy\" decoding=\"async\" class=\" wp-image-92558 alignleft\" src=\"https:\/\/cdn.activeluxe-cosmetics.com\/sl\/wp-content\/uploads\/2024\/12\/13155818\/Izdelek-brez-naslova-1-1-460x575.png\" alt=\"\" width=\"430\" height=\"538\" \/><\/p>\n<h2><strong data-start=\"38\" data-end=\"96\">Intenzivni koncentrat s trostrukim <\/strong>sna\u017enim djelovanjem<\/h2>\n<p data-start=\"69\" data-end=\"209\"><strong data-start=\"69\" data-end=\"207\">Napredna formula zasnovana je na pa\u017eljivo odabranim i klini\u010dki testiranim sastojcima koji su nepobjedivi u borbi protiv opadanja kose.<\/strong><\/p>\n<ul>\n<li><strong data-start=\"213\" data-end=\"233\">Biotinoyl \u2013 GHK:<\/strong> Sastojak koji prodire duboko u vlasi\u0161te, poti\u010de stani\u010dni metabolizam i obnavlja oslabljene folikule kose \u2013 djeluje protiv folikularne disfunkcije.<\/li>\n<li><strong data-start=\"385\" data-end=\"398\">Apigenin:<\/strong> Sastojak s antioksidativnim djelovanjem koji pospje\u0161uje mikrocirkulaciju odnosno prokrvljenost vlasi\u0161ta.<\/li>\n<li><strong data-start=\"508\" data-end=\"531\">Oleanolna kiselina:<\/strong> Djeluje kao sna\u017ean inhibitor enzima odgovornog za pretvaranje hormona testosterona u dihidrotestosteron (DHT), glavnog uzro\u010dnika opadanja kose i \u0107elavosti.<\/li>\n<\/ul>\n<p data-start=\"691\" data-end=\"707\"><strong data-start=\"691\" data-end=\"705\">Prednosti:<\/strong><\/p>\n<ul>\n<li data-start=\"691\" data-end=\"707\">Jednostavna i ciljana primjena<\/li>\n<li data-start=\"691\" data-end=\"707\">Pogodan za svakodnevnu upotrebu<\/li>\n<li data-start=\"691\" data-end=\"707\">Trostruko djelovanje<\/li>\n<li data-start=\"691\" data-end=\"707\">Vidljivi rezultati ve\u0107 za 4 mjeseca<\/li>\n<\/ul>\n<p>&nbsp;<\/p>\n<h2 style=\"text-align: center; clear: both;\"><\/h2>\n<h2><strong><img loading=\"lazy\" decoding=\"async\" class=\"size-medium wp-image-89692 alignright\" src=\"https:\/\/cdn.activeluxe-cosmetics.com\/sl\/wp-content\/uploads\/2024\/10\/21091519\/hair_linija-460x575.png\" alt=\"\" width=\"460\" height=\"575\" \/><\/strong><strong>Pravovremeno zaustavi <\/strong>opadanje kose!<\/h2>\n<p data-start=\"69\" data-end=\"253\">Ako se bori\u0161 s <strong>\u0107elavo\u0161\u0107u<\/strong> ili <strong>prekomjernim opadanjem kose<\/strong>, Active Luxe tonik protiv opadanja kose idealno je rje\u0161enje koje \u017eenama i mu\u0161karcima poma\u017ee do gu\u0161\u0107e, zdravije i ljep\u0161e kose.<\/p>\n<p data-start=\"255\" data-end=\"454\">Za vidljive rezultate preporu\u010dujemo i Active Luxe \u0161ampon protiv opadanja kose, serum za rast kose te derma roller za aktivnu masa\u017eu vlasi\u0161ta. Najbolji rezultati pokazuju se oko 4. mjeseca upotrebe.<\/p>\n<p data-start=\"456\" data-end=\"574\">Tonik<strong> ne masti kosu<\/strong>. Po\u010dni ga koristiti odmah kada primijeti\u0161 prorje\u0111ivanje kose na tjemenu, \u010delu ili vrhu vlasi\u0161ta.<\/p>\n<p data-start=\"576\" data-end=\"640\">Uz redovnu upotrebu (najmanje 2 puta sedmi\u010dno) primijetit \u0107e\u0161:<\/p>\n<ul>\n<li data-start=\"643\" data-end=\"668\"><strong>smanjeno opadanje kose<\/strong>,<\/li>\n<li data-start=\"643\" data-end=\"668\"><strong>gu\u0161\u0107u i puniju kosu<\/strong>,<\/li>\n<li data-start=\"643\" data-end=\"668\"><strong>ja\u010de korijene i nahranjenu kosu<\/strong>.<\/li>\n<\/ul>\n","protected":false},"excerpt":{"rendered":"<p>Sa trostrukim djelovanjem protiv jakog opadanja kose. Pove\u0107ava gusto\u0107u kose za 121%, smanjuje opadanje kose za 46%.<\/p>\n","protected":false},"featured_media":83315,"comment_status":"open","ping_status":"closed","template":"","meta":[],"product_brand":[],"product_cat":[53],"product_tag":[],"class_list":{"0":"post-83314","1":"product","2":"type-product","3":"status-publish","4":"has-post-thumbnail","6":"product_cat-proizvodi-za-rast-kose","8":"first","9":"instock","10":"taxable","11":"shipping-taxable","12":"purchasable","13":"product-type-simple"},"bundled_by":[],"bundle_stock_status":"instock","bundle_stock_quantity":null,"bundle_virtual":false,"bundle_layout":"","bundle_add_to_cart_form_location":"","bundle_editable_in_cart":false,"bundle_sold_individually_context":"","bundle_item_grouping":"","bundle_min_size":"","bundle_max_size":"","bundled_items":[],"acf":[],"yoast_head":"<!-- This site is optimized with the Yoast SEO plugin v26.5 - https:\/\/yoast.com\/wordpress\/plugins\/seo\/ -->\n<title>Tonik za rast kose \u2013 Active Luxe Cosmetics<\/title>\n<meta name=\"description\" content=\"Napredna formula s trostrukim djelovanjem. Smanjuje opadanje kose za 46%. Ve\u0107a gusto\u0107a kose za 121% \ud83d\udc69\u200d\ud83e\uddb1 Klini\u010dki testirano. Dokazano djeluje. \u2705\" \/>\n<meta name=\"robots\" content=\"index, follow, max-snippet:-1, max-image-preview:large, max-video-preview:-1\" \/>\n<link rel=\"canonical\" href=\"https:\/\/activeluxe-cosmetics.com\/ba\/izdelek\/tonik-za-aktivan-rast-kose-i-protiv-opadanja-kose-s-trostrukim-djelovanjem\/\" \/>\n<meta property=\"og:locale\" content=\"hr_HR\" \/>\n<meta property=\"og:type\" content=\"article\" \/>\n<meta property=\"og:title\" content=\"Tonik za rast kose \u2013 Active Luxe Cosmetics\" \/>\n<meta property=\"og:description\" content=\"Napredna formula s trostrukim djelovanjem. Smanjuje opadanje kose za 46%. Ve\u0107a gusto\u0107a kose za 121% \ud83d\udc69\u200d\ud83e\uddb1 Klini\u010dki testirano. Dokazano djeluje. \u2705\" \/>\n<meta property=\"og:url\" content=\"https:\/\/activeluxe-cosmetics.com\/ba\/izdelek\/tonik-za-aktivan-rast-kose-i-protiv-opadanja-kose-s-trostrukim-djelovanjem\/\" \/>\n<meta property=\"og:site_name\" content=\"Active Luxe Cosmetics\" \/>\n<meta property=\"article:modified_time\" content=\"2026-04-01T14:50:06+00:00\" \/>\n<meta property=\"og:image\" content=\"https:\/\/activeluxe-cosmetics.com\/ba\/wp-content\/uploads\/2025\/10\/tonik-za-rast-kose.jpg\" \/>\n\t<meta property=\"og:image:width\" content=\"1104\" \/>\n\t<meta property=\"og:image:height\" content=\"1326\" \/>\n\t<meta property=\"og:image:type\" content=\"image\/jpeg\" \/>\n<meta name=\"twitter:card\" content=\"summary_large_image\" \/>\n<meta name=\"twitter:label1\" content=\"Procijenjeno vrijeme \u010ditanja\" \/>\n\t<meta name=\"twitter:data1\" content=\"3 minute\" \/>\n<script type=\"application\/ld+json\" class=\"yoast-schema-graph\">{\"@context\":\"https:\/\/schema.org\",\"@graph\":[{\"@type\":\"WebPage\",\"@id\":\"https:\/\/activeluxe-cosmetics.com\/ba\/izdelek\/tonik-za-aktivan-rast-kose-i-protiv-opadanja-kose-s-trostrukim-djelovanjem\/\",\"url\":\"https:\/\/activeluxe-cosmetics.com\/ba\/izdelek\/tonik-za-aktivan-rast-kose-i-protiv-opadanja-kose-s-trostrukim-djelovanjem\/\",\"name\":\"Tonik za rast kose \u2013 Active Luxe Cosmetics\",\"isPartOf\":{\"@id\":\"https:\/\/activeluxe-cosmetics.com\/ba\/#website\"},\"primaryImageOfPage\":{\"@id\":\"https:\/\/activeluxe-cosmetics.com\/ba\/izdelek\/tonik-za-aktivan-rast-kose-i-protiv-opadanja-kose-s-trostrukim-djelovanjem\/#primaryimage\"},\"image\":{\"@id\":\"https:\/\/activeluxe-cosmetics.com\/ba\/izdelek\/tonik-za-aktivan-rast-kose-i-protiv-opadanja-kose-s-trostrukim-djelovanjem\/#primaryimage\"},\"thumbnailUrl\":\"https:\/\/activeluxe-cosmetics.com\/ba\/wp-content\/uploads\/2025\/10\/tonik-za-rast-kose.jpg\",\"datePublished\":\"2025-10-03T10:27:41+00:00\",\"dateModified\":\"2026-04-01T14:50:06+00:00\",\"description\":\"Napredna formula s trostrukim djelovanjem. Smanjuje opadanje kose za 46%. Ve\u0107a gusto\u0107a kose za 121% \ud83d\udc69\u200d\ud83e\uddb1 Klini\u010dki testirano. Dokazano djeluje. \u2705\",\"breadcrumb\":{\"@id\":\"https:\/\/activeluxe-cosmetics.com\/ba\/izdelek\/tonik-za-aktivan-rast-kose-i-protiv-opadanja-kose-s-trostrukim-djelovanjem\/#breadcrumb\"},\"inLanguage\":\"hr\",\"potentialAction\":[{\"@type\":\"ReadAction\",\"target\":[\"https:\/\/activeluxe-cosmetics.com\/ba\/izdelek\/tonik-za-aktivan-rast-kose-i-protiv-opadanja-kose-s-trostrukim-djelovanjem\/\"]}]},{\"@type\":\"ImageObject\",\"inLanguage\":\"hr\",\"@id\":\"https:\/\/activeluxe-cosmetics.com\/ba\/izdelek\/tonik-za-aktivan-rast-kose-i-protiv-opadanja-kose-s-trostrukim-djelovanjem\/#primaryimage\",\"url\":\"https:\/\/activeluxe-cosmetics.com\/ba\/wp-content\/uploads\/2025\/10\/tonik-za-rast-kose.jpg\",\"contentUrl\":\"https:\/\/activeluxe-cosmetics.com\/ba\/wp-content\/uploads\/2025\/10\/tonik-za-rast-kose.jpg\",\"width\":1104,\"height\":1326},{\"@type\":\"BreadcrumbList\",\"@id\":\"https:\/\/activeluxe-cosmetics.com\/ba\/izdelek\/tonik-za-aktivan-rast-kose-i-protiv-opadanja-kose-s-trostrukim-djelovanjem\/#breadcrumb\",\"itemListElement\":[{\"@type\":\"ListItem\",\"position\":1,\"name\":\"Naslovnica\",\"item\":\"https:\/\/activeluxe-cosmetics.com\/ba\/\"},{\"@type\":\"ListItem\",\"position\":2,\"name\":\"Trgovina\",\"item\":\"https:\/\/activeluxe-cosmetics.com\/ba\/trgovina\/\"},{\"@type\":\"ListItem\",\"position\":3,\"name\":\"Tonik za aktivan rast kose s trostrukim djelovanjem\"}]},{\"@type\":\"WebSite\",\"@id\":\"https:\/\/activeluxe-cosmetics.com\/ba\/#website\",\"url\":\"https:\/\/activeluxe-cosmetics.com\/ba\/\",\"name\":\"Active Luxe Cosmetics\",\"description\":\"\",\"potentialAction\":[{\"@type\":\"SearchAction\",\"target\":{\"@type\":\"EntryPoint\",\"urlTemplate\":\"https:\/\/activeluxe-cosmetics.com\/ba\/?s={search_term_string}\"},\"query-input\":{\"@type\":\"PropertyValueSpecification\",\"valueRequired\":true,\"valueName\":\"search_term_string\"}}],\"inLanguage\":\"hr\"}]}<\/script>\n<!-- \/ Yoast SEO plugin. -->","yoast_head_json":{"title":"Tonik za rast kose \u2013 Active Luxe Cosmetics","description":"Napredna formula s trostrukim djelovanjem. Smanjuje opadanje kose za 46%. Ve\u0107a gusto\u0107a kose za 121% \ud83d\udc69\u200d\ud83e\uddb1 Klini\u010dki testirano. Dokazano djeluje. \u2705","robots":{"index":"index","follow":"follow","max-snippet":"max-snippet:-1","max-image-preview":"max-image-preview:large","max-video-preview":"max-video-preview:-1"},"canonical":"https:\/\/activeluxe-cosmetics.com\/ba\/izdelek\/tonik-za-aktivan-rast-kose-i-protiv-opadanja-kose-s-trostrukim-djelovanjem\/","og_locale":"hr_HR","og_type":"article","og_title":"Tonik za rast kose \u2013 Active Luxe Cosmetics","og_description":"Napredna formula s trostrukim djelovanjem. Smanjuje opadanje kose za 46%. Ve\u0107a gusto\u0107a kose za 121% \ud83d\udc69\u200d\ud83e\uddb1 Klini\u010dki testirano. Dokazano djeluje. \u2705","og_url":"https:\/\/activeluxe-cosmetics.com\/ba\/izdelek\/tonik-za-aktivan-rast-kose-i-protiv-opadanja-kose-s-trostrukim-djelovanjem\/","og_site_name":"Active Luxe Cosmetics","article_modified_time":"2026-04-01T14:50:06+00:00","og_image":[{"width":1104,"height":1326,"url":"https:\/\/activeluxe-cosmetics.com\/ba\/wp-content\/uploads\/2025\/10\/tonik-za-rast-kose.jpg","type":"image\/jpeg"}],"twitter_card":"summary_large_image","twitter_misc":{"Procijenjeno vrijeme \u010ditanja":"3 minute"},"schema":{"@context":"https:\/\/schema.org","@graph":[{"@type":"WebPage","@id":"https:\/\/activeluxe-cosmetics.com\/ba\/izdelek\/tonik-za-aktivan-rast-kose-i-protiv-opadanja-kose-s-trostrukim-djelovanjem\/","url":"https:\/\/activeluxe-cosmetics.com\/ba\/izdelek\/tonik-za-aktivan-rast-kose-i-protiv-opadanja-kose-s-trostrukim-djelovanjem\/","name":"Tonik za rast kose \u2013 Active Luxe Cosmetics","isPartOf":{"@id":"https:\/\/activeluxe-cosmetics.com\/ba\/#website"},"primaryImageOfPage":{"@id":"https:\/\/activeluxe-cosmetics.com\/ba\/izdelek\/tonik-za-aktivan-rast-kose-i-protiv-opadanja-kose-s-trostrukim-djelovanjem\/#primaryimage"},"image":{"@id":"https:\/\/activeluxe-cosmetics.com\/ba\/izdelek\/tonik-za-aktivan-rast-kose-i-protiv-opadanja-kose-s-trostrukim-djelovanjem\/#primaryimage"},"thumbnailUrl":"https:\/\/activeluxe-cosmetics.com\/ba\/wp-content\/uploads\/2025\/10\/tonik-za-rast-kose.jpg","datePublished":"2025-10-03T10:27:41+00:00","dateModified":"2026-04-01T14:50:06+00:00","description":"Napredna formula s trostrukim djelovanjem. Smanjuje opadanje kose za 46%. Ve\u0107a gusto\u0107a kose za 121% \ud83d\udc69\u200d\ud83e\uddb1 Klini\u010dki testirano. Dokazano djeluje. \u2705","breadcrumb":{"@id":"https:\/\/activeluxe-cosmetics.com\/ba\/izdelek\/tonik-za-aktivan-rast-kose-i-protiv-opadanja-kose-s-trostrukim-djelovanjem\/#breadcrumb"},"inLanguage":"hr","potentialAction":[{"@type":"ReadAction","target":["https:\/\/activeluxe-cosmetics.com\/ba\/izdelek\/tonik-za-aktivan-rast-kose-i-protiv-opadanja-kose-s-trostrukim-djelovanjem\/"]}]},{"@type":"ImageObject","inLanguage":"hr","@id":"https:\/\/activeluxe-cosmetics.com\/ba\/izdelek\/tonik-za-aktivan-rast-kose-i-protiv-opadanja-kose-s-trostrukim-djelovanjem\/#primaryimage","url":"https:\/\/activeluxe-cosmetics.com\/ba\/wp-content\/uploads\/2025\/10\/tonik-za-rast-kose.jpg","contentUrl":"https:\/\/activeluxe-cosmetics.com\/ba\/wp-content\/uploads\/2025\/10\/tonik-za-rast-kose.jpg","width":1104,"height":1326},{"@type":"BreadcrumbList","@id":"https:\/\/activeluxe-cosmetics.com\/ba\/izdelek\/tonik-za-aktivan-rast-kose-i-protiv-opadanja-kose-s-trostrukim-djelovanjem\/#breadcrumb","itemListElement":[{"@type":"ListItem","position":1,"name":"Naslovnica","item":"https:\/\/activeluxe-cosmetics.com\/ba\/"},{"@type":"ListItem","position":2,"name":"Trgovina","item":"https:\/\/activeluxe-cosmetics.com\/ba\/trgovina\/"},{"@type":"ListItem","position":3,"name":"Tonik za aktivan rast kose s trostrukim djelovanjem"}]},{"@type":"WebSite","@id":"https:\/\/activeluxe-cosmetics.com\/ba\/#website","url":"https:\/\/activeluxe-cosmetics.com\/ba\/","name":"Active Luxe Cosmetics","description":"","potentialAction":[{"@type":"SearchAction","target":{"@type":"EntryPoint","urlTemplate":"https:\/\/activeluxe-cosmetics.com\/ba\/?s={search_term_string}"},"query-input":{"@type":"PropertyValueSpecification","valueRequired":true,"valueName":"search_term_string"}}],"inLanguage":"hr"}]}},"_links":{"self":[{"href":"https:\/\/activeluxe-cosmetics.com\/ba\/wp-json\/wp\/v2\/product\/83314","targetHints":{"allow":["GET"]}}],"collection":[{"href":"https:\/\/activeluxe-cosmetics.com\/ba\/wp-json\/wp\/v2\/product"}],"about":[{"href":"https:\/\/activeluxe-cosmetics.com\/ba\/wp-json\/wp\/v2\/types\/product"}],"replies":[{"embeddable":true,"href":"https:\/\/activeluxe-cosmetics.com\/ba\/wp-json\/wp\/v2\/comments?post=83314"}],"wp:featuredmedia":[{"embeddable":true,"href":"https:\/\/activeluxe-cosmetics.com\/ba\/wp-json\/wp\/v2\/media\/83315"}],"wp:attachment":[{"href":"https:\/\/activeluxe-cosmetics.com\/ba\/wp-json\/wp\/v2\/media?parent=83314"}],"wp:term":[{"taxonomy":"product_brand","embeddable":true,"href":"https:\/\/activeluxe-cosmetics.com\/ba\/wp-json\/wp\/v2\/product_brand?post=83314"},{"taxonomy":"product_cat","embeddable":true,"href":"https:\/\/activeluxe-cosmetics.com\/ba\/wp-json\/wp\/v2\/product_cat?post=83314"},{"taxonomy":"product_tag","embeddable":true,"href":"https:\/\/activeluxe-cosmetics.com\/ba\/wp-json\/wp\/v2\/product_tag?post=83314"}],"curies":[{"name":"wp","href":"https:\/\/api.w.org\/{rel}","templated":true}]}}