{"id":83304,"date":"2025-10-03T11:39:43","date_gmt":"2025-10-03T09:39:43","guid":{"rendered":"https:\/\/activeluxe-cosmetics.com\/ba\/?post_type=product&#038;p=83304"},"modified":"2026-04-01T16:49:14","modified_gmt":"2026-04-01T14:49:14","slug":"balzam-za-jacanje-i-rast-kose","status":"publish","type":"product","link":"https:\/\/activeluxe-cosmetics.com\/ba\/izdelek\/balzam-za-jacanje-i-rast-kose\/","title":{"rendered":"Balzam za ja\u010danje i rast kose"},"content":{"rendered":"<p><img loading=\"lazy\" decoding=\"async\" class=\" wp-image-83305 alignright\" src=\"https:\/\/activeluxe-cosmetics.com\/ba\/wp-content\/uploads\/2025\/10\/balzam_za_rast_kose-460x553.jpg\" alt=\"\" width=\"390\" height=\"469\" srcset=\"https:\/\/activeluxe-cosmetics.com\/ba\/wp-content\/uploads\/2025\/10\/balzam_za_rast_kose-460x553.jpg 460w, https:\/\/activeluxe-cosmetics.com\/ba\/wp-content\/uploads\/2025\/10\/balzam_za_rast_kose-853x1024.jpg 853w, https:\/\/activeluxe-cosmetics.com\/ba\/wp-content\/uploads\/2025\/10\/balzam_za_rast_kose-768x922.jpg 768w, https:\/\/activeluxe-cosmetics.com\/ba\/wp-content\/uploads\/2025\/10\/balzam_za_rast_kose-600x721.jpg 600w, https:\/\/activeluxe-cosmetics.com\/ba\/wp-content\/uploads\/2025\/10\/balzam_za_rast_kose.jpg 1104w\" sizes=\"auto, (max-width: 390px) 100vw, 390px\" \/><\/p>\n<h2><strong data-start=\"38\" data-end=\"71\">Balzam koji daje <\/strong>kosi volumen<\/h2>\n<p data-start=\"72\" data-end=\"125\"><strong data-start=\"72\" data-end=\"123\">Ovaj u\u010dinkovit balzam ima dvije va\u017ene funkcije:<\/strong><\/p>\n<ul>\n<li data-start=\"127\" data-end=\"434\"><strong data-start=\"127\" data-end=\"176\">Njeguje kosu, dubinski je obnavlja i \u0161titi: <\/strong>Active Luxe balzam protiv opadanja kose suhoj kosi pru\u017ea potpunu hidrataciju i zagla\u0111uje je. Nakon upotrebe kosa je primjetno mek\u0161a, elasti\u010dnija i otpornija na svakodnevno \u010de\u0161ljanje i peglanje. Kosa se lak\u0161e ra\u0161\u010de\u0161ljava, ne lomi se i ima prekrasan sjaj.<\/li>\n<li data-start=\"127\" data-end=\"434\"><strong style=\"color: #555555;\" data-start=\"436\" data-end=\"511\">Zajedno s Active Luxe \u0161amponom sprje\u010dava opadanje i poti\u010de rast kose: <\/strong>Active Luxe \u0161ampon i balzam \u010dine savr\u0161en duo protiv opadanja i za rast kose. \u0160ampon sadr\u017ei inovativnu formulu koja ja\u010da folikule kose, sprje\u010dava njihovo prijevremeno starenje, oja\u010dava korijen i smanjuje opadanje kose. Balzam tako\u0111er aktivira i poti\u010de mikrocirkulaciju vlasi\u0161ta, \u010dime se osigurava da kosa iz krvi dobije sve potrebne hranjive tvari za br\u017ei rast te zdrave i sna\u017ene korijene.<\/li>\n<\/ul>\n<p>&nbsp;<\/p>\n<p>&nbsp;<\/p>\n<p>&nbsp;<\/p>\n<p>&nbsp;<\/p>\n<p>&nbsp;<\/p>\n<p>&nbsp;<\/p>\n<p>&nbsp;<\/p>\n<p>&nbsp;<\/p>\n<h2><img loading=\"lazy\" decoding=\"async\" class=\" wp-image-92554 alignleft\" src=\"https:\/\/cdn.activeluxe-cosmetics.com\/sl\/wp-content\/uploads\/2024\/12\/13155115\/Izdelek-brez-naslova-4-460x575.png\" alt=\"\" width=\"390\" height=\"488\" \/><\/h2>\n<h2><strong data-start=\"42\" data-end=\"102\">Za\u0161to je Active Luxe balzam <\/strong>za rast kose tako u\u010dinkovit?<\/h2>\n<p data-start=\"172\" data-end=\"512\">Pretjerano pranje, \u010de\u0161ljanje, farbanje, peglanje i su\u0161enje <strong>dovode do opadanja kose<\/strong> te gubitka elasti\u010dnosti, volumena i snage.<\/p>\n<p data-start=\"172\" data-end=\"512\">Stanje dodatno pogor\u0161avaju grubo trljanje kose pe\u0161kirom, stres, lo\u0161a ishrana i nedovoljna hidratacija organizma. Zato je va\u017eno kosu <strong>redovno dubinski nahraniti i za\u0161tititi<\/strong>. Zdrava i nahranjena kosa raste br\u017ee.<\/p>\n<p data-start=\"514\" data-end=\"694\">Redovnom upotrebom Active Luxe \u0161ampona i balzama protiv opadanja i za rast kose, kosa \u0107e <strong>vidljivo manje opadati<\/strong> i <strong>br\u017ee rasti<\/strong>. Bi\u0107e <strong>ja\u010da<\/strong>, <strong>dubinski nahranjena<\/strong>, <strong>glatka<\/strong> i <strong>sjajna<\/strong>.<\/p>\n<p data-start=\"696\" data-end=\"757\">Uz redovnu upotrebu, barem 2 puta sedmi\u010dno, primijetit \u0107e\u0161:<\/p>\n<ul>\n<li data-start=\"696\" data-end=\"757\">smanjeno opadanje kose,<\/li>\n<li data-start=\"696\" data-end=\"757\">gu\u0161\u0107u i puniju kosu,<\/li>\n<li data-start=\"696\" data-end=\"757\">ja\u010de korijene i nahranjenu kosu.<\/li>\n<\/ul>\n<p>&nbsp;<\/p>\n<p>&nbsp;<\/p>\n<p>&nbsp;<\/p>\n<p>&nbsp;<\/p>\n<p>&nbsp;<\/p>\n<p>&nbsp;<\/p>\n<p><img loading=\"lazy\" decoding=\"async\" class=\" wp-image-92555 alignright\" src=\"https:\/\/cdn.activeluxe-cosmetics.com\/sl\/wp-content\/uploads\/2024\/12\/13155210\/Izdelek-brez-naslova-2-1-460x575.png\" alt=\"\" width=\"390\" height=\"488\" \/><\/p>\n<h2><strong data-start=\"38\" data-end=\"78\">Pravovremeno zaustavi <\/strong>opadanje kose!<\/h2>\n<p data-start=\"70\" data-end=\"306\">Ako se bori\u0161 s <strong>\u0107elavo\u0161\u0107u<\/strong> ili <strong>prekomjernim opadanjem kose<\/strong>, Active Luxe balzam u kombinaciji s Active Luxe \u0161amponom protiv opadanja i za rast kose idealno je rje\u0161enje koje i \u017eenama i mu\u0161karcima poma\u017ee do <strong>gu\u0161\u0107e<\/strong>, <strong>zdravije<\/strong> i <strong>sna\u017enije kose<\/strong>.<\/p>\n<p data-start=\"308\" data-end=\"324\"><strong data-start=\"308\" data-end=\"322\">Prednosti:<\/strong><\/p>\n<ul>\n<li data-start=\"327\" data-end=\"348\">Gu\u0161\u0107a kosa na dodir<\/li>\n<li data-start=\"327\" data-end=\"348\">Prirodni proteini za ja\u010du kosu<\/li>\n<li data-start=\"327\" data-end=\"348\">Zadebljava vlas i daje joj puno\u0107u<\/li>\n<li data-start=\"327\" data-end=\"348\">Sprje\u010dava elektricitet kose<\/li>\n<li data-start=\"327\" data-end=\"348\">Pogodan za sve tipove kose<\/li>\n<\/ul>\n<p data-start=\"486\" data-end=\"608\">Za optimalne rezultate, Active Luxe balzam koristite zajedno s Active Luxe \u0161amponom za suho\/normalno ili masno vlasi\u0161te.<\/p>\n<p data-start=\"610\" data-end=\"700\"><strong>Odli\u010dan i za \u017eene i za mu\u0161karce. Klini\u010dki je testiran i pogodan za svakodnevnu upotrebu.<\/strong><\/p>\n<p>&nbsp;<\/p>\n<h3 style=\"clear: both; max-width: 820px;\"><\/h3>\n","protected":false},"excerpt":{"rendered":"<p>Aktivnom formulom podr\u017eava djelovanje Active Luxe \u0161ampona i poti\u010de rast kose. Obnavlja kosu te odr\u017eava njenu elasti\u010dnost i volumen.<\/p>\n","protected":false},"featured_media":83305,"comment_status":"open","ping_status":"closed","template":"","meta":[],"product_brand":[],"product_cat":[53],"product_tag":[],"class_list":{"0":"post-83304","1":"product","2":"type-product","3":"status-publish","4":"has-post-thumbnail","6":"product_cat-proizvodi-za-rast-kose","8":"first","9":"instock","10":"taxable","11":"shipping-taxable","12":"purchasable","13":"product-type-simple"},"bundled_by":[],"bundle_stock_status":"instock","bundle_stock_quantity":null,"bundle_virtual":false,"bundle_layout":"","bundle_add_to_cart_form_location":"","bundle_editable_in_cart":false,"bundle_sold_individually_context":"","bundle_item_grouping":"","bundle_min_size":"","bundle_max_size":"","bundled_items":[],"acf":[],"yoast_head":"<!-- This site is optimized with the Yoast SEO plugin v26.5 - https:\/\/yoast.com\/wordpress\/plugins\/seo\/ -->\n<title>Balzam protiv opadanja kose i za rast kose \u2013 Active Luxe<\/title>\n<meta name=\"description\" content=\"Balzam protiv opadanja kose suhoj kosi pru\u017ea potpunu hidrataciju i zagla\u0111uje je. Kosa je primjetno mek\u0161a i otpornija na \u010de\u0161ljanje i peglanje.\" \/>\n<meta name=\"robots\" content=\"index, follow, max-snippet:-1, max-image-preview:large, max-video-preview:-1\" \/>\n<link rel=\"canonical\" href=\"https:\/\/activeluxe-cosmetics.com\/ba\/izdelek\/balzam-za-jacanje-i-rast-kose\/\" \/>\n<meta property=\"og:locale\" content=\"hr_HR\" \/>\n<meta property=\"og:type\" content=\"article\" \/>\n<meta property=\"og:title\" content=\"Balzam protiv opadanja kose i za rast kose \u2013 Active Luxe\" \/>\n<meta property=\"og:description\" content=\"Balzam protiv opadanja kose suhoj kosi pru\u017ea potpunu hidrataciju i zagla\u0111uje je. Kosa je primjetno mek\u0161a i otpornija na \u010de\u0161ljanje i peglanje.\" \/>\n<meta property=\"og:url\" content=\"https:\/\/activeluxe-cosmetics.com\/ba\/izdelek\/balzam-za-jacanje-i-rast-kose\/\" \/>\n<meta property=\"og:site_name\" content=\"Active Luxe Cosmetics\" \/>\n<meta property=\"article:modified_time\" content=\"2026-04-01T14:49:14+00:00\" \/>\n<meta property=\"og:image\" content=\"https:\/\/activeluxe-cosmetics.com\/ba\/wp-content\/uploads\/2025\/10\/balzam_za_rast_kose.jpg\" \/>\n\t<meta property=\"og:image:width\" content=\"1104\" \/>\n\t<meta property=\"og:image:height\" content=\"1326\" \/>\n\t<meta property=\"og:image:type\" content=\"image\/jpeg\" \/>\n<meta name=\"twitter:card\" content=\"summary_large_image\" \/>\n<meta name=\"twitter:label1\" content=\"Procijenjeno vrijeme \u010ditanja\" \/>\n\t<meta name=\"twitter:data1\" content=\"3 minute\" \/>\n<script type=\"application\/ld+json\" class=\"yoast-schema-graph\">{\"@context\":\"https:\/\/schema.org\",\"@graph\":[{\"@type\":\"WebPage\",\"@id\":\"https:\/\/activeluxe-cosmetics.com\/ba\/izdelek\/balzam-za-jacanje-i-rast-kose\/\",\"url\":\"https:\/\/activeluxe-cosmetics.com\/ba\/izdelek\/balzam-za-jacanje-i-rast-kose\/\",\"name\":\"Balzam protiv opadanja kose i za rast kose \u2013 Active Luxe\",\"isPartOf\":{\"@id\":\"https:\/\/activeluxe-cosmetics.com\/ba\/#website\"},\"primaryImageOfPage\":{\"@id\":\"https:\/\/activeluxe-cosmetics.com\/ba\/izdelek\/balzam-za-jacanje-i-rast-kose\/#primaryimage\"},\"image\":{\"@id\":\"https:\/\/activeluxe-cosmetics.com\/ba\/izdelek\/balzam-za-jacanje-i-rast-kose\/#primaryimage\"},\"thumbnailUrl\":\"https:\/\/activeluxe-cosmetics.com\/ba\/wp-content\/uploads\/2025\/10\/balzam_za_rast_kose.jpg\",\"datePublished\":\"2025-10-03T09:39:43+00:00\",\"dateModified\":\"2026-04-01T14:49:14+00:00\",\"description\":\"Balzam protiv opadanja kose suhoj kosi pru\u017ea potpunu hidrataciju i zagla\u0111uje je. Kosa je primjetno mek\u0161a i otpornija na \u010de\u0161ljanje i peglanje.\",\"breadcrumb\":{\"@id\":\"https:\/\/activeluxe-cosmetics.com\/ba\/izdelek\/balzam-za-jacanje-i-rast-kose\/#breadcrumb\"},\"inLanguage\":\"hr\",\"potentialAction\":[{\"@type\":\"ReadAction\",\"target\":[\"https:\/\/activeluxe-cosmetics.com\/ba\/izdelek\/balzam-za-jacanje-i-rast-kose\/\"]}]},{\"@type\":\"ImageObject\",\"inLanguage\":\"hr\",\"@id\":\"https:\/\/activeluxe-cosmetics.com\/ba\/izdelek\/balzam-za-jacanje-i-rast-kose\/#primaryimage\",\"url\":\"https:\/\/activeluxe-cosmetics.com\/ba\/wp-content\/uploads\/2025\/10\/balzam_za_rast_kose.jpg\",\"contentUrl\":\"https:\/\/activeluxe-cosmetics.com\/ba\/wp-content\/uploads\/2025\/10\/balzam_za_rast_kose.jpg\",\"width\":1104,\"height\":1326},{\"@type\":\"BreadcrumbList\",\"@id\":\"https:\/\/activeluxe-cosmetics.com\/ba\/izdelek\/balzam-za-jacanje-i-rast-kose\/#breadcrumb\",\"itemListElement\":[{\"@type\":\"ListItem\",\"position\":1,\"name\":\"Naslovnica\",\"item\":\"https:\/\/activeluxe-cosmetics.com\/ba\/\"},{\"@type\":\"ListItem\",\"position\":2,\"name\":\"Trgovina\",\"item\":\"https:\/\/activeluxe-cosmetics.com\/ba\/trgovina\/\"},{\"@type\":\"ListItem\",\"position\":3,\"name\":\"Balzam za ja\u010danje i rast kose\"}]},{\"@type\":\"WebSite\",\"@id\":\"https:\/\/activeluxe-cosmetics.com\/ba\/#website\",\"url\":\"https:\/\/activeluxe-cosmetics.com\/ba\/\",\"name\":\"Active Luxe Cosmetics\",\"description\":\"\",\"potentialAction\":[{\"@type\":\"SearchAction\",\"target\":{\"@type\":\"EntryPoint\",\"urlTemplate\":\"https:\/\/activeluxe-cosmetics.com\/ba\/?s={search_term_string}\"},\"query-input\":{\"@type\":\"PropertyValueSpecification\",\"valueRequired\":true,\"valueName\":\"search_term_string\"}}],\"inLanguage\":\"hr\"}]}<\/script>\n<!-- \/ Yoast SEO plugin. -->","yoast_head_json":{"title":"Balzam protiv opadanja kose i za rast kose \u2013 Active Luxe","description":"Balzam protiv opadanja kose suhoj kosi pru\u017ea potpunu hidrataciju i zagla\u0111uje je. Kosa je primjetno mek\u0161a i otpornija na \u010de\u0161ljanje i peglanje.","robots":{"index":"index","follow":"follow","max-snippet":"max-snippet:-1","max-image-preview":"max-image-preview:large","max-video-preview":"max-video-preview:-1"},"canonical":"https:\/\/activeluxe-cosmetics.com\/ba\/izdelek\/balzam-za-jacanje-i-rast-kose\/","og_locale":"hr_HR","og_type":"article","og_title":"Balzam protiv opadanja kose i za rast kose \u2013 Active Luxe","og_description":"Balzam protiv opadanja kose suhoj kosi pru\u017ea potpunu hidrataciju i zagla\u0111uje je. Kosa je primjetno mek\u0161a i otpornija na \u010de\u0161ljanje i peglanje.","og_url":"https:\/\/activeluxe-cosmetics.com\/ba\/izdelek\/balzam-za-jacanje-i-rast-kose\/","og_site_name":"Active Luxe Cosmetics","article_modified_time":"2026-04-01T14:49:14+00:00","og_image":[{"width":1104,"height":1326,"url":"https:\/\/activeluxe-cosmetics.com\/ba\/wp-content\/uploads\/2025\/10\/balzam_za_rast_kose.jpg","type":"image\/jpeg"}],"twitter_card":"summary_large_image","twitter_misc":{"Procijenjeno vrijeme \u010ditanja":"3 minute"},"schema":{"@context":"https:\/\/schema.org","@graph":[{"@type":"WebPage","@id":"https:\/\/activeluxe-cosmetics.com\/ba\/izdelek\/balzam-za-jacanje-i-rast-kose\/","url":"https:\/\/activeluxe-cosmetics.com\/ba\/izdelek\/balzam-za-jacanje-i-rast-kose\/","name":"Balzam protiv opadanja kose i za rast kose \u2013 Active Luxe","isPartOf":{"@id":"https:\/\/activeluxe-cosmetics.com\/ba\/#website"},"primaryImageOfPage":{"@id":"https:\/\/activeluxe-cosmetics.com\/ba\/izdelek\/balzam-za-jacanje-i-rast-kose\/#primaryimage"},"image":{"@id":"https:\/\/activeluxe-cosmetics.com\/ba\/izdelek\/balzam-za-jacanje-i-rast-kose\/#primaryimage"},"thumbnailUrl":"https:\/\/activeluxe-cosmetics.com\/ba\/wp-content\/uploads\/2025\/10\/balzam_za_rast_kose.jpg","datePublished":"2025-10-03T09:39:43+00:00","dateModified":"2026-04-01T14:49:14+00:00","description":"Balzam protiv opadanja kose suhoj kosi pru\u017ea potpunu hidrataciju i zagla\u0111uje je. Kosa je primjetno mek\u0161a i otpornija na \u010de\u0161ljanje i peglanje.","breadcrumb":{"@id":"https:\/\/activeluxe-cosmetics.com\/ba\/izdelek\/balzam-za-jacanje-i-rast-kose\/#breadcrumb"},"inLanguage":"hr","potentialAction":[{"@type":"ReadAction","target":["https:\/\/activeluxe-cosmetics.com\/ba\/izdelek\/balzam-za-jacanje-i-rast-kose\/"]}]},{"@type":"ImageObject","inLanguage":"hr","@id":"https:\/\/activeluxe-cosmetics.com\/ba\/izdelek\/balzam-za-jacanje-i-rast-kose\/#primaryimage","url":"https:\/\/activeluxe-cosmetics.com\/ba\/wp-content\/uploads\/2025\/10\/balzam_za_rast_kose.jpg","contentUrl":"https:\/\/activeluxe-cosmetics.com\/ba\/wp-content\/uploads\/2025\/10\/balzam_za_rast_kose.jpg","width":1104,"height":1326},{"@type":"BreadcrumbList","@id":"https:\/\/activeluxe-cosmetics.com\/ba\/izdelek\/balzam-za-jacanje-i-rast-kose\/#breadcrumb","itemListElement":[{"@type":"ListItem","position":1,"name":"Naslovnica","item":"https:\/\/activeluxe-cosmetics.com\/ba\/"},{"@type":"ListItem","position":2,"name":"Trgovina","item":"https:\/\/activeluxe-cosmetics.com\/ba\/trgovina\/"},{"@type":"ListItem","position":3,"name":"Balzam za ja\u010danje i rast kose"}]},{"@type":"WebSite","@id":"https:\/\/activeluxe-cosmetics.com\/ba\/#website","url":"https:\/\/activeluxe-cosmetics.com\/ba\/","name":"Active Luxe Cosmetics","description":"","potentialAction":[{"@type":"SearchAction","target":{"@type":"EntryPoint","urlTemplate":"https:\/\/activeluxe-cosmetics.com\/ba\/?s={search_term_string}"},"query-input":{"@type":"PropertyValueSpecification","valueRequired":true,"valueName":"search_term_string"}}],"inLanguage":"hr"}]}},"_links":{"self":[{"href":"https:\/\/activeluxe-cosmetics.com\/ba\/wp-json\/wp\/v2\/product\/83304","targetHints":{"allow":["GET"]}}],"collection":[{"href":"https:\/\/activeluxe-cosmetics.com\/ba\/wp-json\/wp\/v2\/product"}],"about":[{"href":"https:\/\/activeluxe-cosmetics.com\/ba\/wp-json\/wp\/v2\/types\/product"}],"replies":[{"embeddable":true,"href":"https:\/\/activeluxe-cosmetics.com\/ba\/wp-json\/wp\/v2\/comments?post=83304"}],"wp:featuredmedia":[{"embeddable":true,"href":"https:\/\/activeluxe-cosmetics.com\/ba\/wp-json\/wp\/v2\/media\/83305"}],"wp:attachment":[{"href":"https:\/\/activeluxe-cosmetics.com\/ba\/wp-json\/wp\/v2\/media?parent=83304"}],"wp:term":[{"taxonomy":"product_brand","embeddable":true,"href":"https:\/\/activeluxe-cosmetics.com\/ba\/wp-json\/wp\/v2\/product_brand?post=83304"},{"taxonomy":"product_cat","embeddable":true,"href":"https:\/\/activeluxe-cosmetics.com\/ba\/wp-json\/wp\/v2\/product_cat?post=83304"},{"taxonomy":"product_tag","embeddable":true,"href":"https:\/\/activeluxe-cosmetics.com\/ba\/wp-json\/wp\/v2\/product_tag?post=83304"}],"curies":[{"name":"wp","href":"https:\/\/api.w.org\/{rel}","templated":true}]}}