{"id":83288,"date":"2025-10-03T10:02:12","date_gmt":"2025-10-03T08:02:12","guid":{"rendered":"https:\/\/activeluxe-cosmetics.com\/ba\/?post_type=product&#038;p=83288"},"modified":"2026-04-01T16:48:28","modified_gmt":"2026-04-01T14:48:28","slug":"sampon-za-aktivni-rast-i-protiv-ispadanja-kose","status":"publish","type":"product","link":"https:\/\/activeluxe-cosmetics.com\/ba\/izdelek\/sampon-za-aktivni-rast-i-protiv-ispadanja-kose\/","title":{"rendered":"\u0160ampon za aktivni rast i protiv ispadanja kose"},"content":{"rendered":"<p><img loading=\"lazy\" decoding=\"async\" class=\" wp-image-100833 alignright\" src=\"https:\/\/cdn.activeluxe-cosmetics.com\/sl\/wp-content\/uploads\/2024\/10\/18140917\/sampon_za_rast_las_alc-460x575.png\" alt=\"\" width=\"420\" height=\"525\" \/><\/p>\n<h2><strong>Smanjeno opadanje kose<\/strong> kroz 6 sedmica<\/h2>\n<p data-start=\"114\" data-end=\"362\">Prva pomo\u0107 za <strong>suhu, tanku i o\u0161te\u0107enu kosu<\/strong> bez sjaja i <strong>sklonu opadanju<\/strong>. Koncentrirani Active Luxe \u0161ampon protiv <strong>opadanja i za rast kose<\/strong> sadr\u017ei revolucionarnu formulu koja <strong>sprje\u010dava gubitak kose<\/strong>, <strong>ja\u010da aktivne folikule<\/strong> i <strong>poti\u010de cirkulaciju vlasi\u0161ta<\/strong>.<\/p>\n<p data-start=\"364\" data-end=\"478\">Pru\u017ea izvrsne rezultate <strong>i kod mu\u0161karaca i kod \u017eena<\/strong> koji su zabrinuti zbog<strong> gubitka kose,<\/strong> <strong>stanjivanja<\/strong> i<strong> \u0107elavosti<\/strong>.<\/p>\n<ul>\n<li data-start=\"482\" data-end=\"575\">Djeluje protiv folikularne disfunkcije \u2013 o\u017eivljava folikule dlake od prvog dana kori\u0161tenja,<\/li>\n<li data-start=\"482\" data-end=\"575\">Poti\u010de prokrvljenost vlasi\u0161ta te donosi vi\u0161e hranjivih tvari korijenu i folikulama dlake,<\/li>\n<li data-start=\"482\" data-end=\"575\">Usporava starenje i odumiranje folikula dlake,<\/li>\n<li data-start=\"482\" data-end=\"575\">Vidljivo ja\u010da korijen i strukturu kose.<\/li>\n<\/ul>\n<h2 style=\"text-align: center; clear: both;\"><\/h2>\n<h2><img loading=\"lazy\" decoding=\"async\" class=\" wp-image-100827 alignleft\" src=\"https:\/\/cdn.activeluxe-cosmetics.com\/sl\/wp-content\/uploads\/2025\/07\/18135334\/sampon_za_rast_las_active_luxe-460x575.png\" alt=\"\" width=\"420\" height=\"525\" \/><strong>Za\u0161to je Active Luxe \u0161ampon protiv opadanja<\/strong> kose tako u\u010dinkovit?<\/h2>\n<p data-start=\"138\" data-end=\"364\">Ako je tvoja kosa suha, o\u0161te\u0107ena i bez sjaja, Active Luxe \u0161ampon je <strong>pravi izbor<\/strong>! \u010cesto farbanje kose i upotreba elektri\u010dnih ure\u0111aja o\u0161te\u0107uju i stanjuju kosu, \u0161to dovodi do ispucalih vrhova, lomljenja i prekomjernog opadanja.<\/p>\n<p data-start=\"366\" data-end=\"442\">Active Luxe \u0161ampon \u0107e tvoju kosu <strong>intenzivno njegovati<\/strong> i <strong>dubinski obnoviti<\/strong>!<\/p>\n<p data-start=\"444\" data-end=\"477\"><strong data-start=\"444\" data-end=\"475\">Redovnom upotrebom \u0161ampona:<\/strong><\/p>\n<ul>\n<li data-start=\"444\" data-end=\"477\">odr\u017eava se vitalnost vlasi\u0161ta, \u0161to vra\u0107a prirodnu gusto\u0107u kose,<\/li>\n<li data-start=\"444\" data-end=\"477\">kosa je ve\u0107 nakon prve upotrebe ja\u010da, punija i zdravija,<\/li>\n<li data-start=\"444\" data-end=\"477\">jedinstvena klini\u010dki testirana formula aktivira folikul dlake i ja\u010da ga \u2013 korijen postaje sna\u017eniji pa kosa manje opada,<\/li>\n<li data-start=\"444\" data-end=\"477\">u rekordno kratkom vremenu sprje\u010dava opadanje i poti\u010de rast nove, mlade kose,<\/li>\n<li data-start=\"444\" data-end=\"477\">uz redovnu primjenu (najmanje 2x sedmi\u010dno) donosi vidljive rezultate ve\u0107 za 6 sedmica.<\/li>\n<\/ul>\n<p>&nbsp;<\/p>\n<p>&nbsp;<\/p>\n<p>&nbsp;<\/p>\n<p>&nbsp;<\/p>\n<p>&nbsp;<\/p>\n<p>&nbsp;<\/p>\n<p>&nbsp;<\/p>\n<p><img loading=\"lazy\" decoding=\"async\" class=\" wp-image-100834 alignright\" src=\"https:\/\/cdn.activeluxe-cosmetics.com\/sl\/wp-content\/uploads\/2024\/10\/18140944\/sampon_za_lase_active_luxe.jpg\" alt=\"\" width=\"420\" height=\"538\" \/><\/p>\n<h2><\/h2>\n<h2><strong>Pravovremeno<\/strong> <strong>zaustavi<\/strong> opadanje kose!<\/h2>\n<p data-start=\"58\" data-end=\"178\"><strong data-start=\"58\" data-end=\"176\">Da li ti kosa jako opada i ve\u0107 se primje\u0107uju znaci \u0107elavosti? Isprobaj i koncentrirani aktivni serum za rast kose!<\/strong><\/p>\n<p data-start=\"180\" data-end=\"511\">Ako je opadanje kose ve\u0107 ozbiljno naru\u0161ilo stanje tvog vlasi\u0161ta, preporu\u010dujemo da uz \u0161ampon koristi\u0161 i serum za rast kose. Zahvaljuju\u0107i svojoj koncentriranoj formuli, serum poja\u010dava djelovanje \u0161ampona \u2013 stimulira oslabljene folikule i poti\u010de ponovni rast kose. Redovnom upotrebom \u0161ampona i seruma po\u010det \u0107e rasti nova, mlada kosa.<\/p>\n<p data-start=\"513\" data-end=\"606\">Odli\u010dan je i za \u017eene i za mu\u0161karce. Klini\u010dki je testiran i pogodan za svakodnevnu upotrebu.<\/p>\n<p data-start=\"608\" data-end=\"684\"><strong data-start=\"608\" data-end=\"682\">Uz stalnu i neprekidnu primjenu (najmanje 2x sedmi\u010dno) primijetit \u0107e\u0161:<\/strong><\/p>\n<ul>\n<li data-start=\"687\" data-end=\"712\">smanjeno opadanje kose,<\/li>\n<li data-start=\"687\" data-end=\"712\">gu\u0161\u0107u i puniju kosu,<\/li>\n<li data-start=\"687\" data-end=\"712\">sna\u017enije korijene i nahranjenu kosu.<\/li>\n<\/ul>\n<div style=\"display: flex; align-items: center; gap: 20px; flex-wrap: wrap;\">\n<p style=\"max-width: 360px;\">\n<\/div>\n","protected":false},"excerpt":{"rendered":"<p>\u0160ampon protiv opadanja i za br\u017ei rast kose. Vidljivi rezultati ve\u0107 za 6 sedmica.<\/p>\n","protected":false},"featured_media":83295,"comment_status":"open","ping_status":"closed","template":"","meta":[],"product_brand":[],"product_cat":[53],"product_tag":[],"class_list":{"0":"post-83288","1":"product","2":"type-product","3":"status-publish","4":"has-post-thumbnail","6":"product_cat-proizvodi-za-rast-kose","8":"first","9":"instock","10":"taxable","11":"shipping-taxable","12":"purchasable","13":"product-type-variable"},"bundled_by":[],"bundle_stock_status":"instock","bundle_stock_quantity":null,"bundle_virtual":false,"bundle_layout":"","bundle_add_to_cart_form_location":"","bundle_editable_in_cart":false,"bundle_sold_individually_context":"","bundle_item_grouping":"","bundle_min_size":"","bundle_max_size":"","bundled_items":[],"acf":[],"yoast_head":"<!-- This site is optimized with the Yoast SEO plugin v26.5 - https:\/\/yoast.com\/wordpress\/plugins\/seo\/ -->\n<title>\u0160ampon protiv opadanja i za rast kose \u2013 Active Luxe Cosmetics<\/title>\n<meta name=\"description\" content=\"Naju\u010dinkovitiji \u0161ampon za aktivan rast kose i protiv opadanja kose Active Luxe. Primjetno gu\u0161\u0107a kosa ve\u0107 za 6 sedmica. Ja\u010da aktivne folikule kose.\" \/>\n<meta name=\"robots\" content=\"index, follow, max-snippet:-1, max-image-preview:large, max-video-preview:-1\" \/>\n<link rel=\"canonical\" href=\"https:\/\/activeluxe-cosmetics.com\/ba\/izdelek\/sampon-za-aktivni-rast-i-protiv-ispadanja-kose\/\" \/>\n<meta property=\"og:locale\" content=\"hr_HR\" \/>\n<meta property=\"og:type\" content=\"article\" \/>\n<meta property=\"og:title\" content=\"\u0160ampon protiv opadanja i za rast kose \u2013 Active Luxe Cosmetics\" \/>\n<meta property=\"og:description\" content=\"Naju\u010dinkovitiji \u0161ampon za aktivan rast kose i protiv opadanja kose Active Luxe. Primjetno gu\u0161\u0107a kosa ve\u0107 za 6 sedmica. Ja\u010da aktivne folikule kose.\" \/>\n<meta property=\"og:url\" content=\"https:\/\/activeluxe-cosmetics.com\/ba\/izdelek\/sampon-za-aktivni-rast-i-protiv-ispadanja-kose\/\" \/>\n<meta property=\"og:site_name\" content=\"Active Luxe Cosmetics\" \/>\n<meta property=\"article:modified_time\" content=\"2026-04-01T14:48:28+00:00\" \/>\n<meta property=\"og:image\" content=\"https:\/\/activeluxe-cosmetics.com\/ba\/wp-content\/uploads\/2025\/10\/sampon_za_rast_las_normalno_lasisce.jpg\" \/>\n\t<meta property=\"og:image:width\" content=\"1104\" \/>\n\t<meta property=\"og:image:height\" content=\"1326\" \/>\n\t<meta property=\"og:image:type\" content=\"image\/jpeg\" \/>\n<meta name=\"twitter:card\" content=\"summary_large_image\" \/>\n<meta name=\"twitter:label1\" content=\"Procijenjeno vrijeme \u010ditanja\" \/>\n\t<meta name=\"twitter:data1\" content=\"3 minute\" \/>\n<script type=\"application\/ld+json\" class=\"yoast-schema-graph\">{\"@context\":\"https:\/\/schema.org\",\"@graph\":[{\"@type\":\"WebPage\",\"@id\":\"https:\/\/activeluxe-cosmetics.com\/ba\/izdelek\/sampon-za-aktivni-rast-i-protiv-ispadanja-kose\/\",\"url\":\"https:\/\/activeluxe-cosmetics.com\/ba\/izdelek\/sampon-za-aktivni-rast-i-protiv-ispadanja-kose\/\",\"name\":\"\u0160ampon protiv opadanja i za rast kose \u2013 Active Luxe Cosmetics\",\"isPartOf\":{\"@id\":\"https:\/\/activeluxe-cosmetics.com\/ba\/#website\"},\"primaryImageOfPage\":{\"@id\":\"https:\/\/activeluxe-cosmetics.com\/ba\/izdelek\/sampon-za-aktivni-rast-i-protiv-ispadanja-kose\/#primaryimage\"},\"image\":{\"@id\":\"https:\/\/activeluxe-cosmetics.com\/ba\/izdelek\/sampon-za-aktivni-rast-i-protiv-ispadanja-kose\/#primaryimage\"},\"thumbnailUrl\":\"https:\/\/activeluxe-cosmetics.com\/ba\/wp-content\/uploads\/2025\/10\/sampon_za_rast_las_normalno_lasisce.jpg\",\"datePublished\":\"2025-10-03T08:02:12+00:00\",\"dateModified\":\"2026-04-01T14:48:28+00:00\",\"description\":\"Naju\u010dinkovitiji \u0161ampon za aktivan rast kose i protiv opadanja kose Active Luxe. Primjetno gu\u0161\u0107a kosa ve\u0107 za 6 sedmica. Ja\u010da aktivne folikule kose.\",\"breadcrumb\":{\"@id\":\"https:\/\/activeluxe-cosmetics.com\/ba\/izdelek\/sampon-za-aktivni-rast-i-protiv-ispadanja-kose\/#breadcrumb\"},\"inLanguage\":\"hr\",\"potentialAction\":[{\"@type\":\"ReadAction\",\"target\":[\"https:\/\/activeluxe-cosmetics.com\/ba\/izdelek\/sampon-za-aktivni-rast-i-protiv-ispadanja-kose\/\"]}]},{\"@type\":\"ImageObject\",\"inLanguage\":\"hr\",\"@id\":\"https:\/\/activeluxe-cosmetics.com\/ba\/izdelek\/sampon-za-aktivni-rast-i-protiv-ispadanja-kose\/#primaryimage\",\"url\":\"https:\/\/activeluxe-cosmetics.com\/ba\/wp-content\/uploads\/2025\/10\/sampon_za_rast_las_normalno_lasisce.jpg\",\"contentUrl\":\"https:\/\/activeluxe-cosmetics.com\/ba\/wp-content\/uploads\/2025\/10\/sampon_za_rast_las_normalno_lasisce.jpg\",\"width\":1104,\"height\":1326},{\"@type\":\"BreadcrumbList\",\"@id\":\"https:\/\/activeluxe-cosmetics.com\/ba\/izdelek\/sampon-za-aktivni-rast-i-protiv-ispadanja-kose\/#breadcrumb\",\"itemListElement\":[{\"@type\":\"ListItem\",\"position\":1,\"name\":\"Naslovnica\",\"item\":\"https:\/\/activeluxe-cosmetics.com\/ba\/\"},{\"@type\":\"ListItem\",\"position\":2,\"name\":\"Trgovina\",\"item\":\"https:\/\/activeluxe-cosmetics.com\/ba\/trgovina\/\"},{\"@type\":\"ListItem\",\"position\":3,\"name\":\"\u0160ampon za aktivni rast i protiv ispadanja kose\"}]},{\"@type\":\"WebSite\",\"@id\":\"https:\/\/activeluxe-cosmetics.com\/ba\/#website\",\"url\":\"https:\/\/activeluxe-cosmetics.com\/ba\/\",\"name\":\"Active Luxe Cosmetics\",\"description\":\"\",\"potentialAction\":[{\"@type\":\"SearchAction\",\"target\":{\"@type\":\"EntryPoint\",\"urlTemplate\":\"https:\/\/activeluxe-cosmetics.com\/ba\/?s={search_term_string}\"},\"query-input\":{\"@type\":\"PropertyValueSpecification\",\"valueRequired\":true,\"valueName\":\"search_term_string\"}}],\"inLanguage\":\"hr\"}]}<\/script>\n<!-- \/ Yoast SEO plugin. -->","yoast_head_json":{"title":"\u0160ampon protiv opadanja i za rast kose \u2013 Active Luxe Cosmetics","description":"Naju\u010dinkovitiji \u0161ampon za aktivan rast kose i protiv opadanja kose Active Luxe. Primjetno gu\u0161\u0107a kosa ve\u0107 za 6 sedmica. Ja\u010da aktivne folikule kose.","robots":{"index":"index","follow":"follow","max-snippet":"max-snippet:-1","max-image-preview":"max-image-preview:large","max-video-preview":"max-video-preview:-1"},"canonical":"https:\/\/activeluxe-cosmetics.com\/ba\/izdelek\/sampon-za-aktivni-rast-i-protiv-ispadanja-kose\/","og_locale":"hr_HR","og_type":"article","og_title":"\u0160ampon protiv opadanja i za rast kose \u2013 Active Luxe Cosmetics","og_description":"Naju\u010dinkovitiji \u0161ampon za aktivan rast kose i protiv opadanja kose Active Luxe. Primjetno gu\u0161\u0107a kosa ve\u0107 za 6 sedmica. Ja\u010da aktivne folikule kose.","og_url":"https:\/\/activeluxe-cosmetics.com\/ba\/izdelek\/sampon-za-aktivni-rast-i-protiv-ispadanja-kose\/","og_site_name":"Active Luxe Cosmetics","article_modified_time":"2026-04-01T14:48:28+00:00","og_image":[{"width":1104,"height":1326,"url":"https:\/\/activeluxe-cosmetics.com\/ba\/wp-content\/uploads\/2025\/10\/sampon_za_rast_las_normalno_lasisce.jpg","type":"image\/jpeg"}],"twitter_card":"summary_large_image","twitter_misc":{"Procijenjeno vrijeme \u010ditanja":"3 minute"},"schema":{"@context":"https:\/\/schema.org","@graph":[{"@type":"WebPage","@id":"https:\/\/activeluxe-cosmetics.com\/ba\/izdelek\/sampon-za-aktivni-rast-i-protiv-ispadanja-kose\/","url":"https:\/\/activeluxe-cosmetics.com\/ba\/izdelek\/sampon-za-aktivni-rast-i-protiv-ispadanja-kose\/","name":"\u0160ampon protiv opadanja i za rast kose \u2013 Active Luxe Cosmetics","isPartOf":{"@id":"https:\/\/activeluxe-cosmetics.com\/ba\/#website"},"primaryImageOfPage":{"@id":"https:\/\/activeluxe-cosmetics.com\/ba\/izdelek\/sampon-za-aktivni-rast-i-protiv-ispadanja-kose\/#primaryimage"},"image":{"@id":"https:\/\/activeluxe-cosmetics.com\/ba\/izdelek\/sampon-za-aktivni-rast-i-protiv-ispadanja-kose\/#primaryimage"},"thumbnailUrl":"https:\/\/activeluxe-cosmetics.com\/ba\/wp-content\/uploads\/2025\/10\/sampon_za_rast_las_normalno_lasisce.jpg","datePublished":"2025-10-03T08:02:12+00:00","dateModified":"2026-04-01T14:48:28+00:00","description":"Naju\u010dinkovitiji \u0161ampon za aktivan rast kose i protiv opadanja kose Active Luxe. Primjetno gu\u0161\u0107a kosa ve\u0107 za 6 sedmica. Ja\u010da aktivne folikule kose.","breadcrumb":{"@id":"https:\/\/activeluxe-cosmetics.com\/ba\/izdelek\/sampon-za-aktivni-rast-i-protiv-ispadanja-kose\/#breadcrumb"},"inLanguage":"hr","potentialAction":[{"@type":"ReadAction","target":["https:\/\/activeluxe-cosmetics.com\/ba\/izdelek\/sampon-za-aktivni-rast-i-protiv-ispadanja-kose\/"]}]},{"@type":"ImageObject","inLanguage":"hr","@id":"https:\/\/activeluxe-cosmetics.com\/ba\/izdelek\/sampon-za-aktivni-rast-i-protiv-ispadanja-kose\/#primaryimage","url":"https:\/\/activeluxe-cosmetics.com\/ba\/wp-content\/uploads\/2025\/10\/sampon_za_rast_las_normalno_lasisce.jpg","contentUrl":"https:\/\/activeluxe-cosmetics.com\/ba\/wp-content\/uploads\/2025\/10\/sampon_za_rast_las_normalno_lasisce.jpg","width":1104,"height":1326},{"@type":"BreadcrumbList","@id":"https:\/\/activeluxe-cosmetics.com\/ba\/izdelek\/sampon-za-aktivni-rast-i-protiv-ispadanja-kose\/#breadcrumb","itemListElement":[{"@type":"ListItem","position":1,"name":"Naslovnica","item":"https:\/\/activeluxe-cosmetics.com\/ba\/"},{"@type":"ListItem","position":2,"name":"Trgovina","item":"https:\/\/activeluxe-cosmetics.com\/ba\/trgovina\/"},{"@type":"ListItem","position":3,"name":"\u0160ampon za aktivni rast i protiv ispadanja kose"}]},{"@type":"WebSite","@id":"https:\/\/activeluxe-cosmetics.com\/ba\/#website","url":"https:\/\/activeluxe-cosmetics.com\/ba\/","name":"Active Luxe Cosmetics","description":"","potentialAction":[{"@type":"SearchAction","target":{"@type":"EntryPoint","urlTemplate":"https:\/\/activeluxe-cosmetics.com\/ba\/?s={search_term_string}"},"query-input":{"@type":"PropertyValueSpecification","valueRequired":true,"valueName":"search_term_string"}}],"inLanguage":"hr"}]}},"_links":{"self":[{"href":"https:\/\/activeluxe-cosmetics.com\/ba\/wp-json\/wp\/v2\/product\/83288","targetHints":{"allow":["GET"]}}],"collection":[{"href":"https:\/\/activeluxe-cosmetics.com\/ba\/wp-json\/wp\/v2\/product"}],"about":[{"href":"https:\/\/activeluxe-cosmetics.com\/ba\/wp-json\/wp\/v2\/types\/product"}],"replies":[{"embeddable":true,"href":"https:\/\/activeluxe-cosmetics.com\/ba\/wp-json\/wp\/v2\/comments?post=83288"}],"wp:featuredmedia":[{"embeddable":true,"href":"https:\/\/activeluxe-cosmetics.com\/ba\/wp-json\/wp\/v2\/media\/83295"}],"wp:attachment":[{"href":"https:\/\/activeluxe-cosmetics.com\/ba\/wp-json\/wp\/v2\/media?parent=83288"}],"wp:term":[{"taxonomy":"product_brand","embeddable":true,"href":"https:\/\/activeluxe-cosmetics.com\/ba\/wp-json\/wp\/v2\/product_brand?post=83288"},{"taxonomy":"product_cat","embeddable":true,"href":"https:\/\/activeluxe-cosmetics.com\/ba\/wp-json\/wp\/v2\/product_cat?post=83288"},{"taxonomy":"product_tag","embeddable":true,"href":"https:\/\/activeluxe-cosmetics.com\/ba\/wp-json\/wp\/v2\/product_tag?post=83288"}],"curies":[{"name":"wp","href":"https:\/\/api.w.org\/{rel}","templated":true}]}}