{"id":82891,"date":"2025-07-03T14:48:28","date_gmt":"2025-07-03T12:48:28","guid":{"rendered":"https:\/\/activeluxe-cosmetics.com\/ba\/?post_type=product&#038;p=82891"},"modified":"2026-04-01T16:58:07","modified_gmt":"2026-04-01T14:58:07","slug":"rashladjujuci-jogurt-za-tijelo","status":"publish","type":"product","link":"https:\/\/activeluxe-cosmetics.com\/ba\/izdelek\/rashladjujuci-jogurt-za-tijelo\/","title":{"rendered":"Premium rashla\u0111uju\u0107i jogurt za tijelo"},"content":{"rendered":"<h2><img loading=\"lazy\" decoding=\"async\" class=\" wp-image-82894 alignright\" src=\"https:\/\/activeluxe-cosmetics.com\/ba\/wp-content\/uploads\/2025\/07\/jogurt_za_tijelo_active_luxe-460x575.png\" alt=\"\" width=\"450\" height=\"563\" srcset=\"https:\/\/activeluxe-cosmetics.com\/ba\/wp-content\/uploads\/2025\/07\/jogurt_za_tijelo_active_luxe-460x575.png 460w, https:\/\/activeluxe-cosmetics.com\/ba\/wp-content\/uploads\/2025\/07\/jogurt_za_tijelo_active_luxe-819x1024.png 819w, https:\/\/activeluxe-cosmetics.com\/ba\/wp-content\/uploads\/2025\/07\/jogurt_za_tijelo_active_luxe-768x960.png 768w, https:\/\/activeluxe-cosmetics.com\/ba\/wp-content\/uploads\/2025\/07\/jogurt_za_tijelo_active_luxe-600x750.png 600w, https:\/\/activeluxe-cosmetics.com\/ba\/wp-content\/uploads\/2025\/07\/jogurt_za_tijelo_active_luxe.png 1080w\" sizes=\"auto, (max-width: 450px) 100vw, 450px\" \/><strong>Hidratacija koja godi<\/strong> tvojoj ko\u017ei<\/h2>\n<p data-start=\"72\" data-end=\"255\">Kao pravi jogurt, samo jo\u0161 bolji \u2013 s <strong>neodoljivim mirisom vanilije<\/strong>, <strong>kokosa<\/strong> i <strong>slatke narand\u017ee<\/strong>. Za o\u010duvanje <strong>zdrave<\/strong>, <strong>preplanule<\/strong> i <strong>sjajne ko\u017ee<\/strong> tokom ljeta, neophodna je bogata hidratacija.<\/p>\n<p data-start=\"257\" data-end=\"364\">Sunce, morska so i hlor isu\u0161uju ko\u017eu, zato je izuzetno va\u017eno da joj nakon sun\u010danja pru\u017ei\u0161 kvalitetnu njegu.<\/p>\n<p data-start=\"366\" data-end=\"571\">Na\u0161 Premium \u010dokoladni d\u017eem za brzo tamnjenje na suncu obezbje\u0111uju savr\u0161en bronzani ten, a redovnim nano\u0161enjem jogurta <strong>produ\u017eava\u0161 trajanje preplanulosti<\/strong> i odr\u017eava\u0161 ko\u017eu <strong>mekom<\/strong> i <strong>hidratiziranom<\/strong>.<\/p>\n<p data-start=\"573\" data-end=\"648\"><strong data-start=\"573\" data-end=\"606\">Premium After Sun Body Yogurt<\/strong> je sve \u0161to tvojoj preplanuloj ko\u017ei treba:<\/p>\n<ul>\n<li data-start=\"573\" data-end=\"648\">Umiruje ko\u017eu nakon sun\u010danja<\/li>\n<li data-start=\"573\" data-end=\"648\">Hladi ko\u017eu<\/li>\n<li data-start=\"573\" data-end=\"648\">Aloe vera dubinski hidrira ko\u017eu<\/li>\n<li data-start=\"573\" data-end=\"648\">Omek\u0161ava ko\u017eu<\/li>\n<\/ul>\n<h2 style=\"text-align: center; clear: both;\"><\/h2>\n<p>&nbsp;<\/p>\n<h2><span data-sheets-root=\"1\" data-sheets-value=\"{&quot;1&quot;:2,&quot;2&quot;:&quot;Bogata ulja za prekrasan bron\u010dani ten&quot;}\" data-sheets-userformat=\"{&quot;2&quot;:21377,&quot;3&quot;:{&quot;1&quot;:0},&quot;10&quot;:0,&quot;11&quot;:4,&quot;12&quot;:0,&quot;15&quot;:&quot;Arial&quot;,&quot;17&quot;:1}\"><img loading=\"lazy\" decoding=\"async\" class=\" wp-image-82895 alignleft\" src=\"https:\/\/activeluxe-cosmetics.com\/ba\/wp-content\/uploads\/2025\/07\/Premium-After-Sun-Body-Yogurt_5-460x589.png\" alt=\"\" width=\"450\" height=\"576\" srcset=\"https:\/\/activeluxe-cosmetics.com\/ba\/wp-content\/uploads\/2025\/07\/Premium-After-Sun-Body-Yogurt_5-460x589.png 460w, https:\/\/activeluxe-cosmetics.com\/ba\/wp-content\/uploads\/2025\/07\/Premium-After-Sun-Body-Yogurt_5.png 581w\" sizes=\"auto, (max-width: 450px) 100vw, 450px\" \/><\/span><\/h2>\n<h2><span data-sheets-root=\"1\" data-sheets-value=\"{&quot;1&quot;:2,&quot;2&quot;:&quot;Bogata ulja za prekrasan bron\u010dani ten&quot;}\" data-sheets-userformat=\"{&quot;2&quot;:21377,&quot;3&quot;:{&quot;1&quot;:0},&quot;10&quot;:0,&quot;11&quot;:4,&quot;12&quot;:0,&quot;15&quot;:&quot;Arial&quot;,&quot;17&quot;:1}\"><strong>Miris slatke vanilije, kokosa i narand\u017ee<\/strong> koji \u0107e dugo ostati na tvojoj ko\u017ei<br \/>\n<\/span><\/h2>\n<div>\n<p data-start=\"63\" data-end=\"158\"><strong data-start=\"63\" data-end=\"158\">Premium After Sun Body Yogurt je najbolji izbor za njegovanu i preplanulu ko\u017eu tokom ljeta.<\/strong><\/p>\n<p data-start=\"160\" data-end=\"438\">Izuzetno <strong>lagana<\/strong>, <strong>pjenasta tekstura<\/strong> rashla\u0111uju\u0107eg jogurta brzo se upija u ko\u017eu i ne ostavlja masni trag. Odmah nakon nano\u0161enja mo\u017ee\u0161 obu\u0107i odje\u0107u, a tvoja ko\u017ea \u0107e jo\u0161 dugo mirisati na pravo ljeto.<br data-start=\"355\" data-end=\"358\" \/>Miris koji o\u010darava i pretvara ljetne ve\u010deri u nezaboravne i romanti\u010dne trenutke.<\/p>\n<p data-start=\"440\" data-end=\"481\"><strong data-start=\"440\" data-end=\"481\">Premium After Sun Body Yogurt sadr\u017ei:<\/strong><\/p>\n<ul>\n<li data-start=\"440\" data-end=\"481\">najbolje <strong>ekstrakte aloe vere<\/strong>, koji dokazano hlade i umiruju ko\u017eu<\/li>\n<li data-start=\"440\" data-end=\"481\"><strong>kokosovo ulje<\/strong> koje hidrira ko\u017eu i ostavlja je mekom i njegovanom<\/li>\n<\/ul>\n<p data-start=\"622\" data-end=\"759\">Nakon tu\u0161iranja nje\u017eno umasiraj rashla\u0111uju\u0107i jogurt u ko\u017eu. Jogurt se izuzetno brzo upija. Odje\u0107u mo\u017ee\u0161 odmah obu\u0107i, bez brige o mrljama.<\/p>\n<p data-start=\"761\" data-end=\"844\" data-is-last-node=\"\" data-is-only-node=\"\">Za jo\u0161 ja\u010di efekat hla\u0111enja, \u010duvaj jogurt u fri\u017eideru. Mo\u017ee\u0161 ga nanijeti<strong> i na lice<\/strong>.<\/p>\n<\/div>\n<h2 style=\"text-align: center; clear: both;\"><\/h2>\n<div style=\"display: flex; align-items: center; gap: 20px; flex-wrap: wrap;\">\n<p>&nbsp;<\/p>\n<\/div>\n","protected":false},"excerpt":{"rendered":"<div>Rashla\u0111uju\u0107i jogurt za tijelo nakon sun\u010danja. Umiruje ko\u017eu i produ\u017eava preplanulost.<\/div>\n<p>&nbsp;<\/p>\n<p>&nbsp;<\/p>\n","protected":false},"featured_media":82892,"comment_status":"open","ping_status":"closed","template":"","meta":[],"product_brand":[],"product_cat":[82],"product_tag":[],"class_list":{"0":"post-82891","1":"product","2":"type-product","3":"status-publish","4":"has-post-thumbnail","6":"product_cat-sunce","8":"first","9":"instock","10":"featured","11":"taxable","12":"shipping-taxable","13":"purchasable","14":"product-type-simple"},"bundled_by":[],"bundle_stock_status":"instock","bundle_stock_quantity":null,"bundle_virtual":false,"bundle_layout":"","bundle_add_to_cart_form_location":"","bundle_editable_in_cart":false,"bundle_sold_individually_context":"","bundle_item_grouping":"","bundle_min_size":"","bundle_max_size":"","bundled_items":[],"acf":[],"yoast_head":"<!-- This site is optimized with the Yoast SEO plugin v26.5 - https:\/\/yoast.com\/wordpress\/plugins\/seo\/ -->\n<title>Rashla\u0111uju\u0107i jogurt za tijelo nakon sun\u010danja \u2013 Active Luxe<\/title>\n<meta name=\"description\" content=\"Rashla\u0111uju\u0107i jogurt za tijelo nakon sun\u010danja. Umiruje, hladi, hidrira i produ\u017eava preplanulost ko\u017ee. Aloe vera dubinski hidrira i njeguje.\" \/>\n<meta name=\"robots\" content=\"noindex, follow\" \/>\n<meta property=\"og:locale\" content=\"hr_HR\" \/>\n<meta property=\"og:type\" content=\"article\" \/>\n<meta property=\"og:title\" content=\"Rashla\u0111uju\u0107i jogurt za tijelo nakon sun\u010danja \u2013 Active Luxe\" \/>\n<meta property=\"og:description\" content=\"Rashla\u0111uju\u0107i jogurt za tijelo nakon sun\u010danja. Umiruje, hladi, hidrira i produ\u017eava preplanulost ko\u017ee. Aloe vera dubinski hidrira i njeguje.\" \/>\n<meta property=\"og:url\" content=\"https:\/\/activeluxe-cosmetics.com\/ba\/izdelek\/rashladjujuci-jogurt-za-tijelo\/\" \/>\n<meta property=\"og:site_name\" content=\"Active Luxe Cosmetics\" \/>\n<meta property=\"article:modified_time\" content=\"2026-04-01T14:58:07+00:00\" \/>\n<meta property=\"og:image\" content=\"https:\/\/activeluxe-cosmetics.com\/ba\/wp-content\/uploads\/2025\/07\/activeluxe-jogurt.jpg\" \/>\n\t<meta property=\"og:image:width\" content=\"1104\" \/>\n\t<meta property=\"og:image:height\" content=\"1326\" \/>\n\t<meta property=\"og:image:type\" content=\"image\/jpeg\" \/>\n<meta name=\"twitter:card\" content=\"summary_large_image\" \/>\n<meta name=\"twitter:label1\" content=\"Procijenjeno vrijeme \u010ditanja\" \/>\n\t<meta name=\"twitter:data1\" content=\"2 minute\" \/>\n<script type=\"application\/ld+json\" class=\"yoast-schema-graph\">{\"@context\":\"https:\/\/schema.org\",\"@graph\":[{\"@type\":\"WebPage\",\"@id\":\"https:\/\/activeluxe-cosmetics.com\/ba\/izdelek\/rashladjujuci-jogurt-za-tijelo\/\",\"url\":\"https:\/\/activeluxe-cosmetics.com\/ba\/izdelek\/rashladjujuci-jogurt-za-tijelo\/\",\"name\":\"Rashla\u0111uju\u0107i jogurt za tijelo nakon sun\u010danja \u2013 Active Luxe\",\"isPartOf\":{\"@id\":\"https:\/\/activeluxe-cosmetics.com\/ba\/#website\"},\"primaryImageOfPage\":{\"@id\":\"https:\/\/activeluxe-cosmetics.com\/ba\/izdelek\/rashladjujuci-jogurt-za-tijelo\/#primaryimage\"},\"image\":{\"@id\":\"https:\/\/activeluxe-cosmetics.com\/ba\/izdelek\/rashladjujuci-jogurt-za-tijelo\/#primaryimage\"},\"thumbnailUrl\":\"https:\/\/activeluxe-cosmetics.com\/ba\/wp-content\/uploads\/2025\/07\/activeluxe-jogurt.jpg\",\"datePublished\":\"2025-07-03T12:48:28+00:00\",\"dateModified\":\"2026-04-01T14:58:07+00:00\",\"description\":\"Rashla\u0111uju\u0107i jogurt za tijelo nakon sun\u010danja. Umiruje, hladi, hidrira i produ\u017eava preplanulost ko\u017ee. Aloe vera dubinski hidrira i njeguje.\",\"breadcrumb\":{\"@id\":\"https:\/\/activeluxe-cosmetics.com\/ba\/izdelek\/rashladjujuci-jogurt-za-tijelo\/#breadcrumb\"},\"inLanguage\":\"hr\",\"potentialAction\":[{\"@type\":\"ReadAction\",\"target\":[\"https:\/\/activeluxe-cosmetics.com\/ba\/izdelek\/rashladjujuci-jogurt-za-tijelo\/\"]}]},{\"@type\":\"ImageObject\",\"inLanguage\":\"hr\",\"@id\":\"https:\/\/activeluxe-cosmetics.com\/ba\/izdelek\/rashladjujuci-jogurt-za-tijelo\/#primaryimage\",\"url\":\"https:\/\/activeluxe-cosmetics.com\/ba\/wp-content\/uploads\/2025\/07\/activeluxe-jogurt.jpg\",\"contentUrl\":\"https:\/\/activeluxe-cosmetics.com\/ba\/wp-content\/uploads\/2025\/07\/activeluxe-jogurt.jpg\",\"width\":1104,\"height\":1326},{\"@type\":\"BreadcrumbList\",\"@id\":\"https:\/\/activeluxe-cosmetics.com\/ba\/izdelek\/rashladjujuci-jogurt-za-tijelo\/#breadcrumb\",\"itemListElement\":[{\"@type\":\"ListItem\",\"position\":1,\"name\":\"Naslovnica\",\"item\":\"https:\/\/activeluxe-cosmetics.com\/ba\/\"},{\"@type\":\"ListItem\",\"position\":2,\"name\":\"Trgovina\",\"item\":\"https:\/\/activeluxe-cosmetics.com\/ba\/trgovina\/\"},{\"@type\":\"ListItem\",\"position\":3,\"name\":\"Premium rashla\u0111uju\u0107i jogurt za tijelo\"}]},{\"@type\":\"WebSite\",\"@id\":\"https:\/\/activeluxe-cosmetics.com\/ba\/#website\",\"url\":\"https:\/\/activeluxe-cosmetics.com\/ba\/\",\"name\":\"Active Luxe Cosmetics\",\"description\":\"\",\"potentialAction\":[{\"@type\":\"SearchAction\",\"target\":{\"@type\":\"EntryPoint\",\"urlTemplate\":\"https:\/\/activeluxe-cosmetics.com\/ba\/?s={search_term_string}\"},\"query-input\":{\"@type\":\"PropertyValueSpecification\",\"valueRequired\":true,\"valueName\":\"search_term_string\"}}],\"inLanguage\":\"hr\"}]}<\/script>\n<!-- \/ Yoast SEO plugin. -->","yoast_head_json":{"title":"Rashla\u0111uju\u0107i jogurt za tijelo nakon sun\u010danja \u2013 Active Luxe","description":"Rashla\u0111uju\u0107i jogurt za tijelo nakon sun\u010danja. Umiruje, hladi, hidrira i produ\u017eava preplanulost ko\u017ee. Aloe vera dubinski hidrira i njeguje.","robots":{"index":"noindex","follow":"follow"},"og_locale":"hr_HR","og_type":"article","og_title":"Rashla\u0111uju\u0107i jogurt za tijelo nakon sun\u010danja \u2013 Active Luxe","og_description":"Rashla\u0111uju\u0107i jogurt za tijelo nakon sun\u010danja. Umiruje, hladi, hidrira i produ\u017eava preplanulost ko\u017ee. Aloe vera dubinski hidrira i njeguje.","og_url":"https:\/\/activeluxe-cosmetics.com\/ba\/izdelek\/rashladjujuci-jogurt-za-tijelo\/","og_site_name":"Active Luxe Cosmetics","article_modified_time":"2026-04-01T14:58:07+00:00","og_image":[{"width":1104,"height":1326,"url":"https:\/\/activeluxe-cosmetics.com\/ba\/wp-content\/uploads\/2025\/07\/activeluxe-jogurt.jpg","type":"image\/jpeg"}],"twitter_card":"summary_large_image","twitter_misc":{"Procijenjeno vrijeme \u010ditanja":"2 minute"},"schema":{"@context":"https:\/\/schema.org","@graph":[{"@type":"WebPage","@id":"https:\/\/activeluxe-cosmetics.com\/ba\/izdelek\/rashladjujuci-jogurt-za-tijelo\/","url":"https:\/\/activeluxe-cosmetics.com\/ba\/izdelek\/rashladjujuci-jogurt-za-tijelo\/","name":"Rashla\u0111uju\u0107i jogurt za tijelo nakon sun\u010danja \u2013 Active Luxe","isPartOf":{"@id":"https:\/\/activeluxe-cosmetics.com\/ba\/#website"},"primaryImageOfPage":{"@id":"https:\/\/activeluxe-cosmetics.com\/ba\/izdelek\/rashladjujuci-jogurt-za-tijelo\/#primaryimage"},"image":{"@id":"https:\/\/activeluxe-cosmetics.com\/ba\/izdelek\/rashladjujuci-jogurt-za-tijelo\/#primaryimage"},"thumbnailUrl":"https:\/\/activeluxe-cosmetics.com\/ba\/wp-content\/uploads\/2025\/07\/activeluxe-jogurt.jpg","datePublished":"2025-07-03T12:48:28+00:00","dateModified":"2026-04-01T14:58:07+00:00","description":"Rashla\u0111uju\u0107i jogurt za tijelo nakon sun\u010danja. Umiruje, hladi, hidrira i produ\u017eava preplanulost ko\u017ee. Aloe vera dubinski hidrira i njeguje.","breadcrumb":{"@id":"https:\/\/activeluxe-cosmetics.com\/ba\/izdelek\/rashladjujuci-jogurt-za-tijelo\/#breadcrumb"},"inLanguage":"hr","potentialAction":[{"@type":"ReadAction","target":["https:\/\/activeluxe-cosmetics.com\/ba\/izdelek\/rashladjujuci-jogurt-za-tijelo\/"]}]},{"@type":"ImageObject","inLanguage":"hr","@id":"https:\/\/activeluxe-cosmetics.com\/ba\/izdelek\/rashladjujuci-jogurt-za-tijelo\/#primaryimage","url":"https:\/\/activeluxe-cosmetics.com\/ba\/wp-content\/uploads\/2025\/07\/activeluxe-jogurt.jpg","contentUrl":"https:\/\/activeluxe-cosmetics.com\/ba\/wp-content\/uploads\/2025\/07\/activeluxe-jogurt.jpg","width":1104,"height":1326},{"@type":"BreadcrumbList","@id":"https:\/\/activeluxe-cosmetics.com\/ba\/izdelek\/rashladjujuci-jogurt-za-tijelo\/#breadcrumb","itemListElement":[{"@type":"ListItem","position":1,"name":"Naslovnica","item":"https:\/\/activeluxe-cosmetics.com\/ba\/"},{"@type":"ListItem","position":2,"name":"Trgovina","item":"https:\/\/activeluxe-cosmetics.com\/ba\/trgovina\/"},{"@type":"ListItem","position":3,"name":"Premium rashla\u0111uju\u0107i jogurt za tijelo"}]},{"@type":"WebSite","@id":"https:\/\/activeluxe-cosmetics.com\/ba\/#website","url":"https:\/\/activeluxe-cosmetics.com\/ba\/","name":"Active Luxe Cosmetics","description":"","potentialAction":[{"@type":"SearchAction","target":{"@type":"EntryPoint","urlTemplate":"https:\/\/activeluxe-cosmetics.com\/ba\/?s={search_term_string}"},"query-input":{"@type":"PropertyValueSpecification","valueRequired":true,"valueName":"search_term_string"}}],"inLanguage":"hr"}]}},"_links":{"self":[{"href":"https:\/\/activeluxe-cosmetics.com\/ba\/wp-json\/wp\/v2\/product\/82891","targetHints":{"allow":["GET"]}}],"collection":[{"href":"https:\/\/activeluxe-cosmetics.com\/ba\/wp-json\/wp\/v2\/product"}],"about":[{"href":"https:\/\/activeluxe-cosmetics.com\/ba\/wp-json\/wp\/v2\/types\/product"}],"replies":[{"embeddable":true,"href":"https:\/\/activeluxe-cosmetics.com\/ba\/wp-json\/wp\/v2\/comments?post=82891"}],"wp:featuredmedia":[{"embeddable":true,"href":"https:\/\/activeluxe-cosmetics.com\/ba\/wp-json\/wp\/v2\/media\/82892"}],"wp:attachment":[{"href":"https:\/\/activeluxe-cosmetics.com\/ba\/wp-json\/wp\/v2\/media?parent=82891"}],"wp:term":[{"taxonomy":"product_brand","embeddable":true,"href":"https:\/\/activeluxe-cosmetics.com\/ba\/wp-json\/wp\/v2\/product_brand?post=82891"},{"taxonomy":"product_cat","embeddable":true,"href":"https:\/\/activeluxe-cosmetics.com\/ba\/wp-json\/wp\/v2\/product_cat?post=82891"},{"taxonomy":"product_tag","embeddable":true,"href":"https:\/\/activeluxe-cosmetics.com\/ba\/wp-json\/wp\/v2\/product_tag?post=82891"}],"curies":[{"name":"wp","href":"https:\/\/api.w.org\/{rel}","templated":true}]}}