{"id":82711,"date":"2025-06-02T14:07:27","date_gmt":"2025-06-02T12:07:27","guid":{"rendered":"https:\/\/activeluxe-cosmetics.com\/ba\/?post_type=product&#038;p=82711"},"modified":"2026-04-01T16:52:12","modified_gmt":"2026-04-01T14:52:12","slug":"peskir-za-kosu-od-100-mikrovlakana","status":"publish","type":"product","link":"https:\/\/activeluxe-cosmetics.com\/ba\/izdelek\/peskir-za-kosu-od-100-mikrovlakana\/","title":{"rendered":"Pe\u0161kir za kosu od 100 % mikrovlakana"},"content":{"rendered":"<p><img loading=\"lazy\" decoding=\"async\" class=\" wp-image-82725 alignright\" src=\"https:\/\/activeluxe-cosmetics.com\/ba\/wp-content\/uploads\/2025\/06\/peskir_za_kosu-460x552.jpg\" alt=\"Active Luxe pe\u0161kir za kosu\" width=\"370\" height=\"444\" srcset=\"https:\/\/activeluxe-cosmetics.com\/ba\/wp-content\/uploads\/2025\/06\/peskir_za_kosu-460x552.jpg 460w, https:\/\/activeluxe-cosmetics.com\/ba\/wp-content\/uploads\/2025\/06\/peskir_za_kosu-768x922.jpg 768w, https:\/\/activeluxe-cosmetics.com\/ba\/wp-content\/uploads\/2025\/06\/peskir_za_kosu-600x720.jpg 600w, https:\/\/activeluxe-cosmetics.com\/ba\/wp-content\/uploads\/2025\/06\/peskir_za_kosu.jpg 853w\" sizes=\"auto, (max-width: 370px) 100vw, 370px\" \/><\/p>\n<h2><strong>Br\u017ee su\u0161enje<\/strong> koje ne o\u0161te\u0107uje tvoju kosu<\/h2>\n<p>Jesi li i ti umorna od dugog su\u0161enja i zamr\u0161ene kose nakon kori\u0161tenja obi\u010dnog pe\u0161kira?<\/p>\n<p>Predstavljamo ti pe\u0161kir za kosu <strong>od 100 % mikrovlakana \u2013 mekan, lagan i izuzetno upijaju\u0107i<\/strong>.<\/p>\n<p>Dizajniran je tako da <strong>nje\u017eno obavije tvoju kosu<\/strong>, <strong>brzo upije vi\u0161ak vlage<\/strong> i osigura da ti kosa bude<strong> suha br\u017ee nego ikada prije<\/strong> \u2013 <strong>bez grubog trljanja<\/strong> i <strong>nepotrebnog \u010dupanja kose<\/strong>.<\/p>\n<p>Mikrovlakna (kombinacija poliestera i poliamida) omogu\u0107avaju da se kosa <strong>su\u0161i prirodno i nje\u017eno<\/strong>, a istovremeno <strong>sprje\u010davaju lomljenje, pucanje vrhova i elektricitet u kosi<\/strong>.<\/p>\n<p>Savr\u0161eno rje\u0161enje za sve nas koje vodimo ra\u010duna o zdravlju svoje kose, a ipak \u017eelimo brzu rutinu nakon tu\u0161iranja.<\/p>\n<h2 style=\"text-align: center; clear: both;\"><\/h2>\n<h3><img loading=\"lazy\" decoding=\"async\" class=\" wp-image-82724 alignleft\" src=\"https:\/\/activeluxe-cosmetics.com\/ba\/wp-content\/uploads\/2025\/06\/peskir_za_kosu_profil-460x553.jpg\" alt=\"Active Luxe pe\u0161kir za kosu\" width=\"370\" height=\"445\" srcset=\"https:\/\/activeluxe-cosmetics.com\/ba\/wp-content\/uploads\/2025\/06\/peskir_za_kosu_profil-460x553.jpg 460w, https:\/\/activeluxe-cosmetics.com\/ba\/wp-content\/uploads\/2025\/06\/peskir_za_kosu_profil-853x1024.jpg 853w, https:\/\/activeluxe-cosmetics.com\/ba\/wp-content\/uploads\/2025\/06\/peskir_za_kosu_profil-768x922.jpg 768w, https:\/\/activeluxe-cosmetics.com\/ba\/wp-content\/uploads\/2025\/06\/peskir_za_kosu_profil-600x721.jpg 600w, https:\/\/activeluxe-cosmetics.com\/ba\/wp-content\/uploads\/2025\/06\/peskir_za_kosu_profil.jpg 1104w\" sizes=\"auto, (max-width: 370px) 100vw, 370px\" \/><\/h3>\n<h2>Tvoj novi <strong>omiljeni beauty dodatak<\/strong><\/h2>\n<div>\n<p>Pe\u0161kir mo\u017ee\u0161 koristiti o<strong>dmah nakon pranja kose<\/strong> \u2013 sagne\u0161 glavu naprijed, umota\u0161 kosu u pe\u0161kir, zavrne\u0161 i pri\u010dvrsti\u0161 pomo\u0107u gumice i dugmeta.<\/p>\n<p><strong>Bez petljanja<\/strong>, <strong>bez klizanja<\/strong> \u2013 samo savr\u0161eno pristajanje i maksimalna udobnost.<\/p>\n<p>Nepogre\u0161iv je i tokom beauty rituala \u2013 kada na kosu nanese\u0161 <strong>masku, ulja ili druge njeguju\u0107e proizvode<\/strong>, jednostavno je umota\u0161 u pe\u0161kir i nastavi\u0161 sa svojim ritualom.<\/p>\n<p>Kosa ostaje na mjestu, a toplina poma\u017ee da aktivni sastojci jo\u0161 bolje prodru u strukturu vlasi.<\/p>\n<p>Pogodan je za <strong>sve du\u017eine i tipove kose<\/strong> \u2013 od kratke, kovrd\u017eave do duge i guste.<\/p>\n<p>Idealan je i za djecu, jer ima 2 dugmeta pomo\u0107u kojih se mo\u017ee prilagoditi veli\u010dina.<\/p>\n<\/div>\n<div><\/div>\n<div><\/div>\n<div><\/div>\n<h2 style=\"text-align: center; clear: both;\"><\/h2>\n<h3><img loading=\"lazy\" decoding=\"async\" class=\" wp-image-82723 alignright\" src=\"https:\/\/activeluxe-cosmetics.com\/ba\/wp-content\/uploads\/2025\/06\/peskir_za_kosu_active_luxe-460x552.jpg\" alt=\"Active Luxe pe\u0161kir za kosu\" width=\"371\" height=\"445\" srcset=\"https:\/\/activeluxe-cosmetics.com\/ba\/wp-content\/uploads\/2025\/06\/peskir_za_kosu_active_luxe-460x552.jpg 460w, https:\/\/activeluxe-cosmetics.com\/ba\/wp-content\/uploads\/2025\/06\/peskir_za_kosu_active_luxe-768x922.jpg 768w, https:\/\/activeluxe-cosmetics.com\/ba\/wp-content\/uploads\/2025\/06\/peskir_za_kosu_active_luxe-600x720.jpg 600w, https:\/\/activeluxe-cosmetics.com\/ba\/wp-content\/uploads\/2025\/06\/peskir_za_kosu_active_luxe.jpg 853w\" sizes=\"auto, (max-width: 371px) 100vw, 371px\" \/><\/h3>\n<h2><strong>Nje\u017ean prema kosi, strog prema vlazi<\/strong> \u2013 dostupan u 3 boje<\/h2>\n<p>Pe\u0161kir za kosu dizajniran je<strong> s posebnom pa\u017enjom prema tvojoj kosi i udobnosti<\/strong>.<\/p>\n<p>Uz to, izuzetno je <strong>jednostavan za odr\u017eavanje<\/strong> \u2013 pere se na 30 \u00b0C, bez izbjeljiva\u010da, peglanja i su\u0161enja u ma\u0161ini za su\u0161enje ve\u0161a.<\/p>\n<p>Jer \u017eelimo da ti ponudimo jo\u0161 vi\u0161e, dostupan je u <strong>tri predivne boje<\/strong> koje \u0107e unijeti svje\u017einu u tvoje kupatilo i svakodnevnu rutinu.<\/p>\n<p>Neka tvoj sljede\u0107i beauty trenutak bude jo\u0161 ugodniji \u2013 <strong>uz pe\u0161kir koji voli tvoju kosu<\/strong>.<\/p>\n<p>Pe\u0161kir dolazi u simpati\u010dnom pakiranju.<\/p>\n<h2 style=\"text-align: center; clear: both;\"><\/h2>\n<div style=\"display: flex; align-items: center; gap: 20px; flex-wrap: wrap; justify-content: center;\">\n<p style=\"max-width: 360px;\">\n<\/div>\n","protected":false},"excerpt":{"rendered":"<p>Pe\u0161kir za kosu upija vi\u0161ak vlage, ubrzava su\u0161enje kose bez trljanja i ne o\u0161te\u0107uje kosu kao obi\u010dni pe\u0161kir.<\/p>\n","protected":false},"featured_media":82718,"comment_status":"open","ping_status":"closed","template":"","meta":[],"product_brand":[],"product_cat":[53],"product_tag":[],"class_list":{"0":"post-82711","1":"product","2":"type-product","3":"status-publish","4":"has-post-thumbnail","6":"product_cat-proizvodi-za-rast-kose","8":"first","9":"instock","10":"featured","11":"taxable","12":"shipping-taxable","13":"purchasable","14":"product-type-variable"},"bundled_by":[],"bundle_stock_status":"instock","bundle_stock_quantity":null,"bundle_virtual":false,"bundle_layout":"","bundle_add_to_cart_form_location":"","bundle_editable_in_cart":false,"bundle_sold_individually_context":"","bundle_item_grouping":"","bundle_min_size":"","bundle_max_size":"","bundled_items":[],"acf":[],"yoast_head":"<!-- This site is optimized with the Yoast SEO plugin v26.5 - https:\/\/yoast.com\/wordpress\/plugins\/seo\/ -->\n<title>Pe\u0161kir za kosu od 100 % mikrovlakana - Active Luxe Cosmetics<\/title>\n<meta name=\"description\" content=\"Tvoj novi saveznik za nje\u017eno i efikasno su\u0161enje kose. Mekan i super upijaju\u0107i pe\u0161kir koji savr\u0161eno uklanja vi\u0161ak vlage i skra\u0107uje vrijeme su\u0161enja.\" \/>\n<meta name=\"robots\" content=\"index, follow, max-snippet:-1, max-image-preview:large, max-video-preview:-1\" \/>\n<link rel=\"canonical\" href=\"https:\/\/activeluxe-cosmetics.com\/ba\/izdelek\/peskir-za-kosu-od-100-mikrovlakana\/\" \/>\n<meta property=\"og:locale\" content=\"hr_HR\" \/>\n<meta property=\"og:type\" content=\"article\" \/>\n<meta property=\"og:title\" content=\"Pe\u0161kir za kosu od 100 % mikrovlakana - Active Luxe Cosmetics\" \/>\n<meta property=\"og:description\" content=\"Tvoj novi saveznik za nje\u017eno i efikasno su\u0161enje kose. Mekan i super upijaju\u0107i pe\u0161kir koji savr\u0161eno uklanja vi\u0161ak vlage i skra\u0107uje vrijeme su\u0161enja.\" \/>\n<meta property=\"og:url\" content=\"https:\/\/activeluxe-cosmetics.com\/ba\/izdelek\/peskir-za-kosu-od-100-mikrovlakana\/\" \/>\n<meta property=\"og:site_name\" content=\"Active Luxe Cosmetics\" \/>\n<meta property=\"article:modified_time\" content=\"2026-04-01T14:52:12+00:00\" \/>\n<meta property=\"og:image\" content=\"https:\/\/activeluxe-cosmetics.com\/ba\/wp-content\/uploads\/2025\/06\/peskir_za_kosu_active_luxe_product.jpg\" \/>\n\t<meta property=\"og:image:width\" content=\"1104\" \/>\n\t<meta property=\"og:image:height\" content=\"1326\" \/>\n\t<meta property=\"og:image:type\" content=\"image\/jpeg\" \/>\n<meta name=\"twitter:card\" content=\"summary_large_image\" \/>\n<meta name=\"twitter:label1\" content=\"Procijenjeno vrijeme \u010ditanja\" \/>\n\t<meta name=\"twitter:data1\" content=\"3 minute\" \/>\n<script type=\"application\/ld+json\" class=\"yoast-schema-graph\">{\"@context\":\"https:\/\/schema.org\",\"@graph\":[{\"@type\":\"WebPage\",\"@id\":\"https:\/\/activeluxe-cosmetics.com\/ba\/izdelek\/peskir-za-kosu-od-100-mikrovlakana\/\",\"url\":\"https:\/\/activeluxe-cosmetics.com\/ba\/izdelek\/peskir-za-kosu-od-100-mikrovlakana\/\",\"name\":\"Pe\u0161kir za kosu od 100 % mikrovlakana - Active Luxe Cosmetics\",\"isPartOf\":{\"@id\":\"https:\/\/activeluxe-cosmetics.com\/ba\/#website\"},\"primaryImageOfPage\":{\"@id\":\"https:\/\/activeluxe-cosmetics.com\/ba\/izdelek\/peskir-za-kosu-od-100-mikrovlakana\/#primaryimage\"},\"image\":{\"@id\":\"https:\/\/activeluxe-cosmetics.com\/ba\/izdelek\/peskir-za-kosu-od-100-mikrovlakana\/#primaryimage\"},\"thumbnailUrl\":\"https:\/\/activeluxe-cosmetics.com\/ba\/wp-content\/uploads\/2025\/06\/peskir_za_kosu_active_luxe_product.jpg\",\"datePublished\":\"2025-06-02T12:07:27+00:00\",\"dateModified\":\"2026-04-01T14:52:12+00:00\",\"description\":\"Tvoj novi saveznik za nje\u017eno i efikasno su\u0161enje kose. Mekan i super upijaju\u0107i pe\u0161kir koji savr\u0161eno uklanja vi\u0161ak vlage i skra\u0107uje vrijeme su\u0161enja.\",\"breadcrumb\":{\"@id\":\"https:\/\/activeluxe-cosmetics.com\/ba\/izdelek\/peskir-za-kosu-od-100-mikrovlakana\/#breadcrumb\"},\"inLanguage\":\"hr\",\"potentialAction\":[{\"@type\":\"ReadAction\",\"target\":[\"https:\/\/activeluxe-cosmetics.com\/ba\/izdelek\/peskir-za-kosu-od-100-mikrovlakana\/\"]}]},{\"@type\":\"ImageObject\",\"inLanguage\":\"hr\",\"@id\":\"https:\/\/activeluxe-cosmetics.com\/ba\/izdelek\/peskir-za-kosu-od-100-mikrovlakana\/#primaryimage\",\"url\":\"https:\/\/activeluxe-cosmetics.com\/ba\/wp-content\/uploads\/2025\/06\/peskir_za_kosu_active_luxe_product.jpg\",\"contentUrl\":\"https:\/\/activeluxe-cosmetics.com\/ba\/wp-content\/uploads\/2025\/06\/peskir_za_kosu_active_luxe_product.jpg\",\"width\":1104,\"height\":1326,\"caption\":\"Active Luxe pe\u0161kir za kosu\"},{\"@type\":\"BreadcrumbList\",\"@id\":\"https:\/\/activeluxe-cosmetics.com\/ba\/izdelek\/peskir-za-kosu-od-100-mikrovlakana\/#breadcrumb\",\"itemListElement\":[{\"@type\":\"ListItem\",\"position\":1,\"name\":\"Naslovnica\",\"item\":\"https:\/\/activeluxe-cosmetics.com\/ba\/\"},{\"@type\":\"ListItem\",\"position\":2,\"name\":\"Trgovina\",\"item\":\"https:\/\/activeluxe-cosmetics.com\/ba\/trgovina\/\"},{\"@type\":\"ListItem\",\"position\":3,\"name\":\"Pe\u0161kir za kosu od 100 % mikrovlakana\"}]},{\"@type\":\"WebSite\",\"@id\":\"https:\/\/activeluxe-cosmetics.com\/ba\/#website\",\"url\":\"https:\/\/activeluxe-cosmetics.com\/ba\/\",\"name\":\"Active Luxe Cosmetics\",\"description\":\"\",\"potentialAction\":[{\"@type\":\"SearchAction\",\"target\":{\"@type\":\"EntryPoint\",\"urlTemplate\":\"https:\/\/activeluxe-cosmetics.com\/ba\/?s={search_term_string}\"},\"query-input\":{\"@type\":\"PropertyValueSpecification\",\"valueRequired\":true,\"valueName\":\"search_term_string\"}}],\"inLanguage\":\"hr\"}]}<\/script>\n<!-- \/ Yoast SEO plugin. -->","yoast_head_json":{"title":"Pe\u0161kir za kosu od 100 % mikrovlakana - Active Luxe Cosmetics","description":"Tvoj novi saveznik za nje\u017eno i efikasno su\u0161enje kose. Mekan i super upijaju\u0107i pe\u0161kir koji savr\u0161eno uklanja vi\u0161ak vlage i skra\u0107uje vrijeme su\u0161enja.","robots":{"index":"index","follow":"follow","max-snippet":"max-snippet:-1","max-image-preview":"max-image-preview:large","max-video-preview":"max-video-preview:-1"},"canonical":"https:\/\/activeluxe-cosmetics.com\/ba\/izdelek\/peskir-za-kosu-od-100-mikrovlakana\/","og_locale":"hr_HR","og_type":"article","og_title":"Pe\u0161kir za kosu od 100 % mikrovlakana - Active Luxe Cosmetics","og_description":"Tvoj novi saveznik za nje\u017eno i efikasno su\u0161enje kose. Mekan i super upijaju\u0107i pe\u0161kir koji savr\u0161eno uklanja vi\u0161ak vlage i skra\u0107uje vrijeme su\u0161enja.","og_url":"https:\/\/activeluxe-cosmetics.com\/ba\/izdelek\/peskir-za-kosu-od-100-mikrovlakana\/","og_site_name":"Active Luxe Cosmetics","article_modified_time":"2026-04-01T14:52:12+00:00","og_image":[{"width":1104,"height":1326,"url":"https:\/\/activeluxe-cosmetics.com\/ba\/wp-content\/uploads\/2025\/06\/peskir_za_kosu_active_luxe_product.jpg","type":"image\/jpeg"}],"twitter_card":"summary_large_image","twitter_misc":{"Procijenjeno vrijeme \u010ditanja":"3 minute"},"schema":{"@context":"https:\/\/schema.org","@graph":[{"@type":"WebPage","@id":"https:\/\/activeluxe-cosmetics.com\/ba\/izdelek\/peskir-za-kosu-od-100-mikrovlakana\/","url":"https:\/\/activeluxe-cosmetics.com\/ba\/izdelek\/peskir-za-kosu-od-100-mikrovlakana\/","name":"Pe\u0161kir za kosu od 100 % mikrovlakana - Active Luxe Cosmetics","isPartOf":{"@id":"https:\/\/activeluxe-cosmetics.com\/ba\/#website"},"primaryImageOfPage":{"@id":"https:\/\/activeluxe-cosmetics.com\/ba\/izdelek\/peskir-za-kosu-od-100-mikrovlakana\/#primaryimage"},"image":{"@id":"https:\/\/activeluxe-cosmetics.com\/ba\/izdelek\/peskir-za-kosu-od-100-mikrovlakana\/#primaryimage"},"thumbnailUrl":"https:\/\/activeluxe-cosmetics.com\/ba\/wp-content\/uploads\/2025\/06\/peskir_za_kosu_active_luxe_product.jpg","datePublished":"2025-06-02T12:07:27+00:00","dateModified":"2026-04-01T14:52:12+00:00","description":"Tvoj novi saveznik za nje\u017eno i efikasno su\u0161enje kose. Mekan i super upijaju\u0107i pe\u0161kir koji savr\u0161eno uklanja vi\u0161ak vlage i skra\u0107uje vrijeme su\u0161enja.","breadcrumb":{"@id":"https:\/\/activeluxe-cosmetics.com\/ba\/izdelek\/peskir-za-kosu-od-100-mikrovlakana\/#breadcrumb"},"inLanguage":"hr","potentialAction":[{"@type":"ReadAction","target":["https:\/\/activeluxe-cosmetics.com\/ba\/izdelek\/peskir-za-kosu-od-100-mikrovlakana\/"]}]},{"@type":"ImageObject","inLanguage":"hr","@id":"https:\/\/activeluxe-cosmetics.com\/ba\/izdelek\/peskir-za-kosu-od-100-mikrovlakana\/#primaryimage","url":"https:\/\/activeluxe-cosmetics.com\/ba\/wp-content\/uploads\/2025\/06\/peskir_za_kosu_active_luxe_product.jpg","contentUrl":"https:\/\/activeluxe-cosmetics.com\/ba\/wp-content\/uploads\/2025\/06\/peskir_za_kosu_active_luxe_product.jpg","width":1104,"height":1326,"caption":"Active Luxe pe\u0161kir za kosu"},{"@type":"BreadcrumbList","@id":"https:\/\/activeluxe-cosmetics.com\/ba\/izdelek\/peskir-za-kosu-od-100-mikrovlakana\/#breadcrumb","itemListElement":[{"@type":"ListItem","position":1,"name":"Naslovnica","item":"https:\/\/activeluxe-cosmetics.com\/ba\/"},{"@type":"ListItem","position":2,"name":"Trgovina","item":"https:\/\/activeluxe-cosmetics.com\/ba\/trgovina\/"},{"@type":"ListItem","position":3,"name":"Pe\u0161kir za kosu od 100 % mikrovlakana"}]},{"@type":"WebSite","@id":"https:\/\/activeluxe-cosmetics.com\/ba\/#website","url":"https:\/\/activeluxe-cosmetics.com\/ba\/","name":"Active Luxe Cosmetics","description":"","potentialAction":[{"@type":"SearchAction","target":{"@type":"EntryPoint","urlTemplate":"https:\/\/activeluxe-cosmetics.com\/ba\/?s={search_term_string}"},"query-input":{"@type":"PropertyValueSpecification","valueRequired":true,"valueName":"search_term_string"}}],"inLanguage":"hr"}]}},"_links":{"self":[{"href":"https:\/\/activeluxe-cosmetics.com\/ba\/wp-json\/wp\/v2\/product\/82711","targetHints":{"allow":["GET"]}}],"collection":[{"href":"https:\/\/activeluxe-cosmetics.com\/ba\/wp-json\/wp\/v2\/product"}],"about":[{"href":"https:\/\/activeluxe-cosmetics.com\/ba\/wp-json\/wp\/v2\/types\/product"}],"replies":[{"embeddable":true,"href":"https:\/\/activeluxe-cosmetics.com\/ba\/wp-json\/wp\/v2\/comments?post=82711"}],"wp:featuredmedia":[{"embeddable":true,"href":"https:\/\/activeluxe-cosmetics.com\/ba\/wp-json\/wp\/v2\/media\/82718"}],"wp:attachment":[{"href":"https:\/\/activeluxe-cosmetics.com\/ba\/wp-json\/wp\/v2\/media?parent=82711"}],"wp:term":[{"taxonomy":"product_brand","embeddable":true,"href":"https:\/\/activeluxe-cosmetics.com\/ba\/wp-json\/wp\/v2\/product_brand?post=82711"},{"taxonomy":"product_cat","embeddable":true,"href":"https:\/\/activeluxe-cosmetics.com\/ba\/wp-json\/wp\/v2\/product_cat?post=82711"},{"taxonomy":"product_tag","embeddable":true,"href":"https:\/\/activeluxe-cosmetics.com\/ba\/wp-json\/wp\/v2\/product_tag?post=82711"}],"curies":[{"name":"wp","href":"https:\/\/api.w.org\/{rel}","templated":true}]}}