{"id":81029,"date":"2024-01-30T10:58:35","date_gmt":"2024-01-30T10:58:35","guid":{"rendered":"https:\/\/activeluxe-cosmetics.com\/ba\/?post_type=product&#038;p=81029"},"modified":"2026-04-01T16:43:14","modified_gmt":"2026-04-01T14:43:14","slug":"fluid-za-njegu-umjetnih-trepavica","status":"publish","type":"product","link":"https:\/\/activeluxe-cosmetics.com\/ba\/izdelek\/fluid-za-njegu-umjetnih-trepavica\/","title":{"rendered":"Fluid za njegu trepavica sa ekstenzijama"},"content":{"rendered":"<p><img loading=\"lazy\" decoding=\"async\" class=\" wp-image-81820 alignright\" src=\"https:\/\/activeluxe-cosmetics.com\/ba\/wp-content\/uploads\/2024\/01\/Izdelek-brez-naslova-90-460x575.png\" alt=\"\" width=\"390\" height=\"488\" srcset=\"https:\/\/activeluxe-cosmetics.com\/ba\/wp-content\/uploads\/2024\/01\/Izdelek-brez-naslova-90-460x575.png 460w, https:\/\/activeluxe-cosmetics.com\/ba\/wp-content\/uploads\/2024\/01\/Izdelek-brez-naslova-90-819x1024.png 819w, https:\/\/activeluxe-cosmetics.com\/ba\/wp-content\/uploads\/2024\/01\/Izdelek-brez-naslova-90-768x960.png 768w, https:\/\/activeluxe-cosmetics.com\/ba\/wp-content\/uploads\/2024\/01\/Izdelek-brez-naslova-90-600x750.png 600w, https:\/\/activeluxe-cosmetics.com\/ba\/wp-content\/uploads\/2024\/01\/Izdelek-brez-naslova-90.png 1080w\" sizes=\"auto, (max-width: 390px) 100vw, 390px\" \/><\/p>\n<h2>Fluid za umjetne trepavice <strong>koji istovremeno \u0161titi prirodne<\/strong><\/h2>\n<p><span data-sheets-root=\"1\" data-sheets-value=\"{&quot;1&quot;:2,&quot;2&quot;:&quot;Active Luxe fluid za negu ve\u0161ta\u010dki nadogra\u0111enih trepavica hrani svaku pojedina\u010dnu prirodnu trepavicu iznutra, \u010dime \u010dini prirodne trepavice neuporedivo ja\u010dima i obezbe\u0111uje bolju podlogu za nano\u0161enje i no\u0161enje ve\u0161ta\u010dkih trepavica.\\r\\n&quot;}\" data-sheets-userformat=\"{&quot;2&quot;:641,&quot;3&quot;:{&quot;1&quot;:0},&quot;10&quot;:0,&quot;12&quot;:0}\">Active Fluid za njegu prirodnih trepavica sa umjetnim ekstenzijama <strong>dubinski njeguje svaku pojedina\u010dnu trepavicu<\/strong>, zbog \u010dega redovnim kori\u0161tenjem postaju zna\u010dajno <strong>ja\u010de<\/strong> i pru\u017eaju <strong>bolju potporu umjetnim trepavicama<\/strong>.<\/span><\/p>\n<div>Active Fluid za njegu prirodnih trepavica sa svojom revolucionarnom formulom, koja kombinuje klini\u010dki <strong>ispitane peptide<\/strong>, <strong>vitamine<\/strong> i <strong>hranljive biljne ekstrakte<\/strong>, hrani i ja\u010da prirodne trepavice i spre\u010dava njihovo prerano ispadanje.<\/div>\n<div><\/div>\n<div>Zadr\u017eava prirodne trepavice du\u017ee u folikulima dlake i ja\u010da ih. Prirodne trepavice su stoga ja\u010de i tako bolja podloga za ugradnju umjetnih trepavica. Metoda nadogradnje trepavica \u0107e tako biti mnogo <strong>efikasnija<\/strong> jer \u0107e va\u0161e prirodne trepavice biti <strong>oja\u010dane<\/strong> i pru\u017eiti <strong>bolju podlogu<\/strong> za umjetnu nadogradnju. Fluid tako\u0111e spre\u010dava ispadanje prirodnih trepavica, tako da \u0107ete mo\u0107i du\u017ee nositi umjetne ekstenzije.<\/div>\n<ul>\n<li><span data-sheets-root=\"1\" data-sheets-value=\"{&quot;1&quot;:2,&quot;2&quot;:&quot;Hrani i ja\u010da prirodne trepavice.&quot;}\" data-sheets-userformat=\"{&quot;2&quot;:4480,&quot;10&quot;:0,&quot;11&quot;:4,&quot;15&quot;:&quot;Arial&quot;}\"><strong>Hrani<\/strong> i <strong>ja\u010da<\/strong> prirodne trepavice.<\/span><\/li>\n<li><span data-sheets-root=\"1\" data-sheets-value=\"{&quot;1&quot;:2,&quot;2&quot;:&quot;Odr\u017eava elasti\u010dnost i zdrav izgled prirodnih trepavica.&quot;}\" data-sheets-userformat=\"{&quot;2&quot;:4480,&quot;10&quot;:0,&quot;11&quot;:4,&quot;15&quot;:&quot;Arial&quot;}\">Odr\u017eava <strong>elasti\u010dnost<\/strong> i <strong>zdrav<\/strong> <strong>izgled<\/strong> prirodnih trepavica.<\/span><\/li>\n<li><span data-sheets-root=\"1\" data-sheets-value=\"{&quot;1&quot;:2,&quot;2&quot;:&quot;Osigurava nu\u017eno potrebne hranjive tvari u folikulu dlake.&quot;}\" data-sheets-userformat=\"{&quot;2&quot;:4480,&quot;10&quot;:0,&quot;11&quot;:4,&quot;15&quot;:&quot;Arial&quot;}\">Obezbje\u0111uje potrebne <strong>hranljive sastojke<\/strong> u folikulu dlake.<\/span><\/li>\n<\/ul>\n<h2 style=\"text-align: center; clear: both;\"><\/h2>\n<p>&nbsp;<\/p>\n<p><img loading=\"lazy\" decoding=\"async\" class=\" wp-image-81823 alignleft\" src=\"https:\/\/activeluxe-cosmetics.com\/ba\/wp-content\/uploads\/2024\/01\/Izdelek-brez-naslova-89-460x575.png\" alt=\"\" width=\"390\" height=\"488\" srcset=\"https:\/\/activeluxe-cosmetics.com\/ba\/wp-content\/uploads\/2024\/01\/Izdelek-brez-naslova-89-460x575.png 460w, https:\/\/activeluxe-cosmetics.com\/ba\/wp-content\/uploads\/2024\/01\/Izdelek-brez-naslova-89-819x1024.png 819w, https:\/\/activeluxe-cosmetics.com\/ba\/wp-content\/uploads\/2024\/01\/Izdelek-brez-naslova-89-768x960.png 768w, https:\/\/activeluxe-cosmetics.com\/ba\/wp-content\/uploads\/2024\/01\/Izdelek-brez-naslova-89-600x750.png 600w, https:\/\/activeluxe-cosmetics.com\/ba\/wp-content\/uploads\/2024\/01\/Izdelek-brez-naslova-89.png 1080w\" sizes=\"auto, (max-width: 390px) 100vw, 390px\" \/><\/p>\n<h2><span data-sheets-root=\"1\" data-sheets-value=\"{&quot;1&quot;:2,&quot;2&quot;:&quot;U \u010demu je razlika izme\u0111u Active Luxelash seruma i Active Luxe fluida za negu nadogra\u0111enih trepavica? \\r\\n&quot;}\" data-sheets-userformat=\"{&quot;2&quot;:641,&quot;3&quot;:{&quot;1&quot;:0},&quot;10&quot;:0,&quot;12&quot;:0}\">Koja je razlika izme\u0111u<strong> Active Luxe seruma za rast trepavica <\/strong>i <strong>Active Luxe fluida za njegu trepavica sa ekstenzijama<\/strong>?<\/span><\/h2>\n<ul>\n<li>Active Lash serum<strong> djeluje na rast prirodnih trepavica<\/strong>. Njegovom redovnom upotrebom va\u0161e prirodne trepavice \u0107e se <strong>zgusnuti<\/strong>, <strong>uviti<\/strong> i dosti\u0107i toliku du\u017einu da na umjetne trepavice ne\u0107ete ni pomisliti. Ali mnogi ljudi \u0107e pomisliti da imate umjetne trepavice jer \u0107e va\u0161e biti tako duge i guste.<\/li>\n<li><strong style=\"color: #555555;\">Active Luxe Fluid<\/strong><span style=\"color: #555555;\"> namijenjen je svim \u017eenama <\/span><strong style=\"color: #555555;\">koje imaju produ\u017eene trepavice<\/strong><span style=\"color: #555555;\">. Fluid ne djeluje na rast kao Active Luxe serum, ve\u0107<\/span><strong style=\"color: #555555;\"> ja\u010da folikule dlaka trepavica<\/strong><span style=\"color: #555555;\"> koje su opu\u0161tene i o\u0161te\u0107ene zbog te\u017eine umjetnih trepavica. Odr\u017eava trepavice <\/span><strong style=\"color: #555555;\">zdravima<\/strong><span style=\"color: #555555;\"> i <\/span><strong style=\"color: #555555;\">jakima<\/strong><span style=\"color: #555555;\">.<\/span><\/li>\n<\/ul>\n<h2 style=\"text-align: center; clear: both;\"><\/h2>\n<h2><span data-sheets-root=\"1\" data-sheets-value=\"{&quot;1&quot;:2,&quot;2&quot;:&quot;Vodite ra\u010duna o svojim prirodnim trepavicama, \u010dak i dok nosite nadogradnju!&quot;}\" data-sheets-userformat=\"{&quot;2&quot;:641,&quot;3&quot;:{&quot;1&quot;:0},&quot;10&quot;:0,&quot;12&quot;:0}\"><img loading=\"lazy\" decoding=\"async\" class=\" wp-image-81824 alignright\" src=\"https:\/\/activeluxe-cosmetics.com\/ba\/wp-content\/uploads\/2024\/01\/Izdelek-brez-naslova-95-460x575.png\" alt=\"\" width=\"381\" height=\"477\" srcset=\"https:\/\/activeluxe-cosmetics.com\/ba\/wp-content\/uploads\/2024\/01\/Izdelek-brez-naslova-95-460x575.png 460w, https:\/\/activeluxe-cosmetics.com\/ba\/wp-content\/uploads\/2024\/01\/Izdelek-brez-naslova-95-819x1024.png 819w, https:\/\/activeluxe-cosmetics.com\/ba\/wp-content\/uploads\/2024\/01\/Izdelek-brez-naslova-95-768x960.png 768w, https:\/\/activeluxe-cosmetics.com\/ba\/wp-content\/uploads\/2024\/01\/Izdelek-brez-naslova-95-600x750.png 600w, https:\/\/activeluxe-cosmetics.com\/ba\/wp-content\/uploads\/2024\/01\/Izdelek-brez-naslova-95.png 1080w\" sizes=\"auto, (max-width: 381px) 100vw, 381px\" \/><br \/>\n<\/span><\/h2>\n<h2><strong>Njeguj svoje prirodne trepavice<\/strong> i dok nosi\u0161 ekstenzije!<\/h2>\n<div><\/div>\n<div>Ako ne \u017eelite uni\u0161titi svoje prirodne trepavice pod te\u017einom ekstenzija i efektom ljepila, onda je Active Fluid zaista pravi izbor za vas.<\/div>\n<div><\/div>\n<div><strong>Oja\u010dat \u0107e va\u0161e prirodne trepavice<\/strong>, koje \u0107e biti bolja podloga za umjetne ekstenzije. Ali kada skinete ekstenzije, va\u0161e prirodne trepavice \u0107e biti onakve kakve su bile prije aplikacije.<\/div>\n<div><\/div>\n<div>Fluid <strong>ne sadr\u017ei ulja<\/strong>,<strong> umjetne mirise<\/strong> i <strong>boje<\/strong>, pa je pogodan je \u010dak i za veoma osjetljive o\u010di. Ako se pravilno koristi, sadr\u017eaj bo\u010dice \u0107e trajati<strong> 6-8 sedmica<\/strong>.<\/div>\n<div><\/div>\n<div>Fluid preporu\u010dujemo svima koji koriste umjetne trepavice ili ekstenzije.<\/div>\n<div><\/div>\n<div>Prikladan je i za <strong>veoma<\/strong> <strong>osjetljive<\/strong> <strong>o\u010di<\/strong>.<\/div>\n<div style=\"display: flex; align-items: center; gap: 20px; flex-wrap: wrap;\">\n<p style=\"max-width: 360px;\">\n<\/div>\n","protected":false},"excerpt":{"rendered":"<p>Produ\u017eava trajnost umjetnih trepavica i istovremeno njeguje prirodne.<\/p>\n","protected":false},"featured_media":82130,"comment_status":"open","ping_status":"closed","template":"","meta":[],"product_brand":[],"product_cat":[48,76],"product_tag":[],"class_list":{"0":"post-81029","1":"product","2":"type-product","3":"status-publish","4":"has-post-thumbnail","6":"product_cat-trepavice","7":"product_cat-serumi","9":"first","10":"instock","11":"taxable","12":"shipping-taxable","13":"purchasable","14":"product-type-simple"},"bundled_by":[],"bundle_stock_status":"instock","bundle_stock_quantity":null,"bundle_virtual":false,"bundle_layout":"","bundle_add_to_cart_form_location":"","bundle_editable_in_cart":false,"bundle_sold_individually_context":"","bundle_item_grouping":"","bundle_min_size":"","bundle_max_size":"","bundled_items":[],"acf":[],"yoast_head":"<!-- This site is optimized with the Yoast SEO plugin v26.5 - https:\/\/yoast.com\/wordpress\/plugins\/seo\/ -->\n<title>Fluid za negu ve\u0161ta\u010dki nadogra\u0111enih trepavica - Active Luxe<\/title>\n<meta name=\"description\" content=\"Produ\u017eava \u017eivotni vek ve\u0161ta\u010dki nadogra\u0111enim trepavica dok ujedno neguje prirodne. Hrani i ja\u010da prirodne trepavice. Odr\u017eava elasti\u010dnost prirodnih trepavica.\" \/>\n<meta name=\"robots\" content=\"index, follow, max-snippet:-1, max-image-preview:large, max-video-preview:-1\" \/>\n<link rel=\"canonical\" href=\"https:\/\/activeluxe-cosmetics.com\/ba\/izdelek\/fluid-za-njegu-umjetnih-trepavica\/\" \/>\n<meta property=\"og:locale\" content=\"hr_HR\" \/>\n<meta property=\"og:type\" content=\"article\" \/>\n<meta property=\"og:title\" content=\"Fluid za negu ve\u0161ta\u010dki nadogra\u0111enih trepavica - Active Luxe\" \/>\n<meta property=\"og:description\" content=\"Produ\u017eava \u017eivotni vek ve\u0161ta\u010dki nadogra\u0111enim trepavica dok ujedno neguje prirodne. Hrani i ja\u010da prirodne trepavice. Odr\u017eava elasti\u010dnost prirodnih trepavica.\" \/>\n<meta property=\"og:url\" content=\"https:\/\/activeluxe-cosmetics.com\/ba\/izdelek\/fluid-za-njegu-umjetnih-trepavica\/\" \/>\n<meta property=\"og:site_name\" content=\"Active Luxe Cosmetics\" \/>\n<meta property=\"article:modified_time\" content=\"2026-04-01T14:43:14+00:00\" \/>\n<meta property=\"og:image\" content=\"https:\/\/activeluxe-cosmetics.com\/ba\/wp-content\/uploads\/2024\/01\/Fluid-2.jpg\" \/>\n\t<meta property=\"og:image:width\" content=\"783\" \/>\n\t<meta property=\"og:image:height\" content=\"995\" \/>\n\t<meta property=\"og:image:type\" content=\"image\/jpeg\" \/>\n<meta name=\"twitter:card\" content=\"summary_large_image\" \/>\n<meta name=\"twitter:label1\" content=\"Procijenjeno vrijeme \u010ditanja\" \/>\n\t<meta name=\"twitter:data1\" content=\"3 minute\" \/>\n<script type=\"application\/ld+json\" class=\"yoast-schema-graph\">{\"@context\":\"https:\/\/schema.org\",\"@graph\":[{\"@type\":\"WebPage\",\"@id\":\"https:\/\/activeluxe-cosmetics.com\/ba\/izdelek\/fluid-za-njegu-umjetnih-trepavica\/\",\"url\":\"https:\/\/activeluxe-cosmetics.com\/ba\/izdelek\/fluid-za-njegu-umjetnih-trepavica\/\",\"name\":\"Fluid za negu ve\u0161ta\u010dki nadogra\u0111enih trepavica - Active Luxe\",\"isPartOf\":{\"@id\":\"https:\/\/activeluxe-cosmetics.com\/ba\/#website\"},\"primaryImageOfPage\":{\"@id\":\"https:\/\/activeluxe-cosmetics.com\/ba\/izdelek\/fluid-za-njegu-umjetnih-trepavica\/#primaryimage\"},\"image\":{\"@id\":\"https:\/\/activeluxe-cosmetics.com\/ba\/izdelek\/fluid-za-njegu-umjetnih-trepavica\/#primaryimage\"},\"thumbnailUrl\":\"https:\/\/activeluxe-cosmetics.com\/ba\/wp-content\/uploads\/2024\/01\/Fluid-2.jpg\",\"datePublished\":\"2024-01-30T10:58:35+00:00\",\"dateModified\":\"2026-04-01T14:43:14+00:00\",\"description\":\"Produ\u017eava \u017eivotni vek ve\u0161ta\u010dki nadogra\u0111enim trepavica dok ujedno neguje prirodne. Hrani i ja\u010da prirodne trepavice. Odr\u017eava elasti\u010dnost prirodnih trepavica.\",\"breadcrumb\":{\"@id\":\"https:\/\/activeluxe-cosmetics.com\/ba\/izdelek\/fluid-za-njegu-umjetnih-trepavica\/#breadcrumb\"},\"inLanguage\":\"hr\",\"potentialAction\":[{\"@type\":\"ReadAction\",\"target\":[\"https:\/\/activeluxe-cosmetics.com\/ba\/izdelek\/fluid-za-njegu-umjetnih-trepavica\/\"]}]},{\"@type\":\"ImageObject\",\"inLanguage\":\"hr\",\"@id\":\"https:\/\/activeluxe-cosmetics.com\/ba\/izdelek\/fluid-za-njegu-umjetnih-trepavica\/#primaryimage\",\"url\":\"https:\/\/activeluxe-cosmetics.com\/ba\/wp-content\/uploads\/2024\/01\/Fluid-2.jpg\",\"contentUrl\":\"https:\/\/activeluxe-cosmetics.com\/ba\/wp-content\/uploads\/2024\/01\/Fluid-2.jpg\",\"width\":783,\"height\":995},{\"@type\":\"BreadcrumbList\",\"@id\":\"https:\/\/activeluxe-cosmetics.com\/ba\/izdelek\/fluid-za-njegu-umjetnih-trepavica\/#breadcrumb\",\"itemListElement\":[{\"@type\":\"ListItem\",\"position\":1,\"name\":\"Naslovnica\",\"item\":\"https:\/\/activeluxe-cosmetics.com\/ba\/\"},{\"@type\":\"ListItem\",\"position\":2,\"name\":\"Trgovina\",\"item\":\"https:\/\/activeluxe-cosmetics.com\/ba\/trgovina\/\"},{\"@type\":\"ListItem\",\"position\":3,\"name\":\"Fluid za njegu trepavica sa ekstenzijama\"}]},{\"@type\":\"WebSite\",\"@id\":\"https:\/\/activeluxe-cosmetics.com\/ba\/#website\",\"url\":\"https:\/\/activeluxe-cosmetics.com\/ba\/\",\"name\":\"Active Luxe Cosmetics\",\"description\":\"\",\"potentialAction\":[{\"@type\":\"SearchAction\",\"target\":{\"@type\":\"EntryPoint\",\"urlTemplate\":\"https:\/\/activeluxe-cosmetics.com\/ba\/?s={search_term_string}\"},\"query-input\":{\"@type\":\"PropertyValueSpecification\",\"valueRequired\":true,\"valueName\":\"search_term_string\"}}],\"inLanguage\":\"hr\"}]}<\/script>\n<!-- \/ Yoast SEO plugin. -->","yoast_head_json":{"title":"Fluid za negu ve\u0161ta\u010dki nadogra\u0111enih trepavica - Active Luxe","description":"Produ\u017eava \u017eivotni vek ve\u0161ta\u010dki nadogra\u0111enim trepavica dok ujedno neguje prirodne. Hrani i ja\u010da prirodne trepavice. Odr\u017eava elasti\u010dnost prirodnih trepavica.","robots":{"index":"index","follow":"follow","max-snippet":"max-snippet:-1","max-image-preview":"max-image-preview:large","max-video-preview":"max-video-preview:-1"},"canonical":"https:\/\/activeluxe-cosmetics.com\/ba\/izdelek\/fluid-za-njegu-umjetnih-trepavica\/","og_locale":"hr_HR","og_type":"article","og_title":"Fluid za negu ve\u0161ta\u010dki nadogra\u0111enih trepavica - Active Luxe","og_description":"Produ\u017eava \u017eivotni vek ve\u0161ta\u010dki nadogra\u0111enim trepavica dok ujedno neguje prirodne. Hrani i ja\u010da prirodne trepavice. Odr\u017eava elasti\u010dnost prirodnih trepavica.","og_url":"https:\/\/activeluxe-cosmetics.com\/ba\/izdelek\/fluid-za-njegu-umjetnih-trepavica\/","og_site_name":"Active Luxe Cosmetics","article_modified_time":"2026-04-01T14:43:14+00:00","og_image":[{"width":783,"height":995,"url":"https:\/\/activeluxe-cosmetics.com\/ba\/wp-content\/uploads\/2024\/01\/Fluid-2.jpg","type":"image\/jpeg"}],"twitter_card":"summary_large_image","twitter_misc":{"Procijenjeno vrijeme \u010ditanja":"3 minute"},"schema":{"@context":"https:\/\/schema.org","@graph":[{"@type":"WebPage","@id":"https:\/\/activeluxe-cosmetics.com\/ba\/izdelek\/fluid-za-njegu-umjetnih-trepavica\/","url":"https:\/\/activeluxe-cosmetics.com\/ba\/izdelek\/fluid-za-njegu-umjetnih-trepavica\/","name":"Fluid za negu ve\u0161ta\u010dki nadogra\u0111enih trepavica - Active Luxe","isPartOf":{"@id":"https:\/\/activeluxe-cosmetics.com\/ba\/#website"},"primaryImageOfPage":{"@id":"https:\/\/activeluxe-cosmetics.com\/ba\/izdelek\/fluid-za-njegu-umjetnih-trepavica\/#primaryimage"},"image":{"@id":"https:\/\/activeluxe-cosmetics.com\/ba\/izdelek\/fluid-za-njegu-umjetnih-trepavica\/#primaryimage"},"thumbnailUrl":"https:\/\/activeluxe-cosmetics.com\/ba\/wp-content\/uploads\/2024\/01\/Fluid-2.jpg","datePublished":"2024-01-30T10:58:35+00:00","dateModified":"2026-04-01T14:43:14+00:00","description":"Produ\u017eava \u017eivotni vek ve\u0161ta\u010dki nadogra\u0111enim trepavica dok ujedno neguje prirodne. Hrani i ja\u010da prirodne trepavice. Odr\u017eava elasti\u010dnost prirodnih trepavica.","breadcrumb":{"@id":"https:\/\/activeluxe-cosmetics.com\/ba\/izdelek\/fluid-za-njegu-umjetnih-trepavica\/#breadcrumb"},"inLanguage":"hr","potentialAction":[{"@type":"ReadAction","target":["https:\/\/activeluxe-cosmetics.com\/ba\/izdelek\/fluid-za-njegu-umjetnih-trepavica\/"]}]},{"@type":"ImageObject","inLanguage":"hr","@id":"https:\/\/activeluxe-cosmetics.com\/ba\/izdelek\/fluid-za-njegu-umjetnih-trepavica\/#primaryimage","url":"https:\/\/activeluxe-cosmetics.com\/ba\/wp-content\/uploads\/2024\/01\/Fluid-2.jpg","contentUrl":"https:\/\/activeluxe-cosmetics.com\/ba\/wp-content\/uploads\/2024\/01\/Fluid-2.jpg","width":783,"height":995},{"@type":"BreadcrumbList","@id":"https:\/\/activeluxe-cosmetics.com\/ba\/izdelek\/fluid-za-njegu-umjetnih-trepavica\/#breadcrumb","itemListElement":[{"@type":"ListItem","position":1,"name":"Naslovnica","item":"https:\/\/activeluxe-cosmetics.com\/ba\/"},{"@type":"ListItem","position":2,"name":"Trgovina","item":"https:\/\/activeluxe-cosmetics.com\/ba\/trgovina\/"},{"@type":"ListItem","position":3,"name":"Fluid za njegu trepavica sa ekstenzijama"}]},{"@type":"WebSite","@id":"https:\/\/activeluxe-cosmetics.com\/ba\/#website","url":"https:\/\/activeluxe-cosmetics.com\/ba\/","name":"Active Luxe Cosmetics","description":"","potentialAction":[{"@type":"SearchAction","target":{"@type":"EntryPoint","urlTemplate":"https:\/\/activeluxe-cosmetics.com\/ba\/?s={search_term_string}"},"query-input":{"@type":"PropertyValueSpecification","valueRequired":true,"valueName":"search_term_string"}}],"inLanguage":"hr"}]}},"_links":{"self":[{"href":"https:\/\/activeluxe-cosmetics.com\/ba\/wp-json\/wp\/v2\/product\/81029","targetHints":{"allow":["GET"]}}],"collection":[{"href":"https:\/\/activeluxe-cosmetics.com\/ba\/wp-json\/wp\/v2\/product"}],"about":[{"href":"https:\/\/activeluxe-cosmetics.com\/ba\/wp-json\/wp\/v2\/types\/product"}],"replies":[{"embeddable":true,"href":"https:\/\/activeluxe-cosmetics.com\/ba\/wp-json\/wp\/v2\/comments?post=81029"}],"wp:featuredmedia":[{"embeddable":true,"href":"https:\/\/activeluxe-cosmetics.com\/ba\/wp-json\/wp\/v2\/media\/82130"}],"wp:attachment":[{"href":"https:\/\/activeluxe-cosmetics.com\/ba\/wp-json\/wp\/v2\/media?parent=81029"}],"wp:term":[{"taxonomy":"product_brand","embeddable":true,"href":"https:\/\/activeluxe-cosmetics.com\/ba\/wp-json\/wp\/v2\/product_brand?post=81029"},{"taxonomy":"product_cat","embeddable":true,"href":"https:\/\/activeluxe-cosmetics.com\/ba\/wp-json\/wp\/v2\/product_cat?post=81029"},{"taxonomy":"product_tag","embeddable":true,"href":"https:\/\/activeluxe-cosmetics.com\/ba\/wp-json\/wp\/v2\/product_tag?post=81029"}],"curies":[{"name":"wp","href":"https:\/\/api.w.org\/{rel}","templated":true}]}}