{"id":72444,"date":"2024-01-10T15:21:29","date_gmt":"2024-01-10T14:21:29","guid":{"rendered":"https:\/\/activeluxe-cosmetics.com\/ba\/?post_type=product&#038;p=72444"},"modified":"2026-04-01T16:45:22","modified_gmt":"2026-04-01T14:45:22","slug":"infinity-lash-maskara","status":"publish","type":"product","link":"https:\/\/activeluxe-cosmetics.com\/ba\/izdelek\/infinity-lash-maskara\/","title":{"rendered":"Infinity Lash maskara"},"content":{"rendered":"<p><img loading=\"lazy\" decoding=\"async\" class=\"size-medium wp-image-81081 alignright\" src=\"https:\/\/activeluxe-cosmetics.com\/ba\/wp-content\/uploads\/2024\/01\/Maskara-460x593.jpg\" alt=\"\" width=\"460\" height=\"593\" srcset=\"https:\/\/activeluxe-cosmetics.com\/ba\/wp-content\/uploads\/2024\/01\/Maskara-460x593.jpg 460w, https:\/\/activeluxe-cosmetics.com\/ba\/wp-content\/uploads\/2024\/01\/Maskara.jpg 572w\" sizes=\"auto, (max-width: 460px) 100vw, 460px\" \/><\/p>\n<h2><span data-sheets-root=\"1\" data-sheets-value=\"{&quot;1&quot;:2,&quot;2&quot;:&quot;Tvoje o\u010di zaslu\u017euju beskona\u010dno dobru maskaru&quot;}\" data-sheets-userformat=\"{&quot;2&quot;:21377,&quot;3&quot;:{&quot;1&quot;:0},&quot;10&quot;:2,&quot;11&quot;:4,&quot;12&quot;:0,&quot;15&quot;:&quot;Arial&quot;,&quot;17&quot;:1}\">Tvoje o\u010di zaslu\u017euju <strong>beskona\u010dno dobru maskaru<\/strong><\/span><\/h2>\n<p><strong>Active Luxe Infinity Lash maskara<\/strong> donosi pravo osvje\u017eenje na na\u0161e online police \u2013 kako svojim izgledom, tako i formulom!<\/p>\n<p><strong>Jedinstvena hranjiva formula<\/strong> ne\u0107e samo dramati\u010dno istaknuti tvoje trepavice, ve\u0107 \u0107e ih <strong>dubinski njegovati<\/strong>.<\/p>\n<p>Maskara je bogata <strong>peptidima<\/strong> i <strong>aminokiselinama<\/strong> koje pru\u017eaju savr\u0161enu njegu za trepavice.<\/p>\n<p>Infinity Lash maskara ostaje na tvojim trepavicama <strong>cijeli dan<\/strong>, <strong>bez ljepljenja<\/strong> i <strong>preslikavanja<\/strong> na ko\u017eu oko o\u010diju. Izuzetno mekana i kremasta tekstura ne\u0107e se stvrdnuti ni nakon 24 sata!<\/p>\n<ul>\n<li>Dramati\u010dan volumen i du\u017eina<\/li>\n<li>Dugotrajna formula koja traje 24 sata<\/li>\n<li>Kremasta tekstura sprje\u010dava stvrdnjavanje, isu\u0161ivanje i preslikavanje maskare na kapke.<\/li>\n<li>Inovativna tekstura i savr\u0161ena \u010detkica su sve \u0161to ti treba za svje\u017e, odmoran i otvoren pogled.<\/li>\n<\/ul>\n<h2 style=\"text-align: center; clear: both;\"><\/h2>\n<h2><span data-sheets-root=\"1\" data-sheets-value=\"{&quot;1&quot;:2,&quot;2&quot;:&quot;Fina struktura na tvojim trepavicama koja ih produ\u017euje i otvara&quot;}\" data-sheets-userformat=\"{&quot;2&quot;:20864,&quot;10&quot;:2,&quot;11&quot;:4,&quot;15&quot;:&quot;Arial&quot;,&quot;17&quot;:1}\"><img loading=\"lazy\" decoding=\"async\" class=\"size-medium wp-image-81984 alignleft\" src=\"https:\/\/activeluxe-cosmetics.com\/ba\/wp-content\/uploads\/2024\/01\/infinity_lash_1-819x1024-1-460x575.png\" alt=\"\" width=\"460\" height=\"575\" srcset=\"https:\/\/activeluxe-cosmetics.com\/ba\/wp-content\/uploads\/2024\/01\/infinity_lash_1-819x1024-1-460x575.png 460w, https:\/\/activeluxe-cosmetics.com\/ba\/wp-content\/uploads\/2024\/01\/infinity_lash_1-819x1024-1-768x960.png 768w, https:\/\/activeluxe-cosmetics.com\/ba\/wp-content\/uploads\/2024\/01\/infinity_lash_1-819x1024-1-600x750.png 600w, https:\/\/activeluxe-cosmetics.com\/ba\/wp-content\/uploads\/2024\/01\/infinity_lash_1-819x1024-1.png 819w\" sizes=\"auto, (max-width: 460px) 100vw, 460px\" \/>Jesi li spremna za <strong>potpunu transformaciju svojih trepavica<\/strong>?<br \/>\n<\/span><\/h2>\n<p><strong>Mehkost<\/strong>, <strong>fleksibilnost<\/strong> i <strong>nje\u017enost na o\u010dima<\/strong> \u2013 to smo ti \u017eeljeli pru\u017eiti prilikom stvaranja ove jedinstvene formule. I uspjeli smo! Kreirali smo <strong>izuzetno laganu formulu<\/strong> \u2013 \u010dak ni nekoliko slojeva maskare ne\u0107e ote\u017eati tvoje trepavice. Ultra kremasta formula izdr\u017eat \u0107e sve aktivnosti, emocije i napore.<\/p>\n<ul>\n<li>Dramati\u010dan volumen i du\u017eina<\/li>\n<li>Nevjerovatno meke i fleksibilne trepavice koje se ne lijepe<\/li>\n<li>Dugotrajna formula koja traje 24 sata<\/li>\n<li>Kremasta tekstura koja odr\u017eava trepavice elasti\u010dnim, ne stvrdnjava se i ne stvara grudvice<\/li>\n<li>\u010cetkica u obliku pje\u0161\u010danog sata koja otvara pogled<\/li>\n<li>Formula koja se ne preslikava na kapke ili podru\u010dje ispod o\u010diju<\/li>\n<li>\u010cetkica u obliku pje\u0161\u010danog sata dose\u017ee i trepavice u vanjskom i unutarnjem kutu oka, koje su ina\u010de te\u017ee dostupne, te ih podi\u017ee i otvara.<\/li>\n<li>\u010cetkica obuhvata sve trepavice, \u010dak i one najkra\u0107e, i daje im volumen.<\/li>\n<\/ul>\n<h2 style=\"text-align: center; clear: both;\"><\/h2>\n<h2><img loading=\"lazy\" decoding=\"async\" class=\" wp-image-81985 alignright\" src=\"https:\/\/activeluxe-cosmetics.com\/ba\/wp-content\/uploads\/2024\/01\/infinty_lash_2-819x1024-1-460x575.png\" alt=\"\" width=\"420\" height=\"525\" srcset=\"https:\/\/activeluxe-cosmetics.com\/ba\/wp-content\/uploads\/2024\/01\/infinty_lash_2-819x1024-1-460x575.png 460w, https:\/\/activeluxe-cosmetics.com\/ba\/wp-content\/uploads\/2024\/01\/infinty_lash_2-819x1024-1-768x960.png 768w, https:\/\/activeluxe-cosmetics.com\/ba\/wp-content\/uploads\/2024\/01\/infinty_lash_2-819x1024-1-600x750.png 600w, https:\/\/activeluxe-cosmetics.com\/ba\/wp-content\/uploads\/2024\/01\/infinty_lash_2-819x1024-1.png 819w\" sizes=\"auto, (max-width: 420px) 100vw, 420px\" \/>3 u 1: <strong>uvijenost, lagani volumen i beskona\u010dna du\u017eina<\/strong><\/h2>\n<p>Da, Infinity Lash maskara \u0107e tvoje trepavice:<\/p>\n<ul>\n<li>uviti,<\/li>\n<li>produ\u017eiti i<\/li>\n<li>zgusnuti!<\/li>\n<\/ul>\n<p>Ako preferira\u0161 suptilno nagla\u0161ene o\u010di, <strong>dovoljan je<\/strong> <strong>jedan sloj maskare<\/strong>, ali ako \u017eeli\u0161 posti\u0107i dramati\u010dan izgled i odva\u017eniji stil, nanesi dva ili tri sloja, jer formula omogu\u0107ava lako nadogra\u0111ivanje.<\/p>\n<p>Jedan sloj, dva ili tri \u2013 s Infinity Lash maskarom tvoje trepavice sigurno ne\u0107e ostati neprimije\u0107ene!<\/p>\n<p>Active Luxe Infinity Lash maskara <strong>pravo je osvje\u017eenje u svijetu kozmetike<\/strong>. Inovativna tekstura i savr\u0161ena \u010detkica su sve \u0161to ti treba za <strong>svje\u017e<\/strong>, <strong>odmoran<\/strong> i <strong>otvoren pogled<\/strong>.<\/p>\n<div style=\"display: flex; align-items: center; gap: 20px; flex-wrap: wrap;\">\n<p style=\"max-width: 360px;\">\n<\/div>\n","protected":false},"excerpt":{"rendered":"<p><span data-sheets-root=\"1\" data-sheets-value=\"{&quot;1&quot;:2,&quot;2&quot;:&quot;Prva maskara u obliku znaka beskona\u010dnosti. Za beskona\u010dno duge trepavice.&quot;}\" data-sheets-userformat=\"{&quot;2&quot;:4993,&quot;3&quot;:{&quot;1&quot;:0},&quot;10&quot;:2,&quot;11&quot;:4,&quot;12&quot;:0,&quot;15&quot;:&quot;Arial&quot;}\">Prva maskara u obliku znaka beskona\u010dnosti. Za beskona\u010dno duge trepavice.<\/span><\/p>\n","protected":false},"featured_media":80600,"comment_status":"open","ping_status":"closed","template":"","meta":[],"product_brand":[],"product_cat":[48,77],"product_tag":[],"class_list":{"0":"post-72444","1":"product","2":"type-product","3":"status-publish","4":"has-post-thumbnail","6":"product_cat-trepavice","7":"product_cat-makeup","9":"first","10":"instock","11":"taxable","12":"shipping-taxable","13":"purchasable","14":"product-type-simple"},"bundled_by":[],"bundle_stock_status":"instock","bundle_stock_quantity":null,"bundle_virtual":false,"bundle_layout":"","bundle_add_to_cart_form_location":"","bundle_editable_in_cart":false,"bundle_sold_individually_context":"","bundle_item_grouping":"","bundle_min_size":"","bundle_max_size":"","bundled_items":[],"acf":[],"yoast_head":"<!-- This site is optimized with the Yoast SEO plugin v26.5 - https:\/\/yoast.com\/wordpress\/plugins\/seo\/ -->\n<title>Lash lift maskara za duge i uvijene trepavice - Active Luxe<\/title>\n<meta name=\"description\" content=\"Maskara koja uvija svaku trepavicu i stvara otvoren i svje\u017e pogled. Posebna \u010detkica s vlaknima u\u010dinit \u0107e lash lift efekt u trenu.\" \/>\n<meta name=\"robots\" content=\"index, follow, max-snippet:-1, max-image-preview:large, max-video-preview:-1\" \/>\n<link rel=\"canonical\" href=\"https:\/\/activeluxe-cosmetics.com\/ba\/izdelek\/infinity-lash-maskara\/\" \/>\n<meta property=\"og:locale\" content=\"hr_HR\" \/>\n<meta property=\"og:type\" content=\"article\" \/>\n<meta property=\"og:title\" content=\"Lash lift maskara za duge i uvijene trepavice - Active Luxe\" \/>\n<meta property=\"og:description\" content=\"Maskara koja uvija svaku trepavicu i stvara otvoren i svje\u017e pogled. Posebna \u010detkica s vlaknima u\u010dinit \u0107e lash lift efekt u trenu.\" \/>\n<meta property=\"og:url\" content=\"https:\/\/activeluxe-cosmetics.com\/ba\/izdelek\/infinity-lash-maskara\/\" \/>\n<meta property=\"og:site_name\" content=\"Active Luxe Cosmetics\" \/>\n<meta property=\"article:modified_time\" content=\"2026-04-01T14:45:22+00:00\" \/>\n<meta property=\"og:image\" content=\"https:\/\/activeluxe-cosmetics.com\/ba\/wp-content\/uploads\/2024\/01\/Infinity-Lash-maskara.jpg\" \/>\n\t<meta property=\"og:image:width\" content=\"522\" \/>\n\t<meta property=\"og:image:height\" content=\"663\" \/>\n\t<meta property=\"og:image:type\" content=\"image\/jpeg\" \/>\n<meta name=\"twitter:card\" content=\"summary_large_image\" \/>\n<meta name=\"twitter:label1\" content=\"Procijenjeno vrijeme \u010ditanja\" \/>\n\t<meta name=\"twitter:data1\" content=\"3 minute\" \/>\n<script type=\"application\/ld+json\" class=\"yoast-schema-graph\">{\"@context\":\"https:\/\/schema.org\",\"@graph\":[{\"@type\":\"WebPage\",\"@id\":\"https:\/\/activeluxe-cosmetics.com\/ba\/izdelek\/infinity-lash-maskara\/\",\"url\":\"https:\/\/activeluxe-cosmetics.com\/ba\/izdelek\/infinity-lash-maskara\/\",\"name\":\"Lash lift maskara za duge i uvijene trepavice - Active Luxe\",\"isPartOf\":{\"@id\":\"https:\/\/activeluxe-cosmetics.com\/ba\/#website\"},\"primaryImageOfPage\":{\"@id\":\"https:\/\/activeluxe-cosmetics.com\/ba\/izdelek\/infinity-lash-maskara\/#primaryimage\"},\"image\":{\"@id\":\"https:\/\/activeluxe-cosmetics.com\/ba\/izdelek\/infinity-lash-maskara\/#primaryimage\"},\"thumbnailUrl\":\"https:\/\/activeluxe-cosmetics.com\/ba\/wp-content\/uploads\/2024\/01\/Infinity-Lash-maskara.jpg\",\"datePublished\":\"2024-01-10T14:21:29+00:00\",\"dateModified\":\"2026-04-01T14:45:22+00:00\",\"description\":\"Maskara koja uvija svaku trepavicu i stvara otvoren i svje\u017e pogled. Posebna \u010detkica s vlaknima u\u010dinit \u0107e lash lift efekt u trenu.\",\"breadcrumb\":{\"@id\":\"https:\/\/activeluxe-cosmetics.com\/ba\/izdelek\/infinity-lash-maskara\/#breadcrumb\"},\"inLanguage\":\"hr\",\"potentialAction\":[{\"@type\":\"ReadAction\",\"target\":[\"https:\/\/activeluxe-cosmetics.com\/ba\/izdelek\/infinity-lash-maskara\/\"]}]},{\"@type\":\"ImageObject\",\"inLanguage\":\"hr\",\"@id\":\"https:\/\/activeluxe-cosmetics.com\/ba\/izdelek\/infinity-lash-maskara\/#primaryimage\",\"url\":\"https:\/\/activeluxe-cosmetics.com\/ba\/wp-content\/uploads\/2024\/01\/Infinity-Lash-maskara.jpg\",\"contentUrl\":\"https:\/\/activeluxe-cosmetics.com\/ba\/wp-content\/uploads\/2024\/01\/Infinity-Lash-maskara.jpg\",\"width\":522,\"height\":663},{\"@type\":\"BreadcrumbList\",\"@id\":\"https:\/\/activeluxe-cosmetics.com\/ba\/izdelek\/infinity-lash-maskara\/#breadcrumb\",\"itemListElement\":[{\"@type\":\"ListItem\",\"position\":1,\"name\":\"Naslovnica\",\"item\":\"https:\/\/activeluxe-cosmetics.com\/ba\/\"},{\"@type\":\"ListItem\",\"position\":2,\"name\":\"Trgovina\",\"item\":\"https:\/\/activeluxe-cosmetics.com\/ba\/trgovina\/\"},{\"@type\":\"ListItem\",\"position\":3,\"name\":\"Infinity Lash maskara\"}]},{\"@type\":\"WebSite\",\"@id\":\"https:\/\/activeluxe-cosmetics.com\/ba\/#website\",\"url\":\"https:\/\/activeluxe-cosmetics.com\/ba\/\",\"name\":\"Active Luxe Cosmetics\",\"description\":\"\",\"potentialAction\":[{\"@type\":\"SearchAction\",\"target\":{\"@type\":\"EntryPoint\",\"urlTemplate\":\"https:\/\/activeluxe-cosmetics.com\/ba\/?s={search_term_string}\"},\"query-input\":{\"@type\":\"PropertyValueSpecification\",\"valueRequired\":true,\"valueName\":\"search_term_string\"}}],\"inLanguage\":\"hr\"}]}<\/script>\n<!-- \/ Yoast SEO plugin. -->","yoast_head_json":{"title":"Lash lift maskara za duge i uvijene trepavice - Active Luxe","description":"Maskara koja uvija svaku trepavicu i stvara otvoren i svje\u017e pogled. Posebna \u010detkica s vlaknima u\u010dinit \u0107e lash lift efekt u trenu.","robots":{"index":"index","follow":"follow","max-snippet":"max-snippet:-1","max-image-preview":"max-image-preview:large","max-video-preview":"max-video-preview:-1"},"canonical":"https:\/\/activeluxe-cosmetics.com\/ba\/izdelek\/infinity-lash-maskara\/","og_locale":"hr_HR","og_type":"article","og_title":"Lash lift maskara za duge i uvijene trepavice - Active Luxe","og_description":"Maskara koja uvija svaku trepavicu i stvara otvoren i svje\u017e pogled. Posebna \u010detkica s vlaknima u\u010dinit \u0107e lash lift efekt u trenu.","og_url":"https:\/\/activeluxe-cosmetics.com\/ba\/izdelek\/infinity-lash-maskara\/","og_site_name":"Active Luxe Cosmetics","article_modified_time":"2026-04-01T14:45:22+00:00","og_image":[{"width":522,"height":663,"url":"https:\/\/activeluxe-cosmetics.com\/ba\/wp-content\/uploads\/2024\/01\/Infinity-Lash-maskara.jpg","type":"image\/jpeg"}],"twitter_card":"summary_large_image","twitter_misc":{"Procijenjeno vrijeme \u010ditanja":"3 minute"},"schema":{"@context":"https:\/\/schema.org","@graph":[{"@type":"WebPage","@id":"https:\/\/activeluxe-cosmetics.com\/ba\/izdelek\/infinity-lash-maskara\/","url":"https:\/\/activeluxe-cosmetics.com\/ba\/izdelek\/infinity-lash-maskara\/","name":"Lash lift maskara za duge i uvijene trepavice - Active Luxe","isPartOf":{"@id":"https:\/\/activeluxe-cosmetics.com\/ba\/#website"},"primaryImageOfPage":{"@id":"https:\/\/activeluxe-cosmetics.com\/ba\/izdelek\/infinity-lash-maskara\/#primaryimage"},"image":{"@id":"https:\/\/activeluxe-cosmetics.com\/ba\/izdelek\/infinity-lash-maskara\/#primaryimage"},"thumbnailUrl":"https:\/\/activeluxe-cosmetics.com\/ba\/wp-content\/uploads\/2024\/01\/Infinity-Lash-maskara.jpg","datePublished":"2024-01-10T14:21:29+00:00","dateModified":"2026-04-01T14:45:22+00:00","description":"Maskara koja uvija svaku trepavicu i stvara otvoren i svje\u017e pogled. Posebna \u010detkica s vlaknima u\u010dinit \u0107e lash lift efekt u trenu.","breadcrumb":{"@id":"https:\/\/activeluxe-cosmetics.com\/ba\/izdelek\/infinity-lash-maskara\/#breadcrumb"},"inLanguage":"hr","potentialAction":[{"@type":"ReadAction","target":["https:\/\/activeluxe-cosmetics.com\/ba\/izdelek\/infinity-lash-maskara\/"]}]},{"@type":"ImageObject","inLanguage":"hr","@id":"https:\/\/activeluxe-cosmetics.com\/ba\/izdelek\/infinity-lash-maskara\/#primaryimage","url":"https:\/\/activeluxe-cosmetics.com\/ba\/wp-content\/uploads\/2024\/01\/Infinity-Lash-maskara.jpg","contentUrl":"https:\/\/activeluxe-cosmetics.com\/ba\/wp-content\/uploads\/2024\/01\/Infinity-Lash-maskara.jpg","width":522,"height":663},{"@type":"BreadcrumbList","@id":"https:\/\/activeluxe-cosmetics.com\/ba\/izdelek\/infinity-lash-maskara\/#breadcrumb","itemListElement":[{"@type":"ListItem","position":1,"name":"Naslovnica","item":"https:\/\/activeluxe-cosmetics.com\/ba\/"},{"@type":"ListItem","position":2,"name":"Trgovina","item":"https:\/\/activeluxe-cosmetics.com\/ba\/trgovina\/"},{"@type":"ListItem","position":3,"name":"Infinity Lash maskara"}]},{"@type":"WebSite","@id":"https:\/\/activeluxe-cosmetics.com\/ba\/#website","url":"https:\/\/activeluxe-cosmetics.com\/ba\/","name":"Active Luxe Cosmetics","description":"","potentialAction":[{"@type":"SearchAction","target":{"@type":"EntryPoint","urlTemplate":"https:\/\/activeluxe-cosmetics.com\/ba\/?s={search_term_string}"},"query-input":{"@type":"PropertyValueSpecification","valueRequired":true,"valueName":"search_term_string"}}],"inLanguage":"hr"}]}},"_links":{"self":[{"href":"https:\/\/activeluxe-cosmetics.com\/ba\/wp-json\/wp\/v2\/product\/72444","targetHints":{"allow":["GET"]}}],"collection":[{"href":"https:\/\/activeluxe-cosmetics.com\/ba\/wp-json\/wp\/v2\/product"}],"about":[{"href":"https:\/\/activeluxe-cosmetics.com\/ba\/wp-json\/wp\/v2\/types\/product"}],"replies":[{"embeddable":true,"href":"https:\/\/activeluxe-cosmetics.com\/ba\/wp-json\/wp\/v2\/comments?post=72444"}],"wp:featuredmedia":[{"embeddable":true,"href":"https:\/\/activeluxe-cosmetics.com\/ba\/wp-json\/wp\/v2\/media\/80600"}],"wp:attachment":[{"href":"https:\/\/activeluxe-cosmetics.com\/ba\/wp-json\/wp\/v2\/media?parent=72444"}],"wp:term":[{"taxonomy":"product_brand","embeddable":true,"href":"https:\/\/activeluxe-cosmetics.com\/ba\/wp-json\/wp\/v2\/product_brand?post=72444"},{"taxonomy":"product_cat","embeddable":true,"href":"https:\/\/activeluxe-cosmetics.com\/ba\/wp-json\/wp\/v2\/product_cat?post=72444"},{"taxonomy":"product_tag","embeddable":true,"href":"https:\/\/activeluxe-cosmetics.com\/ba\/wp-json\/wp\/v2\/product_tag?post=72444"}],"curies":[{"name":"wp","href":"https:\/\/api.w.org\/{rel}","templated":true}]}}