{"id":72188,"date":"2024-01-10T15:17:54","date_gmt":"2024-01-10T14:17:54","guid":{"rendered":"https:\/\/activeluxe-cosmetics.com\/ba\/?post_type=product&#038;p=72188"},"modified":"2026-04-03T22:42:47","modified_gmt":"2026-04-03T20:42:47","slug":"serum-za-prirodni-rast-obrva","status":"publish","type":"product","link":"https:\/\/activeluxe-cosmetics.com\/ba\/izdelek\/serum-za-prirodni-rast-obrva\/","title":{"rendered":"Serum za rast obrva"},"content":{"rendered":"<p><img loading=\"lazy\" decoding=\"async\" class=\" wp-image-82424 alignright\" src=\"https:\/\/activeluxe-cosmetics.com\/ba\/wp-content\/uploads\/2024\/01\/brow-serum-460x575.png\" alt=\"\" width=\"403\" height=\"504\" srcset=\"https:\/\/activeluxe-cosmetics.com\/ba\/wp-content\/uploads\/2024\/01\/brow-serum-460x575.png 460w, https:\/\/activeluxe-cosmetics.com\/ba\/wp-content\/uploads\/2024\/01\/brow-serum-819x1024.png 819w, https:\/\/activeluxe-cosmetics.com\/ba\/wp-content\/uploads\/2024\/01\/brow-serum-768x960.png 768w, https:\/\/activeluxe-cosmetics.com\/ba\/wp-content\/uploads\/2024\/01\/brow-serum-600x750.png 600w, https:\/\/activeluxe-cosmetics.com\/ba\/wp-content\/uploads\/2024\/01\/brow-serum.png 1080w\" sizes=\"auto, (max-width: 403px) 100vw, 403px\" \/><\/p>\n<h2>Serum za obrve koje su <strong>okvir<\/strong> <strong>na\u0161eg<\/strong> <strong>lica<\/strong><\/h2>\n<p>Niste zadovoljni oblikom svojih obrva? Da li imate tanke, svijetle, prepune ili slabo vidljive obrve? Recite zbogom dugotrajnom svakodnevnom iscrtavanju obrva i koristite Active Luxe Brow serum za prirodan rast i njegu obrva.<\/p>\n<p>Struktura obrva se razlikuje od strukture trepavica, pa je veoma va\u017eno izabrati serum u kojem su aktivni sastojci posebno izabrani za ja\u010danje va\u0161ih obrva, koje po\u010dinje ve\u0107 u dubini folikula dlake. Active Luxe Brow serum za rast obrva je prvi serum na na\u0161em tr\u017ei\u0161tu koji je namijenjen<strong> isklju\u010divo za njegu i rast obrva<\/strong> i dokazano je efikasan.<\/p>\n<ul>\n<li><span data-sheets-root=\"1\" data-sheets-value=\"{&quot;1&quot;:2,&quot;2&quot;:&quot;Potsti\u010de rast prirodnih obrva.&quot;}\" data-sheets-userformat=\"{&quot;2&quot;:897,&quot;3&quot;:{&quot;1&quot;:0},&quot;10&quot;:0,&quot;11&quot;:4,&quot;12&quot;:0}\">Stimuli\u0161e rast <strong>prirodnih<\/strong> <strong>obrva<\/strong>.<\/span><\/li>\n<li><span data-sheets-root=\"1\" data-sheets-value=\"{&quot;1&quot;:2,&quot;2&quot;:&quot;Ja\u010da slabe obrve&quot;}\" data-sheets-userformat=\"{&quot;2&quot;:4993,&quot;3&quot;:{&quot;1&quot;:0},&quot;10&quot;:0,&quot;11&quot;:4,&quot;12&quot;:0,&quot;15&quot;:&quot;Arial&quot;}\"><strong>Ja\u010da<\/strong> slabe obrve<\/span><\/li>\n<li><span data-sheets-root=\"1\" data-sheets-value=\"{&quot;1&quot;:2,&quot;2&quot;:&quot;Spre\u010dava lomljenje i opadanje obrva.&quot;}\" data-sheets-userformat=\"{&quot;2&quot;:897,&quot;3&quot;:{&quot;1&quot;:0},&quot;10&quot;:0,&quot;11&quot;:4,&quot;12&quot;:0}\"><strong>Sprje\u010dava<\/strong> lomljenje i opadanje obrva.<\/span><\/li>\n<li><span data-sheets-root=\"1\" data-sheets-value=\"{&quot;1&quot;:2,&quot;2&quot;:&quot;Odr\u017eava elasti\u010dnost obrva i daje im zdrav i sjajan izgled.&quot;}\" data-sheets-userformat=\"{&quot;2&quot;:897,&quot;3&quot;:{&quot;1&quot;:0},&quot;10&quot;:0,&quot;11&quot;:4,&quot;12&quot;:0}\">Odr\u017eava <strong>elasti\u010dnost<\/strong> <strong>obrva<\/strong> i daje im zdrav i sjajan izgled.<\/span><\/li>\n<\/ul>\n<h2 style=\"text-align: center; clear: both;\"><\/h2>\n<p>&nbsp;<\/p>\n<p><img loading=\"lazy\" decoding=\"async\" class=\" wp-image-82426 alignleft\" src=\"https:\/\/activeluxe-cosmetics.com\/ba\/wp-content\/uploads\/2024\/01\/brow-serum-iva-460x575.png\" alt=\"\" width=\"408\" height=\"510\" srcset=\"https:\/\/activeluxe-cosmetics.com\/ba\/wp-content\/uploads\/2024\/01\/brow-serum-iva-460x575.png 460w, https:\/\/activeluxe-cosmetics.com\/ba\/wp-content\/uploads\/2024\/01\/brow-serum-iva-819x1024.png 819w, https:\/\/activeluxe-cosmetics.com\/ba\/wp-content\/uploads\/2024\/01\/brow-serum-iva-768x960.png 768w, https:\/\/activeluxe-cosmetics.com\/ba\/wp-content\/uploads\/2024\/01\/brow-serum-iva-600x750.png 600w, https:\/\/activeluxe-cosmetics.com\/ba\/wp-content\/uploads\/2024\/01\/brow-serum-iva.png 1080w\" sizes=\"auto, (max-width: 408px) 100vw, 408px\" \/><\/p>\n<h2><span data-sheets-root=\"1\" data-sheets-value=\"{&quot;1&quot;:2,&quot;2&quot;:&quot;Za\u0161to je Active Luxe Lash serum za rast obrva tako efikasan?&quot;}\" data-sheets-userformat=\"{&quot;2&quot;:897,&quot;3&quot;:{&quot;1&quot;:0},&quot;10&quot;:0,&quot;11&quot;:4,&quot;12&quot;:0}\">Za\u0161to je Active Luxe Lash <strong>serum za rast obrva tako efikasan<\/strong>?<\/span><\/h2>\n<p>U na\u0161oj laboratoriji stru\u010dnjaci iz oblasti hemije i farmacije dobili su jedinstvenu formulu sa aktivnim sastojkom koji intenzivno djeluje direktno na korijen folikula obrve.<br \/>\nVe\u0107 u roku od nekoliko sedmica od po\u010detka upotrebe, serum <strong>stimuli\u0161e vidljiv rast obrva na mjestima gdje ih nema.<\/strong><br \/>\nActive Brow Serum za rast obrva je <strong>siguran<\/strong> i prikladan za <strong>svakodnevnu upotrebu<\/strong>.<\/p>\n<p>Klini\u010dki je testiran, \u0161to je potvrdilo njegovu <strong>100% efikasnos<\/strong>t.<\/p>\n<p>U klini\u010dkim ispitivanjima upotreba aktivnog seruma za obrve je <strong>utjecala<\/strong> na <strong>pobolj\u0161anje<\/strong> <strong>izgleda<\/strong> gusto\u0107e obrva, \u010dine\u0107i obrve punijim, gu\u0161\u0107ima i tamnijim.<\/p>\n<p>Active Brow serum sa svojom inovativnom formulom ne samo da zgu\u0161njava va\u0161e obrve, ve\u0107 i spre\u010dava njihovo ispadanje i lomljenje.<\/p>\n<p>Active Brow serum za rast obrva je<strong> siguran \u010dak i za one sa osjetljivom ko\u017eom<\/strong>.<\/p>\n<p>&nbsp;<\/p>\n<p>&nbsp;<\/p>\n<p>&nbsp;<\/p>\n<p>&nbsp;<\/p>\n<p>&nbsp;<\/p>\n<p><img loading=\"lazy\" decoding=\"async\" class=\" wp-image-81939 alignright\" src=\"https:\/\/activeluxe-cosmetics.com\/ba\/wp-content\/uploads\/2024\/01\/Izdelek-brez-naslova-2024-04-05T113004.275-1-460x575-2.png\" alt=\"\" width=\"404\" height=\"505\" \/><\/p>\n<h2><span data-sheets-root=\"1\" data-sheets-value=\"{&quot;1&quot;:2,&quot;2&quot;:&quot;Ne brini ako si nespretno po\u010dupala obrve&quot;}\" data-sheets-userformat=\"{&quot;2&quot;:23425,&quot;3&quot;:{&quot;1&quot;:0},&quot;10&quot;:0,&quot;11&quot;:4,&quot;12&quot;:0,&quot;14&quot;:{&quot;1&quot;:2,&quot;2&quot;:16739585},&quot;15&quot;:&quot;Arial&quot;,&quot;17&quot;:1}\">Ako ste <strong>nespretno<\/strong> <strong>\u010dupali<\/strong> <strong>obrve <\/strong>&#8211; postoji re\u0161enje!<br \/>\n<\/span><\/h2>\n<div>Ovo je kraj <strong>dugotrajnog<\/strong> <strong>iscrtavanja<\/strong> obrva kod ku\u0107e ili skupog iscrtavanja u kozmeti\u010dkim salonima!<\/div>\n<div><\/div>\n<div>Ako ste previ\u0161e \u010dupali obrve i jednostavno vi\u0161e ne rastu, aktivni sastojci Active Luxe Brow seruma \u0107e potaknuti njihov rast i stati na kraj asimetri\u010dnim, rijetkim i tankim obrvama.<\/div>\n<div><\/div>\n<div><strong>Aktivni sastojc<\/strong>i Active Brow seruma<strong> njeguju<\/strong> va\u0161e obrve, <strong>ja\u010daju<\/strong> ih, <strong>stimuli\u0161u rast<\/strong> \u010dak i na mjestima na kojima ste ih \u010dupali te tako poma\u017eu u ispravljanju nepravilnosti ranije asimetri\u010dnog oblikovanja obrva.<\/div>\n<ul>\n<li>Koncentrirana formula za koju je <strong>klini\u010dki<\/strong> <strong>dokazano<\/strong> da stimuli\u0161e rast obrva<\/li>\n<li>Obrve<strong> po\u010dinju rasti na mjestima gdje ranije nisu<\/strong> rasle zbog pretjeranog \u010dupanja<\/li>\n<li><strong>Stimuli\u0161e rast<\/strong> obrva, <strong>ja\u010da<\/strong>, <strong>zgu\u0161njava<\/strong> i hrani za samo 4\u00a0 sedmice<\/li>\n<li>Pospje\u0161uje rast obrva &#8211;<strong> obnavlja<\/strong> ih, <strong>zgu\u0161njava<\/strong> i <strong>njeguje<\/strong><\/li>\n<li>\n<div>Dovoljna je samo<strong> jedna aplikacija<\/strong> prije spavanja.<\/div>\n<\/li>\n<\/ul>\n<p>&nbsp;<\/p>\n<div style=\"display: flex; align-items: center; gap: 20px; flex-wrap: wrap;\">\n<p style=\"max-width: 360px;\">\n<\/div>\n","protected":false},"excerpt":{"rendered":"<p class=\"p1\">Za prirodnije i gu\u0161\u0107e obrve za samo nekoliko sedmica. Klini\u010dki testiran.<\/p>\n","protected":false},"featured_media":82006,"comment_status":"open","ping_status":"closed","template":"","meta":[],"product_brand":[],"product_cat":[52,95],"product_tag":[],"class_list":{"0":"post-72188","1":"product","2":"type-product","3":"status-publish","4":"has-post-thumbnail","6":"product_cat-obrve","7":"product_cat-serumi-obrve","9":"first","10":"instock","11":"taxable","12":"shipping-taxable","13":"purchasable","14":"product-type-simple"},"bundled_by":[],"bundle_stock_status":"instock","bundle_stock_quantity":null,"bundle_virtual":false,"bundle_layout":"","bundle_add_to_cart_form_location":"","bundle_editable_in_cart":false,"bundle_sold_individually_context":"","bundle_item_grouping":"","bundle_min_size":"","bundle_max_size":"","bundled_items":[],"acf":[],"yoast_head":"<!-- This site is optimized with the Yoast SEO plugin v26.5 - https:\/\/yoast.com\/wordpress\/plugins\/seo\/ -->\n<title>Serum za rast obrva - Active Luxe Cosmetics<\/title>\n<meta name=\"description\" content=\"Serum za rast obrva Active Luxe. Vra\u0107a gusto\u0107u obrvama na prirodan na\u010din. Popravlja stanje nakon nespretno po\u010dupanih obrva. Rezultati u par tjedana.\" \/>\n<meta name=\"robots\" content=\"index, follow, max-snippet:-1, max-image-preview:large, max-video-preview:-1\" \/>\n<link rel=\"canonical\" href=\"https:\/\/activeluxe-cosmetics.com\/ba\/izdelek\/serum-za-prirodni-rast-obrva\/\" \/>\n<meta property=\"og:locale\" content=\"hr_HR\" \/>\n<meta property=\"og:type\" content=\"article\" \/>\n<meta property=\"og:title\" content=\"Serum za rast obrva - Active Luxe Cosmetics\" \/>\n<meta property=\"og:description\" content=\"Serum za rast obrva Active Luxe. Vra\u0107a gusto\u0107u obrvama na prirodan na\u010din. Popravlja stanje nakon nespretno po\u010dupanih obrva. Rezultati u par tjedana.\" \/>\n<meta property=\"og:url\" content=\"https:\/\/activeluxe-cosmetics.com\/ba\/izdelek\/serum-za-prirodni-rast-obrva\/\" \/>\n<meta property=\"og:site_name\" content=\"Active Luxe Cosmetics\" \/>\n<meta property=\"article:modified_time\" content=\"2026-04-03T20:42:47+00:00\" \/>\n<meta property=\"og:image\" content=\"https:\/\/activeluxe-cosmetics.com\/ba\/wp-content\/uploads\/2024\/01\/Brow_serum.jpg\" \/>\n\t<meta property=\"og:image:width\" content=\"783\" \/>\n\t<meta property=\"og:image:height\" content=\"995\" \/>\n\t<meta property=\"og:image:type\" content=\"image\/jpeg\" \/>\n<meta name=\"twitter:card\" content=\"summary_large_image\" \/>\n<meta name=\"twitter:label1\" content=\"Procijenjeno vrijeme \u010ditanja\" \/>\n\t<meta name=\"twitter:data1\" content=\"3 minute\" \/>\n<script type=\"application\/ld+json\" class=\"yoast-schema-graph\">{\"@context\":\"https:\/\/schema.org\",\"@graph\":[{\"@type\":\"WebPage\",\"@id\":\"https:\/\/activeluxe-cosmetics.com\/ba\/izdelek\/serum-za-prirodni-rast-obrva\/\",\"url\":\"https:\/\/activeluxe-cosmetics.com\/ba\/izdelek\/serum-za-prirodni-rast-obrva\/\",\"name\":\"Serum za rast obrva - Active Luxe Cosmetics\",\"isPartOf\":{\"@id\":\"https:\/\/activeluxe-cosmetics.com\/ba\/#website\"},\"primaryImageOfPage\":{\"@id\":\"https:\/\/activeluxe-cosmetics.com\/ba\/izdelek\/serum-za-prirodni-rast-obrva\/#primaryimage\"},\"image\":{\"@id\":\"https:\/\/activeluxe-cosmetics.com\/ba\/izdelek\/serum-za-prirodni-rast-obrva\/#primaryimage\"},\"thumbnailUrl\":\"https:\/\/activeluxe-cosmetics.com\/ba\/wp-content\/uploads\/2024\/01\/Brow_serum.jpg\",\"datePublished\":\"2024-01-10T14:17:54+00:00\",\"dateModified\":\"2026-04-03T20:42:47+00:00\",\"description\":\"Serum za rast obrva Active Luxe. Vra\u0107a gusto\u0107u obrvama na prirodan na\u010din. Popravlja stanje nakon nespretno po\u010dupanih obrva. Rezultati u par tjedana.\",\"breadcrumb\":{\"@id\":\"https:\/\/activeluxe-cosmetics.com\/ba\/izdelek\/serum-za-prirodni-rast-obrva\/#breadcrumb\"},\"inLanguage\":\"hr\",\"potentialAction\":[{\"@type\":\"ReadAction\",\"target\":[\"https:\/\/activeluxe-cosmetics.com\/ba\/izdelek\/serum-za-prirodni-rast-obrva\/\"]}]},{\"@type\":\"ImageObject\",\"inLanguage\":\"hr\",\"@id\":\"https:\/\/activeluxe-cosmetics.com\/ba\/izdelek\/serum-za-prirodni-rast-obrva\/#primaryimage\",\"url\":\"https:\/\/activeluxe-cosmetics.com\/ba\/wp-content\/uploads\/2024\/01\/Brow_serum.jpg\",\"contentUrl\":\"https:\/\/activeluxe-cosmetics.com\/ba\/wp-content\/uploads\/2024\/01\/Brow_serum.jpg\",\"width\":783,\"height\":995},{\"@type\":\"BreadcrumbList\",\"@id\":\"https:\/\/activeluxe-cosmetics.com\/ba\/izdelek\/serum-za-prirodni-rast-obrva\/#breadcrumb\",\"itemListElement\":[{\"@type\":\"ListItem\",\"position\":1,\"name\":\"Naslovnica\",\"item\":\"https:\/\/activeluxe-cosmetics.com\/ba\/\"},{\"@type\":\"ListItem\",\"position\":2,\"name\":\"Trgovina\",\"item\":\"https:\/\/activeluxe-cosmetics.com\/ba\/trgovina\/\"},{\"@type\":\"ListItem\",\"position\":3,\"name\":\"Serum za rast obrva\"}]},{\"@type\":\"WebSite\",\"@id\":\"https:\/\/activeluxe-cosmetics.com\/ba\/#website\",\"url\":\"https:\/\/activeluxe-cosmetics.com\/ba\/\",\"name\":\"Active Luxe Cosmetics\",\"description\":\"\",\"potentialAction\":[{\"@type\":\"SearchAction\",\"target\":{\"@type\":\"EntryPoint\",\"urlTemplate\":\"https:\/\/activeluxe-cosmetics.com\/ba\/?s={search_term_string}\"},\"query-input\":{\"@type\":\"PropertyValueSpecification\",\"valueRequired\":true,\"valueName\":\"search_term_string\"}}],\"inLanguage\":\"hr\"}]}<\/script>\n<!-- \/ Yoast SEO plugin. -->","yoast_head_json":{"title":"Serum za rast obrva - Active Luxe Cosmetics","description":"Serum za rast obrva Active Luxe. Vra\u0107a gusto\u0107u obrvama na prirodan na\u010din. Popravlja stanje nakon nespretno po\u010dupanih obrva. Rezultati u par tjedana.","robots":{"index":"index","follow":"follow","max-snippet":"max-snippet:-1","max-image-preview":"max-image-preview:large","max-video-preview":"max-video-preview:-1"},"canonical":"https:\/\/activeluxe-cosmetics.com\/ba\/izdelek\/serum-za-prirodni-rast-obrva\/","og_locale":"hr_HR","og_type":"article","og_title":"Serum za rast obrva - Active Luxe Cosmetics","og_description":"Serum za rast obrva Active Luxe. Vra\u0107a gusto\u0107u obrvama na prirodan na\u010din. Popravlja stanje nakon nespretno po\u010dupanih obrva. Rezultati u par tjedana.","og_url":"https:\/\/activeluxe-cosmetics.com\/ba\/izdelek\/serum-za-prirodni-rast-obrva\/","og_site_name":"Active Luxe Cosmetics","article_modified_time":"2026-04-03T20:42:47+00:00","og_image":[{"width":783,"height":995,"url":"https:\/\/activeluxe-cosmetics.com\/ba\/wp-content\/uploads\/2024\/01\/Brow_serum.jpg","type":"image\/jpeg"}],"twitter_card":"summary_large_image","twitter_misc":{"Procijenjeno vrijeme \u010ditanja":"3 minute"},"schema":{"@context":"https:\/\/schema.org","@graph":[{"@type":"WebPage","@id":"https:\/\/activeluxe-cosmetics.com\/ba\/izdelek\/serum-za-prirodni-rast-obrva\/","url":"https:\/\/activeluxe-cosmetics.com\/ba\/izdelek\/serum-za-prirodni-rast-obrva\/","name":"Serum za rast obrva - Active Luxe Cosmetics","isPartOf":{"@id":"https:\/\/activeluxe-cosmetics.com\/ba\/#website"},"primaryImageOfPage":{"@id":"https:\/\/activeluxe-cosmetics.com\/ba\/izdelek\/serum-za-prirodni-rast-obrva\/#primaryimage"},"image":{"@id":"https:\/\/activeluxe-cosmetics.com\/ba\/izdelek\/serum-za-prirodni-rast-obrva\/#primaryimage"},"thumbnailUrl":"https:\/\/activeluxe-cosmetics.com\/ba\/wp-content\/uploads\/2024\/01\/Brow_serum.jpg","datePublished":"2024-01-10T14:17:54+00:00","dateModified":"2026-04-03T20:42:47+00:00","description":"Serum za rast obrva Active Luxe. Vra\u0107a gusto\u0107u obrvama na prirodan na\u010din. Popravlja stanje nakon nespretno po\u010dupanih obrva. Rezultati u par tjedana.","breadcrumb":{"@id":"https:\/\/activeluxe-cosmetics.com\/ba\/izdelek\/serum-za-prirodni-rast-obrva\/#breadcrumb"},"inLanguage":"hr","potentialAction":[{"@type":"ReadAction","target":["https:\/\/activeluxe-cosmetics.com\/ba\/izdelek\/serum-za-prirodni-rast-obrva\/"]}]},{"@type":"ImageObject","inLanguage":"hr","@id":"https:\/\/activeluxe-cosmetics.com\/ba\/izdelek\/serum-za-prirodni-rast-obrva\/#primaryimage","url":"https:\/\/activeluxe-cosmetics.com\/ba\/wp-content\/uploads\/2024\/01\/Brow_serum.jpg","contentUrl":"https:\/\/activeluxe-cosmetics.com\/ba\/wp-content\/uploads\/2024\/01\/Brow_serum.jpg","width":783,"height":995},{"@type":"BreadcrumbList","@id":"https:\/\/activeluxe-cosmetics.com\/ba\/izdelek\/serum-za-prirodni-rast-obrva\/#breadcrumb","itemListElement":[{"@type":"ListItem","position":1,"name":"Naslovnica","item":"https:\/\/activeluxe-cosmetics.com\/ba\/"},{"@type":"ListItem","position":2,"name":"Trgovina","item":"https:\/\/activeluxe-cosmetics.com\/ba\/trgovina\/"},{"@type":"ListItem","position":3,"name":"Serum za rast obrva"}]},{"@type":"WebSite","@id":"https:\/\/activeluxe-cosmetics.com\/ba\/#website","url":"https:\/\/activeluxe-cosmetics.com\/ba\/","name":"Active Luxe Cosmetics","description":"","potentialAction":[{"@type":"SearchAction","target":{"@type":"EntryPoint","urlTemplate":"https:\/\/activeluxe-cosmetics.com\/ba\/?s={search_term_string}"},"query-input":{"@type":"PropertyValueSpecification","valueRequired":true,"valueName":"search_term_string"}}],"inLanguage":"hr"}]}},"_links":{"self":[{"href":"https:\/\/activeluxe-cosmetics.com\/ba\/wp-json\/wp\/v2\/product\/72188","targetHints":{"allow":["GET"]}}],"collection":[{"href":"https:\/\/activeluxe-cosmetics.com\/ba\/wp-json\/wp\/v2\/product"}],"about":[{"href":"https:\/\/activeluxe-cosmetics.com\/ba\/wp-json\/wp\/v2\/types\/product"}],"replies":[{"embeddable":true,"href":"https:\/\/activeluxe-cosmetics.com\/ba\/wp-json\/wp\/v2\/comments?post=72188"}],"wp:featuredmedia":[{"embeddable":true,"href":"https:\/\/activeluxe-cosmetics.com\/ba\/wp-json\/wp\/v2\/media\/82006"}],"wp:attachment":[{"href":"https:\/\/activeluxe-cosmetics.com\/ba\/wp-json\/wp\/v2\/media?parent=72188"}],"wp:term":[{"taxonomy":"product_brand","embeddable":true,"href":"https:\/\/activeluxe-cosmetics.com\/ba\/wp-json\/wp\/v2\/product_brand?post=72188"},{"taxonomy":"product_cat","embeddable":true,"href":"https:\/\/activeluxe-cosmetics.com\/ba\/wp-json\/wp\/v2\/product_cat?post=72188"},{"taxonomy":"product_tag","embeddable":true,"href":"https:\/\/activeluxe-cosmetics.com\/ba\/wp-json\/wp\/v2\/product_tag?post=72188"}],"curies":[{"name":"wp","href":"https:\/\/api.w.org\/{rel}","templated":true}]}}